{"id":21146,"date":"2025-05-20T12:39:39","date_gmt":"2025-05-20T10:39:39","guid":{"rendered":"https:\/\/luxurycandlesupplies.eu\/?post_type=product&#038;p=21146"},"modified":"2025-05-22T13:07:17","modified_gmt":"2025-05-22T11:07:17","slug":"spray-ambiental-ambar-250ml","status":"publish","type":"product","link":"https:\/\/luxurycandlesupplies.eu\/es\/product\/room-spray-amber-250ml\/","title":{"rendered":"Ambientador \u00c1mbar 250ml"},"content":{"rendered":"<h4>DESCRIPCI\u00d3N<\/h4>\n<p>&nbsp;<\/p>\n<p><strong style=\"font-size: 16px;\" data-start=\"74\" data-end=\"111\">Atomizador \u00c1mbar 250 ml PET<\/strong><\/p>\n<p>&nbsp;<\/p>\n<div class=\"product info detailed after-content\">\n<div class=\"product data items\">\n<div class=\"product-data-items-content\">\n<div id=\"attributedescription\" class=\"data item content\" role=\"tabpanel\" data-role=\"content\" aria-labelledby=\"tab-label-attributedescription\" aria-hidden=\"false\">\n<div class=\"product attribute description\">\n<p class=\"\" data-start=\"113\" data-end=\"358\">Esta botella pulverizadora de 500 ml es perfecta para crear sus propios sprays de ambiente y fragancias para el hogar. Fabricado en pl\u00e1stico PET de alta calidad, ofrece una alternativa ligera al vidrio, por lo que es ideal para uso personal y profesional.<\/p>\n<p class=\"\" data-start=\"360\" data-end=\"586\">Equipado con un pr\u00e1ctico tap\u00f3n pulverizador con cierre giratorio, puede abrir o cerrar f\u00e1cilmente la boquilla para un uso seguro y controlado.<\/p>\n<p class=\"\" data-start=\"360\" data-end=\"586\">El cabezal pulverizador proporciona una fina niebla y una difusi\u00f3n suave, garantizando una distribuci\u00f3n uniforme de la mezcla de fragancias.<\/p>\n<p class=\"\" data-start=\"956\" data-end=\"1035\">Perfecto para proyectos de bricolaje, producci\u00f3n de peque\u00f1as empresas o creaciones de marca blanca.<\/p>\n<p>&nbsp;<\/p>\n<div class=\"value\">\n<p>&nbsp;<\/p>\n<div>\n<h3>ESPECIFICACIONES<\/h3>\n<hr \/>\n<div><\/div>\n<p><strong data-start=\"726\" data-end=\"745\">Detalles del producto:<\/strong><br data-start=\"745\" data-end=\"748\" \/>- <strong data-start=\"750\" data-end=\"762\">Material<\/strong> PET (pl\u00e1stico)<br data-start=\"776\" data-end=\"779\" \/>- <strong data-start=\"781\" data-end=\"790\">Color<\/strong> \u00c1mbar<br data-start=\"796\" data-end=\"799\" \/>- <strong data-start=\"801\" data-end=\"811\">Volumen<\/strong> 250 ml<br data-start=\"817\" data-end=\"820\" \/>- <strong data-start=\"822\" data-end=\"836\">Dimensiones<\/strong> \u00d8 55mm x H 120mm<br data-start=\"853\" data-end=\"856\" \/>- <strong data-start=\"858\" data-end=\"872\">Cabezal pulverizador<\/strong> Mecanismo de giro y bloqueo<\/p>\n<p><strong>Personalizaci\u00f3n<\/strong>: Para envases de marca personalizados, p\u00f3ngase en contacto con mail@luxurycandlesupplies.com<\/p>\n<\/div>\n<p>&nbsp;<\/p>\n<\/div>\n<\/div>\n<\/div>\n<\/div>\n<\/div>\n<h2 class=\"\" data-start=\"264\" data-end=\"331\"><strong data-start=\"267\" data-end=\"331\">C\u00f3mo hacer un spray para habitaciones<\/strong><\/h2>\n<hr class=\"\" data-start=\"1208\" data-end=\"1211\" \/>\n<h3 class=\"\" data-start=\"1213\" data-end=\"1258\"><strong data-start=\"1220\" data-end=\"1258\">Spray ambiental a base de alcohol<\/strong><\/h3>\n<p class=\"\" data-start=\"1260\" data-end=\"1395\"><strong data-start=\"1260\" data-end=\"1314\">Ideal para una mayor difusi\u00f3n del aroma y un acabado claro.<\/strong><br data-start=\"1314\" data-end=\"1317\" \/>El polisorbato 20 ayuda a solubilizar la fragancia y garantiza la estabilidad a largo plazo.<\/p>\n<p class=\"\" data-start=\"1397\" data-end=\"1428\"><strong data-start=\"1397\" data-end=\"1428\">Ingredientes (100 ml en total):<\/strong><\/p>\n<ul data-start=\"1429\" data-end=\"1522\">\n<li class=\"\" data-start=\"1429\" data-end=\"1458\">\n<p class=\"\" data-start=\"1431\" data-end=\"1458\">Aceite con fragancia 20 ml (20%)<\/p>\n<\/li>\n<li class=\"\" data-start=\"1459\" data-end=\"1489\">\n<p class=\"\" data-start=\"1461\" data-end=\"1489\">20 ml Polisorbato 20 (20%)<\/p>\n<\/li>\n<li class=\"\" data-start=\"1490\" data-end=\"1522\">\n<p class=\"\" data-start=\"1492\" data-end=\"1522\">60 ml de alcohol de perfumer\u00eda (60%)<\/p>\n<\/li>\n<\/ul>\n<p class=\"\" data-start=\"1524\" data-end=\"1541\"><strong data-start=\"1524\" data-end=\"1541\">Instrucciones:<\/strong><\/p>\n<ol data-start=\"1542\" data-end=\"1753\">\n<li class=\"\" data-start=\"1542\" data-end=\"1599\">\n<p class=\"\" data-start=\"1545\" data-end=\"1599\">Mezclar el aceite de fragancia con el Polisorbato 20 hasta obtener una mezcla uniforme.<\/p>\n<\/li>\n<li class=\"\" data-start=\"1600\" data-end=\"1645\">\n<p class=\"\" data-start=\"1603\" data-end=\"1645\">A\u00f1adir el alcohol de perfumer\u00eda y mezclar bien.<\/p>\n<\/li>\n<li class=\"\" data-start=\"1646\" data-end=\"1699\">\n<p class=\"\" data-start=\"1649\" data-end=\"1699\">Deje reposar la mezcla 24 horas para obtener mejores resultados.<\/p>\n<\/li>\n<li class=\"\" data-start=\"1700\" data-end=\"1753\">\n<p class=\"\" data-start=\"1703\" data-end=\"1753\">Verter en un pulverizador.<\/p>\n<\/li>\n<\/ol>\n<hr class=\"\" data-start=\"1755\" data-end=\"1758\" \/>\n<h3 class=\"\" data-start=\"1760\" data-end=\"1776\">Consejo:<\/h3>\n<p>Pruebe siempre a peque\u00f1a escala.<\/p>\n<div class=\"product data items\">\n<div class=\"product-data-items-content\">\n<div id=\"attributedescription\" class=\"data item content\" role=\"tabpanel\" data-role=\"content\" aria-labelledby=\"tab-label-attributedescription\" aria-hidden=\"false\">\n<div class=\"product attribute description\">\n<div class=\"value\">\n<div>\n<p>&nbsp;<\/p>\n<\/div>\n<\/div>\n<\/div>\n<\/div>\n<\/div>\n<\/div>\n<\/div>","protected":false},"excerpt":{"rendered":"<h3>ESPECIFICACIONES<\/h3>\n<hr \/>\n<p>- <strong data-start=\"750\" data-end=\"762\">Material<\/strong> PET (pl\u00e1stico)<br data-start=\"776\" data-end=\"779\" \/>- <strong data-start=\"781\" data-end=\"790\">Color<\/strong> \u00c1mbar<br data-start=\"796\" data-end=\"799\" \/>- <strong data-start=\"801\" data-end=\"811\">Volumen<\/strong> 250 ml<br data-start=\"817\" data-end=\"820\" \/>- <strong data-start=\"822\" data-end=\"836\">Dimensiones<\/strong> \u00d8 55mm x H 120mm<br data-start=\"853\" data-end=\"856\" \/>- <strong data-start=\"858\" data-end=\"872\">Cabezal pulverizador<\/strong> Mecanismo de giro y bloqueo<\/p>\n<p><strong>Personalizaci\u00f3n<\/strong>: Para envases de marca personalizados, p\u00f3ngase en contacto con mail@luxurycandlesupplies.com<\/p>","protected":false},"featured_media":21149,"template":"","meta":{"_acf_changed":false,"site-sidebar-layout":"default","site-content-layout":"default","ast-site-content-layout":"default","site-content-style":"default","site-sidebar-style":"default","ast-global-header-display":"","ast-banner-title-visibility":"","ast-main-header-display":"","ast-hfb-above-header-display":"","ast-hfb-below-header-display":"","ast-hfb-mobile-header-display":"","site-post-title":"","ast-breadcrumbs-content":"","ast-featured-img":"","footer-sml-layout":"","ast-disable-related-posts":"","theme-transparent-header-meta":"default","adv-header-id-meta":"","stick-header-meta":"","header-above-stick-meta":"","header-main-stick-meta":"","header-below-stick-meta":"","astra-migrate-meta-layouts":"set","ast-page-background-enabled":"default","ast-page-background-meta":{"desktop":{"background-color":"","background-image":"","background-repeat":"repeat","background-position":"center center","background-size":"auto","background-attachment":"scroll","background-type":"","background-media":"","overlay-type":"","overlay-color":"","overlay-opacity":"","overlay-gradient":""},"tablet":{"background-color":"","background-image":"","background-repeat":"repeat","background-position":"center center","background-size":"auto","background-attachment":"scroll","background-type":"","background-media":"","overlay-type":"","overlay-color":"","overlay-opacity":"","overlay-gradient":""},"mobile":{"background-color":"","background-image":"","background-repeat":"repeat","background-position":"center center","background-size":"auto","background-attachment":"scroll","background-type":"","background-media":"","overlay-type":"","overlay-color":"","overlay-opacity":"","overlay-gradient":""}},"ast-content-background-meta":{"desktop":{"background-color":"var(--ast-global-color-5)","background-image":"","background-repeat":"repeat","background-position":"center center","background-size":"auto","background-attachment":"scroll","background-type":"","background-media":"","overlay-type":"","overlay-color":"","overlay-opacity":"","overlay-gradient":""},"tablet":{"background-color":"var(--ast-global-color-5)","background-image":"","background-repeat":"repeat","background-position":"center center","background-size":"auto","background-attachment":"scroll","background-type":"","background-media":"","overlay-type":"","overlay-color":"","overlay-opacity":"","overlay-gradient":""},"mobile":{"background-color":"var(--ast-global-color-5)","background-image":"","background-repeat":"repeat","background-position":"center center","background-size":"auto","background-attachment":"scroll","background-type":"","background-media":"","overlay-type":"","overlay-color":"","overlay-opacity":"","overlay-gradient":""}}},"product_brand":[],"product_cat":[1510,1653],"product_tag":[1655,124,1654],"class_list":{"0":"post-21146","1":"product","2":"type-product","3":"status-publish","4":"has-post-thumbnail","6":"product_cat-packaging","7":"product_cat-room-spray-bottles","8":"product_tag-250ml","9":"product_tag-amber","10":"product_tag-room-spray","11":"desktop-align-left","12":"tablet-align-left","13":"mobile-align-left","14":"ast-product-gallery-layout-horizontal-slider","15":"ast-product-tabs-layout-horizontal","17":"first","18":"instock","19":"taxable","20":"shipping-taxable","21":"purchasable","22":"product-type-simple"},"acf":[],"yoast_head":"<title>Room Spray Amber 250ml - Antwerp Luxury Candle Supplies<\/title>\n<meta name=\"robots\" content=\"index, follow, max-snippet:-1, max-image-preview:large, max-video-preview:-1\" \/>\n<link rel=\"canonical\" href=\"https:\/\/luxurycandlesupplies.eu\/es\/producto\/spray-ambiental-ambar-250ml\/\" \/>\n<meta property=\"og:locale\" content=\"es_ES\" \/>\n<meta property=\"og:type\" content=\"article\" \/>\n<meta property=\"og:title\" content=\"Room Spray Amber 250ml - Antwerp Luxury Candle Supplies\" \/>\n<meta property=\"og:description\" content=\"SPECIFICATIONS    \u2022 Material PET (Plastic)\u2022 Colour Amber\u2022 Volume 250ml\u2022 Dimensions \u00d8 55mm x H 120mm\u2022 Spray Head Twist to lock mechanism  Customisation: For customised branded packaging, please contact mail@luxurycandlesupplies.com\" \/>\n<meta property=\"og:url\" content=\"https:\/\/luxurycandlesupplies.eu\/es\/producto\/spray-ambiental-ambar-250ml\/\" \/>\n<meta property=\"og:site_name\" content=\"Antwerp Luxury Candle Supplies\" \/>\n<meta property=\"article:publisher\" content=\"https:\/\/www.facebook.com\/Antwerpluxurycandlesupplies\/\" \/>\n<meta property=\"article:modified_time\" content=\"2025-05-22T11:07:17+00:00\" \/>\n<meta property=\"og:image\" content=\"https:\/\/luxurycandlesupplies.eu\/app\/uploads\/2025\/05\/Diffuser-Bottles-Reeds-2.png\" \/>\n\t<meta property=\"og:image:width\" content=\"1080\" \/>\n\t<meta property=\"og:image:height\" content=\"1080\" \/>\n\t<meta property=\"og:image:type\" content=\"image\/png\" \/>\n<meta name=\"twitter:card\" content=\"summary_large_image\" \/>\n<meta name=\"twitter:label1\" content=\"Tiempo de lectura\" \/>\n\t<meta name=\"twitter:data1\" content=\"2 minutos\" \/>\n<script type=\"application\/ld+json\" class=\"yoast-schema-graph\">{\"@context\":\"https:\\\/\\\/schema.org\",\"@graph\":[{\"@type\":\"WebPage\",\"@id\":\"https:\\\/\\\/luxurycandlesupplies.eu\\\/product\\\/room-spray-amber-250ml\\\/\",\"url\":\"https:\\\/\\\/luxurycandlesupplies.eu\\\/product\\\/room-spray-amber-250ml\\\/\",\"name\":\"Room Spray Amber 250ml - Antwerp Luxury Candle Supplies\",\"isPartOf\":{\"@id\":\"https:\\\/\\\/luxurycandlesupplies.eu\\\/#website\"},\"primaryImageOfPage\":{\"@id\":\"https:\\\/\\\/luxurycandlesupplies.eu\\\/product\\\/room-spray-amber-250ml\\\/#primaryimage\"},\"image\":{\"@id\":\"https:\\\/\\\/luxurycandlesupplies.eu\\\/product\\\/room-spray-amber-250ml\\\/#primaryimage\"},\"thumbnailUrl\":\"https:\\\/\\\/luxurycandlesupplies.eu\\\/app\\\/uploads\\\/2025\\\/05\\\/Diffuser-Bottles-Reeds-2.png\",\"datePublished\":\"2025-05-20T10:39:39+00:00\",\"dateModified\":\"2025-05-22T11:07:17+00:00\",\"breadcrumb\":{\"@id\":\"https:\\\/\\\/luxurycandlesupplies.eu\\\/product\\\/room-spray-amber-250ml\\\/#breadcrumb\"},\"inLanguage\":\"es\",\"potentialAction\":[{\"@type\":\"ReadAction\",\"target\":[\"https:\\\/\\\/luxurycandlesupplies.eu\\\/product\\\/room-spray-amber-250ml\\\/\"]}]},{\"@type\":\"ImageObject\",\"inLanguage\":\"es\",\"@id\":\"https:\\\/\\\/luxurycandlesupplies.eu\\\/product\\\/room-spray-amber-250ml\\\/#primaryimage\",\"url\":\"https:\\\/\\\/luxurycandlesupplies.eu\\\/app\\\/uploads\\\/2025\\\/05\\\/Diffuser-Bottles-Reeds-2.png\",\"contentUrl\":\"https:\\\/\\\/luxurycandlesupplies.eu\\\/app\\\/uploads\\\/2025\\\/05\\\/Diffuser-Bottles-Reeds-2.png\",\"width\":1080,\"height\":1080},{\"@type\":\"BreadcrumbList\",\"@id\":\"https:\\\/\\\/luxurycandlesupplies.eu\\\/product\\\/room-spray-amber-250ml\\\/#breadcrumb\",\"itemListElement\":[{\"@type\":\"ListItem\",\"position\":1,\"name\":\"Home\",\"item\":\"https:\\\/\\\/luxurycandlesupplies.eu\\\/\"},{\"@type\":\"ListItem\",\"position\":2,\"name\":\"Shop\",\"item\":\"https:\\\/\\\/luxurycandlesupplies.eu\\\/shop\\\/\"},{\"@type\":\"ListItem\",\"position\":3,\"name\":\"Room Spray Amber 250ml\"}]},{\"@type\":\"WebSite\",\"@id\":\"https:\\\/\\\/luxurycandlesupplies.eu\\\/#website\",\"url\":\"https:\\\/\\\/luxurycandlesupplies.eu\\\/\",\"name\":\"Antwerp Luxury Candle Supplies\",\"description\":\"Distributor of all seasons soy wax\",\"publisher\":{\"@id\":\"https:\\\/\\\/luxurycandlesupplies.eu\\\/#organization\"},\"potentialAction\":[{\"@type\":\"SearchAction\",\"target\":{\"@type\":\"EntryPoint\",\"urlTemplate\":\"https:\\\/\\\/luxurycandlesupplies.eu\\\/?s={search_term_string}\"},\"query-input\":{\"@type\":\"PropertyValueSpecification\",\"valueRequired\":true,\"valueName\":\"search_term_string\"}}],\"inLanguage\":\"es\"},{\"@type\":\"Organization\",\"@id\":\"https:\\\/\\\/luxurycandlesupplies.eu\\\/#organization\",\"name\":\"Antwerp Luxury Candle Supplies\",\"url\":\"https:\\\/\\\/luxurycandlesupplies.eu\\\/\",\"logo\":{\"@type\":\"ImageObject\",\"inLanguage\":\"es\",\"@id\":\"https:\\\/\\\/luxurycandlesupplies.eu\\\/#\\\/schema\\\/logo\\\/image\\\/\",\"url\":\"https:\\\/\\\/luxurycandlesupplies.eu\\\/app\\\/uploads\\\/2022\\\/03\\\/antwerp-luxury-candle-supplies-1x.png\",\"contentUrl\":\"https:\\\/\\\/luxurycandlesupplies.eu\\\/app\\\/uploads\\\/2022\\\/03\\\/antwerp-luxury-candle-supplies-1x.png\",\"width\":330,\"height\":60,\"caption\":\"Antwerp Luxury Candle Supplies\"},\"image\":{\"@id\":\"https:\\\/\\\/luxurycandlesupplies.eu\\\/#\\\/schema\\\/logo\\\/image\\\/\"},\"sameAs\":[\"https:\\\/\\\/www.facebook.com\\\/Antwerpluxurycandlesupplies\\\/\",\"https:\\\/\\\/www.instagram.com\\\/antwerp_luxury_candle_supplies\\\/\",\"https:\\\/\\\/pin.it\\\/7joOXRW\"]}]}<\/script>","yoast_head_json":{"title":"Room Spray \u00c1mbar 250ml - Amberes Vela de Lujo Suministros","robots":{"index":"index","follow":"follow","max-snippet":"max-snippet:-1","max-image-preview":"max-image-preview:large","max-video-preview":"max-video-preview:-1"},"canonical":"https:\/\/luxurycandlesupplies.eu\/es\/producto\/spray-ambiental-ambar-250ml\/","og_locale":"es_ES","og_type":"article","og_title":"Room Spray Amber 250ml - Antwerp Luxury Candle Supplies","og_description":"SPECIFICATIONS    \u2022 Material PET (Plastic)\u2022 Colour Amber\u2022 Volume 250ml\u2022 Dimensions \u00d8 55mm x H 120mm\u2022 Spray Head Twist to lock mechanism  Customisation: For customised branded packaging, please contact mail@luxurycandlesupplies.com","og_url":"https:\/\/luxurycandlesupplies.eu\/es\/producto\/spray-ambiental-ambar-250ml\/","og_site_name":"Antwerp Luxury Candle Supplies","article_publisher":"https:\/\/www.facebook.com\/Antwerpluxurycandlesupplies\/","article_modified_time":"2025-05-22T11:07:17+00:00","og_image":[{"width":1080,"height":1080,"url":"https:\/\/luxurycandlesupplies.eu\/app\/uploads\/2025\/05\/Diffuser-Bottles-Reeds-2.png","type":"image\/png"}],"twitter_card":"summary_large_image","twitter_misc":{"Tiempo de lectura":"2 minutos"},"schema":{"@context":"https:\/\/schema.org","@graph":[{"@type":"WebPage","@id":"https:\/\/luxurycandlesupplies.eu\/product\/room-spray-amber-250ml\/","url":"https:\/\/luxurycandlesupplies.eu\/product\/room-spray-amber-250ml\/","name":"Room Spray \u00c1mbar 250ml - Amberes Vela de Lujo Suministros","isPartOf":{"@id":"https:\/\/luxurycandlesupplies.eu\/#website"},"primaryImageOfPage":{"@id":"https:\/\/luxurycandlesupplies.eu\/product\/room-spray-amber-250ml\/#primaryimage"},"image":{"@id":"https:\/\/luxurycandlesupplies.eu\/product\/room-spray-amber-250ml\/#primaryimage"},"thumbnailUrl":"https:\/\/luxurycandlesupplies.eu\/app\/uploads\/2025\/05\/Diffuser-Bottles-Reeds-2.png","datePublished":"2025-05-20T10:39:39+00:00","dateModified":"2025-05-22T11:07:17+00:00","breadcrumb":{"@id":"https:\/\/luxurycandlesupplies.eu\/product\/room-spray-amber-250ml\/#breadcrumb"},"inLanguage":"es","potentialAction":[{"@type":"ReadAction","target":["https:\/\/luxurycandlesupplies.eu\/product\/room-spray-amber-250ml\/"]}]},{"@type":"ImageObject","inLanguage":"es","@id":"https:\/\/luxurycandlesupplies.eu\/product\/room-spray-amber-250ml\/#primaryimage","url":"https:\/\/luxurycandlesupplies.eu\/app\/uploads\/2025\/05\/Diffuser-Bottles-Reeds-2.png","contentUrl":"https:\/\/luxurycandlesupplies.eu\/app\/uploads\/2025\/05\/Diffuser-Bottles-Reeds-2.png","width":1080,"height":1080},{"@type":"BreadcrumbList","@id":"https:\/\/luxurycandlesupplies.eu\/product\/room-spray-amber-250ml\/#breadcrumb","itemListElement":[{"@type":"ListItem","position":1,"name":"Home","item":"https:\/\/luxurycandlesupplies.eu\/"},{"@type":"ListItem","position":2,"name":"Shop","item":"https:\/\/luxurycandlesupplies.eu\/shop\/"},{"@type":"ListItem","position":3,"name":"Room Spray Amber 250ml"}]},{"@type":"WebSite","@id":"https:\/\/luxurycandlesupplies.eu\/#website","url":"https:\/\/luxurycandlesupplies.eu\/","name":"Suministros para velas de lujo de Amberes","description":"Distribuidor de cera de soja para todas las estaciones","publisher":{"@id":"https:\/\/luxurycandlesupplies.eu\/#organization"},"potentialAction":[{"@type":"SearchAction","target":{"@type":"EntryPoint","urlTemplate":"https:\/\/luxurycandlesupplies.eu\/?s={search_term_string}"},"query-input":{"@type":"PropertyValueSpecification","valueRequired":true,"valueName":"search_term_string"}}],"inLanguage":"es"},{"@type":"Organization","@id":"https:\/\/luxurycandlesupplies.eu\/#organization","name":"Suministros para velas de lujo de Amberes","url":"https:\/\/luxurycandlesupplies.eu\/","logo":{"@type":"ImageObject","inLanguage":"es","@id":"https:\/\/luxurycandlesupplies.eu\/#\/schema\/logo\/image\/","url":"https:\/\/luxurycandlesupplies.eu\/app\/uploads\/2022\/03\/antwerp-luxury-candle-supplies-1x.png","contentUrl":"https:\/\/luxurycandlesupplies.eu\/app\/uploads\/2022\/03\/antwerp-luxury-candle-supplies-1x.png","width":330,"height":60,"caption":"Antwerp Luxury Candle Supplies"},"image":{"@id":"https:\/\/luxurycandlesupplies.eu\/#\/schema\/logo\/image\/"},"sameAs":["https:\/\/www.facebook.com\/Antwerpluxurycandlesupplies\/","https:\/\/www.instagram.com\/antwerp_luxury_candle_supplies\/","https:\/\/pin.it\/7joOXRW"]}]}},"_links":{"self":[{"href":"https:\/\/luxurycandlesupplies.eu\/es\/wp-json\/wp\/v2\/product\/21146","targetHints":{"allow":["GET"]}}],"collection":[{"href":"https:\/\/luxurycandlesupplies.eu\/es\/wp-json\/wp\/v2\/product"}],"about":[{"href":"https:\/\/luxurycandlesupplies.eu\/es\/wp-json\/wp\/v2\/types\/product"}],"wp:featuredmedia":[{"embeddable":true,"href":"https:\/\/luxurycandlesupplies.eu\/es\/wp-json\/wp\/v2\/media\/21149"}],"wp:attachment":[{"href":"https:\/\/luxurycandlesupplies.eu\/es\/wp-json\/wp\/v2\/media?parent=21146"}],"wp:term":[{"taxonomy":"product_brand","embeddable":true,"href":"https:\/\/luxurycandlesupplies.eu\/es\/wp-json\/wp\/v2\/product_brand?post=21146"},{"taxonomy":"product_cat","embeddable":true,"href":"https:\/\/luxurycandlesupplies.eu\/es\/wp-json\/wp\/v2\/product_cat?post=21146"},{"taxonomy":"product_tag","embeddable":true,"href":"https:\/\/luxurycandlesupplies.eu\/es\/wp-json\/wp\/v2\/product_tag?post=21146"}],"curies":[{"name":"wp","href":"https:\/\/api.w.org\/{rel}","templated":true}]}}