{"id":21605,"date":"2025-06-24T11:50:52","date_gmt":"2025-06-24T09:50:52","guid":{"rendered":"https:\/\/luxurycandlesupplies.eu\/?post_type=product&#038;p=21605"},"modified":"2026-04-21T15:33:16","modified_gmt":"2026-04-21T13:33:16","slug":"agua-desmineralizada","status":"publish","type":"product","link":"https:\/\/luxurycandlesupplies.eu\/es\/product\/demineralised-water\/","title":{"rendered":"Agua desmineralizada"},"content":{"rendered":"<h3>DESCRIPCI\u00d3N<\/h3>\n<div>\n<p>&nbsp;<\/p>\n<h2>Agua desmineralizada<\/h2>\n<h6><em>La base pura para sus sprays de ambiente<\/em><\/h6>\n<p>&nbsp;<\/p>\n<\/div>\n<p data-start=\"178\" data-end=\"386\">\u00bfQuiere crear sprays de alta calidad? Empiece con la base adecuada.<br data-start=\"248\" data-end=\"251\" \/>Nuestra <strong data-start=\"255\" data-end=\"278\">agua desmineralizada<\/strong> est\u00e1 completamente libre de minerales e impurezas, lo que la convierte en la opci\u00f3n ideal para una f\u00f3rmula limpia y estable.<\/p>\n<p data-start=\"388\" data-end=\"540\">Por qu\u00e9 es importante:<br data-start=\"403\" data-end=\"406\" \/>\u2714\ufe0f Evita el enturbiamiento y los sedimentos<br data-start=\"441\" data-end=\"444\" \/>\u2714\ufe0f Protege las boquillas de pulverizaci\u00f3n contra la obstrucci\u00f3n<br data-start=\"488\" data-end=\"491\" \/>\u2714\ufe0f Mantiene los aceites de fragancia perfectamente equilibrados<\/p>\n<p data-start=\"542\" data-end=\"724\">A diferencia del agua del grifo o incluso del agua destilada, el agua desmineralizada no interfiere en el aroma ni en la duraci\u00f3n de sus sprays. Es el est\u00e1ndar profesional para los productos de perfumer\u00eda dom\u00e9stica.<\/p>\n<p data-start=\"726\" data-end=\"780\"><strong data-start=\"726\" data-end=\"780\">Imprescindible para todo fabricante de velas y sprays ambientales.<\/strong><\/p>\n<div>\n<p>&nbsp;<\/p>\n<\/div>\n<h2>RECURSOS ADICIONALES<\/h2>\n<p>&nbsp;<\/p>\n<p><a href=\"https:\/\/luxurycandlesupplies.eu\/app\/uploads\/2025\/06\/SDS-Demineralized-Water.pdf\">SDS Agua desmineralizada<\/a><\/p>\n<p>&nbsp;<\/p>\n<p>&nbsp;<\/p>\n<h2 class=\"\" data-start=\"264\" data-end=\"331\"><strong data-start=\"267\" data-end=\"331\">C\u00f3mo hacer un spray para habitaciones<\/strong><\/h2>\n<hr class=\"\" data-start=\"1208\" data-end=\"1211\" \/>\n<h3 class=\"\" data-start=\"1213\" data-end=\"1258\"><strong data-start=\"1220\" data-end=\"1258\">Spray ambiental a base de alcohol<\/strong><\/h3>\n<p class=\"\" data-start=\"1260\" data-end=\"1395\"><strong data-start=\"1260\" data-end=\"1314\">Ideal para una mayor difusi\u00f3n del aroma y un acabado claro.<\/strong><br data-start=\"1314\" data-end=\"1317\" \/>El polisorbato 20 ayuda a solubilizar la fragancia y garantiza la estabilidad a largo plazo.<\/p>\n<p class=\"\" data-start=\"1397\" data-end=\"1428\"><strong data-start=\"1397\" data-end=\"1428\">Ingredientes (100 ml en total):<\/strong><\/p>\n<p>50 ml de agua desmineralizada (50%)<br data-start=\"167\" data-end=\"170\" \/>20 ml de alcohol de perfumer\u00eda (20%)<br data-start=\"200\" data-end=\"203\" \/>Aceite con fragancia 20 ml (20%)<br data-start=\"228\" data-end=\"231\" \/>10 ml Polisorbato 20 (10%)<\/p>\n<p data-start=\"83\" data-end=\"100\"><strong data-start=\"83\" data-end=\"100\">Instrucciones:<\/strong><\/p>\n<ol data-start=\"102\" data-end=\"494\" data-is-last-node=\"\" data-is-only-node=\"\">\n<li data-start=\"102\" data-end=\"205\">\n<p data-start=\"105\" data-end=\"205\">Mezclar el F<strong data-start=\"115\" data-end=\"152\">aceite de fragancia con polisorbato 20<\/strong> hasta que la mezcla sea uniforme y est\u00e9 totalmente emulsionada.<\/p>\n<\/li>\n<li data-start=\"206\" data-end=\"261\">\n<p data-start=\"209\" data-end=\"261\">A\u00f1ada el <strong data-start=\"217\" data-end=\"239\">Alcohol de perfumer\u00eda<\/strong> y mezclar bien.<\/p>\n<\/li>\n<li data-start=\"262\" data-end=\"339\">\n<p data-start=\"265\" data-end=\"339\">A\u00f1ada lentamente el <strong data-start=\"280\" data-end=\"303\">Agua desmineralizada<\/strong> removiendo suavemente para mezclar.<\/p>\n<\/li>\n<li data-start=\"340\" data-end=\"424\">\n<p data-start=\"343\" data-end=\"424\">Deje reposar la mezcla durante <strong data-start=\"368\" data-end=\"386\">De 24 a 48 horas<\/strong> para comprobar la claridad y la estabilidad.<\/p>\n<\/li>\n<li data-start=\"425\" data-end=\"494\" data-is-last-node=\"\">\n<p data-start=\"428\" data-end=\"494\" data-is-last-node=\"\">Una vez estable, vi\u00e9rtalo en una botella pulverizadora limpia y etiqu\u00e9tela como corresponda.<\/p>\n<\/li>\n<\/ol>\n<hr class=\"\" data-start=\"1755\" data-end=\"1758\" \/>\n<h3 class=\"\" data-start=\"1760\" data-end=\"1776\">Consejo:<\/h3>\n<p>Pruebe siempre a peque\u00f1a escala.<\/p>\n<p>&nbsp;<\/p>","protected":false},"excerpt":{"rendered":"<h3>DESCRIPCI\u00d3N<\/h3>\n<p>&nbsp;<\/p>\n<div>\n<h5>Agua desmineralizada<\/h5>\n<h6><em>La base pura para sus sprays de ambiente<\/em><\/h6>\n<p>&nbsp;<\/p>\n<\/div>\n<p data-start=\"178\" data-end=\"386\">\u00bfQuiere crear sprays de alta calidad? Empiece con la base adecuada.<br data-start=\"248\" data-end=\"251\" \/>Nuestra <strong data-start=\"255\" data-end=\"278\">agua desmineralizada<\/strong> est\u00e1 completamente libre de minerales e impurezas, lo que la convierte en la opci\u00f3n ideal para una f\u00f3rmula limpia y estable.<\/p>\n<p data-start=\"388\" data-end=\"540\">Por qu\u00e9 es importante:<br data-start=\"403\" data-end=\"406\" \/>\u2714\ufe0f Evita el enturbiamiento y los sedimentos<br data-start=\"441\" data-end=\"444\" \/>\u2714\ufe0f Protege las boquillas de pulverizaci\u00f3n contra la obstrucci\u00f3n<br data-start=\"488\" data-end=\"491\" \/>\u2714\ufe0f Mantiene los aceites de fragancia perfectamente equilibrados<\/p>\n<p data-start=\"542\" data-end=\"724\">A diferencia del agua del grifo o incluso del agua destilada, el agua desmineralizada no interfiere en el aroma ni en la duraci\u00f3n de sus sprays. Es el est\u00e1ndar profesional para los productos de perfumer\u00eda dom\u00e9stica.<\/p>\n<p data-start=\"726\" data-end=\"780\"><strong data-start=\"726\" data-end=\"780\">Imprescindible para todo fabricante de velas y sprays ambientales.<\/strong><\/p>\n<div>\n<p>&nbsp;<\/p>\n<\/div>","protected":false},"featured_media":21611,"template":"","meta":{"_acf_changed":false,"site-sidebar-layout":"default","site-content-layout":"default","ast-site-content-layout":"default","site-content-style":"default","site-sidebar-style":"default","ast-global-header-display":"","ast-banner-title-visibility":"","ast-main-header-display":"","ast-hfb-above-header-display":"","ast-hfb-below-header-display":"","ast-hfb-mobile-header-display":"","site-post-title":"","ast-breadcrumbs-content":"","ast-featured-img":"","footer-sml-layout":"","ast-disable-related-posts":"","theme-transparent-header-meta":"default","adv-header-id-meta":"","stick-header-meta":"","header-above-stick-meta":"","header-main-stick-meta":"","header-below-stick-meta":"","astra-migrate-meta-layouts":"set","ast-page-background-enabled":"default","ast-page-background-meta":{"desktop":{"background-color":"","background-image":"","background-repeat":"repeat","background-position":"center center","background-size":"auto","background-attachment":"scroll","background-type":"","background-media":"","overlay-type":"","overlay-color":"","overlay-opacity":"","overlay-gradient":""},"tablet":{"background-color":"","background-image":"","background-repeat":"repeat","background-position":"center center","background-size":"auto","background-attachment":"scroll","background-type":"","background-media":"","overlay-type":"","overlay-color":"","overlay-opacity":"","overlay-gradient":""},"mobile":{"background-color":"","background-image":"","background-repeat":"repeat","background-position":"center center","background-size":"auto","background-attachment":"scroll","background-type":"","background-media":"","overlay-type":"","overlay-color":"","overlay-opacity":"","overlay-gradient":""}},"ast-content-background-meta":{"desktop":{"background-color":"var(--ast-global-color-5)","background-image":"","background-repeat":"repeat","background-position":"center center","background-size":"auto","background-attachment":"scroll","background-type":"","background-media":"","overlay-type":"","overlay-color":"","overlay-opacity":"","overlay-gradient":""},"tablet":{"background-color":"var(--ast-global-color-5)","background-image":"","background-repeat":"repeat","background-position":"center center","background-size":"auto","background-attachment":"scroll","background-type":"","background-media":"","overlay-type":"","overlay-color":"","overlay-opacity":"","overlay-gradient":""},"mobile":{"background-color":"var(--ast-global-color-5)","background-image":"","background-repeat":"repeat","background-position":"center center","background-size":"auto","background-attachment":"scroll","background-type":"","background-media":"","overlay-type":"","overlay-color":"","overlay-opacity":"","overlay-gradient":""}}},"product_brand":[],"product_cat":[1329,1644,1716,1652,1647],"product_tag":[1654],"class_list":{"0":"post-21605","1":"product","2":"type-product","3":"status-publish","4":"has-post-thumbnail","6":"product_cat-diffusers","7":"product_cat-fragrance-bases","8":"product_cat-laundry-scent-booster","9":"product_cat-room-spray-bases","10":"product_cat-room-sprays","11":"product_tag-room-spray","12":"desktop-align-left","13":"tablet-align-left","14":"mobile-align-left","15":"ast-product-gallery-layout-horizontal-slider","16":"ast-product-single-variable","17":"ast-product-tabs-layout-horizontal","19":"first","20":"instock","21":"taxable","22":"shipping-taxable","23":"purchasable","24":"product-type-variable"},"acf":[],"yoast_head":"<title>Demineralised Water - Antwerp Luxury Candle Supplies<\/title>\n<meta name=\"robots\" content=\"index, follow, max-snippet:-1, max-image-preview:large, max-video-preview:-1\" \/>\n<link rel=\"canonical\" href=\"https:\/\/luxurycandlesupplies.eu\/es\/producto\/agua-desmineralizada\/\" \/>\n<meta property=\"og:locale\" content=\"es_ES\" \/>\n<meta property=\"og:type\" content=\"article\" \/>\n<meta property=\"og:title\" content=\"Demineralised Water - Antwerp Luxury Candle Supplies\" \/>\n<meta property=\"og:description\" content=\"DESCRIPTION &nbsp;  Demineralised Water The Pure Base for Your Room Sprays &nbsp;   Looking to create high-quality room sprays? Start with the right base.Our demineralised water is completely free from minerals and impurities, making it the ideal choice for a clean and stable formula. Why it matters:\u2714\ufe0f Prevents cloudiness and sediment\u2714\ufe0f Protects your spray nozzles from clogging\u2714\ufe0f Keeps your fragrance oils perfectly balanced Unlike tap water or even distilled water, demineralised water won\u2019t interfere with the scent or shelf life of your sprays. It\u2019s the professional standard for home fragrance products. A must-have for every candle and room spray maker.    &nbsp;\" \/>\n<meta property=\"og:url\" content=\"https:\/\/luxurycandlesupplies.eu\/es\/producto\/agua-desmineralizada\/\" \/>\n<meta property=\"og:site_name\" content=\"Antwerp Luxury Candle Supplies\" \/>\n<meta property=\"article:publisher\" content=\"https:\/\/www.facebook.com\/Antwerpluxurycandlesupplies\/\" \/>\n<meta property=\"article:modified_time\" content=\"2026-04-21T13:33:16+00:00\" \/>\n<meta property=\"og:image\" content=\"https:\/\/luxurycandlesupplies.eu\/app\/uploads\/2025\/06\/Ontwerp-zonder-titel-9.jpg\" \/>\n\t<meta property=\"og:image:width\" content=\"1080\" \/>\n\t<meta property=\"og:image:height\" content=\"1350\" \/>\n\t<meta property=\"og:image:type\" content=\"image\/jpeg\" \/>\n<meta name=\"twitter:card\" content=\"summary_large_image\" \/>\n<meta name=\"twitter:label1\" content=\"Tiempo de lectura\" \/>\n\t<meta name=\"twitter:data1\" content=\"2 minutos\" \/>\n<script type=\"application\/ld+json\" class=\"yoast-schema-graph\">{\"@context\":\"https:\\\/\\\/schema.org\",\"@graph\":[{\"@type\":\"WebPage\",\"@id\":\"https:\\\/\\\/luxurycandlesupplies.eu\\\/product\\\/demineralised-water\\\/\",\"url\":\"https:\\\/\\\/luxurycandlesupplies.eu\\\/product\\\/demineralised-water\\\/\",\"name\":\"Demineralised Water - Antwerp Luxury Candle Supplies\",\"isPartOf\":{\"@id\":\"https:\\\/\\\/luxurycandlesupplies.eu\\\/#website\"},\"primaryImageOfPage\":{\"@id\":\"https:\\\/\\\/luxurycandlesupplies.eu\\\/product\\\/demineralised-water\\\/#primaryimage\"},\"image\":{\"@id\":\"https:\\\/\\\/luxurycandlesupplies.eu\\\/product\\\/demineralised-water\\\/#primaryimage\"},\"thumbnailUrl\":\"https:\\\/\\\/luxurycandlesupplies.eu\\\/app\\\/uploads\\\/2025\\\/06\\\/Ontwerp-zonder-titel-9.jpg\",\"datePublished\":\"2025-06-24T09:50:52+00:00\",\"dateModified\":\"2026-04-21T13:33:16+00:00\",\"breadcrumb\":{\"@id\":\"https:\\\/\\\/luxurycandlesupplies.eu\\\/product\\\/demineralised-water\\\/#breadcrumb\"},\"inLanguage\":\"es\",\"potentialAction\":[{\"@type\":\"ReadAction\",\"target\":[\"https:\\\/\\\/luxurycandlesupplies.eu\\\/product\\\/demineralised-water\\\/\"]}]},{\"@type\":\"ImageObject\",\"inLanguage\":\"es\",\"@id\":\"https:\\\/\\\/luxurycandlesupplies.eu\\\/product\\\/demineralised-water\\\/#primaryimage\",\"url\":\"https:\\\/\\\/luxurycandlesupplies.eu\\\/app\\\/uploads\\\/2025\\\/06\\\/Ontwerp-zonder-titel-9.jpg\",\"contentUrl\":\"https:\\\/\\\/luxurycandlesupplies.eu\\\/app\\\/uploads\\\/2025\\\/06\\\/Ontwerp-zonder-titel-9.jpg\",\"width\":1080,\"height\":1350},{\"@type\":\"BreadcrumbList\",\"@id\":\"https:\\\/\\\/luxurycandlesupplies.eu\\\/product\\\/demineralised-water\\\/#breadcrumb\",\"itemListElement\":[{\"@type\":\"ListItem\",\"position\":1,\"name\":\"Home\",\"item\":\"https:\\\/\\\/luxurycandlesupplies.eu\\\/\"},{\"@type\":\"ListItem\",\"position\":2,\"name\":\"Shop\",\"item\":\"https:\\\/\\\/luxurycandlesupplies.eu\\\/shop\\\/\"},{\"@type\":\"ListItem\",\"position\":3,\"name\":\"Demineralised Water\"}]},{\"@type\":\"WebSite\",\"@id\":\"https:\\\/\\\/luxurycandlesupplies.eu\\\/#website\",\"url\":\"https:\\\/\\\/luxurycandlesupplies.eu\\\/\",\"name\":\"Antwerp Luxury Candle Supplies\",\"description\":\"Distributor of all seasons soy wax\",\"publisher\":{\"@id\":\"https:\\\/\\\/luxurycandlesupplies.eu\\\/#organization\"},\"potentialAction\":[{\"@type\":\"SearchAction\",\"target\":{\"@type\":\"EntryPoint\",\"urlTemplate\":\"https:\\\/\\\/luxurycandlesupplies.eu\\\/?s={search_term_string}\"},\"query-input\":{\"@type\":\"PropertyValueSpecification\",\"valueRequired\":true,\"valueName\":\"search_term_string\"}}],\"inLanguage\":\"es\"},{\"@type\":\"Organization\",\"@id\":\"https:\\\/\\\/luxurycandlesupplies.eu\\\/#organization\",\"name\":\"Antwerp Luxury Candle Supplies\",\"url\":\"https:\\\/\\\/luxurycandlesupplies.eu\\\/\",\"logo\":{\"@type\":\"ImageObject\",\"inLanguage\":\"es\",\"@id\":\"https:\\\/\\\/luxurycandlesupplies.eu\\\/#\\\/schema\\\/logo\\\/image\\\/\",\"url\":\"https:\\\/\\\/luxurycandlesupplies.eu\\\/app\\\/uploads\\\/2022\\\/03\\\/antwerp-luxury-candle-supplies-1x.png\",\"contentUrl\":\"https:\\\/\\\/luxurycandlesupplies.eu\\\/app\\\/uploads\\\/2022\\\/03\\\/antwerp-luxury-candle-supplies-1x.png\",\"width\":330,\"height\":60,\"caption\":\"Antwerp Luxury Candle Supplies\"},\"image\":{\"@id\":\"https:\\\/\\\/luxurycandlesupplies.eu\\\/#\\\/schema\\\/logo\\\/image\\\/\"},\"sameAs\":[\"https:\\\/\\\/www.facebook.com\\\/Antwerpluxurycandlesupplies\\\/\",\"https:\\\/\\\/www.instagram.com\\\/antwerp_luxury_candle_supplies\\\/\",\"https:\\\/\\\/pin.it\\\/7joOXRW\"]}]}<\/script>","yoast_head_json":{"title":"Agua desmineralizada - Antwerp Luxury Candle Supplies","robots":{"index":"index","follow":"follow","max-snippet":"max-snippet:-1","max-image-preview":"max-image-preview:large","max-video-preview":"max-video-preview:-1"},"canonical":"https:\/\/luxurycandlesupplies.eu\/es\/producto\/agua-desmineralizada\/","og_locale":"es_ES","og_type":"article","og_title":"Demineralised Water - Antwerp Luxury Candle Supplies","og_description":"DESCRIPTION &nbsp;  Demineralised Water The Pure Base for Your Room Sprays &nbsp;   Looking to create high-quality room sprays? Start with the right base.Our demineralised water is completely free from minerals and impurities, making it the ideal choice for a clean and stable formula. Why it matters:\u2714\ufe0f Prevents cloudiness and sediment\u2714\ufe0f Protects your spray nozzles from clogging\u2714\ufe0f Keeps your fragrance oils perfectly balanced Unlike tap water or even distilled water, demineralised water won\u2019t interfere with the scent or shelf life of your sprays. It\u2019s the professional standard for home fragrance products. A must-have for every candle and room spray maker.    &nbsp;","og_url":"https:\/\/luxurycandlesupplies.eu\/es\/producto\/agua-desmineralizada\/","og_site_name":"Antwerp Luxury Candle Supplies","article_publisher":"https:\/\/www.facebook.com\/Antwerpluxurycandlesupplies\/","article_modified_time":"2026-04-21T13:33:16+00:00","og_image":[{"width":1080,"height":1350,"url":"https:\/\/luxurycandlesupplies.eu\/app\/uploads\/2025\/06\/Ontwerp-zonder-titel-9.jpg","type":"image\/jpeg"}],"twitter_card":"summary_large_image","twitter_misc":{"Tiempo de lectura":"2 minutos"},"schema":{"@context":"https:\/\/schema.org","@graph":[{"@type":"WebPage","@id":"https:\/\/luxurycandlesupplies.eu\/product\/demineralised-water\/","url":"https:\/\/luxurycandlesupplies.eu\/product\/demineralised-water\/","name":"Agua desmineralizada - Antwerp Luxury Candle Supplies","isPartOf":{"@id":"https:\/\/luxurycandlesupplies.eu\/#website"},"primaryImageOfPage":{"@id":"https:\/\/luxurycandlesupplies.eu\/product\/demineralised-water\/#primaryimage"},"image":{"@id":"https:\/\/luxurycandlesupplies.eu\/product\/demineralised-water\/#primaryimage"},"thumbnailUrl":"https:\/\/luxurycandlesupplies.eu\/app\/uploads\/2025\/06\/Ontwerp-zonder-titel-9.jpg","datePublished":"2025-06-24T09:50:52+00:00","dateModified":"2026-04-21T13:33:16+00:00","breadcrumb":{"@id":"https:\/\/luxurycandlesupplies.eu\/product\/demineralised-water\/#breadcrumb"},"inLanguage":"es","potentialAction":[{"@type":"ReadAction","target":["https:\/\/luxurycandlesupplies.eu\/product\/demineralised-water\/"]}]},{"@type":"ImageObject","inLanguage":"es","@id":"https:\/\/luxurycandlesupplies.eu\/product\/demineralised-water\/#primaryimage","url":"https:\/\/luxurycandlesupplies.eu\/app\/uploads\/2025\/06\/Ontwerp-zonder-titel-9.jpg","contentUrl":"https:\/\/luxurycandlesupplies.eu\/app\/uploads\/2025\/06\/Ontwerp-zonder-titel-9.jpg","width":1080,"height":1350},{"@type":"BreadcrumbList","@id":"https:\/\/luxurycandlesupplies.eu\/product\/demineralised-water\/#breadcrumb","itemListElement":[{"@type":"ListItem","position":1,"name":"Home","item":"https:\/\/luxurycandlesupplies.eu\/"},{"@type":"ListItem","position":2,"name":"Shop","item":"https:\/\/luxurycandlesupplies.eu\/shop\/"},{"@type":"ListItem","position":3,"name":"Demineralised Water"}]},{"@type":"WebSite","@id":"https:\/\/luxurycandlesupplies.eu\/#website","url":"https:\/\/luxurycandlesupplies.eu\/","name":"Suministros para velas de lujo de Amberes","description":"Distribuidor de cera de soja para todas las estaciones","publisher":{"@id":"https:\/\/luxurycandlesupplies.eu\/#organization"},"potentialAction":[{"@type":"SearchAction","target":{"@type":"EntryPoint","urlTemplate":"https:\/\/luxurycandlesupplies.eu\/?s={search_term_string}"},"query-input":{"@type":"PropertyValueSpecification","valueRequired":true,"valueName":"search_term_string"}}],"inLanguage":"es"},{"@type":"Organization","@id":"https:\/\/luxurycandlesupplies.eu\/#organization","name":"Suministros para velas de lujo de Amberes","url":"https:\/\/luxurycandlesupplies.eu\/","logo":{"@type":"ImageObject","inLanguage":"es","@id":"https:\/\/luxurycandlesupplies.eu\/#\/schema\/logo\/image\/","url":"https:\/\/luxurycandlesupplies.eu\/app\/uploads\/2022\/03\/antwerp-luxury-candle-supplies-1x.png","contentUrl":"https:\/\/luxurycandlesupplies.eu\/app\/uploads\/2022\/03\/antwerp-luxury-candle-supplies-1x.png","width":330,"height":60,"caption":"Antwerp Luxury Candle Supplies"},"image":{"@id":"https:\/\/luxurycandlesupplies.eu\/#\/schema\/logo\/image\/"},"sameAs":["https:\/\/www.facebook.com\/Antwerpluxurycandlesupplies\/","https:\/\/www.instagram.com\/antwerp_luxury_candle_supplies\/","https:\/\/pin.it\/7joOXRW"]}]}},"_links":{"self":[{"href":"https:\/\/luxurycandlesupplies.eu\/es\/wp-json\/wp\/v2\/product\/21605","targetHints":{"allow":["GET"]}}],"collection":[{"href":"https:\/\/luxurycandlesupplies.eu\/es\/wp-json\/wp\/v2\/product"}],"about":[{"href":"https:\/\/luxurycandlesupplies.eu\/es\/wp-json\/wp\/v2\/types\/product"}],"wp:featuredmedia":[{"embeddable":true,"href":"https:\/\/luxurycandlesupplies.eu\/es\/wp-json\/wp\/v2\/media\/21611"}],"wp:attachment":[{"href":"https:\/\/luxurycandlesupplies.eu\/es\/wp-json\/wp\/v2\/media?parent=21605"}],"wp:term":[{"taxonomy":"product_brand","embeddable":true,"href":"https:\/\/luxurycandlesupplies.eu\/es\/wp-json\/wp\/v2\/product_brand?post=21605"},{"taxonomy":"product_cat","embeddable":true,"href":"https:\/\/luxurycandlesupplies.eu\/es\/wp-json\/wp\/v2\/product_cat?post=21605"},{"taxonomy":"product_tag","embeddable":true,"href":"https:\/\/luxurycandlesupplies.eu\/es\/wp-json\/wp\/v2\/product_tag?post=21605"}],"curies":[{"name":"wp","href":"https:\/\/api.w.org\/{rel}","templated":true}]}}