{"id":23176,"date":"2025-09-06T08:06:39","date_gmt":"2025-09-06T06:06:39","guid":{"rendered":"https:\/\/luxurycandlesupplies.eu\/?post_type=product&#038;p=23176"},"modified":"2026-05-15T10:13:29","modified_gmt":"2026-05-15T08:13:29","slug":"difusor-coche-ambar-8ml","status":"publish","type":"product","link":"https:\/\/luxurycandlesupplies.eu\/es\/product\/car-diffuser-amber-8ml\/","title":{"rendered":"Difusor Coche Ambar 8ml"},"content":{"rendered":"<h4>DESCRIPCI\u00d3N<\/h4>\n<p>&nbsp;<\/p>\n<div class=\"product info detailed after-content\">\n<div class=\"product data items\">\n<div class=\"product-data-items-content\">\n<div id=\"attributedescription\" class=\"data item content\" role=\"tabpanel\" data-role=\"content\" aria-labelledby=\"tab-label-attributedescription\" aria-hidden=\"false\">\n<div class=\"product attribute description\">\n<div class=\"value\">\n<p data-start=\"110\" data-end=\"296\"><strong data-start=\"110\" data-end=\"167\">Difusor para coche - Madera natural mate y cristal degradado \u00e1mbar<\/strong><br data-start=\"167\" data-end=\"170\" \/>Mejore su experiencia de conducci\u00f3n con nuestro elegante <strong data-start=\"219\" data-end=\"235\">Difusor para coche<\/strong>, dise\u00f1ado para engancharse f\u00e1cilmente a la rejilla de ventilaci\u00f3n de su coche.<\/p>\n<p data-start=\"298\" data-end=\"558\">Fabricado en <strong data-start=\"311\" data-end=\"331\">madera natural mate<\/strong> y <strong data-start=\"336\" data-end=\"376\">cristal en acabado \u00e1mbar ombr\u00e9<\/strong>Este difusor a\u00f1ade un toque de lujo al interior de su coche. Solo tienes que llenarlo con tu mezcla de fragancias favorita y disfrutar de una liberaci\u00f3n continua de aromas a medida que el aire fluye por las rejillas de ventilaci\u00f3n.<\/p>\n<p data-start=\"560\" data-end=\"701\">Para un frasco de 8 ml, recomendamos la siguiente mezcla:<br data-start=\"613\" data-end=\"616\" \/>\u2714\ufe0f <strong data-start=\"619\" data-end=\"641\">2 ml de aceite con fragancia<\/strong><br data-start=\"641\" data-end=\"644\" \/>\u2714\ufe0f <strong>6 ml <a href=\"https:\/\/luxurycandlesupplies.eu\/es\/producto\/augeo-base-difusora-natural\/\">Base Difusora Augeo\u00a0<\/a><\/strong><\/p>\n<p data-start=\"703\" data-end=\"791\">Esta f\u00f3rmula garantiza un lanzamiento de aroma estable y equilibrado, sin obstrucciones ni separaciones.<\/p>\n<p data-start=\"926\" data-end=\"1008\">Un accesorio elegante y funcional que hace que cada viaje parezca una nueva escapada.<\/p>\n<\/div>\n<\/div>\n<p data-start=\"926\" data-end=\"1008\"><strong>Se venden en paquetes de 10 unidades.<\/strong><\/p>\n<\/div>\n<\/div>\n<\/div>\n<\/div>","protected":false},"excerpt":{"rendered":"<h4>DESCRIPCI\u00d3N<\/h4>\n<p>&nbsp;<\/p>\n<div class=\"product info detailed after-content\">\n<div class=\"product data items\">\n<div class=\"product-data-items-content\">\n<div id=\"attributedescription\" class=\"data item content\" role=\"tabpanel\" data-role=\"content\" aria-labelledby=\"tab-label-attributedescription\" aria-hidden=\"false\">\n<div class=\"product attribute description\">\n<div class=\"value\">\n<p data-start=\"110\" data-end=\"296\"><strong data-start=\"110\" data-end=\"167\">Difusor para coche - Madera natural mate y cristal degradado \u00e1mbar<\/strong><br data-start=\"167\" data-end=\"170\" \/>Mejore su experiencia de conducci\u00f3n con nuestro elegante <strong data-start=\"219\" data-end=\"235\">Difusor para coche<\/strong>, dise\u00f1ado para engancharse f\u00e1cilmente a la rejilla de ventilaci\u00f3n de su coche.<\/p>\n<p data-start=\"298\" data-end=\"558\">Fabricado en <strong data-start=\"311\" data-end=\"331\">madera natural mate<\/strong> y <strong data-start=\"336\" data-end=\"376\">cristal en acabado \u00e1mbar ombr\u00e9<\/strong>Este difusor a\u00f1ade un toque de lujo al interior de su coche. Solo tienes que llenarlo con tu mezcla de fragancias favorita y disfrutar de una liberaci\u00f3n continua de aromas a medida que el aire fluye por las rejillas de ventilaci\u00f3n.<\/p>\n<p data-start=\"560\" data-end=\"701\">Para un frasco de 8 ml, recomendamos la siguiente mezcla:<br data-start=\"613\" data-end=\"616\" \/>\u2714\ufe0f <strong data-start=\"619\" data-end=\"641\">2 ml de aceite con fragancia<\/strong><br data-start=\"641\" data-end=\"644\" \/>\u2714\ufe0f <strong>6 ml <a href=\"https:\/\/luxurycandlesupplies.eu\/es\/producto\/augeo-base-difusora-natural\/\">Base Difusora Augeo<\/a><\/strong><\/p>\n<p data-start=\"703\" data-end=\"791\">Esta f\u00f3rmula garantiza un lanzamiento de aroma estable y equilibrado, sin obstrucciones ni separaciones.<\/p>\n<p data-start=\"926\" data-end=\"1008\">Un accesorio elegante y funcional que hace que cada viaje parezca una nueva escapada.<\/p>\n<\/div>\n<p data-start=\"926\" data-end=\"1008\"><strong>Se venden en paquetes de 10 unidades.<\/strong><\/p>\n<\/div>\n<p data-start=\"926\" data-end=\"1008\">\n<\/div>\n<\/div>\n<\/div>\n<\/div>","protected":false},"featured_media":28562,"template":"","meta":{"_acf_changed":false,"site-sidebar-layout":"default","site-content-layout":"default","ast-site-content-layout":"default","site-content-style":"default","site-sidebar-style":"default","ast-global-header-display":"","ast-banner-title-visibility":"","ast-main-header-display":"","ast-hfb-above-header-display":"","ast-hfb-below-header-display":"","ast-hfb-mobile-header-display":"","site-post-title":"","ast-breadcrumbs-content":"","ast-featured-img":"","footer-sml-layout":"","ast-disable-related-posts":"","theme-transparent-header-meta":"default","adv-header-id-meta":"","stick-header-meta":"","header-above-stick-meta":"","header-main-stick-meta":"","header-below-stick-meta":"","astra-migrate-meta-layouts":"set","ast-page-background-enabled":"default","ast-page-background-meta":{"desktop":{"background-color":"","background-image":"","background-repeat":"repeat","background-position":"center center","background-size":"auto","background-attachment":"scroll","background-type":"","background-media":"","overlay-type":"","overlay-color":"","overlay-opacity":"","overlay-gradient":""},"tablet":{"background-color":"","background-image":"","background-repeat":"repeat","background-position":"center center","background-size":"auto","background-attachment":"scroll","background-type":"","background-media":"","overlay-type":"","overlay-color":"","overlay-opacity":"","overlay-gradient":""},"mobile":{"background-color":"","background-image":"","background-repeat":"repeat","background-position":"center center","background-size":"auto","background-attachment":"scroll","background-type":"","background-media":"","overlay-type":"","overlay-color":"","overlay-opacity":"","overlay-gradient":""}},"ast-content-background-meta":{"desktop":{"background-color":"var(--ast-global-color-5)","background-image":"","background-repeat":"repeat","background-position":"center center","background-size":"auto","background-attachment":"scroll","background-type":"","background-media":"","overlay-type":"","overlay-color":"","overlay-opacity":"","overlay-gradient":""},"tablet":{"background-color":"var(--ast-global-color-5)","background-image":"","background-repeat":"repeat","background-position":"center center","background-size":"auto","background-attachment":"scroll","background-type":"","background-media":"","overlay-type":"","overlay-color":"","overlay-opacity":"","overlay-gradient":""},"mobile":{"background-color":"var(--ast-global-color-5)","background-image":"","background-repeat":"repeat","background-position":"center center","background-size":"auto","background-attachment":"scroll","background-type":"","background-media":"","overlay-type":"","overlay-color":"","overlay-opacity":"","overlay-gradient":""}}},"product_brand":[],"product_cat":[1685,1329],"product_tag":[1691],"class_list":{"0":"post-23176","1":"product","2":"type-product","3":"status-publish","4":"has-post-thumbnail","6":"product_cat-car-diffusers","7":"product_cat-diffusers","8":"product_tag-diffuser-car","9":"desktop-align-left","10":"tablet-align-left","11":"mobile-align-left","12":"ast-product-gallery-layout-horizontal-slider","13":"ast-product-gallery-with-no-image","14":"ast-product-tabs-layout-horizontal","16":"first","17":"instock","18":"taxable","19":"shipping-taxable","20":"purchasable","21":"product-type-simple"},"acf":[],"yoast_head":"<title>Car Diffuser Amber 8ml - Antwerp Luxury Candle Supplies<\/title>\n<meta name=\"robots\" content=\"index, follow, max-snippet:-1, max-image-preview:large, max-video-preview:-1\" \/>\n<link rel=\"canonical\" href=\"https:\/\/luxurycandlesupplies.eu\/es\/producto\/difusor-coche-ambar-8ml\/\" \/>\n<meta property=\"og:locale\" content=\"es_ES\" \/>\n<meta property=\"og:type\" content=\"article\" \/>\n<meta property=\"og:title\" content=\"Car Diffuser Amber 8ml - Antwerp Luxury Candle Supplies\" \/>\n<meta property=\"og:description\" content=\"DESCRIPTION &nbsp;       Car Diffuser \u2013 Matte Natural Wood &amp; Amber Gradient GlassUpgrade your driving experience with our elegant Car Diffuser, designed to clip easily onto your car&#039;s ventilation grille. Crafted from matte natural wood and glass in an amber ombr\u00e9 finish, this diffuser adds a touch of luxury to your car interior. Just fill it with your favorite fragrance blend and enjoy a continuous scent release as the air flows through your vents. For an 8 ml bottle, we recommend the following blend:\u2714\ufe0f 2 ml fragrance oil\u2714\ufe0f 6ml Augeo Diffuser Base This formula ensures a stable, well-balanced scent throw without clogging or separating. A stylish and functional accessory that makes every ride feel like a fresh escape!   Sold in packs of 10 pieces.\" \/>\n<meta property=\"og:url\" content=\"https:\/\/luxurycandlesupplies.eu\/es\/producto\/difusor-coche-ambar-8ml\/\" \/>\n<meta property=\"og:site_name\" content=\"Antwerp Luxury Candle Supplies\" \/>\n<meta property=\"article:publisher\" content=\"https:\/\/www.facebook.com\/Antwerpluxurycandlesupplies\/\" \/>\n<meta property=\"article:modified_time\" content=\"2026-05-15T08:13:29+00:00\" \/>\n<meta property=\"og:image\" content=\"https:\/\/luxurycandlesupplies.eu\/app\/uploads\/2025\/09\/1.png\" \/>\n\t<meta property=\"og:image:width\" content=\"1080\" \/>\n\t<meta property=\"og:image:height\" content=\"1350\" \/>\n\t<meta property=\"og:image:type\" content=\"image\/png\" \/>\n<meta name=\"twitter:card\" content=\"summary_large_image\" \/>\n<meta name=\"twitter:label1\" content=\"Tiempo de lectura\" \/>\n\t<meta name=\"twitter:data1\" content=\"1 minuto\" \/>\n<script type=\"application\/ld+json\" class=\"yoast-schema-graph\">{\"@context\":\"https:\\\/\\\/schema.org\",\"@graph\":[{\"@type\":\"WebPage\",\"@id\":\"https:\\\/\\\/luxurycandlesupplies.eu\\\/product\\\/car-diffuser-amber-8ml\\\/\",\"url\":\"https:\\\/\\\/luxurycandlesupplies.eu\\\/product\\\/car-diffuser-amber-8ml\\\/\",\"name\":\"Car Diffuser Amber 8ml - Antwerp Luxury Candle Supplies\",\"isPartOf\":{\"@id\":\"https:\\\/\\\/luxurycandlesupplies.eu\\\/#website\"},\"primaryImageOfPage\":{\"@id\":\"https:\\\/\\\/luxurycandlesupplies.eu\\\/product\\\/car-diffuser-amber-8ml\\\/#primaryimage\"},\"image\":{\"@id\":\"https:\\\/\\\/luxurycandlesupplies.eu\\\/product\\\/car-diffuser-amber-8ml\\\/#primaryimage\"},\"thumbnailUrl\":\"https:\\\/\\\/luxurycandlesupplies.eu\\\/app\\\/uploads\\\/2025\\\/09\\\/1.png\",\"datePublished\":\"2025-09-06T06:06:39+00:00\",\"dateModified\":\"2026-05-15T08:13:29+00:00\",\"breadcrumb\":{\"@id\":\"https:\\\/\\\/luxurycandlesupplies.eu\\\/product\\\/car-diffuser-amber-8ml\\\/#breadcrumb\"},\"inLanguage\":\"es\",\"potentialAction\":[{\"@type\":\"ReadAction\",\"target\":[\"https:\\\/\\\/luxurycandlesupplies.eu\\\/product\\\/car-diffuser-amber-8ml\\\/\"]}]},{\"@type\":\"ImageObject\",\"inLanguage\":\"es\",\"@id\":\"https:\\\/\\\/luxurycandlesupplies.eu\\\/product\\\/car-diffuser-amber-8ml\\\/#primaryimage\",\"url\":\"https:\\\/\\\/luxurycandlesupplies.eu\\\/app\\\/uploads\\\/2025\\\/09\\\/1.png\",\"contentUrl\":\"https:\\\/\\\/luxurycandlesupplies.eu\\\/app\\\/uploads\\\/2025\\\/09\\\/1.png\",\"width\":1080,\"height\":1350},{\"@type\":\"BreadcrumbList\",\"@id\":\"https:\\\/\\\/luxurycandlesupplies.eu\\\/product\\\/car-diffuser-amber-8ml\\\/#breadcrumb\",\"itemListElement\":[{\"@type\":\"ListItem\",\"position\":1,\"name\":\"Home\",\"item\":\"https:\\\/\\\/luxurycandlesupplies.eu\\\/\"},{\"@type\":\"ListItem\",\"position\":2,\"name\":\"Shop\",\"item\":\"https:\\\/\\\/luxurycandlesupplies.eu\\\/shop\\\/\"},{\"@type\":\"ListItem\",\"position\":3,\"name\":\"Car Diffuser Amber 8ml\"}]},{\"@type\":\"WebSite\",\"@id\":\"https:\\\/\\\/luxurycandlesupplies.eu\\\/#website\",\"url\":\"https:\\\/\\\/luxurycandlesupplies.eu\\\/\",\"name\":\"Antwerp Luxury Candle Supplies\",\"description\":\"Distributor of all seasons soy wax\",\"publisher\":{\"@id\":\"https:\\\/\\\/luxurycandlesupplies.eu\\\/#organization\"},\"potentialAction\":[{\"@type\":\"SearchAction\",\"target\":{\"@type\":\"EntryPoint\",\"urlTemplate\":\"https:\\\/\\\/luxurycandlesupplies.eu\\\/?s={search_term_string}\"},\"query-input\":{\"@type\":\"PropertyValueSpecification\",\"valueRequired\":true,\"valueName\":\"search_term_string\"}}],\"inLanguage\":\"es\"},{\"@type\":\"Organization\",\"@id\":\"https:\\\/\\\/luxurycandlesupplies.eu\\\/#organization\",\"name\":\"Antwerp Luxury Candle Supplies\",\"url\":\"https:\\\/\\\/luxurycandlesupplies.eu\\\/\",\"logo\":{\"@type\":\"ImageObject\",\"inLanguage\":\"es\",\"@id\":\"https:\\\/\\\/luxurycandlesupplies.eu\\\/#\\\/schema\\\/logo\\\/image\\\/\",\"url\":\"https:\\\/\\\/luxurycandlesupplies.eu\\\/app\\\/uploads\\\/2022\\\/03\\\/antwerp-luxury-candle-supplies-1x.png\",\"contentUrl\":\"https:\\\/\\\/luxurycandlesupplies.eu\\\/app\\\/uploads\\\/2022\\\/03\\\/antwerp-luxury-candle-supplies-1x.png\",\"width\":330,\"height\":60,\"caption\":\"Antwerp Luxury Candle Supplies\"},\"image\":{\"@id\":\"https:\\\/\\\/luxurycandlesupplies.eu\\\/#\\\/schema\\\/logo\\\/image\\\/\"},\"sameAs\":[\"https:\\\/\\\/www.facebook.com\\\/Antwerpluxurycandlesupplies\\\/\",\"https:\\\/\\\/www.instagram.com\\\/antwerp_luxury_candle_supplies\\\/\",\"https:\\\/\\\/pin.it\\\/7joOXRW\"]}]}<\/script>","yoast_head_json":{"title":"Difusor Coche \u00c1mbar 8ml - Amberes Vela de Lujo Suministros","robots":{"index":"index","follow":"follow","max-snippet":"max-snippet:-1","max-image-preview":"max-image-preview:large","max-video-preview":"max-video-preview:-1"},"canonical":"https:\/\/luxurycandlesupplies.eu\/es\/producto\/difusor-coche-ambar-8ml\/","og_locale":"es_ES","og_type":"article","og_title":"Car Diffuser Amber 8ml - Antwerp Luxury Candle Supplies","og_description":"DESCRIPTION &nbsp;       Car Diffuser \u2013 Matte Natural Wood &amp; Amber Gradient GlassUpgrade your driving experience with our elegant Car Diffuser, designed to clip easily onto your car's ventilation grille. Crafted from matte natural wood and glass in an amber ombr\u00e9 finish, this diffuser adds a touch of luxury to your car interior. Just fill it with your favorite fragrance blend and enjoy a continuous scent release as the air flows through your vents. For an 8 ml bottle, we recommend the following blend:\u2714\ufe0f 2 ml fragrance oil\u2714\ufe0f 6ml Augeo Diffuser Base This formula ensures a stable, well-balanced scent throw without clogging or separating. A stylish and functional accessory that makes every ride feel like a fresh escape!   Sold in packs of 10 pieces.","og_url":"https:\/\/luxurycandlesupplies.eu\/es\/producto\/difusor-coche-ambar-8ml\/","og_site_name":"Antwerp Luxury Candle Supplies","article_publisher":"https:\/\/www.facebook.com\/Antwerpluxurycandlesupplies\/","article_modified_time":"2026-05-15T08:13:29+00:00","og_image":[{"width":1080,"height":1350,"url":"https:\/\/luxurycandlesupplies.eu\/app\/uploads\/2025\/09\/1.png","type":"image\/png"}],"twitter_card":"summary_large_image","twitter_misc":{"Tiempo de lectura":"1 minuto"},"schema":{"@context":"https:\/\/schema.org","@graph":[{"@type":"WebPage","@id":"https:\/\/luxurycandlesupplies.eu\/product\/car-diffuser-amber-8ml\/","url":"https:\/\/luxurycandlesupplies.eu\/product\/car-diffuser-amber-8ml\/","name":"Difusor Coche \u00c1mbar 8ml - Amberes Vela de Lujo Suministros","isPartOf":{"@id":"https:\/\/luxurycandlesupplies.eu\/#website"},"primaryImageOfPage":{"@id":"https:\/\/luxurycandlesupplies.eu\/product\/car-diffuser-amber-8ml\/#primaryimage"},"image":{"@id":"https:\/\/luxurycandlesupplies.eu\/product\/car-diffuser-amber-8ml\/#primaryimage"},"thumbnailUrl":"https:\/\/luxurycandlesupplies.eu\/app\/uploads\/2025\/09\/1.png","datePublished":"2025-09-06T06:06:39+00:00","dateModified":"2026-05-15T08:13:29+00:00","breadcrumb":{"@id":"https:\/\/luxurycandlesupplies.eu\/product\/car-diffuser-amber-8ml\/#breadcrumb"},"inLanguage":"es","potentialAction":[{"@type":"ReadAction","target":["https:\/\/luxurycandlesupplies.eu\/product\/car-diffuser-amber-8ml\/"]}]},{"@type":"ImageObject","inLanguage":"es","@id":"https:\/\/luxurycandlesupplies.eu\/product\/car-diffuser-amber-8ml\/#primaryimage","url":"https:\/\/luxurycandlesupplies.eu\/app\/uploads\/2025\/09\/1.png","contentUrl":"https:\/\/luxurycandlesupplies.eu\/app\/uploads\/2025\/09\/1.png","width":1080,"height":1350},{"@type":"BreadcrumbList","@id":"https:\/\/luxurycandlesupplies.eu\/product\/car-diffuser-amber-8ml\/#breadcrumb","itemListElement":[{"@type":"ListItem","position":1,"name":"Home","item":"https:\/\/luxurycandlesupplies.eu\/"},{"@type":"ListItem","position":2,"name":"Shop","item":"https:\/\/luxurycandlesupplies.eu\/shop\/"},{"@type":"ListItem","position":3,"name":"Car Diffuser Amber 8ml"}]},{"@type":"WebSite","@id":"https:\/\/luxurycandlesupplies.eu\/#website","url":"https:\/\/luxurycandlesupplies.eu\/","name":"Suministros para velas de lujo de Amberes","description":"Distribuidor de cera de soja para todas las estaciones","publisher":{"@id":"https:\/\/luxurycandlesupplies.eu\/#organization"},"potentialAction":[{"@type":"SearchAction","target":{"@type":"EntryPoint","urlTemplate":"https:\/\/luxurycandlesupplies.eu\/?s={search_term_string}"},"query-input":{"@type":"PropertyValueSpecification","valueRequired":true,"valueName":"search_term_string"}}],"inLanguage":"es"},{"@type":"Organization","@id":"https:\/\/luxurycandlesupplies.eu\/#organization","name":"Suministros para velas de lujo de Amberes","url":"https:\/\/luxurycandlesupplies.eu\/","logo":{"@type":"ImageObject","inLanguage":"es","@id":"https:\/\/luxurycandlesupplies.eu\/#\/schema\/logo\/image\/","url":"https:\/\/luxurycandlesupplies.eu\/app\/uploads\/2022\/03\/antwerp-luxury-candle-supplies-1x.png","contentUrl":"https:\/\/luxurycandlesupplies.eu\/app\/uploads\/2022\/03\/antwerp-luxury-candle-supplies-1x.png","width":330,"height":60,"caption":"Antwerp Luxury Candle Supplies"},"image":{"@id":"https:\/\/luxurycandlesupplies.eu\/#\/schema\/logo\/image\/"},"sameAs":["https:\/\/www.facebook.com\/Antwerpluxurycandlesupplies\/","https:\/\/www.instagram.com\/antwerp_luxury_candle_supplies\/","https:\/\/pin.it\/7joOXRW"]}]}},"_links":{"self":[{"href":"https:\/\/luxurycandlesupplies.eu\/es\/wp-json\/wp\/v2\/product\/23176","targetHints":{"allow":["GET"]}}],"collection":[{"href":"https:\/\/luxurycandlesupplies.eu\/es\/wp-json\/wp\/v2\/product"}],"about":[{"href":"https:\/\/luxurycandlesupplies.eu\/es\/wp-json\/wp\/v2\/types\/product"}],"wp:featuredmedia":[{"embeddable":true,"href":"https:\/\/luxurycandlesupplies.eu\/es\/wp-json\/wp\/v2\/media\/28562"}],"wp:attachment":[{"href":"https:\/\/luxurycandlesupplies.eu\/es\/wp-json\/wp\/v2\/media?parent=23176"}],"wp:term":[{"taxonomy":"product_brand","embeddable":true,"href":"https:\/\/luxurycandlesupplies.eu\/es\/wp-json\/wp\/v2\/product_brand?post=23176"},{"taxonomy":"product_cat","embeddable":true,"href":"https:\/\/luxurycandlesupplies.eu\/es\/wp-json\/wp\/v2\/product_cat?post=23176"},{"taxonomy":"product_tag","embeddable":true,"href":"https:\/\/luxurycandlesupplies.eu\/es\/wp-json\/wp\/v2\/product_tag?post=23176"}],"curies":[{"name":"wp","href":"https:\/\/api.w.org\/{rel}","templated":true}]}}