{"id":2337,"date":"2022-08-16T08:55:55","date_gmt":"2022-08-16T06:55:55","guid":{"rendered":"https:\/\/luxurycandlesupplies.eu\/?post_type=product&#038;p=2337"},"modified":"2026-02-13T11:43:38","modified_gmt":"2026-02-13T10:43:38","slug":"sal-marina-de-algodon","status":"publish","type":"product","link":"https:\/\/luxurycandlesupplies.eu\/es\/product\/cotton-sea-salt\/","title":{"rendered":"Algod\u00f3n y sal marina - UFI exento <8%"},"content":{"rendered":"<h3>DESCRIPCI\u00d3N<\/h3>\n<p>&nbsp;<\/p>\n<h3><em><strong>ALGOD\u00d3N Y SAL MARINA<\/strong><\/em><\/h3>\n<p>&nbsp;<\/p>\n<p class=\"\" data-start=\"122\" data-end=\"267\">Lleve un soplo de aire fresco a su hogar con este aroma limpio y estimulante.<\/p>\n<p>Notas de salida: LIM\u00d3N \/ CILANTRO \/ MENTA FRESCA<br \/>\nNotas medias: LIRIO DE LOS VALLES \/ FLOR DE ALGOD\u00d3N \/ LILA<br \/>\nNotas de fondo: FLOR TRANSPARENTE \/ MADERA DE CEDRO \/ ALMIZCLES<\/p>\n<p>&nbsp;<\/p>\n<h3>NUESTRA RECOMENDACI\u00d3N<\/h3>\n<hr \/>\n<div>\n<p>El uso de aceites de fragancia depender\u00e1 del producto que est\u00e9 creando. Consulte la siguiente gu\u00eda para conocer las proporciones recomendadas para su producto.<\/p>\n<p>Tenga en cuenta que los valores indicados a continuaci\u00f3n son s\u00f3lo sugerencias. Recomendamos a los usuarios que realicen sus propias pruebas con las mezclas de cera y aceite previstas para obtener resultados \u00f3ptimos.<\/p>\n<p>Velas: 6-10%, sin UFI m\u00e1x. 8%<br \/>\nWaxmelts: 10-12%<\/p>\n<\/div>\n<p>&nbsp;<\/p>\n<h3><\/h3>\n<h3>INFORMACI\u00d3N SOBRE CLP Y SDS<\/h3>\n<hr \/>\n<div>\n<p><a href=\"https:\/\/luxurycandlesupplies.eu\/app\/uploads\/2022\/08\/CLP-label-_-Cotton-seasalt-_-candle-8-Free-of-UFI-1.pdf\">Etiqueta CLP _ Algod\u00f3n y sal marina _ vela 8 Libre de UFI<\/a><\/p>\n<\/div>\n<p><a href=\"https:\/\/luxurycandlesupplies.eu\/app\/uploads\/2022\/08\/CLP-label-_-Cotton-seasalt-_-candle-8.pdf\">Etiqueta CLP _ Algod\u00f3n y sal marina _ vela 8%<\/a><\/p>\n<p><a href=\"https:\/\/luxurycandlesupplies.eu\/app\/uploads\/2022\/08\/SDS-ALCS-Cotton-Sea-Salt-ENG.pdf\">SDS ALCS Algod\u00f3n y sal marina ENG<\/a><\/p>\n<p><a href=\"https:\/\/luxurycandlesupplies.eu\/app\/uploads\/2022\/08\/COTTON-SEA-SALT-W34509-TDS-2025-07-ALCS.pdf\">ALGOD\u00d3N Y SAL MARINA - W34509 - TDS - 2025-07 ALCS<\/a><\/p>\n<p><a href=\"https:\/\/luxurycandlesupplies.eu\/app\/uploads\/2022\/08\/COTTON-SEA-SALT-W34509-COSM4-2025-07-ALCS.pdf\">ALGOD\u00d3N Y SAL MARINA - W34509 - COSM4 - 2025-07 ALCS<\/a><\/p>\n<p>&nbsp;<\/p>\n<p>UFI: 2Q90-A0JN-600K-KD5V<\/p>\n<p><img decoding=\"async\" class=\"alignnone wp-image-23489\" src=\"https:\/\/luxurycandlesupplies.eu\/app\/uploads\/2025\/07\/Danger-4-300x300.png\" alt=\"\" width=\"124\" height=\"124\" srcset=\"https:\/\/luxurycandlesupplies.eu\/app\/uploads\/2025\/07\/Danger-4-300x300.png 300w, https:\/\/luxurycandlesupplies.eu\/app\/uploads\/2025\/07\/Danger-4-1024x1024.png 1024w, https:\/\/luxurycandlesupplies.eu\/app\/uploads\/2025\/07\/Danger-4-150x150.png 150w, https:\/\/luxurycandlesupplies.eu\/app\/uploads\/2025\/07\/Danger-4-768x768.png 768w, https:\/\/luxurycandlesupplies.eu\/app\/uploads\/2025\/07\/Danger-4-12x12.png 12w, https:\/\/luxurycandlesupplies.eu\/app\/uploads\/2025\/07\/Danger-4-600x600.png 600w, https:\/\/luxurycandlesupplies.eu\/app\/uploads\/2025\/07\/Danger-4-100x100.png 100w, https:\/\/luxurycandlesupplies.eu\/app\/uploads\/2025\/07\/Danger-4.png 1080w\" sizes=\"(max-width: 124px) 100vw, 124px\" \/> <img decoding=\"async\" class=\"alignnone wp-image-23488\" src=\"https:\/\/luxurycandlesupplies.eu\/app\/uploads\/2025\/07\/Danger-3-300x300.png\" alt=\"\" width=\"124\" height=\"124\" srcset=\"https:\/\/luxurycandlesupplies.eu\/app\/uploads\/2025\/07\/Danger-3-300x300.png 300w, https:\/\/luxurycandlesupplies.eu\/app\/uploads\/2025\/07\/Danger-3-1024x1024.png 1024w, https:\/\/luxurycandlesupplies.eu\/app\/uploads\/2025\/07\/Danger-3-150x150.png 150w, https:\/\/luxurycandlesupplies.eu\/app\/uploads\/2025\/07\/Danger-3-768x768.png 768w, https:\/\/luxurycandlesupplies.eu\/app\/uploads\/2025\/07\/Danger-3-12x12.png 12w, https:\/\/luxurycandlesupplies.eu\/app\/uploads\/2025\/07\/Danger-3-600x600.png 600w, https:\/\/luxurycandlesupplies.eu\/app\/uploads\/2025\/07\/Danger-3-100x100.png 100w, https:\/\/luxurycandlesupplies.eu\/app\/uploads\/2025\/07\/Danger-3.png 1080w\" sizes=\"(max-width: 124px) 100vw, 124px\" \/><\/p>\n<p><strong>Algod\u00f3n y sal marina NL<\/strong><\/p>\n<p>H319 Puede causar irritaci\u00f3n ocular grave. H317 Puede causar reacciones al\u00e9rgicas. H315<br \/>\nVeroorzaakt huidirritatie. H411 Apto para organismos vivos en el agua, con aguas residuales.<br \/>\ngevolgen. P261 Inademing van stof\/rook\/gas\/nevel\/damp\/spuitnevel vermijden. P264 Na het werken<br \/>\ncon este producto se pueden obtener grandes superficies. P272 Verontreinigde werkkleding mag de<br \/>\nwerkruimte niet verlaten. P273 No trabajar en el entorno. P280 Limpieza<br \/>\nhandschoenen\/beschermende kleding\/oogbescherming\/gelaatsbescherming dragen. P302+P352 BIJ<br \/>\nCONTACT MET DE HUID: con m\u00e1s agua y m\u00e1s espacio. P305+P351+P338 BIJ CONTACT MET DE<br \/>\nOGEN: se recomienda beber agua durante varios minutos; p\u00f3ngase en contacto con nosotros,<br \/>\nindien mogelijk; blijven spoelen. P332+P313 La huidirritatie: un ejemplo de arte. P333+P313 Por<br \/>\nhuidirritatie of uitslag: een arts raadplegen. P337+P313 La oogirritatie aanhoudende: een arts<br \/>\nraadplegen. P362+P364 No utilice el mando a distancia y mant\u00e9ngalo pulsado durante m\u00e1s tiempo.<br \/>\ngebruiken. P391 Gelekte\/gemorste stof opruimen. P501 Inhoud\/verpakking afvoeren naar een<br \/>\nLa legislaci\u00f3n vigente en materia de protecci\u00f3n de los consumidores se ajusta a la Directiva VLAREMA y al Reglamento OVAM.<\/p>\n<p>&nbsp;<\/p>\n<p><strong>Algod\u00f3n y sal marina FR<\/strong><\/p>\n<p>H319 Provoca una grave irritaci\u00f3n de los ojos. H317 Puede provocar una reacci\u00f3n al\u00e9rgica cut\u00e1nea. H315<br \/>\nProvoca irritaci\u00f3n cut\u00e1nea. H411 T\u00f3xico para los organismos acu\u00e1ticos, provoca efectos nocivos.<br \/>\n\u00e0 long terme. P261 Evitar la inhalaci\u00f3n de vapores\/vapores\/gases\/brillantes\/vapores\/aerosoles. P264 Lavez<br \/>\nsoigneusement les zones touch\u00e9es apr\u00e8s manipulation. P272 Les v\u00eatements de travail contamin\u00e9s ne<br \/>\nno deben salir del lugar de trabajo. P273 Evitar el impacto en el medio ambiente. P280 Porter des gants de<br \/>\nprotection\/des v\u00eatements de protection\/une protection des yeux\/du visage. P302+P352 EN CASO DE<br \/>\nCONTACT AVEC LA PEAU : laver abondamment \u00e0 l'eau et au savon. P305+P351+P338 EN CASO DE CONTACTO<br \/>\nAVEC LES YEUX : enjuagar con precauci\u00f3n al agua durante varios minutos ; retirar las lentillas si es posible ;<br \/>\ncontinuer \u00e0 rincer. P332+P313 En caso de irritaci\u00f3n cut\u00e1nea: consulte a un m\u00e9dico. P333+P313 En caso de<br \/>\nd'irritation ou d'eruption cutan\u00e9e : consulter un m\u00e9decin. P337+P313 En caso de irritaci\u00f3n ocular persistente :<br \/>\nconsultar a un m\u00e9dico. P362+P364 Retirar las prendas contaminadas y lavarlas antes de volver a utilizarlas. P391<br \/>\n\u00c9liminer la substance r\u00e9pandue. P501 Elimine el contenido\/el recipiente mediante un recogedor de residuos dom\u00e9sticos.<br \/>\nconforme a la normativa VLAREMA y OVAM.<\/p>\n<p>&nbsp;<\/p>\n<p><strong>Algod\u00f3n y sal marina ENG<\/strong><\/p>\n<p>H319 Provoca irritaci\u00f3n ocular grave. H317 Puede provocar una reacci\u00f3n al\u00e9rgica en la piel. H315 Provoca irritaci\u00f3n cut\u00e1nea<br \/>\nirritaci\u00f3n. H411 T\u00f3xico para los organismos acu\u00e1ticos, con efectos nocivos duraderos. P261 Ev\u00edtese la respiraci\u00f3n<br \/>\npolvo\/humo\/gas\/niebla\/vapores\/roc\u00edo. P264 Lavar a fondo la zona afectada despu\u00e9s de manipularla. P272<br \/>\nLa ropa de trabajo contaminada no debe salir del lugar de trabajo. P273 Evitar la liberaci\u00f3n al<br \/>\nmedio ambiente. P280 Llevar guantes\/ropa de protecci\u00f3n\/protecci\u00f3n ocular\/protecci\u00f3n facial.<br \/>\nP302+P352 EN CASO DE CONTACTO CON LA PIEL: Lavar con agua y jab\u00f3n abundantes. P305+P351+P338 EN CASO DE CONTACTO CON LOS OJOS: Aclarar.<br \/>\ncautelosamente con agua durante varios minutos. Qu\u00edtese las lentes de contacto si las lleva y es f\u00e1cil hacerlo. Contin\u00fae en<br \/>\nAclarado. P332+P313 En caso de irritaci\u00f3n cut\u00e1nea: Consultar a un m\u00e9dico. P333+P313 En caso de irritaci\u00f3n o erupci\u00f3n cut\u00e1nea<br \/>\nocurre: Consultar a un m\u00e9dico. P337+P313 Si persiste la irritaci\u00f3n ocular: Consultar a un m\u00e9dico. P362+P364 Tomar<br \/>\nQuitar la ropa contaminada y lavarla antes de volver a utilizarla. P391 Recoger el vertido. P501 Eliminar<br \/>\ncontenido\/contenedor a trav\u00e9s de un recolector de residuos autorizado de conformidad con VLAREMA y OVAM.<br \/>\nreglamentos.<\/p>","protected":false},"excerpt":{"rendered":"<p>&nbsp;<\/p>\n<p>&nbsp;<\/p>\n<p>&nbsp;<\/p>","protected":false},"featured_media":20703,"template":"","meta":{"_acf_changed":false,"site-sidebar-layout":"default","site-content-layout":"default","ast-site-content-layout":"default","site-content-style":"default","site-sidebar-style":"default","ast-global-header-display":"","ast-banner-title-visibility":"","ast-main-header-display":"","ast-hfb-above-header-display":"","ast-hfb-below-header-display":"","ast-hfb-mobile-header-display":"","site-post-title":"","ast-breadcrumbs-content":"","ast-featured-img":"","footer-sml-layout":"","ast-disable-related-posts":"","theme-transparent-header-meta":"default","adv-header-id-meta":"","stick-header-meta":"","header-above-stick-meta":"","header-main-stick-meta":"","header-below-stick-meta":"","astra-migrate-meta-layouts":"set","ast-page-background-enabled":"default","ast-page-background-meta":{"desktop":{"background-color":"","background-image":"","background-repeat":"repeat","background-position":"center center","background-size":"auto","background-attachment":"scroll","background-type":"","background-media":"","overlay-type":"","overlay-color":"","overlay-opacity":"","overlay-gradient":""},"tablet":{"background-color":"","background-image":"","background-repeat":"repeat","background-position":"center center","background-size":"auto","background-attachment":"scroll","background-type":"","background-media":"","overlay-type":"","overlay-color":"","overlay-opacity":"","overlay-gradient":""},"mobile":{"background-color":"","background-image":"","background-repeat":"repeat","background-position":"center center","background-size":"auto","background-attachment":"scroll","background-type":"","background-media":"","overlay-type":"","overlay-color":"","overlay-opacity":"","overlay-gradient":""}},"ast-content-background-meta":{"desktop":{"background-color":"var(--ast-global-color-5)","background-image":"","background-repeat":"repeat","background-position":"center center","background-size":"auto","background-attachment":"scroll","background-type":"","background-media":"","overlay-type":"","overlay-color":"","overlay-opacity":"","overlay-gradient":""},"tablet":{"background-color":"var(--ast-global-color-5)","background-image":"","background-repeat":"repeat","background-position":"center center","background-size":"auto","background-attachment":"scroll","background-type":"","background-media":"","overlay-type":"","overlay-color":"","overlay-opacity":"","overlay-gradient":""},"mobile":{"background-color":"var(--ast-global-color-5)","background-image":"","background-repeat":"repeat","background-position":"center center","background-size":"auto","background-attachment":"scroll","background-type":"","background-media":"","overlay-type":"","overlay-color":"","overlay-opacity":"","overlay-gradient":""}}},"product_brand":[],"product_cat":[25,1681],"product_tag":[312,309,313],"class_list":{"0":"post-2337","1":"product","2":"type-product","3":"status-publish","4":"has-post-thumbnail","6":"product_cat-fragrances","7":"product_cat-fragrances-ufi-exempt","8":"product_tag-cotton","9":"product_tag-fragrrance","10":"product_tag-sea-salt","11":"desktop-align-left","12":"tablet-align-left","13":"mobile-align-left","14":"ast-product-gallery-layout-horizontal-slider","15":"ast-product-single-variable","16":"ast-product-tabs-layout-horizontal","18":"first","19":"instock","20":"taxable","21":"shipping-taxable","22":"purchasable","23":"product-type-variable"},"acf":[],"yoast_head":"<title>Cotton &amp; Sea Salt - UFI exempt<\/title>\n<meta name=\"robots\" content=\"index, follow, max-snippet:-1, max-image-preview:large, max-video-preview:-1\" \/>\n<link rel=\"canonical\" href=\"https:\/\/luxurycandlesupplies.eu\/es\/producto\/sal-marina-de-algodon\/\" \/>\n<meta property=\"og:locale\" content=\"es_ES\" \/>\n<meta property=\"og:type\" content=\"article\" \/>\n<meta property=\"og:title\" content=\"Cotton &amp; Sea Salt - UFI exempt\" \/>\n<meta property=\"og:description\" content=\"&nbsp;  &nbsp;  &nbsp;\" \/>\n<meta property=\"og:url\" content=\"https:\/\/luxurycandlesupplies.eu\/es\/producto\/sal-marina-de-algodon\/\" \/>\n<meta property=\"og:site_name\" content=\"Antwerp Luxury Candle Supplies\" \/>\n<meta property=\"article:publisher\" content=\"https:\/\/www.facebook.com\/Antwerpluxurycandlesupplies\/\" \/>\n<meta property=\"article:modified_time\" content=\"2026-02-13T10:43:38+00:00\" \/>\n<meta property=\"og:image\" content=\"https:\/\/luxurycandlesupplies.eu\/app\/uploads\/2022\/08\/1-1.png\" \/>\n\t<meta property=\"og:image:width\" content=\"1080\" \/>\n\t<meta property=\"og:image:height\" content=\"1080\" \/>\n\t<meta property=\"og:image:type\" content=\"image\/png\" \/>\n<meta name=\"twitter:card\" content=\"summary_large_image\" \/>\n<meta name=\"twitter:label1\" content=\"Tiempo de lectura\" \/>\n\t<meta name=\"twitter:data1\" content=\"4 minutos\" \/>\n<script type=\"application\/ld+json\" class=\"yoast-schema-graph\">{\"@context\":\"https:\\\/\\\/schema.org\",\"@graph\":[{\"@type\":\"WebPage\",\"@id\":\"https:\\\/\\\/luxurycandlesupplies.eu\\\/product\\\/cotton-sea-salt\\\/\",\"url\":\"https:\\\/\\\/luxurycandlesupplies.eu\\\/product\\\/cotton-sea-salt\\\/\",\"name\":\"Cotton & Sea Salt - UFI exempt\",\"isPartOf\":{\"@id\":\"https:\\\/\\\/luxurycandlesupplies.eu\\\/#website\"},\"primaryImageOfPage\":{\"@id\":\"https:\\\/\\\/luxurycandlesupplies.eu\\\/product\\\/cotton-sea-salt\\\/#primaryimage\"},\"image\":{\"@id\":\"https:\\\/\\\/luxurycandlesupplies.eu\\\/product\\\/cotton-sea-salt\\\/#primaryimage\"},\"thumbnailUrl\":\"https:\\\/\\\/luxurycandlesupplies.eu\\\/app\\\/uploads\\\/2022\\\/08\\\/1-1.png\",\"datePublished\":\"2022-08-16T06:55:55+00:00\",\"dateModified\":\"2026-02-13T10:43:38+00:00\",\"breadcrumb\":{\"@id\":\"https:\\\/\\\/luxurycandlesupplies.eu\\\/product\\\/cotton-sea-salt\\\/#breadcrumb\"},\"inLanguage\":\"es\",\"potentialAction\":[{\"@type\":\"ReadAction\",\"target\":[\"https:\\\/\\\/luxurycandlesupplies.eu\\\/product\\\/cotton-sea-salt\\\/\"]}]},{\"@type\":\"ImageObject\",\"inLanguage\":\"es\",\"@id\":\"https:\\\/\\\/luxurycandlesupplies.eu\\\/product\\\/cotton-sea-salt\\\/#primaryimage\",\"url\":\"https:\\\/\\\/luxurycandlesupplies.eu\\\/app\\\/uploads\\\/2022\\\/08\\\/1-1.png\",\"contentUrl\":\"https:\\\/\\\/luxurycandlesupplies.eu\\\/app\\\/uploads\\\/2022\\\/08\\\/1-1.png\",\"width\":1080,\"height\":1080},{\"@type\":\"BreadcrumbList\",\"@id\":\"https:\\\/\\\/luxurycandlesupplies.eu\\\/product\\\/cotton-sea-salt\\\/#breadcrumb\",\"itemListElement\":[{\"@type\":\"ListItem\",\"position\":1,\"name\":\"Home\",\"item\":\"https:\\\/\\\/luxurycandlesupplies.eu\\\/\"},{\"@type\":\"ListItem\",\"position\":2,\"name\":\"Shop\",\"item\":\"https:\\\/\\\/luxurycandlesupplies.eu\\\/shop\\\/\"},{\"@type\":\"ListItem\",\"position\":3,\"name\":\"Cotton &#038; Sea Salt &#8211; UFI exempt\"}]},{\"@type\":\"WebSite\",\"@id\":\"https:\\\/\\\/luxurycandlesupplies.eu\\\/#website\",\"url\":\"https:\\\/\\\/luxurycandlesupplies.eu\\\/\",\"name\":\"Antwerp Luxury Candle Supplies\",\"description\":\"Distributor of all seasons soy wax\",\"publisher\":{\"@id\":\"https:\\\/\\\/luxurycandlesupplies.eu\\\/#organization\"},\"potentialAction\":[{\"@type\":\"SearchAction\",\"target\":{\"@type\":\"EntryPoint\",\"urlTemplate\":\"https:\\\/\\\/luxurycandlesupplies.eu\\\/?s={search_term_string}\"},\"query-input\":{\"@type\":\"PropertyValueSpecification\",\"valueRequired\":true,\"valueName\":\"search_term_string\"}}],\"inLanguage\":\"es\"},{\"@type\":\"Organization\",\"@id\":\"https:\\\/\\\/luxurycandlesupplies.eu\\\/#organization\",\"name\":\"Antwerp Luxury Candle Supplies\",\"url\":\"https:\\\/\\\/luxurycandlesupplies.eu\\\/\",\"logo\":{\"@type\":\"ImageObject\",\"inLanguage\":\"es\",\"@id\":\"https:\\\/\\\/luxurycandlesupplies.eu\\\/#\\\/schema\\\/logo\\\/image\\\/\",\"url\":\"https:\\\/\\\/luxurycandlesupplies.eu\\\/app\\\/uploads\\\/2022\\\/03\\\/antwerp-luxury-candle-supplies-1x.png\",\"contentUrl\":\"https:\\\/\\\/luxurycandlesupplies.eu\\\/app\\\/uploads\\\/2022\\\/03\\\/antwerp-luxury-candle-supplies-1x.png\",\"width\":330,\"height\":60,\"caption\":\"Antwerp Luxury Candle Supplies\"},\"image\":{\"@id\":\"https:\\\/\\\/luxurycandlesupplies.eu\\\/#\\\/schema\\\/logo\\\/image\\\/\"},\"sameAs\":[\"https:\\\/\\\/www.facebook.com\\\/Antwerpluxurycandlesupplies\\\/\",\"https:\\\/\\\/www.instagram.com\\\/antwerp_luxury_candle_supplies\\\/\",\"https:\\\/\\\/pin.it\\\/7joOXRW\"]}]}<\/script>","yoast_head_json":{"title":"Algod\u00f3n y sal marina - UFI exento","robots":{"index":"index","follow":"follow","max-snippet":"max-snippet:-1","max-image-preview":"max-image-preview:large","max-video-preview":"max-video-preview:-1"},"canonical":"https:\/\/luxurycandlesupplies.eu\/es\/producto\/sal-marina-de-algodon\/","og_locale":"es_ES","og_type":"article","og_title":"Cotton & Sea Salt - UFI exempt","og_description":"&nbsp;  &nbsp;  &nbsp;","og_url":"https:\/\/luxurycandlesupplies.eu\/es\/producto\/sal-marina-de-algodon\/","og_site_name":"Antwerp Luxury Candle Supplies","article_publisher":"https:\/\/www.facebook.com\/Antwerpluxurycandlesupplies\/","article_modified_time":"2026-02-13T10:43:38+00:00","og_image":[{"width":1080,"height":1080,"url":"https:\/\/luxurycandlesupplies.eu\/app\/uploads\/2022\/08\/1-1.png","type":"image\/png"}],"twitter_card":"summary_large_image","twitter_misc":{"Tiempo de lectura":"4 minutos"},"schema":{"@context":"https:\/\/schema.org","@graph":[{"@type":"WebPage","@id":"https:\/\/luxurycandlesupplies.eu\/product\/cotton-sea-salt\/","url":"https:\/\/luxurycandlesupplies.eu\/product\/cotton-sea-salt\/","name":"Algod\u00f3n y sal marina - UFI exento","isPartOf":{"@id":"https:\/\/luxurycandlesupplies.eu\/#website"},"primaryImageOfPage":{"@id":"https:\/\/luxurycandlesupplies.eu\/product\/cotton-sea-salt\/#primaryimage"},"image":{"@id":"https:\/\/luxurycandlesupplies.eu\/product\/cotton-sea-salt\/#primaryimage"},"thumbnailUrl":"https:\/\/luxurycandlesupplies.eu\/app\/uploads\/2022\/08\/1-1.png","datePublished":"2022-08-16T06:55:55+00:00","dateModified":"2026-02-13T10:43:38+00:00","breadcrumb":{"@id":"https:\/\/luxurycandlesupplies.eu\/product\/cotton-sea-salt\/#breadcrumb"},"inLanguage":"es","potentialAction":[{"@type":"ReadAction","target":["https:\/\/luxurycandlesupplies.eu\/product\/cotton-sea-salt\/"]}]},{"@type":"ImageObject","inLanguage":"es","@id":"https:\/\/luxurycandlesupplies.eu\/product\/cotton-sea-salt\/#primaryimage","url":"https:\/\/luxurycandlesupplies.eu\/app\/uploads\/2022\/08\/1-1.png","contentUrl":"https:\/\/luxurycandlesupplies.eu\/app\/uploads\/2022\/08\/1-1.png","width":1080,"height":1080},{"@type":"BreadcrumbList","@id":"https:\/\/luxurycandlesupplies.eu\/product\/cotton-sea-salt\/#breadcrumb","itemListElement":[{"@type":"ListItem","position":1,"name":"Home","item":"https:\/\/luxurycandlesupplies.eu\/"},{"@type":"ListItem","position":2,"name":"Shop","item":"https:\/\/luxurycandlesupplies.eu\/shop\/"},{"@type":"ListItem","position":3,"name":"Cotton &#038; Sea Salt &#8211; UFI exempt"}]},{"@type":"WebSite","@id":"https:\/\/luxurycandlesupplies.eu\/#website","url":"https:\/\/luxurycandlesupplies.eu\/","name":"Suministros para velas de lujo de Amberes","description":"Distribuidor de cera de soja para todas las estaciones","publisher":{"@id":"https:\/\/luxurycandlesupplies.eu\/#organization"},"potentialAction":[{"@type":"SearchAction","target":{"@type":"EntryPoint","urlTemplate":"https:\/\/luxurycandlesupplies.eu\/?s={search_term_string}"},"query-input":{"@type":"PropertyValueSpecification","valueRequired":true,"valueName":"search_term_string"}}],"inLanguage":"es"},{"@type":"Organization","@id":"https:\/\/luxurycandlesupplies.eu\/#organization","name":"Suministros para velas de lujo de Amberes","url":"https:\/\/luxurycandlesupplies.eu\/","logo":{"@type":"ImageObject","inLanguage":"es","@id":"https:\/\/luxurycandlesupplies.eu\/#\/schema\/logo\/image\/","url":"https:\/\/luxurycandlesupplies.eu\/app\/uploads\/2022\/03\/antwerp-luxury-candle-supplies-1x.png","contentUrl":"https:\/\/luxurycandlesupplies.eu\/app\/uploads\/2022\/03\/antwerp-luxury-candle-supplies-1x.png","width":330,"height":60,"caption":"Antwerp Luxury Candle Supplies"},"image":{"@id":"https:\/\/luxurycandlesupplies.eu\/#\/schema\/logo\/image\/"},"sameAs":["https:\/\/www.facebook.com\/Antwerpluxurycandlesupplies\/","https:\/\/www.instagram.com\/antwerp_luxury_candle_supplies\/","https:\/\/pin.it\/7joOXRW"]}]}},"_links":{"self":[{"href":"https:\/\/luxurycandlesupplies.eu\/es\/wp-json\/wp\/v2\/product\/2337","targetHints":{"allow":["GET"]}}],"collection":[{"href":"https:\/\/luxurycandlesupplies.eu\/es\/wp-json\/wp\/v2\/product"}],"about":[{"href":"https:\/\/luxurycandlesupplies.eu\/es\/wp-json\/wp\/v2\/types\/product"}],"wp:featuredmedia":[{"embeddable":true,"href":"https:\/\/luxurycandlesupplies.eu\/es\/wp-json\/wp\/v2\/media\/20703"}],"wp:attachment":[{"href":"https:\/\/luxurycandlesupplies.eu\/es\/wp-json\/wp\/v2\/media?parent=2337"}],"wp:term":[{"taxonomy":"product_brand","embeddable":true,"href":"https:\/\/luxurycandlesupplies.eu\/es\/wp-json\/wp\/v2\/product_brand?post=2337"},{"taxonomy":"product_cat","embeddable":true,"href":"https:\/\/luxurycandlesupplies.eu\/es\/wp-json\/wp\/v2\/product_cat?post=2337"},{"taxonomy":"product_tag","embeddable":true,"href":"https:\/\/luxurycandlesupplies.eu\/es\/wp-json\/wp\/v2\/product_tag?post=2337"}],"curies":[{"name":"wp","href":"https:\/\/api.w.org\/{rel}","templated":true}]}}