{"id":27195,"date":"2026-01-27T14:11:53","date_gmt":"2026-01-27T13:11:53","guid":{"rendered":"https:\/\/luxurycandlesupplies.eu\/?post_type=product&#038;p=27195"},"modified":"2026-05-16T16:08:17","modified_gmt":"2026-05-16T14:08:17","slug":"texas-xl-vogue-vino-tinto","status":"publish","type":"product","link":"https:\/\/luxurycandlesupplies.eu\/es\/product\/texas-xl-vogue-red-wine\/","title":{"rendered":"Texas XL Vogue - Red Wine"},"content":{"rendered":"<h4>DESCRIPCI\u00d3N<\/h4>\n<div class=\"product info detailed after-content\">\n<div class=\"product data items\">\n<div class=\"product-data-items-content\">\n<div id=\"attributedescription\" class=\"data item content\" role=\"tabpanel\" data-role=\"content\" aria-labelledby=\"tab-label-attributedescription\" aria-hidden=\"false\">\n<div class=\"product attribute description\">\n<div class=\"value\">\n<p>&nbsp;<\/p>\n<p>La l\u00ednea Vogue encarna el estilo con su elegante acabado y su fondo redondeado, este recipiente no desentonar\u00eda en el escaparate de ninguna boutique de alta gama.<\/p>\n<p>Estas embarcaciones han obtenido unos resultados extraordinarios en las pruebas de mercado, son realmente queridas por todos.<\/p>\n<p>Al igual que con todos nuestros tarros, la gama de vidrio de Antwerp Luxury Candle Supplies utiliza un proceso de producci\u00f3n de molde manual en lugar de soplado o automatizaci\u00f3n mec\u00e1nica, lo que garantiza que nuestra gama de vidrio sea m\u00e1s fuerte, segura y tenga mayor resistencia al calor que otras del mercado.<\/p>\n<p>Con una claridad inigualable y uniforme en toda nuestra gama de vidrios, las incoherencias son cosa del pasado.<\/p>\n<p><strong>IMPORTANTE<\/strong> Tenga en cuenta que la foto del producto puede diferir del art\u00edculo real en t\u00e9rminos de color debido a la iluminaci\u00f3n y\/o fabricaci\u00f3n. Debido al proceso de fabricaci\u00f3n artesanal, cada recipiente tendr\u00e1 un dise\u00f1o \u00fanico y pueden apreciarse ligeras diferencias en la forma de la cristaler\u00eda.<\/p>\n<p>&nbsp;<\/p>\n<\/div>\n<\/div>\n<\/div>\n<\/div>\n<\/div>\n<\/div>","protected":false},"excerpt":{"rendered":"<h3>ESPECIFICACIONES:<\/h3>\n<p>&nbsp;<\/p>\n<p><strong>Dimensiones exteriores del recipiente<\/strong>: 118mmAn x 150mmAl<br \/>\n<strong>Dimensiones internas del recipiente<\/strong>: 108mmAn x 132mm<br \/>\n<strong>Capacidad del buque<\/strong>: 950ml<br \/>\n<strong>Peso del vidrio<\/strong>: 1000g<\/p>\n<p><strong>Tapa adecuada<\/strong>: N\/A<br \/>\n<strong>Envases adecuados<\/strong>: N\/A<br \/>\n<strong>Tama\u00f1o de mecha sugerido<\/strong>*: <a href=\"https:\/\/luxurycandlesupplies.eu\/es\/producto\/mechas-de-lcs-100\/\">LCS 100<\/a>,\u00a0<a href=\"https:\/\/luxurycandlesupplies.eu\/es\/producto\/mechas-de-lcs-65\/\">2 x LCS65<\/a>, <a href=\"https:\/\/luxurycandlesupplies.eu\/es\/producto\/mechas-de-lcs-45\/\">3 x LCS45<\/a><\/p>\n<p>*Tenga en cuenta que los tama\u00f1os de las mechas son s\u00f3lo sugerencias. Para obtener resultados \u00f3ptimos, recomendamos a los usuarios que realicen sus propias pruebas de mecha con las diferentes mezclas de cera y aceites que vayan a utilizar.<\/p>\n<p>Disponible en unidades sueltas.<br \/>\n<strong>Tama\u00f1o de la caja<\/strong>: 8 unidades<\/p>\n<p><strong>IMPORTANTE<\/strong> Tenga en cuenta que la foto del producto puede diferir del art\u00edculo real en t\u00e9rminos de color debido a la iluminaci\u00f3n y\/o fabricaci\u00f3n. Debido al proceso de fabricaci\u00f3n artesanal, cada recipiente tendr\u00e1 un dise\u00f1o \u00fanico y pueden apreciarse ligeras diferencias en la forma de la cristaler\u00eda.<\/p>\n<p>&nbsp;<\/p>","protected":false},"featured_media":27941,"template":"","meta":{"_acf_changed":false,"site-sidebar-layout":"default","site-content-layout":"default","ast-site-content-layout":"default","site-content-style":"default","site-sidebar-style":"default","ast-global-header-display":"","ast-banner-title-visibility":"","ast-main-header-display":"","ast-hfb-above-header-display":"","ast-hfb-below-header-display":"","ast-hfb-mobile-header-display":"","site-post-title":"","ast-breadcrumbs-content":"","ast-featured-img":"","footer-sml-layout":"","ast-disable-related-posts":"","theme-transparent-header-meta":"default","adv-header-id-meta":"","stick-header-meta":"","header-above-stick-meta":"","header-main-stick-meta":"","header-below-stick-meta":"","astra-migrate-meta-layouts":"set","ast-page-background-enabled":"default","ast-page-background-meta":{"desktop":{"background-color":"","background-image":"","background-repeat":"repeat","background-position":"center center","background-size":"auto","background-attachment":"scroll","background-type":"","background-media":"","overlay-type":"","overlay-color":"","overlay-opacity":"","overlay-gradient":""},"tablet":{"background-color":"","background-image":"","background-repeat":"repeat","background-position":"center center","background-size":"auto","background-attachment":"scroll","background-type":"","background-media":"","overlay-type":"","overlay-color":"","overlay-opacity":"","overlay-gradient":""},"mobile":{"background-color":"","background-image":"","background-repeat":"repeat","background-position":"center center","background-size":"auto","background-attachment":"scroll","background-type":"","background-media":"","overlay-type":"","overlay-color":"","overlay-opacity":"","overlay-gradient":""}},"ast-content-background-meta":{"desktop":{"background-color":"var(--ast-global-color-5)","background-image":"","background-repeat":"repeat","background-position":"center center","background-size":"auto","background-attachment":"scroll","background-type":"","background-media":"","overlay-type":"","overlay-color":"","overlay-opacity":"","overlay-gradient":""},"tablet":{"background-color":"var(--ast-global-color-5)","background-image":"","background-repeat":"repeat","background-position":"center center","background-size":"auto","background-attachment":"scroll","background-type":"","background-media":"","overlay-type":"","overlay-color":"","overlay-opacity":"","overlay-gradient":""},"mobile":{"background-color":"var(--ast-global-color-5)","background-image":"","background-repeat":"repeat","background-position":"center center","background-size":"auto","background-attachment":"scroll","background-type":"","background-media":"","overlay-type":"","overlay-color":"","overlay-opacity":"","overlay-gradient":""}}},"product_brand":[],"product_cat":[462,328],"product_tag":[428,376,213,96,1543],"class_list":{"0":"post-27195","1":"product","2":"type-product","3":"status-publish","4":"has-post-thumbnail","6":"product_cat-red-wine-collection","7":"product_cat-vogue-xl","8":"product_tag-extra-large","9":"product_tag-red-wine","10":"product_tag-texas","11":"product_tag-vogue","12":"product_tag-xl","13":"desktop-align-left","14":"tablet-align-left","15":"mobile-align-left","16":"ast-product-gallery-layout-horizontal-slider","17":"ast-product-gallery-with-no-image","18":"ast-product-tabs-layout-horizontal","20":"first","21":"instock","22":"taxable","23":"shipping-taxable","24":"purchasable","25":"product-type-simple"},"acf":[],"yoast_head":"<title>Texas XL Vogue - Red Wine - Antwerp Luxury Candle Supplies<\/title>\n<meta name=\"robots\" content=\"index, follow, max-snippet:-1, max-image-preview:large, max-video-preview:-1\" \/>\n<link rel=\"canonical\" href=\"https:\/\/luxurycandlesupplies.eu\/es\/producto\/texas-xl-vogue-vino-tinto\/\" \/>\n<meta property=\"og:locale\" content=\"es_ES\" \/>\n<meta property=\"og:type\" content=\"article\" \/>\n<meta property=\"og:title\" content=\"Texas XL Vogue - Red Wine - Antwerp Luxury Candle Supplies\" \/>\n<meta property=\"og:description\" content=\"SPECIFICATIONS: &nbsp;  External Vessel Dimensions: 118mmW x 150mmH Internal Vessel Dimensions: 108mmW x 132mm Vessel Capacity: 950ml Glass Weight: 1000g  Suitable Lid: N\/A Suitable Packaging: N\/A Suggested Wick Size*: LCS 100,\u00a02 x LCS65, 3 x LCS45  *Please note, wick sizes are suggestions only. For optimum results, we recommend users conduct their own wick tests with different blends of wax and oils that they intend to use.  Available in single units. Carton size: 8 units  IMPORTANT! Please note, product photo may differ from actual item in terms of colour due to lighting and\/or manufacturing. Due to the hand made manufacturing process, each vessel will be uniquely patterned and slight differences in glassware shape may be visible.  &nbsp;\" \/>\n<meta property=\"og:url\" content=\"https:\/\/luxurycandlesupplies.eu\/es\/producto\/texas-xl-vogue-vino-tinto\/\" \/>\n<meta property=\"og:site_name\" content=\"Antwerp Luxury Candle Supplies\" \/>\n<meta property=\"article:publisher\" content=\"https:\/\/www.facebook.com\/Antwerpluxurycandlesupplies\/\" \/>\n<meta property=\"article:modified_time\" content=\"2026-05-16T14:08:17+00:00\" \/>\n<meta property=\"og:image\" content=\"https:\/\/luxurycandlesupplies.eu\/app\/uploads\/2026\/02\/Luxurycandlesupplies7538-web.jpg\" \/>\n\t<meta property=\"og:image:width\" content=\"2000\" \/>\n\t<meta property=\"og:image:height\" content=\"2000\" \/>\n\t<meta property=\"og:image:type\" content=\"image\/jpeg\" \/>\n<meta name=\"twitter:card\" content=\"summary_large_image\" \/>\n<meta name=\"twitter:label1\" content=\"Tiempo de lectura\" \/>\n\t<meta name=\"twitter:data1\" content=\"1 minuto\" \/>\n<script type=\"application\/ld+json\" class=\"yoast-schema-graph\">{\"@context\":\"https:\\\/\\\/schema.org\",\"@graph\":[{\"@type\":\"WebPage\",\"@id\":\"https:\\\/\\\/luxurycandlesupplies.eu\\\/product\\\/texas-xl-vogue-red-wine\\\/\",\"url\":\"https:\\\/\\\/luxurycandlesupplies.eu\\\/product\\\/texas-xl-vogue-red-wine\\\/\",\"name\":\"Texas XL Vogue - Red Wine - Antwerp Luxury Candle Supplies\",\"isPartOf\":{\"@id\":\"https:\\\/\\\/luxurycandlesupplies.eu\\\/#website\"},\"primaryImageOfPage\":{\"@id\":\"https:\\\/\\\/luxurycandlesupplies.eu\\\/product\\\/texas-xl-vogue-red-wine\\\/#primaryimage\"},\"image\":{\"@id\":\"https:\\\/\\\/luxurycandlesupplies.eu\\\/product\\\/texas-xl-vogue-red-wine\\\/#primaryimage\"},\"thumbnailUrl\":\"https:\\\/\\\/luxurycandlesupplies.eu\\\/app\\\/uploads\\\/2026\\\/02\\\/Luxurycandlesupplies7538-web.jpg\",\"datePublished\":\"2026-01-27T13:11:53+00:00\",\"dateModified\":\"2026-05-16T14:08:17+00:00\",\"breadcrumb\":{\"@id\":\"https:\\\/\\\/luxurycandlesupplies.eu\\\/product\\\/texas-xl-vogue-red-wine\\\/#breadcrumb\"},\"inLanguage\":\"es\",\"potentialAction\":[{\"@type\":\"ReadAction\",\"target\":[\"https:\\\/\\\/luxurycandlesupplies.eu\\\/product\\\/texas-xl-vogue-red-wine\\\/\"]}]},{\"@type\":\"ImageObject\",\"inLanguage\":\"es\",\"@id\":\"https:\\\/\\\/luxurycandlesupplies.eu\\\/product\\\/texas-xl-vogue-red-wine\\\/#primaryimage\",\"url\":\"https:\\\/\\\/luxurycandlesupplies.eu\\\/app\\\/uploads\\\/2026\\\/02\\\/Luxurycandlesupplies7538-web.jpg\",\"contentUrl\":\"https:\\\/\\\/luxurycandlesupplies.eu\\\/app\\\/uploads\\\/2026\\\/02\\\/Luxurycandlesupplies7538-web.jpg\",\"width\":2000,\"height\":2000},{\"@type\":\"BreadcrumbList\",\"@id\":\"https:\\\/\\\/luxurycandlesupplies.eu\\\/product\\\/texas-xl-vogue-red-wine\\\/#breadcrumb\",\"itemListElement\":[{\"@type\":\"ListItem\",\"position\":1,\"name\":\"Home\",\"item\":\"https:\\\/\\\/luxurycandlesupplies.eu\\\/\"},{\"@type\":\"ListItem\",\"position\":2,\"name\":\"Shop\",\"item\":\"https:\\\/\\\/luxurycandlesupplies.eu\\\/shop\\\/\"},{\"@type\":\"ListItem\",\"position\":3,\"name\":\"Texas XL Vogue &#8211; Red Wine\"}]},{\"@type\":\"WebSite\",\"@id\":\"https:\\\/\\\/luxurycandlesupplies.eu\\\/#website\",\"url\":\"https:\\\/\\\/luxurycandlesupplies.eu\\\/\",\"name\":\"Antwerp Luxury Candle Supplies\",\"description\":\"Distributor of all seasons soy wax\",\"publisher\":{\"@id\":\"https:\\\/\\\/luxurycandlesupplies.eu\\\/#organization\"},\"potentialAction\":[{\"@type\":\"SearchAction\",\"target\":{\"@type\":\"EntryPoint\",\"urlTemplate\":\"https:\\\/\\\/luxurycandlesupplies.eu\\\/?s={search_term_string}\"},\"query-input\":{\"@type\":\"PropertyValueSpecification\",\"valueRequired\":true,\"valueName\":\"search_term_string\"}}],\"inLanguage\":\"es\"},{\"@type\":\"Organization\",\"@id\":\"https:\\\/\\\/luxurycandlesupplies.eu\\\/#organization\",\"name\":\"Antwerp Luxury Candle Supplies\",\"url\":\"https:\\\/\\\/luxurycandlesupplies.eu\\\/\",\"logo\":{\"@type\":\"ImageObject\",\"inLanguage\":\"es\",\"@id\":\"https:\\\/\\\/luxurycandlesupplies.eu\\\/#\\\/schema\\\/logo\\\/image\\\/\",\"url\":\"https:\\\/\\\/luxurycandlesupplies.eu\\\/app\\\/uploads\\\/2022\\\/03\\\/antwerp-luxury-candle-supplies-1x.png\",\"contentUrl\":\"https:\\\/\\\/luxurycandlesupplies.eu\\\/app\\\/uploads\\\/2022\\\/03\\\/antwerp-luxury-candle-supplies-1x.png\",\"width\":330,\"height\":60,\"caption\":\"Antwerp Luxury Candle Supplies\"},\"image\":{\"@id\":\"https:\\\/\\\/luxurycandlesupplies.eu\\\/#\\\/schema\\\/logo\\\/image\\\/\"},\"sameAs\":[\"https:\\\/\\\/www.facebook.com\\\/Antwerpluxurycandlesupplies\\\/\",\"https:\\\/\\\/www.instagram.com\\\/antwerp_luxury_candle_supplies\\\/\",\"https:\\\/\\\/pin.it\\\/7joOXRW\"]}]}<\/script>","yoast_head_json":{"title":"Texas XL Vogue - Red Wine - Antwerp Luxury Candle Supplies","robots":{"index":"index","follow":"follow","max-snippet":"max-snippet:-1","max-image-preview":"max-image-preview:large","max-video-preview":"max-video-preview:-1"},"canonical":"https:\/\/luxurycandlesupplies.eu\/es\/producto\/texas-xl-vogue-vino-tinto\/","og_locale":"es_ES","og_type":"article","og_title":"Texas XL Vogue - Red Wine - Antwerp Luxury Candle Supplies","og_description":"SPECIFICATIONS: &nbsp;  External Vessel Dimensions: 118mmW x 150mmH Internal Vessel Dimensions: 108mmW x 132mm Vessel Capacity: 950ml Glass Weight: 1000g  Suitable Lid: N\/A Suitable Packaging: N\/A Suggested Wick Size*: LCS 100,\u00a02 x LCS65, 3 x LCS45  *Please note, wick sizes are suggestions only. For optimum results, we recommend users conduct their own wick tests with different blends of wax and oils that they intend to use.  Available in single units. Carton size: 8 units  IMPORTANT! Please note, product photo may differ from actual item in terms of colour due to lighting and\/or manufacturing. Due to the hand made manufacturing process, each vessel will be uniquely patterned and slight differences in glassware shape may be visible.  &nbsp;","og_url":"https:\/\/luxurycandlesupplies.eu\/es\/producto\/texas-xl-vogue-vino-tinto\/","og_site_name":"Antwerp Luxury Candle Supplies","article_publisher":"https:\/\/www.facebook.com\/Antwerpluxurycandlesupplies\/","article_modified_time":"2026-05-16T14:08:17+00:00","og_image":[{"width":2000,"height":2000,"url":"https:\/\/luxurycandlesupplies.eu\/app\/uploads\/2026\/02\/Luxurycandlesupplies7538-web.jpg","type":"image\/jpeg"}],"twitter_card":"summary_large_image","twitter_misc":{"Tiempo de lectura":"1 minuto"},"schema":{"@context":"https:\/\/schema.org","@graph":[{"@type":"WebPage","@id":"https:\/\/luxurycandlesupplies.eu\/product\/texas-xl-vogue-red-wine\/","url":"https:\/\/luxurycandlesupplies.eu\/product\/texas-xl-vogue-red-wine\/","name":"Texas XL Vogue - Red Wine - Antwerp Luxury Candle Supplies","isPartOf":{"@id":"https:\/\/luxurycandlesupplies.eu\/#website"},"primaryImageOfPage":{"@id":"https:\/\/luxurycandlesupplies.eu\/product\/texas-xl-vogue-red-wine\/#primaryimage"},"image":{"@id":"https:\/\/luxurycandlesupplies.eu\/product\/texas-xl-vogue-red-wine\/#primaryimage"},"thumbnailUrl":"https:\/\/luxurycandlesupplies.eu\/app\/uploads\/2026\/02\/Luxurycandlesupplies7538-web.jpg","datePublished":"2026-01-27T13:11:53+00:00","dateModified":"2026-05-16T14:08:17+00:00","breadcrumb":{"@id":"https:\/\/luxurycandlesupplies.eu\/product\/texas-xl-vogue-red-wine\/#breadcrumb"},"inLanguage":"es","potentialAction":[{"@type":"ReadAction","target":["https:\/\/luxurycandlesupplies.eu\/product\/texas-xl-vogue-red-wine\/"]}]},{"@type":"ImageObject","inLanguage":"es","@id":"https:\/\/luxurycandlesupplies.eu\/product\/texas-xl-vogue-red-wine\/#primaryimage","url":"https:\/\/luxurycandlesupplies.eu\/app\/uploads\/2026\/02\/Luxurycandlesupplies7538-web.jpg","contentUrl":"https:\/\/luxurycandlesupplies.eu\/app\/uploads\/2026\/02\/Luxurycandlesupplies7538-web.jpg","width":2000,"height":2000},{"@type":"BreadcrumbList","@id":"https:\/\/luxurycandlesupplies.eu\/product\/texas-xl-vogue-red-wine\/#breadcrumb","itemListElement":[{"@type":"ListItem","position":1,"name":"Home","item":"https:\/\/luxurycandlesupplies.eu\/"},{"@type":"ListItem","position":2,"name":"Shop","item":"https:\/\/luxurycandlesupplies.eu\/shop\/"},{"@type":"ListItem","position":3,"name":"Texas XL Vogue &#8211; Red Wine"}]},{"@type":"WebSite","@id":"https:\/\/luxurycandlesupplies.eu\/#website","url":"https:\/\/luxurycandlesupplies.eu\/","name":"Suministros para velas de lujo de Amberes","description":"Distribuidor de cera de soja para todas las estaciones","publisher":{"@id":"https:\/\/luxurycandlesupplies.eu\/#organization"},"potentialAction":[{"@type":"SearchAction","target":{"@type":"EntryPoint","urlTemplate":"https:\/\/luxurycandlesupplies.eu\/?s={search_term_string}"},"query-input":{"@type":"PropertyValueSpecification","valueRequired":true,"valueName":"search_term_string"}}],"inLanguage":"es"},{"@type":"Organization","@id":"https:\/\/luxurycandlesupplies.eu\/#organization","name":"Suministros para velas de lujo de Amberes","url":"https:\/\/luxurycandlesupplies.eu\/","logo":{"@type":"ImageObject","inLanguage":"es","@id":"https:\/\/luxurycandlesupplies.eu\/#\/schema\/logo\/image\/","url":"https:\/\/luxurycandlesupplies.eu\/app\/uploads\/2022\/03\/antwerp-luxury-candle-supplies-1x.png","contentUrl":"https:\/\/luxurycandlesupplies.eu\/app\/uploads\/2022\/03\/antwerp-luxury-candle-supplies-1x.png","width":330,"height":60,"caption":"Antwerp Luxury Candle Supplies"},"image":{"@id":"https:\/\/luxurycandlesupplies.eu\/#\/schema\/logo\/image\/"},"sameAs":["https:\/\/www.facebook.com\/Antwerpluxurycandlesupplies\/","https:\/\/www.instagram.com\/antwerp_luxury_candle_supplies\/","https:\/\/pin.it\/7joOXRW"]}]}},"_links":{"self":[{"href":"https:\/\/luxurycandlesupplies.eu\/es\/wp-json\/wp\/v2\/product\/27195","targetHints":{"allow":["GET"]}}],"collection":[{"href":"https:\/\/luxurycandlesupplies.eu\/es\/wp-json\/wp\/v2\/product"}],"about":[{"href":"https:\/\/luxurycandlesupplies.eu\/es\/wp-json\/wp\/v2\/types\/product"}],"wp:featuredmedia":[{"embeddable":true,"href":"https:\/\/luxurycandlesupplies.eu\/es\/wp-json\/wp\/v2\/media\/27941"}],"wp:attachment":[{"href":"https:\/\/luxurycandlesupplies.eu\/es\/wp-json\/wp\/v2\/media?parent=27195"}],"wp:term":[{"taxonomy":"product_brand","embeddable":true,"href":"https:\/\/luxurycandlesupplies.eu\/es\/wp-json\/wp\/v2\/product_brand?post=27195"},{"taxonomy":"product_cat","embeddable":true,"href":"https:\/\/luxurycandlesupplies.eu\/es\/wp-json\/wp\/v2\/product_cat?post=27195"},{"taxonomy":"product_tag","embeddable":true,"href":"https:\/\/luxurycandlesupplies.eu\/es\/wp-json\/wp\/v2\/product_tag?post=27195"}],"curies":[{"name":"wp","href":"https:\/\/api.w.org\/{rel}","templated":true}]}}