{"id":2905,"date":"2022-10-27T14:17:57","date_gmt":"2022-10-27T12:17:57","guid":{"rendered":"https:\/\/luxurycandlesupplies.eu\/?post_type=product&#038;p=2905"},"modified":"2025-11-28T08:51:27","modified_gmt":"2025-11-28T07:51:27","slug":"tarro-de-cristal-stud-negro-mate","status":"publish","type":"product","link":"https:\/\/luxurycandlesupplies.eu\/es\/product\/stud-glass-jar-matte-black\/","title":{"rendered":"Tarro de cristal Rockstud - Negro mate - 320ml"},"content":{"rendered":"<h4>DESCRIPCI\u00d3N<\/h4>\n<p>&nbsp;<\/p>\n<h4>Inspirado en Valentino y dise\u00f1ado en Australia por Luxury Candle Supplies.<\/h4>\n<h4><\/h4>\n<h4>Con las ic\u00f3nicas tachuelas y una tapa estampada, estos nuevos recipientes pueden considerarse un tarro \u00fanico y con estilo.  Con una amplia gama de colores, estamos seguros de que los Stud ser\u00e1n un \u00e9xito entre sus clientes.<\/h4>\n<div class=\"product info detailed after-content\">\n<div class=\"product data items\">\n<div class=\"product-data-items-content\">\n<div id=\"attributedescription\" class=\"data item content\" role=\"tabpanel\" data-role=\"content\" aria-labelledby=\"tab-label-attributedescription\" aria-hidden=\"false\">\n<div class=\"product attribute description\">\n<div class=\"value\">\n<p>&nbsp;<\/p>\n<\/div>\n<\/div>\n<\/div>\n<\/div>\n<\/div>\n<\/div>","protected":false},"excerpt":{"rendered":"<h3>ESPECIFICACI\u00d3N<\/h3>\n<p><strong>Dimensiones exteriores del recipiente (con tapa)<\/strong>: 90mm\u00d8 x 110mmH<br \/>\n<strong>Dimensiones exteriores del recipiente (sin tapa)<\/strong>: 90mm\u00d8 x 95mmH<br \/>\n<strong>Dimensiones internas del recipiente<\/strong>: 90mm\u00d8 x 81mmH (incluidos los rebordes interiores 35mmH)<br \/>\n<strong>Capacidad del buque<\/strong>: 320ml<br \/>\n<strong>Peso del buque<\/strong>: 660g<\/p>\n<p><strong>Tapa adecuada<\/strong>: Nuestra Gama Stud viene con una tapa de cristal estampado a juego.<br \/>\n<strong>Envases adecuados<\/strong>: Smart Box Grande, Flatpack Grande<br \/>\n<strong>Tama\u00f1o de mecha sugerido<\/strong>*:<a href=\"https:\/\/luxurycandlesupplies.eu\/es\/producto\/mechas-de-lcs-80\/\"> LCS80<\/a><br \/>\n*Tenga en cuenta que los tama\u00f1os de las mechas son s\u00f3lo sugerencias. Para obtener resultados \u00f3ptimos, recomendamos a los usuarios que realicen sus propias pruebas de mecha con las diferentes mezclas de cera y aceites que vayan a utilizar.<\/p>\n<p>Disponible en unidades sueltas.<br \/>\n<strong>Tama\u00f1o de la caja<\/strong>: 18 unidades<\/p>\n<p>Tenga en cuenta que la foto del producto puede diferir del art\u00edculo real en cuanto al color debido a la iluminaci\u00f3n o a la fabricaci\u00f3n.<\/p>\n<p>&nbsp;<\/p>","protected":false},"featured_media":2834,"template":"","meta":{"_acf_changed":false,"site-sidebar-layout":"default","site-content-layout":"default","ast-site-content-layout":"default","site-content-style":"default","site-sidebar-style":"default","ast-global-header-display":"","ast-banner-title-visibility":"","ast-main-header-display":"","ast-hfb-above-header-display":"","ast-hfb-below-header-display":"","ast-hfb-mobile-header-display":"","site-post-title":"","ast-breadcrumbs-content":"","ast-featured-img":"","footer-sml-layout":"","ast-disable-related-posts":"","theme-transparent-header-meta":"default","adv-header-id-meta":"","stick-header-meta":"","header-above-stick-meta":"","header-main-stick-meta":"","header-below-stick-meta":"","astra-migrate-meta-layouts":"default","ast-page-background-enabled":"default","ast-page-background-meta":{"desktop":{"background-color":"","background-image":"","background-repeat":"repeat","background-position":"center center","background-size":"auto","background-attachment":"scroll","background-type":"","background-media":"","overlay-type":"","overlay-color":"","overlay-opacity":"","overlay-gradient":""},"tablet":{"background-color":"","background-image":"","background-repeat":"repeat","background-position":"center center","background-size":"auto","background-attachment":"scroll","background-type":"","background-media":"","overlay-type":"","overlay-color":"","overlay-opacity":"","overlay-gradient":""},"mobile":{"background-color":"","background-image":"","background-repeat":"repeat","background-position":"center center","background-size":"auto","background-attachment":"scroll","background-type":"","background-media":"","overlay-type":"","overlay-color":"","overlay-opacity":"","overlay-gradient":""}},"ast-content-background-meta":{"desktop":{"background-color":"var(--ast-global-color-5)","background-image":"","background-repeat":"repeat","background-position":"center center","background-size":"auto","background-attachment":"scroll","background-type":"","background-media":"","overlay-type":"","overlay-color":"","overlay-opacity":"","overlay-gradient":""},"tablet":{"background-color":"var(--ast-global-color-5)","background-image":"","background-repeat":"repeat","background-position":"center center","background-size":"auto","background-attachment":"scroll","background-type":"","background-media":"","overlay-type":"","overlay-color":"","overlay-opacity":"","overlay-gradient":""},"mobile":{"background-color":"var(--ast-global-color-5)","background-image":"","background-repeat":"repeat","background-position":"center center","background-size":"auto","background-attachment":"scroll","background-type":"","background-media":"","overlay-type":"","overlay-color":"","overlay-opacity":"","overlay-gradient":""}}},"product_brand":[],"product_cat":[350],"product_tag":[188,351,354,352],"class_list":{"0":"post-2905","1":"product","2":"type-product","3":"status-publish","4":"has-post-thumbnail","6":"product_cat-stud-collection","7":"product_tag-matte-black","8":"product_tag-stud","9":"product_tag-stud-black","10":"product_tag-stud-jar","11":"desktop-align-left","12":"tablet-align-left","13":"mobile-align-left","14":"ast-product-gallery-layout-horizontal-slider","15":"ast-product-tabs-layout-horizontal","17":"first","18":"instock","19":"taxable","20":"shipping-taxable","21":"purchasable","22":"product-type-simple"},"acf":[],"yoast_head":"<title>Rockstud glass jar - Matte Black - 320ml - Antwerp Luxury Candle Supplies<\/title>\n<meta name=\"robots\" content=\"index, follow, max-snippet:-1, max-image-preview:large, max-video-preview:-1\" \/>\n<link rel=\"canonical\" href=\"https:\/\/luxurycandlesupplies.eu\/es\/producto\/tarro-de-cristal-stud-negro-mate\/\" \/>\n<meta property=\"og:locale\" content=\"es_ES\" \/>\n<meta property=\"og:type\" content=\"article\" \/>\n<meta property=\"og:title\" content=\"Rockstud glass jar - Matte Black - 320ml - Antwerp Luxury Candle Supplies\" \/>\n<meta property=\"og:description\" content=\"SPECIFICATION External Vessel Dimensions (with lid): 90mm\u00d8 x 110mmH External Vessel Dimensions (no lid): 90mm\u00d8 x 95mmH Internal Vessel Dimensions: 90mm\u00d8 x 81mmH (including interior ridges 35mmH) Vessel Capacity: 320ml Vessel Weight: 660g  Suitable Lid: Our Stud Range comes with a matching, patterned glass lid. Suitable Packaging: Smart Box Large, Flatpack Large Suggested Wick Size*: LCS80 *Please note, wick sizes are suggestions only. For optimum results, we recommend users conduct their own wick tests with different blends of wax and oils that they intend to use.  Available in single units. Carton size: 18 units  Please note, product photo may differ from actual item in terms of colour due to lighting and\/or manufacturing.  &nbsp;\" \/>\n<meta property=\"og:url\" content=\"https:\/\/luxurycandlesupplies.eu\/es\/producto\/tarro-de-cristal-stud-negro-mate\/\" \/>\n<meta property=\"og:site_name\" content=\"Antwerp Luxury Candle Supplies\" \/>\n<meta property=\"article:publisher\" content=\"https:\/\/www.facebook.com\/Antwerpluxurycandlesupplies\/\" \/>\n<meta property=\"article:modified_time\" content=\"2025-11-28T07:51:27+00:00\" \/>\n<meta property=\"og:image\" content=\"https:\/\/luxurycandlesupplies.eu\/app\/uploads\/2022\/10\/Stud-Matt-Black.jpg\" \/>\n\t<meta property=\"og:image:width\" content=\"800\" \/>\n\t<meta property=\"og:image:height\" content=\"666\" \/>\n\t<meta property=\"og:image:type\" content=\"image\/jpeg\" \/>\n<meta name=\"twitter:card\" content=\"summary_large_image\" \/>\n<meta name=\"twitter:label1\" content=\"Tiempo de lectura\" \/>\n\t<meta name=\"twitter:data1\" content=\"1 minuto\" \/>\n<script type=\"application\/ld+json\" class=\"yoast-schema-graph\">{\"@context\":\"https:\\\/\\\/schema.org\",\"@graph\":[{\"@type\":\"WebPage\",\"@id\":\"https:\\\/\\\/luxurycandlesupplies.eu\\\/product\\\/stud-glass-jar-matte-black\\\/\",\"url\":\"https:\\\/\\\/luxurycandlesupplies.eu\\\/product\\\/stud-glass-jar-matte-black\\\/\",\"name\":\"Rockstud glass jar - Matte Black - 320ml - Antwerp Luxury Candle Supplies\",\"isPartOf\":{\"@id\":\"https:\\\/\\\/luxurycandlesupplies.eu\\\/#website\"},\"primaryImageOfPage\":{\"@id\":\"https:\\\/\\\/luxurycandlesupplies.eu\\\/product\\\/stud-glass-jar-matte-black\\\/#primaryimage\"},\"image\":{\"@id\":\"https:\\\/\\\/luxurycandlesupplies.eu\\\/product\\\/stud-glass-jar-matte-black\\\/#primaryimage\"},\"thumbnailUrl\":\"https:\\\/\\\/luxurycandlesupplies.eu\\\/app\\\/uploads\\\/2022\\\/10\\\/Stud-Matt-Black.jpg\",\"datePublished\":\"2022-10-27T12:17:57+00:00\",\"dateModified\":\"2025-11-28T07:51:27+00:00\",\"breadcrumb\":{\"@id\":\"https:\\\/\\\/luxurycandlesupplies.eu\\\/product\\\/stud-glass-jar-matte-black\\\/#breadcrumb\"},\"inLanguage\":\"es\",\"potentialAction\":[{\"@type\":\"ReadAction\",\"target\":[\"https:\\\/\\\/luxurycandlesupplies.eu\\\/product\\\/stud-glass-jar-matte-black\\\/\"]}]},{\"@type\":\"ImageObject\",\"inLanguage\":\"es\",\"@id\":\"https:\\\/\\\/luxurycandlesupplies.eu\\\/product\\\/stud-glass-jar-matte-black\\\/#primaryimage\",\"url\":\"https:\\\/\\\/luxurycandlesupplies.eu\\\/app\\\/uploads\\\/2022\\\/10\\\/Stud-Matt-Black.jpg\",\"contentUrl\":\"https:\\\/\\\/luxurycandlesupplies.eu\\\/app\\\/uploads\\\/2022\\\/10\\\/Stud-Matt-Black.jpg\",\"width\":800,\"height\":666},{\"@type\":\"BreadcrumbList\",\"@id\":\"https:\\\/\\\/luxurycandlesupplies.eu\\\/product\\\/stud-glass-jar-matte-black\\\/#breadcrumb\",\"itemListElement\":[{\"@type\":\"ListItem\",\"position\":1,\"name\":\"Home\",\"item\":\"https:\\\/\\\/luxurycandlesupplies.eu\\\/\"},{\"@type\":\"ListItem\",\"position\":2,\"name\":\"Shop\",\"item\":\"https:\\\/\\\/luxurycandlesupplies.eu\\\/shop\\\/\"},{\"@type\":\"ListItem\",\"position\":3,\"name\":\"Rockstud glass jar &#8211; Matte Black &#8211; 320ml\"}]},{\"@type\":\"WebSite\",\"@id\":\"https:\\\/\\\/luxurycandlesupplies.eu\\\/#website\",\"url\":\"https:\\\/\\\/luxurycandlesupplies.eu\\\/\",\"name\":\"Antwerp Luxury Candle Supplies\",\"description\":\"Distributor of all seasons soy wax\",\"publisher\":{\"@id\":\"https:\\\/\\\/luxurycandlesupplies.eu\\\/#organization\"},\"potentialAction\":[{\"@type\":\"SearchAction\",\"target\":{\"@type\":\"EntryPoint\",\"urlTemplate\":\"https:\\\/\\\/luxurycandlesupplies.eu\\\/?s={search_term_string}\"},\"query-input\":{\"@type\":\"PropertyValueSpecification\",\"valueRequired\":true,\"valueName\":\"search_term_string\"}}],\"inLanguage\":\"es\"},{\"@type\":\"Organization\",\"@id\":\"https:\\\/\\\/luxurycandlesupplies.eu\\\/#organization\",\"name\":\"Antwerp Luxury Candle Supplies\",\"url\":\"https:\\\/\\\/luxurycandlesupplies.eu\\\/\",\"logo\":{\"@type\":\"ImageObject\",\"inLanguage\":\"es\",\"@id\":\"https:\\\/\\\/luxurycandlesupplies.eu\\\/#\\\/schema\\\/logo\\\/image\\\/\",\"url\":\"https:\\\/\\\/luxurycandlesupplies.eu\\\/app\\\/uploads\\\/2022\\\/03\\\/antwerp-luxury-candle-supplies-1x.png\",\"contentUrl\":\"https:\\\/\\\/luxurycandlesupplies.eu\\\/app\\\/uploads\\\/2022\\\/03\\\/antwerp-luxury-candle-supplies-1x.png\",\"width\":330,\"height\":60,\"caption\":\"Antwerp Luxury Candle Supplies\"},\"image\":{\"@id\":\"https:\\\/\\\/luxurycandlesupplies.eu\\\/#\\\/schema\\\/logo\\\/image\\\/\"},\"sameAs\":[\"https:\\\/\\\/www.facebook.com\\\/Antwerpluxurycandlesupplies\\\/\",\"https:\\\/\\\/www.instagram.com\\\/antwerp_luxury_candle_supplies\\\/\",\"https:\\\/\\\/pin.it\\\/7joOXRW\"]}]}<\/script>","yoast_head_json":{"title":"Rockstud tarro de cristal - Negro mate - 320ml - Antwerp Luxury Candle Supplies","robots":{"index":"index","follow":"follow","max-snippet":"max-snippet:-1","max-image-preview":"max-image-preview:large","max-video-preview":"max-video-preview:-1"},"canonical":"https:\/\/luxurycandlesupplies.eu\/es\/producto\/tarro-de-cristal-stud-negro-mate\/","og_locale":"es_ES","og_type":"article","og_title":"Rockstud glass jar - Matte Black - 320ml - Antwerp Luxury Candle Supplies","og_description":"SPECIFICATION External Vessel Dimensions (with lid): 90mm\u00d8 x 110mmH External Vessel Dimensions (no lid): 90mm\u00d8 x 95mmH Internal Vessel Dimensions: 90mm\u00d8 x 81mmH (including interior ridges 35mmH) Vessel Capacity: 320ml Vessel Weight: 660g  Suitable Lid: Our Stud Range comes with a matching, patterned glass lid. Suitable Packaging: Smart Box Large, Flatpack Large Suggested Wick Size*: LCS80 *Please note, wick sizes are suggestions only. For optimum results, we recommend users conduct their own wick tests with different blends of wax and oils that they intend to use.  Available in single units. Carton size: 18 units  Please note, product photo may differ from actual item in terms of colour due to lighting and\/or manufacturing.  &nbsp;","og_url":"https:\/\/luxurycandlesupplies.eu\/es\/producto\/tarro-de-cristal-stud-negro-mate\/","og_site_name":"Antwerp Luxury Candle Supplies","article_publisher":"https:\/\/www.facebook.com\/Antwerpluxurycandlesupplies\/","article_modified_time":"2025-11-28T07:51:27+00:00","og_image":[{"width":800,"height":666,"url":"https:\/\/luxurycandlesupplies.eu\/app\/uploads\/2022\/10\/Stud-Matt-Black.jpg","type":"image\/jpeg"}],"twitter_card":"summary_large_image","twitter_misc":{"Tiempo de lectura":"1 minuto"},"schema":{"@context":"https:\/\/schema.org","@graph":[{"@type":"WebPage","@id":"https:\/\/luxurycandlesupplies.eu\/product\/stud-glass-jar-matte-black\/","url":"https:\/\/luxurycandlesupplies.eu\/product\/stud-glass-jar-matte-black\/","name":"Rockstud tarro de cristal - Negro mate - 320ml - Antwerp Luxury Candle Supplies","isPartOf":{"@id":"https:\/\/luxurycandlesupplies.eu\/#website"},"primaryImageOfPage":{"@id":"https:\/\/luxurycandlesupplies.eu\/product\/stud-glass-jar-matte-black\/#primaryimage"},"image":{"@id":"https:\/\/luxurycandlesupplies.eu\/product\/stud-glass-jar-matte-black\/#primaryimage"},"thumbnailUrl":"https:\/\/luxurycandlesupplies.eu\/app\/uploads\/2022\/10\/Stud-Matt-Black.jpg","datePublished":"2022-10-27T12:17:57+00:00","dateModified":"2025-11-28T07:51:27+00:00","breadcrumb":{"@id":"https:\/\/luxurycandlesupplies.eu\/product\/stud-glass-jar-matte-black\/#breadcrumb"},"inLanguage":"es","potentialAction":[{"@type":"ReadAction","target":["https:\/\/luxurycandlesupplies.eu\/product\/stud-glass-jar-matte-black\/"]}]},{"@type":"ImageObject","inLanguage":"es","@id":"https:\/\/luxurycandlesupplies.eu\/product\/stud-glass-jar-matte-black\/#primaryimage","url":"https:\/\/luxurycandlesupplies.eu\/app\/uploads\/2022\/10\/Stud-Matt-Black.jpg","contentUrl":"https:\/\/luxurycandlesupplies.eu\/app\/uploads\/2022\/10\/Stud-Matt-Black.jpg","width":800,"height":666},{"@type":"BreadcrumbList","@id":"https:\/\/luxurycandlesupplies.eu\/product\/stud-glass-jar-matte-black\/#breadcrumb","itemListElement":[{"@type":"ListItem","position":1,"name":"Home","item":"https:\/\/luxurycandlesupplies.eu\/"},{"@type":"ListItem","position":2,"name":"Shop","item":"https:\/\/luxurycandlesupplies.eu\/shop\/"},{"@type":"ListItem","position":3,"name":"Rockstud glass jar &#8211; Matte Black &#8211; 320ml"}]},{"@type":"WebSite","@id":"https:\/\/luxurycandlesupplies.eu\/#website","url":"https:\/\/luxurycandlesupplies.eu\/","name":"Suministros para velas de lujo de Amberes","description":"Distribuidor de cera de soja para todas las estaciones","publisher":{"@id":"https:\/\/luxurycandlesupplies.eu\/#organization"},"potentialAction":[{"@type":"SearchAction","target":{"@type":"EntryPoint","urlTemplate":"https:\/\/luxurycandlesupplies.eu\/?s={search_term_string}"},"query-input":{"@type":"PropertyValueSpecification","valueRequired":true,"valueName":"search_term_string"}}],"inLanguage":"es"},{"@type":"Organization","@id":"https:\/\/luxurycandlesupplies.eu\/#organization","name":"Suministros para velas de lujo de Amberes","url":"https:\/\/luxurycandlesupplies.eu\/","logo":{"@type":"ImageObject","inLanguage":"es","@id":"https:\/\/luxurycandlesupplies.eu\/#\/schema\/logo\/image\/","url":"https:\/\/luxurycandlesupplies.eu\/app\/uploads\/2022\/03\/antwerp-luxury-candle-supplies-1x.png","contentUrl":"https:\/\/luxurycandlesupplies.eu\/app\/uploads\/2022\/03\/antwerp-luxury-candle-supplies-1x.png","width":330,"height":60,"caption":"Antwerp Luxury Candle Supplies"},"image":{"@id":"https:\/\/luxurycandlesupplies.eu\/#\/schema\/logo\/image\/"},"sameAs":["https:\/\/www.facebook.com\/Antwerpluxurycandlesupplies\/","https:\/\/www.instagram.com\/antwerp_luxury_candle_supplies\/","https:\/\/pin.it\/7joOXRW"]}]}},"_links":{"self":[{"href":"https:\/\/luxurycandlesupplies.eu\/es\/wp-json\/wp\/v2\/product\/2905","targetHints":{"allow":["GET"]}}],"collection":[{"href":"https:\/\/luxurycandlesupplies.eu\/es\/wp-json\/wp\/v2\/product"}],"about":[{"href":"https:\/\/luxurycandlesupplies.eu\/es\/wp-json\/wp\/v2\/types\/product"}],"wp:featuredmedia":[{"embeddable":true,"href":"https:\/\/luxurycandlesupplies.eu\/es\/wp-json\/wp\/v2\/media\/2834"}],"wp:attachment":[{"href":"https:\/\/luxurycandlesupplies.eu\/es\/wp-json\/wp\/v2\/media?parent=2905"}],"wp:term":[{"taxonomy":"product_brand","embeddable":true,"href":"https:\/\/luxurycandlesupplies.eu\/es\/wp-json\/wp\/v2\/product_brand?post=2905"},{"taxonomy":"product_cat","embeddable":true,"href":"https:\/\/luxurycandlesupplies.eu\/es\/wp-json\/wp\/v2\/product_cat?post=2905"},{"taxonomy":"product_tag","embeddable":true,"href":"https:\/\/luxurycandlesupplies.eu\/es\/wp-json\/wp\/v2\/product_tag?post=2905"}],"curies":[{"name":"wp","href":"https:\/\/api.w.org\/{rel}","templated":true}]}}