{"id":29650,"date":"2026-04-20T11:09:22","date_gmt":"2026-04-20T09:09:22","guid":{"rendered":"https:\/\/luxurycandlesupplies.eu\/?post_type=product&#038;p=29650"},"modified":"2026-04-24T14:55:02","modified_gmt":"2026-04-24T12:55:02","slug":"s-wave-mecha-de-madera-30-x-150-mm-10-piezas","status":"publish","type":"product","link":"https:\/\/luxurycandlesupplies.eu\/es\/product\/s-wave-wood-wick-30-x-150-mm-10-pcs\/","title":{"rendered":"Mecha de madera S Wave 30 x 120 mm - 10 piezas"},"content":{"rendered":"<h2>DESCRIPCI\u00d3N<\/h2>\n<hr \/>\n<p>Crea un ambiente diferente para tus velas con una doble mecha de madera crepitante. \u00a1Leng\u00fceta met\u00e1lica incluida!<\/p>\n<p>La mecha de madera S se recorta sola y no requiere ning\u00fan cuidado durante y despu\u00e9s de la combusti\u00f3n.<br \/>\nLa forma de S crea una llama sutil que baila y emite un ligero crujido mientras se disfruta.<\/p>\n<h3>USO<\/h3>\n<hr \/>\n<p><strong>*Tenga en cuenta que los di\u00e1metros de los recipientes que se indican a continuaci\u00f3n son s\u00f3lo sugerencias para recipientes de vidrio. Recomendamos encarecidamente a los usuarios que realicen sus propias pruebas de mecha con cada mezcla diferente de cera y aceite que pretendan utilizar.<\/strong><\/p>\n<p>Si tiene alguna pregunta, no dude en\u00a0<a href=\"https:\/\/luxurycandlesupplies.eu\/es\/pongase-en-contacto-con\/\">Contacto<\/a>.<\/p>\n<p><a href=\"https:\/\/luxurycandlesupplies.eu\/app\/uploads\/2023\/01\/Burn-rate-chart-Wood-wicks.pdf\" target=\"_blank\" rel=\"noopener\"><img fetchpriority=\"high\" decoding=\"async\" class=\"alignnone size-full wp-image-41582\" src=\"https:\/\/luxurycandlesupplies.eu\/app\/uploads\/2023\/07\/woodwicks-guide.jpg\" alt=\"\" width=\"1020\" height=\"676\" \/><\/a><\/p>\n<p><a href=\"https:\/\/luxurycandlesupplies.eu\/app\/uploads\/2023\/01\/Burn-rate-chart-Wood-wicks.pdf\" target=\"_blank\" rel=\"noopener\">Descargar el gr\u00e1fico en PDF<\/a><\/p>\n<p>&nbsp;<\/p>\n<h3>ESPECIFICACIONES<\/h3>\n<hr \/>\n<p><strong>Espesor<\/strong>: 0,5 mm<br \/>\n<strong>Dimensiones<\/strong>: 30mmAn x 150mmAl<br \/>\n<strong>Dimensiones de la leng\u00fceta met\u00e1lica<\/strong>: 13mmAn x 16mmL x 10mmAl<br \/>\n<strong>Paquete<\/strong>: vendido en cantidad de 10<\/p>\n<p>&nbsp;<\/p>","protected":false},"excerpt":{"rendered":"<p>La tecnolog\u00eda de doble mecha de madera crea una llama m\u00e1s grande para el impacto y un sonido de fuego crepitante mientras se quema.<\/p>\n<p>Crea un ambiente diferente para tus velas con una mecha de madera doble crepitante. Cada mecha necesita una leng\u00fceta met\u00e1lica.<\/p>\n<p>La mecha de madera doble se recorta sola y no requiere ning\u00fan cuidado durante y despu\u00e9s de la combusti\u00f3n.<\/p>\n<p><strong>Se venden en lotes de 10<\/strong><\/p>\n<p>Leng\u00fceta met\u00e1lica incluida<\/p>\n<p>&nbsp;<\/p>","protected":false},"featured_media":1981,"template":"","meta":{"_acf_changed":false,"site-sidebar-layout":"default","site-content-layout":"default","ast-site-content-layout":"default","site-content-style":"default","site-sidebar-style":"default","ast-global-header-display":"","ast-banner-title-visibility":"","ast-main-header-display":"","ast-hfb-above-header-display":"","ast-hfb-below-header-display":"","ast-hfb-mobile-header-display":"","site-post-title":"","ast-breadcrumbs-content":"","ast-featured-img":"","footer-sml-layout":"","ast-disable-related-posts":"","theme-transparent-header-meta":"default","adv-header-id-meta":"","stick-header-meta":"","header-above-stick-meta":"","header-main-stick-meta":"","header-below-stick-meta":"","astra-migrate-meta-layouts":"set","ast-page-background-enabled":"default","ast-page-background-meta":{"desktop":{"background-color":"","background-image":"","background-repeat":"repeat","background-position":"center center","background-size":"auto","background-attachment":"scroll","background-type":"","background-media":"","overlay-type":"","overlay-color":"","overlay-opacity":"","overlay-gradient":""},"tablet":{"background-color":"","background-image":"","background-repeat":"repeat","background-position":"center center","background-size":"auto","background-attachment":"scroll","background-type":"","background-media":"","overlay-type":"","overlay-color":"","overlay-opacity":"","overlay-gradient":""},"mobile":{"background-color":"","background-image":"","background-repeat":"repeat","background-position":"center center","background-size":"auto","background-attachment":"scroll","background-type":"","background-media":"","overlay-type":"","overlay-color":"","overlay-opacity":"","overlay-gradient":""}},"ast-content-background-meta":{"desktop":{"background-color":"var(--ast-global-color-5)","background-image":"","background-repeat":"repeat","background-position":"center center","background-size":"auto","background-attachment":"scroll","background-type":"","background-media":"","overlay-type":"","overlay-color":"","overlay-opacity":"","overlay-gradient":""},"tablet":{"background-color":"var(--ast-global-color-5)","background-image":"","background-repeat":"repeat","background-position":"center center","background-size":"auto","background-attachment":"scroll","background-type":"","background-media":"","overlay-type":"","overlay-color":"","overlay-opacity":"","overlay-gradient":""},"mobile":{"background-color":"var(--ast-global-color-5)","background-image":"","background-repeat":"repeat","background-position":"center center","background-size":"auto","background-attachment":"scroll","background-type":"","background-media":"","overlay-type":"","overlay-color":"","overlay-opacity":"","overlay-gradient":""}}},"product_brand":[],"product_cat":[18,53],"product_tag":[19,33,38,39,35,37],"class_list":{"0":"post-29650","1":"product","2":"type-product","3":"status-publish","4":"has-post-thumbnail","6":"product_cat-wicks","7":"product_cat-wood-wicks","8":"product_tag-all-seasons-wax","9":"product_tag-candle-making-accessories","10":"product_tag-metal-tabs","11":"product_tag-sustainer-tabs","12":"product_tag-wicks","13":"product_tag-wood-wicks","14":"desktop-align-left","15":"tablet-align-left","16":"mobile-align-left","17":"ast-product-gallery-layout-horizontal-slider","18":"ast-product-gallery-with-no-image","19":"ast-product-tabs-layout-horizontal","21":"first","22":"instock","23":"taxable","24":"shipping-taxable","25":"purchasable","26":"product-type-simple"},"acf":[],"yoast_head":"<title>S Wave Wood Wick 30 x 120 mm - 10 pcs - Antwerp Luxury Candle Supplies<\/title>\n<meta name=\"robots\" content=\"index, follow, max-snippet:-1, max-image-preview:large, max-video-preview:-1\" \/>\n<link rel=\"canonical\" href=\"https:\/\/luxurycandlesupplies.eu\/es\/producto\/s-wave-mecha-de-madera-30-x-150-mm-10-piezas\/\" \/>\n<meta property=\"og:locale\" content=\"es_ES\" \/>\n<meta property=\"og:type\" content=\"article\" \/>\n<meta property=\"og:title\" content=\"S Wave Wood Wick 30 x 120 mm - 10 pcs - Antwerp Luxury Candle Supplies\" \/>\n<meta property=\"og:description\" content=\"The Double Wood Wick technology creates a larger flame for impact and a crackle fire sound whilst being burned.  Create a different ambience for your candles with a crackling double wood wick. Each wick needs a metal tab.  The Double Wood Wick is self trimming and doesn&#039;t require any care during and after burn.  Sold in QTYs of 10  Metal tab included!  &nbsp;\" \/>\n<meta property=\"og:url\" content=\"https:\/\/luxurycandlesupplies.eu\/es\/producto\/s-wave-mecha-de-madera-30-x-150-mm-10-piezas\/\" \/>\n<meta property=\"og:site_name\" content=\"Antwerp Luxury Candle Supplies\" \/>\n<meta property=\"article:publisher\" content=\"https:\/\/www.facebook.com\/Antwerpluxurycandlesupplies\/\" \/>\n<meta property=\"article:modified_time\" content=\"2026-04-24T12:55:02+00:00\" \/>\n<meta property=\"og:image\" content=\"https:\/\/luxurycandlesupplies.eu\/app\/uploads\/2022\/05\/woodwick_s-wick_40mm-300x300-1.jpg\" \/>\n\t<meta property=\"og:image:width\" content=\"300\" \/>\n\t<meta property=\"og:image:height\" content=\"300\" \/>\n\t<meta property=\"og:image:type\" content=\"image\/jpeg\" \/>\n<meta name=\"twitter:card\" content=\"summary_large_image\" \/>\n<meta name=\"twitter:label1\" content=\"Tiempo de lectura\" \/>\n\t<meta name=\"twitter:data1\" content=\"1 minuto\" \/>\n<script type=\"application\/ld+json\" class=\"yoast-schema-graph\">{\"@context\":\"https:\\\/\\\/schema.org\",\"@graph\":[{\"@type\":\"WebPage\",\"@id\":\"https:\\\/\\\/luxurycandlesupplies.eu\\\/product\\\/s-wave-wood-wick-30-x-150-mm-10-pcs\\\/\",\"url\":\"https:\\\/\\\/luxurycandlesupplies.eu\\\/product\\\/s-wave-wood-wick-30-x-150-mm-10-pcs\\\/\",\"name\":\"S Wave Wood Wick 30 x 120 mm - 10 pcs - Antwerp Luxury Candle Supplies\",\"isPartOf\":{\"@id\":\"https:\\\/\\\/luxurycandlesupplies.eu\\\/#website\"},\"primaryImageOfPage\":{\"@id\":\"https:\\\/\\\/luxurycandlesupplies.eu\\\/product\\\/s-wave-wood-wick-30-x-150-mm-10-pcs\\\/#primaryimage\"},\"image\":{\"@id\":\"https:\\\/\\\/luxurycandlesupplies.eu\\\/product\\\/s-wave-wood-wick-30-x-150-mm-10-pcs\\\/#primaryimage\"},\"thumbnailUrl\":\"https:\\\/\\\/luxurycandlesupplies.eu\\\/app\\\/uploads\\\/2022\\\/05\\\/woodwick_s-wick_40mm-300x300-1.jpg\",\"datePublished\":\"2026-04-20T09:09:22+00:00\",\"dateModified\":\"2026-04-24T12:55:02+00:00\",\"breadcrumb\":{\"@id\":\"https:\\\/\\\/luxurycandlesupplies.eu\\\/product\\\/s-wave-wood-wick-30-x-150-mm-10-pcs\\\/#breadcrumb\"},\"inLanguage\":\"es\",\"potentialAction\":[{\"@type\":\"ReadAction\",\"target\":[\"https:\\\/\\\/luxurycandlesupplies.eu\\\/product\\\/s-wave-wood-wick-30-x-150-mm-10-pcs\\\/\"]}]},{\"@type\":\"ImageObject\",\"inLanguage\":\"es\",\"@id\":\"https:\\\/\\\/luxurycandlesupplies.eu\\\/product\\\/s-wave-wood-wick-30-x-150-mm-10-pcs\\\/#primaryimage\",\"url\":\"https:\\\/\\\/luxurycandlesupplies.eu\\\/app\\\/uploads\\\/2022\\\/05\\\/woodwick_s-wick_40mm-300x300-1.jpg\",\"contentUrl\":\"https:\\\/\\\/luxurycandlesupplies.eu\\\/app\\\/uploads\\\/2022\\\/05\\\/woodwick_s-wick_40mm-300x300-1.jpg\",\"width\":300,\"height\":300},{\"@type\":\"BreadcrumbList\",\"@id\":\"https:\\\/\\\/luxurycandlesupplies.eu\\\/product\\\/s-wave-wood-wick-30-x-150-mm-10-pcs\\\/#breadcrumb\",\"itemListElement\":[{\"@type\":\"ListItem\",\"position\":1,\"name\":\"Home\",\"item\":\"https:\\\/\\\/luxurycandlesupplies.eu\\\/\"},{\"@type\":\"ListItem\",\"position\":2,\"name\":\"Shop\",\"item\":\"https:\\\/\\\/luxurycandlesupplies.eu\\\/shop\\\/\"},{\"@type\":\"ListItem\",\"position\":3,\"name\":\"S Wave Wood Wick 30 x 120 mm &#8211; 10 pcs\"}]},{\"@type\":\"WebSite\",\"@id\":\"https:\\\/\\\/luxurycandlesupplies.eu\\\/#website\",\"url\":\"https:\\\/\\\/luxurycandlesupplies.eu\\\/\",\"name\":\"Antwerp Luxury Candle Supplies\",\"description\":\"Distributor of all seasons soy wax\",\"publisher\":{\"@id\":\"https:\\\/\\\/luxurycandlesupplies.eu\\\/#organization\"},\"potentialAction\":[{\"@type\":\"SearchAction\",\"target\":{\"@type\":\"EntryPoint\",\"urlTemplate\":\"https:\\\/\\\/luxurycandlesupplies.eu\\\/?s={search_term_string}\"},\"query-input\":{\"@type\":\"PropertyValueSpecification\",\"valueRequired\":true,\"valueName\":\"search_term_string\"}}],\"inLanguage\":\"es\"},{\"@type\":\"Organization\",\"@id\":\"https:\\\/\\\/luxurycandlesupplies.eu\\\/#organization\",\"name\":\"Antwerp Luxury Candle Supplies\",\"url\":\"https:\\\/\\\/luxurycandlesupplies.eu\\\/\",\"logo\":{\"@type\":\"ImageObject\",\"inLanguage\":\"es\",\"@id\":\"https:\\\/\\\/luxurycandlesupplies.eu\\\/#\\\/schema\\\/logo\\\/image\\\/\",\"url\":\"https:\\\/\\\/luxurycandlesupplies.eu\\\/app\\\/uploads\\\/2022\\\/03\\\/antwerp-luxury-candle-supplies-1x.png\",\"contentUrl\":\"https:\\\/\\\/luxurycandlesupplies.eu\\\/app\\\/uploads\\\/2022\\\/03\\\/antwerp-luxury-candle-supplies-1x.png\",\"width\":330,\"height\":60,\"caption\":\"Antwerp Luxury Candle Supplies\"},\"image\":{\"@id\":\"https:\\\/\\\/luxurycandlesupplies.eu\\\/#\\\/schema\\\/logo\\\/image\\\/\"},\"sameAs\":[\"https:\\\/\\\/www.facebook.com\\\/Antwerpluxurycandlesupplies\\\/\",\"https:\\\/\\\/www.instagram.com\\\/antwerp_luxury_candle_supplies\\\/\",\"https:\\\/\\\/pin.it\\\/7joOXRW\"]}]}<\/script>","yoast_head_json":{"title":"Mecha de Madera S Wave 30 x 120 mm - 10 piezas - Antwerp Luxury Candle Supplies","robots":{"index":"index","follow":"follow","max-snippet":"max-snippet:-1","max-image-preview":"max-image-preview:large","max-video-preview":"max-video-preview:-1"},"canonical":"https:\/\/luxurycandlesupplies.eu\/es\/producto\/s-wave-mecha-de-madera-30-x-150-mm-10-piezas\/","og_locale":"es_ES","og_type":"article","og_title":"S Wave Wood Wick 30 x 120 mm - 10 pcs - Antwerp Luxury Candle Supplies","og_description":"The Double Wood Wick technology creates a larger flame for impact and a crackle fire sound whilst being burned.  Create a different ambience for your candles with a crackling double wood wick. Each wick needs a metal tab.  The Double Wood Wick is self trimming and doesn't require any care during and after burn.  Sold in QTYs of 10  Metal tab included!  &nbsp;","og_url":"https:\/\/luxurycandlesupplies.eu\/es\/producto\/s-wave-mecha-de-madera-30-x-150-mm-10-piezas\/","og_site_name":"Antwerp Luxury Candle Supplies","article_publisher":"https:\/\/www.facebook.com\/Antwerpluxurycandlesupplies\/","article_modified_time":"2026-04-24T12:55:02+00:00","og_image":[{"width":300,"height":300,"url":"https:\/\/luxurycandlesupplies.eu\/app\/uploads\/2022\/05\/woodwick_s-wick_40mm-300x300-1.jpg","type":"image\/jpeg"}],"twitter_card":"summary_large_image","twitter_misc":{"Tiempo de lectura":"1 minuto"},"schema":{"@context":"https:\/\/schema.org","@graph":[{"@type":"WebPage","@id":"https:\/\/luxurycandlesupplies.eu\/product\/s-wave-wood-wick-30-x-150-mm-10-pcs\/","url":"https:\/\/luxurycandlesupplies.eu\/product\/s-wave-wood-wick-30-x-150-mm-10-pcs\/","name":"Mecha de Madera S Wave 30 x 120 mm - 10 piezas - Antwerp Luxury Candle Supplies","isPartOf":{"@id":"https:\/\/luxurycandlesupplies.eu\/#website"},"primaryImageOfPage":{"@id":"https:\/\/luxurycandlesupplies.eu\/product\/s-wave-wood-wick-30-x-150-mm-10-pcs\/#primaryimage"},"image":{"@id":"https:\/\/luxurycandlesupplies.eu\/product\/s-wave-wood-wick-30-x-150-mm-10-pcs\/#primaryimage"},"thumbnailUrl":"https:\/\/luxurycandlesupplies.eu\/app\/uploads\/2022\/05\/woodwick_s-wick_40mm-300x300-1.jpg","datePublished":"2026-04-20T09:09:22+00:00","dateModified":"2026-04-24T12:55:02+00:00","breadcrumb":{"@id":"https:\/\/luxurycandlesupplies.eu\/product\/s-wave-wood-wick-30-x-150-mm-10-pcs\/#breadcrumb"},"inLanguage":"es","potentialAction":[{"@type":"ReadAction","target":["https:\/\/luxurycandlesupplies.eu\/product\/s-wave-wood-wick-30-x-150-mm-10-pcs\/"]}]},{"@type":"ImageObject","inLanguage":"es","@id":"https:\/\/luxurycandlesupplies.eu\/product\/s-wave-wood-wick-30-x-150-mm-10-pcs\/#primaryimage","url":"https:\/\/luxurycandlesupplies.eu\/app\/uploads\/2022\/05\/woodwick_s-wick_40mm-300x300-1.jpg","contentUrl":"https:\/\/luxurycandlesupplies.eu\/app\/uploads\/2022\/05\/woodwick_s-wick_40mm-300x300-1.jpg","width":300,"height":300},{"@type":"BreadcrumbList","@id":"https:\/\/luxurycandlesupplies.eu\/product\/s-wave-wood-wick-30-x-150-mm-10-pcs\/#breadcrumb","itemListElement":[{"@type":"ListItem","position":1,"name":"Home","item":"https:\/\/luxurycandlesupplies.eu\/"},{"@type":"ListItem","position":2,"name":"Shop","item":"https:\/\/luxurycandlesupplies.eu\/shop\/"},{"@type":"ListItem","position":3,"name":"S Wave Wood Wick 30 x 120 mm &#8211; 10 pcs"}]},{"@type":"WebSite","@id":"https:\/\/luxurycandlesupplies.eu\/#website","url":"https:\/\/luxurycandlesupplies.eu\/","name":"Suministros para velas de lujo de Amberes","description":"Distribuidor de cera de soja para todas las estaciones","publisher":{"@id":"https:\/\/luxurycandlesupplies.eu\/#organization"},"potentialAction":[{"@type":"SearchAction","target":{"@type":"EntryPoint","urlTemplate":"https:\/\/luxurycandlesupplies.eu\/?s={search_term_string}"},"query-input":{"@type":"PropertyValueSpecification","valueRequired":true,"valueName":"search_term_string"}}],"inLanguage":"es"},{"@type":"Organization","@id":"https:\/\/luxurycandlesupplies.eu\/#organization","name":"Suministros para velas de lujo de Amberes","url":"https:\/\/luxurycandlesupplies.eu\/","logo":{"@type":"ImageObject","inLanguage":"es","@id":"https:\/\/luxurycandlesupplies.eu\/#\/schema\/logo\/image\/","url":"https:\/\/luxurycandlesupplies.eu\/app\/uploads\/2022\/03\/antwerp-luxury-candle-supplies-1x.png","contentUrl":"https:\/\/luxurycandlesupplies.eu\/app\/uploads\/2022\/03\/antwerp-luxury-candle-supplies-1x.png","width":330,"height":60,"caption":"Antwerp Luxury Candle Supplies"},"image":{"@id":"https:\/\/luxurycandlesupplies.eu\/#\/schema\/logo\/image\/"},"sameAs":["https:\/\/www.facebook.com\/Antwerpluxurycandlesupplies\/","https:\/\/www.instagram.com\/antwerp_luxury_candle_supplies\/","https:\/\/pin.it\/7joOXRW"]}]}},"_links":{"self":[{"href":"https:\/\/luxurycandlesupplies.eu\/es\/wp-json\/wp\/v2\/product\/29650","targetHints":{"allow":["GET"]}}],"collection":[{"href":"https:\/\/luxurycandlesupplies.eu\/es\/wp-json\/wp\/v2\/product"}],"about":[{"href":"https:\/\/luxurycandlesupplies.eu\/es\/wp-json\/wp\/v2\/types\/product"}],"wp:featuredmedia":[{"embeddable":true,"href":"https:\/\/luxurycandlesupplies.eu\/es\/wp-json\/wp\/v2\/media\/1981"}],"wp:attachment":[{"href":"https:\/\/luxurycandlesupplies.eu\/es\/wp-json\/wp\/v2\/media?parent=29650"}],"wp:term":[{"taxonomy":"product_brand","embeddable":true,"href":"https:\/\/luxurycandlesupplies.eu\/es\/wp-json\/wp\/v2\/product_brand?post=29650"},{"taxonomy":"product_cat","embeddable":true,"href":"https:\/\/luxurycandlesupplies.eu\/es\/wp-json\/wp\/v2\/product_cat?post=29650"},{"taxonomy":"product_tag","embeddable":true,"href":"https:\/\/luxurycandlesupplies.eu\/es\/wp-json\/wp\/v2\/product_tag?post=29650"}],"curies":[{"name":"wp","href":"https:\/\/api.w.org\/{rel}","templated":true}]}}