{"id":29823,"date":"2026-04-23T13:04:42","date_gmt":"2026-04-23T11:04:42","guid":{"rendered":"https:\/\/luxurycandlesupplies.eu\/?post_type=product&#038;p=29823"},"modified":"2026-04-27T17:05:06","modified_gmt":"2026-04-27T15:05:06","slug":"infusion-de-naranja-sanguina","status":"publish","type":"product","link":"https:\/\/luxurycandlesupplies.eu\/es\/product\/blood-orange-brew\/","title":{"rendered":"Cerveza de naranja sanguina"},"content":{"rendered":"<h3>DESCRIPCI\u00d3N<\/h3>\n<div><\/div>\n<h3>Cerveza de naranja sanguina<\/h3>\n<p>Una fragancia audaz y energizante que combina el brillo picante de la naranja sanguina con un toque c\u00e1lido y arom\u00e1tico. <strong data-start=\"149\" data-end=\"170\">Cerveza de naranja sanguina<\/strong> se abre con un vibrante estallido de jugosos c\u00edtricos, con un car\u00e1cter fresco y ligeramente \u00e1cido que despierta los sentidos al instante.<\/p>\n<p>&nbsp;<\/p>\n<p>Notas de salida: Naranja sanguina, mandarina, bergamota, neroli<\/p>\n<p>Notas medias: Fresia rosa y amarilla, melocot\u00f3n<\/p>\n<p>Notas de fondo: S\u00e1ndalo, Musk<\/p>\n<p>&nbsp;<\/p>\n<p data-start=\"0\" data-end=\"36\"><strong data-start=\"0\" data-end=\"36\">Aceite con fragancia - Edici\u00f3n limitada<\/strong><\/p>\n<p data-start=\"38\" data-end=\"251\">Descubre nuestra <strong data-start=\"51\" data-end=\"85\">aceites con fragancia de edici\u00f3n limitada<\/strong>, ahora disponibles a precios excepcionales. Estos aromas de alta calidad ofrecen un rendimiento excelente y son perfectos para velas, difusores y otros productos de fragancia para el hogar.<\/p>\n<p data-start=\"253\" data-end=\"404\">Cada fragancia ha sido cuidadosamente seleccionada para proporcionar un aroma intenso y duradero, por lo que son ideales tanto para uso personal como profesional.<\/p>\n<p data-start=\"406\" data-end=\"469\" data-is-last-node=\"\" data-is-only-node=\"\">Disponible exclusivamente en <strong data-start=\"431\" data-end=\"449\">Botellas de 500 ml<\/strong>, hasta agotar existencias.<\/p>\n<p>&nbsp;<\/p>\n<p><strong>Aplicaciones adecuadas\u00a0<\/strong><\/p>\n<ul>\n<li>Velas<\/li>\n<li>Cera fundida<\/li>\n<li>Difusores Reed<\/li>\n<li>Sprays para habitaciones<\/li>\n<\/ul>\n<p>&nbsp;<\/p>\n<h3>NUESTRA RECOMENDACI\u00d3N<\/h3>\n<hr \/>\n<div>\n<p>El uso de aceites de fragancia depender\u00e1 del producto que est\u00e9 creando. Consulte la siguiente gu\u00eda para conocer las proporciones recomendadas para su producto.<\/p>\n<p>Tenga en cuenta que los valores indicados a continuaci\u00f3n son s\u00f3lo sugerencias. Recomendamos a los usuarios que realicen sus propias pruebas con las mezclas de cera y aceite previstas para obtener resultados \u00f3ptimos.<\/p>\n<p>Velas: 6-10% (exentas de UFI hasta 12%)<br \/>\nWaxmelts: 10-12%<\/p>\n<p>Difusores: 20-30%<\/p>\n<p>&nbsp;<\/p>\n<p>&nbsp;<\/p>\n<\/div>\n<h2>INFORMACI\u00d3N SOBRE CLP Y SDS<\/h2>\n<hr \/>\n<p><a href=\"https:\/\/luxurycandlesupplies.eu\/app\/uploads\/2026\/04\/IFRA-Certificate-000329-1.pdf\">Certificado IFRA - 000329 <\/a><\/p>\n<p><a href=\"https:\/\/luxurycandlesupplies.eu\/app\/uploads\/2026\/04\/CLP-Safety-Data-Sheet-Banded-000329-1.pdf\">Ficha de datos de seguridad CLP (con bandas) - 000329 <\/a><\/p>\n<p><a href=\"https:\/\/luxurycandlesupplies.eu\/app\/uploads\/2026\/04\/CLP-25-4.pdf\">CLP 25% <\/a><\/p>\n<p><a href=\"https:\/\/luxurycandlesupplies.eu\/app\/uploads\/2026\/04\/CLP-10-4.pdf\">CLP 10% <\/a><\/p>\n<p><a href=\"https:\/\/luxurycandlesupplies.eu\/app\/uploads\/2026\/04\/CLP-5-4.pdf\">CLP 5% <\/a><\/p>\n<p><a href=\"https:\/\/luxurycandlesupplies.eu\/app\/uploads\/2026\/04\/Allergen-Declaration-000329-1.pdf\">Declaraci\u00f3n de al\u00e9rgenos - 000329 <\/a><\/p>","protected":false},"excerpt":{"rendered":"<div><\/div>\n<h3>Cerveza de naranja sanguina<\/h3>\n<p>&nbsp;<\/p>\n<p>Una fragancia audaz y energizante que combina el brillo picante de la naranja sanguina con un toque c\u00e1lido y arom\u00e1tico. <strong data-start=\"149\" data-end=\"170\">Cerveza de naranja sanguina<\/strong> se abre con un vibrante estallido de jugosos c\u00edtricos, con un car\u00e1cter fresco y ligeramente \u00e1cido que despierta los sentidos al instante.<\/p>\n<p>&nbsp;<\/p>\n<p>Notas de salida: Naranja sanguina, mandarina, bergamota, neroli<\/p>\n<p>Notas medias: Fresia rosa y amarilla, melocot\u00f3n<\/p>\n<p>Notas de fondo: S\u00e1ndalo, Musk<\/p>","protected":false},"featured_media":29772,"template":"","meta":{"_acf_changed":false,"site-sidebar-layout":"default","site-content-layout":"default","ast-site-content-layout":"default","site-content-style":"default","site-sidebar-style":"default","ast-global-header-display":"","ast-banner-title-visibility":"","ast-main-header-display":"","ast-hfb-above-header-display":"","ast-hfb-below-header-display":"","ast-hfb-mobile-header-display":"","site-post-title":"","ast-breadcrumbs-content":"","ast-featured-img":"","footer-sml-layout":"","ast-disable-related-posts":"","theme-transparent-header-meta":"default","adv-header-id-meta":"","stick-header-meta":"","header-above-stick-meta":"","header-main-stick-meta":"","header-below-stick-meta":"","astra-migrate-meta-layouts":"set","ast-page-background-enabled":"default","ast-page-background-meta":{"desktop":{"background-color":"","background-image":"","background-repeat":"repeat","background-position":"center center","background-size":"auto","background-attachment":"scroll","background-type":"","background-media":"","overlay-type":"","overlay-color":"","overlay-opacity":"","overlay-gradient":""},"tablet":{"background-color":"","background-image":"","background-repeat":"repeat","background-position":"center center","background-size":"auto","background-attachment":"scroll","background-type":"","background-media":"","overlay-type":"","overlay-color":"","overlay-opacity":"","overlay-gradient":""},"mobile":{"background-color":"","background-image":"","background-repeat":"repeat","background-position":"center center","background-size":"auto","background-attachment":"scroll","background-type":"","background-media":"","overlay-type":"","overlay-color":"","overlay-opacity":"","overlay-gradient":""}},"ast-content-background-meta":{"desktop":{"background-color":"var(--ast-global-color-5)","background-image":"","background-repeat":"repeat","background-position":"center center","background-size":"auto","background-attachment":"scroll","background-type":"","background-media":"","overlay-type":"","overlay-color":"","overlay-opacity":"","overlay-gradient":""},"tablet":{"background-color":"var(--ast-global-color-5)","background-image":"","background-repeat":"repeat","background-position":"center center","background-size":"auto","background-attachment":"scroll","background-type":"","background-media":"","overlay-type":"","overlay-color":"","overlay-opacity":"","overlay-gradient":""},"mobile":{"background-color":"var(--ast-global-color-5)","background-image":"","background-repeat":"repeat","background-position":"center center","background-size":"auto","background-attachment":"scroll","background-type":"","background-media":"","overlay-type":"","overlay-color":"","overlay-opacity":"","overlay-gradient":""}}},"product_brand":[],"product_cat":[25],"product_tag":[],"class_list":{"0":"post-29823","1":"product","2":"type-product","3":"status-publish","4":"has-post-thumbnail","6":"product_cat-fragrances","7":"desktop-align-left","8":"tablet-align-left","9":"mobile-align-left","10":"ast-product-gallery-layout-horizontal-slider","11":"ast-product-gallery-with-no-image","12":"ast-product-tabs-layout-horizontal","14":"first","15":"instock","16":"taxable","17":"shipping-taxable","18":"purchasable","19":"product-type-simple"},"acf":[],"yoast_head":"<title>Blood Orange Brew - Antwerp Luxury Candle Supplies<\/title>\n<meta name=\"description\" content=\"Inspired by YSL Libre, this fragrance oil blends green apple, jasmine, iris, amber and musk. A fresh yet sensual scent for candles and home fragrance.\" \/>\n<meta name=\"robots\" content=\"index, follow, max-snippet:-1, max-image-preview:large, max-video-preview:-1\" \/>\n<link rel=\"canonical\" href=\"https:\/\/luxurycandlesupplies.eu\/es\/producto\/infusion-de-naranja-sanguina\/\" \/>\n<meta property=\"og:locale\" content=\"es_ES\" \/>\n<meta property=\"og:type\" content=\"article\" \/>\n<meta property=\"og:title\" content=\"Blood Orange Brew - Antwerp Luxury Candle Supplies\" \/>\n<meta property=\"og:description\" content=\"Inspired by YSL Libre, this fragrance oil blends green apple, jasmine, iris, amber and musk. A fresh yet sensual scent for candles and home fragrance.\" \/>\n<meta property=\"og:url\" content=\"https:\/\/luxurycandlesupplies.eu\/es\/producto\/infusion-de-naranja-sanguina\/\" \/>\n<meta property=\"og:site_name\" content=\"Antwerp Luxury Candle Supplies\" \/>\n<meta property=\"article:publisher\" content=\"https:\/\/www.facebook.com\/Antwerpluxurycandlesupplies\/\" \/>\n<meta property=\"article:modified_time\" content=\"2026-04-27T15:05:06+00:00\" \/>\n<meta property=\"og:image\" content=\"https:\/\/luxurycandlesupplies.eu\/app\/uploads\/2026\/04\/Blood-Orange-Brew.png\" \/>\n\t<meta property=\"og:image:width\" content=\"1080\" \/>\n\t<meta property=\"og:image:height\" content=\"1350\" \/>\n\t<meta property=\"og:image:type\" content=\"image\/png\" \/>\n<meta name=\"twitter:card\" content=\"summary_large_image\" \/>\n<meta name=\"twitter:label1\" content=\"Tiempo de lectura\" \/>\n\t<meta name=\"twitter:data1\" content=\"2 minutos\" \/>\n<script type=\"application\/ld+json\" class=\"yoast-schema-graph\">{\"@context\":\"https:\\\/\\\/schema.org\",\"@graph\":[{\"@type\":\"WebPage\",\"@id\":\"https:\\\/\\\/luxurycandlesupplies.eu\\\/product\\\/blood-orange-brew\\\/\",\"url\":\"https:\\\/\\\/luxurycandlesupplies.eu\\\/product\\\/blood-orange-brew\\\/\",\"name\":\"Blood Orange Brew - Antwerp Luxury Candle Supplies\",\"isPartOf\":{\"@id\":\"https:\\\/\\\/luxurycandlesupplies.eu\\\/#website\"},\"primaryImageOfPage\":{\"@id\":\"https:\\\/\\\/luxurycandlesupplies.eu\\\/product\\\/blood-orange-brew\\\/#primaryimage\"},\"image\":{\"@id\":\"https:\\\/\\\/luxurycandlesupplies.eu\\\/product\\\/blood-orange-brew\\\/#primaryimage\"},\"thumbnailUrl\":\"https:\\\/\\\/luxurycandlesupplies.eu\\\/app\\\/uploads\\\/2026\\\/04\\\/Blood-Orange-Brew.png\",\"datePublished\":\"2026-04-23T11:04:42+00:00\",\"dateModified\":\"2026-04-27T15:05:06+00:00\",\"description\":\"Inspired by YSL Libre, this fragrance oil blends green apple, jasmine, iris, amber and musk. A fresh yet sensual scent for candles and home fragrance.\",\"breadcrumb\":{\"@id\":\"https:\\\/\\\/luxurycandlesupplies.eu\\\/product\\\/blood-orange-brew\\\/#breadcrumb\"},\"inLanguage\":\"es\",\"potentialAction\":[{\"@type\":\"ReadAction\",\"target\":[\"https:\\\/\\\/luxurycandlesupplies.eu\\\/product\\\/blood-orange-brew\\\/\"]}]},{\"@type\":\"ImageObject\",\"inLanguage\":\"es\",\"@id\":\"https:\\\/\\\/luxurycandlesupplies.eu\\\/product\\\/blood-orange-brew\\\/#primaryimage\",\"url\":\"https:\\\/\\\/luxurycandlesupplies.eu\\\/app\\\/uploads\\\/2026\\\/04\\\/Blood-Orange-Brew.png\",\"contentUrl\":\"https:\\\/\\\/luxurycandlesupplies.eu\\\/app\\\/uploads\\\/2026\\\/04\\\/Blood-Orange-Brew.png\",\"width\":1080,\"height\":1350},{\"@type\":\"BreadcrumbList\",\"@id\":\"https:\\\/\\\/luxurycandlesupplies.eu\\\/product\\\/blood-orange-brew\\\/#breadcrumb\",\"itemListElement\":[{\"@type\":\"ListItem\",\"position\":1,\"name\":\"Home\",\"item\":\"https:\\\/\\\/luxurycandlesupplies.eu\\\/\"},{\"@type\":\"ListItem\",\"position\":2,\"name\":\"Shop\",\"item\":\"https:\\\/\\\/luxurycandlesupplies.eu\\\/shop\\\/\"},{\"@type\":\"ListItem\",\"position\":3,\"name\":\"Blood Orange Brew\"}]},{\"@type\":\"WebSite\",\"@id\":\"https:\\\/\\\/luxurycandlesupplies.eu\\\/#website\",\"url\":\"https:\\\/\\\/luxurycandlesupplies.eu\\\/\",\"name\":\"Antwerp Luxury Candle Supplies\",\"description\":\"Distributor of all seasons soy wax\",\"publisher\":{\"@id\":\"https:\\\/\\\/luxurycandlesupplies.eu\\\/#organization\"},\"potentialAction\":[{\"@type\":\"SearchAction\",\"target\":{\"@type\":\"EntryPoint\",\"urlTemplate\":\"https:\\\/\\\/luxurycandlesupplies.eu\\\/?s={search_term_string}\"},\"query-input\":{\"@type\":\"PropertyValueSpecification\",\"valueRequired\":true,\"valueName\":\"search_term_string\"}}],\"inLanguage\":\"es\"},{\"@type\":\"Organization\",\"@id\":\"https:\\\/\\\/luxurycandlesupplies.eu\\\/#organization\",\"name\":\"Antwerp Luxury Candle Supplies\",\"url\":\"https:\\\/\\\/luxurycandlesupplies.eu\\\/\",\"logo\":{\"@type\":\"ImageObject\",\"inLanguage\":\"es\",\"@id\":\"https:\\\/\\\/luxurycandlesupplies.eu\\\/#\\\/schema\\\/logo\\\/image\\\/\",\"url\":\"https:\\\/\\\/luxurycandlesupplies.eu\\\/app\\\/uploads\\\/2022\\\/03\\\/antwerp-luxury-candle-supplies-1x.png\",\"contentUrl\":\"https:\\\/\\\/luxurycandlesupplies.eu\\\/app\\\/uploads\\\/2022\\\/03\\\/antwerp-luxury-candle-supplies-1x.png\",\"width\":330,\"height\":60,\"caption\":\"Antwerp Luxury Candle Supplies\"},\"image\":{\"@id\":\"https:\\\/\\\/luxurycandlesupplies.eu\\\/#\\\/schema\\\/logo\\\/image\\\/\"},\"sameAs\":[\"https:\\\/\\\/www.facebook.com\\\/Antwerpluxurycandlesupplies\\\/\",\"https:\\\/\\\/www.instagram.com\\\/antwerp_luxury_candle_supplies\\\/\",\"https:\\\/\\\/pin.it\\\/7joOXRW\"]}]}<\/script>","yoast_head_json":{"title":"Brebaje de naranja sanguina - Antwerp Luxury Candle Supplies","description":"Inspirado en YSL Libre, este aceite de fragancia mezcla manzana verde, jazm\u00edn, iris, \u00e1mbar y almizcle. Un aroma fresco y sensual para velas y fragancias para el hogar.","robots":{"index":"index","follow":"follow","max-snippet":"max-snippet:-1","max-image-preview":"max-image-preview:large","max-video-preview":"max-video-preview:-1"},"canonical":"https:\/\/luxurycandlesupplies.eu\/es\/producto\/infusion-de-naranja-sanguina\/","og_locale":"es_ES","og_type":"article","og_title":"Blood Orange Brew - Antwerp Luxury Candle Supplies","og_description":"Inspired by YSL Libre, this fragrance oil blends green apple, jasmine, iris, amber and musk. A fresh yet sensual scent for candles and home fragrance.","og_url":"https:\/\/luxurycandlesupplies.eu\/es\/producto\/infusion-de-naranja-sanguina\/","og_site_name":"Antwerp Luxury Candle Supplies","article_publisher":"https:\/\/www.facebook.com\/Antwerpluxurycandlesupplies\/","article_modified_time":"2026-04-27T15:05:06+00:00","og_image":[{"width":1080,"height":1350,"url":"https:\/\/luxurycandlesupplies.eu\/app\/uploads\/2026\/04\/Blood-Orange-Brew.png","type":"image\/png"}],"twitter_card":"summary_large_image","twitter_misc":{"Tiempo de lectura":"2 minutos"},"schema":{"@context":"https:\/\/schema.org","@graph":[{"@type":"WebPage","@id":"https:\/\/luxurycandlesupplies.eu\/product\/blood-orange-brew\/","url":"https:\/\/luxurycandlesupplies.eu\/product\/blood-orange-brew\/","name":"Brebaje de naranja sanguina - Antwerp Luxury Candle Supplies","isPartOf":{"@id":"https:\/\/luxurycandlesupplies.eu\/#website"},"primaryImageOfPage":{"@id":"https:\/\/luxurycandlesupplies.eu\/product\/blood-orange-brew\/#primaryimage"},"image":{"@id":"https:\/\/luxurycandlesupplies.eu\/product\/blood-orange-brew\/#primaryimage"},"thumbnailUrl":"https:\/\/luxurycandlesupplies.eu\/app\/uploads\/2026\/04\/Blood-Orange-Brew.png","datePublished":"2026-04-23T11:04:42+00:00","dateModified":"2026-04-27T15:05:06+00:00","description":"Inspirado en YSL Libre, este aceite de fragancia mezcla manzana verde, jazm\u00edn, iris, \u00e1mbar y almizcle. Un aroma fresco y sensual para velas y fragancias para el hogar.","breadcrumb":{"@id":"https:\/\/luxurycandlesupplies.eu\/product\/blood-orange-brew\/#breadcrumb"},"inLanguage":"es","potentialAction":[{"@type":"ReadAction","target":["https:\/\/luxurycandlesupplies.eu\/product\/blood-orange-brew\/"]}]},{"@type":"ImageObject","inLanguage":"es","@id":"https:\/\/luxurycandlesupplies.eu\/product\/blood-orange-brew\/#primaryimage","url":"https:\/\/luxurycandlesupplies.eu\/app\/uploads\/2026\/04\/Blood-Orange-Brew.png","contentUrl":"https:\/\/luxurycandlesupplies.eu\/app\/uploads\/2026\/04\/Blood-Orange-Brew.png","width":1080,"height":1350},{"@type":"BreadcrumbList","@id":"https:\/\/luxurycandlesupplies.eu\/product\/blood-orange-brew\/#breadcrumb","itemListElement":[{"@type":"ListItem","position":1,"name":"Home","item":"https:\/\/luxurycandlesupplies.eu\/"},{"@type":"ListItem","position":2,"name":"Shop","item":"https:\/\/luxurycandlesupplies.eu\/shop\/"},{"@type":"ListItem","position":3,"name":"Blood Orange Brew"}]},{"@type":"WebSite","@id":"https:\/\/luxurycandlesupplies.eu\/#website","url":"https:\/\/luxurycandlesupplies.eu\/","name":"Suministros para velas de lujo de Amberes","description":"Distribuidor de cera de soja para todas las estaciones","publisher":{"@id":"https:\/\/luxurycandlesupplies.eu\/#organization"},"potentialAction":[{"@type":"SearchAction","target":{"@type":"EntryPoint","urlTemplate":"https:\/\/luxurycandlesupplies.eu\/?s={search_term_string}"},"query-input":{"@type":"PropertyValueSpecification","valueRequired":true,"valueName":"search_term_string"}}],"inLanguage":"es"},{"@type":"Organization","@id":"https:\/\/luxurycandlesupplies.eu\/#organization","name":"Suministros para velas de lujo de Amberes","url":"https:\/\/luxurycandlesupplies.eu\/","logo":{"@type":"ImageObject","inLanguage":"es","@id":"https:\/\/luxurycandlesupplies.eu\/#\/schema\/logo\/image\/","url":"https:\/\/luxurycandlesupplies.eu\/app\/uploads\/2022\/03\/antwerp-luxury-candle-supplies-1x.png","contentUrl":"https:\/\/luxurycandlesupplies.eu\/app\/uploads\/2022\/03\/antwerp-luxury-candle-supplies-1x.png","width":330,"height":60,"caption":"Antwerp Luxury Candle Supplies"},"image":{"@id":"https:\/\/luxurycandlesupplies.eu\/#\/schema\/logo\/image\/"},"sameAs":["https:\/\/www.facebook.com\/Antwerpluxurycandlesupplies\/","https:\/\/www.instagram.com\/antwerp_luxury_candle_supplies\/","https:\/\/pin.it\/7joOXRW"]}]}},"_links":{"self":[{"href":"https:\/\/luxurycandlesupplies.eu\/es\/wp-json\/wp\/v2\/product\/29823","targetHints":{"allow":["GET"]}}],"collection":[{"href":"https:\/\/luxurycandlesupplies.eu\/es\/wp-json\/wp\/v2\/product"}],"about":[{"href":"https:\/\/luxurycandlesupplies.eu\/es\/wp-json\/wp\/v2\/types\/product"}],"wp:featuredmedia":[{"embeddable":true,"href":"https:\/\/luxurycandlesupplies.eu\/es\/wp-json\/wp\/v2\/media\/29772"}],"wp:attachment":[{"href":"https:\/\/luxurycandlesupplies.eu\/es\/wp-json\/wp\/v2\/media?parent=29823"}],"wp:term":[{"taxonomy":"product_brand","embeddable":true,"href":"https:\/\/luxurycandlesupplies.eu\/es\/wp-json\/wp\/v2\/product_brand?post=29823"},{"taxonomy":"product_cat","embeddable":true,"href":"https:\/\/luxurycandlesupplies.eu\/es\/wp-json\/wp\/v2\/product_cat?post=29823"},{"taxonomy":"product_tag","embeddable":true,"href":"https:\/\/luxurycandlesupplies.eu\/es\/wp-json\/wp\/v2\/product_tag?post=29823"}],"curies":[{"name":"wp","href":"https:\/\/api.w.org\/{rel}","templated":true}]}}