{"id":29878,"date":"2026-04-24T15:20:09","date_gmt":"2026-04-24T13:20:09","guid":{"rendered":"https:\/\/luxurycandlesupplies.eu\/?post_type=product&#038;p=29878"},"modified":"2026-04-24T15:49:03","modified_gmt":"2026-04-24T13:49:03","slug":"bergamota-pachuli-ufi-exento-10","status":"publish","type":"product","link":"https:\/\/luxurycandlesupplies.eu\/es\/product\/bergamot-patchouli-ufi-exempt-10\/","title":{"rendered":"Bergamota y Pachul\u00ed - Exento UFI 10%"},"content":{"rendered":"<h3>DESCRIPCI\u00d3N<\/h3>\n<p>&nbsp;<\/p>\n<h3>Bergamota y pachul\u00ed<\/h3>\n<div class=\"page\" title=\"P\u00e1gina 5\">\n<div class=\"layoutArea\">\n<div class=\"column\">\n<p>&nbsp;<\/p>\n<p>Una fragancia refrescante y a la vez arraigada que captura la esencia del aire marino que se encuentra con la tierra. La brillante bergamota abre la fragancia con una fresca nota c\u00edtrica, que fluye hacia un coraz\u00f3n de fresca brisa marina que evoca las olas y la libertad. El fondo de profundo pachul\u00ed a\u00f1ade calidez y sofisticaci\u00f3n, dejando una impresi\u00f3n serena y duradera.<\/p>\n<p>&nbsp;<\/p>\n<p>Top: Bergamota<br \/>\nCoraz\u00f3n: Marina<br \/>\nBase: Pachul\u00ed<\/p>\n<\/div>\n<\/div>\n<\/div>\n<p>&nbsp;<\/p>\n<p>&nbsp;<\/p>\n<h3>NUESTRA RECOMENDACI\u00d3N<\/h3>\n<hr \/>\n<div>\n<p>El uso de aceites de fragancia depender\u00e1 del producto que est\u00e9 creando. Consulte la siguiente gu\u00eda para conocer las proporciones recomendadas para su producto.<\/p>\n<p>Tenga en cuenta que los valores indicados a continuaci\u00f3n son s\u00f3lo sugerencias. Recomendamos a los usuarios que realicen sus propias pruebas con las mezclas de cera y aceite previstas para obtener resultados \u00f3ptimos.<\/p>\n<p>Velas: 6-10%, UFI exento m\u00e1x 10%<br \/>\nWaxmelts: 10-12%<\/p>\n<\/div>\n<h2><\/h2>\n<h3>INFORMACI\u00d3N SOBRE CLP Y SDS<\/h3>\n<hr \/>\n<div>\n<p><a href=\"https:\/\/luxurycandlesupplies.eu\/app\/uploads\/2025\/07\/SDS-ALCS-BEGAMOT-PATCHOULI-ENG.pdf\">SDS ALCS BEGAMOT &amp; PATCHOULI ENG<\/a><\/p>\n<\/div>\n<p><a href=\"https:\/\/luxurycandlesupplies.eu\/app\/uploads\/2025\/07\/IFRA-BERGAMOT-PATCHOULI.pdf\">IFRA BERGAMOTA Y PACHUL\u00cd<\/a><\/p>\n<p><a href=\"https:\/\/luxurycandlesupplies.eu\/app\/uploads\/2025\/07\/CLP-label-_Bergamot-Patchouli-_-candle-10_Free-of-UFI.pdf\">Etiqueta CLP _Bergamota y Pachul\u00ed _ vela 10%_Libre de UFI<\/a><\/p>\n<p>&nbsp;<\/p>\n<p>UFI: P4D0-G0VR-S00E-3XGP<\/p>\n<p><img decoding=\"async\" class=\"alignnone wp-image-23489\" src=\"https:\/\/luxurycandlesupplies.eu\/app\/uploads\/2025\/07\/Danger-4-300x300.png\" alt=\"\" width=\"122\" height=\"122\" srcset=\"https:\/\/luxurycandlesupplies.eu\/app\/uploads\/2025\/07\/Danger-4-300x300.png 300w, https:\/\/luxurycandlesupplies.eu\/app\/uploads\/2025\/07\/Danger-4-1024x1024.png 1024w, https:\/\/luxurycandlesupplies.eu\/app\/uploads\/2025\/07\/Danger-4-150x150.png 150w, https:\/\/luxurycandlesupplies.eu\/app\/uploads\/2025\/07\/Danger-4-768x768.png 768w, https:\/\/luxurycandlesupplies.eu\/app\/uploads\/2025\/07\/Danger-4-12x12.png 12w, https:\/\/luxurycandlesupplies.eu\/app\/uploads\/2025\/07\/Danger-4-600x600.png 600w, https:\/\/luxurycandlesupplies.eu\/app\/uploads\/2025\/07\/Danger-4-100x100.png 100w, https:\/\/luxurycandlesupplies.eu\/app\/uploads\/2025\/07\/Danger-4.png 1080w\" sizes=\"(max-width: 122px) 100vw, 122px\" \/> <img decoding=\"async\" class=\"alignnone wp-image-23488\" src=\"https:\/\/luxurycandlesupplies.eu\/app\/uploads\/2025\/07\/Danger-3-300x300.png\" alt=\"\" width=\"122\" height=\"122\" srcset=\"https:\/\/luxurycandlesupplies.eu\/app\/uploads\/2025\/07\/Danger-3-300x300.png 300w, https:\/\/luxurycandlesupplies.eu\/app\/uploads\/2025\/07\/Danger-3-1024x1024.png 1024w, https:\/\/luxurycandlesupplies.eu\/app\/uploads\/2025\/07\/Danger-3-150x150.png 150w, https:\/\/luxurycandlesupplies.eu\/app\/uploads\/2025\/07\/Danger-3-768x768.png 768w, https:\/\/luxurycandlesupplies.eu\/app\/uploads\/2025\/07\/Danger-3-12x12.png 12w, https:\/\/luxurycandlesupplies.eu\/app\/uploads\/2025\/07\/Danger-3-600x600.png 600w, https:\/\/luxurycandlesupplies.eu\/app\/uploads\/2025\/07\/Danger-3-100x100.png 100w, https:\/\/luxurycandlesupplies.eu\/app\/uploads\/2025\/07\/Danger-3.png 1080w\" sizes=\"(max-width: 122px) 100vw, 122px\" \/><\/p>\n<p><strong>Bergamota y pachul\u00ed NL<\/strong><\/p>\n<p>H315 Veroorzaakt huidirritatie. H319 Provoca irritaci\u00f3n ocular grave. H317 Puede causar reacciones al\u00e9rgicas a los alimentos.<br \/>\nveroorzaken. H411 Giftig voor in het water levende organismen, met langdurige gevolgen. P264 Na het<br \/>\ntrabaje con este producto en lugares de dif\u00edcil acceso. P280 Accesorios<br \/>\nhandschoenen\/beschermende kleding\/oogbescherming\/gelaatsbescherming dragen. P321 Especificaciones<br \/>\n(ver en este ejemplo). P362 Ajuste la distancia de seguridad. P302+P352 EN CONTACTO CON<br \/>\nDE HUID: met veel water en zeep wassen. P332+P313 Huidirritatie: een arts raadplegen. P305+P351+P338<br \/>\nCONTACTO CON EL O\u00cdGENO: contacto directo con el agua durante varios minutos; contacto prolongado<br \/>\nverwijderen, indien mogelijk; blijven spoelen. P337+P313 Oogirritatie aanhoudende: een arts raadplegen.<br \/>\nP261 Inademing van stof\/rook\/gas\/nevel\/damp\/spuitnevel vermijden. P272 Verontreinigde werkkleding mag<br \/>\nde werkruimte niet verlaten. P363 El cable de alimentaci\u00f3n no est\u00e1 conectado cuando se utiliza esta opci\u00f3n. P501<br \/>\nInhoud\/verpakking afvoeren naar een erkende afvalinzamelaar conform VLAREMA en OVAM-regelgeving.<br \/>\nP333+P313 Bij huidirritatie of uitslag: een arts raadplegen. P273 Trabajar en el medio ambiente. P391<br \/>\nGelekte\/gemorste stof opruimen.<\/p>\n<p>&nbsp;<\/p>\n<p><strong>Bergamota y pachul\u00ed FR<\/strong><\/p>\n<p>H315 Provoca irritaci\u00f3n cut\u00e1nea. H319 Provoca una grave irritaci\u00f3n de los ojos. H317 Puede provocar<br \/>\nReacci\u00f3n al\u00e9rgica cut\u00e1nea. H411 T\u00f3xico para los organismos acu\u00e1ticos, provoca efectos nocivos.<br \/>\n\u00e0 long terme. P264 Lavez soigneusement les zones touch\u00e9es apr\u00e8s manipulation. P280 Porter des gants de<br \/>\nprotection\/des v\u00eatements de protection\/une protection des yeux\/du visage. P321 Tratamiento espec\u00edfico<br \/>\nrequis (voir sur l'\u00e9tiquette). P362 Retirar las prendas contaminadas. P302+P352 EN CASO DE CONTACTO CON<br \/>\nLA PEAU : laver abondamment \u00e0 l'eau et au savon. P332+P313 En caso de irritaci\u00f3n cut\u00e1nea: consulte a un<br \/>\nm\u00e9decin. P305+P351+P338 EN CAS DE CONTACT AVEC LES YEUX : rincer avec pr\u00e9caution \u00e0 l'eau pendant<br \/>\nplusieurs minutes ; retirer les lentilles si possible ; continuer \u00e0 rincer. P337+P313 En caso de irritaci\u00f3n ocular<br \/>\npersistente: consulte a un m\u00e9dico. P261 \u00c9viter de respirer les<br \/>\npoussi\u00e8res\/fum\u00e9es\/gaz\/brouillards\/vapeurs\/a\u00e9rosols. P272 Les v\u00eatements de travail contamin\u00e9s ne doivent<br \/>\npas sortir du lieu de travail. P363 Laver les v\u00eatements contamin\u00e9s avant de les r\u00e9utiliser. P501 Elimine el<br \/>\ncontenu\/le r\u00e9cipient via un collecteur de d\u00e9chets agr\u00e9\u00e9 conforme \u00e0 la r\u00e9glementation VLAREMA et<br \/>\nOVAM. P333+P313 En caso de irritaci\u00f3n o erupci\u00f3n cut\u00e1nea: consulte a un m\u00e9dico. P273 Evitar el rechazo en<br \/>\nl'environnement. P391 \u00c9liminer la substance r\u00e9pandue.<\/p>\n<p>&nbsp;<\/p>\n<p><strong>Bergamota y Pachul\u00ed ENG<\/strong><\/p>\n<p>H315 Provoca irritaci\u00f3n cut\u00e1nea. H319 Provoca irritaci\u00f3n ocular grave. H317 Puede provocar una reacci\u00f3n al\u00e9rgica en la piel.<br \/>\nH411 T\u00f3xico para los organismos acu\u00e1ticos, con efectos nocivos duraderos. P264 Lavar a fondo a los afectados despu\u00e9s de la manipulaci\u00f3n. P280 Llevar puesto<br \/>\nguantes de protecci\u00f3n\/ropa de protecci\u00f3n\/protecci\u00f3n ocular\/protecci\u00f3n facial. P321 Tratamiento espec\u00edfico necesario (v\u00e9ase<br \/>\nen la etiqueta). P362 Quitarse la ropa contaminada. P302+P352 EN CASO DE CONTACTO CON LA PIEL: Lavar con agua y jab\u00f3n abundantes.<br \/>\nP332+P313 En caso de irritaci\u00f3n cut\u00e1nea: Consultar a un m\u00e9dico. P305+P351+P338 EN CASO DE CONTACTO CON LOS OJOS: Aclarar con precauci\u00f3n con<br \/>\nagua durante varios minutos. Quitar las lentes de contacto si est\u00e1n presentes y es f\u00e1cil hacerlo. Continuar aclarando. P337+P313 Si<br \/>\nSi persiste la irritaci\u00f3n ocular: Consultar a un m\u00e9dico. P261 Ev\u00edtese respirar el polvo\/el humo\/el gas\/la niebla\/los vapores\/el aerosol. P272<br \/>\nLa ropa de trabajo contaminada no debe salir del lugar de trabajo. P363 Lavar la ropa contaminada<br \/>\nantes de su reutilizaci\u00f3n. P501 Eliminar el contenido\/el recipiente a trav\u00e9s de un recolector de residuos autorizado de acuerdo con<br \/>\nNormativa VLAREMA y OVAM. P333+P313 En caso de irritaci\u00f3n o erupci\u00f3n cut\u00e1nea: Consultar a un m\u00e9dico. P273 Evitar<br \/>\nliberar al medio ambiente. P391 Recoger el vertido.<\/p>","protected":false},"excerpt":{"rendered":"<p>DESCRIPTION &nbsp; Bergamot &amp; Patchouli &nbsp; A refreshing yet grounded fragrance that captures the essence of ocean air meeting earth. Bright bergamot opens the scent with a crisp citrus note, flowing into a heart of cool marine breeze that evokes waves and freedom. The base of deep patchouli adds warmth and sophistication, leaving a serene [&hellip;]<\/p>\n","protected":false},"featured_media":22365,"template":"","meta":{"_acf_changed":false,"site-sidebar-layout":"default","site-content-layout":"default","ast-site-content-layout":"default","site-content-style":"default","site-sidebar-style":"default","ast-global-header-display":"","ast-banner-title-visibility":"","ast-main-header-display":"","ast-hfb-above-header-display":"","ast-hfb-below-header-display":"","ast-hfb-mobile-header-display":"","site-post-title":"","ast-breadcrumbs-content":"","ast-featured-img":"","footer-sml-layout":"","ast-disable-related-posts":"","theme-transparent-header-meta":"default","adv-header-id-meta":"","stick-header-meta":"","header-above-stick-meta":"","header-main-stick-meta":"","header-below-stick-meta":"","astra-migrate-meta-layouts":"set","ast-page-background-enabled":"default","ast-page-background-meta":{"desktop":{"background-color":"","background-image":"","background-repeat":"repeat","background-position":"center center","background-size":"auto","background-attachment":"scroll","background-type":"","background-media":"","overlay-type":"","overlay-color":"","overlay-opacity":"","overlay-gradient":""},"tablet":{"background-color":"","background-image":"","background-repeat":"repeat","background-position":"center center","background-size":"auto","background-attachment":"scroll","background-type":"","background-media":"","overlay-type":"","overlay-color":"","overlay-opacity":"","overlay-gradient":""},"mobile":{"background-color":"","background-image":"","background-repeat":"repeat","background-position":"center center","background-size":"auto","background-attachment":"scroll","background-type":"","background-media":"","overlay-type":"","overlay-color":"","overlay-opacity":"","overlay-gradient":""}},"ast-content-background-meta":{"desktop":{"background-color":"var(--ast-global-color-5)","background-image":"","background-repeat":"repeat","background-position":"center center","background-size":"auto","background-attachment":"scroll","background-type":"","background-media":"","overlay-type":"","overlay-color":"","overlay-opacity":"","overlay-gradient":""},"tablet":{"background-color":"var(--ast-global-color-5)","background-image":"","background-repeat":"repeat","background-position":"center center","background-size":"auto","background-attachment":"scroll","background-type":"","background-media":"","overlay-type":"","overlay-color":"","overlay-opacity":"","overlay-gradient":""},"mobile":{"background-color":"var(--ast-global-color-5)","background-image":"","background-repeat":"repeat","background-position":"center center","background-size":"auto","background-attachment":"scroll","background-type":"","background-media":"","overlay-type":"","overlay-color":"","overlay-opacity":"","overlay-gradient":""}}},"product_brand":[],"product_cat":[25,1681],"product_tag":[441,31,23,30,20,434,27,22],"class_list":{"0":"post-29878","1":"product","2":"type-product","3":"status-publish","4":"has-post-thumbnail","6":"product_cat-fragrances","7":"product_cat-fragrances-ufi-exempt","8":"product_tag-bergamot","9":"product_tag-m12-wax","10":"product_tag-s100-wax","11":"product_tag-s16-wax","12":"product_tag-soy-wax","13":"product_tag-vanilla","14":"product_tag-vegan-wax","15":"product_tag-wax","16":"desktop-align-left","17":"tablet-align-left","18":"mobile-align-left","19":"ast-product-gallery-layout-horizontal-slider","20":"ast-product-single-variable","21":"ast-product-tabs-layout-horizontal","23":"first","24":"instock","25":"taxable","26":"shipping-taxable","27":"purchasable","28":"product-type-variable"},"acf":[],"yoast_head":"<title>Bergamot &amp; Patchouli - UFI Exempt 10% - Antwerp Luxury Candle Supplies<\/title>\n<meta name=\"description\" content=\"A refreshing yet grounded fragrance that captures the essence of ocean air meeting earth. Bright bergamot opens the scent with a crisp citrus note, flowing into a heart of cool marine breeze that evokes waves and freedom. The base of deep patchouli adds warmth and sophistication, leaving a serene and lasting impression.\" \/>\n<meta name=\"robots\" content=\"index, follow, max-snippet:-1, max-image-preview:large, max-video-preview:-1\" \/>\n<link rel=\"canonical\" href=\"https:\/\/luxurycandlesupplies.eu\/es\/producto\/bergamota-pachuli-ufi-exento-10\/\" \/>\n<meta property=\"og:locale\" content=\"es_ES\" \/>\n<meta property=\"og:type\" content=\"article\" \/>\n<meta property=\"og:title\" content=\"Bergamot &amp; Patchouli - UFI Exempt 10% - Antwerp Luxury Candle Supplies\" \/>\n<meta property=\"og:description\" content=\"A refreshing yet grounded fragrance that captures the essence of ocean air meeting earth. Bright bergamot opens the scent with a crisp citrus note, flowing into a heart of cool marine breeze that evokes waves and freedom. The base of deep patchouli adds warmth and sophistication, leaving a serene and lasting impression.\" \/>\n<meta property=\"og:url\" content=\"https:\/\/luxurycandlesupplies.eu\/es\/producto\/bergamota-pachuli-ufi-exento-10\/\" \/>\n<meta property=\"og:site_name\" content=\"Antwerp Luxury Candle Supplies\" \/>\n<meta property=\"article:publisher\" content=\"https:\/\/www.facebook.com\/Antwerpluxurycandlesupplies\/\" \/>\n<meta property=\"article:modified_time\" content=\"2026-04-24T13:49:03+00:00\" \/>\n<meta property=\"og:image\" content=\"https:\/\/luxurycandlesupplies.eu\/app\/uploads\/2025\/07\/Bergamot-1-1024x1024.png\" \/>\n\t<meta property=\"og:image:width\" content=\"1024\" \/>\n\t<meta property=\"og:image:height\" content=\"1024\" \/>\n\t<meta property=\"og:image:type\" content=\"image\/png\" \/>\n<meta name=\"twitter:card\" content=\"summary_large_image\" \/>\n<meta name=\"twitter:label1\" content=\"Tiempo de lectura\" \/>\n\t<meta name=\"twitter:data1\" content=\"4 minutos\" \/>\n<script type=\"application\/ld+json\" class=\"yoast-schema-graph\">{\"@context\":\"https:\\\/\\\/schema.org\",\"@graph\":[{\"@type\":\"WebPage\",\"@id\":\"https:\\\/\\\/luxurycandlesupplies.eu\\\/product\\\/bergamot-patchouli-ufi-exempt-10\\\/\",\"url\":\"https:\\\/\\\/luxurycandlesupplies.eu\\\/product\\\/bergamot-patchouli-ufi-exempt-10\\\/\",\"name\":\"Bergamot & Patchouli - UFI Exempt 10% - Antwerp Luxury Candle Supplies\",\"isPartOf\":{\"@id\":\"https:\\\/\\\/luxurycandlesupplies.eu\\\/#website\"},\"primaryImageOfPage\":{\"@id\":\"https:\\\/\\\/luxurycandlesupplies.eu\\\/product\\\/bergamot-patchouli-ufi-exempt-10\\\/#primaryimage\"},\"image\":{\"@id\":\"https:\\\/\\\/luxurycandlesupplies.eu\\\/product\\\/bergamot-patchouli-ufi-exempt-10\\\/#primaryimage\"},\"thumbnailUrl\":\"https:\\\/\\\/luxurycandlesupplies.eu\\\/app\\\/uploads\\\/2025\\\/07\\\/Bergamot-1.png\",\"datePublished\":\"2026-04-24T13:20:09+00:00\",\"dateModified\":\"2026-04-24T13:49:03+00:00\",\"description\":\"A refreshing yet grounded fragrance that captures the essence of ocean air meeting earth. Bright bergamot opens the scent with a crisp citrus note, flowing into a heart of cool marine breeze that evokes waves and freedom. The base of deep patchouli adds warmth and sophistication, leaving a serene and lasting impression.\",\"breadcrumb\":{\"@id\":\"https:\\\/\\\/luxurycandlesupplies.eu\\\/product\\\/bergamot-patchouli-ufi-exempt-10\\\/#breadcrumb\"},\"inLanguage\":\"es\",\"potentialAction\":[{\"@type\":\"ReadAction\",\"target\":[\"https:\\\/\\\/luxurycandlesupplies.eu\\\/product\\\/bergamot-patchouli-ufi-exempt-10\\\/\"]}]},{\"@type\":\"ImageObject\",\"inLanguage\":\"es\",\"@id\":\"https:\\\/\\\/luxurycandlesupplies.eu\\\/product\\\/bergamot-patchouli-ufi-exempt-10\\\/#primaryimage\",\"url\":\"https:\\\/\\\/luxurycandlesupplies.eu\\\/app\\\/uploads\\\/2025\\\/07\\\/Bergamot-1.png\",\"contentUrl\":\"https:\\\/\\\/luxurycandlesupplies.eu\\\/app\\\/uploads\\\/2025\\\/07\\\/Bergamot-1.png\",\"width\":1080,\"height\":1080},{\"@type\":\"BreadcrumbList\",\"@id\":\"https:\\\/\\\/luxurycandlesupplies.eu\\\/product\\\/bergamot-patchouli-ufi-exempt-10\\\/#breadcrumb\",\"itemListElement\":[{\"@type\":\"ListItem\",\"position\":1,\"name\":\"Home\",\"item\":\"https:\\\/\\\/luxurycandlesupplies.eu\\\/\"},{\"@type\":\"ListItem\",\"position\":2,\"name\":\"Shop\",\"item\":\"https:\\\/\\\/luxurycandlesupplies.eu\\\/shop\\\/\"},{\"@type\":\"ListItem\",\"position\":3,\"name\":\"Bergamot &#038; Patchouli &#8211; UFI Exempt 10%\"}]},{\"@type\":\"WebSite\",\"@id\":\"https:\\\/\\\/luxurycandlesupplies.eu\\\/#website\",\"url\":\"https:\\\/\\\/luxurycandlesupplies.eu\\\/\",\"name\":\"Antwerp Luxury Candle Supplies\",\"description\":\"Distributor of all seasons soy wax\",\"publisher\":{\"@id\":\"https:\\\/\\\/luxurycandlesupplies.eu\\\/#organization\"},\"potentialAction\":[{\"@type\":\"SearchAction\",\"target\":{\"@type\":\"EntryPoint\",\"urlTemplate\":\"https:\\\/\\\/luxurycandlesupplies.eu\\\/?s={search_term_string}\"},\"query-input\":{\"@type\":\"PropertyValueSpecification\",\"valueRequired\":true,\"valueName\":\"search_term_string\"}}],\"inLanguage\":\"es\"},{\"@type\":\"Organization\",\"@id\":\"https:\\\/\\\/luxurycandlesupplies.eu\\\/#organization\",\"name\":\"Antwerp Luxury Candle Supplies\",\"url\":\"https:\\\/\\\/luxurycandlesupplies.eu\\\/\",\"logo\":{\"@type\":\"ImageObject\",\"inLanguage\":\"es\",\"@id\":\"https:\\\/\\\/luxurycandlesupplies.eu\\\/#\\\/schema\\\/logo\\\/image\\\/\",\"url\":\"https:\\\/\\\/luxurycandlesupplies.eu\\\/app\\\/uploads\\\/2022\\\/03\\\/antwerp-luxury-candle-supplies-1x.png\",\"contentUrl\":\"https:\\\/\\\/luxurycandlesupplies.eu\\\/app\\\/uploads\\\/2022\\\/03\\\/antwerp-luxury-candle-supplies-1x.png\",\"width\":330,\"height\":60,\"caption\":\"Antwerp Luxury Candle Supplies\"},\"image\":{\"@id\":\"https:\\\/\\\/luxurycandlesupplies.eu\\\/#\\\/schema\\\/logo\\\/image\\\/\"},\"sameAs\":[\"https:\\\/\\\/www.facebook.com\\\/Antwerpluxurycandlesupplies\\\/\",\"https:\\\/\\\/www.instagram.com\\\/antwerp_luxury_candle_supplies\\\/\",\"https:\\\/\\\/pin.it\\\/7joOXRW\"]}]}<\/script>","yoast_head_json":{"title":"Bergamota y Pachul\u00ed - Exento UFI 10% - Amberes Vela de Lujo Suministros","description":"Una fragancia refrescante y a la vez arraigada que captura la esencia del aire marino que se encuentra con la tierra. La brillante bergamota abre la fragancia con una fresca nota c\u00edtrica, que fluye hacia un coraz\u00f3n de fresca brisa marina que evoca las olas y la libertad. El fondo de profundo pachul\u00ed a\u00f1ade calidez y sofisticaci\u00f3n, dejando una impresi\u00f3n serena y duradera.","robots":{"index":"index","follow":"follow","max-snippet":"max-snippet:-1","max-image-preview":"max-image-preview:large","max-video-preview":"max-video-preview:-1"},"canonical":"https:\/\/luxurycandlesupplies.eu\/es\/producto\/bergamota-pachuli-ufi-exento-10\/","og_locale":"es_ES","og_type":"article","og_title":"Bergamot & Patchouli - UFI Exempt 10% - Antwerp Luxury Candle Supplies","og_description":"A refreshing yet grounded fragrance that captures the essence of ocean air meeting earth. Bright bergamot opens the scent with a crisp citrus note, flowing into a heart of cool marine breeze that evokes waves and freedom. The base of deep patchouli adds warmth and sophistication, leaving a serene and lasting impression.","og_url":"https:\/\/luxurycandlesupplies.eu\/es\/producto\/bergamota-pachuli-ufi-exento-10\/","og_site_name":"Antwerp Luxury Candle Supplies","article_publisher":"https:\/\/www.facebook.com\/Antwerpluxurycandlesupplies\/","article_modified_time":"2026-04-24T13:49:03+00:00","og_image":[{"width":1024,"height":1024,"url":"https:\/\/luxurycandlesupplies.eu\/app\/uploads\/2025\/07\/Bergamot-1-1024x1024.png","type":"image\/png"}],"twitter_card":"summary_large_image","twitter_misc":{"Tiempo de lectura":"4 minutos"},"schema":{"@context":"https:\/\/schema.org","@graph":[{"@type":"WebPage","@id":"https:\/\/luxurycandlesupplies.eu\/product\/bergamot-patchouli-ufi-exempt-10\/","url":"https:\/\/luxurycandlesupplies.eu\/product\/bergamot-patchouli-ufi-exempt-10\/","name":"Bergamota y Pachul\u00ed - Exento UFI 10% - Amberes Vela de Lujo Suministros","isPartOf":{"@id":"https:\/\/luxurycandlesupplies.eu\/#website"},"primaryImageOfPage":{"@id":"https:\/\/luxurycandlesupplies.eu\/product\/bergamot-patchouli-ufi-exempt-10\/#primaryimage"},"image":{"@id":"https:\/\/luxurycandlesupplies.eu\/product\/bergamot-patchouli-ufi-exempt-10\/#primaryimage"},"thumbnailUrl":"https:\/\/luxurycandlesupplies.eu\/app\/uploads\/2025\/07\/Bergamot-1.png","datePublished":"2026-04-24T13:20:09+00:00","dateModified":"2026-04-24T13:49:03+00:00","description":"Una fragancia refrescante y a la vez arraigada que captura la esencia del aire marino que se encuentra con la tierra. La brillante bergamota abre la fragancia con una fresca nota c\u00edtrica, que fluye hacia un coraz\u00f3n de fresca brisa marina que evoca las olas y la libertad. El fondo de profundo pachul\u00ed a\u00f1ade calidez y sofisticaci\u00f3n, dejando una impresi\u00f3n serena y duradera.","breadcrumb":{"@id":"https:\/\/luxurycandlesupplies.eu\/product\/bergamot-patchouli-ufi-exempt-10\/#breadcrumb"},"inLanguage":"es","potentialAction":[{"@type":"ReadAction","target":["https:\/\/luxurycandlesupplies.eu\/product\/bergamot-patchouli-ufi-exempt-10\/"]}]},{"@type":"ImageObject","inLanguage":"es","@id":"https:\/\/luxurycandlesupplies.eu\/product\/bergamot-patchouli-ufi-exempt-10\/#primaryimage","url":"https:\/\/luxurycandlesupplies.eu\/app\/uploads\/2025\/07\/Bergamot-1.png","contentUrl":"https:\/\/luxurycandlesupplies.eu\/app\/uploads\/2025\/07\/Bergamot-1.png","width":1080,"height":1080},{"@type":"BreadcrumbList","@id":"https:\/\/luxurycandlesupplies.eu\/product\/bergamot-patchouli-ufi-exempt-10\/#breadcrumb","itemListElement":[{"@type":"ListItem","position":1,"name":"Home","item":"https:\/\/luxurycandlesupplies.eu\/"},{"@type":"ListItem","position":2,"name":"Shop","item":"https:\/\/luxurycandlesupplies.eu\/shop\/"},{"@type":"ListItem","position":3,"name":"Bergamot &#038; Patchouli &#8211; UFI Exempt 10%"}]},{"@type":"WebSite","@id":"https:\/\/luxurycandlesupplies.eu\/#website","url":"https:\/\/luxurycandlesupplies.eu\/","name":"Suministros para velas de lujo de Amberes","description":"Distribuidor de cera de soja para todas las estaciones","publisher":{"@id":"https:\/\/luxurycandlesupplies.eu\/#organization"},"potentialAction":[{"@type":"SearchAction","target":{"@type":"EntryPoint","urlTemplate":"https:\/\/luxurycandlesupplies.eu\/?s={search_term_string}"},"query-input":{"@type":"PropertyValueSpecification","valueRequired":true,"valueName":"search_term_string"}}],"inLanguage":"es"},{"@type":"Organization","@id":"https:\/\/luxurycandlesupplies.eu\/#organization","name":"Suministros para velas de lujo de Amberes","url":"https:\/\/luxurycandlesupplies.eu\/","logo":{"@type":"ImageObject","inLanguage":"es","@id":"https:\/\/luxurycandlesupplies.eu\/#\/schema\/logo\/image\/","url":"https:\/\/luxurycandlesupplies.eu\/app\/uploads\/2022\/03\/antwerp-luxury-candle-supplies-1x.png","contentUrl":"https:\/\/luxurycandlesupplies.eu\/app\/uploads\/2022\/03\/antwerp-luxury-candle-supplies-1x.png","width":330,"height":60,"caption":"Antwerp Luxury Candle Supplies"},"image":{"@id":"https:\/\/luxurycandlesupplies.eu\/#\/schema\/logo\/image\/"},"sameAs":["https:\/\/www.facebook.com\/Antwerpluxurycandlesupplies\/","https:\/\/www.instagram.com\/antwerp_luxury_candle_supplies\/","https:\/\/pin.it\/7joOXRW"]}]}},"_links":{"self":[{"href":"https:\/\/luxurycandlesupplies.eu\/es\/wp-json\/wp\/v2\/product\/29878","targetHints":{"allow":["GET"]}}],"collection":[{"href":"https:\/\/luxurycandlesupplies.eu\/es\/wp-json\/wp\/v2\/product"}],"about":[{"href":"https:\/\/luxurycandlesupplies.eu\/es\/wp-json\/wp\/v2\/types\/product"}],"wp:featuredmedia":[{"embeddable":true,"href":"https:\/\/luxurycandlesupplies.eu\/es\/wp-json\/wp\/v2\/media\/22365"}],"wp:attachment":[{"href":"https:\/\/luxurycandlesupplies.eu\/es\/wp-json\/wp\/v2\/media?parent=29878"}],"wp:term":[{"taxonomy":"product_brand","embeddable":true,"href":"https:\/\/luxurycandlesupplies.eu\/es\/wp-json\/wp\/v2\/product_brand?post=29878"},{"taxonomy":"product_cat","embeddable":true,"href":"https:\/\/luxurycandlesupplies.eu\/es\/wp-json\/wp\/v2\/product_cat?post=29878"},{"taxonomy":"product_tag","embeddable":true,"href":"https:\/\/luxurycandlesupplies.eu\/es\/wp-json\/wp\/v2\/product_tag?post=29878"}],"curies":[{"name":"wp","href":"https:\/\/api.w.org\/{rel}","templated":true}]}}