{"id":29897,"date":"2026-04-24T15:54:11","date_gmt":"2026-04-24T13:54:11","guid":{"rendered":"https:\/\/luxurycandlesupplies.eu\/?post_type=product&#038;p=29897"},"modified":"2026-04-24T15:55:09","modified_gmt":"2026-04-24T13:55:09","slug":"manzana-asada-vainilla-ufi-exento","status":"publish","type":"product","link":"https:\/\/luxurycandlesupplies.eu\/es\/product\/baked-apple-vanilla-ufi-exempt\/","title":{"rendered":"Manzana asada a la vainilla - Exento de UFI <8%"},"content":{"rendered":"<h3>DESCRIPCI\u00d3N<\/h3>\n<p>&nbsp;<\/p>\n<h3>Manzana asada a la vainilla<\/h3>\n<div class=\"page\" title=\"P\u00e1gina 5\">\n<div class=\"layoutArea\">\n<div class=\"column\">\n<p>&nbsp;<\/p>\n<p>Las jugosas manzanas asadas se funden con la cremosa vainilla, creando un aroma dulce y nost\u00e1lgico que recuerda a un postre caliente reci\u00e9n salido del horno.<\/p>\n<p>&nbsp;<\/p>\n<p>Arriba: Rhubard, Cranberry<br \/>\nCoraz\u00f3n: Manzana, frutos rojos<br \/>\nBase: Vainilla, Clavo<\/p>\n<\/div>\n<\/div>\n<\/div>\n<p>&nbsp;<\/p>\n<p>&nbsp;<\/p>\n<h3>NUESTRA RECOMENDACI\u00d3N<\/h3>\n<hr \/>\n<div>\n<p>El uso de aceites de fragancia depender\u00e1 del producto que est\u00e9 creando. Consulte la siguiente gu\u00eda para conocer las proporciones recomendadas para su producto.<\/p>\n<p>Tenga en cuenta que los valores indicados a continuaci\u00f3n son s\u00f3lo sugerencias. Recomendamos a los usuarios que realicen sus propias pruebas con las mezclas de cera y aceite previstas para obtener resultados \u00f3ptimos.<\/p>\n<p>Velas: 6-10%, exentas de UFI m\u00e1x. 8%<br \/>\nWaxmelts: 10-12%<\/p>\n<\/div>\n<h2><\/h2>\n<h3>INFORMACI\u00d3N SOBRE CLP Y SDS<\/h3>\n<hr \/>\n<div>\n<p><a href=\"https:\/\/luxurycandlesupplies.eu\/app\/uploads\/2025\/07\/SDS-Baked-Apple-Vanilla-1.pdf\">SDS Manzana asada Vainilla<\/a><\/p>\n<\/div>\n<p><a href=\"https:\/\/luxurycandlesupplies.eu\/app\/uploads\/2025\/07\/IFRA-BAKED-APPLE-VANILLA.pdf\">IFRA MANZANA ASADA VAINILLA<\/a><\/p>\n<p><a href=\"https:\/\/luxurycandlesupplies.eu\/app\/uploads\/2025\/07\/CLP-label-_-Baked-Apple-Vanilla-_-candle-8_Free-of-UFI.pdf\">Etiqueta CLP _ Manzana asada vainilla _ vela 8%_Free of UFI<\/a><\/p>\n<p>&nbsp;<\/p>\n<p>UFI: X1D0-006C-F00X-FKWM<\/p>\n<p><img decoding=\"async\" class=\"alignnone wp-image-23488\" src=\"https:\/\/luxurycandlesupplies.eu\/app\/uploads\/2025\/07\/Danger-3-300x300.png\" alt=\"\" width=\"122\" height=\"122\" srcset=\"https:\/\/luxurycandlesupplies.eu\/app\/uploads\/2025\/07\/Danger-3-300x300.png 300w, https:\/\/luxurycandlesupplies.eu\/app\/uploads\/2025\/07\/Danger-3-1024x1024.png 1024w, https:\/\/luxurycandlesupplies.eu\/app\/uploads\/2025\/07\/Danger-3-150x150.png 150w, https:\/\/luxurycandlesupplies.eu\/app\/uploads\/2025\/07\/Danger-3-768x768.png 768w, https:\/\/luxurycandlesupplies.eu\/app\/uploads\/2025\/07\/Danger-3-12x12.png 12w, https:\/\/luxurycandlesupplies.eu\/app\/uploads\/2025\/07\/Danger-3-600x600.png 600w, https:\/\/luxurycandlesupplies.eu\/app\/uploads\/2025\/07\/Danger-3-100x100.png 100w, https:\/\/luxurycandlesupplies.eu\/app\/uploads\/2025\/07\/Danger-3.png 1080w\" sizes=\"(max-width: 122px) 100vw, 122px\" \/><\/p>\n<p><strong>Manzana asada a la vainilla NL<\/strong><\/p>\n<p>H317 Kan een allergische huidreactie veroorzaken. H412 Schadelijk voor in het water levende<br \/>\norganismen, met langdurige gevolgen. P261 Inademing van stof\/rook\/gas\/nevel\/damp\/spuitnevel<br \/>\nvermijden. P272 No se puede volver a encender la m\u00e1quina. P280 Desenchufar<br \/>\nhandschoenen\/beschermende kleding\/oogbescherming\/gelaatsbescherming dragen. P321 Especificaciones<br \/>\nbehandeling vereist (zie op dit etiket). P363 El control remoto se activa cuando esta opci\u00f3n est\u00e1 activada.<br \/>\nuse. P501 Inhoud\/verpakking afvoeren naar een erkende afvalinzamelaar conform VLAREMA<br \/>\nen OVAM-regelgeving. P302+P352 BIJ CONTACT MET DE HUID: met veel water en zeep wassen.<br \/>\nP333+P313 Bij huidirritatie of uitslag: een arts raadplegen. P273 Voorkom lozing in het milieu.<\/p>\n<p>&nbsp;<\/p>\n<p><strong>Manzana asada a la vainilla FR<\/strong><\/p>\n<p>H317 Puede provocar una reacci\u00f3n al\u00e9rgica cut\u00e1nea. H412 Nocivo para los organismos acu\u00e1ticos,<br \/>\nentra\u00eene des effets n\u00e9fastes \u00e0 long terme. P261 Evitar respirar los<br \/>\npoussi\u00e8res\/fum\u00e9es\/gaz\/brouillards\/vapeurs\/a\u00e9rosols. P272 Les v\u00eatements de travail contamin\u00e9s ne<br \/>\ndoivent pas sortir du lieu de travail. P280 Porter des gants de protection\/des v\u00eatements de<br \/>\nprotection\/une protection des yeux\/du visage. P321 Tratamiento espec\u00edfico necesario (ver en<br \/>\nl'\u00e9tiquette). P363 Laver les v\u00eatements contamin\u00e9s avant de les r\u00e9utiliser. P501 Elimine el contenido\/el<br \/>\nRecibido a trav\u00e9s de un recolector de residuos autorizado conforme a la normativa VLAREMA y OVAM.<br \/>\nP302+P352 EN CAS DE CONTACT AVEC LA PEAU : laver abondamment \u00e0 l'eau et au savon. P333+P313<br \/>\nEn caso de irritaci\u00f3n o erupci\u00f3n cut\u00e1nea: consulte a un m\u00e9dico. P273 Evitar el rechazo en<br \/>\nl'environnement.<\/p>\n<p>&nbsp;<\/p>\n<p><strong>Manzana asada a la vainilla ENG<\/strong><\/p>\n<p>H317 Puede provocar una reacci\u00f3n al\u00e9rgica en la piel. H412 Nocivo para los organismos acu\u00e1ticos, con efectos nocivos duraderos. P261<br \/>\nEvitar respirar el polvo\/el humo\/el gas\/la niebla\/los vapores\/el aerosol. P272 La ropa de trabajo contaminada no debe ser<br \/>\nfuera del lugar de trabajo. P280 Llevar guantes de protecci\u00f3n\/ropa de protecci\u00f3n\/protecci\u00f3n ocular\/protecci\u00f3n facial.<br \/>\nprotecci\u00f3n. P321 Tratamiento espec\u00edfico requerido (ver en etiqueta). P363 Lavar la ropa contaminada antes de<br \/>\nreutilizaci\u00f3n. P501 Eliminar el contenido\/el recipiente a trav\u00e9s de un recolector de residuos autorizado de acuerdo con<br \/>\nNormativa VLAREMA y OVAM. P302+P352 EN CASO DE CONTACTO CON LA PIEL: Lavar con abundante agua y jab\u00f3n.<br \/>\nP333+P313 En caso de irritaci\u00f3n o erupci\u00f3n cut\u00e1nea: Consultar a un m\u00e9dico. P273 Evitar su liberaci\u00f3n al<br \/>\nmedio ambiente.<\/p>","protected":false},"excerpt":{"rendered":"<p>DESCRIPTION &nbsp; Baked Apple Vanilla &nbsp; Juicy baked apples melt into creamy vanilla, creating a sweet and nostalgic scent that feels like a warm dessert straight from the oven! &nbsp; Top: Rhubard, Cranberry Heart: Apple, Red Fruits Base: Vanilla, Clove &nbsp; &nbsp; OUR RECOMMENDATION The use of fragrance oils will be dependant on the product [&hellip;]<\/p>\n","protected":false},"featured_media":22319,"template":"","meta":{"_acf_changed":false,"site-sidebar-layout":"default","site-content-layout":"default","ast-site-content-layout":"default","site-content-style":"default","site-sidebar-style":"default","ast-global-header-display":"","ast-banner-title-visibility":"","ast-main-header-display":"","ast-hfb-above-header-display":"","ast-hfb-below-header-display":"","ast-hfb-mobile-header-display":"","site-post-title":"","ast-breadcrumbs-content":"","ast-featured-img":"","footer-sml-layout":"","ast-disable-related-posts":"","theme-transparent-header-meta":"default","adv-header-id-meta":"","stick-header-meta":"","header-above-stick-meta":"","header-main-stick-meta":"","header-below-stick-meta":"","astra-migrate-meta-layouts":"set","ast-page-background-enabled":"default","ast-page-background-meta":{"desktop":{"background-color":"","background-image":"","background-repeat":"repeat","background-position":"center center","background-size":"auto","background-attachment":"scroll","background-type":"","background-media":"","overlay-type":"","overlay-color":"","overlay-opacity":"","overlay-gradient":""},"tablet":{"background-color":"","background-image":"","background-repeat":"repeat","background-position":"center center","background-size":"auto","background-attachment":"scroll","background-type":"","background-media":"","overlay-type":"","overlay-color":"","overlay-opacity":"","overlay-gradient":""},"mobile":{"background-color":"","background-image":"","background-repeat":"repeat","background-position":"center center","background-size":"auto","background-attachment":"scroll","background-type":"","background-media":"","overlay-type":"","overlay-color":"","overlay-opacity":"","overlay-gradient":""}},"ast-content-background-meta":{"desktop":{"background-color":"var(--ast-global-color-5)","background-image":"","background-repeat":"repeat","background-position":"center center","background-size":"auto","background-attachment":"scroll","background-type":"","background-media":"","overlay-type":"","overlay-color":"","overlay-opacity":"","overlay-gradient":""},"tablet":{"background-color":"var(--ast-global-color-5)","background-image":"","background-repeat":"repeat","background-position":"center center","background-size":"auto","background-attachment":"scroll","background-type":"","background-media":"","overlay-type":"","overlay-color":"","overlay-opacity":"","overlay-gradient":""},"mobile":{"background-color":"var(--ast-global-color-5)","background-image":"","background-repeat":"repeat","background-position":"center center","background-size":"auto","background-attachment":"scroll","background-type":"","background-media":"","overlay-type":"","overlay-color":"","overlay-opacity":"","overlay-gradient":""}}},"product_brand":[],"product_cat":[25,1681],"product_tag":[1684,59,31,23,30,20,434,27,22],"class_list":{"0":"post-29897","1":"product","2":"type-product","3":"status-publish","4":"has-post-thumbnail","6":"product_cat-fragrances","7":"product_cat-fragrances-ufi-exempt","8":"product_tag-apple","9":"product_tag-christmas","10":"product_tag-m12-wax","11":"product_tag-s100-wax","12":"product_tag-s16-wax","13":"product_tag-soy-wax","14":"product_tag-vanilla","15":"product_tag-vegan-wax","16":"product_tag-wax","17":"desktop-align-left","18":"tablet-align-left","19":"mobile-align-left","20":"ast-product-gallery-layout-horizontal-slider","21":"ast-product-single-variable","22":"ast-product-tabs-layout-horizontal","24":"first","25":"instock","26":"taxable","27":"shipping-taxable","28":"purchasable","29":"product-type-variable"},"acf":[],"yoast_head":"<title>Baked Apple Vanilla - UFI Exempt<\/title>\n<meta name=\"description\" content=\"Juicy baked apples melt into creamy vanilla, creating a sweet and nostalgic scent that feels like a warm dessert straight from the oven!\" \/>\n<meta name=\"robots\" content=\"index, follow, max-snippet:-1, max-image-preview:large, max-video-preview:-1\" \/>\n<link rel=\"canonical\" href=\"https:\/\/luxurycandlesupplies.eu\/es\/producto\/manzana-asada-vainilla-ufi-exento\/\" \/>\n<meta property=\"og:locale\" content=\"es_ES\" \/>\n<meta property=\"og:type\" content=\"article\" \/>\n<meta property=\"og:title\" content=\"Baked Apple Vanilla - UFI Exempt\" \/>\n<meta property=\"og:description\" content=\"Juicy baked apples melt into creamy vanilla, creating a sweet and nostalgic scent that feels like a warm dessert straight from the oven!\" \/>\n<meta property=\"og:url\" content=\"https:\/\/luxurycandlesupplies.eu\/es\/producto\/manzana-asada-vainilla-ufi-exento\/\" \/>\n<meta property=\"og:site_name\" content=\"Antwerp Luxury Candle Supplies\" \/>\n<meta property=\"article:publisher\" content=\"https:\/\/www.facebook.com\/Antwerpluxurycandlesupplies\/\" \/>\n<meta property=\"article:modified_time\" content=\"2026-04-24T13:55:09+00:00\" \/>\n<meta property=\"og:image\" content=\"https:\/\/luxurycandlesupplies.eu\/app\/uploads\/2025\/07\/Baked-apple-vanilla.png\" \/>\n\t<meta property=\"og:image:width\" content=\"1080\" \/>\n\t<meta property=\"og:image:height\" content=\"1080\" \/>\n\t<meta property=\"og:image:type\" content=\"image\/png\" \/>\n<meta name=\"twitter:card\" content=\"summary_large_image\" \/>\n<meta name=\"twitter:label1\" content=\"Tiempo de lectura\" \/>\n\t<meta name=\"twitter:data1\" content=\"3 minutos\" \/>\n<script type=\"application\/ld+json\" class=\"yoast-schema-graph\">{\"@context\":\"https:\\\/\\\/schema.org\",\"@graph\":[{\"@type\":\"WebPage\",\"@id\":\"https:\\\/\\\/luxurycandlesupplies.eu\\\/product\\\/baked-apple-vanilla-ufi-exempt\\\/\",\"url\":\"https:\\\/\\\/luxurycandlesupplies.eu\\\/product\\\/baked-apple-vanilla-ufi-exempt\\\/\",\"name\":\"Baked Apple Vanilla - UFI Exempt\",\"isPartOf\":{\"@id\":\"https:\\\/\\\/luxurycandlesupplies.eu\\\/#website\"},\"primaryImageOfPage\":{\"@id\":\"https:\\\/\\\/luxurycandlesupplies.eu\\\/product\\\/baked-apple-vanilla-ufi-exempt\\\/#primaryimage\"},\"image\":{\"@id\":\"https:\\\/\\\/luxurycandlesupplies.eu\\\/product\\\/baked-apple-vanilla-ufi-exempt\\\/#primaryimage\"},\"thumbnailUrl\":\"https:\\\/\\\/luxurycandlesupplies.eu\\\/app\\\/uploads\\\/2025\\\/07\\\/Baked-apple-vanilla.png\",\"datePublished\":\"2026-04-24T13:54:11+00:00\",\"dateModified\":\"2026-04-24T13:55:09+00:00\",\"description\":\"Juicy baked apples melt into creamy vanilla, creating a sweet and nostalgic scent that feels like a warm dessert straight from the oven!\",\"breadcrumb\":{\"@id\":\"https:\\\/\\\/luxurycandlesupplies.eu\\\/product\\\/baked-apple-vanilla-ufi-exempt\\\/#breadcrumb\"},\"inLanguage\":\"es\",\"potentialAction\":[{\"@type\":\"ReadAction\",\"target\":[\"https:\\\/\\\/luxurycandlesupplies.eu\\\/product\\\/baked-apple-vanilla-ufi-exempt\\\/\"]}]},{\"@type\":\"ImageObject\",\"inLanguage\":\"es\",\"@id\":\"https:\\\/\\\/luxurycandlesupplies.eu\\\/product\\\/baked-apple-vanilla-ufi-exempt\\\/#primaryimage\",\"url\":\"https:\\\/\\\/luxurycandlesupplies.eu\\\/app\\\/uploads\\\/2025\\\/07\\\/Baked-apple-vanilla.png\",\"contentUrl\":\"https:\\\/\\\/luxurycandlesupplies.eu\\\/app\\\/uploads\\\/2025\\\/07\\\/Baked-apple-vanilla.png\",\"width\":1080,\"height\":1080},{\"@type\":\"BreadcrumbList\",\"@id\":\"https:\\\/\\\/luxurycandlesupplies.eu\\\/product\\\/baked-apple-vanilla-ufi-exempt\\\/#breadcrumb\",\"itemListElement\":[{\"@type\":\"ListItem\",\"position\":1,\"name\":\"Home\",\"item\":\"https:\\\/\\\/luxurycandlesupplies.eu\\\/\"},{\"@type\":\"ListItem\",\"position\":2,\"name\":\"Shop\",\"item\":\"https:\\\/\\\/luxurycandlesupplies.eu\\\/shop\\\/\"},{\"@type\":\"ListItem\",\"position\":3,\"name\":\"Baked Apple Vanilla &#8211; UFI Exempt\"}]},{\"@type\":\"WebSite\",\"@id\":\"https:\\\/\\\/luxurycandlesupplies.eu\\\/#website\",\"url\":\"https:\\\/\\\/luxurycandlesupplies.eu\\\/\",\"name\":\"Antwerp Luxury Candle Supplies\",\"description\":\"Distributor of all seasons soy wax\",\"publisher\":{\"@id\":\"https:\\\/\\\/luxurycandlesupplies.eu\\\/#organization\"},\"potentialAction\":[{\"@type\":\"SearchAction\",\"target\":{\"@type\":\"EntryPoint\",\"urlTemplate\":\"https:\\\/\\\/luxurycandlesupplies.eu\\\/?s={search_term_string}\"},\"query-input\":{\"@type\":\"PropertyValueSpecification\",\"valueRequired\":true,\"valueName\":\"search_term_string\"}}],\"inLanguage\":\"es\"},{\"@type\":\"Organization\",\"@id\":\"https:\\\/\\\/luxurycandlesupplies.eu\\\/#organization\",\"name\":\"Antwerp Luxury Candle Supplies\",\"url\":\"https:\\\/\\\/luxurycandlesupplies.eu\\\/\",\"logo\":{\"@type\":\"ImageObject\",\"inLanguage\":\"es\",\"@id\":\"https:\\\/\\\/luxurycandlesupplies.eu\\\/#\\\/schema\\\/logo\\\/image\\\/\",\"url\":\"https:\\\/\\\/luxurycandlesupplies.eu\\\/app\\\/uploads\\\/2022\\\/03\\\/antwerp-luxury-candle-supplies-1x.png\",\"contentUrl\":\"https:\\\/\\\/luxurycandlesupplies.eu\\\/app\\\/uploads\\\/2022\\\/03\\\/antwerp-luxury-candle-supplies-1x.png\",\"width\":330,\"height\":60,\"caption\":\"Antwerp Luxury Candle Supplies\"},\"image\":{\"@id\":\"https:\\\/\\\/luxurycandlesupplies.eu\\\/#\\\/schema\\\/logo\\\/image\\\/\"},\"sameAs\":[\"https:\\\/\\\/www.facebook.com\\\/Antwerpluxurycandlesupplies\\\/\",\"https:\\\/\\\/www.instagram.com\\\/antwerp_luxury_candle_supplies\\\/\",\"https:\\\/\\\/pin.it\\\/7joOXRW\"]}]}<\/script>","yoast_head_json":{"title":"Manzana asada a la vainilla - Exento de UFI","description":"Las jugosas manzanas asadas se funden con la cremosa vainilla, creando un aroma dulce y nost\u00e1lgico que recuerda a un postre caliente reci\u00e9n salido del horno.","robots":{"index":"index","follow":"follow","max-snippet":"max-snippet:-1","max-image-preview":"max-image-preview:large","max-video-preview":"max-video-preview:-1"},"canonical":"https:\/\/luxurycandlesupplies.eu\/es\/producto\/manzana-asada-vainilla-ufi-exento\/","og_locale":"es_ES","og_type":"article","og_title":"Baked Apple Vanilla - UFI Exempt","og_description":"Juicy baked apples melt into creamy vanilla, creating a sweet and nostalgic scent that feels like a warm dessert straight from the oven!","og_url":"https:\/\/luxurycandlesupplies.eu\/es\/producto\/manzana-asada-vainilla-ufi-exento\/","og_site_name":"Antwerp Luxury Candle Supplies","article_publisher":"https:\/\/www.facebook.com\/Antwerpluxurycandlesupplies\/","article_modified_time":"2026-04-24T13:55:09+00:00","og_image":[{"width":1080,"height":1080,"url":"https:\/\/luxurycandlesupplies.eu\/app\/uploads\/2025\/07\/Baked-apple-vanilla.png","type":"image\/png"}],"twitter_card":"summary_large_image","twitter_misc":{"Tiempo de lectura":"3 minutos"},"schema":{"@context":"https:\/\/schema.org","@graph":[{"@type":"WebPage","@id":"https:\/\/luxurycandlesupplies.eu\/product\/baked-apple-vanilla-ufi-exempt\/","url":"https:\/\/luxurycandlesupplies.eu\/product\/baked-apple-vanilla-ufi-exempt\/","name":"Manzana asada a la vainilla - Exento de UFI","isPartOf":{"@id":"https:\/\/luxurycandlesupplies.eu\/#website"},"primaryImageOfPage":{"@id":"https:\/\/luxurycandlesupplies.eu\/product\/baked-apple-vanilla-ufi-exempt\/#primaryimage"},"image":{"@id":"https:\/\/luxurycandlesupplies.eu\/product\/baked-apple-vanilla-ufi-exempt\/#primaryimage"},"thumbnailUrl":"https:\/\/luxurycandlesupplies.eu\/app\/uploads\/2025\/07\/Baked-apple-vanilla.png","datePublished":"2026-04-24T13:54:11+00:00","dateModified":"2026-04-24T13:55:09+00:00","description":"Las jugosas manzanas asadas se funden con la cremosa vainilla, creando un aroma dulce y nost\u00e1lgico que recuerda a un postre caliente reci\u00e9n salido del horno.","breadcrumb":{"@id":"https:\/\/luxurycandlesupplies.eu\/product\/baked-apple-vanilla-ufi-exempt\/#breadcrumb"},"inLanguage":"es","potentialAction":[{"@type":"ReadAction","target":["https:\/\/luxurycandlesupplies.eu\/product\/baked-apple-vanilla-ufi-exempt\/"]}]},{"@type":"ImageObject","inLanguage":"es","@id":"https:\/\/luxurycandlesupplies.eu\/product\/baked-apple-vanilla-ufi-exempt\/#primaryimage","url":"https:\/\/luxurycandlesupplies.eu\/app\/uploads\/2025\/07\/Baked-apple-vanilla.png","contentUrl":"https:\/\/luxurycandlesupplies.eu\/app\/uploads\/2025\/07\/Baked-apple-vanilla.png","width":1080,"height":1080},{"@type":"BreadcrumbList","@id":"https:\/\/luxurycandlesupplies.eu\/product\/baked-apple-vanilla-ufi-exempt\/#breadcrumb","itemListElement":[{"@type":"ListItem","position":1,"name":"Home","item":"https:\/\/luxurycandlesupplies.eu\/"},{"@type":"ListItem","position":2,"name":"Shop","item":"https:\/\/luxurycandlesupplies.eu\/shop\/"},{"@type":"ListItem","position":3,"name":"Baked Apple Vanilla &#8211; UFI Exempt"}]},{"@type":"WebSite","@id":"https:\/\/luxurycandlesupplies.eu\/#website","url":"https:\/\/luxurycandlesupplies.eu\/","name":"Suministros para velas de lujo de Amberes","description":"Distribuidor de cera de soja para todas las estaciones","publisher":{"@id":"https:\/\/luxurycandlesupplies.eu\/#organization"},"potentialAction":[{"@type":"SearchAction","target":{"@type":"EntryPoint","urlTemplate":"https:\/\/luxurycandlesupplies.eu\/?s={search_term_string}"},"query-input":{"@type":"PropertyValueSpecification","valueRequired":true,"valueName":"search_term_string"}}],"inLanguage":"es"},{"@type":"Organization","@id":"https:\/\/luxurycandlesupplies.eu\/#organization","name":"Suministros para velas de lujo de Amberes","url":"https:\/\/luxurycandlesupplies.eu\/","logo":{"@type":"ImageObject","inLanguage":"es","@id":"https:\/\/luxurycandlesupplies.eu\/#\/schema\/logo\/image\/","url":"https:\/\/luxurycandlesupplies.eu\/app\/uploads\/2022\/03\/antwerp-luxury-candle-supplies-1x.png","contentUrl":"https:\/\/luxurycandlesupplies.eu\/app\/uploads\/2022\/03\/antwerp-luxury-candle-supplies-1x.png","width":330,"height":60,"caption":"Antwerp Luxury Candle Supplies"},"image":{"@id":"https:\/\/luxurycandlesupplies.eu\/#\/schema\/logo\/image\/"},"sameAs":["https:\/\/www.facebook.com\/Antwerpluxurycandlesupplies\/","https:\/\/www.instagram.com\/antwerp_luxury_candle_supplies\/","https:\/\/pin.it\/7joOXRW"]}]}},"_links":{"self":[{"href":"https:\/\/luxurycandlesupplies.eu\/es\/wp-json\/wp\/v2\/product\/29897","targetHints":{"allow":["GET"]}}],"collection":[{"href":"https:\/\/luxurycandlesupplies.eu\/es\/wp-json\/wp\/v2\/product"}],"about":[{"href":"https:\/\/luxurycandlesupplies.eu\/es\/wp-json\/wp\/v2\/types\/product"}],"wp:featuredmedia":[{"embeddable":true,"href":"https:\/\/luxurycandlesupplies.eu\/es\/wp-json\/wp\/v2\/media\/22319"}],"wp:attachment":[{"href":"https:\/\/luxurycandlesupplies.eu\/es\/wp-json\/wp\/v2\/media?parent=29897"}],"wp:term":[{"taxonomy":"product_brand","embeddable":true,"href":"https:\/\/luxurycandlesupplies.eu\/es\/wp-json\/wp\/v2\/product_brand?post=29897"},{"taxonomy":"product_cat","embeddable":true,"href":"https:\/\/luxurycandlesupplies.eu\/es\/wp-json\/wp\/v2\/product_cat?post=29897"},{"taxonomy":"product_tag","embeddable":true,"href":"https:\/\/luxurycandlesupplies.eu\/es\/wp-json\/wp\/v2\/product_tag?post=29897"}],"curies":[{"name":"wp","href":"https:\/\/api.w.org\/{rel}","templated":true}]}}