{"id":29990,"date":"2026-04-28T11:12:24","date_gmt":"2026-04-28T09:12:24","guid":{"rendered":"https:\/\/luxurycandlesupplies.eu\/?post_type=product&#038;p=29990"},"modified":"2026-05-16T16:08:17","modified_gmt":"2026-05-16T14:08:17","slug":"tarro-vela-amarillo-vogue-pequeno","status":"publish","type":"product","link":"https:\/\/luxurycandlesupplies.eu\/es\/product\/yellow-candle-jar-small-vogue\/","title":{"rendered":"Peque\u00f1o Vogue - OMG Amarillo"},"content":{"rendered":"<h4>DESCRIPCI\u00d3N<\/h4>\n<div class=\"product info detailed after-content\">\n<div class=\"product data items\">\n<div class=\"product-data-items-content\">\n<div id=\"attributedescription\" class=\"data item content\" role=\"tabpanel\" data-role=\"content\" aria-labelledby=\"tab-label-attributedescription\" aria-hidden=\"false\">\n<div class=\"product attribute description\">\n<div class=\"value\">\n<p>&nbsp;<\/p>\n<p data-start=\"74\" data-end=\"113\"><strong data-start=\"74\" data-end=\"113\">Peque\u00f1o Vogue - OMG Tarro vela amarillo<\/strong><\/p>\n<p data-start=\"115\" data-end=\"356\">Aporte energ\u00eda y calidez a su colecci\u00f3n de velas con el <strong data-start=\"176\" data-end=\"204\">Peque\u00f1o Vogue - OMG Amarillo<\/strong>. Este vibrante tarro de cristal llama la atenci\u00f3n al instante por su tono soleado, lo que lo convierte en la elecci\u00f3n perfecta para las marcas que buscan destacar en el lineal.<\/p>\n<p data-start=\"358\" data-end=\"589\">Fabricado en vidrio de alta calidad, este tarro combina durabilidad con un acabado de primera. El <strong data-start=\"447\" data-end=\"468\">OMG Color amarillo<\/strong> a\u00f1ade un toque l\u00fadico y lujoso a la vez, ideal para colecciones de primavera y verano, piezas llamativas o gotas de edici\u00f3n limitada.<\/p>\n<p data-start=\"591\" data-end=\"791\">La tapa no est\u00e1 incluida.<\/p>\n<p>&nbsp;<\/p>\n<p><strong>IMPORTANTE<\/strong> Tenga en cuenta que la foto del producto puede diferir del art\u00edculo real en t\u00e9rminos de color debido a la iluminaci\u00f3n y\/o fabricaci\u00f3n. Debido al proceso de fabricaci\u00f3n artesanal, cada recipiente tendr\u00e1 un dise\u00f1o \u00fanico y pueden apreciarse ligeras diferencias en la forma de la cristaler\u00eda.<\/p>\n<p>&nbsp;<\/p>\n<\/div>\n<\/div>\n<\/div>\n<\/div>\n<\/div>\n<\/div>","protected":false},"excerpt":{"rendered":"<h4>Cantidad m\u00ednima de pedido: 4 unidades.<\/h4>\n<div class=\"product info detailed after-content\">\n<div class=\"product data items\">\n<div class=\"product-data-items-content\">\n<div id=\"attributedescription\" class=\"data item content\" role=\"tabpanel\" data-role=\"content\" aria-labelledby=\"tab-label-attributedescription\" aria-hidden=\"false\">\n<div class=\"product attribute description\">\n<div class=\"value\">\n<p>&nbsp;<\/p>\n<p><strong>Volumen de cera:<br \/>\n<\/strong>200 ml<\/p>\n<p><strong>Dimensiones internas del recipiente:<br \/>\n<\/strong>72 mm de ancho x 74 mm de alto<\/p>\n<p><strong>Dimensiones exteriores del recipiente:<br \/>\n<\/strong>78 mm de ancho x 88 mm de alto<\/p>\n<p><strong>Tama\u00f1o de mecha sugerido:<\/strong><br \/>\n<strong><a href=\"https:\/\/luxurycandlesupplies.eu\/es\/producto\/mechas-de-lcs-70\/\">LCS 70<\/a>,\u00a0<a href=\"https:\/\/luxurycandlesupplies.eu\/es\/producto\/mechas-de-lcs-75\/\">LCS75<\/a>,\u00a0<a href=\"https:\/\/luxurycandlesupplies.eu\/es\/producto\/mecha-de-madera-dubbel-10-x-150-mm\/\">Mecha de madera doble 10mm x 150mm<\/a><\/strong><\/p>\n<p><strong>Embalaje adecuado: <\/strong><a href=\"https:\/\/luxurycandlesupplies.eu\/es\/producto\/caja-clasica-pequena-blanca-2\/\"><strong>Caja cl\u00e1sica peque\u00f1a<\/strong><\/a><\/p>\n<p>&nbsp;<\/p>\n<p><strong>Tapas adecuadas:\u00a0<\/strong><\/p>\n<p><strong><a href=\"https:\/\/luxurycandlesupplies.eu\/es\/producto\/tapa-de-madera-pequena-silicona-seel\/\">Tapa de madera Naturel Peque\u00f1a Urban\u00a0<\/a><\/strong><\/p>\n<p><strong><a href=\"https:\/\/luxurycandlesupplies.eu\/es\/producto\/tapa-oro-cepillado-pequena-silicona-urbana-seel\/\">Tapa Oro Cepillado Peque\u00f1a Urban\u00a0<\/a><\/strong><\/p>\n<p><strong><a href=\"https:\/\/luxurycandlesupplies.eu\/es\/producto\/tapa-de-madera-negra-pequena-silicona-urbana-seel-copy\/\">Tapa de madera negra peque\u00f1a Urban<\/a><\/strong><\/p>\n<p>&nbsp;<\/p>\n<p>&nbsp;<\/p>\n<p>&nbsp;<\/p>\n<p>&nbsp;<\/p>\n<p>&nbsp;<\/p>\n<p>Disponible en unidades sueltas.<\/p>\n<p><strong><br \/>\nTama\u00f1o de la caja: <\/strong>32<\/p>\n<p><strong>IMPORTANTE<\/strong>\u00a0Tenga en cuenta que la foto del producto puede diferir del art\u00edculo real en t\u00e9rminos de color debido a la iluminaci\u00f3n y\/o fabricaci\u00f3n. La impresi\u00f3n de patrones sin costuras variar\u00e1 cada recipiente.<\/p>\n<\/div>\n<\/div>\n<\/div>\n<\/div>\n<\/div>\n<\/div>\n<div class=\"block related-product-main has-sub navigation-top related\" data-limit=\"0\" data-shuffle=\"0\"><\/div>\n<p>&nbsp;<\/p>","protected":false},"featured_media":30249,"template":"","meta":{"_acf_changed":false,"site-sidebar-layout":"default","site-content-layout":"default","ast-site-content-layout":"default","site-content-style":"default","site-sidebar-style":"default","ast-global-header-display":"","ast-banner-title-visibility":"","ast-main-header-display":"","ast-hfb-above-header-display":"","ast-hfb-below-header-display":"","ast-hfb-mobile-header-display":"","site-post-title":"","ast-breadcrumbs-content":"","ast-featured-img":"","footer-sml-layout":"","ast-disable-related-posts":"","theme-transparent-header-meta":"default","adv-header-id-meta":"","stick-header-meta":"","header-above-stick-meta":"","header-main-stick-meta":"","header-below-stick-meta":"","astra-migrate-meta-layouts":"set","ast-page-background-enabled":"default","ast-page-background-meta":{"desktop":{"background-color":"","background-image":"","background-repeat":"repeat","background-position":"center center","background-size":"auto","background-attachment":"scroll","background-type":"","background-media":"","overlay-type":"","overlay-color":"","overlay-opacity":"","overlay-gradient":""},"tablet":{"background-color":"","background-image":"","background-repeat":"repeat","background-position":"center center","background-size":"auto","background-attachment":"scroll","background-type":"","background-media":"","overlay-type":"","overlay-color":"","overlay-opacity":"","overlay-gradient":""},"mobile":{"background-color":"","background-image":"","background-repeat":"repeat","background-position":"center center","background-size":"auto","background-attachment":"scroll","background-type":"","background-media":"","overlay-type":"","overlay-color":"","overlay-opacity":"","overlay-gradient":""}},"ast-content-background-meta":{"desktop":{"background-color":"var(--ast-global-color-5)","background-image":"","background-repeat":"repeat","background-position":"center center","background-size":"auto","background-attachment":"scroll","background-type":"","background-media":"","overlay-type":"","overlay-color":"","overlay-opacity":"","overlay-gradient":""},"tablet":{"background-color":"var(--ast-global-color-5)","background-image":"","background-repeat":"repeat","background-position":"center center","background-size":"auto","background-attachment":"scroll","background-type":"","background-media":"","overlay-type":"","overlay-color":"","overlay-opacity":"","overlay-gradient":""},"mobile":{"background-color":"var(--ast-global-color-5)","background-image":"","background-repeat":"repeat","background-position":"center center","background-size":"auto","background-attachment":"scroll","background-type":"","background-media":"","overlay-type":"","overlay-color":"","overlay-opacity":"","overlay-gradient":""}}},"product_brand":[],"product_cat":[67,1592,69],"product_tag":[1593,96,180],"class_list":{"0":"post-29990","1":"product","2":"type-product","3":"status-publish","4":"has-post-thumbnail","6":"product_cat-candlejars","7":"product_cat-omg-collection","8":"product_cat-vogue-small","9":"product_tag-omg","10":"product_tag-vogue","11":"product_tag-yellow","12":"desktop-align-left","13":"tablet-align-left","14":"mobile-align-left","15":"ast-product-gallery-layout-horizontal-slider","16":"ast-product-tabs-layout-horizontal","18":"first","19":"instock","20":"taxable","21":"shipping-taxable","22":"purchasable","23":"product-type-simple"},"acf":[],"yoast_head":"<title>Small Vogue - OMG Yellow - Antwerp Luxury Candle Supplies<\/title>\n<meta name=\"description\" content=\"Luxury yellow candle jar in premium glass. The Small Vogue OMG Yellow is perfect for scented candles, private label and standout collections. Shop now.\" \/>\n<meta name=\"robots\" content=\"index, follow, max-snippet:-1, max-image-preview:large, max-video-preview:-1\" \/>\n<link rel=\"canonical\" href=\"https:\/\/luxurycandlesupplies.eu\/es\/producto\/tarro-vela-amarillo-vogue-pequeno\/\" \/>\n<meta property=\"og:locale\" content=\"es_ES\" \/>\n<meta property=\"og:type\" content=\"article\" \/>\n<meta property=\"og:title\" content=\"Small Vogue - OMG Yellow - Antwerp Luxury Candle Supplies\" \/>\n<meta property=\"og:description\" content=\"Luxury yellow candle jar in premium glass. The Small Vogue OMG Yellow is perfect for scented candles, private label and standout collections. Shop now.\" \/>\n<meta property=\"og:url\" content=\"https:\/\/luxurycandlesupplies.eu\/es\/producto\/tarro-vela-amarillo-vogue-pequeno\/\" \/>\n<meta property=\"og:site_name\" content=\"Antwerp Luxury Candle Supplies\" \/>\n<meta property=\"article:publisher\" content=\"https:\/\/www.facebook.com\/Antwerpluxurycandlesupplies\/\" \/>\n<meta property=\"article:modified_time\" content=\"2026-05-16T14:08:17+00:00\" \/>\n<meta property=\"og:image\" content=\"https:\/\/luxurycandlesupplies.eu\/app\/uploads\/2026\/04\/I6A5532-web.jpg\" \/>\n\t<meta property=\"og:image:width\" content=\"2000\" \/>\n\t<meta property=\"og:image:height\" content=\"2000\" \/>\n\t<meta property=\"og:image:type\" content=\"image\/jpeg\" \/>\n<meta name=\"twitter:card\" content=\"summary_large_image\" \/>\n<meta name=\"twitter:label1\" content=\"Tiempo de lectura\" \/>\n\t<meta name=\"twitter:data1\" content=\"1 minuto\" \/>\n<script type=\"application\/ld+json\" class=\"yoast-schema-graph\">{\"@context\":\"https:\\\/\\\/schema.org\",\"@graph\":[{\"@type\":\"WebPage\",\"@id\":\"https:\\\/\\\/luxurycandlesupplies.eu\\\/product\\\/yellow-candle-jar-small-vogue\\\/\",\"url\":\"https:\\\/\\\/luxurycandlesupplies.eu\\\/product\\\/yellow-candle-jar-small-vogue\\\/\",\"name\":\"Small Vogue - OMG Yellow - Antwerp Luxury Candle Supplies\",\"isPartOf\":{\"@id\":\"https:\\\/\\\/luxurycandlesupplies.eu\\\/#website\"},\"primaryImageOfPage\":{\"@id\":\"https:\\\/\\\/luxurycandlesupplies.eu\\\/product\\\/yellow-candle-jar-small-vogue\\\/#primaryimage\"},\"image\":{\"@id\":\"https:\\\/\\\/luxurycandlesupplies.eu\\\/product\\\/yellow-candle-jar-small-vogue\\\/#primaryimage\"},\"thumbnailUrl\":\"https:\\\/\\\/luxurycandlesupplies.eu\\\/app\\\/uploads\\\/2026\\\/04\\\/I6A5532-web.jpg\",\"datePublished\":\"2026-04-28T09:12:24+00:00\",\"dateModified\":\"2026-05-16T14:08:17+00:00\",\"description\":\"Luxury yellow candle jar in premium glass. The Small Vogue OMG Yellow is perfect for scented candles, private label and standout collections. Shop now.\",\"breadcrumb\":{\"@id\":\"https:\\\/\\\/luxurycandlesupplies.eu\\\/product\\\/yellow-candle-jar-small-vogue\\\/#breadcrumb\"},\"inLanguage\":\"es\",\"potentialAction\":[{\"@type\":\"ReadAction\",\"target\":[\"https:\\\/\\\/luxurycandlesupplies.eu\\\/product\\\/yellow-candle-jar-small-vogue\\\/\"]}]},{\"@type\":\"ImageObject\",\"inLanguage\":\"es\",\"@id\":\"https:\\\/\\\/luxurycandlesupplies.eu\\\/product\\\/yellow-candle-jar-small-vogue\\\/#primaryimage\",\"url\":\"https:\\\/\\\/luxurycandlesupplies.eu\\\/app\\\/uploads\\\/2026\\\/04\\\/I6A5532-web.jpg\",\"contentUrl\":\"https:\\\/\\\/luxurycandlesupplies.eu\\\/app\\\/uploads\\\/2026\\\/04\\\/I6A5532-web.jpg\",\"width\":2000,\"height\":2000},{\"@type\":\"BreadcrumbList\",\"@id\":\"https:\\\/\\\/luxurycandlesupplies.eu\\\/product\\\/yellow-candle-jar-small-vogue\\\/#breadcrumb\",\"itemListElement\":[{\"@type\":\"ListItem\",\"position\":1,\"name\":\"Home\",\"item\":\"https:\\\/\\\/luxurycandlesupplies.eu\\\/\"},{\"@type\":\"ListItem\",\"position\":2,\"name\":\"Shop\",\"item\":\"https:\\\/\\\/luxurycandlesupplies.eu\\\/shop\\\/\"},{\"@type\":\"ListItem\",\"position\":3,\"name\":\"Small Vogue &#8211; OMG Yellow\"}]},{\"@type\":\"WebSite\",\"@id\":\"https:\\\/\\\/luxurycandlesupplies.eu\\\/#website\",\"url\":\"https:\\\/\\\/luxurycandlesupplies.eu\\\/\",\"name\":\"Antwerp Luxury Candle Supplies\",\"description\":\"Distributor of all seasons soy wax\",\"publisher\":{\"@id\":\"https:\\\/\\\/luxurycandlesupplies.eu\\\/#organization\"},\"potentialAction\":[{\"@type\":\"SearchAction\",\"target\":{\"@type\":\"EntryPoint\",\"urlTemplate\":\"https:\\\/\\\/luxurycandlesupplies.eu\\\/?s={search_term_string}\"},\"query-input\":{\"@type\":\"PropertyValueSpecification\",\"valueRequired\":true,\"valueName\":\"search_term_string\"}}],\"inLanguage\":\"es\"},{\"@type\":\"Organization\",\"@id\":\"https:\\\/\\\/luxurycandlesupplies.eu\\\/#organization\",\"name\":\"Antwerp Luxury Candle Supplies\",\"url\":\"https:\\\/\\\/luxurycandlesupplies.eu\\\/\",\"logo\":{\"@type\":\"ImageObject\",\"inLanguage\":\"es\",\"@id\":\"https:\\\/\\\/luxurycandlesupplies.eu\\\/#\\\/schema\\\/logo\\\/image\\\/\",\"url\":\"https:\\\/\\\/luxurycandlesupplies.eu\\\/app\\\/uploads\\\/2022\\\/03\\\/antwerp-luxury-candle-supplies-1x.png\",\"contentUrl\":\"https:\\\/\\\/luxurycandlesupplies.eu\\\/app\\\/uploads\\\/2022\\\/03\\\/antwerp-luxury-candle-supplies-1x.png\",\"width\":330,\"height\":60,\"caption\":\"Antwerp Luxury Candle Supplies\"},\"image\":{\"@id\":\"https:\\\/\\\/luxurycandlesupplies.eu\\\/#\\\/schema\\\/logo\\\/image\\\/\"},\"sameAs\":[\"https:\\\/\\\/www.facebook.com\\\/Antwerpluxurycandlesupplies\\\/\",\"https:\\\/\\\/www.instagram.com\\\/antwerp_luxury_candle_supplies\\\/\",\"https:\\\/\\\/pin.it\\\/7joOXRW\"]}]}<\/script>","yoast_head_json":{"title":"Peque\u00f1o Vogue - OMG Amarillo - Antwerp Luxury Candle Supplies","description":"Lujoso tarro para velas amarillo en vidrio de primera calidad. El Peque\u00f1o Vogue OMG Amarillo es perfecto para velas perfumadas, marcas blancas y colecciones destacadas. Comprar ahora.","robots":{"index":"index","follow":"follow","max-snippet":"max-snippet:-1","max-image-preview":"max-image-preview:large","max-video-preview":"max-video-preview:-1"},"canonical":"https:\/\/luxurycandlesupplies.eu\/es\/producto\/tarro-vela-amarillo-vogue-pequeno\/","og_locale":"es_ES","og_type":"article","og_title":"Small Vogue - OMG Yellow - Antwerp Luxury Candle Supplies","og_description":"Luxury yellow candle jar in premium glass. The Small Vogue OMG Yellow is perfect for scented candles, private label and standout collections. Shop now.","og_url":"https:\/\/luxurycandlesupplies.eu\/es\/producto\/tarro-vela-amarillo-vogue-pequeno\/","og_site_name":"Antwerp Luxury Candle Supplies","article_publisher":"https:\/\/www.facebook.com\/Antwerpluxurycandlesupplies\/","article_modified_time":"2026-05-16T14:08:17+00:00","og_image":[{"width":2000,"height":2000,"url":"https:\/\/luxurycandlesupplies.eu\/app\/uploads\/2026\/04\/I6A5532-web.jpg","type":"image\/jpeg"}],"twitter_card":"summary_large_image","twitter_misc":{"Tiempo de lectura":"1 minuto"},"schema":{"@context":"https:\/\/schema.org","@graph":[{"@type":"WebPage","@id":"https:\/\/luxurycandlesupplies.eu\/product\/yellow-candle-jar-small-vogue\/","url":"https:\/\/luxurycandlesupplies.eu\/product\/yellow-candle-jar-small-vogue\/","name":"Peque\u00f1o Vogue - OMG Amarillo - Antwerp Luxury Candle Supplies","isPartOf":{"@id":"https:\/\/luxurycandlesupplies.eu\/#website"},"primaryImageOfPage":{"@id":"https:\/\/luxurycandlesupplies.eu\/product\/yellow-candle-jar-small-vogue\/#primaryimage"},"image":{"@id":"https:\/\/luxurycandlesupplies.eu\/product\/yellow-candle-jar-small-vogue\/#primaryimage"},"thumbnailUrl":"https:\/\/luxurycandlesupplies.eu\/app\/uploads\/2026\/04\/I6A5532-web.jpg","datePublished":"2026-04-28T09:12:24+00:00","dateModified":"2026-05-16T14:08:17+00:00","description":"Lujoso tarro para velas amarillo en vidrio de primera calidad. El Peque\u00f1o Vogue OMG Amarillo es perfecto para velas perfumadas, marcas blancas y colecciones destacadas. Comprar ahora.","breadcrumb":{"@id":"https:\/\/luxurycandlesupplies.eu\/product\/yellow-candle-jar-small-vogue\/#breadcrumb"},"inLanguage":"es","potentialAction":[{"@type":"ReadAction","target":["https:\/\/luxurycandlesupplies.eu\/product\/yellow-candle-jar-small-vogue\/"]}]},{"@type":"ImageObject","inLanguage":"es","@id":"https:\/\/luxurycandlesupplies.eu\/product\/yellow-candle-jar-small-vogue\/#primaryimage","url":"https:\/\/luxurycandlesupplies.eu\/app\/uploads\/2026\/04\/I6A5532-web.jpg","contentUrl":"https:\/\/luxurycandlesupplies.eu\/app\/uploads\/2026\/04\/I6A5532-web.jpg","width":2000,"height":2000},{"@type":"BreadcrumbList","@id":"https:\/\/luxurycandlesupplies.eu\/product\/yellow-candle-jar-small-vogue\/#breadcrumb","itemListElement":[{"@type":"ListItem","position":1,"name":"Home","item":"https:\/\/luxurycandlesupplies.eu\/"},{"@type":"ListItem","position":2,"name":"Shop","item":"https:\/\/luxurycandlesupplies.eu\/shop\/"},{"@type":"ListItem","position":3,"name":"Small Vogue &#8211; OMG Yellow"}]},{"@type":"WebSite","@id":"https:\/\/luxurycandlesupplies.eu\/#website","url":"https:\/\/luxurycandlesupplies.eu\/","name":"Suministros para velas de lujo de Amberes","description":"Distribuidor de cera de soja para todas las estaciones","publisher":{"@id":"https:\/\/luxurycandlesupplies.eu\/#organization"},"potentialAction":[{"@type":"SearchAction","target":{"@type":"EntryPoint","urlTemplate":"https:\/\/luxurycandlesupplies.eu\/?s={search_term_string}"},"query-input":{"@type":"PropertyValueSpecification","valueRequired":true,"valueName":"search_term_string"}}],"inLanguage":"es"},{"@type":"Organization","@id":"https:\/\/luxurycandlesupplies.eu\/#organization","name":"Suministros para velas de lujo de Amberes","url":"https:\/\/luxurycandlesupplies.eu\/","logo":{"@type":"ImageObject","inLanguage":"es","@id":"https:\/\/luxurycandlesupplies.eu\/#\/schema\/logo\/image\/","url":"https:\/\/luxurycandlesupplies.eu\/app\/uploads\/2022\/03\/antwerp-luxury-candle-supplies-1x.png","contentUrl":"https:\/\/luxurycandlesupplies.eu\/app\/uploads\/2022\/03\/antwerp-luxury-candle-supplies-1x.png","width":330,"height":60,"caption":"Antwerp Luxury Candle Supplies"},"image":{"@id":"https:\/\/luxurycandlesupplies.eu\/#\/schema\/logo\/image\/"},"sameAs":["https:\/\/www.facebook.com\/Antwerpluxurycandlesupplies\/","https:\/\/www.instagram.com\/antwerp_luxury_candle_supplies\/","https:\/\/pin.it\/7joOXRW"]}]}},"_links":{"self":[{"href":"https:\/\/luxurycandlesupplies.eu\/es\/wp-json\/wp\/v2\/product\/29990","targetHints":{"allow":["GET"]}}],"collection":[{"href":"https:\/\/luxurycandlesupplies.eu\/es\/wp-json\/wp\/v2\/product"}],"about":[{"href":"https:\/\/luxurycandlesupplies.eu\/es\/wp-json\/wp\/v2\/types\/product"}],"wp:featuredmedia":[{"embeddable":true,"href":"https:\/\/luxurycandlesupplies.eu\/es\/wp-json\/wp\/v2\/media\/30249"}],"wp:attachment":[{"href":"https:\/\/luxurycandlesupplies.eu\/es\/wp-json\/wp\/v2\/media?parent=29990"}],"wp:term":[{"taxonomy":"product_brand","embeddable":true,"href":"https:\/\/luxurycandlesupplies.eu\/es\/wp-json\/wp\/v2\/product_brand?post=29990"},{"taxonomy":"product_cat","embeddable":true,"href":"https:\/\/luxurycandlesupplies.eu\/es\/wp-json\/wp\/v2\/product_cat?post=29990"},{"taxonomy":"product_tag","embeddable":true,"href":"https:\/\/luxurycandlesupplies.eu\/es\/wp-json\/wp\/v2\/product_tag?post=29990"}],"curies":[{"name":"wp","href":"https:\/\/api.w.org\/{rel}","templated":true}]}}