{"id":30003,"date":"2026-04-28T12:20:10","date_gmt":"2026-04-28T10:20:10","guid":{"rendered":"https:\/\/luxurycandlesupplies.eu\/?post_type=product&#038;p=30003"},"modified":"2026-05-16T16:08:16","modified_gmt":"2026-05-16T14:08:16","slug":"gran-vogue-santorini-2","status":"publish","type":"product","link":"https:\/\/luxurycandlesupplies.eu\/es\/product\/large-vogue-santorini-2\/","title":{"rendered":"Grande Vogue - Santorini"},"content":{"rendered":"<h4>DESCRIPCI\u00d3N<\/h4>\n<div class=\"product info detailed after-content\">\n<div class=\"product data items\">\n<div class=\"product-data-items-content\">\n<div id=\"attributedescription\" class=\"data item content\" role=\"tabpanel\" data-role=\"content\" aria-labelledby=\"tab-label-attributedescription\" aria-hidden=\"false\">\n<div class=\"product attribute description\">\n<div class=\"value\">\n<p data-start=\"0\" data-end=\"65\"><strong data-start=\"0\" data-end=\"65\">Vogue Tarro grande para velas Santorini\u00a0<\/strong><\/p>\n<p data-start=\"67\" data-end=\"337\">Captura el esp\u00edritu del verano con el gran tarro de velas Vogue Santorini, inspirado en la belleza ic\u00f3nica de <span class=\"hover:entity-accent entity-underline inline cursor-pointer align-baseline\"><span class=\"whitespace-normal\">Santorini<\/span><\/span>. Este tarro de cristal para velas de primera calidad presenta impresionantes detalles moteados en azul que evocan el mar, el sol y el ambiente relajado de las vacaciones.<\/p>\n<p data-start=\"339\" data-end=\"623\">Dise\u00f1ado para la fabricaci\u00f3n de velas de alta gama, el Gran Santorini Vogue ofrece una generosa capacidad, por lo que es perfecto para velas de larga duraci\u00f3n y piezas de declaraci\u00f3n. El exclusivo patr\u00f3n azul crea un suave y c\u00e1lido resplandor cuando se enciende, realzando cualquier interior con un toque mediterr\u00e1neo fresco y elegante.<\/p>\n<p data-start=\"625\" data-end=\"878\">Fabricado en vidrio de alta calidad, este lujoso tarro para velas es ideal para las marcas que buscan crear colecciones de verano destacadas, sets de regalo y productos premium de fragancias para el hogar. Comb\u00ednalo con un difusor a juego para crear una gama de productos cohesionada y elegante.<\/p>\n<p data-start=\"880\" data-end=\"1023\">La superficie lisa es apta para la impresi\u00f3n de logotipos y la personalizaci\u00f3n de etiquetas privadas, lo que le permite personalizar por completo sus velas y envases.<\/p>\n<p data-start=\"1025\" data-end=\"1042\"><strong data-start=\"1025\" data-end=\"1042\">Caracter\u00edsticas principales:<\/strong><\/p>\n<ul data-start=\"1043\" data-end=\"1340\">\n<li data-section-id=\"1pw3yoj\" data-start=\"1043\" data-end=\"1093\">Tarro para velas azul moteado inspirado en Santorini<\/li>\n<li data-section-id=\"18pcwle\" data-start=\"1094\" data-end=\"1138\">Vidrio de calidad superior para velas de lujo<\/li>\n<li data-section-id=\"1piqtwj\" data-start=\"1139\" data-end=\"1180\">Gran capacidad para prolongar el tiempo de combusti\u00f3n<\/li>\n<li data-section-id=\"a1dldj\" data-start=\"1181\" data-end=\"1241\">Ideal para las colecciones de verano y los productos navide\u00f1os<\/li>\n<li data-section-id=\"b4dbs\" data-start=\"1242\" data-end=\"1290\">Apto para impresi\u00f3n de logotipos y etiqueta privada<\/li>\n<li data-section-id=\"1gi48nx\" data-start=\"1291\" data-end=\"1340\">Difusor a juego disponible para juegos completos<\/li>\n<\/ul>\n<p data-start=\"1342\" data-end=\"1469\" data-is-last-node=\"\" data-is-only-node=\"\">Actualice su colecci\u00f3n de velas con el tarro grande para velas Santorini Vogue y aporte un aspecto fresco e inspirado en el verano a su marca.<\/p>\n<p><strong>IMPORTANTE<\/strong> Tenga en cuenta que la foto del producto puede diferir del art\u00edculo real en t\u00e9rminos de color debido a la iluminaci\u00f3n y\/o fabricaci\u00f3n. Debido al proceso de fabricaci\u00f3n artesanal, cada recipiente tendr\u00e1 un dise\u00f1o \u00fanico y pueden apreciarse ligeras diferencias en la forma de la cristaler\u00eda.<\/p>\n<p>&nbsp;<\/p>\n<\/div>\n<\/div>\n<\/div>\n<\/div>\n<\/div>\n<\/div>","protected":false},"excerpt":{"rendered":"<h3>ESPECIFICACI\u00d3N<\/h3>\n<p><strong>Dimensiones exteriores del recipiente<\/strong>: 95mmAn x 105mmAl<br \/>\n<strong>Dimensiones internas del recipiente<\/strong>: 85mmAn x 94mm<br \/>\n<strong>Capacidad del buque<\/strong>: 390ml<br \/>\n<strong>Peso del vidrio<\/strong>: 500g<\/p>\n<p><strong>Tapa adecuada<\/strong>: <a href=\"https:\/\/luxurycandlesupplies.eu\/es\/producto\/gran-tapa-de-madera-de-silicona-seel\/\">Tapas grandes de madera<\/a>\u00a0 \u00a0-\u00a0 \u00a0 <a href=\"https:\/\/luxurycandlesupplies.eu\/es\/categoria-de-productos\/candelabros\/coleccion-vogue-2\/tapas-de-velas\/\">Tapas grandes de pl\u00e1stico<\/a><\/p>\n<p>IMPORTANTE: Tenga en cuenta que, debido al proceso de fabricaci\u00f3n artesanal, el ajuste de cada tapa puede variar en funci\u00f3n de la forma exclusiva del borde del recipiente.)<\/p>\n<p><strong>Envases adecuados<\/strong>: Smart Box grande, Caja cil\u00edndrica grande, Caja Flatpack grande<\/p>\n<p><strong>Tama\u00f1o de mecha sugerido<\/strong>*: <a href=\"https:\/\/luxurycandlesupplies.eu\/es\/producto\/mechas-de-lcs-85\/\">LCS85<\/a>, <a href=\"https:\/\/luxurycandlesupplies.eu\/es\/producto\/mechas-de-lcs-90\/\">LCS90<\/a>, <a href=\"https:\/\/luxurycandlesupplies.eu\/es\/producto\/mechas-de-lcs-100\/\">LCS100<\/a>, <a href=\"https:\/\/luxurycandlesupplies.eu\/es\/producto\/mecha-de-madera-dubbel-16-x-150-mm\/\" target=\"_blank\" rel=\"noopener\">Mecha de madera de doble capa 16mm x 150mm<\/a>, <a href=\"https:\/\/luxurycandlesupplies.eu\/es\/producto\/s-wave-mecha-de-madera-30-x-120-mm-2\/\">Mecha de Madera S Wave 30mm x 120mm<\/a><br \/>\n*Tenga en cuenta que los tama\u00f1os de las mechas son s\u00f3lo sugerencias. Para obtener resultados \u00f3ptimos, recomendamos a los usuarios que realicen sus propias pruebas de mecha con las diferentes mezclas de cera y aceites que vayan a utilizar.<\/p>\n<p>Disponible en unidades sueltas.<br \/>\n<strong>Tama\u00f1o de la caja<\/strong>: 24 unidades<\/p>\n<p><strong>IMPORTANTE<\/strong> Tenga en cuenta que la foto del producto puede diferir del art\u00edculo real en t\u00e9rminos de color debido a la iluminaci\u00f3n y\/o fabricaci\u00f3n. Debido al proceso de fabricaci\u00f3n artesanal, cada recipiente tendr\u00e1 un dise\u00f1o \u00fanico y pueden apreciarse ligeras diferencias en la forma de la cristaler\u00eda.<\/p>\n<p>&nbsp;<\/p>","protected":false},"featured_media":30262,"template":"","meta":{"_acf_changed":false,"site-sidebar-layout":"default","site-content-layout":"default","ast-site-content-layout":"default","site-content-style":"default","site-sidebar-style":"default","ast-global-header-display":"","ast-banner-title-visibility":"","ast-main-header-display":"","ast-hfb-above-header-display":"","ast-hfb-below-header-display":"","ast-hfb-mobile-header-display":"","site-post-title":"","ast-breadcrumbs-content":"","ast-featured-img":"","footer-sml-layout":"","ast-disable-related-posts":"","theme-transparent-header-meta":"default","adv-header-id-meta":"","stick-header-meta":"","header-above-stick-meta":"","header-main-stick-meta":"","header-below-stick-meta":"","astra-migrate-meta-layouts":"set","ast-page-background-enabled":"default","ast-page-background-meta":{"desktop":{"background-color":"","background-image":"","background-repeat":"repeat","background-position":"center center","background-size":"auto","background-attachment":"scroll","background-type":"","background-media":"","overlay-type":"","overlay-color":"","overlay-opacity":"","overlay-gradient":""},"tablet":{"background-color":"","background-image":"","background-repeat":"repeat","background-position":"center center","background-size":"auto","background-attachment":"scroll","background-type":"","background-media":"","overlay-type":"","overlay-color":"","overlay-opacity":"","overlay-gradient":""},"mobile":{"background-color":"","background-image":"","background-repeat":"repeat","background-position":"center center","background-size":"auto","background-attachment":"scroll","background-type":"","background-media":"","overlay-type":"","overlay-color":"","overlay-opacity":"","overlay-gradient":""}},"ast-content-background-meta":{"desktop":{"background-color":"var(--ast-global-color-5)","background-image":"","background-repeat":"repeat","background-position":"center center","background-size":"auto","background-attachment":"scroll","background-type":"","background-media":"","overlay-type":"","overlay-color":"","overlay-opacity":"","overlay-gradient":""},"tablet":{"background-color":"var(--ast-global-color-5)","background-image":"","background-repeat":"repeat","background-position":"center center","background-size":"auto","background-attachment":"scroll","background-type":"","background-media":"","overlay-type":"","overlay-color":"","overlay-opacity":"","overlay-gradient":""},"mobile":{"background-color":"var(--ast-global-color-5)","background-image":"","background-repeat":"repeat","background-position":"center center","background-size":"auto","background-attachment":"scroll","background-type":"","background-media":"","overlay-type":"","overlay-color":"","overlay-opacity":"","overlay-gradient":""}}},"product_brand":[],"product_cat":[1558,70],"product_tag":[427,1560,96],"class_list":{"0":"post-30003","1":"product","2":"type-product","3":"status-publish","4":"has-post-thumbnail","6":"product_cat-vogue-santorini-vogue-citrus","7":"product_cat-vogue-large","8":"product_tag-large","9":"product_tag-santorini","10":"product_tag-vogue","11":"desktop-align-left","12":"tablet-align-left","13":"mobile-align-left","14":"ast-product-gallery-layout-horizontal-slider","15":"ast-product-tabs-layout-horizontal","17":"first","18":"instock","19":"taxable","20":"shipping-taxable","21":"purchasable","22":"product-type-simple"},"acf":[],"yoast_head":"<title>Large Vogue - Santorini - Antwerp Luxury Candle Supplies<\/title>\n<meta name=\"description\" content=\"Large Vogue - Santorini\" \/>\n<meta name=\"robots\" content=\"index, follow, max-snippet:-1, max-image-preview:large, max-video-preview:-1\" \/>\n<link rel=\"canonical\" href=\"https:\/\/luxurycandlesupplies.eu\/es\/producto\/gran-vogue-santorini-2\/\" \/>\n<meta property=\"og:locale\" content=\"es_ES\" \/>\n<meta property=\"og:type\" content=\"article\" \/>\n<meta property=\"og:title\" content=\"Large Vogue - Santorini - Antwerp Luxury Candle Supplies\" \/>\n<meta property=\"og:description\" content=\"Large Vogue - Santorini\" \/>\n<meta property=\"og:url\" content=\"https:\/\/luxurycandlesupplies.eu\/es\/producto\/gran-vogue-santorini-2\/\" \/>\n<meta property=\"og:site_name\" content=\"Antwerp Luxury Candle Supplies\" \/>\n<meta property=\"article:publisher\" content=\"https:\/\/www.facebook.com\/Antwerpluxurycandlesupplies\/\" \/>\n<meta property=\"article:modified_time\" content=\"2026-05-16T14:08:16+00:00\" \/>\n<meta property=\"og:image\" content=\"https:\/\/luxurycandlesupplies.eu\/app\/uploads\/2026\/04\/I6A5546-web.jpg\" \/>\n\t<meta property=\"og:image:width\" content=\"2000\" \/>\n\t<meta property=\"og:image:height\" content=\"2000\" \/>\n\t<meta property=\"og:image:type\" content=\"image\/jpeg\" \/>\n<meta name=\"twitter:card\" content=\"summary_large_image\" \/>\n<meta name=\"twitter:label1\" content=\"Tiempo de lectura\" \/>\n\t<meta name=\"twitter:data1\" content=\"2 minutos\" \/>\n<script type=\"application\/ld+json\" class=\"yoast-schema-graph\">{\"@context\":\"https:\\\/\\\/schema.org\",\"@graph\":[{\"@type\":\"WebPage\",\"@id\":\"https:\\\/\\\/luxurycandlesupplies.eu\\\/product\\\/large-vogue-santorini-2\\\/\",\"url\":\"https:\\\/\\\/luxurycandlesupplies.eu\\\/product\\\/large-vogue-santorini-2\\\/\",\"name\":\"Large Vogue - Santorini - Antwerp Luxury Candle Supplies\",\"isPartOf\":{\"@id\":\"https:\\\/\\\/luxurycandlesupplies.eu\\\/#website\"},\"primaryImageOfPage\":{\"@id\":\"https:\\\/\\\/luxurycandlesupplies.eu\\\/product\\\/large-vogue-santorini-2\\\/#primaryimage\"},\"image\":{\"@id\":\"https:\\\/\\\/luxurycandlesupplies.eu\\\/product\\\/large-vogue-santorini-2\\\/#primaryimage\"},\"thumbnailUrl\":\"https:\\\/\\\/luxurycandlesupplies.eu\\\/app\\\/uploads\\\/2026\\\/04\\\/I6A5546-web.jpg\",\"datePublished\":\"2026-04-28T10:20:10+00:00\",\"dateModified\":\"2026-05-16T14:08:16+00:00\",\"description\":\"Large Vogue - Santorini\",\"breadcrumb\":{\"@id\":\"https:\\\/\\\/luxurycandlesupplies.eu\\\/product\\\/large-vogue-santorini-2\\\/#breadcrumb\"},\"inLanguage\":\"es\",\"potentialAction\":[{\"@type\":\"ReadAction\",\"target\":[\"https:\\\/\\\/luxurycandlesupplies.eu\\\/product\\\/large-vogue-santorini-2\\\/\"]}]},{\"@type\":\"ImageObject\",\"inLanguage\":\"es\",\"@id\":\"https:\\\/\\\/luxurycandlesupplies.eu\\\/product\\\/large-vogue-santorini-2\\\/#primaryimage\",\"url\":\"https:\\\/\\\/luxurycandlesupplies.eu\\\/app\\\/uploads\\\/2026\\\/04\\\/I6A5546-web.jpg\",\"contentUrl\":\"https:\\\/\\\/luxurycandlesupplies.eu\\\/app\\\/uploads\\\/2026\\\/04\\\/I6A5546-web.jpg\",\"width\":2000,\"height\":2000},{\"@type\":\"BreadcrumbList\",\"@id\":\"https:\\\/\\\/luxurycandlesupplies.eu\\\/product\\\/large-vogue-santorini-2\\\/#breadcrumb\",\"itemListElement\":[{\"@type\":\"ListItem\",\"position\":1,\"name\":\"Home\",\"item\":\"https:\\\/\\\/luxurycandlesupplies.eu\\\/\"},{\"@type\":\"ListItem\",\"position\":2,\"name\":\"Shop\",\"item\":\"https:\\\/\\\/luxurycandlesupplies.eu\\\/shop\\\/\"},{\"@type\":\"ListItem\",\"position\":3,\"name\":\"Large Vogue &#8211; Santorini\"}]},{\"@type\":\"WebSite\",\"@id\":\"https:\\\/\\\/luxurycandlesupplies.eu\\\/#website\",\"url\":\"https:\\\/\\\/luxurycandlesupplies.eu\\\/\",\"name\":\"Antwerp Luxury Candle Supplies\",\"description\":\"Distributor of all seasons soy wax\",\"publisher\":{\"@id\":\"https:\\\/\\\/luxurycandlesupplies.eu\\\/#organization\"},\"potentialAction\":[{\"@type\":\"SearchAction\",\"target\":{\"@type\":\"EntryPoint\",\"urlTemplate\":\"https:\\\/\\\/luxurycandlesupplies.eu\\\/?s={search_term_string}\"},\"query-input\":{\"@type\":\"PropertyValueSpecification\",\"valueRequired\":true,\"valueName\":\"search_term_string\"}}],\"inLanguage\":\"es\"},{\"@type\":\"Organization\",\"@id\":\"https:\\\/\\\/luxurycandlesupplies.eu\\\/#organization\",\"name\":\"Antwerp Luxury Candle Supplies\",\"url\":\"https:\\\/\\\/luxurycandlesupplies.eu\\\/\",\"logo\":{\"@type\":\"ImageObject\",\"inLanguage\":\"es\",\"@id\":\"https:\\\/\\\/luxurycandlesupplies.eu\\\/#\\\/schema\\\/logo\\\/image\\\/\",\"url\":\"https:\\\/\\\/luxurycandlesupplies.eu\\\/app\\\/uploads\\\/2022\\\/03\\\/antwerp-luxury-candle-supplies-1x.png\",\"contentUrl\":\"https:\\\/\\\/luxurycandlesupplies.eu\\\/app\\\/uploads\\\/2022\\\/03\\\/antwerp-luxury-candle-supplies-1x.png\",\"width\":330,\"height\":60,\"caption\":\"Antwerp Luxury Candle Supplies\"},\"image\":{\"@id\":\"https:\\\/\\\/luxurycandlesupplies.eu\\\/#\\\/schema\\\/logo\\\/image\\\/\"},\"sameAs\":[\"https:\\\/\\\/www.facebook.com\\\/Antwerpluxurycandlesupplies\\\/\",\"https:\\\/\\\/www.instagram.com\\\/antwerp_luxury_candle_supplies\\\/\",\"https:\\\/\\\/pin.it\\\/7joOXRW\"]}]}<\/script>","yoast_head_json":{"title":"Grande Vogue - Santorini - Amberes Vela de Lujo Suministros","description":"Grande Vogue - Santorini","robots":{"index":"index","follow":"follow","max-snippet":"max-snippet:-1","max-image-preview":"max-image-preview:large","max-video-preview":"max-video-preview:-1"},"canonical":"https:\/\/luxurycandlesupplies.eu\/es\/producto\/gran-vogue-santorini-2\/","og_locale":"es_ES","og_type":"article","og_title":"Large Vogue - Santorini - Antwerp Luxury Candle Supplies","og_description":"Large Vogue - Santorini","og_url":"https:\/\/luxurycandlesupplies.eu\/es\/producto\/gran-vogue-santorini-2\/","og_site_name":"Antwerp Luxury Candle Supplies","article_publisher":"https:\/\/www.facebook.com\/Antwerpluxurycandlesupplies\/","article_modified_time":"2026-05-16T14:08:16+00:00","og_image":[{"width":2000,"height":2000,"url":"https:\/\/luxurycandlesupplies.eu\/app\/uploads\/2026\/04\/I6A5546-web.jpg","type":"image\/jpeg"}],"twitter_card":"summary_large_image","twitter_misc":{"Tiempo de lectura":"2 minutos"},"schema":{"@context":"https:\/\/schema.org","@graph":[{"@type":"WebPage","@id":"https:\/\/luxurycandlesupplies.eu\/product\/large-vogue-santorini-2\/","url":"https:\/\/luxurycandlesupplies.eu\/product\/large-vogue-santorini-2\/","name":"Grande Vogue - Santorini - Amberes Vela de Lujo Suministros","isPartOf":{"@id":"https:\/\/luxurycandlesupplies.eu\/#website"},"primaryImageOfPage":{"@id":"https:\/\/luxurycandlesupplies.eu\/product\/large-vogue-santorini-2\/#primaryimage"},"image":{"@id":"https:\/\/luxurycandlesupplies.eu\/product\/large-vogue-santorini-2\/#primaryimage"},"thumbnailUrl":"https:\/\/luxurycandlesupplies.eu\/app\/uploads\/2026\/04\/I6A5546-web.jpg","datePublished":"2026-04-28T10:20:10+00:00","dateModified":"2026-05-16T14:08:16+00:00","description":"Grande Vogue - Santorini","breadcrumb":{"@id":"https:\/\/luxurycandlesupplies.eu\/product\/large-vogue-santorini-2\/#breadcrumb"},"inLanguage":"es","potentialAction":[{"@type":"ReadAction","target":["https:\/\/luxurycandlesupplies.eu\/product\/large-vogue-santorini-2\/"]}]},{"@type":"ImageObject","inLanguage":"es","@id":"https:\/\/luxurycandlesupplies.eu\/product\/large-vogue-santorini-2\/#primaryimage","url":"https:\/\/luxurycandlesupplies.eu\/app\/uploads\/2026\/04\/I6A5546-web.jpg","contentUrl":"https:\/\/luxurycandlesupplies.eu\/app\/uploads\/2026\/04\/I6A5546-web.jpg","width":2000,"height":2000},{"@type":"BreadcrumbList","@id":"https:\/\/luxurycandlesupplies.eu\/product\/large-vogue-santorini-2\/#breadcrumb","itemListElement":[{"@type":"ListItem","position":1,"name":"Home","item":"https:\/\/luxurycandlesupplies.eu\/"},{"@type":"ListItem","position":2,"name":"Shop","item":"https:\/\/luxurycandlesupplies.eu\/shop\/"},{"@type":"ListItem","position":3,"name":"Large Vogue &#8211; Santorini"}]},{"@type":"WebSite","@id":"https:\/\/luxurycandlesupplies.eu\/#website","url":"https:\/\/luxurycandlesupplies.eu\/","name":"Suministros para velas de lujo de Amberes","description":"Distribuidor de cera de soja para todas las estaciones","publisher":{"@id":"https:\/\/luxurycandlesupplies.eu\/#organization"},"potentialAction":[{"@type":"SearchAction","target":{"@type":"EntryPoint","urlTemplate":"https:\/\/luxurycandlesupplies.eu\/?s={search_term_string}"},"query-input":{"@type":"PropertyValueSpecification","valueRequired":true,"valueName":"search_term_string"}}],"inLanguage":"es"},{"@type":"Organization","@id":"https:\/\/luxurycandlesupplies.eu\/#organization","name":"Suministros para velas de lujo de Amberes","url":"https:\/\/luxurycandlesupplies.eu\/","logo":{"@type":"ImageObject","inLanguage":"es","@id":"https:\/\/luxurycandlesupplies.eu\/#\/schema\/logo\/image\/","url":"https:\/\/luxurycandlesupplies.eu\/app\/uploads\/2022\/03\/antwerp-luxury-candle-supplies-1x.png","contentUrl":"https:\/\/luxurycandlesupplies.eu\/app\/uploads\/2022\/03\/antwerp-luxury-candle-supplies-1x.png","width":330,"height":60,"caption":"Antwerp Luxury Candle Supplies"},"image":{"@id":"https:\/\/luxurycandlesupplies.eu\/#\/schema\/logo\/image\/"},"sameAs":["https:\/\/www.facebook.com\/Antwerpluxurycandlesupplies\/","https:\/\/www.instagram.com\/antwerp_luxury_candle_supplies\/","https:\/\/pin.it\/7joOXRW"]}]}},"_links":{"self":[{"href":"https:\/\/luxurycandlesupplies.eu\/es\/wp-json\/wp\/v2\/product\/30003","targetHints":{"allow":["GET"]}}],"collection":[{"href":"https:\/\/luxurycandlesupplies.eu\/es\/wp-json\/wp\/v2\/product"}],"about":[{"href":"https:\/\/luxurycandlesupplies.eu\/es\/wp-json\/wp\/v2\/types\/product"}],"wp:featuredmedia":[{"embeddable":true,"href":"https:\/\/luxurycandlesupplies.eu\/es\/wp-json\/wp\/v2\/media\/30262"}],"wp:attachment":[{"href":"https:\/\/luxurycandlesupplies.eu\/es\/wp-json\/wp\/v2\/media?parent=30003"}],"wp:term":[{"taxonomy":"product_brand","embeddable":true,"href":"https:\/\/luxurycandlesupplies.eu\/es\/wp-json\/wp\/v2\/product_brand?post=30003"},{"taxonomy":"product_cat","embeddable":true,"href":"https:\/\/luxurycandlesupplies.eu\/es\/wp-json\/wp\/v2\/product_cat?post=30003"},{"taxonomy":"product_tag","embeddable":true,"href":"https:\/\/luxurycandlesupplies.eu\/es\/wp-json\/wp\/v2\/product_tag?post=30003"}],"curies":[{"name":"wp","href":"https:\/\/api.w.org\/{rel}","templated":true}]}}