{"id":30159,"date":"2026-04-30T16:50:38","date_gmt":"2026-04-30T14:50:38","guid":{"rendered":"https:\/\/luxurycandlesupplies.eu\/?post_type=product&#038;p=30159"},"modified":"2026-04-30T16:52:22","modified_gmt":"2026-04-30T14:52:22","slug":"alcohol-de-perfumeria-2","status":"publish","type":"product","link":"https:\/\/luxurycandlesupplies.eu\/es\/product\/perfumers-alcohol-2\/","title":{"rendered":"Alcohol de perfumer\u00eda"},"content":{"rendered":"<h3>DESCRIPCI\u00d3N<\/h3>\n<div>\n<p>&nbsp;<\/p>\n<h2>Alcohol de perfumer\u00eda listo para usar<\/h2>\n<p>&nbsp;<\/p>\n<\/div>\n<p data-start=\"171\" data-end=\"454\">Cree productos perfumados de alta calidad y larga duraci\u00f3n con este <strong data-start=\"241\" data-end=\"263\">Alcohol de perfumer\u00eda<\/strong>.<\/p>\n<p data-start=\"171\" data-end=\"454\">Especialmente formulado para la industria de las fragancias, este alcohol de gran pureza es la base ideal para una amplia gama de aplicaciones perfumadas.<\/p>\n<p data-start=\"456\" data-end=\"615\">Tanto si est\u00e1 desarrollando <strong data-start=\"483\" data-end=\"543\">sprays ambientales, brumas corporales, difusores de l\u00e1minas o perfumes de coche<\/strong>, Este alcohol vers\u00e1til ofrece siempre un resultado limpio y uniforme.<\/p>\n<h3 data-section-id=\"1hwjp2c\" data-start=\"617\" data-end=\"655\">\u00bfPor qu\u00e9 elegir nuestro alcohol de perfumer\u00eda?<\/h3>\n<ul data-start=\"787\" data-end=\"1057\">\n<li data-section-id=\"1dmxjyh\" data-start=\"787\" data-end=\"834\">Alta pureza para una base olfativa limpia y neutra<\/li>\n<li data-section-id=\"1j2ruq1\" data-start=\"835\" data-end=\"893\">Excelente solubilidad de la fragancia para una m\u00e1xima difusi\u00f3n del aroma<\/li>\n<li data-section-id=\"dq6m38\" data-start=\"894\" data-end=\"946\">R\u00e1pida evaporaci\u00f3n para un acabado suave y no graso<\/li>\n<li data-section-id=\"1o0uz2e\" data-start=\"947\" data-end=\"1008\">El portador perfecto para aceites con fragancias ligeras e intensas<\/li>\n<li data-section-id=\"bxpas1\" data-start=\"1009\" data-end=\"1057\">Ideal para formulaciones consistentes y estables<\/li>\n<\/ul>\n<p data-start=\"1059\" data-end=\"1179\">Dise\u00f1ado para mejorar el rendimiento de sus aceites de fragancia, permite que brille el verdadero car\u00e1cter de cada aroma.<\/p>\n<hr data-start=\"1181\" data-end=\"1184\" \/>\n<h2 data-section-id=\"1h48m2z\" data-start=\"1186\" data-end=\"1223\"><\/h2>\n<h2 data-section-id=\"1h48m2z\" data-start=\"1186\" data-end=\"1223\">Aplicaciones del alcohol de perfumer\u00eda<\/h2>\n<p data-start=\"1225\" data-end=\"1314\">Este producto es extremadamente vers\u00e1til y se utiliza ampliamente en m\u00faltiples categor\u00edas de fragancias:<\/p>\n<h3 data-section-id=\"1e5i59f\" data-start=\"1316\" data-end=\"1331\">Sprays para habitaciones<\/h3>\n<p data-start=\"1332\" data-end=\"1500\">Crea elegantes y duraderas <strong data-start=\"1364\" data-end=\"1389\">sprays de fragancias para el hogar<\/strong> con una fina distribuci\u00f3n de la niebla. El alcohol de perfumer\u00eda garantiza un secado r\u00e1pido y una liberaci\u00f3n uniforme del aroma en cualquier espacio.<\/p>\n<h3 data-section-id=\"m57p7z\" data-start=\"1502\" data-end=\"1527\">Brumas y perfumes corporales<\/h3>\n<p data-start=\"1528\" data-end=\"1700\">Perfecto para manualidades <strong data-start=\"1549\" data-end=\"1576\">brumas y perfumes corporales<\/strong>, Ofrece una sensaci\u00f3n ligera y refrescante sobre la piel sin dejar residuos. Ayuda a ofrecer una experiencia de fragancia equilibrada y llevadera.<\/p>\n<h3 data-section-id=\"c48ork\" data-start=\"1702\" data-end=\"1734\">Difusores y perfumes para coche<\/h3>\n<p data-start=\"1735\" data-end=\"1850\">Utilizar como base para <strong data-start=\"1753\" data-end=\"1771\">fragancias para coches<\/strong> para conseguir una evaporaci\u00f3n limpia y una difusi\u00f3n uniforme del aroma en espacios reducidos.<\/p>\n<h3 data-section-id=\"1l11jd4\" data-start=\"1852\" data-end=\"1886\">Difusores Carrizo (Base Alcohol)<\/h3>\n<p data-start=\"1887\" data-end=\"2026\">Adecuado para <strong data-start=\"1900\" data-end=\"1932\">difusores de peine a base de alcohol<\/strong>, mejorando la difusi\u00f3n del aroma y permitiendo que los aceites de fragancia se difundan m\u00e1s eficazmente a trav\u00e9s de los juncos.<\/p>\n<h3 data-section-id=\"bispdz\" data-start=\"2028\" data-end=\"2053\">Sprays para ropa y tejidos<\/h3>\n<p data-start=\"2054\" data-end=\"2144\">Ideal para <strong data-start=\"2064\" data-end=\"2080\">sprays de lino<\/strong>, Deja los tejidos ligeramente perfumados, sin manchas ni pesadez.<\/p>\n<hr data-start=\"2146\" data-end=\"2149\" \/>\n<h2 data-section-id=\"7deyeb\" data-start=\"2151\" data-end=\"2183\"><\/h2>\n<h2 data-section-id=\"7deyeb\" data-start=\"2151\" data-end=\"2183\">C\u00f3mo utilizar el alcohol de perfumer\u00eda<\/h2>\n<p data-start=\"2185\" data-end=\"2272\">El alcohol de perfumer\u00eda es f\u00e1cil de mezclar y muy adaptable en funci\u00f3n de su formulaci\u00f3n.<\/p>\n<p data-start=\"2274\" data-end=\"2299\">Pautas de uso t\u00edpicas:<\/p>\n<ul data-start=\"2300\" data-end=\"2491\">\n<li data-section-id=\"1j66x4r\" data-start=\"2300\" data-end=\"2356\">Mezclar con aceite de fragancia seg\u00fan la intensidad deseada<\/li>\n<li data-section-id=\"qnjsx8\" data-start=\"2357\" data-end=\"2434\">Las proporciones habituales oscilan entre 70% - 90% de alcohol y 10% - 30% de aceite de fragancia.<\/li>\n<li data-section-id=\"1nvvdil\" data-start=\"2435\" data-end=\"2491\">Pruebe siempre su formulaci\u00f3n para obtener un rendimiento \u00f3ptimo.<\/li>\n<\/ul>\n<p><strong>El porcentaje de aceite de fragancia utilizado depende de las directrices de la IFRA aplicables a cada fragancia y aplicaci\u00f3n espec\u00edficas.<\/strong><\/p>\n<p>&nbsp;<\/p>\n<hr data-start=\"2493\" data-end=\"2496\" \/>\n<h2 data-section-id=\"gfhv0x\" data-start=\"2498\" data-end=\"2539\">Perfecto para profesionales y creadores<\/h2>\n<p data-start=\"2541\" data-end=\"2709\">Tanto si es un <strong data-start=\"2559\" data-end=\"2618\">marca de fragancias para el hogar, fabricante de velas o creador de cosm\u00e9ticos<\/strong>, Este alcohol de perfumer\u00eda es un ingrediente indispensable para elaborar productos perfumados de alta calidad.<\/p>\n<p data-start=\"2711\" data-end=\"2766\">Ofrece la flexibilidad y calidad necesarias para crear:<\/p>\n<ul data-start=\"2767\" data-end=\"2868\">\n<li data-section-id=\"1jvuweq\" data-start=\"2767\" data-end=\"2789\">Sprays de lujo para habitaciones<\/li>\n<li data-section-id=\"l0rqvp\" data-start=\"2790\" data-end=\"2814\">Nieblas de fragancia fina<\/li>\n<li data-section-id=\"1pur7sn\" data-start=\"2815\" data-end=\"2831\">Perfumes para coches<\/li>\n<li data-section-id=\"1cgcey9\" data-start=\"2832\" data-end=\"2850\">Difusores de l\u00e1minas<\/li>\n<li data-section-id=\"gzuqlr\" data-start=\"2851\" data-end=\"2868\">Aerosoles para tejidos<\/li>\n<\/ul>\n<hr data-start=\"2870\" data-end=\"2873\" \/>\n<h2 data-section-id=\"10ffsbb\" data-start=\"2875\" data-end=\"2910\">Mejore sus creaciones de fragancias<\/h2>\n<p data-start=\"2912\" data-end=\"3093\">Con la base adecuada, todas las fragancias rinden m\u00e1s. Nuestro alcohol de perfumer\u00eda le ofrece el control, la calidad y la consistencia necesarios para elevar sus productos a un nivel profesional.<\/p>\n<div>\n<p>&nbsp;<\/p>\n<h2 data-section-id=\"1c5g5t0\" data-start=\"77\" data-end=\"107\">\u00bfQu\u00e9 es el alcohol de perfumer\u00eda?<\/h2>\n<p>&nbsp;<\/p>\n<p data-start=\"109\" data-end=\"412\">El alcohol de perfumer\u00eda se basa principalmente en <strong data-start=\"150\" data-end=\"191\"><span class=\"hover:entity-accent entity-underline inline cursor-pointer align-baseline\"><span class=\"whitespace-normal\">etanol<\/span><\/span><\/strong>, El alcohol de perfumer\u00eda es un alcohol de gran pureza muy utilizado en la industria de las fragancias. Sin embargo, a diferencia del etanol puro, el alcohol de perfumer\u00eda es <strong data-start=\"306\" data-end=\"319\">desnaturalizado<\/strong>, lo que significa que ha sido modificada con aditivos espec\u00edficos para hacerla no apta para el consumo.<\/p>\n<p data-start=\"414\" data-end=\"536\">Esto lo hace ideal para aplicaciones de fragancias profesionales, al tiempo que resulta rentable y cumple la normativa.<\/p>\n<p data-start=\"414\" data-end=\"536\">\n<\/div>\n<h2>DOCUMENTOS DE SEGURIDAD<\/h2>\n<p>&nbsp;<\/p>\n<p><a href=\"https:\/\/luxurycandlesupplies.eu\/app\/uploads\/2025\/05\/SDS-Perfumers-Alcohol.pdf\">SDS Alcohol de perfumer\u00eda<\/a><\/p>\n<p>&nbsp;<\/p>","protected":false},"excerpt":{"rendered":"<div>\n<h2>Alcohol de perfumer\u00eda listo para usar<\/h2>\n<p>&nbsp;<\/p>\n<\/div>\n<p data-start=\"171\" data-end=\"454\">Cree productos perfumados de alta calidad y larga duraci\u00f3n con este <strong data-start=\"241\" data-end=\"263\">Alcohol de perfumer\u00eda<\/strong>.<\/p>\n<p data-start=\"171\" data-end=\"454\">Especialmente formulado para la industria de las fragancias, este alcohol de gran pureza es la base ideal para una amplia gama de aplicaciones perfumadas.<\/p>\n<p data-start=\"456\" data-end=\"615\">Tanto si est\u00e1 desarrollando <strong data-start=\"483\" data-end=\"543\">sprays ambientales, brumas corporales, difusores de l\u00e1minas o perfumes de coche<\/strong>, Este alcohol vers\u00e1til ofrece siempre un resultado limpio y uniforme.<\/p>","protected":false},"featured_media":21041,"template":"","meta":{"_acf_changed":false,"site-sidebar-layout":"default","site-content-layout":"default","ast-site-content-layout":"default","site-content-style":"default","site-sidebar-style":"default","ast-global-header-display":"","ast-banner-title-visibility":"","ast-main-header-display":"","ast-hfb-above-header-display":"","ast-hfb-below-header-display":"","ast-hfb-mobile-header-display":"","site-post-title":"","ast-breadcrumbs-content":"","ast-featured-img":"","footer-sml-layout":"","ast-disable-related-posts":"","theme-transparent-header-meta":"default","adv-header-id-meta":"","stick-header-meta":"","header-above-stick-meta":"","header-main-stick-meta":"","header-below-stick-meta":"","astra-migrate-meta-layouts":"set","ast-page-background-enabled":"default","ast-page-background-meta":{"desktop":{"background-color":"","background-image":"","background-repeat":"repeat","background-position":"center center","background-size":"auto","background-attachment":"scroll","background-type":"","background-media":"","overlay-type":"","overlay-color":"","overlay-opacity":"","overlay-gradient":""},"tablet":{"background-color":"","background-image":"","background-repeat":"repeat","background-position":"center center","background-size":"auto","background-attachment":"scroll","background-type":"","background-media":"","overlay-type":"","overlay-color":"","overlay-opacity":"","overlay-gradient":""},"mobile":{"background-color":"","background-image":"","background-repeat":"repeat","background-position":"center center","background-size":"auto","background-attachment":"scroll","background-type":"","background-media":"","overlay-type":"","overlay-color":"","overlay-opacity":"","overlay-gradient":""}},"ast-content-background-meta":{"desktop":{"background-color":"var(--ast-global-color-5)","background-image":"","background-repeat":"repeat","background-position":"center center","background-size":"auto","background-attachment":"scroll","background-type":"","background-media":"","overlay-type":"","overlay-color":"","overlay-opacity":"","overlay-gradient":""},"tablet":{"background-color":"var(--ast-global-color-5)","background-image":"","background-repeat":"repeat","background-position":"center center","background-size":"auto","background-attachment":"scroll","background-type":"","background-media":"","overlay-type":"","overlay-color":"","overlay-opacity":"","overlay-gradient":""},"mobile":{"background-color":"var(--ast-global-color-5)","background-image":"","background-repeat":"repeat","background-position":"center center","background-size":"auto","background-attachment":"scroll","background-type":"","background-media":"","overlay-type":"","overlay-color":"","overlay-opacity":"","overlay-gradient":""}}},"product_brand":[],"product_cat":[1648,1646,1329,1644,1716,1652],"product_tag":[1714,1402,1403,1715,1654],"class_list":{"0":"post-30159","1":"product","2":"type-product","3":"status-publish","4":"has-post-thumbnail","6":"product_cat-diffuser-base","7":"product_cat-diffusers-diffusers","8":"product_cat-diffusers","9":"product_cat-fragrance-bases","10":"product_cat-laundry-scent-booster","11":"product_cat-room-spray-bases","12":"product_tag-alcohol","13":"product_tag-diffuser-base","14":"product_tag-diffusers","15":"product_tag-perfumers-alcohol","16":"product_tag-room-spray","17":"desktop-align-left","18":"tablet-align-left","19":"mobile-align-left","20":"ast-product-gallery-layout-horizontal-slider","21":"ast-product-single-variable","22":"ast-product-tabs-layout-horizontal","24":"first","25":"instock","26":"taxable","27":"shipping-taxable","28":"purchasable","29":"product-type-variable"},"acf":[],"yoast_head":"<title>Perfumer&#039;s Alcohol - Antwerp Luxury Candle Supplies<\/title>\n<meta name=\"robots\" content=\"index, follow, max-snippet:-1, max-image-preview:large, max-video-preview:-1\" \/>\n<link rel=\"canonical\" href=\"https:\/\/luxurycandlesupplies.eu\/es\/producto\/alcohol-de-perfumeria-2\/\" \/>\n<meta property=\"og:locale\" content=\"es_ES\" \/>\n<meta property=\"og:type\" content=\"article\" \/>\n<meta property=\"og:title\" content=\"Perfumer&#039;s Alcohol - Antwerp Luxury Candle Supplies\" \/>\n<meta property=\"og:description\" content=\"Ready to use Perfumer&#039;s Alcohol &nbsp;   Create high-quality, long-lasting fragrance products with this premium Perfumer\u2019s Alcohol. Specially formulated for the fragrance industry, this high-purity alcohol is the ideal base for a wide range of scented applications. Whether you are developing room sprays, body mists, reed diffusers or car perfumes, this versatile alcohol delivers a clean, consistent result every time!\" \/>\n<meta property=\"og:url\" content=\"https:\/\/luxurycandlesupplies.eu\/es\/producto\/alcohol-de-perfumeria-2\/\" \/>\n<meta property=\"og:site_name\" content=\"Antwerp Luxury Candle Supplies\" \/>\n<meta property=\"article:publisher\" content=\"https:\/\/www.facebook.com\/Antwerpluxurycandlesupplies\/\" \/>\n<meta property=\"article:modified_time\" content=\"2026-04-30T14:52:22+00:00\" \/>\n<meta property=\"og:image\" content=\"https:\/\/luxurycandlesupplies.eu\/app\/uploads\/2025\/05\/Perfume-Alcohol-3.png\" \/>\n\t<meta property=\"og:image:width\" content=\"1000\" \/>\n\t<meta property=\"og:image:height\" content=\"1000\" \/>\n\t<meta property=\"og:image:type\" content=\"image\/png\" \/>\n<meta name=\"twitter:card\" content=\"summary_large_image\" \/>\n<meta name=\"twitter:label1\" content=\"Tiempo de lectura\" \/>\n\t<meta name=\"twitter:data1\" content=\"3 minutos\" \/>\n<script type=\"application\/ld+json\" class=\"yoast-schema-graph\">{\"@context\":\"https:\\\/\\\/schema.org\",\"@graph\":[{\"@type\":\"WebPage\",\"@id\":\"https:\\\/\\\/luxurycandlesupplies.eu\\\/product\\\/perfumers-alcohol-2\\\/\",\"url\":\"https:\\\/\\\/luxurycandlesupplies.eu\\\/product\\\/perfumers-alcohol-2\\\/\",\"name\":\"Perfumer's Alcohol - Antwerp Luxury Candle Supplies\",\"isPartOf\":{\"@id\":\"https:\\\/\\\/luxurycandlesupplies.eu\\\/#website\"},\"primaryImageOfPage\":{\"@id\":\"https:\\\/\\\/luxurycandlesupplies.eu\\\/product\\\/perfumers-alcohol-2\\\/#primaryimage\"},\"image\":{\"@id\":\"https:\\\/\\\/luxurycandlesupplies.eu\\\/product\\\/perfumers-alcohol-2\\\/#primaryimage\"},\"thumbnailUrl\":\"https:\\\/\\\/luxurycandlesupplies.eu\\\/app\\\/uploads\\\/2025\\\/05\\\/Perfume-Alcohol-3.png\",\"datePublished\":\"2026-04-30T14:50:38+00:00\",\"dateModified\":\"2026-04-30T14:52:22+00:00\",\"breadcrumb\":{\"@id\":\"https:\\\/\\\/luxurycandlesupplies.eu\\\/product\\\/perfumers-alcohol-2\\\/#breadcrumb\"},\"inLanguage\":\"es\",\"potentialAction\":[{\"@type\":\"ReadAction\",\"target\":[\"https:\\\/\\\/luxurycandlesupplies.eu\\\/product\\\/perfumers-alcohol-2\\\/\"]}]},{\"@type\":\"ImageObject\",\"inLanguage\":\"es\",\"@id\":\"https:\\\/\\\/luxurycandlesupplies.eu\\\/product\\\/perfumers-alcohol-2\\\/#primaryimage\",\"url\":\"https:\\\/\\\/luxurycandlesupplies.eu\\\/app\\\/uploads\\\/2025\\\/05\\\/Perfume-Alcohol-3.png\",\"contentUrl\":\"https:\\\/\\\/luxurycandlesupplies.eu\\\/app\\\/uploads\\\/2025\\\/05\\\/Perfume-Alcohol-3.png\",\"width\":1000,\"height\":1000},{\"@type\":\"BreadcrumbList\",\"@id\":\"https:\\\/\\\/luxurycandlesupplies.eu\\\/product\\\/perfumers-alcohol-2\\\/#breadcrumb\",\"itemListElement\":[{\"@type\":\"ListItem\",\"position\":1,\"name\":\"Home\",\"item\":\"https:\\\/\\\/luxurycandlesupplies.eu\\\/\"},{\"@type\":\"ListItem\",\"position\":2,\"name\":\"Shop\",\"item\":\"https:\\\/\\\/luxurycandlesupplies.eu\\\/shop\\\/\"},{\"@type\":\"ListItem\",\"position\":3,\"name\":\"Perfumer&#8217;s Alcohol\"}]},{\"@type\":\"WebSite\",\"@id\":\"https:\\\/\\\/luxurycandlesupplies.eu\\\/#website\",\"url\":\"https:\\\/\\\/luxurycandlesupplies.eu\\\/\",\"name\":\"Antwerp Luxury Candle Supplies\",\"description\":\"Distributor of all seasons soy wax\",\"publisher\":{\"@id\":\"https:\\\/\\\/luxurycandlesupplies.eu\\\/#organization\"},\"potentialAction\":[{\"@type\":\"SearchAction\",\"target\":{\"@type\":\"EntryPoint\",\"urlTemplate\":\"https:\\\/\\\/luxurycandlesupplies.eu\\\/?s={search_term_string}\"},\"query-input\":{\"@type\":\"PropertyValueSpecification\",\"valueRequired\":true,\"valueName\":\"search_term_string\"}}],\"inLanguage\":\"es\"},{\"@type\":\"Organization\",\"@id\":\"https:\\\/\\\/luxurycandlesupplies.eu\\\/#organization\",\"name\":\"Antwerp Luxury Candle Supplies\",\"url\":\"https:\\\/\\\/luxurycandlesupplies.eu\\\/\",\"logo\":{\"@type\":\"ImageObject\",\"inLanguage\":\"es\",\"@id\":\"https:\\\/\\\/luxurycandlesupplies.eu\\\/#\\\/schema\\\/logo\\\/image\\\/\",\"url\":\"https:\\\/\\\/luxurycandlesupplies.eu\\\/app\\\/uploads\\\/2022\\\/03\\\/antwerp-luxury-candle-supplies-1x.png\",\"contentUrl\":\"https:\\\/\\\/luxurycandlesupplies.eu\\\/app\\\/uploads\\\/2022\\\/03\\\/antwerp-luxury-candle-supplies-1x.png\",\"width\":330,\"height\":60,\"caption\":\"Antwerp Luxury Candle Supplies\"},\"image\":{\"@id\":\"https:\\\/\\\/luxurycandlesupplies.eu\\\/#\\\/schema\\\/logo\\\/image\\\/\"},\"sameAs\":[\"https:\\\/\\\/www.facebook.com\\\/Antwerpluxurycandlesupplies\\\/\",\"https:\\\/\\\/www.instagram.com\\\/antwerp_luxury_candle_supplies\\\/\",\"https:\\\/\\\/pin.it\\\/7joOXRW\"]}]}<\/script>","yoast_head_json":{"title":"Alcohol de Perfumer\u00eda - Antwerp Luxury Candle Supplies","robots":{"index":"index","follow":"follow","max-snippet":"max-snippet:-1","max-image-preview":"max-image-preview:large","max-video-preview":"max-video-preview:-1"},"canonical":"https:\/\/luxurycandlesupplies.eu\/es\/producto\/alcohol-de-perfumeria-2\/","og_locale":"es_ES","og_type":"article","og_title":"Perfumer's Alcohol - Antwerp Luxury Candle Supplies","og_description":"Ready to use Perfumer's Alcohol &nbsp;   Create high-quality, long-lasting fragrance products with this premium Perfumer\u2019s Alcohol. Specially formulated for the fragrance industry, this high-purity alcohol is the ideal base for a wide range of scented applications. Whether you are developing room sprays, body mists, reed diffusers or car perfumes, this versatile alcohol delivers a clean, consistent result every time!","og_url":"https:\/\/luxurycandlesupplies.eu\/es\/producto\/alcohol-de-perfumeria-2\/","og_site_name":"Antwerp Luxury Candle Supplies","article_publisher":"https:\/\/www.facebook.com\/Antwerpluxurycandlesupplies\/","article_modified_time":"2026-04-30T14:52:22+00:00","og_image":[{"width":1000,"height":1000,"url":"https:\/\/luxurycandlesupplies.eu\/app\/uploads\/2025\/05\/Perfume-Alcohol-3.png","type":"image\/png"}],"twitter_card":"summary_large_image","twitter_misc":{"Tiempo de lectura":"3 minutos"},"schema":{"@context":"https:\/\/schema.org","@graph":[{"@type":"WebPage","@id":"https:\/\/luxurycandlesupplies.eu\/product\/perfumers-alcohol-2\/","url":"https:\/\/luxurycandlesupplies.eu\/product\/perfumers-alcohol-2\/","name":"Alcohol de Perfumer\u00eda - Antwerp Luxury Candle Supplies","isPartOf":{"@id":"https:\/\/luxurycandlesupplies.eu\/#website"},"primaryImageOfPage":{"@id":"https:\/\/luxurycandlesupplies.eu\/product\/perfumers-alcohol-2\/#primaryimage"},"image":{"@id":"https:\/\/luxurycandlesupplies.eu\/product\/perfumers-alcohol-2\/#primaryimage"},"thumbnailUrl":"https:\/\/luxurycandlesupplies.eu\/app\/uploads\/2025\/05\/Perfume-Alcohol-3.png","datePublished":"2026-04-30T14:50:38+00:00","dateModified":"2026-04-30T14:52:22+00:00","breadcrumb":{"@id":"https:\/\/luxurycandlesupplies.eu\/product\/perfumers-alcohol-2\/#breadcrumb"},"inLanguage":"es","potentialAction":[{"@type":"ReadAction","target":["https:\/\/luxurycandlesupplies.eu\/product\/perfumers-alcohol-2\/"]}]},{"@type":"ImageObject","inLanguage":"es","@id":"https:\/\/luxurycandlesupplies.eu\/product\/perfumers-alcohol-2\/#primaryimage","url":"https:\/\/luxurycandlesupplies.eu\/app\/uploads\/2025\/05\/Perfume-Alcohol-3.png","contentUrl":"https:\/\/luxurycandlesupplies.eu\/app\/uploads\/2025\/05\/Perfume-Alcohol-3.png","width":1000,"height":1000},{"@type":"BreadcrumbList","@id":"https:\/\/luxurycandlesupplies.eu\/product\/perfumers-alcohol-2\/#breadcrumb","itemListElement":[{"@type":"ListItem","position":1,"name":"Home","item":"https:\/\/luxurycandlesupplies.eu\/"},{"@type":"ListItem","position":2,"name":"Shop","item":"https:\/\/luxurycandlesupplies.eu\/shop\/"},{"@type":"ListItem","position":3,"name":"Perfumer&#8217;s Alcohol"}]},{"@type":"WebSite","@id":"https:\/\/luxurycandlesupplies.eu\/#website","url":"https:\/\/luxurycandlesupplies.eu\/","name":"Suministros para velas de lujo de Amberes","description":"Distribuidor de cera de soja para todas las estaciones","publisher":{"@id":"https:\/\/luxurycandlesupplies.eu\/#organization"},"potentialAction":[{"@type":"SearchAction","target":{"@type":"EntryPoint","urlTemplate":"https:\/\/luxurycandlesupplies.eu\/?s={search_term_string}"},"query-input":{"@type":"PropertyValueSpecification","valueRequired":true,"valueName":"search_term_string"}}],"inLanguage":"es"},{"@type":"Organization","@id":"https:\/\/luxurycandlesupplies.eu\/#organization","name":"Suministros para velas de lujo de Amberes","url":"https:\/\/luxurycandlesupplies.eu\/","logo":{"@type":"ImageObject","inLanguage":"es","@id":"https:\/\/luxurycandlesupplies.eu\/#\/schema\/logo\/image\/","url":"https:\/\/luxurycandlesupplies.eu\/app\/uploads\/2022\/03\/antwerp-luxury-candle-supplies-1x.png","contentUrl":"https:\/\/luxurycandlesupplies.eu\/app\/uploads\/2022\/03\/antwerp-luxury-candle-supplies-1x.png","width":330,"height":60,"caption":"Antwerp Luxury Candle Supplies"},"image":{"@id":"https:\/\/luxurycandlesupplies.eu\/#\/schema\/logo\/image\/"},"sameAs":["https:\/\/www.facebook.com\/Antwerpluxurycandlesupplies\/","https:\/\/www.instagram.com\/antwerp_luxury_candle_supplies\/","https:\/\/pin.it\/7joOXRW"]}]}},"_links":{"self":[{"href":"https:\/\/luxurycandlesupplies.eu\/es\/wp-json\/wp\/v2\/product\/30159","targetHints":{"allow":["GET"]}}],"collection":[{"href":"https:\/\/luxurycandlesupplies.eu\/es\/wp-json\/wp\/v2\/product"}],"about":[{"href":"https:\/\/luxurycandlesupplies.eu\/es\/wp-json\/wp\/v2\/types\/product"}],"wp:featuredmedia":[{"embeddable":true,"href":"https:\/\/luxurycandlesupplies.eu\/es\/wp-json\/wp\/v2\/media\/21041"}],"wp:attachment":[{"href":"https:\/\/luxurycandlesupplies.eu\/es\/wp-json\/wp\/v2\/media?parent=30159"}],"wp:term":[{"taxonomy":"product_brand","embeddable":true,"href":"https:\/\/luxurycandlesupplies.eu\/es\/wp-json\/wp\/v2\/product_brand?post=30159"},{"taxonomy":"product_cat","embeddable":true,"href":"https:\/\/luxurycandlesupplies.eu\/es\/wp-json\/wp\/v2\/product_cat?post=30159"},{"taxonomy":"product_tag","embeddable":true,"href":"https:\/\/luxurycandlesupplies.eu\/es\/wp-json\/wp\/v2\/product_tag?post=30159"}],"curies":[{"name":"wp","href":"https:\/\/api.w.org\/{rel}","templated":true}]}}