{"id":4943,"date":"2023-05-25T13:26:13","date_gmt":"2023-05-25T11:26:13","guid":{"rendered":"https:\/\/luxurycandlesupplies.eu\/?post_type=product&#038;p=4943"},"modified":"2026-05-01T12:11:56","modified_gmt":"2026-05-01T10:11:56","slug":"tapa-de-madera-pequena-vogue-silicona-seel-copia","status":"publish","type":"product","link":"https:\/\/luxurycandlesupplies.eu\/es\/product\/wooden-lid-small-vogue-silicone-seel-copy\/","title":{"rendered":"Tapa de Madera Naturel Peque\u00f1a Vogue - Silicone Seel"},"content":{"rendered":"<div class=\"woocommerce-tabs wc-tabs-wrapper\">\n<div id=\"tab-description\" class=\"woocommerce-Tabs-panel woocommerce-Tabs-panel--description panel entry-content wc-tab\" role=\"tabpanel\" aria-labelledby=\"tab-title-description\">\n<h2>DESCRIPCI\u00d3N<\/h2>\n<hr \/>\n<div><\/div>\n<p>Las tapas de Luxury Candle Supplies son el complemento perfecto para las velas, ya que dan a los tarros un acabado completo y proporcionan la posici\u00f3n perfecta para su marca.<\/p>\n<p>\u00bfSab\u00eda que nuestras tapas tienen un elemento funcional que se suma a su agradable est\u00e9tica?<br \/>\nEl uso de una tapa ayuda a sellar el aroma, lo que prolonga la vida \u00fatil de la vela y le confiere un aroma m\u00e1s intenso.<br \/>\nDe este modo, cosas como el transporte de ida y vuelta a los mercados o la entrega a los clientes no suponen ninguna molestia.<\/p>\n<p>&nbsp;<\/p>\n<h3>ESPECIFICACIONES<\/h3>\n<hr \/>\n<div><\/div>\n<p><strong>Dimensiones<\/strong>:<\/p>\n<p><strong>Di\u00e1metro de la tapa superior<\/strong>: 76mmW<br \/>\n<strong>Di\u00e1metro tapa base<\/strong>: 65mmW<br \/>\n<strong>Altura de la tapa<\/strong>: 20mm<br \/>\n<strong>Labio inferior<\/strong>: 15mm<\/p>\n<\/div>\n<\/div>\n<div class=\"woocommerce-tabs wc-tabs-wrapper\">\n<div id=\"tab-description\" class=\"woocommerce-Tabs-panel woocommerce-Tabs-panel--description panel entry-content wc-tab\" role=\"tabpanel\" aria-labelledby=\"tab-title-description\">\n<p><strong>Peso<\/strong>: 50g<br \/>\n<strong>Recipientes adecuados<\/strong>: <a href=\"https:\/\/luxurycandlesupplies.eu\/es\/categoria-de-productos\/candelabros\/coleccion-urbana\/vogue-jar\/\">Peque\u00f1o Vogue<\/a><\/p>\n<p>Disponible en unidades sueltas.<\/p>\n<p>Tenga en cuenta que la foto del producto puede diferir del art\u00edculo real en cuanto al color debido a la iluminaci\u00f3n o a la fabricaci\u00f3n.<\/p>\n<p>&nbsp;<\/p>\n<\/div>\n<\/div>","protected":false},"excerpt":{"rendered":"<h2>DESCRIPCI\u00d3N<\/h2>\n<hr \/>\n<div><\/div>\n<p>Las tapas de Luxury Candle Supplies son el complemento perfecto para las velas, ya que dan a los tarros un acabado completo y proporcionan la posici\u00f3n perfecta para su marca.<\/p>\n<p>\u00bfSab\u00eda que nuestras tapas tienen un elemento funcional que se suma a su agradable est\u00e9tica?<br \/>\nEl uso de una tapa ayuda a sellar el aroma, lo que prolonga la vida \u00fatil de la vela y le confiere un aroma m\u00e1s intenso.<\/p>\n<p>De este modo, cosas como el transporte de ida y vuelta a los mercados o la entrega a los clientes no suponen ninguna molestia.<\/p>\n<p>&nbsp;<\/p>\n<h3>ESPECIFICACIONES<\/h3>\n<hr \/>\n<div><\/div>\n<p><strong>Dimensiones<\/strong>: 92mm x 92mm x 15mm<br \/>\n<strong>Peso<\/strong>: 50g<br \/>\n<strong>Recipientes adecuados<\/strong>: <a href=\"https:\/\/luxurycandlesupplies.eu\/es\/categoria-de-productos\/candelabros\/coleccion-urbana\/tarro-urbano\/\">Peque\u00f1o Urban<\/a><\/p>\n<p>Disponible en unidades sueltas.<\/p>\n<p>Tenga en cuenta que la foto del producto puede diferir del art\u00edculo real en cuanto al color debido a la iluminaci\u00f3n o a la fabricaci\u00f3n.<\/p>","protected":false},"featured_media":3139,"template":"","meta":{"_acf_changed":false,"site-sidebar-layout":"default","site-content-layout":"default","ast-site-content-layout":"default","site-content-style":"default","site-sidebar-style":"default","ast-global-header-display":"","ast-banner-title-visibility":"","ast-main-header-display":"","ast-hfb-above-header-display":"","ast-hfb-below-header-display":"","ast-hfb-mobile-header-display":"","site-post-title":"","ast-breadcrumbs-content":"","ast-featured-img":"","footer-sml-layout":"","ast-disable-related-posts":"","theme-transparent-header-meta":"default","adv-header-id-meta":"","stick-header-meta":"","header-above-stick-meta":"","header-main-stick-meta":"","header-below-stick-meta":"","astra-migrate-meta-layouts":"set","ast-page-background-enabled":"default","ast-page-background-meta":{"desktop":{"background-color":"","background-image":"","background-repeat":"repeat","background-position":"center center","background-size":"auto","background-attachment":"scroll","background-type":"","background-media":"","overlay-type":"","overlay-color":"","overlay-opacity":"","overlay-gradient":""},"tablet":{"background-color":"","background-image":"","background-repeat":"repeat","background-position":"center center","background-size":"auto","background-attachment":"scroll","background-type":"","background-media":"","overlay-type":"","overlay-color":"","overlay-opacity":"","overlay-gradient":""},"mobile":{"background-color":"","background-image":"","background-repeat":"repeat","background-position":"center center","background-size":"auto","background-attachment":"scroll","background-type":"","background-media":"","overlay-type":"","overlay-color":"","overlay-opacity":"","overlay-gradient":""}},"ast-content-background-meta":{"desktop":{"background-color":"var(--ast-global-color-5)","background-image":"","background-repeat":"repeat","background-position":"center center","background-size":"auto","background-attachment":"scroll","background-type":"","background-media":"","overlay-type":"","overlay-color":"","overlay-opacity":"","overlay-gradient":""},"tablet":{"background-color":"var(--ast-global-color-5)","background-image":"","background-repeat":"repeat","background-position":"center center","background-size":"auto","background-attachment":"scroll","background-type":"","background-media":"","overlay-type":"","overlay-color":"","overlay-opacity":"","overlay-gradient":""},"mobile":{"background-color":"var(--ast-global-color-5)","background-image":"","background-repeat":"repeat","background-position":"center center","background-size":"auto","background-attachment":"scroll","background-type":"","background-media":"","overlay-type":"","overlay-color":"","overlay-opacity":"","overlay-gradient":""}}},"product_brand":[],"product_cat":[444,1578,69],"product_tag":[366,364,365],"class_list":{"0":"post-4943","1":"product","2":"type-product","3":"status-publish","4":"has-post-thumbnail","6":"product_cat-candle-lids-2","7":"product_cat-candle-lids-packaging-lids","8":"product_cat-vogue-small","9":"product_tag-candle-lids","10":"product_tag-lid","11":"product_tag-lids","12":"desktop-align-left","13":"tablet-align-left","14":"mobile-align-left","15":"ast-product-gallery-layout-horizontal-slider","16":"ast-product-tabs-layout-horizontal","18":"first","19":"instock","20":"taxable","21":"shipping-taxable","22":"purchasable","23":"product-type-simple"},"acf":[],"yoast_head":"<title>Wooden Lid Naturel Small Vogue - Silicone Seel - Antwerp Luxury Candle Supplies<\/title>\n<meta name=\"description\" content=\"Large Plastic Lid Ros\u00e9 Gold, suitable for Large Vogue Vessels &amp; the Large Urban Collection\" \/>\n<meta name=\"robots\" content=\"index, follow, max-snippet:-1, max-image-preview:large, max-video-preview:-1\" \/>\n<link rel=\"canonical\" href=\"https:\/\/luxurycandlesupplies.eu\/es\/producto\/tapa-de-madera-pequena-vogue-silicona-seel-copia\/\" \/>\n<meta property=\"og:locale\" content=\"es_ES\" \/>\n<meta property=\"og:type\" content=\"article\" \/>\n<meta property=\"og:title\" content=\"Wooden Lid Naturel Small Vogue - Silicone Seel - Antwerp Luxury Candle Supplies\" \/>\n<meta property=\"og:description\" content=\"Large Plastic Lid Ros\u00e9 Gold, suitable for Large Vogue Vessels &amp; the Large Urban Collection\" \/>\n<meta property=\"og:url\" content=\"https:\/\/luxurycandlesupplies.eu\/es\/producto\/tapa-de-madera-pequena-vogue-silicona-seel-copia\/\" \/>\n<meta property=\"og:site_name\" content=\"Antwerp Luxury Candle Supplies\" \/>\n<meta property=\"article:publisher\" content=\"https:\/\/www.facebook.com\/Antwerpluxurycandlesupplies\/\" \/>\n<meta property=\"article:modified_time\" content=\"2026-05-01T10:11:56+00:00\" \/>\n<meta property=\"og:image\" content=\"https:\/\/luxurycandlesupplies.eu\/app\/uploads\/2022\/11\/Unknown-1-1.jpeg\" \/>\n\t<meta property=\"og:image:width\" content=\"1024\" \/>\n\t<meta property=\"og:image:height\" content=\"989\" \/>\n\t<meta property=\"og:image:type\" content=\"image\/jpeg\" \/>\n<meta name=\"twitter:card\" content=\"summary_large_image\" \/>\n<meta name=\"twitter:label1\" content=\"Tiempo de lectura\" \/>\n\t<meta name=\"twitter:data1\" content=\"1 minuto\" \/>\n<script type=\"application\/ld+json\" class=\"yoast-schema-graph\">{\"@context\":\"https:\\\/\\\/schema.org\",\"@graph\":[{\"@type\":\"WebPage\",\"@id\":\"https:\\\/\\\/luxurycandlesupplies.eu\\\/product\\\/wooden-lid-small-vogue-silicone-seel-copy\\\/\",\"url\":\"https:\\\/\\\/luxurycandlesupplies.eu\\\/product\\\/wooden-lid-small-vogue-silicone-seel-copy\\\/\",\"name\":\"Wooden Lid Naturel Small Vogue - Silicone Seel - Antwerp Luxury Candle Supplies\",\"isPartOf\":{\"@id\":\"https:\\\/\\\/luxurycandlesupplies.eu\\\/#website\"},\"primaryImageOfPage\":{\"@id\":\"https:\\\/\\\/luxurycandlesupplies.eu\\\/product\\\/wooden-lid-small-vogue-silicone-seel-copy\\\/#primaryimage\"},\"image\":{\"@id\":\"https:\\\/\\\/luxurycandlesupplies.eu\\\/product\\\/wooden-lid-small-vogue-silicone-seel-copy\\\/#primaryimage\"},\"thumbnailUrl\":\"https:\\\/\\\/luxurycandlesupplies.eu\\\/app\\\/uploads\\\/2022\\\/11\\\/Unknown-1-1.jpeg\",\"datePublished\":\"2023-05-25T11:26:13+00:00\",\"dateModified\":\"2026-05-01T10:11:56+00:00\",\"description\":\"Large Plastic Lid Ros\u00e9 Gold, suitable for Large Vogue Vessels & the Large Urban Collection\",\"breadcrumb\":{\"@id\":\"https:\\\/\\\/luxurycandlesupplies.eu\\\/product\\\/wooden-lid-small-vogue-silicone-seel-copy\\\/#breadcrumb\"},\"inLanguage\":\"es\",\"potentialAction\":[{\"@type\":\"ReadAction\",\"target\":[\"https:\\\/\\\/luxurycandlesupplies.eu\\\/product\\\/wooden-lid-small-vogue-silicone-seel-copy\\\/\"]}]},{\"@type\":\"ImageObject\",\"inLanguage\":\"es\",\"@id\":\"https:\\\/\\\/luxurycandlesupplies.eu\\\/product\\\/wooden-lid-small-vogue-silicone-seel-copy\\\/#primaryimage\",\"url\":\"https:\\\/\\\/luxurycandlesupplies.eu\\\/app\\\/uploads\\\/2022\\\/11\\\/Unknown-1-1.jpeg\",\"contentUrl\":\"https:\\\/\\\/luxurycandlesupplies.eu\\\/app\\\/uploads\\\/2022\\\/11\\\/Unknown-1-1.jpeg\",\"width\":1024,\"height\":989},{\"@type\":\"BreadcrumbList\",\"@id\":\"https:\\\/\\\/luxurycandlesupplies.eu\\\/product\\\/wooden-lid-small-vogue-silicone-seel-copy\\\/#breadcrumb\",\"itemListElement\":[{\"@type\":\"ListItem\",\"position\":1,\"name\":\"Home\",\"item\":\"https:\\\/\\\/luxurycandlesupplies.eu\\\/\"},{\"@type\":\"ListItem\",\"position\":2,\"name\":\"Shop\",\"item\":\"https:\\\/\\\/luxurycandlesupplies.eu\\\/shop\\\/\"},{\"@type\":\"ListItem\",\"position\":3,\"name\":\"Wooden Lid Naturel Small Vogue &#8211; Silicone Seel\"}]},{\"@type\":\"WebSite\",\"@id\":\"https:\\\/\\\/luxurycandlesupplies.eu\\\/#website\",\"url\":\"https:\\\/\\\/luxurycandlesupplies.eu\\\/\",\"name\":\"Antwerp Luxury Candle Supplies\",\"description\":\"Distributor of all seasons soy wax\",\"publisher\":{\"@id\":\"https:\\\/\\\/luxurycandlesupplies.eu\\\/#organization\"},\"potentialAction\":[{\"@type\":\"SearchAction\",\"target\":{\"@type\":\"EntryPoint\",\"urlTemplate\":\"https:\\\/\\\/luxurycandlesupplies.eu\\\/?s={search_term_string}\"},\"query-input\":{\"@type\":\"PropertyValueSpecification\",\"valueRequired\":true,\"valueName\":\"search_term_string\"}}],\"inLanguage\":\"es\"},{\"@type\":\"Organization\",\"@id\":\"https:\\\/\\\/luxurycandlesupplies.eu\\\/#organization\",\"name\":\"Antwerp Luxury Candle Supplies\",\"url\":\"https:\\\/\\\/luxurycandlesupplies.eu\\\/\",\"logo\":{\"@type\":\"ImageObject\",\"inLanguage\":\"es\",\"@id\":\"https:\\\/\\\/luxurycandlesupplies.eu\\\/#\\\/schema\\\/logo\\\/image\\\/\",\"url\":\"https:\\\/\\\/luxurycandlesupplies.eu\\\/app\\\/uploads\\\/2022\\\/03\\\/antwerp-luxury-candle-supplies-1x.png\",\"contentUrl\":\"https:\\\/\\\/luxurycandlesupplies.eu\\\/app\\\/uploads\\\/2022\\\/03\\\/antwerp-luxury-candle-supplies-1x.png\",\"width\":330,\"height\":60,\"caption\":\"Antwerp Luxury Candle Supplies\"},\"image\":{\"@id\":\"https:\\\/\\\/luxurycandlesupplies.eu\\\/#\\\/schema\\\/logo\\\/image\\\/\"},\"sameAs\":[\"https:\\\/\\\/www.facebook.com\\\/Antwerpluxurycandlesupplies\\\/\",\"https:\\\/\\\/www.instagram.com\\\/antwerp_luxury_candle_supplies\\\/\",\"https:\\\/\\\/pin.it\\\/7joOXRW\"]}]}<\/script>","yoast_head_json":{"title":"Tapa de Madera Naturel Peque\u00f1a Vogue - Seel de Silicona - Antwerp Luxury Candle Supplies","description":"Tapa grande de pl\u00e1stico Ros\u00e9 Gold, adecuada para los vasos grandes Vogue y la colecci\u00f3n grande Urban","robots":{"index":"index","follow":"follow","max-snippet":"max-snippet:-1","max-image-preview":"max-image-preview:large","max-video-preview":"max-video-preview:-1"},"canonical":"https:\/\/luxurycandlesupplies.eu\/es\/producto\/tapa-de-madera-pequena-vogue-silicona-seel-copia\/","og_locale":"es_ES","og_type":"article","og_title":"Wooden Lid Naturel Small Vogue - Silicone Seel - Antwerp Luxury Candle Supplies","og_description":"Large Plastic Lid Ros\u00e9 Gold, suitable for Large Vogue Vessels & the Large Urban Collection","og_url":"https:\/\/luxurycandlesupplies.eu\/es\/producto\/tapa-de-madera-pequena-vogue-silicona-seel-copia\/","og_site_name":"Antwerp Luxury Candle Supplies","article_publisher":"https:\/\/www.facebook.com\/Antwerpluxurycandlesupplies\/","article_modified_time":"2026-05-01T10:11:56+00:00","og_image":[{"width":1024,"height":989,"url":"https:\/\/luxurycandlesupplies.eu\/app\/uploads\/2022\/11\/Unknown-1-1.jpeg","type":"image\/jpeg"}],"twitter_card":"summary_large_image","twitter_misc":{"Tiempo de lectura":"1 minuto"},"schema":{"@context":"https:\/\/schema.org","@graph":[{"@type":"WebPage","@id":"https:\/\/luxurycandlesupplies.eu\/product\/wooden-lid-small-vogue-silicone-seel-copy\/","url":"https:\/\/luxurycandlesupplies.eu\/product\/wooden-lid-small-vogue-silicone-seel-copy\/","name":"Tapa de Madera Naturel Peque\u00f1a Vogue - Seel de Silicona - Antwerp Luxury Candle Supplies","isPartOf":{"@id":"https:\/\/luxurycandlesupplies.eu\/#website"},"primaryImageOfPage":{"@id":"https:\/\/luxurycandlesupplies.eu\/product\/wooden-lid-small-vogue-silicone-seel-copy\/#primaryimage"},"image":{"@id":"https:\/\/luxurycandlesupplies.eu\/product\/wooden-lid-small-vogue-silicone-seel-copy\/#primaryimage"},"thumbnailUrl":"https:\/\/luxurycandlesupplies.eu\/app\/uploads\/2022\/11\/Unknown-1-1.jpeg","datePublished":"2023-05-25T11:26:13+00:00","dateModified":"2026-05-01T10:11:56+00:00","description":"Tapa grande de pl\u00e1stico Ros\u00e9 Gold, adecuada para los vasos grandes Vogue y la colecci\u00f3n grande Urban","breadcrumb":{"@id":"https:\/\/luxurycandlesupplies.eu\/product\/wooden-lid-small-vogue-silicone-seel-copy\/#breadcrumb"},"inLanguage":"es","potentialAction":[{"@type":"ReadAction","target":["https:\/\/luxurycandlesupplies.eu\/product\/wooden-lid-small-vogue-silicone-seel-copy\/"]}]},{"@type":"ImageObject","inLanguage":"es","@id":"https:\/\/luxurycandlesupplies.eu\/product\/wooden-lid-small-vogue-silicone-seel-copy\/#primaryimage","url":"https:\/\/luxurycandlesupplies.eu\/app\/uploads\/2022\/11\/Unknown-1-1.jpeg","contentUrl":"https:\/\/luxurycandlesupplies.eu\/app\/uploads\/2022\/11\/Unknown-1-1.jpeg","width":1024,"height":989},{"@type":"BreadcrumbList","@id":"https:\/\/luxurycandlesupplies.eu\/product\/wooden-lid-small-vogue-silicone-seel-copy\/#breadcrumb","itemListElement":[{"@type":"ListItem","position":1,"name":"Home","item":"https:\/\/luxurycandlesupplies.eu\/"},{"@type":"ListItem","position":2,"name":"Shop","item":"https:\/\/luxurycandlesupplies.eu\/shop\/"},{"@type":"ListItem","position":3,"name":"Wooden Lid Naturel Small Vogue &#8211; Silicone Seel"}]},{"@type":"WebSite","@id":"https:\/\/luxurycandlesupplies.eu\/#website","url":"https:\/\/luxurycandlesupplies.eu\/","name":"Suministros para velas de lujo de Amberes","description":"Distribuidor de cera de soja para todas las estaciones","publisher":{"@id":"https:\/\/luxurycandlesupplies.eu\/#organization"},"potentialAction":[{"@type":"SearchAction","target":{"@type":"EntryPoint","urlTemplate":"https:\/\/luxurycandlesupplies.eu\/?s={search_term_string}"},"query-input":{"@type":"PropertyValueSpecification","valueRequired":true,"valueName":"search_term_string"}}],"inLanguage":"es"},{"@type":"Organization","@id":"https:\/\/luxurycandlesupplies.eu\/#organization","name":"Suministros para velas de lujo de Amberes","url":"https:\/\/luxurycandlesupplies.eu\/","logo":{"@type":"ImageObject","inLanguage":"es","@id":"https:\/\/luxurycandlesupplies.eu\/#\/schema\/logo\/image\/","url":"https:\/\/luxurycandlesupplies.eu\/app\/uploads\/2022\/03\/antwerp-luxury-candle-supplies-1x.png","contentUrl":"https:\/\/luxurycandlesupplies.eu\/app\/uploads\/2022\/03\/antwerp-luxury-candle-supplies-1x.png","width":330,"height":60,"caption":"Antwerp Luxury Candle Supplies"},"image":{"@id":"https:\/\/luxurycandlesupplies.eu\/#\/schema\/logo\/image\/"},"sameAs":["https:\/\/www.facebook.com\/Antwerpluxurycandlesupplies\/","https:\/\/www.instagram.com\/antwerp_luxury_candle_supplies\/","https:\/\/pin.it\/7joOXRW"]}]}},"_links":{"self":[{"href":"https:\/\/luxurycandlesupplies.eu\/es\/wp-json\/wp\/v2\/product\/4943","targetHints":{"allow":["GET"]}}],"collection":[{"href":"https:\/\/luxurycandlesupplies.eu\/es\/wp-json\/wp\/v2\/product"}],"about":[{"href":"https:\/\/luxurycandlesupplies.eu\/es\/wp-json\/wp\/v2\/types\/product"}],"wp:featuredmedia":[{"embeddable":true,"href":"https:\/\/luxurycandlesupplies.eu\/es\/wp-json\/wp\/v2\/media\/3139"}],"wp:attachment":[{"href":"https:\/\/luxurycandlesupplies.eu\/es\/wp-json\/wp\/v2\/media?parent=4943"}],"wp:term":[{"taxonomy":"product_brand","embeddable":true,"href":"https:\/\/luxurycandlesupplies.eu\/es\/wp-json\/wp\/v2\/product_brand?post=4943"},{"taxonomy":"product_cat","embeddable":true,"href":"https:\/\/luxurycandlesupplies.eu\/es\/wp-json\/wp\/v2\/product_cat?post=4943"},{"taxonomy":"product_tag","embeddable":true,"href":"https:\/\/luxurycandlesupplies.eu\/es\/wp-json\/wp\/v2\/product_tag?post=4943"}],"curies":[{"name":"wp","href":"https:\/\/api.w.org\/{rel}","templated":true}]}}