{"id":629,"date":"2021-09-29T18:57:37","date_gmt":"2021-09-29T16:57:37","guid":{"rendered":"https:\/\/luxurycandlesupplies.eu\/?post_type=product&#038;p=629"},"modified":"2026-04-17T16:51:49","modified_gmt":"2026-04-17T14:51:49","slug":"vino-caliente-canela","status":"publish","type":"product","link":"https:\/\/luxurycandlesupplies.eu\/es\/product\/mulled-wine-cinnamon\/","title":{"rendered":"Vino caliente y canela"},"content":{"rendered":"<h2>DESCRIPCI\u00d3N<\/h2>\n<p>&nbsp;<\/p>\n<hr \/>\n<div><\/div>\n<h3>VINO CALIENTE Y CANELA<\/h3>\n<p>&nbsp;<\/p>\n<p>Una fragancia c\u00e1lida y acogedora que le har\u00e1 so\u00f1ar con sentarse frente al fuego en una fr\u00eda noche de invierno.<\/p>\n<p>Perfume sus vacaciones de Navidad<\/p>\n<p>&nbsp;<\/p>\n<p>Notas de salida: canela y frutos secos<br \/>\nNotas medias: rosa y clavo de olor<br \/>\nNotas de fondo: vetiver y vino caliente<\/p>\n<p>&nbsp;<\/p>\n<h3>NUESTRA RECOMENDACI\u00d3N<\/h3>\n<hr \/>\n<div>\n<p>El uso de aceites de fragancia depender\u00e1 del producto que est\u00e9 creando. Consulte la siguiente gu\u00eda para conocer las proporciones recomendadas para su producto.<\/p>\n<p>Tenga en cuenta que los valores indicados a continuaci\u00f3n son s\u00f3lo sugerencias. Recomendamos a los usuarios que realicen sus propias pruebas con las mezclas de cera y aceite previstas para obtener resultados \u00f3ptimos.<\/p>\n<p>Velas: 6-10%<br \/>\nWaxmelts: 10-12%<\/p>\n<p>&nbsp;<\/p>\n<\/div>\n<h2>INFORMACI\u00d3N SOBRE CLP Y SDS<\/h2>\n<hr \/>\n<p><a href=\"https:\/\/luxurycandlesupplies.eu\/app\/uploads\/2021\/09\/CLP-label-_-Mulled-wine-Cinnamon_-candle-6.pdf\">Etiqueta CLP _ Vela de vino caliente y canela_ 6%<\/a><\/p>\n<p><a href=\"https:\/\/luxurycandlesupplies.eu\/app\/uploads\/2021\/09\/CLP-label-_-Mulled-wine-Cinnamon_-candle-8.pdf\">Etiqueta CLP _ Vela de vino caliente y canela_ 8%<\/a><\/p>\n<p><a href=\"https:\/\/luxurycandlesupplies.eu\/app\/uploads\/2021\/09\/CLP-label-_-Mulled-wine-Cinnamon_-candle-10.pdf\">Etiqueta CLP _ Vela de vino caliente y canela_ 10%<\/a><\/p>\n<p><a href=\"https:\/\/luxurycandlesupplies.eu\/app\/uploads\/2024\/03\/MULLED-WINE-CINNAMON-SDS-.pdf\">VINO CALIENTE Y CANELA - SDS 100%<\/a><\/p>\n<p><a href=\"https:\/\/luxurycandlesupplies.eu\/app\/uploads\/2024\/03\/MULLED-WINE-CINNAMON-IFRA-1.pdf\">VINO CALIENTE Y CANELA - IFRA<\/a><\/p>\n<p>&nbsp;<\/p>\n<p>UFI: GEE0-307Q-C00V-127N<\/p>\n<p><img decoding=\"async\" class=\"alignnone wp-image-23489\" src=\"https:\/\/luxurycandlesupplies.eu\/app\/uploads\/2025\/07\/Danger-4-300x300.png\" alt=\"\" width=\"122\" height=\"122\" srcset=\"https:\/\/luxurycandlesupplies.eu\/app\/uploads\/2025\/07\/Danger-4-300x300.png 300w, https:\/\/luxurycandlesupplies.eu\/app\/uploads\/2025\/07\/Danger-4-1024x1024.png 1024w, https:\/\/luxurycandlesupplies.eu\/app\/uploads\/2025\/07\/Danger-4-150x150.png 150w, https:\/\/luxurycandlesupplies.eu\/app\/uploads\/2025\/07\/Danger-4-768x768.png 768w, https:\/\/luxurycandlesupplies.eu\/app\/uploads\/2025\/07\/Danger-4-12x12.png 12w, https:\/\/luxurycandlesupplies.eu\/app\/uploads\/2025\/07\/Danger-4-600x600.png 600w, https:\/\/luxurycandlesupplies.eu\/app\/uploads\/2025\/07\/Danger-4-100x100.png 100w, https:\/\/luxurycandlesupplies.eu\/app\/uploads\/2025\/07\/Danger-4.png 1080w\" sizes=\"(max-width: 122px) 100vw, 122px\" \/> <img decoding=\"async\" class=\"alignnone wp-image-23488\" src=\"https:\/\/luxurycandlesupplies.eu\/app\/uploads\/2025\/07\/Danger-3-300x300.png\" alt=\"\" width=\"122\" height=\"122\" srcset=\"https:\/\/luxurycandlesupplies.eu\/app\/uploads\/2025\/07\/Danger-3-300x300.png 300w, https:\/\/luxurycandlesupplies.eu\/app\/uploads\/2025\/07\/Danger-3-1024x1024.png 1024w, https:\/\/luxurycandlesupplies.eu\/app\/uploads\/2025\/07\/Danger-3-150x150.png 150w, https:\/\/luxurycandlesupplies.eu\/app\/uploads\/2025\/07\/Danger-3-768x768.png 768w, https:\/\/luxurycandlesupplies.eu\/app\/uploads\/2025\/07\/Danger-3-12x12.png 12w, https:\/\/luxurycandlesupplies.eu\/app\/uploads\/2025\/07\/Danger-3-600x600.png 600w, https:\/\/luxurycandlesupplies.eu\/app\/uploads\/2025\/07\/Danger-3-100x100.png 100w, https:\/\/luxurycandlesupplies.eu\/app\/uploads\/2025\/07\/Danger-3.png 1080w\" sizes=\"(max-width: 122px) 100vw, 122px\" \/><\/p>\n<p><strong>Vino caliente y canela NL<\/strong><\/p>\n<p>H315 Puede causar irritaci\u00f3n cut\u00e1nea. H317 Puede causar reacciones al\u00e9rgicas. H319 Es al\u00e9rgico<br \/>\noogirritatie ernstige. H411 Apto para organismos vivos en el agua, con efectos a largo plazo.<br \/>\nP280 Manguitos\/manguitos\/manguitos\/manguitos de seguridad\/manguitos de seguridad\/manguitos de protecci\u00f3n<br \/>\ndragen. P302+P352 BIJ CONTACT MET DE HUID: met veel water en zeep wassen. P305+P351+P338 EN CONTACTO CON LA HUIDA<br \/>\nCONTACTO CON EL OGENO: no dude en ponerse en contacto con el agua durante unos minutos;<br \/>\ncontactlenzen verwijderen, indien mogelijk; blijven spoelen. P332+P313 La huidirritatie: un arte<br \/>\nraadplegen. P333+P313 Huidirritatie of uitslag: een arts raadplegen. P337+P313 En caso de emergencia<br \/>\noogirritatie: een arts raadplegen. P501 Inhoud\/verpakking afvoeren naar een erkende<br \/>\nafvalinzamelaar conform VLAREMA en OVAM-regelgeving.<\/p>\n<p>&nbsp;<\/p>\n<p><strong>Vino caliente y canela FR<\/strong><\/p>\n<p>H315 Provoca irritaci\u00f3n cut\u00e1nea. H317 Puede provocar una reacci\u00f3n al\u00e9rgica cut\u00e1nea. H319<br \/>\nProvoca una grave irritaci\u00f3n de los ojos. H411 T\u00f3xico para los organismos acu\u00e1ticos, provoca irritaci\u00f3n de los ojos.<br \/>\neffets n\u00e9fastes \u00e0 long terme. P280 Porter des gants de protection\/des v\u00eatements de protection\/une<br \/>\nprotection des yeux\/du visage. P302+P352 EN CAS DE CONTACT AVEC LA PEAU : laver abondamment<br \/>\n\u00e0 l'eau et au savon. P305+P351+P338 EN CAS DE CONTACT AVEC LES YEUX : rincer avec pr\u00e9caution \u00e0<br \/>\nl'eau pendant plusieurs minutes ; retirer les lentilles si possible ; continuer \u00e0 rincer. P332+P313 En caso<br \/>\nd'irritation cutan\u00e9e : consulter un m\u00e9decin. P333+P313 En caso de irritaci\u00f3n o erupci\u00f3n cut\u00e1nea :<br \/>\nconsulter un m\u00e9decin. P337+P313 En caso de irritaci\u00f3n ocular persistente: consulte a un m\u00e9dico.<br \/>\nP501 Elimine el contenido\/el recipiente mediante un recogedor de residuos conforme a la<br \/>\nr\u00e9glementation VLAREMA et OVAM.<\/p>\n<p>&nbsp;<\/p>\n<p><strong>Vino caliente y canela ENG<\/strong><\/p>\n<p>H315 Provoca irritaci\u00f3n cut\u00e1nea. H317 Puede provocar una reacci\u00f3n al\u00e9rgica en la piel. H319 Provoca irritaci\u00f3n ocular grave.<br \/>\nirritaci\u00f3n. H411 T\u00f3xico para los organismos acu\u00e1ticos, con efectos nocivos duraderos. P280 Llevar guantes de protecci\u00f3n\/protecci\u00f3n<br \/>\nropa\/protecci\u00f3n ocular\/protecci\u00f3n facial. P302+P352 EN CASO DE CONTACTO CON LA PIEL: Lavar con agua y jab\u00f3n abundantes.<br \/>\nP305+P351+P338 EN CASO DE CONTACTO CON LOS OJOS: Aclarar cuidadosamente con agua durante varios minutos. Quitar las lentes de contacto<br \/>\nsi est\u00e1 presente y es f\u00e1cil de hacer. Continuar aclarando. P332+P313 En caso de irritaci\u00f3n cut\u00e1nea: Consultar a un m\u00e9dico.<br \/>\nP333+P313 En caso de irritaci\u00f3n o erupci\u00f3n cut\u00e1nea: Consultar a un m\u00e9dico. P337+P313 Si persiste la irritaci\u00f3n ocular:<br \/>\nConsultar a un m\u00e9dico. P501 Eliminar el contenido\/el recipiente a trav\u00e9s de un recolector de residuos autorizado en<br \/>\nde conformidad con la normativa VLAREMA y OVAM.<\/p>","protected":false},"excerpt":{"rendered":"<p>DESCRIPTION &nbsp; MULLED WINE &amp; CINNAMON &nbsp; A warm and cosy fragrance that will make you dream about sitting in front of a fire on a cold winter&#8217;s night. Fragrance your Christmas holidays! &nbsp; Top notes: cinnamon &amp; dry fruits Middle notes: rose &amp; clove buds Base notes: vetiver &amp; mulled wine &nbsp; OUR RECOMMENDATION [&hellip;]<\/p>\n","protected":false},"featured_media":18404,"template":"","meta":{"_acf_changed":false,"site-sidebar-layout":"default","site-content-layout":"default","ast-site-content-layout":"default","site-content-style":"default","site-sidebar-style":"default","ast-global-header-display":"","ast-banner-title-visibility":"","ast-main-header-display":"","ast-hfb-above-header-display":"","ast-hfb-below-header-display":"","ast-hfb-mobile-header-display":"","site-post-title":"","ast-breadcrumbs-content":"","ast-featured-img":"","footer-sml-layout":"","ast-disable-related-posts":"","theme-transparent-header-meta":"default","adv-header-id-meta":"","stick-header-meta":"","header-above-stick-meta":"","header-main-stick-meta":"","header-below-stick-meta":"","astra-migrate-meta-layouts":"set","ast-page-background-enabled":"default","ast-page-background-meta":{"desktop":{"background-color":"","background-image":"","background-repeat":"repeat","background-position":"center center","background-size":"auto","background-attachment":"scroll","background-type":"","background-media":"","overlay-type":"","overlay-color":"","overlay-opacity":"","overlay-gradient":""},"tablet":{"background-color":"","background-image":"","background-repeat":"repeat","background-position":"center center","background-size":"auto","background-attachment":"scroll","background-type":"","background-media":"","overlay-type":"","overlay-color":"","overlay-opacity":"","overlay-gradient":""},"mobile":{"background-color":"","background-image":"","background-repeat":"repeat","background-position":"center center","background-size":"auto","background-attachment":"scroll","background-type":"","background-media":"","overlay-type":"","overlay-color":"","overlay-opacity":"","overlay-gradient":""}},"ast-content-background-meta":{"desktop":{"background-color":"var(--ast-global-color-5)","background-image":"","background-repeat":"repeat","background-position":"center center","background-size":"auto","background-attachment":"scroll","background-type":"","background-media":"","overlay-type":"","overlay-color":"","overlay-opacity":"","overlay-gradient":""},"tablet":{"background-color":"var(--ast-global-color-5)","background-image":"","background-repeat":"repeat","background-position":"center center","background-size":"auto","background-attachment":"scroll","background-type":"","background-media":"","overlay-type":"","overlay-color":"","overlay-opacity":"","overlay-gradient":""},"mobile":{"background-color":"var(--ast-global-color-5)","background-image":"","background-repeat":"repeat","background-position":"center center","background-size":"auto","background-attachment":"scroll","background-type":"","background-media":"","overlay-type":"","overlay-color":"","overlay-opacity":"","overlay-gradient":""}}},"product_brand":[],"product_cat":[25],"product_tag":[29,26,19,59,1476,57,1522,31,58,23,30,20,27,22],"class_list":{"0":"post-629","1":"product","2":"type-product","3":"status-publish","4":"has-post-thumbnail","6":"product_cat-fragrances","7":"product_tag-a05-wax","8":"product_tag-a27-wax","9":"product_tag-all-seasons-wax","10":"product_tag-christmas","11":"product_tag-cinnamon","12":"product_tag-fragrances","13":"product_tag-kaneel","14":"product_tag-m12-wax","15":"product_tag-mulled-wine","16":"product_tag-s100-wax","17":"product_tag-s16-wax","18":"product_tag-soy-wax","19":"product_tag-vegan-wax","20":"product_tag-wax","21":"desktop-align-left","22":"tablet-align-left","23":"mobile-align-left","24":"ast-product-gallery-layout-horizontal-slider","25":"ast-product-gallery-with-no-image","26":"ast-product-single-variable","27":"ast-product-tabs-layout-horizontal","29":"first","30":"instock","31":"taxable","32":"shipping-taxable","33":"purchasable","34":"product-type-variable"},"acf":[],"yoast_head":"<title>Mulled Wine &amp; Cinnamon - Antwerp Luxury Candle Supplies<\/title>\n<meta name=\"robots\" content=\"index, follow, max-snippet:-1, max-image-preview:large, max-video-preview:-1\" \/>\n<link rel=\"canonical\" href=\"https:\/\/luxurycandlesupplies.eu\/es\/producto\/vino-caliente-canela\/\" \/>\n<meta property=\"og:locale\" content=\"es_ES\" \/>\n<meta property=\"og:type\" content=\"article\" \/>\n<meta property=\"og:title\" content=\"Mulled Wine &amp; Cinnamon - Antwerp Luxury Candle Supplies\" \/>\n<meta property=\"og:description\" content=\"DESCRIPTION &nbsp; MULLED WINE &amp; CINNAMON &nbsp; A warm and cosy fragrance that will make you dream about sitting in front of a fire on a cold winter&#8217;s night. Fragrance your Christmas holidays! &nbsp; Top notes: cinnamon &amp; dry fruits Middle notes: rose &amp; clove buds Base notes: vetiver &amp; mulled wine &nbsp; OUR RECOMMENDATION [&hellip;]\" \/>\n<meta property=\"og:url\" content=\"https:\/\/luxurycandlesupplies.eu\/es\/producto\/vino-caliente-canela\/\" \/>\n<meta property=\"og:site_name\" content=\"Antwerp Luxury Candle Supplies\" \/>\n<meta property=\"article:publisher\" content=\"https:\/\/www.facebook.com\/Antwerpluxurycandlesupplies\/\" \/>\n<meta property=\"article:modified_time\" content=\"2026-04-17T14:51:49+00:00\" \/>\n<meta property=\"og:image\" content=\"https:\/\/luxurycandlesupplies.eu\/app\/uploads\/2021\/09\/Ontwerp-zonder-titel-1.png\" \/>\n\t<meta property=\"og:image:width\" content=\"1080\" \/>\n\t<meta property=\"og:image:height\" content=\"1080\" \/>\n\t<meta property=\"og:image:type\" content=\"image\/png\" \/>\n<meta name=\"twitter:card\" content=\"summary_large_image\" \/>\n<meta name=\"twitter:label1\" content=\"Tiempo de lectura\" \/>\n\t<meta name=\"twitter:data1\" content=\"3 minutos\" \/>\n<script type=\"application\/ld+json\" class=\"yoast-schema-graph\">{\"@context\":\"https:\\\/\\\/schema.org\",\"@graph\":[{\"@type\":\"WebPage\",\"@id\":\"https:\\\/\\\/luxurycandlesupplies.eu\\\/product\\\/mulled-wine-cinnamon\\\/\",\"url\":\"https:\\\/\\\/luxurycandlesupplies.eu\\\/product\\\/mulled-wine-cinnamon\\\/\",\"name\":\"Mulled Wine & Cinnamon - Antwerp Luxury Candle Supplies\",\"isPartOf\":{\"@id\":\"https:\\\/\\\/luxurycandlesupplies.eu\\\/#website\"},\"primaryImageOfPage\":{\"@id\":\"https:\\\/\\\/luxurycandlesupplies.eu\\\/product\\\/mulled-wine-cinnamon\\\/#primaryimage\"},\"image\":{\"@id\":\"https:\\\/\\\/luxurycandlesupplies.eu\\\/product\\\/mulled-wine-cinnamon\\\/#primaryimage\"},\"thumbnailUrl\":\"https:\\\/\\\/luxurycandlesupplies.eu\\\/app\\\/uploads\\\/2021\\\/09\\\/Ontwerp-zonder-titel-1.png\",\"datePublished\":\"2021-09-29T16:57:37+00:00\",\"dateModified\":\"2026-04-17T14:51:49+00:00\",\"breadcrumb\":{\"@id\":\"https:\\\/\\\/luxurycandlesupplies.eu\\\/product\\\/mulled-wine-cinnamon\\\/#breadcrumb\"},\"inLanguage\":\"es\",\"potentialAction\":[{\"@type\":\"ReadAction\",\"target\":[\"https:\\\/\\\/luxurycandlesupplies.eu\\\/product\\\/mulled-wine-cinnamon\\\/\"]}]},{\"@type\":\"ImageObject\",\"inLanguage\":\"es\",\"@id\":\"https:\\\/\\\/luxurycandlesupplies.eu\\\/product\\\/mulled-wine-cinnamon\\\/#primaryimage\",\"url\":\"https:\\\/\\\/luxurycandlesupplies.eu\\\/app\\\/uploads\\\/2021\\\/09\\\/Ontwerp-zonder-titel-1.png\",\"contentUrl\":\"https:\\\/\\\/luxurycandlesupplies.eu\\\/app\\\/uploads\\\/2021\\\/09\\\/Ontwerp-zonder-titel-1.png\",\"width\":1080,\"height\":1080},{\"@type\":\"BreadcrumbList\",\"@id\":\"https:\\\/\\\/luxurycandlesupplies.eu\\\/product\\\/mulled-wine-cinnamon\\\/#breadcrumb\",\"itemListElement\":[{\"@type\":\"ListItem\",\"position\":1,\"name\":\"Home\",\"item\":\"https:\\\/\\\/luxurycandlesupplies.eu\\\/\"},{\"@type\":\"ListItem\",\"position\":2,\"name\":\"Shop\",\"item\":\"https:\\\/\\\/luxurycandlesupplies.eu\\\/shop\\\/\"},{\"@type\":\"ListItem\",\"position\":3,\"name\":\"Mulled Wine &#038; Cinnamon\"}]},{\"@type\":\"WebSite\",\"@id\":\"https:\\\/\\\/luxurycandlesupplies.eu\\\/#website\",\"url\":\"https:\\\/\\\/luxurycandlesupplies.eu\\\/\",\"name\":\"Antwerp Luxury Candle Supplies\",\"description\":\"Distributor of all seasons soy wax\",\"publisher\":{\"@id\":\"https:\\\/\\\/luxurycandlesupplies.eu\\\/#organization\"},\"potentialAction\":[{\"@type\":\"SearchAction\",\"target\":{\"@type\":\"EntryPoint\",\"urlTemplate\":\"https:\\\/\\\/luxurycandlesupplies.eu\\\/?s={search_term_string}\"},\"query-input\":{\"@type\":\"PropertyValueSpecification\",\"valueRequired\":true,\"valueName\":\"search_term_string\"}}],\"inLanguage\":\"es\"},{\"@type\":\"Organization\",\"@id\":\"https:\\\/\\\/luxurycandlesupplies.eu\\\/#organization\",\"name\":\"Antwerp Luxury Candle Supplies\",\"url\":\"https:\\\/\\\/luxurycandlesupplies.eu\\\/\",\"logo\":{\"@type\":\"ImageObject\",\"inLanguage\":\"es\",\"@id\":\"https:\\\/\\\/luxurycandlesupplies.eu\\\/#\\\/schema\\\/logo\\\/image\\\/\",\"url\":\"https:\\\/\\\/luxurycandlesupplies.eu\\\/app\\\/uploads\\\/2022\\\/03\\\/antwerp-luxury-candle-supplies-1x.png\",\"contentUrl\":\"https:\\\/\\\/luxurycandlesupplies.eu\\\/app\\\/uploads\\\/2022\\\/03\\\/antwerp-luxury-candle-supplies-1x.png\",\"width\":330,\"height\":60,\"caption\":\"Antwerp Luxury Candle Supplies\"},\"image\":{\"@id\":\"https:\\\/\\\/luxurycandlesupplies.eu\\\/#\\\/schema\\\/logo\\\/image\\\/\"},\"sameAs\":[\"https:\\\/\\\/www.facebook.com\\\/Antwerpluxurycandlesupplies\\\/\",\"https:\\\/\\\/www.instagram.com\\\/antwerp_luxury_candle_supplies\\\/\",\"https:\\\/\\\/pin.it\\\/7joOXRW\"]}]}<\/script>","yoast_head_json":{"title":"Vino caliente y canela - Antwerp Luxury Candle Supplies","robots":{"index":"index","follow":"follow","max-snippet":"max-snippet:-1","max-image-preview":"max-image-preview:large","max-video-preview":"max-video-preview:-1"},"canonical":"https:\/\/luxurycandlesupplies.eu\/es\/producto\/vino-caliente-canela\/","og_locale":"es_ES","og_type":"article","og_title":"Mulled Wine & Cinnamon - Antwerp Luxury Candle Supplies","og_description":"DESCRIPTION &nbsp; MULLED WINE &amp; CINNAMON &nbsp; A warm and cosy fragrance that will make you dream about sitting in front of a fire on a cold winter&#8217;s night. Fragrance your Christmas holidays! &nbsp; Top notes: cinnamon &amp; dry fruits Middle notes: rose &amp; clove buds Base notes: vetiver &amp; mulled wine &nbsp; OUR RECOMMENDATION [&hellip;]","og_url":"https:\/\/luxurycandlesupplies.eu\/es\/producto\/vino-caliente-canela\/","og_site_name":"Antwerp Luxury Candle Supplies","article_publisher":"https:\/\/www.facebook.com\/Antwerpluxurycandlesupplies\/","article_modified_time":"2026-04-17T14:51:49+00:00","og_image":[{"width":1080,"height":1080,"url":"https:\/\/luxurycandlesupplies.eu\/app\/uploads\/2021\/09\/Ontwerp-zonder-titel-1.png","type":"image\/png"}],"twitter_card":"summary_large_image","twitter_misc":{"Tiempo de lectura":"3 minutos"},"schema":{"@context":"https:\/\/schema.org","@graph":[{"@type":"WebPage","@id":"https:\/\/luxurycandlesupplies.eu\/product\/mulled-wine-cinnamon\/","url":"https:\/\/luxurycandlesupplies.eu\/product\/mulled-wine-cinnamon\/","name":"Vino caliente y canela - Antwerp Luxury Candle Supplies","isPartOf":{"@id":"https:\/\/luxurycandlesupplies.eu\/#website"},"primaryImageOfPage":{"@id":"https:\/\/luxurycandlesupplies.eu\/product\/mulled-wine-cinnamon\/#primaryimage"},"image":{"@id":"https:\/\/luxurycandlesupplies.eu\/product\/mulled-wine-cinnamon\/#primaryimage"},"thumbnailUrl":"https:\/\/luxurycandlesupplies.eu\/app\/uploads\/2021\/09\/Ontwerp-zonder-titel-1.png","datePublished":"2021-09-29T16:57:37+00:00","dateModified":"2026-04-17T14:51:49+00:00","breadcrumb":{"@id":"https:\/\/luxurycandlesupplies.eu\/product\/mulled-wine-cinnamon\/#breadcrumb"},"inLanguage":"es","potentialAction":[{"@type":"ReadAction","target":["https:\/\/luxurycandlesupplies.eu\/product\/mulled-wine-cinnamon\/"]}]},{"@type":"ImageObject","inLanguage":"es","@id":"https:\/\/luxurycandlesupplies.eu\/product\/mulled-wine-cinnamon\/#primaryimage","url":"https:\/\/luxurycandlesupplies.eu\/app\/uploads\/2021\/09\/Ontwerp-zonder-titel-1.png","contentUrl":"https:\/\/luxurycandlesupplies.eu\/app\/uploads\/2021\/09\/Ontwerp-zonder-titel-1.png","width":1080,"height":1080},{"@type":"BreadcrumbList","@id":"https:\/\/luxurycandlesupplies.eu\/product\/mulled-wine-cinnamon\/#breadcrumb","itemListElement":[{"@type":"ListItem","position":1,"name":"Home","item":"https:\/\/luxurycandlesupplies.eu\/"},{"@type":"ListItem","position":2,"name":"Shop","item":"https:\/\/luxurycandlesupplies.eu\/shop\/"},{"@type":"ListItem","position":3,"name":"Mulled Wine &#038; Cinnamon"}]},{"@type":"WebSite","@id":"https:\/\/luxurycandlesupplies.eu\/#website","url":"https:\/\/luxurycandlesupplies.eu\/","name":"Suministros para velas de lujo de Amberes","description":"Distribuidor de cera de soja para todas las estaciones","publisher":{"@id":"https:\/\/luxurycandlesupplies.eu\/#organization"},"potentialAction":[{"@type":"SearchAction","target":{"@type":"EntryPoint","urlTemplate":"https:\/\/luxurycandlesupplies.eu\/?s={search_term_string}"},"query-input":{"@type":"PropertyValueSpecification","valueRequired":true,"valueName":"search_term_string"}}],"inLanguage":"es"},{"@type":"Organization","@id":"https:\/\/luxurycandlesupplies.eu\/#organization","name":"Suministros para velas de lujo de Amberes","url":"https:\/\/luxurycandlesupplies.eu\/","logo":{"@type":"ImageObject","inLanguage":"es","@id":"https:\/\/luxurycandlesupplies.eu\/#\/schema\/logo\/image\/","url":"https:\/\/luxurycandlesupplies.eu\/app\/uploads\/2022\/03\/antwerp-luxury-candle-supplies-1x.png","contentUrl":"https:\/\/luxurycandlesupplies.eu\/app\/uploads\/2022\/03\/antwerp-luxury-candle-supplies-1x.png","width":330,"height":60,"caption":"Antwerp Luxury Candle Supplies"},"image":{"@id":"https:\/\/luxurycandlesupplies.eu\/#\/schema\/logo\/image\/"},"sameAs":["https:\/\/www.facebook.com\/Antwerpluxurycandlesupplies\/","https:\/\/www.instagram.com\/antwerp_luxury_candle_supplies\/","https:\/\/pin.it\/7joOXRW"]}]}},"_links":{"self":[{"href":"https:\/\/luxurycandlesupplies.eu\/es\/wp-json\/wp\/v2\/product\/629","targetHints":{"allow":["GET"]}}],"collection":[{"href":"https:\/\/luxurycandlesupplies.eu\/es\/wp-json\/wp\/v2\/product"}],"about":[{"href":"https:\/\/luxurycandlesupplies.eu\/es\/wp-json\/wp\/v2\/types\/product"}],"wp:featuredmedia":[{"embeddable":true,"href":"https:\/\/luxurycandlesupplies.eu\/es\/wp-json\/wp\/v2\/media\/18404"}],"wp:attachment":[{"href":"https:\/\/luxurycandlesupplies.eu\/es\/wp-json\/wp\/v2\/media?parent=629"}],"wp:term":[{"taxonomy":"product_brand","embeddable":true,"href":"https:\/\/luxurycandlesupplies.eu\/es\/wp-json\/wp\/v2\/product_brand?post=629"},{"taxonomy":"product_cat","embeddable":true,"href":"https:\/\/luxurycandlesupplies.eu\/es\/wp-json\/wp\/v2\/product_cat?post=629"},{"taxonomy":"product_tag","embeddable":true,"href":"https:\/\/luxurycandlesupplies.eu\/es\/wp-json\/wp\/v2\/product_tag?post=629"}],"curies":[{"name":"wp","href":"https:\/\/api.w.org\/{rel}","templated":true}]}}