{"id":12904,"date":"2023-10-05T23:02:59","date_gmt":"2023-10-05T21:02:59","guid":{"rendered":"https:\/\/luxurycandlesupplies.eu\/?post_type=product&#038;p=12904"},"modified":"2026-04-07T21:39:21","modified_gmt":"2026-04-07T19:39:21","slug":"briquet-usb-sans-flamme-noir","status":"publish","type":"product","link":"https:\/\/luxurycandlesupplies.eu\/fr\/product\/flameless-usb-lighter-black\/","title":{"rendered":"Briquet USB sans flamme - Noir"},"content":{"rendered":"<h2>DESCRIPTION<\/h2>\n<hr \/>\n<div><\/div>\n<p>Briquets USB sans flamme utilisant la technologie des briquets \u00e0 arc plasma.<\/p>\n<p>Ce briquet USB rechargeable est un excellent substitut aux allumettes et aux briquets \u00e0 gaz. Il contient un col de briquet r\u00e9glable plus long, id\u00e9al pour allumer des bougies.<\/p>\n<p>Ce produit utilise une batterie rechargeable au lithium-ion.<\/p>\n<p>L'ensemble Booster peut \u00e9lever la basse tension de 3,7V \u00e0 la haute tension demi-sinuso\u00efdale de 7KV avec une fr\u00e9quence d'environ 15Kz, ce qui peut g\u00e9n\u00e9rer des chocs \u00e0 haute fr\u00e9quence et \u00e0 haute tension, pour choquer l'air et former de l'usure \u00e0 des temp\u00e9ratures \u00e9lev\u00e9es.<\/p>\n<p>&nbsp;<\/p>\n<p><strong>IMPORTANT : Veuillez lire toutes les consignes de s\u00e9curit\u00e9 avant d'utiliser l'appareil. Ne pas toucher l'\u00e9tincelle \u00e9lectronique. Ne pas allumer la flamme plus de 5 fois de suite. Tenir \u00e0 l'\u00e9cart des enfants et des animaux domestiques. Ne pas utiliser d'objet pointu pour percer ou br\u00fbler ce produit. Ne d\u00e9montez pas ce produit, sauf si vous \u00eates un technicien de maintenance agr\u00e9\u00e9. Ne pas placer le produit dans l'eau ou dans d'autres liquides. N'utilisez pas ce produit avec des chargeurs dont la tension de sortie est sup\u00e9rieure \u00e0 DV5V\u00b10,5V. D'autres chargeurs peuvent provoquer un court-circuit. Veuillez utiliser le produit \u00e0 l'\u00e9cart du visage, de la peau et des mati\u00e8res combustibles. Pour des raisons de s\u00e9curit\u00e9, veillez \u00e0 ce que la flamme soit totalement \u00e9teinte apr\u00e8s utilisation. \u00c9loignez le produit de la flamme lorsque la temp\u00e9rature est sup\u00e9rieure \u00e0 60\u00b0C. Ne pas exposer le produit au soleil pour \u00e9viter tout risque d'incendie. Conservez le produit dans un endroit frais et sec, \u00e0 l'abri du soleil, de la chaleur et d'autres sources inflammables.<\/strong><\/p>\n<p>&nbsp;<\/p>\n<h3>Caract\u00e9ristiques<\/h3>\n<hr \/>\n<div><\/div>\n<p><strong>Dimensions du produit :<\/strong> 12mmL x 10mmL x 255mmH<br \/>\n<strong>Dimensions de la bo\u00eete :<\/strong> 60mmL x 30mmL x 270mmH<br \/>\n<strong>Batterie :<\/strong> Batterie rechargeable au lithium-ion<br \/>\n<strong>Rechargeable<\/strong>: USB (inclus)<br \/>\n<strong>Garantie<\/strong>: 12 mois<\/p>\n<p>&nbsp;<\/p>\n<p>&nbsp;<\/p>","protected":false},"excerpt":{"rendered":"<h2>DESCRIPTION<\/h2>\n<hr \/>\n<div><\/div>\n<p>Briquets USB sans flamme utilisant la technologie des briquets \u00e0 arc plasma.<\/p>\n<p>Ce briquet USB rechargeable est un excellent substitut aux allumettes et aux briquets \u00e0 gaz. Il contient un col de briquet r\u00e9glable plus long, id\u00e9al pour allumer des bougies.<\/p>\n<p>Ce produit utilise une batterie rechargeable au lithium-ion.<\/p>\n<p>L'ensemble Booster peut \u00e9lever la basse tension de 3,7V \u00e0 la haute tension demi-sinuso\u00efdale de 7KV avec une fr\u00e9quence d'environ 15Kz, ce qui peut g\u00e9n\u00e9rer des chocs \u00e0 haute fr\u00e9quence et \u00e0 haute tension, pour choquer l'air et former de l'usure \u00e0 des temp\u00e9ratures \u00e9lev\u00e9es.<\/p>\n<p>&nbsp;<\/p>\n<p><strong>IMPORTANT : Veuillez lire toutes les consignes de s\u00e9curit\u00e9 avant d'utiliser l'appareil. Ne pas toucher l'\u00e9tincelle \u00e9lectronique. Ne pas allumer la flamme plus de 5 fois de suite. Tenir \u00e0 l'\u00e9cart des enfants et des animaux domestiques. Ne pas utiliser d'objet pointu pour percer ou br\u00fbler ce produit. Ne d\u00e9montez pas ce produit, sauf si vous \u00eates un technicien de maintenance agr\u00e9\u00e9. Ne pas placer le produit dans l'eau ou dans d'autres liquides. N'utilisez pas ce produit avec des chargeurs dont la tension de sortie est sup\u00e9rieure \u00e0 DV5V\u00b10,5V. D'autres chargeurs peuvent provoquer un court-circuit. Veuillez utiliser le produit \u00e0 l'\u00e9cart du visage, de la peau et des mati\u00e8res combustibles. Pour des raisons de s\u00e9curit\u00e9, veillez \u00e0 ce que la flamme soit totalement \u00e9teinte apr\u00e8s utilisation. \u00c9loignez le produit de la flamme lorsque la temp\u00e9rature est sup\u00e9rieure \u00e0 60\u00b0C. Ne pas exposer le produit au soleil pour \u00e9viter tout risque d'incendie. Conservez le produit dans un endroit frais et sec, \u00e0 l'abri du soleil, de la chaleur et d'autres sources inflammables.<\/strong><\/p>\n<p>&nbsp;<\/p>\n<h3>Caract\u00e9ristiques<\/h3>\n<hr \/>\n<div><\/div>\n<p><strong>Dimensions du produit :<\/strong> 12mmL x 10mmL x 255mmH<br \/>\n<strong>Dimensions de la bo\u00eete :<\/strong> 60mmL x 30mmL x 270mmH<br \/>\n<strong>Batterie :<\/strong> Batterie rechargeable au lithium-ion<br \/>\n<strong>Rechargeable<\/strong>: USB (inclus)<br \/>\n<strong>Garantie<\/strong>: 12 mois<\/p>\n<p>&nbsp;<\/p>\n<h3>GUIDE DE L'UTILISATEUR ET DOCUMENTATION SUR LA S\u00c9CURIT\u00c9<\/h3>\n<hr \/>\n<div><\/div>\n<p>Nous avons consacr\u00e9 beaucoup d'\u00e9nergie et de temps au d\u00e9veloppement de cet appareil afin d'en garantir la meilleure qualit\u00e9. Afin d'utiliser l'appareil efficacement et en toute s\u00e9curit\u00e9, nous avons rassembl\u00e9 toutes les informations utiles dans ce guide de l'utilisateur. Veuillez lire toutes les informations avant d'utiliser l'appareil.<\/p>\n<p>&nbsp;<\/p>\n<p><img decoding=\"async\" class=\"wp-image-31591 alignnone\" src=\"https:\/\/luxurycandlesupplies.com.au\/wp-content\/uploads\/2018\/08\/icon-pdf.png\" alt=\"pdf\" width=\"30\" height=\"30\" \/> T\u00e9l\u00e9charger le manuel d'instruction du pistolet thermique<\/p>","protected":false},"featured_media":12820,"template":"","meta":{"_acf_changed":false,"site-sidebar-layout":"default","site-content-layout":"default","ast-site-content-layout":"default","site-content-style":"default","site-sidebar-style":"default","ast-global-header-display":"","ast-banner-title-visibility":"","ast-main-header-display":"","ast-hfb-above-header-display":"","ast-hfb-below-header-display":"","ast-hfb-mobile-header-display":"","site-post-title":"","ast-breadcrumbs-content":"","ast-featured-img":"","footer-sml-layout":"","ast-disable-related-posts":"","theme-transparent-header-meta":"default","adv-header-id-meta":"","stick-header-meta":"","header-above-stick-meta":"","header-main-stick-meta":"","header-below-stick-meta":"","astra-migrate-meta-layouts":"set","ast-page-background-enabled":"default","ast-page-background-meta":{"desktop":{"background-color":"","background-image":"","background-repeat":"repeat","background-position":"center center","background-size":"auto","background-attachment":"scroll","background-type":"","background-media":"","overlay-type":"","overlay-color":"","overlay-opacity":"","overlay-gradient":""},"tablet":{"background-color":"","background-image":"","background-repeat":"repeat","background-position":"center center","background-size":"auto","background-attachment":"scroll","background-type":"","background-media":"","overlay-type":"","overlay-color":"","overlay-opacity":"","overlay-gradient":""},"mobile":{"background-color":"","background-image":"","background-repeat":"repeat","background-position":"center center","background-size":"auto","background-attachment":"scroll","background-type":"","background-media":"","overlay-type":"","overlay-color":"","overlay-opacity":"","overlay-gradient":""}},"ast-content-background-meta":{"desktop":{"background-color":"var(--ast-global-color-5)","background-image":"","background-repeat":"repeat","background-position":"center center","background-size":"auto","background-attachment":"scroll","background-type":"","background-media":"","overlay-type":"","overlay-color":"","overlay-opacity":"","overlay-gradient":""},"tablet":{"background-color":"var(--ast-global-color-5)","background-image":"","background-repeat":"repeat","background-position":"center center","background-size":"auto","background-attachment":"scroll","background-type":"","background-media":"","overlay-type":"","overlay-color":"","overlay-opacity":"","overlay-gradient":""},"mobile":{"background-color":"var(--ast-global-color-5)","background-image":"","background-repeat":"repeat","background-position":"center center","background-size":"auto","background-attachment":"scroll","background-type":"","background-media":"","overlay-type":"","overlay-color":"","overlay-opacity":"","overlay-gradient":""}}},"product_brand":[],"product_cat":[1384,285],"product_tag":[149,1383,1382,1381],"class_list":{"0":"post-12904","1":"product","2":"type-product","3":"status-publish","4":"has-post-thumbnail","6":"product_cat-flameless-usb-lighters","7":"product_cat-equipment","8":"product_tag-black","9":"product_tag-flameless","10":"product_tag-lighter","11":"product_tag-usb","12":"desktop-align-left","13":"tablet-align-left","14":"mobile-align-left","15":"ast-product-gallery-layout-horizontal-slider","16":"ast-product-tabs-layout-horizontal","18":"first","19":"instock","20":"taxable","21":"shipping-taxable","22":"purchasable","23":"product-type-simple"},"acf":[],"yoast_head":"<title>Flameless USB Lighter \u2013 Black - Antwerp Luxury Candle Supplies<\/title>\n<meta name=\"robots\" content=\"index, follow, max-snippet:-1, max-image-preview:large, max-video-preview:-1\" \/>\n<link rel=\"canonical\" href=\"https:\/\/luxurycandlesupplies.eu\/fr\/produit\/briquet-usb-sans-flamme-noir\/\" \/>\n<meta property=\"og:locale\" content=\"fr_FR\" \/>\n<meta property=\"og:type\" content=\"article\" \/>\n<meta property=\"og:title\" content=\"Flameless USB Lighter \u2013 Black - Antwerp Luxury Candle Supplies\" \/>\n<meta property=\"og:description\" content=\"DESCRIPTION     Arc Flameless USB Lighters, utilising Plasma Arc Lighter Technology.  This rechargeable USB lighter is a great substitute for matches and gas lighters. Includes longer adjustable lighter neck, ideal for lighting candles.  This product uses a lithium-ion rechargeable battery.  Booster assembly can raise the low voltage of 3.7V to the half-sine high voltage to 7KV with a frequency of around 15Kz, which can generate high frequency and high voltage shock, to shock the air to form wear with high temperatures.  &nbsp;  IMPORTANT: Please read all safety instructions prior to use. Do not touch the electronic spark. Do not ignite flame more than 5 times in a row. Keep away from children and pets. Do not use sharp object to pierce or burn this product. Do not take apart this product, unless you are an authorised service technician. Do not place the product into water or other liquids. Do not use this product on any chargers higher than the output voltage of DV5V\u00b10.5V. Other chargers may cause product to short circuit. Please use product away from face, skin, and combustibles. To ensure safety, please ensure the flame is totally extinguished after use. Remove product from flame in temperatures above 60\u00b0C. Do not expose product under sun to avoid fire hazard. Store product in a cool, dry place away from sun, heat and other flammable sources.  &nbsp; Features     Product Dimensions: 12mmW x 10mmL x 255mmH Box Dimensions: 60mmW x 30mmL x 270mmH Battery: Lithium-ion Rechargeable Battery Rechargeable: USB (included) Warranty: 12 months  &nbsp; USER GUIDE &amp; SAFETY DOCUMENTATION     We have spent lots of energy and time on the development of this appliance in order to guarantee its best quality performance. In order to operate the appliance efficiently and safely, we have compiled all useful information in this User Guide. Please read all information prior to use.  &nbsp;   Download Heat Gun Instructional Manual\" \/>\n<meta property=\"og:url\" content=\"https:\/\/luxurycandlesupplies.eu\/fr\/produit\/briquet-usb-sans-flamme-noir\/\" \/>\n<meta property=\"og:site_name\" content=\"Antwerp Luxury Candle Supplies\" \/>\n<meta property=\"article:publisher\" content=\"https:\/\/www.facebook.com\/Antwerpluxurycandlesupplies\/\" \/>\n<meta property=\"article:modified_time\" content=\"2026-04-07T19:39:21+00:00\" \/>\n<meta property=\"og:image\" content=\"https:\/\/luxurycandlesupplies.eu\/app\/uploads\/2023\/10\/lcs_flameless-usb-lighter_01_black-300x300-1.jpg\" \/>\n\t<meta property=\"og:image:width\" content=\"300\" \/>\n\t<meta property=\"og:image:height\" content=\"300\" \/>\n\t<meta property=\"og:image:type\" content=\"image\/jpeg\" \/>\n<meta name=\"twitter:card\" content=\"summary_large_image\" \/>\n<meta name=\"twitter:label1\" content=\"Dur\u00e9e de lecture estim\u00e9e\" \/>\n\t<meta name=\"twitter:data1\" content=\"2 minutes\" \/>\n<script type=\"application\/ld+json\" class=\"yoast-schema-graph\">{\"@context\":\"https:\\\/\\\/schema.org\",\"@graph\":[{\"@type\":\"WebPage\",\"@id\":\"https:\\\/\\\/luxurycandlesupplies.eu\\\/product\\\/flameless-usb-lighter-black\\\/\",\"url\":\"https:\\\/\\\/luxurycandlesupplies.eu\\\/product\\\/flameless-usb-lighter-black\\\/\",\"name\":\"Flameless USB Lighter \u2013 Black - Antwerp Luxury Candle Supplies\",\"isPartOf\":{\"@id\":\"https:\\\/\\\/luxurycandlesupplies.eu\\\/#website\"},\"primaryImageOfPage\":{\"@id\":\"https:\\\/\\\/luxurycandlesupplies.eu\\\/product\\\/flameless-usb-lighter-black\\\/#primaryimage\"},\"image\":{\"@id\":\"https:\\\/\\\/luxurycandlesupplies.eu\\\/product\\\/flameless-usb-lighter-black\\\/#primaryimage\"},\"thumbnailUrl\":\"https:\\\/\\\/luxurycandlesupplies.eu\\\/app\\\/uploads\\\/2023\\\/10\\\/lcs_flameless-usb-lighter_01_black-300x300-1.jpg\",\"datePublished\":\"2023-10-05T21:02:59+00:00\",\"dateModified\":\"2026-04-07T19:39:21+00:00\",\"breadcrumb\":{\"@id\":\"https:\\\/\\\/luxurycandlesupplies.eu\\\/product\\\/flameless-usb-lighter-black\\\/#breadcrumb\"},\"inLanguage\":\"fr-FR\",\"potentialAction\":[{\"@type\":\"ReadAction\",\"target\":[\"https:\\\/\\\/luxurycandlesupplies.eu\\\/product\\\/flameless-usb-lighter-black\\\/\"]}]},{\"@type\":\"ImageObject\",\"inLanguage\":\"fr-FR\",\"@id\":\"https:\\\/\\\/luxurycandlesupplies.eu\\\/product\\\/flameless-usb-lighter-black\\\/#primaryimage\",\"url\":\"https:\\\/\\\/luxurycandlesupplies.eu\\\/app\\\/uploads\\\/2023\\\/10\\\/lcs_flameless-usb-lighter_01_black-300x300-1.jpg\",\"contentUrl\":\"https:\\\/\\\/luxurycandlesupplies.eu\\\/app\\\/uploads\\\/2023\\\/10\\\/lcs_flameless-usb-lighter_01_black-300x300-1.jpg\",\"width\":300,\"height\":300},{\"@type\":\"BreadcrumbList\",\"@id\":\"https:\\\/\\\/luxurycandlesupplies.eu\\\/product\\\/flameless-usb-lighter-black\\\/#breadcrumb\",\"itemListElement\":[{\"@type\":\"ListItem\",\"position\":1,\"name\":\"Home\",\"item\":\"https:\\\/\\\/luxurycandlesupplies.eu\\\/\"},{\"@type\":\"ListItem\",\"position\":2,\"name\":\"Shop\",\"item\":\"https:\\\/\\\/luxurycandlesupplies.eu\\\/shop\\\/\"},{\"@type\":\"ListItem\",\"position\":3,\"name\":\"Flameless USB Lighter \u2013 Black\"}]},{\"@type\":\"WebSite\",\"@id\":\"https:\\\/\\\/luxurycandlesupplies.eu\\\/#website\",\"url\":\"https:\\\/\\\/luxurycandlesupplies.eu\\\/\",\"name\":\"Antwerp Luxury Candle Supplies\",\"description\":\"Distributor of all seasons soy wax\",\"publisher\":{\"@id\":\"https:\\\/\\\/luxurycandlesupplies.eu\\\/#organization\"},\"potentialAction\":[{\"@type\":\"SearchAction\",\"target\":{\"@type\":\"EntryPoint\",\"urlTemplate\":\"https:\\\/\\\/luxurycandlesupplies.eu\\\/?s={search_term_string}\"},\"query-input\":{\"@type\":\"PropertyValueSpecification\",\"valueRequired\":true,\"valueName\":\"search_term_string\"}}],\"inLanguage\":\"fr-FR\"},{\"@type\":\"Organization\",\"@id\":\"https:\\\/\\\/luxurycandlesupplies.eu\\\/#organization\",\"name\":\"Antwerp Luxury Candle Supplies\",\"url\":\"https:\\\/\\\/luxurycandlesupplies.eu\\\/\",\"logo\":{\"@type\":\"ImageObject\",\"inLanguage\":\"fr-FR\",\"@id\":\"https:\\\/\\\/luxurycandlesupplies.eu\\\/#\\\/schema\\\/logo\\\/image\\\/\",\"url\":\"https:\\\/\\\/luxurycandlesupplies.eu\\\/app\\\/uploads\\\/2022\\\/03\\\/antwerp-luxury-candle-supplies-1x.png\",\"contentUrl\":\"https:\\\/\\\/luxurycandlesupplies.eu\\\/app\\\/uploads\\\/2022\\\/03\\\/antwerp-luxury-candle-supplies-1x.png\",\"width\":330,\"height\":60,\"caption\":\"Antwerp Luxury Candle Supplies\"},\"image\":{\"@id\":\"https:\\\/\\\/luxurycandlesupplies.eu\\\/#\\\/schema\\\/logo\\\/image\\\/\"},\"sameAs\":[\"https:\\\/\\\/www.facebook.com\\\/Antwerpluxurycandlesupplies\\\/\",\"https:\\\/\\\/www.instagram.com\\\/antwerp_luxury_candle_supplies\\\/\",\"https:\\\/\\\/pin.it\\\/7joOXRW\"]}]}<\/script>","yoast_head_json":{"title":"Briquet USB sans flamme - Noir - Antwerp Luxury Candle Supplies","robots":{"index":"index","follow":"follow","max-snippet":"max-snippet:-1","max-image-preview":"max-image-preview:large","max-video-preview":"max-video-preview:-1"},"canonical":"https:\/\/luxurycandlesupplies.eu\/fr\/produit\/briquet-usb-sans-flamme-noir\/","og_locale":"fr_FR","og_type":"article","og_title":"Flameless USB Lighter \u2013 Black - Antwerp Luxury Candle Supplies","og_description":"DESCRIPTION     Arc Flameless USB Lighters, utilising Plasma Arc Lighter Technology.  This rechargeable USB lighter is a great substitute for matches and gas lighters. Includes longer adjustable lighter neck, ideal for lighting candles.  This product uses a lithium-ion rechargeable battery.  Booster assembly can raise the low voltage of 3.7V to the half-sine high voltage to 7KV with a frequency of around 15Kz, which can generate high frequency and high voltage shock, to shock the air to form wear with high temperatures.  &nbsp;  IMPORTANT: Please read all safety instructions prior to use. Do not touch the electronic spark. Do not ignite flame more than 5 times in a row. Keep away from children and pets. Do not use sharp object to pierce or burn this product. Do not take apart this product, unless you are an authorised service technician. Do not place the product into water or other liquids. Do not use this product on any chargers higher than the output voltage of DV5V\u00b10.5V. Other chargers may cause product to short circuit. Please use product away from face, skin, and combustibles. To ensure safety, please ensure the flame is totally extinguished after use. Remove product from flame in temperatures above 60\u00b0C. Do not expose product under sun to avoid fire hazard. Store product in a cool, dry place away from sun, heat and other flammable sources.  &nbsp; Features     Product Dimensions: 12mmW x 10mmL x 255mmH Box Dimensions: 60mmW x 30mmL x 270mmH Battery: Lithium-ion Rechargeable Battery Rechargeable: USB (included) Warranty: 12 months  &nbsp; USER GUIDE &amp; SAFETY DOCUMENTATION     We have spent lots of energy and time on the development of this appliance in order to guarantee its best quality performance. In order to operate the appliance efficiently and safely, we have compiled all useful information in this User Guide. Please read all information prior to use.  &nbsp;   Download Heat Gun Instructional Manual","og_url":"https:\/\/luxurycandlesupplies.eu\/fr\/produit\/briquet-usb-sans-flamme-noir\/","og_site_name":"Antwerp Luxury Candle Supplies","article_publisher":"https:\/\/www.facebook.com\/Antwerpluxurycandlesupplies\/","article_modified_time":"2026-04-07T19:39:21+00:00","og_image":[{"width":300,"height":300,"url":"https:\/\/luxurycandlesupplies.eu\/app\/uploads\/2023\/10\/lcs_flameless-usb-lighter_01_black-300x300-1.jpg","type":"image\/jpeg"}],"twitter_card":"summary_large_image","twitter_misc":{"Dur\u00e9e de lecture estim\u00e9e":"2 minutes"},"schema":{"@context":"https:\/\/schema.org","@graph":[{"@type":"WebPage","@id":"https:\/\/luxurycandlesupplies.eu\/product\/flameless-usb-lighter-black\/","url":"https:\/\/luxurycandlesupplies.eu\/product\/flameless-usb-lighter-black\/","name":"Briquet USB sans flamme - Noir - Antwerp Luxury Candle Supplies","isPartOf":{"@id":"https:\/\/luxurycandlesupplies.eu\/#website"},"primaryImageOfPage":{"@id":"https:\/\/luxurycandlesupplies.eu\/product\/flameless-usb-lighter-black\/#primaryimage"},"image":{"@id":"https:\/\/luxurycandlesupplies.eu\/product\/flameless-usb-lighter-black\/#primaryimage"},"thumbnailUrl":"https:\/\/luxurycandlesupplies.eu\/app\/uploads\/2023\/10\/lcs_flameless-usb-lighter_01_black-300x300-1.jpg","datePublished":"2023-10-05T21:02:59+00:00","dateModified":"2026-04-07T19:39:21+00:00","breadcrumb":{"@id":"https:\/\/luxurycandlesupplies.eu\/product\/flameless-usb-lighter-black\/#breadcrumb"},"inLanguage":"fr-FR","potentialAction":[{"@type":"ReadAction","target":["https:\/\/luxurycandlesupplies.eu\/product\/flameless-usb-lighter-black\/"]}]},{"@type":"ImageObject","inLanguage":"fr-FR","@id":"https:\/\/luxurycandlesupplies.eu\/product\/flameless-usb-lighter-black\/#primaryimage","url":"https:\/\/luxurycandlesupplies.eu\/app\/uploads\/2023\/10\/lcs_flameless-usb-lighter_01_black-300x300-1.jpg","contentUrl":"https:\/\/luxurycandlesupplies.eu\/app\/uploads\/2023\/10\/lcs_flameless-usb-lighter_01_black-300x300-1.jpg","width":300,"height":300},{"@type":"BreadcrumbList","@id":"https:\/\/luxurycandlesupplies.eu\/product\/flameless-usb-lighter-black\/#breadcrumb","itemListElement":[{"@type":"ListItem","position":1,"name":"Home","item":"https:\/\/luxurycandlesupplies.eu\/"},{"@type":"ListItem","position":2,"name":"Shop","item":"https:\/\/luxurycandlesupplies.eu\/shop\/"},{"@type":"ListItem","position":3,"name":"Flameless USB Lighter \u2013 Black"}]},{"@type":"WebSite","@id":"https:\/\/luxurycandlesupplies.eu\/#website","url":"https:\/\/luxurycandlesupplies.eu\/","name":"Anvers Fournitures de bougies de luxe","description":"Distributeur de cire de soja toutes saisons","publisher":{"@id":"https:\/\/luxurycandlesupplies.eu\/#organization"},"potentialAction":[{"@type":"SearchAction","target":{"@type":"EntryPoint","urlTemplate":"https:\/\/luxurycandlesupplies.eu\/?s={search_term_string}"},"query-input":{"@type":"PropertyValueSpecification","valueRequired":true,"valueName":"search_term_string"}}],"inLanguage":"fr-FR"},{"@type":"Organization","@id":"https:\/\/luxurycandlesupplies.eu\/#organization","name":"Anvers Fournitures de bougies de luxe","url":"https:\/\/luxurycandlesupplies.eu\/","logo":{"@type":"ImageObject","inLanguage":"fr-FR","@id":"https:\/\/luxurycandlesupplies.eu\/#\/schema\/logo\/image\/","url":"https:\/\/luxurycandlesupplies.eu\/app\/uploads\/2022\/03\/antwerp-luxury-candle-supplies-1x.png","contentUrl":"https:\/\/luxurycandlesupplies.eu\/app\/uploads\/2022\/03\/antwerp-luxury-candle-supplies-1x.png","width":330,"height":60,"caption":"Antwerp Luxury Candle Supplies"},"image":{"@id":"https:\/\/luxurycandlesupplies.eu\/#\/schema\/logo\/image\/"},"sameAs":["https:\/\/www.facebook.com\/Antwerpluxurycandlesupplies\/","https:\/\/www.instagram.com\/antwerp_luxury_candle_supplies\/","https:\/\/pin.it\/7joOXRW"]}]}},"_links":{"self":[{"href":"https:\/\/luxurycandlesupplies.eu\/fr\/wp-json\/wp\/v2\/product\/12904","targetHints":{"allow":["GET"]}}],"collection":[{"href":"https:\/\/luxurycandlesupplies.eu\/fr\/wp-json\/wp\/v2\/product"}],"about":[{"href":"https:\/\/luxurycandlesupplies.eu\/fr\/wp-json\/wp\/v2\/types\/product"}],"wp:featuredmedia":[{"embeddable":true,"href":"https:\/\/luxurycandlesupplies.eu\/fr\/wp-json\/wp\/v2\/media\/12820"}],"wp:attachment":[{"href":"https:\/\/luxurycandlesupplies.eu\/fr\/wp-json\/wp\/v2\/media?parent=12904"}],"wp:term":[{"taxonomy":"product_brand","embeddable":true,"href":"https:\/\/luxurycandlesupplies.eu\/fr\/wp-json\/wp\/v2\/product_brand?post=12904"},{"taxonomy":"product_cat","embeddable":true,"href":"https:\/\/luxurycandlesupplies.eu\/fr\/wp-json\/wp\/v2\/product_cat?post=12904"},{"taxonomy":"product_tag","embeddable":true,"href":"https:\/\/luxurycandlesupplies.eu\/fr\/wp-json\/wp\/v2\/product_tag?post=12904"}],"curies":[{"name":"wp","href":"https:\/\/api.w.org\/{rel}","templated":true}]}}