{"id":16368,"date":"2024-06-27T10:24:20","date_gmt":"2024-06-27T08:24:20","guid":{"rendered":"https:\/\/luxurycandlesupplies.eu\/?post_type=product&#038;p=16368"},"modified":"2026-05-16T16:08:18","modified_gmt":"2026-05-16T14:08:18","slug":"nuages-blancs","status":"publish","type":"product","link":"https:\/\/luxurycandlesupplies.eu\/fr\/product\/white-clouds\/","title":{"rendered":"Photophore - Nuages blancs"},"content":{"rendered":"<h2>DESCRIPTION<\/h2>\n<p>&nbsp;<\/p>\n<p><strong>Dimensions ext\u00e9rieures de la jarre et de l'abat-jour<\/strong>: 150mmL x 165mmH<\/p>\n<p><strong>Dimensions ext\u00e9rieures de la jarre<\/strong>Dimensions : 94mm\u00f8 (haut) x 120mm\u00f8 (base) x 100mmH<\/p>\n<p><strong>Dimensions int\u00e9rieures du bocal<\/strong>Dimensions : 78mm\u00f8 (haut) x 100mm\u00f8 (base) x 90mmH<\/p>\n<p>&nbsp;<\/p>\n<p><strong>Capacit\u00e9 du navire<\/strong>: 500ml<br \/>\n<strong>Poids de la cuve et de l'abat-jour<\/strong>: 760g<\/p>\n<p>&nbsp;<\/p>\n<p><strong>Capacit\u00e9 de remplissage sugg\u00e9r\u00e9e<\/strong>: 480g<br \/>\n<strong>Poids du navire<\/strong>: 380g<\/p>\n<p>&nbsp;<\/p>\n<p><strong>Couvercle adapt\u00e9<\/strong>: Livr\u00e9 avec son propre couvercle de lampe.<\/p>\n<p><strong>Emballage adapt\u00e9<\/strong>: N\/A<\/p>\n<p><strong>Taille de m\u00e8che adapt\u00e9e<\/strong>:\u00a0<a href=\"https:\/\/luxurycandlesupplies.eu\/fr\/produit\/meches-de-lcs-45\/\">2 x LCS45<\/a>,\u00a0<a href=\"https:\/\/luxurycandlesupplies.eu\/fr\/produit\/meches-de-lcs-50\/\">2 x LCS50<\/a><br \/>\n* Veuillez noter que la taille des m\u00e8ches n'est qu'une suggestion.<\/p>\n<p>&nbsp;<\/p>\n<p>Vendu \u00e0 l'unit\u00e9<br \/>\n<strong>Taille du carton<\/strong>: 8 unit\u00e9s<\/p>\n<p>&nbsp;<\/p>","protected":false},"excerpt":{"rendered":"<h2>CARACT\u00c9RISTIQUES TECHNIQUES<\/h2>\n<p>&nbsp;<\/p>\n<p><strong>Dimensions ext\u00e9rieures de la jarre et de l'abat-jour<\/strong>: 150mmL x 165mmH<\/p>\n<p><strong>Dimensions ext\u00e9rieures de la jarre<\/strong>Dimensions : 94mm\u00f8 (haut) x 120mm\u00f8 (base) x 100mmH<\/p>\n<p><strong>Dimensions int\u00e9rieures du bocal<\/strong>Dimensions : 78mm\u00f8 (haut) x 100mm\u00f8 (base) x 90mmH<\/p>\n<p>&nbsp;<\/p>\n<p><strong>Capacit\u00e9 du navire<\/strong>: 500ml<br \/>\n<strong>Poids de la cuve et de l'abat-jour<\/strong>: 760g<\/p>\n<p>&nbsp;<\/p>\n<p><strong>Capacit\u00e9 de remplissage sugg\u00e9r\u00e9e<\/strong>: 480g<br \/>\n<strong>Poids du navire<\/strong>: 380g<\/p>\n<p>&nbsp;<\/p>\n<p><strong>Couvercle adapt\u00e9<\/strong>: Livr\u00e9 avec son propre couvercle de lampe.<\/p>\n<p><strong>Emballage adapt\u00e9<\/strong>: N\/A<\/p>\n<p><strong>Taille de m\u00e8che adapt\u00e9e<\/strong>:\u00a0<a href=\"https:\/\/luxurycandlesupplies.eu\/fr\/produit\/meches-de-lcs-45\/\">2 x LCS45<\/a>,\u00a0<a href=\"https:\/\/luxurycandlesupplies.eu\/fr\/produit\/meches-de-lcs-50\/\">2 x LCS50<\/a><br \/>\n* Veuillez noter que la taille des m\u00e8ches n'est qu'une suggestion.<\/p>\n<p>&nbsp;<\/p>\n<p>Vendu \u00e0 l'unit\u00e9<br \/>\n<strong>Taille du carton<\/strong>: 8 unit\u00e9s<\/p>","protected":false},"featured_media":26607,"template":"","meta":{"_acf_changed":false,"site-sidebar-layout":"default","site-content-layout":"default","ast-site-content-layout":"default","site-content-style":"default","site-sidebar-style":"default","ast-global-header-display":"","ast-banner-title-visibility":"","ast-main-header-display":"","ast-hfb-above-header-display":"","ast-hfb-below-header-display":"","ast-hfb-mobile-header-display":"","site-post-title":"","ast-breadcrumbs-content":"","ast-featured-img":"","footer-sml-layout":"","ast-disable-related-posts":"","theme-transparent-header-meta":"default","adv-header-id-meta":"","stick-header-meta":"","header-above-stick-meta":"","header-main-stick-meta":"","header-below-stick-meta":"","astra-migrate-meta-layouts":"set","ast-page-background-enabled":"default","ast-page-background-meta":{"desktop":{"background-color":"","background-image":"","background-repeat":"repeat","background-position":"center center","background-size":"auto","background-attachment":"scroll","background-type":"","background-media":"","overlay-type":"","overlay-color":"","overlay-opacity":"","overlay-gradient":""},"tablet":{"background-color":"","background-image":"","background-repeat":"repeat","background-position":"center center","background-size":"auto","background-attachment":"scroll","background-type":"","background-media":"","overlay-type":"","overlay-color":"","overlay-opacity":"","overlay-gradient":""},"mobile":{"background-color":"","background-image":"","background-repeat":"repeat","background-position":"center center","background-size":"auto","background-attachment":"scroll","background-type":"","background-media":"","overlay-type":"","overlay-color":"","overlay-opacity":"","overlay-gradient":""}},"ast-content-background-meta":{"desktop":{"background-color":"var(--ast-global-color-5)","background-image":"","background-repeat":"repeat","background-position":"center center","background-size":"auto","background-attachment":"scroll","background-type":"","background-media":"","overlay-type":"","overlay-color":"","overlay-opacity":"","overlay-gradient":""},"tablet":{"background-color":"var(--ast-global-color-5)","background-image":"","background-repeat":"repeat","background-position":"center center","background-size":"auto","background-attachment":"scroll","background-type":"","background-media":"","overlay-type":"","overlay-color":"","overlay-opacity":"","overlay-gradient":""},"mobile":{"background-color":"var(--ast-global-color-5)","background-image":"","background-repeat":"repeat","background-position":"center center","background-size":"auto","background-attachment":"scroll","background-type":"","background-media":"","overlay-type":"","overlay-color":"","overlay-opacity":"","overlay-gradient":""}}},"product_brand":[],"product_cat":[1550],"product_tag":[1552,191],"class_list":{"0":"post-16368","1":"product","2":"type-product","3":"status-publish","4":"has-post-thumbnail","6":"product_cat-lamp-jar-collection","7":"product_tag-lamp-jar","8":"product_tag-white","9":"desktop-align-left","10":"tablet-align-left","11":"mobile-align-left","12":"ast-product-gallery-layout-horizontal-slider","13":"ast-product-tabs-layout-horizontal","15":"first","16":"instock","17":"taxable","18":"shipping-taxable","19":"purchasable","20":"product-type-simple"},"acf":[],"yoast_head":"<title>Lamp Jar - White Clouds - Antwerp Luxury Candle Supplies<\/title>\n<meta name=\"robots\" content=\"index, follow, max-snippet:-1, max-image-preview:large, max-video-preview:-1\" \/>\n<link rel=\"canonical\" href=\"https:\/\/luxurycandlesupplies.eu\/fr\/produit\/nuages-blancs\/\" \/>\n<meta property=\"og:locale\" content=\"fr_FR\" \/>\n<meta property=\"og:type\" content=\"article\" \/>\n<meta property=\"og:title\" content=\"Lamp Jar - White Clouds - Antwerp Luxury Candle Supplies\" \/>\n<meta property=\"og:description\" content=\"SPECIFICATIONS &nbsp;  Jar &amp; Shade External Dimensions: 150mmW x 165mmH  Jar External Dimensions: 94mm\u00f8 (top) x 120mm\u00f8 (base) x 100mmH  Jar Inner Dimensions: 78mm\u00f8 (top) x 100mm\u00f8 (base) x 90mmH  &nbsp;  Vessel capacity: 500ml Vessel &amp; Shade weight: 760g  &nbsp;  Suggested Fill Capacity: 480g Vessel weight: 380g  &nbsp;  Suitable Lid: Comes with its own lamp lid.  Suitable packaging: N\/A  Suitable wick size:\u00a02 x LCS45,\u00a02 x LCS50 * Please note, wick sizes are suggestions only.  &nbsp;  Sold in single units Carton size: 8 units\" \/>\n<meta property=\"og:url\" content=\"https:\/\/luxurycandlesupplies.eu\/fr\/produit\/nuages-blancs\/\" \/>\n<meta property=\"og:site_name\" content=\"Antwerp Luxury Candle Supplies\" \/>\n<meta property=\"article:publisher\" content=\"https:\/\/www.facebook.com\/Antwerpluxurycandlesupplies\/\" \/>\n<meta property=\"article:modified_time\" content=\"2026-05-16T14:08:18+00:00\" \/>\n<meta property=\"og:image\" content=\"https:\/\/luxurycandlesupplies.eu\/app\/uploads\/2025\/08\/Luxury-Candle-Supplies-26.jpg\" \/>\n\t<meta property=\"og:image:width\" content=\"2000\" \/>\n\t<meta property=\"og:image:height\" content=\"2000\" \/>\n\t<meta property=\"og:image:type\" content=\"image\/jpeg\" \/>\n<meta name=\"twitter:card\" content=\"summary_large_image\" \/>\n<meta name=\"twitter:label1\" content=\"Dur\u00e9e de lecture estim\u00e9e\" \/>\n\t<meta name=\"twitter:data1\" content=\"1 minute\" \/>\n<script type=\"application\/ld+json\" class=\"yoast-schema-graph\">{\"@context\":\"https:\\\/\\\/schema.org\",\"@graph\":[{\"@type\":\"WebPage\",\"@id\":\"https:\\\/\\\/luxurycandlesupplies.eu\\\/product\\\/white-clouds\\\/\",\"url\":\"https:\\\/\\\/luxurycandlesupplies.eu\\\/product\\\/white-clouds\\\/\",\"name\":\"Lamp Jar - White Clouds - Antwerp Luxury Candle Supplies\",\"isPartOf\":{\"@id\":\"https:\\\/\\\/luxurycandlesupplies.eu\\\/#website\"},\"primaryImageOfPage\":{\"@id\":\"https:\\\/\\\/luxurycandlesupplies.eu\\\/product\\\/white-clouds\\\/#primaryimage\"},\"image\":{\"@id\":\"https:\\\/\\\/luxurycandlesupplies.eu\\\/product\\\/white-clouds\\\/#primaryimage\"},\"thumbnailUrl\":\"https:\\\/\\\/luxurycandlesupplies.eu\\\/app\\\/uploads\\\/2025\\\/08\\\/Luxury-Candle-Supplies-26.jpg\",\"datePublished\":\"2024-06-27T08:24:20+00:00\",\"dateModified\":\"2026-05-16T14:08:18+00:00\",\"breadcrumb\":{\"@id\":\"https:\\\/\\\/luxurycandlesupplies.eu\\\/product\\\/white-clouds\\\/#breadcrumb\"},\"inLanguage\":\"fr-FR\",\"potentialAction\":[{\"@type\":\"ReadAction\",\"target\":[\"https:\\\/\\\/luxurycandlesupplies.eu\\\/product\\\/white-clouds\\\/\"]}]},{\"@type\":\"ImageObject\",\"inLanguage\":\"fr-FR\",\"@id\":\"https:\\\/\\\/luxurycandlesupplies.eu\\\/product\\\/white-clouds\\\/#primaryimage\",\"url\":\"https:\\\/\\\/luxurycandlesupplies.eu\\\/app\\\/uploads\\\/2025\\\/08\\\/Luxury-Candle-Supplies-26.jpg\",\"contentUrl\":\"https:\\\/\\\/luxurycandlesupplies.eu\\\/app\\\/uploads\\\/2025\\\/08\\\/Luxury-Candle-Supplies-26.jpg\",\"width\":2000,\"height\":2000},{\"@type\":\"BreadcrumbList\",\"@id\":\"https:\\\/\\\/luxurycandlesupplies.eu\\\/product\\\/white-clouds\\\/#breadcrumb\",\"itemListElement\":[{\"@type\":\"ListItem\",\"position\":1,\"name\":\"Home\",\"item\":\"https:\\\/\\\/luxurycandlesupplies.eu\\\/\"},{\"@type\":\"ListItem\",\"position\":2,\"name\":\"Shop\",\"item\":\"https:\\\/\\\/luxurycandlesupplies.eu\\\/shop\\\/\"},{\"@type\":\"ListItem\",\"position\":3,\"name\":\"Lamp Jar &#8211; White Clouds\"}]},{\"@type\":\"WebSite\",\"@id\":\"https:\\\/\\\/luxurycandlesupplies.eu\\\/#website\",\"url\":\"https:\\\/\\\/luxurycandlesupplies.eu\\\/\",\"name\":\"Antwerp Luxury Candle Supplies\",\"description\":\"Distributor of all seasons soy wax\",\"publisher\":{\"@id\":\"https:\\\/\\\/luxurycandlesupplies.eu\\\/#organization\"},\"potentialAction\":[{\"@type\":\"SearchAction\",\"target\":{\"@type\":\"EntryPoint\",\"urlTemplate\":\"https:\\\/\\\/luxurycandlesupplies.eu\\\/?s={search_term_string}\"},\"query-input\":{\"@type\":\"PropertyValueSpecification\",\"valueRequired\":true,\"valueName\":\"search_term_string\"}}],\"inLanguage\":\"fr-FR\"},{\"@type\":\"Organization\",\"@id\":\"https:\\\/\\\/luxurycandlesupplies.eu\\\/#organization\",\"name\":\"Antwerp Luxury Candle Supplies\",\"url\":\"https:\\\/\\\/luxurycandlesupplies.eu\\\/\",\"logo\":{\"@type\":\"ImageObject\",\"inLanguage\":\"fr-FR\",\"@id\":\"https:\\\/\\\/luxurycandlesupplies.eu\\\/#\\\/schema\\\/logo\\\/image\\\/\",\"url\":\"https:\\\/\\\/luxurycandlesupplies.eu\\\/app\\\/uploads\\\/2022\\\/03\\\/antwerp-luxury-candle-supplies-1x.png\",\"contentUrl\":\"https:\\\/\\\/luxurycandlesupplies.eu\\\/app\\\/uploads\\\/2022\\\/03\\\/antwerp-luxury-candle-supplies-1x.png\",\"width\":330,\"height\":60,\"caption\":\"Antwerp Luxury Candle Supplies\"},\"image\":{\"@id\":\"https:\\\/\\\/luxurycandlesupplies.eu\\\/#\\\/schema\\\/logo\\\/image\\\/\"},\"sameAs\":[\"https:\\\/\\\/www.facebook.com\\\/Antwerpluxurycandlesupplies\\\/\",\"https:\\\/\\\/www.instagram.com\\\/antwerp_luxury_candle_supplies\\\/\",\"https:\\\/\\\/pin.it\\\/7joOXRW\"]}]}<\/script>","yoast_head_json":{"title":"Photophore - Nuages blancs - Antwerp Luxury Candle Supplies","robots":{"index":"index","follow":"follow","max-snippet":"max-snippet:-1","max-image-preview":"max-image-preview:large","max-video-preview":"max-video-preview:-1"},"canonical":"https:\/\/luxurycandlesupplies.eu\/fr\/produit\/nuages-blancs\/","og_locale":"fr_FR","og_type":"article","og_title":"Lamp Jar - White Clouds - Antwerp Luxury Candle Supplies","og_description":"SPECIFICATIONS &nbsp;  Jar &amp; Shade External Dimensions: 150mmW x 165mmH  Jar External Dimensions: 94mm\u00f8 (top) x 120mm\u00f8 (base) x 100mmH  Jar Inner Dimensions: 78mm\u00f8 (top) x 100mm\u00f8 (base) x 90mmH  &nbsp;  Vessel capacity: 500ml Vessel &amp; Shade weight: 760g  &nbsp;  Suggested Fill Capacity: 480g Vessel weight: 380g  &nbsp;  Suitable Lid: Comes with its own lamp lid.  Suitable packaging: N\/A  Suitable wick size:\u00a02 x LCS45,\u00a02 x LCS50 * Please note, wick sizes are suggestions only.  &nbsp;  Sold in single units Carton size: 8 units","og_url":"https:\/\/luxurycandlesupplies.eu\/fr\/produit\/nuages-blancs\/","og_site_name":"Antwerp Luxury Candle Supplies","article_publisher":"https:\/\/www.facebook.com\/Antwerpluxurycandlesupplies\/","article_modified_time":"2026-05-16T14:08:18+00:00","og_image":[{"width":2000,"height":2000,"url":"https:\/\/luxurycandlesupplies.eu\/app\/uploads\/2025\/08\/Luxury-Candle-Supplies-26.jpg","type":"image\/jpeg"}],"twitter_card":"summary_large_image","twitter_misc":{"Dur\u00e9e de lecture estim\u00e9e":"1 minute"},"schema":{"@context":"https:\/\/schema.org","@graph":[{"@type":"WebPage","@id":"https:\/\/luxurycandlesupplies.eu\/product\/white-clouds\/","url":"https:\/\/luxurycandlesupplies.eu\/product\/white-clouds\/","name":"Photophore - Nuages blancs - Antwerp Luxury Candle Supplies","isPartOf":{"@id":"https:\/\/luxurycandlesupplies.eu\/#website"},"primaryImageOfPage":{"@id":"https:\/\/luxurycandlesupplies.eu\/product\/white-clouds\/#primaryimage"},"image":{"@id":"https:\/\/luxurycandlesupplies.eu\/product\/white-clouds\/#primaryimage"},"thumbnailUrl":"https:\/\/luxurycandlesupplies.eu\/app\/uploads\/2025\/08\/Luxury-Candle-Supplies-26.jpg","datePublished":"2024-06-27T08:24:20+00:00","dateModified":"2026-05-16T14:08:18+00:00","breadcrumb":{"@id":"https:\/\/luxurycandlesupplies.eu\/product\/white-clouds\/#breadcrumb"},"inLanguage":"fr-FR","potentialAction":[{"@type":"ReadAction","target":["https:\/\/luxurycandlesupplies.eu\/product\/white-clouds\/"]}]},{"@type":"ImageObject","inLanguage":"fr-FR","@id":"https:\/\/luxurycandlesupplies.eu\/product\/white-clouds\/#primaryimage","url":"https:\/\/luxurycandlesupplies.eu\/app\/uploads\/2025\/08\/Luxury-Candle-Supplies-26.jpg","contentUrl":"https:\/\/luxurycandlesupplies.eu\/app\/uploads\/2025\/08\/Luxury-Candle-Supplies-26.jpg","width":2000,"height":2000},{"@type":"BreadcrumbList","@id":"https:\/\/luxurycandlesupplies.eu\/product\/white-clouds\/#breadcrumb","itemListElement":[{"@type":"ListItem","position":1,"name":"Home","item":"https:\/\/luxurycandlesupplies.eu\/"},{"@type":"ListItem","position":2,"name":"Shop","item":"https:\/\/luxurycandlesupplies.eu\/shop\/"},{"@type":"ListItem","position":3,"name":"Lamp Jar &#8211; White Clouds"}]},{"@type":"WebSite","@id":"https:\/\/luxurycandlesupplies.eu\/#website","url":"https:\/\/luxurycandlesupplies.eu\/","name":"Anvers Fournitures de bougies de luxe","description":"Distributeur de cire de soja toutes saisons","publisher":{"@id":"https:\/\/luxurycandlesupplies.eu\/#organization"},"potentialAction":[{"@type":"SearchAction","target":{"@type":"EntryPoint","urlTemplate":"https:\/\/luxurycandlesupplies.eu\/?s={search_term_string}"},"query-input":{"@type":"PropertyValueSpecification","valueRequired":true,"valueName":"search_term_string"}}],"inLanguage":"fr-FR"},{"@type":"Organization","@id":"https:\/\/luxurycandlesupplies.eu\/#organization","name":"Anvers Fournitures de bougies de luxe","url":"https:\/\/luxurycandlesupplies.eu\/","logo":{"@type":"ImageObject","inLanguage":"fr-FR","@id":"https:\/\/luxurycandlesupplies.eu\/#\/schema\/logo\/image\/","url":"https:\/\/luxurycandlesupplies.eu\/app\/uploads\/2022\/03\/antwerp-luxury-candle-supplies-1x.png","contentUrl":"https:\/\/luxurycandlesupplies.eu\/app\/uploads\/2022\/03\/antwerp-luxury-candle-supplies-1x.png","width":330,"height":60,"caption":"Antwerp Luxury Candle Supplies"},"image":{"@id":"https:\/\/luxurycandlesupplies.eu\/#\/schema\/logo\/image\/"},"sameAs":["https:\/\/www.facebook.com\/Antwerpluxurycandlesupplies\/","https:\/\/www.instagram.com\/antwerp_luxury_candle_supplies\/","https:\/\/pin.it\/7joOXRW"]}]}},"_links":{"self":[{"href":"https:\/\/luxurycandlesupplies.eu\/fr\/wp-json\/wp\/v2\/product\/16368","targetHints":{"allow":["GET"]}}],"collection":[{"href":"https:\/\/luxurycandlesupplies.eu\/fr\/wp-json\/wp\/v2\/product"}],"about":[{"href":"https:\/\/luxurycandlesupplies.eu\/fr\/wp-json\/wp\/v2\/types\/product"}],"wp:featuredmedia":[{"embeddable":true,"href":"https:\/\/luxurycandlesupplies.eu\/fr\/wp-json\/wp\/v2\/media\/26607"}],"wp:attachment":[{"href":"https:\/\/luxurycandlesupplies.eu\/fr\/wp-json\/wp\/v2\/media?parent=16368"}],"wp:term":[{"taxonomy":"product_brand","embeddable":true,"href":"https:\/\/luxurycandlesupplies.eu\/fr\/wp-json\/wp\/v2\/product_brand?post=16368"},{"taxonomy":"product_cat","embeddable":true,"href":"https:\/\/luxurycandlesupplies.eu\/fr\/wp-json\/wp\/v2\/product_cat?post=16368"},{"taxonomy":"product_tag","embeddable":true,"href":"https:\/\/luxurycandlesupplies.eu\/fr\/wp-json\/wp\/v2\/product_tag?post=16368"}],"curies":[{"name":"wp","href":"https:\/\/api.w.org\/{rel}","templated":true}]}}