{"id":16511,"date":"2024-06-27T14:41:28","date_gmt":"2024-06-27T12:41:28","guid":{"rendered":"https:\/\/luxurycandlesupplies.eu\/?post_type=product&#038;p=16511"},"modified":"2026-01-08T11:39:05","modified_gmt":"2026-01-08T10:39:05","slug":"cloche-rose","status":"publish","type":"product","link":"https:\/\/luxurycandlesupplies.eu\/fr\/product\/cloche-pink\/","title":{"rendered":"Cloche rose petite"},"content":{"rendered":"<h4>DESCRIPTION<\/h4>\n<div class=\"product info detailed after-content\">\n<div class=\"product data items\">\n<div class=\"product-data-items-content\">\n<div id=\"attributedescription\" class=\"data item content\" role=\"tabpanel\" data-role=\"content\" aria-labelledby=\"tab-label-attributedescription\" aria-hidden=\"false\">\n<div class=\"product attribute description\">\n<p>&nbsp;<\/p>\n<p>Fabriqu\u00e9 avec soin \u00e0 partir d'un verre de la plus haute qualit\u00e9, il est \u00e0 la fois beau et pratique. Prot\u00e8ge la bougie de la poussi\u00e8re, garantissant un parfum intact et une superbe qualit\u00e9.<\/p>\n<h3><\/h3>\n<div class=\"value\">\n<p><strong>Dimensions externes de la cuve et de la cloche (avec cloche)<\/strong>: 78mm\u00d8 x 130mmH<\/p>\n<p><strong>Dimensions externes de la cuve (cuve uniquement)<\/strong>Dimensions : 64mm\u00d8 (haut) x 78mm\u00d8 (base) x 78mmH<\/p>\n<p><strong>Dimensions int\u00e9rieures de la cuve<\/strong>64mm\u00d8 x 68mmH<\/p>\n<p><strong>Capacit\u00e9 du navire<\/strong>: 120ml<\/p>\n<p><strong>Poids du r\u00e9cipient (couvercle compris)<\/strong>: 360g<\/p>\n<p>&nbsp;<\/p>\n<p><strong>Couvercle adapt\u00e9<\/strong>: Cloche Dome incluse.<br \/>\n<strong>Emballage adapt\u00e9<\/strong>:<u>\u00a0N\/A<\/u><br \/>\n<strong>Taille de m\u00e8che sugg\u00e9r\u00e9e<\/strong>*:\u00a0<a href=\"https:\/\/luxurycandlesupplies.eu\/fr\/produit\/meches-de-lcs-60\/\" target=\"_blank\" rel=\"noopener\">LCS60<\/a>,\u00a0<a href=\"https:\/\/luxurycandlesupplies.eu\/fr\/produit\/meches-de-lcs-65\/\" target=\"_blank\" rel=\"noopener\">LCS65<\/a><br \/>\n*Veuillez noter que la taille des m\u00e8ches n'est qu'une suggestion. Pour des r\u00e9sultats optimaux, nous recommandons aux utilisateurs d'effectuer leurs propres tests avec les diff\u00e9rents m\u00e9langes de cire et d'huile qu'ils ont l'intention d'utiliser.<\/p>\n<p>Disponible en unit\u00e9s individuelles.<br \/>\n<strong>Taille du carton<\/strong>: 24 unit\u00e9s<\/p>\n<\/div>\n<\/div>\n<\/div>\n<\/div>\n<\/div>\n<\/div>","protected":false},"excerpt":{"rendered":"<div id=\"description\" class=\"data item content\" role=\"tabpanel\" aria-labelledby=\"tab-label-description\" data-role=\"content\" aria-hidden=\"false\">\n<div class=\"product attribute description open\">\n<div class=\"value\">\n<div data-content-type=\"row\" data-appearance=\"contained\" data-element=\"main\">\n<div data-enable-parallax=\"0\" data-parallax-speed=\"0.5\" data-background-images=\"{}\" data-background-type=\"image\" data-video-loop=\"true\" data-video-play-only-visible=\"true\" data-video-lazy-load=\"true\" data-video-fallback-src=\"\" data-element=\"inner\" data-pb-style=\"KSADGV6\">\n<div data-content-type=\"text\" data-appearance=\"default\" data-element=\"main\">\n<p>&nbsp;<\/p>\n<h3>CARACT\u00c9RISTIQUES TECHNIQUES<\/h3>\n<hr \/>\n<div><\/div>\n<p><strong>Dimensions externes de la cuve et de la cloche (avec cloche)<\/strong>: 78mm\u00d8 x 130mmH<br \/>\n<strong>Dimensions externes de la cuve (cuve uniquement)<\/strong>Dimensions : 64mm\u00d8 (haut) x 78mm\u00d8 (base) x 78mmH<br \/>\n<strong>Dimensions int\u00e9rieures de la cuve<\/strong>64mm\u00d8 x 68mmH<br \/>\n<strong>Capacit\u00e9 du navire<\/strong>: 120ml<br \/>\n<strong>Poids du r\u00e9cipient (couvercle compris)<\/strong>: 360g<\/p>\n<p><strong>Couvercle adapt\u00e9<\/strong>: Cloche Dome incluse.<br \/>\n<strong>Emballage adapt\u00e9<\/strong>:<u>\u00a0N\/A<\/u><br \/>\n<strong>Taille de m\u00e8che sugg\u00e9r\u00e9e<\/strong>*:\u00a0<a href=\"https:\/\/luxurycandlesupplies.eu\/fr\/produit\/meches-de-lcs-60\/\">LCS60<\/a>,\u00a0<a href=\"https:\/\/luxurycandlesupplies.eu\/fr\/produit\/meches-de-lcs-65\/\">LCS65<\/a><br \/>\n*Veuillez noter que la taille des m\u00e8ches n'est qu'une suggestion. Pour des r\u00e9sultats optimaux, nous recommandons aux utilisateurs d'effectuer leurs propres tests avec les diff\u00e9rents m\u00e9langes de cire et d'huile qu'ils ont l'intention d'utiliser.<\/p>\n<p>Disponible en unit\u00e9s individuelles.<br \/>\n<strong>Taille du carton<\/strong>: 24 unit\u00e9s<\/p>\n<\/div>\n<\/div>\n<\/div>\n<\/div>\n<\/div>\n<\/div>","protected":false},"featured_media":16701,"template":"","meta":{"_acf_changed":false,"site-sidebar-layout":"default","site-content-layout":"default","ast-site-content-layout":"default","site-content-style":"default","site-sidebar-style":"default","ast-global-header-display":"","ast-banner-title-visibility":"","ast-main-header-display":"","ast-hfb-above-header-display":"","ast-hfb-below-header-display":"","ast-hfb-mobile-header-display":"","site-post-title":"","ast-breadcrumbs-content":"","ast-featured-img":"","footer-sml-layout":"","ast-disable-related-posts":"","theme-transparent-header-meta":"default","adv-header-id-meta":"","stick-header-meta":"","header-above-stick-meta":"","header-main-stick-meta":"","header-below-stick-meta":"","astra-migrate-meta-layouts":"set","ast-page-background-enabled":"default","ast-page-background-meta":{"desktop":{"background-color":"","background-image":"","background-repeat":"repeat","background-position":"center center","background-size":"auto","background-attachment":"scroll","background-type":"","background-media":"","overlay-type":"","overlay-color":"","overlay-opacity":"","overlay-gradient":""},"tablet":{"background-color":"","background-image":"","background-repeat":"repeat","background-position":"center center","background-size":"auto","background-attachment":"scroll","background-type":"","background-media":"","overlay-type":"","overlay-color":"","overlay-opacity":"","overlay-gradient":""},"mobile":{"background-color":"","background-image":"","background-repeat":"repeat","background-position":"center center","background-size":"auto","background-attachment":"scroll","background-type":"","background-media":"","overlay-type":"","overlay-color":"","overlay-opacity":"","overlay-gradient":""}},"ast-content-background-meta":{"desktop":{"background-color":"var(--ast-global-color-5)","background-image":"","background-repeat":"repeat","background-position":"center center","background-size":"auto","background-attachment":"scroll","background-type":"","background-media":"","overlay-type":"","overlay-color":"","overlay-opacity":"","overlay-gradient":""},"tablet":{"background-color":"var(--ast-global-color-5)","background-image":"","background-repeat":"repeat","background-position":"center center","background-size":"auto","background-attachment":"scroll","background-type":"","background-media":"","overlay-type":"","overlay-color":"","overlay-opacity":"","overlay-gradient":""},"mobile":{"background-color":"var(--ast-global-color-5)","background-image":"","background-repeat":"repeat","background-position":"center center","background-size":"auto","background-attachment":"scroll","background-type":"","background-media":"","overlay-type":"","overlay-color":"","overlay-opacity":"","overlay-gradient":""}}},"product_brand":[],"product_cat":[67,1564],"product_tag":[1565,154],"class_list":{"0":"post-16511","1":"product","2":"type-product","3":"status-publish","4":"has-post-thumbnail","6":"product_cat-candlejars","7":"product_cat-cloche-collection","8":"product_tag-cloche","9":"product_tag-pink","10":"desktop-align-left","11":"tablet-align-left","12":"mobile-align-left","13":"ast-product-gallery-layout-horizontal-slider","14":"ast-product-tabs-layout-horizontal","16":"first","17":"outofstock","18":"taxable","19":"shipping-taxable","20":"purchasable","21":"product-type-simple"},"acf":[],"yoast_head":"<title>Cloche Pink Small - Antwerp Luxury Candle Supplies<\/title>\n<meta name=\"robots\" content=\"index, follow, max-snippet:-1, max-image-preview:large, max-video-preview:-1\" \/>\n<link rel=\"canonical\" href=\"https:\/\/luxurycandlesupplies.eu\/fr\/produit\/cloche-rose\/\" \/>\n<meta property=\"og:locale\" content=\"fr_FR\" \/>\n<meta property=\"og:type\" content=\"article\" \/>\n<meta property=\"og:title\" content=\"Cloche Pink Small - Antwerp Luxury Candle Supplies\" \/>\n<meta property=\"og:description\" content=\"&nbsp; SPECIFICATIONS     External Vessel &amp; Cloche Dimensions (with cloche): 78mm\u00d8 x 130mmH External Vessel Dimensions (vessel only): 64mm\u00d8 (top) x 78mm\u00d8 (base) x 78mmH Internal Vessel Dimensions: 64mm\u00d8 x 68mmH Vessel Capacity: 120ml Vessel Weight (including lid): 360g  Suitable Lid: Cloche Dome included. Suitable Packaging:\u00a0N\/A Suggested Wick Size*:\u00a0LCS60,\u00a0LCS65 *Please note, wick sizes are suggestions only. For optimum results, we recommend users conduct their own wick tests with different blends of wax and oils that they intend to use.  Available in single units. Carton size: 24 units\" \/>\n<meta property=\"og:url\" content=\"https:\/\/luxurycandlesupplies.eu\/fr\/produit\/cloche-rose\/\" \/>\n<meta property=\"og:site_name\" content=\"Antwerp Luxury Candle Supplies\" \/>\n<meta property=\"article:publisher\" content=\"https:\/\/www.facebook.com\/Antwerpluxurycandlesupplies\/\" \/>\n<meta property=\"article:modified_time\" content=\"2026-01-08T10:39:05+00:00\" \/>\n<meta property=\"og:image\" content=\"https:\/\/luxurycandlesupplies.eu\/app\/uploads\/2024\/06\/1-5.jpg\" \/>\n\t<meta property=\"og:image:width\" content=\"2100\" \/>\n\t<meta property=\"og:image:height\" content=\"2100\" \/>\n\t<meta property=\"og:image:type\" content=\"image\/jpeg\" \/>\n<meta name=\"twitter:card\" content=\"summary_large_image\" \/>\n<meta name=\"twitter:label1\" content=\"Dur\u00e9e de lecture estim\u00e9e\" \/>\n\t<meta name=\"twitter:data1\" content=\"1 minute\" \/>\n<script type=\"application\/ld+json\" class=\"yoast-schema-graph\">{\"@context\":\"https:\\\/\\\/schema.org\",\"@graph\":[{\"@type\":\"WebPage\",\"@id\":\"https:\\\/\\\/luxurycandlesupplies.eu\\\/product\\\/cloche-pink\\\/\",\"url\":\"https:\\\/\\\/luxurycandlesupplies.eu\\\/product\\\/cloche-pink\\\/\",\"name\":\"Cloche Pink Small - Antwerp Luxury Candle Supplies\",\"isPartOf\":{\"@id\":\"https:\\\/\\\/luxurycandlesupplies.eu\\\/#website\"},\"primaryImageOfPage\":{\"@id\":\"https:\\\/\\\/luxurycandlesupplies.eu\\\/product\\\/cloche-pink\\\/#primaryimage\"},\"image\":{\"@id\":\"https:\\\/\\\/luxurycandlesupplies.eu\\\/product\\\/cloche-pink\\\/#primaryimage\"},\"thumbnailUrl\":\"https:\\\/\\\/luxurycandlesupplies.eu\\\/app\\\/uploads\\\/2024\\\/06\\\/1-5.jpg\",\"datePublished\":\"2024-06-27T12:41:28+00:00\",\"dateModified\":\"2026-01-08T10:39:05+00:00\",\"breadcrumb\":{\"@id\":\"https:\\\/\\\/luxurycandlesupplies.eu\\\/product\\\/cloche-pink\\\/#breadcrumb\"},\"inLanguage\":\"fr-FR\",\"potentialAction\":[{\"@type\":\"ReadAction\",\"target\":[\"https:\\\/\\\/luxurycandlesupplies.eu\\\/product\\\/cloche-pink\\\/\"]}]},{\"@type\":\"ImageObject\",\"inLanguage\":\"fr-FR\",\"@id\":\"https:\\\/\\\/luxurycandlesupplies.eu\\\/product\\\/cloche-pink\\\/#primaryimage\",\"url\":\"https:\\\/\\\/luxurycandlesupplies.eu\\\/app\\\/uploads\\\/2024\\\/06\\\/1-5.jpg\",\"contentUrl\":\"https:\\\/\\\/luxurycandlesupplies.eu\\\/app\\\/uploads\\\/2024\\\/06\\\/1-5.jpg\",\"width\":2100,\"height\":2100},{\"@type\":\"BreadcrumbList\",\"@id\":\"https:\\\/\\\/luxurycandlesupplies.eu\\\/product\\\/cloche-pink\\\/#breadcrumb\",\"itemListElement\":[{\"@type\":\"ListItem\",\"position\":1,\"name\":\"Home\",\"item\":\"https:\\\/\\\/luxurycandlesupplies.eu\\\/\"},{\"@type\":\"ListItem\",\"position\":2,\"name\":\"Shop\",\"item\":\"https:\\\/\\\/luxurycandlesupplies.eu\\\/shop\\\/\"},{\"@type\":\"ListItem\",\"position\":3,\"name\":\"Cloche Pink Small\"}]},{\"@type\":\"WebSite\",\"@id\":\"https:\\\/\\\/luxurycandlesupplies.eu\\\/#website\",\"url\":\"https:\\\/\\\/luxurycandlesupplies.eu\\\/\",\"name\":\"Antwerp Luxury Candle Supplies\",\"description\":\"Distributor of all seasons soy wax\",\"publisher\":{\"@id\":\"https:\\\/\\\/luxurycandlesupplies.eu\\\/#organization\"},\"potentialAction\":[{\"@type\":\"SearchAction\",\"target\":{\"@type\":\"EntryPoint\",\"urlTemplate\":\"https:\\\/\\\/luxurycandlesupplies.eu\\\/?s={search_term_string}\"},\"query-input\":{\"@type\":\"PropertyValueSpecification\",\"valueRequired\":true,\"valueName\":\"search_term_string\"}}],\"inLanguage\":\"fr-FR\"},{\"@type\":\"Organization\",\"@id\":\"https:\\\/\\\/luxurycandlesupplies.eu\\\/#organization\",\"name\":\"Antwerp Luxury Candle Supplies\",\"url\":\"https:\\\/\\\/luxurycandlesupplies.eu\\\/\",\"logo\":{\"@type\":\"ImageObject\",\"inLanguage\":\"fr-FR\",\"@id\":\"https:\\\/\\\/luxurycandlesupplies.eu\\\/#\\\/schema\\\/logo\\\/image\\\/\",\"url\":\"https:\\\/\\\/luxurycandlesupplies.eu\\\/app\\\/uploads\\\/2022\\\/03\\\/antwerp-luxury-candle-supplies-1x.png\",\"contentUrl\":\"https:\\\/\\\/luxurycandlesupplies.eu\\\/app\\\/uploads\\\/2022\\\/03\\\/antwerp-luxury-candle-supplies-1x.png\",\"width\":330,\"height\":60,\"caption\":\"Antwerp Luxury Candle Supplies\"},\"image\":{\"@id\":\"https:\\\/\\\/luxurycandlesupplies.eu\\\/#\\\/schema\\\/logo\\\/image\\\/\"},\"sameAs\":[\"https:\\\/\\\/www.facebook.com\\\/Antwerpluxurycandlesupplies\\\/\",\"https:\\\/\\\/www.instagram.com\\\/antwerp_luxury_candle_supplies\\\/\",\"https:\\\/\\\/pin.it\\\/7joOXRW\"]}]}<\/script>","yoast_head_json":{"title":"Cloche rose petite - Antwerp Luxury Candle Supplies","robots":{"index":"index","follow":"follow","max-snippet":"max-snippet:-1","max-image-preview":"max-image-preview:large","max-video-preview":"max-video-preview:-1"},"canonical":"https:\/\/luxurycandlesupplies.eu\/fr\/produit\/cloche-rose\/","og_locale":"fr_FR","og_type":"article","og_title":"Cloche Pink Small - Antwerp Luxury Candle Supplies","og_description":"&nbsp; SPECIFICATIONS     External Vessel &amp; Cloche Dimensions (with cloche): 78mm\u00d8 x 130mmH External Vessel Dimensions (vessel only): 64mm\u00d8 (top) x 78mm\u00d8 (base) x 78mmH Internal Vessel Dimensions: 64mm\u00d8 x 68mmH Vessel Capacity: 120ml Vessel Weight (including lid): 360g  Suitable Lid: Cloche Dome included. Suitable Packaging:\u00a0N\/A Suggested Wick Size*:\u00a0LCS60,\u00a0LCS65 *Please note, wick sizes are suggestions only. For optimum results, we recommend users conduct their own wick tests with different blends of wax and oils that they intend to use.  Available in single units. Carton size: 24 units","og_url":"https:\/\/luxurycandlesupplies.eu\/fr\/produit\/cloche-rose\/","og_site_name":"Antwerp Luxury Candle Supplies","article_publisher":"https:\/\/www.facebook.com\/Antwerpluxurycandlesupplies\/","article_modified_time":"2026-01-08T10:39:05+00:00","og_image":[{"width":2100,"height":2100,"url":"https:\/\/luxurycandlesupplies.eu\/app\/uploads\/2024\/06\/1-5.jpg","type":"image\/jpeg"}],"twitter_card":"summary_large_image","twitter_misc":{"Dur\u00e9e de lecture estim\u00e9e":"1 minute"},"schema":{"@context":"https:\/\/schema.org","@graph":[{"@type":"WebPage","@id":"https:\/\/luxurycandlesupplies.eu\/product\/cloche-pink\/","url":"https:\/\/luxurycandlesupplies.eu\/product\/cloche-pink\/","name":"Cloche rose petite - Antwerp Luxury Candle Supplies","isPartOf":{"@id":"https:\/\/luxurycandlesupplies.eu\/#website"},"primaryImageOfPage":{"@id":"https:\/\/luxurycandlesupplies.eu\/product\/cloche-pink\/#primaryimage"},"image":{"@id":"https:\/\/luxurycandlesupplies.eu\/product\/cloche-pink\/#primaryimage"},"thumbnailUrl":"https:\/\/luxurycandlesupplies.eu\/app\/uploads\/2024\/06\/1-5.jpg","datePublished":"2024-06-27T12:41:28+00:00","dateModified":"2026-01-08T10:39:05+00:00","breadcrumb":{"@id":"https:\/\/luxurycandlesupplies.eu\/product\/cloche-pink\/#breadcrumb"},"inLanguage":"fr-FR","potentialAction":[{"@type":"ReadAction","target":["https:\/\/luxurycandlesupplies.eu\/product\/cloche-pink\/"]}]},{"@type":"ImageObject","inLanguage":"fr-FR","@id":"https:\/\/luxurycandlesupplies.eu\/product\/cloche-pink\/#primaryimage","url":"https:\/\/luxurycandlesupplies.eu\/app\/uploads\/2024\/06\/1-5.jpg","contentUrl":"https:\/\/luxurycandlesupplies.eu\/app\/uploads\/2024\/06\/1-5.jpg","width":2100,"height":2100},{"@type":"BreadcrumbList","@id":"https:\/\/luxurycandlesupplies.eu\/product\/cloche-pink\/#breadcrumb","itemListElement":[{"@type":"ListItem","position":1,"name":"Home","item":"https:\/\/luxurycandlesupplies.eu\/"},{"@type":"ListItem","position":2,"name":"Shop","item":"https:\/\/luxurycandlesupplies.eu\/shop\/"},{"@type":"ListItem","position":3,"name":"Cloche Pink Small"}]},{"@type":"WebSite","@id":"https:\/\/luxurycandlesupplies.eu\/#website","url":"https:\/\/luxurycandlesupplies.eu\/","name":"Anvers Fournitures de bougies de luxe","description":"Distributeur de cire de soja toutes saisons","publisher":{"@id":"https:\/\/luxurycandlesupplies.eu\/#organization"},"potentialAction":[{"@type":"SearchAction","target":{"@type":"EntryPoint","urlTemplate":"https:\/\/luxurycandlesupplies.eu\/?s={search_term_string}"},"query-input":{"@type":"PropertyValueSpecification","valueRequired":true,"valueName":"search_term_string"}}],"inLanguage":"fr-FR"},{"@type":"Organization","@id":"https:\/\/luxurycandlesupplies.eu\/#organization","name":"Anvers Fournitures de bougies de luxe","url":"https:\/\/luxurycandlesupplies.eu\/","logo":{"@type":"ImageObject","inLanguage":"fr-FR","@id":"https:\/\/luxurycandlesupplies.eu\/#\/schema\/logo\/image\/","url":"https:\/\/luxurycandlesupplies.eu\/app\/uploads\/2022\/03\/antwerp-luxury-candle-supplies-1x.png","contentUrl":"https:\/\/luxurycandlesupplies.eu\/app\/uploads\/2022\/03\/antwerp-luxury-candle-supplies-1x.png","width":330,"height":60,"caption":"Antwerp Luxury Candle Supplies"},"image":{"@id":"https:\/\/luxurycandlesupplies.eu\/#\/schema\/logo\/image\/"},"sameAs":["https:\/\/www.facebook.com\/Antwerpluxurycandlesupplies\/","https:\/\/www.instagram.com\/antwerp_luxury_candle_supplies\/","https:\/\/pin.it\/7joOXRW"]}]}},"_links":{"self":[{"href":"https:\/\/luxurycandlesupplies.eu\/fr\/wp-json\/wp\/v2\/product\/16511","targetHints":{"allow":["GET"]}}],"collection":[{"href":"https:\/\/luxurycandlesupplies.eu\/fr\/wp-json\/wp\/v2\/product"}],"about":[{"href":"https:\/\/luxurycandlesupplies.eu\/fr\/wp-json\/wp\/v2\/types\/product"}],"wp:featuredmedia":[{"embeddable":true,"href":"https:\/\/luxurycandlesupplies.eu\/fr\/wp-json\/wp\/v2\/media\/16701"}],"wp:attachment":[{"href":"https:\/\/luxurycandlesupplies.eu\/fr\/wp-json\/wp\/v2\/media?parent=16511"}],"wp:term":[{"taxonomy":"product_brand","embeddable":true,"href":"https:\/\/luxurycandlesupplies.eu\/fr\/wp-json\/wp\/v2\/product_brand?post=16511"},{"taxonomy":"product_cat","embeddable":true,"href":"https:\/\/luxurycandlesupplies.eu\/fr\/wp-json\/wp\/v2\/product_cat?post=16511"},{"taxonomy":"product_tag","embeddable":true,"href":"https:\/\/luxurycandlesupplies.eu\/fr\/wp-json\/wp\/v2\/product_tag?post=16511"}],"curies":[{"name":"wp","href":"https:\/\/api.w.org\/{rel}","templated":true}]}}