{"id":17566,"date":"2024-08-29T17:25:25","date_gmt":"2024-08-29T15:25:25","guid":{"rendered":"https:\/\/luxurycandlesupplies.eu\/?post_type=product&#038;p=17566"},"modified":"2026-04-23T10:50:08","modified_gmt":"2026-04-23T08:50:08","slug":"boule-de-noel-blanche","status":"publish","type":"product","link":"https:\/\/luxurycandlesupplies.eu\/fr\/product\/christmas-bauble-white\/","title":{"rendered":"Boule de No\u00ebl blanche"},"content":{"rendered":"<h2>Description<\/h2>\n<hr \/>\n<div><\/div>\n<p>Cet \u00e9l\u00e9gant photophore en deux parties, en forme de boule de No\u00ebl avec un \u00e9l\u00e9gant rev\u00eatement int\u00e9rieur en argent \u00e9lectroplaqu\u00e9, est dot\u00e9 d'un couvercle amovible et d'une base solide, ce qui en fait un objet parfait pour remplir de senteurs de vacances et un cadeau ou une pi\u00e8ce d\u00e9corative remarquable pour les f\u00eates de fin d'ann\u00e9e.<\/p>\n<p>Les verres LCS sont test\u00e9s \u00e0 la bougie lors de la phase de production. Cela signifie qu'ils ont une meilleure adh\u00e9rence \u00e0 la cire que les autres cires disponibles sur le march\u00e9.<\/p>\n<p>Ne passe pas au lave-vaisselle, nous recommandons d'utiliser un chiffon humide pour essuyer l'exc\u00e8s de poussi\u00e8re \u00e0 l'int\u00e9rieur seulement.<\/p>\n<p>&nbsp;<\/p>\n<h3>CARACT\u00c9RISTIQUES TECHNIQUES<\/h3>\n<hr \/>\n<div><\/div>\n<p><strong>Dimensions ext\u00e9rieures (avec couvercle)<\/strong>: 110mm\u00d8 x 130mmH<br \/>\n<strong>Dimensions externes (base uniquement)<\/strong>: 110mm\u00d8 x 52mmH<br \/>\n<strong>Dimensions int\u00e9rieures<\/strong>: 90mm\u00d8 x 45mmH<br \/>\n<strong>Capacit\u00e9 du navire<\/strong>: 230ml<br \/>\n<strong>Capacit\u00e9 de remplissage sugg\u00e9r\u00e9e<\/strong>: Environ 178g<br \/>\n<strong>Poids du navire<\/strong>: 470g<\/p>\n<p><strong>Taille de m\u00e8che sugg\u00e9r\u00e9e*<\/strong>:\u00a0<a href=\"https:\/\/luxurycandlesupplies.eu\/fr\/produit\/meches-de-lcs-85\/\" target=\"_blank\" rel=\"noopener\">LCS85<\/a>,\u00a0<a href=\"https:\/\/luxurycandlesupplies.eu\/fr\/produit\/meches-de-lcs-90\/\" target=\"_blank\" rel=\"noopener\">LCS90<\/a><br \/>\n*Nous recommandons aux utilisateurs d'effectuer leurs propres tests de m\u00e8che avec les diff\u00e9rents m\u00e9langes de cire et d'huile qu'ils ont l'intention d'utiliser.<\/p>\n<p>Disponible en unit\u00e9s individuelles.<strong><br \/>\nTaille du carton<\/strong>: 24 unit\u00e9s<\/p>\n<p>IMPORTANT ! Veuillez noter que la photo du produit peut diff\u00e9rer de l'article r\u00e9el en termes de couleur en raison de l'\u00e9clairage et\/ou de la fabrication.<\/p>\n<p>&nbsp;<\/p>","protected":false},"excerpt":{"rendered":"<h2>Description<\/h2>\n<hr \/>\n<div><\/div>\n<p>Cet \u00e9l\u00e9gant photophore en deux parties, en forme de boule de No\u00ebl avec un \u00e9l\u00e9gant rev\u00eatement int\u00e9rieur en argent \u00e9lectroplaqu\u00e9, est dot\u00e9 d'un couvercle amovible et d'une base solide, ce qui en fait un objet parfait pour remplir de senteurs de vacances et un cadeau ou une pi\u00e8ce d\u00e9corative remarquable pour les f\u00eates de fin d'ann\u00e9e.<\/p>\n<p>Les verres LCS sont test\u00e9s \u00e0 la bougie lors de la phase de production. Cela signifie qu'ils ont une meilleure adh\u00e9rence \u00e0 la cire que les autres cires disponibles sur le march\u00e9.<\/p>\n<p>Ne passe pas au lave-vaisselle, nous recommandons d'utiliser un chiffon humide pour essuyer l'exc\u00e8s de poussi\u00e8re \u00e0 l'int\u00e9rieur seulement.<\/p>\n<p>&nbsp;<\/p>\n<h3>CARACT\u00c9RISTIQUES TECHNIQUES<\/h3>\n<hr \/>\n<div><\/div>\n<p><strong>Dimensions ext\u00e9rieures (avec couvercle)<\/strong>: 110mm\u00d8 x 130mmH<br \/>\n<strong>Dimensions externes (base uniquement)<\/strong>: 110mm\u00d8 x 52mmH<br \/>\n<strong>Dimensions int\u00e9rieures<\/strong>: 90mm\u00d8 x 45mmH<br \/>\n<strong>Capacit\u00e9 du navire<\/strong>: 230g<br \/>\n<strong>Capacit\u00e9 de remplissage sugg\u00e9r\u00e9e<\/strong>: Environ 178g<br \/>\n<strong>Poids du navire<\/strong>: 470g<\/p>\n<p><strong>Taille de m\u00e8che sugg\u00e9r\u00e9e*<\/strong>:\u00a0<a href=\"https:\/\/luxurycandlesupplies.eu\/fr\/produit\/meches-de-lcs-85\/\" target=\"_blank\" rel=\"noopener\">LCS85<\/a>,\u00a0<a href=\"https:\/\/luxurycandlesupplies.eu\/fr\/produit\/meches-de-lcs-90\/\" target=\"_blank\" rel=\"noopener\">LCS90<\/a><br \/>\n*Nous recommandons aux utilisateurs d'effectuer leurs propres tests de m\u00e8che avec les diff\u00e9rents m\u00e9langes de cire et d'huile qu'ils ont l'intention d'utiliser.<\/p>\n<p>Disponible en unit\u00e9s individuelles.<strong><br \/>\nTaille du carton<\/strong>: 24 unit\u00e9s<\/p>\n<p>IMPORTANT ! Veuillez noter que la photo du produit peut diff\u00e9rer de l'article r\u00e9el en termes de couleur en raison de l'\u00e9clairage et\/ou de la fabrication.<\/p>\n<p>&nbsp;<\/p>","protected":false},"featured_media":22477,"template":"","meta":{"_acf_changed":false,"site-sidebar-layout":"default","site-content-layout":"default","ast-site-content-layout":"default","site-content-style":"default","site-sidebar-style":"default","ast-global-header-display":"","ast-banner-title-visibility":"","ast-main-header-display":"","ast-hfb-above-header-display":"","ast-hfb-below-header-display":"","ast-hfb-mobile-header-display":"","site-post-title":"","ast-breadcrumbs-content":"","ast-featured-img":"","footer-sml-layout":"","ast-disable-related-posts":"","theme-transparent-header-meta":"default","adv-header-id-meta":"","stick-header-meta":"","header-above-stick-meta":"","header-main-stick-meta":"","header-below-stick-meta":"","astra-migrate-meta-layouts":"set","ast-page-background-enabled":"default","ast-page-background-meta":{"desktop":{"background-color":"","background-image":"","background-repeat":"repeat","background-position":"center center","background-size":"auto","background-attachment":"scroll","background-type":"","background-media":"","overlay-type":"","overlay-color":"","overlay-opacity":"","overlay-gradient":""},"tablet":{"background-color":"","background-image":"","background-repeat":"repeat","background-position":"center center","background-size":"auto","background-attachment":"scroll","background-type":"","background-media":"","overlay-type":"","overlay-color":"","overlay-opacity":"","overlay-gradient":""},"mobile":{"background-color":"","background-image":"","background-repeat":"repeat","background-position":"center center","background-size":"auto","background-attachment":"scroll","background-type":"","background-media":"","overlay-type":"","overlay-color":"","overlay-opacity":"","overlay-gradient":""}},"ast-content-background-meta":{"desktop":{"background-color":"var(--ast-global-color-5)","background-image":"","background-repeat":"repeat","background-position":"center center","background-size":"auto","background-attachment":"scroll","background-type":"","background-media":"","overlay-type":"","overlay-color":"","overlay-opacity":"","overlay-gradient":""},"tablet":{"background-color":"var(--ast-global-color-5)","background-image":"","background-repeat":"repeat","background-position":"center center","background-size":"auto","background-attachment":"scroll","background-type":"","background-media":"","overlay-type":"","overlay-color":"","overlay-opacity":"","overlay-gradient":""},"mobile":{"background-color":"var(--ast-global-color-5)","background-image":"","background-repeat":"repeat","background-position":"center center","background-size":"auto","background-attachment":"scroll","background-type":"","background-media":"","overlay-type":"","overlay-color":"","overlay-opacity":"","overlay-gradient":""}}},"product_brand":[],"product_cat":[67,1596],"product_tag":[1597,59,191],"class_list":{"0":"post-17566","1":"product","2":"type-product","3":"status-publish","4":"has-post-thumbnail","6":"product_cat-candlejars","7":"product_cat-christmas-bauble","8":"product_tag-bauble","9":"product_tag-christmas","10":"product_tag-white","11":"desktop-align-left","12":"tablet-align-left","13":"mobile-align-left","14":"ast-product-gallery-layout-horizontal-slider","15":"ast-product-tabs-layout-horizontal","17":"first","18":"outofstock","19":"taxable","20":"shipping-taxable","21":"purchasable","22":"product-type-simple"},"acf":[],"yoast_head":"<title>Christmas Bauble White - Antwerp Luxury Candle Supplies<\/title>\n<meta name=\"robots\" content=\"index, follow, max-snippet:-1, max-image-preview:large, max-video-preview:-1\" \/>\n<link rel=\"canonical\" href=\"https:\/\/luxurycandlesupplies.eu\/fr\/produit\/boule-de-noel-blanche\/\" \/>\n<meta property=\"og:locale\" content=\"fr_FR\" \/>\n<meta property=\"og:type\" content=\"article\" \/>\n<meta property=\"og:title\" content=\"Christmas Bauble White - Antwerp Luxury Candle Supplies\" \/>\n<meta property=\"og:description\" content=\"Description     This elegant two-piece candle vessel, shaped like a Christmas bauble with a sleek electroplated silver inner lining, features a removable lid and sturdy base, making it perfect for filling with holiday scents and a standout gift or decorative piece for the festive season.  LCS Glassware are \u2018candle-tested\u2019 in the production phase. This means they\u2019ll have enhanced wax adhesion that other waxes on the market.  Not dishwasher safe, we recommend a damp cloth to wipe any excess dust from the inside only.  &nbsp; SPECIFICATIONS     External Dimensions (with lid): 110mm\u00d8 x 130mmH External Dimensions (base only): 110mm\u00d8 x 52mmH Inner Dimensions: 90mm\u00d8 x 45mmH Vessel capacity: 230g Suggested Fill Capacity: Approx. 178g Vessel weight: 470g  Suggested wick size*:\u00a0LCS85,\u00a0LCS90 *Please note, we recommend users conduct their own wick tests with different blends of wax and oil that they intend to use.  Available in single units. Carton size: 24 units  IMPORTANT! Please note, product photo may differ from actual item in terms of colour due to lighting and\/or manufacturing.  &nbsp;\" \/>\n<meta property=\"og:url\" content=\"https:\/\/luxurycandlesupplies.eu\/fr\/produit\/boule-de-noel-blanche\/\" \/>\n<meta property=\"og:site_name\" content=\"Antwerp Luxury Candle Supplies\" \/>\n<meta property=\"article:publisher\" content=\"https:\/\/www.facebook.com\/Antwerpluxurycandlesupplies\/\" \/>\n<meta property=\"article:modified_time\" content=\"2026-04-23T08:50:08+00:00\" \/>\n<meta property=\"og:image\" content=\"https:\/\/luxurycandlesupplies.eu\/app\/uploads\/2024\/08\/Luxury-Candle-supplies-57-web.jpg\" \/>\n\t<meta property=\"og:image:width\" content=\"2000\" \/>\n\t<meta property=\"og:image:height\" content=\"2000\" \/>\n\t<meta property=\"og:image:type\" content=\"image\/jpeg\" \/>\n<meta name=\"twitter:card\" content=\"summary_large_image\" \/>\n<meta name=\"twitter:label1\" content=\"Dur\u00e9e de lecture estim\u00e9e\" \/>\n\t<meta name=\"twitter:data1\" content=\"1 minute\" \/>\n<script type=\"application\/ld+json\" class=\"yoast-schema-graph\">{\"@context\":\"https:\\\/\\\/schema.org\",\"@graph\":[{\"@type\":\"WebPage\",\"@id\":\"https:\\\/\\\/luxurycandlesupplies.eu\\\/product\\\/christmas-bauble-white\\\/\",\"url\":\"https:\\\/\\\/luxurycandlesupplies.eu\\\/product\\\/christmas-bauble-white\\\/\",\"name\":\"Christmas Bauble White - Antwerp Luxury Candle Supplies\",\"isPartOf\":{\"@id\":\"https:\\\/\\\/luxurycandlesupplies.eu\\\/#website\"},\"primaryImageOfPage\":{\"@id\":\"https:\\\/\\\/luxurycandlesupplies.eu\\\/product\\\/christmas-bauble-white\\\/#primaryimage\"},\"image\":{\"@id\":\"https:\\\/\\\/luxurycandlesupplies.eu\\\/product\\\/christmas-bauble-white\\\/#primaryimage\"},\"thumbnailUrl\":\"https:\\\/\\\/luxurycandlesupplies.eu\\\/app\\\/uploads\\\/2024\\\/08\\\/Luxury-Candle-supplies-57-web.jpg\",\"datePublished\":\"2024-08-29T15:25:25+00:00\",\"dateModified\":\"2026-04-23T08:50:08+00:00\",\"breadcrumb\":{\"@id\":\"https:\\\/\\\/luxurycandlesupplies.eu\\\/product\\\/christmas-bauble-white\\\/#breadcrumb\"},\"inLanguage\":\"fr-FR\",\"potentialAction\":[{\"@type\":\"ReadAction\",\"target\":[\"https:\\\/\\\/luxurycandlesupplies.eu\\\/product\\\/christmas-bauble-white\\\/\"]}]},{\"@type\":\"ImageObject\",\"inLanguage\":\"fr-FR\",\"@id\":\"https:\\\/\\\/luxurycandlesupplies.eu\\\/product\\\/christmas-bauble-white\\\/#primaryimage\",\"url\":\"https:\\\/\\\/luxurycandlesupplies.eu\\\/app\\\/uploads\\\/2024\\\/08\\\/Luxury-Candle-supplies-57-web.jpg\",\"contentUrl\":\"https:\\\/\\\/luxurycandlesupplies.eu\\\/app\\\/uploads\\\/2024\\\/08\\\/Luxury-Candle-supplies-57-web.jpg\",\"width\":2000,\"height\":2000},{\"@type\":\"BreadcrumbList\",\"@id\":\"https:\\\/\\\/luxurycandlesupplies.eu\\\/product\\\/christmas-bauble-white\\\/#breadcrumb\",\"itemListElement\":[{\"@type\":\"ListItem\",\"position\":1,\"name\":\"Home\",\"item\":\"https:\\\/\\\/luxurycandlesupplies.eu\\\/\"},{\"@type\":\"ListItem\",\"position\":2,\"name\":\"Shop\",\"item\":\"https:\\\/\\\/luxurycandlesupplies.eu\\\/shop\\\/\"},{\"@type\":\"ListItem\",\"position\":3,\"name\":\"Christmas Bauble White\"}]},{\"@type\":\"WebSite\",\"@id\":\"https:\\\/\\\/luxurycandlesupplies.eu\\\/#website\",\"url\":\"https:\\\/\\\/luxurycandlesupplies.eu\\\/\",\"name\":\"Antwerp Luxury Candle Supplies\",\"description\":\"Distributor of all seasons soy wax\",\"publisher\":{\"@id\":\"https:\\\/\\\/luxurycandlesupplies.eu\\\/#organization\"},\"potentialAction\":[{\"@type\":\"SearchAction\",\"target\":{\"@type\":\"EntryPoint\",\"urlTemplate\":\"https:\\\/\\\/luxurycandlesupplies.eu\\\/?s={search_term_string}\"},\"query-input\":{\"@type\":\"PropertyValueSpecification\",\"valueRequired\":true,\"valueName\":\"search_term_string\"}}],\"inLanguage\":\"fr-FR\"},{\"@type\":\"Organization\",\"@id\":\"https:\\\/\\\/luxurycandlesupplies.eu\\\/#organization\",\"name\":\"Antwerp Luxury Candle Supplies\",\"url\":\"https:\\\/\\\/luxurycandlesupplies.eu\\\/\",\"logo\":{\"@type\":\"ImageObject\",\"inLanguage\":\"fr-FR\",\"@id\":\"https:\\\/\\\/luxurycandlesupplies.eu\\\/#\\\/schema\\\/logo\\\/image\\\/\",\"url\":\"https:\\\/\\\/luxurycandlesupplies.eu\\\/app\\\/uploads\\\/2022\\\/03\\\/antwerp-luxury-candle-supplies-1x.png\",\"contentUrl\":\"https:\\\/\\\/luxurycandlesupplies.eu\\\/app\\\/uploads\\\/2022\\\/03\\\/antwerp-luxury-candle-supplies-1x.png\",\"width\":330,\"height\":60,\"caption\":\"Antwerp Luxury Candle Supplies\"},\"image\":{\"@id\":\"https:\\\/\\\/luxurycandlesupplies.eu\\\/#\\\/schema\\\/logo\\\/image\\\/\"},\"sameAs\":[\"https:\\\/\\\/www.facebook.com\\\/Antwerpluxurycandlesupplies\\\/\",\"https:\\\/\\\/www.instagram.com\\\/antwerp_luxury_candle_supplies\\\/\",\"https:\\\/\\\/pin.it\\\/7joOXRW\"]}]}<\/script>","yoast_head_json":{"title":"Boules de No\u00ebl blanches - Antwerp Luxury Candle Supplies","robots":{"index":"index","follow":"follow","max-snippet":"max-snippet:-1","max-image-preview":"max-image-preview:large","max-video-preview":"max-video-preview:-1"},"canonical":"https:\/\/luxurycandlesupplies.eu\/fr\/produit\/boule-de-noel-blanche\/","og_locale":"fr_FR","og_type":"article","og_title":"Christmas Bauble White - Antwerp Luxury Candle Supplies","og_description":"Description     This elegant two-piece candle vessel, shaped like a Christmas bauble with a sleek electroplated silver inner lining, features a removable lid and sturdy base, making it perfect for filling with holiday scents and a standout gift or decorative piece for the festive season.  LCS Glassware are \u2018candle-tested\u2019 in the production phase. This means they\u2019ll have enhanced wax adhesion that other waxes on the market.  Not dishwasher safe, we recommend a damp cloth to wipe any excess dust from the inside only.  &nbsp; SPECIFICATIONS     External Dimensions (with lid): 110mm\u00d8 x 130mmH External Dimensions (base only): 110mm\u00d8 x 52mmH Inner Dimensions: 90mm\u00d8 x 45mmH Vessel capacity: 230g Suggested Fill Capacity: Approx. 178g Vessel weight: 470g  Suggested wick size*:\u00a0LCS85,\u00a0LCS90 *Please note, we recommend users conduct their own wick tests with different blends of wax and oil that they intend to use.  Available in single units. Carton size: 24 units  IMPORTANT! Please note, product photo may differ from actual item in terms of colour due to lighting and\/or manufacturing.  &nbsp;","og_url":"https:\/\/luxurycandlesupplies.eu\/fr\/produit\/boule-de-noel-blanche\/","og_site_name":"Antwerp Luxury Candle Supplies","article_publisher":"https:\/\/www.facebook.com\/Antwerpluxurycandlesupplies\/","article_modified_time":"2026-04-23T08:50:08+00:00","og_image":[{"width":2000,"height":2000,"url":"https:\/\/luxurycandlesupplies.eu\/app\/uploads\/2024\/08\/Luxury-Candle-supplies-57-web.jpg","type":"image\/jpeg"}],"twitter_card":"summary_large_image","twitter_misc":{"Dur\u00e9e de lecture estim\u00e9e":"1 minute"},"schema":{"@context":"https:\/\/schema.org","@graph":[{"@type":"WebPage","@id":"https:\/\/luxurycandlesupplies.eu\/product\/christmas-bauble-white\/","url":"https:\/\/luxurycandlesupplies.eu\/product\/christmas-bauble-white\/","name":"Boules de No\u00ebl blanches - Antwerp Luxury Candle Supplies","isPartOf":{"@id":"https:\/\/luxurycandlesupplies.eu\/#website"},"primaryImageOfPage":{"@id":"https:\/\/luxurycandlesupplies.eu\/product\/christmas-bauble-white\/#primaryimage"},"image":{"@id":"https:\/\/luxurycandlesupplies.eu\/product\/christmas-bauble-white\/#primaryimage"},"thumbnailUrl":"https:\/\/luxurycandlesupplies.eu\/app\/uploads\/2024\/08\/Luxury-Candle-supplies-57-web.jpg","datePublished":"2024-08-29T15:25:25+00:00","dateModified":"2026-04-23T08:50:08+00:00","breadcrumb":{"@id":"https:\/\/luxurycandlesupplies.eu\/product\/christmas-bauble-white\/#breadcrumb"},"inLanguage":"fr-FR","potentialAction":[{"@type":"ReadAction","target":["https:\/\/luxurycandlesupplies.eu\/product\/christmas-bauble-white\/"]}]},{"@type":"ImageObject","inLanguage":"fr-FR","@id":"https:\/\/luxurycandlesupplies.eu\/product\/christmas-bauble-white\/#primaryimage","url":"https:\/\/luxurycandlesupplies.eu\/app\/uploads\/2024\/08\/Luxury-Candle-supplies-57-web.jpg","contentUrl":"https:\/\/luxurycandlesupplies.eu\/app\/uploads\/2024\/08\/Luxury-Candle-supplies-57-web.jpg","width":2000,"height":2000},{"@type":"BreadcrumbList","@id":"https:\/\/luxurycandlesupplies.eu\/product\/christmas-bauble-white\/#breadcrumb","itemListElement":[{"@type":"ListItem","position":1,"name":"Home","item":"https:\/\/luxurycandlesupplies.eu\/"},{"@type":"ListItem","position":2,"name":"Shop","item":"https:\/\/luxurycandlesupplies.eu\/shop\/"},{"@type":"ListItem","position":3,"name":"Christmas Bauble White"}]},{"@type":"WebSite","@id":"https:\/\/luxurycandlesupplies.eu\/#website","url":"https:\/\/luxurycandlesupplies.eu\/","name":"Anvers Fournitures de bougies de luxe","description":"Distributeur de cire de soja toutes saisons","publisher":{"@id":"https:\/\/luxurycandlesupplies.eu\/#organization"},"potentialAction":[{"@type":"SearchAction","target":{"@type":"EntryPoint","urlTemplate":"https:\/\/luxurycandlesupplies.eu\/?s={search_term_string}"},"query-input":{"@type":"PropertyValueSpecification","valueRequired":true,"valueName":"search_term_string"}}],"inLanguage":"fr-FR"},{"@type":"Organization","@id":"https:\/\/luxurycandlesupplies.eu\/#organization","name":"Anvers Fournitures de bougies de luxe","url":"https:\/\/luxurycandlesupplies.eu\/","logo":{"@type":"ImageObject","inLanguage":"fr-FR","@id":"https:\/\/luxurycandlesupplies.eu\/#\/schema\/logo\/image\/","url":"https:\/\/luxurycandlesupplies.eu\/app\/uploads\/2022\/03\/antwerp-luxury-candle-supplies-1x.png","contentUrl":"https:\/\/luxurycandlesupplies.eu\/app\/uploads\/2022\/03\/antwerp-luxury-candle-supplies-1x.png","width":330,"height":60,"caption":"Antwerp Luxury Candle Supplies"},"image":{"@id":"https:\/\/luxurycandlesupplies.eu\/#\/schema\/logo\/image\/"},"sameAs":["https:\/\/www.facebook.com\/Antwerpluxurycandlesupplies\/","https:\/\/www.instagram.com\/antwerp_luxury_candle_supplies\/","https:\/\/pin.it\/7joOXRW"]}]}},"_links":{"self":[{"href":"https:\/\/luxurycandlesupplies.eu\/fr\/wp-json\/wp\/v2\/product\/17566","targetHints":{"allow":["GET"]}}],"collection":[{"href":"https:\/\/luxurycandlesupplies.eu\/fr\/wp-json\/wp\/v2\/product"}],"about":[{"href":"https:\/\/luxurycandlesupplies.eu\/fr\/wp-json\/wp\/v2\/types\/product"}],"wp:featuredmedia":[{"embeddable":true,"href":"https:\/\/luxurycandlesupplies.eu\/fr\/wp-json\/wp\/v2\/media\/22477"}],"wp:attachment":[{"href":"https:\/\/luxurycandlesupplies.eu\/fr\/wp-json\/wp\/v2\/media?parent=17566"}],"wp:term":[{"taxonomy":"product_brand","embeddable":true,"href":"https:\/\/luxurycandlesupplies.eu\/fr\/wp-json\/wp\/v2\/product_brand?post=17566"},{"taxonomy":"product_cat","embeddable":true,"href":"https:\/\/luxurycandlesupplies.eu\/fr\/wp-json\/wp\/v2\/product_cat?post=17566"},{"taxonomy":"product_tag","embeddable":true,"href":"https:\/\/luxurycandlesupplies.eu\/fr\/wp-json\/wp\/v2\/product_tag?post=17566"}],"curies":[{"name":"wp","href":"https:\/\/api.w.org\/{rel}","templated":true}]}}