{"id":17821,"date":"2024-09-20T14:40:41","date_gmt":"2024-09-20T12:40:41","guid":{"rendered":"https:\/\/luxurycandlesupplies.eu\/?post_type=product&#038;p=17821"},"modified":"2026-05-14T05:34:30","modified_gmt":"2026-05-14T03:34:30","slug":"sauvage","status":"publish","type":"product","link":"https:\/\/luxurycandlesupplies.eu\/fr\/product\/sauvage\/","title":{"rendered":"Sauvage - Exemption UFI <10%"},"content":{"rendered":"<h3>DESCRIPTION<\/h3>\n<p>&nbsp;<\/p>\n<h3><em><strong>Sauvage<\/strong><\/em><\/h3>\n<p>&nbsp;<\/p>\n<p>Ce parfum est inspir\u00e9 du luxueux Sauvage de Christian Dior.<\/p>\n<p>D\u00e9couvrez un parfum audacieux et robuste qui capture l'essence de la nature \u00e0 l'\u00e9tat brut. Il s'ouvre sur une explosion de bergamote fra\u00eeche, revigorant les sens avec sa luminosit\u00e9 croustillante et citronn\u00e9e. En son c\u0153ur, le poivre de Sichuan \u00e9pic\u00e9 et la chaleur de l'Ambroxan apportent une profondeur ardente et masculine. Le parfum est soutenu par des notes de fond terreuses de bois et de musc, cr\u00e9ant un parfum puissant et durable. Sauvage est parfait pour l'homme moderne qui incarne la force, la libert\u00e9 et la sophistication.<\/p>\n<p>&nbsp;<\/p>\n<p>Notes de t\u00eate :  Pamplemousse, bergamote, poivre noir, poivre rose, citronnelle.<\/p>\n<p>Notes de c\u0153ur : Lavande, g\u00e9ranium, sauge<\/p>\n<p>Notes de fond : C\u00e8dre, Patchouli, Ambre Musk, Labdanum<\/p>\n<p>&nbsp;<\/p>\n<h3>NOTRE RECOMMANDATION<\/h3>\n<hr \/>\n<div>\n<p>L'utilisation des huiles de parfum d\u00e9pend du produit que vous cr\u00e9ez. Veuillez vous r\u00e9f\u00e9rer au guide ci-dessous pour obtenir des suggestions de ratios adapt\u00e9s \u00e0 votre produit.<\/p>\n<p>Veuillez noter que les valeurs ci-dessous ne sont que des suggestions. Nous recommandons aux utilisateurs de proc\u00e9der \u00e0 leurs propres essais avec les m\u00e9langes de cire et d'huile pr\u00e9vus pour obtenir des r\u00e9sultats optimaux.<\/p>\n<p>Bougies : 6-10%, sans UFI max 10%<br \/>\nWaxmelts : 10-12%<\/p>\n<p>&nbsp;<\/p>\n<\/div>\n<h2>INFORMATIONS SUR LES CLP ET LES SDS<\/h2>\n<hr \/>\n<p><a href=\"https:\/\/luxurycandlesupplies.eu\/app\/uploads\/2024\/09\/Sauvage-SDS-5.pdf\">Sauvage SDS 5%<\/a><\/p>\n<p><a href=\"https:\/\/luxurycandlesupplies.eu\/app\/uploads\/2024\/09\/Sauvage-SDS-10.pdf\">Sauvage SDS 10%<\/a><\/p>\n<p><a href=\"https:\/\/luxurycandlesupplies.eu\/app\/uploads\/2024\/09\/Sauvage-SDS-100.pdf\">Sauvage SDS 100%<\/a><\/p>\n<p><a href=\"https:\/\/luxurycandlesupplies.eu\/app\/uploads\/2024\/09\/CLP-label-_-Sauvage_-candle-10_Free-of-UFI-1.pdf\">Label CLP _ Bougie Sauvage_ 10%_Free of UFI<\/a><\/p>\n<p>&nbsp;<\/p>\n<p>UFI : DRA0-D0UD-V00H-HG5N<\/p>\n<p><img decoding=\"async\" class=\"alignnone wp-image-23488\" src=\"https:\/\/luxurycandlesupplies.eu\/app\/uploads\/2025\/07\/Danger-3-300x300.png\" alt=\"\" width=\"124\" height=\"124\" srcset=\"https:\/\/luxurycandlesupplies.eu\/app\/uploads\/2025\/07\/Danger-3-300x300.png 300w, https:\/\/luxurycandlesupplies.eu\/app\/uploads\/2025\/07\/Danger-3-1024x1024.png 1024w, https:\/\/luxurycandlesupplies.eu\/app\/uploads\/2025\/07\/Danger-3-150x150.png 150w, https:\/\/luxurycandlesupplies.eu\/app\/uploads\/2025\/07\/Danger-3-768x768.png 768w, https:\/\/luxurycandlesupplies.eu\/app\/uploads\/2025\/07\/Danger-3-12x12.png 12w, https:\/\/luxurycandlesupplies.eu\/app\/uploads\/2025\/07\/Danger-3-600x600.png 600w, https:\/\/luxurycandlesupplies.eu\/app\/uploads\/2025\/07\/Danger-3-100x100.png 100w, https:\/\/luxurycandlesupplies.eu\/app\/uploads\/2025\/07\/Danger-3.png 1080w\" sizes=\"(max-width: 124px) 100vw, 124px\" \/> <img decoding=\"async\" class=\"alignnone wp-image-23489\" src=\"https:\/\/luxurycandlesupplies.eu\/app\/uploads\/2025\/07\/Danger-4-300x300.png\" alt=\"\" width=\"124\" height=\"124\" srcset=\"https:\/\/luxurycandlesupplies.eu\/app\/uploads\/2025\/07\/Danger-4-300x300.png 300w, https:\/\/luxurycandlesupplies.eu\/app\/uploads\/2025\/07\/Danger-4-1024x1024.png 1024w, https:\/\/luxurycandlesupplies.eu\/app\/uploads\/2025\/07\/Danger-4-150x150.png 150w, https:\/\/luxurycandlesupplies.eu\/app\/uploads\/2025\/07\/Danger-4-768x768.png 768w, https:\/\/luxurycandlesupplies.eu\/app\/uploads\/2025\/07\/Danger-4-12x12.png 12w, https:\/\/luxurycandlesupplies.eu\/app\/uploads\/2025\/07\/Danger-4-600x600.png 600w, https:\/\/luxurycandlesupplies.eu\/app\/uploads\/2025\/07\/Danger-4-100x100.png 100w, https:\/\/luxurycandlesupplies.eu\/app\/uploads\/2025\/07\/Danger-4.png 1080w\" sizes=\"(max-width: 124px) 100vw, 124px\" \/><\/p>\n<p><strong>Sauvage NL<\/strong><\/p>\n<p>H302 Schadelijk bij inslikken. H400 Tr\u00e8s utile pour les organismes vivants dans l'eau. H411 Tr\u00e8s utile pour<br \/>\nin het water levende organismen, met langdurige gevolgen. H317 Kan een allergische huidreactie<br \/>\nveroorzaken. P261 Inademing van stof\/rook\/gas\/nevel\/damp\/spuitnevel vermijden. P264 Na het<br \/>\nwerken met dit product aangetaste gebieden grondig wassen. P270 Ne pas manger, boire ou bouillir<br \/>\ndans le cadre de l'utilisation de ce produit. P272 Verontreinigde werkkleding mag de werkruimte niet<br \/>\nverlaten. P273 Ne pas laisser de traces dans l'environnement. P280 Beschermende handschoenen\/beschermende<br \/>\nkleding\/oogbescherming\/gelaatsbescherming dragen.<\/p>\n<p>&nbsp;<\/p>\n<p><strong>Sauvage FR<\/strong><\/p>\n<p>H302 Nocif en cas d'ingestion. H400 Tr\u00e8s toxique pour les organismes aquatiques. H411 Toxique<br \/>\npour les organismes aquatiques, entra\u00eene des effets n\u00e9fastes \u00e0 long terme. H317 Peut provoquer une<br \/>\nr\u00e9action allergique cutan\u00e9e. P261 \u00c9viter de respirer les<br \/>\npoussi\u00e8res\/fum\u00e9es\/gaz\/brouillards\/vapeurs\/a\u00e9rosols. P264 Lavez soigneusement les zones touch\u00e9es<br \/>\napr\u00e8s manipulation. P270 Ne pas manger, boire ou fumer en manipulant ce produit. P272 Les<br \/>\nv\u00eatements de travail contamin\u00e9s ne doivent pas sortir du lieu de travail. P273 \u00c9viter le rejet dans<br \/>\nl'environnement. P280 Porter des gants de protection\/des v\u00eatements de protection\/une protection<br \/>\ndes yeux\/du visage.<\/p>\n<p>&nbsp;<\/p>\n<p><strong>Sauvage ENG<\/strong><\/p>\n<p>H302 Nocif en cas d'ingestion. H400 Tr\u00e8s toxique pour la vie aquatique. H411 Toxique pour la vie aquatique avec des effets durables.<br \/>\neffets. H317 Peut provoquer une r\u00e9action allergique cutan\u00e9e. P261 \u00c9viter de respirer<br \/>\npoussi\u00e8res\/fum\u00e9es\/gaz\/brouillards\/vapeurs\/a\u00e9rosols. P264 Se laver soigneusement apr\u00e8s manipulation. P270 Ne pas manger,<br \/>\nne pas boire ou fumer lors de l'utilisation de ce produit. P272 Les v\u00eatements de travail contamin\u00e9s ne doivent pas \u00eatre autoris\u00e9s.<br \/>\nhors du lieu de travail. P273 \u00c9viter le rejet dans l'environnement. P280 Porter des gants de protection\/des v\u00eatements de protection.<br \/>\nv\u00eatements\/protection des yeux\/protection du visage.<\/p>","protected":false},"excerpt":{"rendered":"<h3><em><strong>Sauvage<\/strong><\/em><\/h3>\n<p>&nbsp;<\/p>\n<p>Ce parfum est inspir\u00e9 du luxueux Sauvage de Christian Dior.<\/p>\n<p>&nbsp;<\/p>\n<p>D\u00e9couvrez un parfum audacieux et robuste qui capture l'essence de la nature \u00e0 l'\u00e9tat brut. Il s'ouvre sur une explosion de bergamote fra\u00eeche, revigorant les sens avec sa luminosit\u00e9 croustillante et citronn\u00e9e. En son c\u0153ur, le poivre de Sichuan \u00e9pic\u00e9 et le c\u00e8dre chaud apportent une profondeur ardente et masculine. Le parfum est soutenu par des notes de fond terreuses de bois et de musc, cr\u00e9ant un parfum puissant et durable. Le parfum de bougie Sauvage est parfait pour l'homme moderne qui incarne la force, la libert\u00e9 et la sophistication.<\/p>\n<p>&nbsp;<\/p>\n<p>&nbsp;<\/p>\n<p>Notes de t\u00eate :  Pamplemousse, bergamote, poivre noir, poivre rose, citronnelle.<\/p>\n<p>Notes de c\u0153ur : Lavande, g\u00e9ranium, sauge<\/p>\n<p>Notes de fond : C\u00e8dre, Patchouli, Ambre Musk, Labdanum<\/p>","protected":false},"featured_media":17833,"template":"","meta":{"_acf_changed":false},"product_brand":[],"product_cat":[25,1681],"product_tag":[441,1602,175,1421,1601],"class_list":{"0":"post-17821","1":"product","2":"type-product","3":"status-publish","4":"has-post-thumbnail","6":"product_cat-fragrances","7":"product_cat-fragrances-ufi-exempt","8":"product_tag-bergamot","9":"product_tag-dior","10":"product_tag-musk","11":"product_tag-patchouli","12":"product_tag-sauvage","14":"first","15":"instock","16":"taxable","17":"shipping-taxable","18":"purchasable","19":"product-type-variable"},"acf":[],"yoast_head":"<title>Sauvage - UFI exempt<\/title>\n<meta name=\"robots\" content=\"index, follow, max-snippet:-1, max-image-preview:large, max-video-preview:-1\" \/>\n<link rel=\"canonical\" href=\"https:\/\/luxurycandlesupplies.eu\/fr\/produit\/sauvage\/\" \/>\n<meta property=\"og:locale\" content=\"fr_FR\" \/>\n<meta property=\"og:type\" content=\"article\" \/>\n<meta property=\"og:title\" content=\"Sauvage - UFI exempt\" \/>\n<meta property=\"og:description\" content=\"Sauvage &nbsp;  This fragrance is inspired by the luxury Sauvage by Christian Dior.  &nbsp;  Discover a bold, rugged fragrance that captures the essence of raw nature. It opens with a burst of fresh Bergamot, invigorating the senses with its crisp, citrusy brightness. At its heart, spicy Sichuan Pepper and warm Cedar provide a fiery, masculine depth. The fragrance is grounded by earthy base notes of wood and musk, creating a powerful, long-lasting scent. Sauvage candle fragrance is perfect for the modern man who embodies strength, freedom, and sophistication.  &nbsp;  &nbsp;  Top notes:\u00a0 Grapefruit, Bergamot, Black Pepper, Pink Pepper, Lemongras  Middle notes: Lavender, Geranium, Sage  Base notes: Cedar, Patchouli, Amber Musk, Labdanum\" \/>\n<meta property=\"og:url\" content=\"https:\/\/luxurycandlesupplies.eu\/fr\/produit\/sauvage\/\" \/>\n<meta property=\"og:site_name\" content=\"Antwerp Luxury Candle Supplies\" \/>\n<meta property=\"article:publisher\" content=\"https:\/\/www.facebook.com\/Antwerpluxurycandlesupplies\/\" \/>\n<meta property=\"article:modified_time\" content=\"2026-05-14T03:34:30+00:00\" \/>\n<meta property=\"og:image\" content=\"https:\/\/luxurycandlesupplies.eu\/app\/uploads\/2024\/09\/Myrrh.png\" \/>\n\t<meta property=\"og:image:width\" content=\"1080\" \/>\n\t<meta property=\"og:image:height\" content=\"1080\" \/>\n\t<meta property=\"og:image:type\" content=\"image\/png\" \/>\n<meta name=\"twitter:card\" content=\"summary_large_image\" \/>\n<meta name=\"twitter:label1\" content=\"Dur\u00e9e de lecture estim\u00e9e\" \/>\n\t<meta name=\"twitter:data1\" content=\"3 minutes\" \/>\n<script type=\"application\/ld+json\" class=\"yoast-schema-graph\">{\"@context\":\"https:\\\/\\\/schema.org\",\"@graph\":[{\"@type\":\"WebPage\",\"@id\":\"https:\\\/\\\/luxurycandlesupplies.eu\\\/product\\\/sauvage\\\/\",\"url\":\"https:\\\/\\\/luxurycandlesupplies.eu\\\/product\\\/sauvage\\\/\",\"name\":\"Sauvage - UFI exempt\",\"isPartOf\":{\"@id\":\"https:\\\/\\\/luxurycandlesupplies.eu\\\/#website\"},\"primaryImageOfPage\":{\"@id\":\"https:\\\/\\\/luxurycandlesupplies.eu\\\/product\\\/sauvage\\\/#primaryimage\"},\"image\":{\"@id\":\"https:\\\/\\\/luxurycandlesupplies.eu\\\/product\\\/sauvage\\\/#primaryimage\"},\"thumbnailUrl\":\"https:\\\/\\\/luxurycandlesupplies.eu\\\/app\\\/uploads\\\/2024\\\/09\\\/Myrrh.png\",\"datePublished\":\"2024-09-20T12:40:41+00:00\",\"dateModified\":\"2026-05-14T03:34:30+00:00\",\"breadcrumb\":{\"@id\":\"https:\\\/\\\/luxurycandlesupplies.eu\\\/product\\\/sauvage\\\/#breadcrumb\"},\"inLanguage\":\"fr-FR\",\"potentialAction\":[{\"@type\":\"ReadAction\",\"target\":[\"https:\\\/\\\/luxurycandlesupplies.eu\\\/product\\\/sauvage\\\/\"]}]},{\"@type\":\"ImageObject\",\"inLanguage\":\"fr-FR\",\"@id\":\"https:\\\/\\\/luxurycandlesupplies.eu\\\/product\\\/sauvage\\\/#primaryimage\",\"url\":\"https:\\\/\\\/luxurycandlesupplies.eu\\\/app\\\/uploads\\\/2024\\\/09\\\/Myrrh.png\",\"contentUrl\":\"https:\\\/\\\/luxurycandlesupplies.eu\\\/app\\\/uploads\\\/2024\\\/09\\\/Myrrh.png\",\"width\":1080,\"height\":1080},{\"@type\":\"BreadcrumbList\",\"@id\":\"https:\\\/\\\/luxurycandlesupplies.eu\\\/product\\\/sauvage\\\/#breadcrumb\",\"itemListElement\":[{\"@type\":\"ListItem\",\"position\":1,\"name\":\"Home\",\"item\":\"https:\\\/\\\/luxurycandlesupplies.eu\\\/\"},{\"@type\":\"ListItem\",\"position\":2,\"name\":\"Shop\",\"item\":\"https:\\\/\\\/luxurycandlesupplies.eu\\\/shop\\\/\"},{\"@type\":\"ListItem\",\"position\":3,\"name\":\"Sauvage &#8211; UFI exempt\"}]},{\"@type\":\"WebSite\",\"@id\":\"https:\\\/\\\/luxurycandlesupplies.eu\\\/#website\",\"url\":\"https:\\\/\\\/luxurycandlesupplies.eu\\\/\",\"name\":\"Antwerp Luxury Candle Supplies\",\"description\":\"Distributor of all seasons soy wax\",\"publisher\":{\"@id\":\"https:\\\/\\\/luxurycandlesupplies.eu\\\/#organization\"},\"potentialAction\":[{\"@type\":\"SearchAction\",\"target\":{\"@type\":\"EntryPoint\",\"urlTemplate\":\"https:\\\/\\\/luxurycandlesupplies.eu\\\/?s={search_term_string}\"},\"query-input\":{\"@type\":\"PropertyValueSpecification\",\"valueRequired\":true,\"valueName\":\"search_term_string\"}}],\"inLanguage\":\"fr-FR\"},{\"@type\":\"Organization\",\"@id\":\"https:\\\/\\\/luxurycandlesupplies.eu\\\/#organization\",\"name\":\"Antwerp Luxury Candle Supplies\",\"url\":\"https:\\\/\\\/luxurycandlesupplies.eu\\\/\",\"logo\":{\"@type\":\"ImageObject\",\"inLanguage\":\"fr-FR\",\"@id\":\"https:\\\/\\\/luxurycandlesupplies.eu\\\/#\\\/schema\\\/logo\\\/image\\\/\",\"url\":\"https:\\\/\\\/luxurycandlesupplies.eu\\\/app\\\/uploads\\\/2022\\\/03\\\/antwerp-luxury-candle-supplies-1x.png\",\"contentUrl\":\"https:\\\/\\\/luxurycandlesupplies.eu\\\/app\\\/uploads\\\/2022\\\/03\\\/antwerp-luxury-candle-supplies-1x.png\",\"width\":330,\"height\":60,\"caption\":\"Antwerp Luxury Candle Supplies\"},\"image\":{\"@id\":\"https:\\\/\\\/luxurycandlesupplies.eu\\\/#\\\/schema\\\/logo\\\/image\\\/\"},\"sameAs\":[\"https:\\\/\\\/www.facebook.com\\\/Antwerpluxurycandlesupplies\\\/\",\"https:\\\/\\\/www.instagram.com\\\/antwerp_luxury_candle_supplies\\\/\",\"https:\\\/\\\/pin.it\\\/7joOXRW\"]}]}<\/script>","yoast_head_json":{"title":"Sauvage - Exemption UFI","robots":{"index":"index","follow":"follow","max-snippet":"max-snippet:-1","max-image-preview":"max-image-preview:large","max-video-preview":"max-video-preview:-1"},"canonical":"https:\/\/luxurycandlesupplies.eu\/fr\/produit\/sauvage\/","og_locale":"fr_FR","og_type":"article","og_title":"Sauvage - UFI exempt","og_description":"Sauvage &nbsp;  This fragrance is inspired by the luxury Sauvage by Christian Dior.  &nbsp;  Discover a bold, rugged fragrance that captures the essence of raw nature. It opens with a burst of fresh Bergamot, invigorating the senses with its crisp, citrusy brightness. At its heart, spicy Sichuan Pepper and warm Cedar provide a fiery, masculine depth. The fragrance is grounded by earthy base notes of wood and musk, creating a powerful, long-lasting scent. Sauvage candle fragrance is perfect for the modern man who embodies strength, freedom, and sophistication.  &nbsp;  &nbsp;  Top notes:\u00a0 Grapefruit, Bergamot, Black Pepper, Pink Pepper, Lemongras  Middle notes: Lavender, Geranium, Sage  Base notes: Cedar, Patchouli, Amber Musk, Labdanum","og_url":"https:\/\/luxurycandlesupplies.eu\/fr\/produit\/sauvage\/","og_site_name":"Antwerp Luxury Candle Supplies","article_publisher":"https:\/\/www.facebook.com\/Antwerpluxurycandlesupplies\/","article_modified_time":"2026-05-14T03:34:30+00:00","og_image":[{"width":1080,"height":1080,"url":"https:\/\/luxurycandlesupplies.eu\/app\/uploads\/2024\/09\/Myrrh.png","type":"image\/png"}],"twitter_card":"summary_large_image","twitter_misc":{"Dur\u00e9e de lecture estim\u00e9e":"3 minutes"},"schema":{"@context":"https:\/\/schema.org","@graph":[{"@type":"WebPage","@id":"https:\/\/luxurycandlesupplies.eu\/product\/sauvage\/","url":"https:\/\/luxurycandlesupplies.eu\/product\/sauvage\/","name":"Sauvage - Exemption UFI","isPartOf":{"@id":"https:\/\/luxurycandlesupplies.eu\/#website"},"primaryImageOfPage":{"@id":"https:\/\/luxurycandlesupplies.eu\/product\/sauvage\/#primaryimage"},"image":{"@id":"https:\/\/luxurycandlesupplies.eu\/product\/sauvage\/#primaryimage"},"thumbnailUrl":"https:\/\/luxurycandlesupplies.eu\/app\/uploads\/2024\/09\/Myrrh.png","datePublished":"2024-09-20T12:40:41+00:00","dateModified":"2026-05-14T03:34:30+00:00","breadcrumb":{"@id":"https:\/\/luxurycandlesupplies.eu\/product\/sauvage\/#breadcrumb"},"inLanguage":"fr-FR","potentialAction":[{"@type":"ReadAction","target":["https:\/\/luxurycandlesupplies.eu\/product\/sauvage\/"]}]},{"@type":"ImageObject","inLanguage":"fr-FR","@id":"https:\/\/luxurycandlesupplies.eu\/product\/sauvage\/#primaryimage","url":"https:\/\/luxurycandlesupplies.eu\/app\/uploads\/2024\/09\/Myrrh.png","contentUrl":"https:\/\/luxurycandlesupplies.eu\/app\/uploads\/2024\/09\/Myrrh.png","width":1080,"height":1080},{"@type":"BreadcrumbList","@id":"https:\/\/luxurycandlesupplies.eu\/product\/sauvage\/#breadcrumb","itemListElement":[{"@type":"ListItem","position":1,"name":"Home","item":"https:\/\/luxurycandlesupplies.eu\/"},{"@type":"ListItem","position":2,"name":"Shop","item":"https:\/\/luxurycandlesupplies.eu\/shop\/"},{"@type":"ListItem","position":3,"name":"Sauvage &#8211; UFI exempt"}]},{"@type":"WebSite","@id":"https:\/\/luxurycandlesupplies.eu\/#website","url":"https:\/\/luxurycandlesupplies.eu\/","name":"Anvers Fournitures de bougies de luxe","description":"Distributeur de cire de soja toutes saisons","publisher":{"@id":"https:\/\/luxurycandlesupplies.eu\/#organization"},"potentialAction":[{"@type":"SearchAction","target":{"@type":"EntryPoint","urlTemplate":"https:\/\/luxurycandlesupplies.eu\/?s={search_term_string}"},"query-input":{"@type":"PropertyValueSpecification","valueRequired":true,"valueName":"search_term_string"}}],"inLanguage":"fr-FR"},{"@type":"Organization","@id":"https:\/\/luxurycandlesupplies.eu\/#organization","name":"Anvers Fournitures de bougies de luxe","url":"https:\/\/luxurycandlesupplies.eu\/","logo":{"@type":"ImageObject","inLanguage":"fr-FR","@id":"https:\/\/luxurycandlesupplies.eu\/#\/schema\/logo\/image\/","url":"https:\/\/luxurycandlesupplies.eu\/app\/uploads\/2022\/03\/antwerp-luxury-candle-supplies-1x.png","contentUrl":"https:\/\/luxurycandlesupplies.eu\/app\/uploads\/2022\/03\/antwerp-luxury-candle-supplies-1x.png","width":330,"height":60,"caption":"Antwerp Luxury Candle Supplies"},"image":{"@id":"https:\/\/luxurycandlesupplies.eu\/#\/schema\/logo\/image\/"},"sameAs":["https:\/\/www.facebook.com\/Antwerpluxurycandlesupplies\/","https:\/\/www.instagram.com\/antwerp_luxury_candle_supplies\/","https:\/\/pin.it\/7joOXRW"]}]}},"_links":{"self":[{"href":"https:\/\/luxurycandlesupplies.eu\/fr\/wp-json\/wp\/v2\/product\/17821","targetHints":{"allow":["GET"]}}],"collection":[{"href":"https:\/\/luxurycandlesupplies.eu\/fr\/wp-json\/wp\/v2\/product"}],"about":[{"href":"https:\/\/luxurycandlesupplies.eu\/fr\/wp-json\/wp\/v2\/types\/product"}],"wp:featuredmedia":[{"embeddable":true,"href":"https:\/\/luxurycandlesupplies.eu\/fr\/wp-json\/wp\/v2\/media\/17833"}],"wp:attachment":[{"href":"https:\/\/luxurycandlesupplies.eu\/fr\/wp-json\/wp\/v2\/media?parent=17821"}],"wp:term":[{"taxonomy":"product_brand","embeddable":true,"href":"https:\/\/luxurycandlesupplies.eu\/fr\/wp-json\/wp\/v2\/product_brand?post=17821"},{"taxonomy":"product_cat","embeddable":true,"href":"https:\/\/luxurycandlesupplies.eu\/fr\/wp-json\/wp\/v2\/product_cat?post=17821"},{"taxonomy":"product_tag","embeddable":true,"href":"https:\/\/luxurycandlesupplies.eu\/fr\/wp-json\/wp\/v2\/product_tag?post=17821"}],"curies":[{"name":"wp","href":"https:\/\/api.w.org\/{rel}","templated":true}]}}