{"id":17881,"date":"2024-09-24T09:12:24","date_gmt":"2024-09-24T07:12:24","guid":{"rendered":"https:\/\/luxurycandlesupplies.eu\/?post_type=product&#038;p=17881"},"modified":"2026-03-26T12:46:24","modified_gmt":"2026-03-26T11:46:24","slug":"cafe-irlandais","status":"publish","type":"product","link":"https:\/\/luxurycandlesupplies.eu\/fr\/product\/irish-coffee\/","title":{"rendered":"Irish Coffee - Exemption UFI <10%"},"content":{"rendered":"<h3>DESCRIPTION<\/h3>\n<p>&nbsp;<\/p>\n<h3><em><strong>Caf\u00e9 irlandais<\/strong><\/em><\/h3>\n<p>&nbsp;<\/p>\n<p>D\u00e9couvrez le d\u00e9licieux parfum de notre huile de parfum Irish Coffee.<\/p>\n<p>Ce m\u00e9lange captivant associe les tons robustes des grains de caf\u00e9 torr\u00e9fi\u00e9s au luxe cr\u00e9meux de la cr\u00e8me irlandaise. L'ar\u00f4me des grains de caf\u00e9 torr\u00e9fi\u00e9s en France est rehauss\u00e9 par des nuances de liqueur vieillie en ch\u00eane, offrant un parfum profond et gratifiant. Des notes soyeuses de cr\u00e8me vanille sucr\u00e9e et de lait en poudre constituent la base somptueuse de ce parfum de style caf\u00e9.<\/p>\n<p>Parfaite pour cr\u00e9er une atmosph\u00e8re accueillante, notre huile de parfum Irish Coffee impr\u00e8gne chaque pi\u00e8ce d'une chaleur raffin\u00e9e.<\/p>\n<p>&nbsp;<\/p>\n<p>Notes de t\u00eate :  Grains de caf\u00e9<\/p>\n<p>Notes de c\u0153ur : Poudre de lait<\/p>\n<p>Notes de fond : Vanille, rhum<\/p>\n<p>&nbsp;<\/p>\n<h3>NOTRE RECOMMANDATION<\/h3>\n<hr \/>\n<div>\n<p>L'utilisation des huiles de parfum d\u00e9pend du produit que vous cr\u00e9ez. Veuillez vous r\u00e9f\u00e9rer au guide ci-dessous pour obtenir des suggestions de ratios adapt\u00e9s \u00e0 votre produit.<\/p>\n<p>Veuillez noter que les valeurs ci-dessous ne sont que des suggestions. Nous recommandons aux utilisateurs de proc\u00e9der \u00e0 leurs propres essais avec les m\u00e9langes de cire et d'huile pr\u00e9vus pour obtenir des r\u00e9sultats optimaux.<\/p>\n<p>Bougies : 6-10%<br \/>\nWaxmelts : 10-12%<\/p>\n<p>&nbsp;<\/p>\n<\/div>\n<h2>INFORMATIONS SUR LES CLP ET LES SDS<\/h2>\n<hr \/>\n<p><a href=\"https:\/\/luxurycandlesupplies.eu\/app\/uploads\/2024\/09\/Irish-Coffee-SDS-100.pdf\">Caf\u00e9 irlandais SDS 100%<\/a><\/p>\n<p><a href=\"https:\/\/luxurycandlesupplies.eu\/app\/uploads\/2024\/09\/Irish-Coffee-IFRA.pdf\">Caf\u00e9 irlandais IFRA<\/a><\/p>\n<p><a href=\"https:\/\/luxurycandlesupplies.eu\/app\/uploads\/2024\/09\/CLP-label-_-Irish-coffe-_-candle-6_Free-of-UFI.pdf\">Etiquette CLP _ Irish coffe _ bougie 6%_Sans UFI<\/a><\/p>\n<p><a href=\"https:\/\/luxurycandlesupplies.eu\/app\/uploads\/2024\/09\/CLP-label-_-Irish-coffee-_-candle-8.pdf\">Etiquette CLP _ Irish coffee _ bougie 8%<\/a><\/p>\n<p><a href=\"https:\/\/luxurycandlesupplies.eu\/app\/uploads\/2024\/09\/CLP-label-_-Irish-coffee-_-candle-10_Free-of-UFI.pdf\">Etiquette CLP _ Irish coffee _ candle 10%_Free of UFI<\/a><\/p>\n<p>&nbsp;<\/p>\n<p>UFI : HP80-808V-H00N-N963<\/p>\n<p><img decoding=\"async\" class=\"alignnone wp-image-23488\" src=\"https:\/\/luxurycandlesupplies.eu\/app\/uploads\/2025\/07\/Danger-3-300x300.png\" alt=\"\" width=\"104\" height=\"104\" srcset=\"https:\/\/luxurycandlesupplies.eu\/app\/uploads\/2025\/07\/Danger-3-300x300.png 300w, https:\/\/luxurycandlesupplies.eu\/app\/uploads\/2025\/07\/Danger-3-1024x1024.png 1024w, https:\/\/luxurycandlesupplies.eu\/app\/uploads\/2025\/07\/Danger-3-150x150.png 150w, https:\/\/luxurycandlesupplies.eu\/app\/uploads\/2025\/07\/Danger-3-768x768.png 768w, https:\/\/luxurycandlesupplies.eu\/app\/uploads\/2025\/07\/Danger-3-12x12.png 12w, https:\/\/luxurycandlesupplies.eu\/app\/uploads\/2025\/07\/Danger-3-600x600.png 600w, https:\/\/luxurycandlesupplies.eu\/app\/uploads\/2025\/07\/Danger-3-100x100.png 100w, https:\/\/luxurycandlesupplies.eu\/app\/uploads\/2025\/07\/Danger-3.png 1080w\" sizes=\"(max-width: 104px) 100vw, 104px\" \/><\/p>\n<p><strong>Caf\u00e9 Irisch NL<\/strong><\/p>\n<p>H319 Peut entra\u00eener une oogirritatie persistante. H317 Peut entra\u00eener une r\u00e9action allergique. H412<br \/>\nSchadelijk voor in het water levende organismen, met langdurige gevolgen. P264 En cas de travail avec<br \/>\ndit product aangetaste gebieden grondig wassen. P280 Beschermende<br \/>\nhandschoenen\/beschermende kleding\/oogbescherming\/gelaatsbescherming dragen.<br \/>\nP305+P351+P338 BIJ CONTACT MET DE OGEN : voorzichtig afspoelen met water gedurende een aantal<br \/>\nminuten ; contactlenzen verwijderen, indien mogelijk ; blijven spoelen. P337+P313 Bij aanhoudende<br \/>\noogirritatie : een arts raadplegen. P272 Verontreinigde werkkleding mag de werkruimte niet verlaten.<br \/>\nP363 Verontreinigde kleding wassen alvorens deze opnieuw te gebruiken. P261 Inademing van<br \/>\nstof\/rook\/gas\/nevel\/damp\/spuitnevel vermijden. P321 Specifieke behandeling vereist (zie ... op dit<br \/>\netiket). P501 Inhoud\/verpakking afvoeren naar een erkende afvalinzamelaar conform VLAREMA en<br \/>\nR\u00e9glementation OVAM. P302+P352 BIJ CONTACT MET DE HUID : met veel water en zeep wassen.<br \/>\nP333+P313 Bij huidirritatie of uitslag : een arts raadplegen. P273 Le travail en milieu ouvert.<\/p>\n<p>&nbsp;<\/p>\n<p><strong>Caf\u00e9 Irisch FR<\/strong><\/p>\n<p>H319 Provoque une s\u00e9v\u00e8re irritation des yeux. H317 Peut provoquer une r\u00e9action allergique cutan\u00e9e.<br \/>\nH412 Nocif pour les organismes aquatiques, entra\u00eene des effets n\u00e9fastes \u00e0 long terme. P264 Lavez<br \/>\nsoigneusement les zones touch\u00e9es apr\u00e8s manipulation. P280 Porter des gants de protection\/des<br \/>\nv\u00eatements de protection\/une protection des yeux\/du visage. P305+P351+P338 EN CAS DE CONTACT<br \/>\nAVEC LES YEUX : rincer avec pr\u00e9caution \u00e0 l'eau pendant plusieurs minutes ; retirer les lentilles si<br \/>\npossible ; continuer \u00e0 rincer. P337+P313 En cas d'irritation oculaire persistante : consulter un<br \/>\nm\u00e9decin. P272 Les v\u00eatements de travail contamin\u00e9s ne doivent pas sortir du lieu de travail. P363<br \/>\nLaver les v\u00eatements contamin\u00e9s avant de les r\u00e9utiliser. P261 \u00c9viter de respirer les<br \/>\npoussi\u00e8res\/fum\u00e9es\/gaz\/brouillards\/vapeurs\/a\u00e9rosols. P321 Traitement sp\u00e9cifique requis (voir ... sur<br \/>\nl'\u00e9tiquette). P501 \u00c9liminer le contenu\/le r\u00e9cipient via un collecteur de d\u00e9chets agr\u00e9\u00e9 conform\u00e9ment \u00e0<br \/>\nla r\u00e9glementation VLAREMA et OVAM. P302+P352 EN CAS DE CONTACT AVEC LA PEAU : laver<br \/>\nabondamment \u00e0 l'eau et au savon. P333+P313 En cas d'irritation ou d'\u00e9ruption cutan\u00e9e : consulter un<br \/>\nm\u00e9decin. P273 \u00c9viter le rejet dans l'environnement.<\/p>\n<p>&nbsp;<\/p>\n<p><strong>Caf\u00e9 Irisch ENG<\/strong><\/p>\n<p>H319 Provoque une grave irritation des yeux. H317 Peut provoquer une r\u00e9action allergique cutan\u00e9e. H412 Nocif pour<br \/>\nla vie aquatique avec des effets \u00e0 long terme. P264 Se laver soigneusement apr\u00e8s manipulation. P280 Porter<br \/>\ngants de protection\/v\u00eatements de protection\/protection des yeux\/protection du visage. P305+P351+P338 EN CAS DE CONTACT AVEC LES YEUX :<br \/>\nRincer prudemment \u00e0 l'eau pendant plusieurs minutes. Retirer les lentilles de contact si elles sont pr\u00e9sentes et si cela est facile \u00e0 faire.<br \/>\nContinuer \u00e0 rincer. P337+P313 Si l'irritation des yeux persiste : Consulter un m\u00e9decin. P272 Travaux contamin\u00e9s<br \/>\nLes v\u00eatements contamin\u00e9s ne doivent pas \u00eatre autoris\u00e9s \u00e0 sortir du lieu de travail. P363 Laver les v\u00eatements contamin\u00e9s avant de les r\u00e9utiliser.<br \/>\nP261 \u00c9viter de respirer les poussi\u00e8res\/fum\u00e9es\/gaz\/brouillards\/vapeurs\/a\u00e9rosols. P321 Traitement sp\u00e9cifique n\u00e9cessaire (voir ... sur<br \/>\n\u00e9tiquette). P501 \u00c9liminer le contenu\/r\u00e9cipient par l'interm\u00e9diaire d'un collecteur de d\u00e9chets agr\u00e9\u00e9, conform\u00e9ment \u00e0<br \/>\nR\u00e9glementation VLAREMA et OVAM. P302+P352 EN CAS DE CONTACT AVEC LA PEAU : Laver abondamment \u00e0 l'eau et au savon.<br \/>\nP333+P313 En cas d'irritation de la peau ou d'\u00e9ruption cutan\u00e9e : Consulter un m\u00e9decin. P273 \u00c9viter le rejet dans l'environnement<br \/>\nl'environnement.<\/p>","protected":false},"excerpt":{"rendered":"<h3><em><strong>Caf\u00e9 irlandais<\/strong><\/em><\/h3>\n<p>&nbsp;<\/p>\n<p>D\u00e9couvrez le d\u00e9licieux parfum de notre huile de parfum Irish Coffee.<\/p>\n<p>Ce m\u00e9lange captivant associe les tons robustes des grains de caf\u00e9 torr\u00e9fi\u00e9s au luxe cr\u00e9meux de la cr\u00e8me irlandaise. L'ar\u00f4me des grains de caf\u00e9 torr\u00e9fi\u00e9s en France est rehauss\u00e9 par des nuances de liqueur vieillie en ch\u00eane, offrant un parfum profond et gratifiant. Des notes soyeuses de cr\u00e8me vanille sucr\u00e9e et de lait en poudre constituent la base somptueuse de ce parfum de style caf\u00e9.<\/p>\n<p>Parfaite pour cr\u00e9er une atmosph\u00e8re accueillante, notre huile de parfum Irish Coffee impr\u00e8gne chaque pi\u00e8ce d'une chaleur raffin\u00e9e.<\/p>\n<p>&nbsp;<\/p>\n<p>Notes de t\u00eate :  Grains de caf\u00e9<\/p>\n<p>Notes de c\u0153ur : Poudre de lait<\/p>\n<p>Notes de fond : Vanille, rhum<\/p>","protected":false},"featured_media":17890,"template":"","meta":{"_acf_changed":false,"site-sidebar-layout":"default","site-content-layout":"default","ast-site-content-layout":"default","site-content-style":"default","site-sidebar-style":"default","ast-global-header-display":"","ast-banner-title-visibility":"","ast-main-header-display":"","ast-hfb-above-header-display":"","ast-hfb-below-header-display":"","ast-hfb-mobile-header-display":"","site-post-title":"","ast-breadcrumbs-content":"","ast-featured-img":"","footer-sml-layout":"","ast-disable-related-posts":"","theme-transparent-header-meta":"default","adv-header-id-meta":"","stick-header-meta":"","header-above-stick-meta":"","header-main-stick-meta":"","header-below-stick-meta":"","astra-migrate-meta-layouts":"set","ast-page-background-enabled":"default","ast-page-background-meta":{"desktop":{"background-color":"","background-image":"","background-repeat":"repeat","background-position":"center center","background-size":"auto","background-attachment":"scroll","background-type":"","background-media":"","overlay-type":"","overlay-color":"","overlay-opacity":"","overlay-gradient":""},"tablet":{"background-color":"","background-image":"","background-repeat":"repeat","background-position":"center center","background-size":"auto","background-attachment":"scroll","background-type":"","background-media":"","overlay-type":"","overlay-color":"","overlay-opacity":"","overlay-gradient":""},"mobile":{"background-color":"","background-image":"","background-repeat":"repeat","background-position":"center center","background-size":"auto","background-attachment":"scroll","background-type":"","background-media":"","overlay-type":"","overlay-color":"","overlay-opacity":"","overlay-gradient":""}},"ast-content-background-meta":{"desktop":{"background-color":"var(--ast-global-color-5)","background-image":"","background-repeat":"repeat","background-position":"center center","background-size":"auto","background-attachment":"scroll","background-type":"","background-media":"","overlay-type":"","overlay-color":"","overlay-opacity":"","overlay-gradient":""},"tablet":{"background-color":"var(--ast-global-color-5)","background-image":"","background-repeat":"repeat","background-position":"center center","background-size":"auto","background-attachment":"scroll","background-type":"","background-media":"","overlay-type":"","overlay-color":"","overlay-opacity":"","overlay-gradient":""},"mobile":{"background-color":"var(--ast-global-color-5)","background-image":"","background-repeat":"repeat","background-position":"center center","background-size":"auto","background-attachment":"scroll","background-type":"","background-media":"","overlay-type":"","overlay-color":"","overlay-opacity":"","overlay-gradient":""}}},"product_brand":[],"product_cat":[25,1681],"product_tag":[125,1608,1541,1606,1607,434],"class_list":{"0":"post-17881","1":"product","2":"type-product","3":"status-publish","4":"has-post-thumbnail","6":"product_cat-fragrances","7":"product_cat-fragrances-ufi-exempt","8":"product_tag-coffee","9":"product_tag-coffee-beans","10":"product_tag-cream","11":"product_tag-italian","12":"product_tag-rum","13":"product_tag-vanilla","14":"desktop-align-left","15":"tablet-align-left","16":"mobile-align-left","17":"ast-product-gallery-layout-horizontal-slider","18":"ast-product-single-variable","19":"ast-product-tabs-layout-horizontal","21":"first","22":"outofstock","23":"taxable","24":"shipping-taxable","25":"purchasable","26":"product-type-variable"},"acf":[],"yoast_head":"<title>Irish Coffee - UFI exempt<\/title>\n<meta name=\"robots\" content=\"index, follow, max-snippet:-1, max-image-preview:large, max-video-preview:-1\" \/>\n<link rel=\"canonical\" href=\"https:\/\/luxurycandlesupplies.eu\/fr\/produit\/cafe-irlandais\/\" \/>\n<meta property=\"og:locale\" content=\"fr_FR\" \/>\n<meta property=\"og:type\" content=\"article\" \/>\n<meta property=\"og:title\" content=\"Irish Coffee - UFI exempt\" \/>\n<meta property=\"og:description\" content=\"Irish Coffee &nbsp;  Experience the delicious scent of our Irish Coffee Fragrance Oil.  This captivating mix melds the robust tones of roasted coffee beans with the creamy luxury of Irish creme. The aroma of French roasted coffee beans is enhanced by shades of oak-aged liquor, offering a profound and gratifying scent. Silky notes of sweet vanilla creme and milk powder provide a lavish foundation to this caf\u00e9-style fragrance.  Perfect for setting a welcoming atmosphere, our Irish Coffee fragrance oil infuses any room with refined warmth.  &nbsp;  Top notes:\u00a0 Coffee Beans  Middle notes: Milk Powder  Base notes: Vanilla, Rum\" \/>\n<meta property=\"og:url\" content=\"https:\/\/luxurycandlesupplies.eu\/fr\/produit\/cafe-irlandais\/\" \/>\n<meta property=\"og:site_name\" content=\"Antwerp Luxury Candle Supplies\" \/>\n<meta property=\"article:publisher\" content=\"https:\/\/www.facebook.com\/Antwerpluxurycandlesupplies\/\" \/>\n<meta property=\"article:modified_time\" content=\"2026-03-26T11:46:24+00:00\" \/>\n<meta property=\"og:image\" content=\"https:\/\/luxurycandlesupplies.eu\/app\/uploads\/2024\/09\/Irish-Coffee-1.jpg\" \/>\n\t<meta property=\"og:image:width\" content=\"1080\" \/>\n\t<meta property=\"og:image:height\" content=\"1080\" \/>\n\t<meta property=\"og:image:type\" content=\"image\/jpeg\" \/>\n<meta name=\"twitter:card\" content=\"summary_large_image\" \/>\n<meta name=\"twitter:label1\" content=\"Dur\u00e9e de lecture estim\u00e9e\" \/>\n\t<meta name=\"twitter:data1\" content=\"4 minutes\" \/>\n<script type=\"application\/ld+json\" class=\"yoast-schema-graph\">{\"@context\":\"https:\\\/\\\/schema.org\",\"@graph\":[{\"@type\":\"WebPage\",\"@id\":\"https:\\\/\\\/luxurycandlesupplies.eu\\\/product\\\/irish-coffee\\\/\",\"url\":\"https:\\\/\\\/luxurycandlesupplies.eu\\\/product\\\/irish-coffee\\\/\",\"name\":\"Irish Coffee - UFI exempt\",\"isPartOf\":{\"@id\":\"https:\\\/\\\/luxurycandlesupplies.eu\\\/#website\"},\"primaryImageOfPage\":{\"@id\":\"https:\\\/\\\/luxurycandlesupplies.eu\\\/product\\\/irish-coffee\\\/#primaryimage\"},\"image\":{\"@id\":\"https:\\\/\\\/luxurycandlesupplies.eu\\\/product\\\/irish-coffee\\\/#primaryimage\"},\"thumbnailUrl\":\"https:\\\/\\\/luxurycandlesupplies.eu\\\/app\\\/uploads\\\/2024\\\/09\\\/Irish-Coffee-1.jpg\",\"datePublished\":\"2024-09-24T07:12:24+00:00\",\"dateModified\":\"2026-03-26T11:46:24+00:00\",\"breadcrumb\":{\"@id\":\"https:\\\/\\\/luxurycandlesupplies.eu\\\/product\\\/irish-coffee\\\/#breadcrumb\"},\"inLanguage\":\"fr-FR\",\"potentialAction\":[{\"@type\":\"ReadAction\",\"target\":[\"https:\\\/\\\/luxurycandlesupplies.eu\\\/product\\\/irish-coffee\\\/\"]}]},{\"@type\":\"ImageObject\",\"inLanguage\":\"fr-FR\",\"@id\":\"https:\\\/\\\/luxurycandlesupplies.eu\\\/product\\\/irish-coffee\\\/#primaryimage\",\"url\":\"https:\\\/\\\/luxurycandlesupplies.eu\\\/app\\\/uploads\\\/2024\\\/09\\\/Irish-Coffee-1.jpg\",\"contentUrl\":\"https:\\\/\\\/luxurycandlesupplies.eu\\\/app\\\/uploads\\\/2024\\\/09\\\/Irish-Coffee-1.jpg\",\"width\":1080,\"height\":1080},{\"@type\":\"BreadcrumbList\",\"@id\":\"https:\\\/\\\/luxurycandlesupplies.eu\\\/product\\\/irish-coffee\\\/#breadcrumb\",\"itemListElement\":[{\"@type\":\"ListItem\",\"position\":1,\"name\":\"Home\",\"item\":\"https:\\\/\\\/luxurycandlesupplies.eu\\\/\"},{\"@type\":\"ListItem\",\"position\":2,\"name\":\"Shop\",\"item\":\"https:\\\/\\\/luxurycandlesupplies.eu\\\/shop\\\/\"},{\"@type\":\"ListItem\",\"position\":3,\"name\":\"Irish Coffee &#8211; UFI exempt\"}]},{\"@type\":\"WebSite\",\"@id\":\"https:\\\/\\\/luxurycandlesupplies.eu\\\/#website\",\"url\":\"https:\\\/\\\/luxurycandlesupplies.eu\\\/\",\"name\":\"Antwerp Luxury Candle Supplies\",\"description\":\"Distributor of all seasons soy wax\",\"publisher\":{\"@id\":\"https:\\\/\\\/luxurycandlesupplies.eu\\\/#organization\"},\"potentialAction\":[{\"@type\":\"SearchAction\",\"target\":{\"@type\":\"EntryPoint\",\"urlTemplate\":\"https:\\\/\\\/luxurycandlesupplies.eu\\\/?s={search_term_string}\"},\"query-input\":{\"@type\":\"PropertyValueSpecification\",\"valueRequired\":true,\"valueName\":\"search_term_string\"}}],\"inLanguage\":\"fr-FR\"},{\"@type\":\"Organization\",\"@id\":\"https:\\\/\\\/luxurycandlesupplies.eu\\\/#organization\",\"name\":\"Antwerp Luxury Candle Supplies\",\"url\":\"https:\\\/\\\/luxurycandlesupplies.eu\\\/\",\"logo\":{\"@type\":\"ImageObject\",\"inLanguage\":\"fr-FR\",\"@id\":\"https:\\\/\\\/luxurycandlesupplies.eu\\\/#\\\/schema\\\/logo\\\/image\\\/\",\"url\":\"https:\\\/\\\/luxurycandlesupplies.eu\\\/app\\\/uploads\\\/2022\\\/03\\\/antwerp-luxury-candle-supplies-1x.png\",\"contentUrl\":\"https:\\\/\\\/luxurycandlesupplies.eu\\\/app\\\/uploads\\\/2022\\\/03\\\/antwerp-luxury-candle-supplies-1x.png\",\"width\":330,\"height\":60,\"caption\":\"Antwerp Luxury Candle Supplies\"},\"image\":{\"@id\":\"https:\\\/\\\/luxurycandlesupplies.eu\\\/#\\\/schema\\\/logo\\\/image\\\/\"},\"sameAs\":[\"https:\\\/\\\/www.facebook.com\\\/Antwerpluxurycandlesupplies\\\/\",\"https:\\\/\\\/www.instagram.com\\\/antwerp_luxury_candle_supplies\\\/\",\"https:\\\/\\\/pin.it\\\/7joOXRW\"]}]}<\/script>","yoast_head_json":{"title":"Irish Coffee - Exemption UFI","robots":{"index":"index","follow":"follow","max-snippet":"max-snippet:-1","max-image-preview":"max-image-preview:large","max-video-preview":"max-video-preview:-1"},"canonical":"https:\/\/luxurycandlesupplies.eu\/fr\/produit\/cafe-irlandais\/","og_locale":"fr_FR","og_type":"article","og_title":"Irish Coffee - UFI exempt","og_description":"Irish Coffee &nbsp;  Experience the delicious scent of our Irish Coffee Fragrance Oil.  This captivating mix melds the robust tones of roasted coffee beans with the creamy luxury of Irish creme. The aroma of French roasted coffee beans is enhanced by shades of oak-aged liquor, offering a profound and gratifying scent. Silky notes of sweet vanilla creme and milk powder provide a lavish foundation to this caf\u00e9-style fragrance.  Perfect for setting a welcoming atmosphere, our Irish Coffee fragrance oil infuses any room with refined warmth.  &nbsp;  Top notes:\u00a0 Coffee Beans  Middle notes: Milk Powder  Base notes: Vanilla, Rum","og_url":"https:\/\/luxurycandlesupplies.eu\/fr\/produit\/cafe-irlandais\/","og_site_name":"Antwerp Luxury Candle Supplies","article_publisher":"https:\/\/www.facebook.com\/Antwerpluxurycandlesupplies\/","article_modified_time":"2026-03-26T11:46:24+00:00","og_image":[{"width":1080,"height":1080,"url":"https:\/\/luxurycandlesupplies.eu\/app\/uploads\/2024\/09\/Irish-Coffee-1.jpg","type":"image\/jpeg"}],"twitter_card":"summary_large_image","twitter_misc":{"Dur\u00e9e de lecture estim\u00e9e":"4 minutes"},"schema":{"@context":"https:\/\/schema.org","@graph":[{"@type":"WebPage","@id":"https:\/\/luxurycandlesupplies.eu\/product\/irish-coffee\/","url":"https:\/\/luxurycandlesupplies.eu\/product\/irish-coffee\/","name":"Irish Coffee - Exemption UFI","isPartOf":{"@id":"https:\/\/luxurycandlesupplies.eu\/#website"},"primaryImageOfPage":{"@id":"https:\/\/luxurycandlesupplies.eu\/product\/irish-coffee\/#primaryimage"},"image":{"@id":"https:\/\/luxurycandlesupplies.eu\/product\/irish-coffee\/#primaryimage"},"thumbnailUrl":"https:\/\/luxurycandlesupplies.eu\/app\/uploads\/2024\/09\/Irish-Coffee-1.jpg","datePublished":"2024-09-24T07:12:24+00:00","dateModified":"2026-03-26T11:46:24+00:00","breadcrumb":{"@id":"https:\/\/luxurycandlesupplies.eu\/product\/irish-coffee\/#breadcrumb"},"inLanguage":"fr-FR","potentialAction":[{"@type":"ReadAction","target":["https:\/\/luxurycandlesupplies.eu\/product\/irish-coffee\/"]}]},{"@type":"ImageObject","inLanguage":"fr-FR","@id":"https:\/\/luxurycandlesupplies.eu\/product\/irish-coffee\/#primaryimage","url":"https:\/\/luxurycandlesupplies.eu\/app\/uploads\/2024\/09\/Irish-Coffee-1.jpg","contentUrl":"https:\/\/luxurycandlesupplies.eu\/app\/uploads\/2024\/09\/Irish-Coffee-1.jpg","width":1080,"height":1080},{"@type":"BreadcrumbList","@id":"https:\/\/luxurycandlesupplies.eu\/product\/irish-coffee\/#breadcrumb","itemListElement":[{"@type":"ListItem","position":1,"name":"Home","item":"https:\/\/luxurycandlesupplies.eu\/"},{"@type":"ListItem","position":2,"name":"Shop","item":"https:\/\/luxurycandlesupplies.eu\/shop\/"},{"@type":"ListItem","position":3,"name":"Irish Coffee &#8211; UFI exempt"}]},{"@type":"WebSite","@id":"https:\/\/luxurycandlesupplies.eu\/#website","url":"https:\/\/luxurycandlesupplies.eu\/","name":"Anvers Fournitures de bougies de luxe","description":"Distributeur de cire de soja toutes saisons","publisher":{"@id":"https:\/\/luxurycandlesupplies.eu\/#organization"},"potentialAction":[{"@type":"SearchAction","target":{"@type":"EntryPoint","urlTemplate":"https:\/\/luxurycandlesupplies.eu\/?s={search_term_string}"},"query-input":{"@type":"PropertyValueSpecification","valueRequired":true,"valueName":"search_term_string"}}],"inLanguage":"fr-FR"},{"@type":"Organization","@id":"https:\/\/luxurycandlesupplies.eu\/#organization","name":"Anvers Fournitures de bougies de luxe","url":"https:\/\/luxurycandlesupplies.eu\/","logo":{"@type":"ImageObject","inLanguage":"fr-FR","@id":"https:\/\/luxurycandlesupplies.eu\/#\/schema\/logo\/image\/","url":"https:\/\/luxurycandlesupplies.eu\/app\/uploads\/2022\/03\/antwerp-luxury-candle-supplies-1x.png","contentUrl":"https:\/\/luxurycandlesupplies.eu\/app\/uploads\/2022\/03\/antwerp-luxury-candle-supplies-1x.png","width":330,"height":60,"caption":"Antwerp Luxury Candle Supplies"},"image":{"@id":"https:\/\/luxurycandlesupplies.eu\/#\/schema\/logo\/image\/"},"sameAs":["https:\/\/www.facebook.com\/Antwerpluxurycandlesupplies\/","https:\/\/www.instagram.com\/antwerp_luxury_candle_supplies\/","https:\/\/pin.it\/7joOXRW"]}]}},"_links":{"self":[{"href":"https:\/\/luxurycandlesupplies.eu\/fr\/wp-json\/wp\/v2\/product\/17881","targetHints":{"allow":["GET"]}}],"collection":[{"href":"https:\/\/luxurycandlesupplies.eu\/fr\/wp-json\/wp\/v2\/product"}],"about":[{"href":"https:\/\/luxurycandlesupplies.eu\/fr\/wp-json\/wp\/v2\/types\/product"}],"wp:featuredmedia":[{"embeddable":true,"href":"https:\/\/luxurycandlesupplies.eu\/fr\/wp-json\/wp\/v2\/media\/17890"}],"wp:attachment":[{"href":"https:\/\/luxurycandlesupplies.eu\/fr\/wp-json\/wp\/v2\/media?parent=17881"}],"wp:term":[{"taxonomy":"product_brand","embeddable":true,"href":"https:\/\/luxurycandlesupplies.eu\/fr\/wp-json\/wp\/v2\/product_brand?post=17881"},{"taxonomy":"product_cat","embeddable":true,"href":"https:\/\/luxurycandlesupplies.eu\/fr\/wp-json\/wp\/v2\/product_cat?post=17881"},{"taxonomy":"product_tag","embeddable":true,"href":"https:\/\/luxurycandlesupplies.eu\/fr\/wp-json\/wp\/v2\/product_tag?post=17881"}],"curies":[{"name":"wp","href":"https:\/\/api.w.org\/{rel}","templated":true}]}}