{"id":1907,"date":"2022-05-10T20:16:58","date_gmt":"2022-05-10T18:16:58","guid":{"rendered":"https:\/\/luxurycandlesupplies.eu\/?post_type=product&#038;p=1907"},"modified":"2026-05-06T10:47:27","modified_gmt":"2026-05-06T08:47:27","slug":"pot-renee-noir-mat","status":"publish","type":"product","link":"https:\/\/luxurycandlesupplies.eu\/fr\/product\/renee-jar-matte-black\/","title":{"rendered":"Bocal Renee - Noir mat"},"content":{"rendered":"<h4>DESCRIPTION<\/h4>\n<p>&nbsp;<\/p>\n<div class=\"product info detailed after-content\">\n<div class=\"product data items\">\n<div class=\"product-data-items-content\">\n<div id=\"attributedescription\" class=\"data item content\" role=\"tabpanel\" data-role=\"content\" aria-labelledby=\"tab-label-attributedescription\" aria-hidden=\"false\">\n<div class=\"product attribute description\">\n<div class=\"value\">\n<p>Disponible en vente \u00e0 l'unit\u00e9, ce verre de haute qualit\u00e9 fabriqu\u00e9 \u00e0 la main pr\u00e9sente un profil contemporain, ce qui en fait un objet incontournable pour les bougies.<br \/>\nLe pot Renee a une contenance de 450 ml et ces pots ont \u00e9t\u00e9 sp\u00e9cialement con\u00e7us dans un souci de qualit\u00e9 et de clart\u00e9.<\/p>\n<p>Comme pour tous nos pots, la gamme de verre de Luxury Candle Supplies utilise un processus de production par moulage manuel plut\u00f4t que par soufflage ou automatisation. Cela garantit que notre gamme de verre est plus solide, plus s\u00fbre et plus r\u00e9sistante \u00e0 la chaleur que d'autres sur le march\u00e9.<\/p>\n<p>Les verres LCS sont test\u00e9s \u00e0 la bougie lors de la phase de production. Cela signifie qu'ils ont une meilleure adh\u00e9rence \u00e0 la cire que les autres cires disponibles sur le march\u00e9.<\/p>\n<p>Ne passe pas au lave-vaisselle, nous recommandons d'utiliser un chiffon humide pour essuyer l'exc\u00e8s de poussi\u00e8re \u00e0 l'int\u00e9rieur seulement.<\/p>\n<p><strong>IMPORTANT ! Veuillez noter qu'en raison du processus de fabrication \u00e0 la main de ce r\u00e9cipient, la consistance et la coloration de cette jarre sont sujettes \u00e0 des changements. Chaque jarre est fabriqu\u00e9e individuellement \u00e0 la main et pr\u00e9sente donc un motif unique avec son propre caract\u00e8re.<\/strong><\/p>\n<p>&nbsp;<\/p>\n<\/div>\n<\/div>\n<\/div>\n<\/div>\n<\/div>\n<\/div>","protected":false},"excerpt":{"rendered":"<h3>SPECIFICATION<\/h3>\n<div class=\"woocommerce-tabs wc-tabs-wrapper\">\n<div id=\"tab-description\" class=\"woocommerce-Tabs-panel woocommerce-Tabs-panel--description panel entry-content wc-tab\" role=\"tabpanel\" aria-labelledby=\"tab-title-description\">\n<p><strong>Dimensions ext\u00e9rieures<\/strong>Dimensions : 75mmW (diam\u00e8tre sup\u00e9rieur) x 120mm (hauteur) \/\/ 50mmW (diam\u00e8tre de la base)<br \/>\n<strong>Dimensions int\u00e9rieures<\/strong>Dimensions : 68mmL (diam\u00e8tre sup\u00e9rieur) x 110mm (hauteur) \/\/ 90mmL (diam\u00e8tre le plus large)<br \/>\n<strong>Capacit\u00e9 du navire<\/strong>: 450ml<br \/>\n<strong>Poids du navire<\/strong>: 200g<\/p>\n<p><strong>Taille de m\u00e8che adapt\u00e9e<\/strong>: <a href=\"https:\/\/luxurycandlesupplies.eu\/fr\/produit\/meches-de-lcs-85\/\" target=\"_blank\" rel=\"noopener\">LCS85<\/a><br \/>\n*Nous recommandons aux utilisateurs d'effectuer leurs propres tests de m\u00e8che avec les diff\u00e9rents m\u00e9langes de cire et d'huile qu'ils ont l'intention d'utiliser.<\/p>\n<p><strong>Taille du carton<\/strong>: 32 unit\u00e9s<\/p>\n<p>&nbsp;<\/p>\n<p><strong>IMPORTANT !<\/strong> Veuillez noter que la photo du produit peut diff\u00e9rer de l'article r\u00e9el en termes de couleur en raison de l'\u00e9clairage et\/ou de la fabrication.<\/p>\n<\/div>\n<\/div>\n<section class=\"related products\"><\/section>","protected":false},"featured_media":15794,"template":"","meta":{"_acf_changed":false,"site-sidebar-layout":"default","site-content-layout":"default","ast-site-content-layout":"default","site-content-style":"default","site-sidebar-style":"default","ast-global-header-display":"","ast-banner-title-visibility":"","ast-main-header-display":"","ast-hfb-above-header-display":"","ast-hfb-below-header-display":"","ast-hfb-mobile-header-display":"","site-post-title":"","ast-breadcrumbs-content":"","ast-featured-img":"","footer-sml-layout":"","ast-disable-related-posts":"","theme-transparent-header-meta":"default","adv-header-id-meta":"","stick-header-meta":"","header-above-stick-meta":"","header-main-stick-meta":"","header-below-stick-meta":"","astra-migrate-meta-layouts":"set","ast-page-background-enabled":"default","ast-page-background-meta":{"desktop":{"background-color":"","background-image":"","background-repeat":"repeat","background-position":"center center","background-size":"auto","background-attachment":"scroll","background-type":"","background-media":"","overlay-type":"","overlay-color":"","overlay-opacity":"","overlay-gradient":""},"tablet":{"background-color":"","background-image":"","background-repeat":"repeat","background-position":"center center","background-size":"auto","background-attachment":"scroll","background-type":"","background-media":"","overlay-type":"","overlay-color":"","overlay-opacity":"","overlay-gradient":""},"mobile":{"background-color":"","background-image":"","background-repeat":"repeat","background-position":"center center","background-size":"auto","background-attachment":"scroll","background-type":"","background-media":"","overlay-type":"","overlay-color":"","overlay-opacity":"","overlay-gradient":""}},"ast-content-background-meta":{"desktop":{"background-color":"var(--ast-global-color-5)","background-image":"","background-repeat":"repeat","background-position":"center center","background-size":"auto","background-attachment":"scroll","background-type":"","background-media":"","overlay-type":"","overlay-color":"","overlay-opacity":"","overlay-gradient":""},"tablet":{"background-color":"var(--ast-global-color-5)","background-image":"","background-repeat":"repeat","background-position":"center center","background-size":"auto","background-attachment":"scroll","background-type":"","background-media":"","overlay-type":"","overlay-color":"","overlay-opacity":"","overlay-gradient":""},"mobile":{"background-color":"var(--ast-global-color-5)","background-image":"","background-repeat":"repeat","background-position":"center center","background-size":"auto","background-attachment":"scroll","background-type":"","background-media":"","overlay-type":"","overlay-color":"","overlay-opacity":"","overlay-gradient":""}}},"product_brand":[],"product_cat":[145,1580],"product_tag":[149,188,150,221,117],"class_list":{"0":"post-1907","1":"product","2":"type-product","3":"status-publish","4":"has-post-thumbnail","6":"product_cat-renee-collection","7":"product_cat-renee-collection-renee-collection","8":"product_tag-black","9":"product_tag-matte-black","10":"product_tag-renee","11":"product_tag-renee-frosted-black","12":"product_tag-renee-jar","13":"desktop-align-left","14":"tablet-align-left","15":"mobile-align-left","16":"ast-product-gallery-layout-horizontal-slider","17":"ast-product-tabs-layout-horizontal","19":"first","20":"outofstock","21":"sale","22":"taxable","23":"shipping-taxable","24":"purchasable","25":"product-type-simple"},"acf":[],"yoast_head":"<title>Renee Jar - Matte Black - Antwerp Luxury Candle Supplies<\/title>\n<meta name=\"robots\" content=\"index, follow, max-snippet:-1, max-image-preview:large, max-video-preview:-1\" \/>\n<link rel=\"canonical\" href=\"https:\/\/luxurycandlesupplies.eu\/fr\/produit\/pot-renee-noir-mat\/\" \/>\n<meta property=\"og:locale\" content=\"fr_FR\" \/>\n<meta property=\"og:type\" content=\"article\" \/>\n<meta property=\"og:title\" content=\"Renee Jar - Matte Black - Antwerp Luxury Candle Supplies\" \/>\n<meta property=\"og:description\" content=\"SPECIFICATION    External Dimensions: 75mmW (top diameter) x 120mm (height) \/\/ 50mmW (base diameter) Inner Dimensions: 68mmW (top diameter) x 110mm (height) \/\/ 90mmW (widest diameter) Vessel capacity: 450ml Vessel weight: 200g  Suitable wick size: LCS85 *Please note, we recommend users conduct their own wick tests with different blends of wax and oil that they intend to use.  Carton size: 32 units  &nbsp;  IMPORTANT! Please note, product photo may differ from actual item in terms of colour due to lighting and\/or manufacturing.\" \/>\n<meta property=\"og:url\" content=\"https:\/\/luxurycandlesupplies.eu\/fr\/produit\/pot-renee-noir-mat\/\" \/>\n<meta property=\"og:site_name\" content=\"Antwerp Luxury Candle Supplies\" \/>\n<meta property=\"article:publisher\" content=\"https:\/\/www.facebook.com\/Antwerpluxurycandlesupplies\/\" \/>\n<meta property=\"article:modified_time\" content=\"2026-05-06T08:47:27+00:00\" \/>\n<meta property=\"og:image\" content=\"https:\/\/luxurycandlesupplies.eu\/app\/uploads\/2022\/05\/lcs_renee_matte-black.jpg\" \/>\n\t<meta property=\"og:image:width\" content=\"1080\" \/>\n\t<meta property=\"og:image:height\" content=\"1080\" \/>\n\t<meta property=\"og:image:type\" content=\"image\/jpeg\" \/>\n<meta name=\"twitter:card\" content=\"summary_large_image\" \/>\n<meta name=\"twitter:label1\" content=\"Dur\u00e9e de lecture estim\u00e9e\" \/>\n\t<meta name=\"twitter:data1\" content=\"1 minute\" \/>\n<script type=\"application\/ld+json\" class=\"yoast-schema-graph\">{\"@context\":\"https:\\\/\\\/schema.org\",\"@graph\":[{\"@type\":\"WebPage\",\"@id\":\"https:\\\/\\\/luxurycandlesupplies.eu\\\/product\\\/renee-jar-matte-black\\\/\",\"url\":\"https:\\\/\\\/luxurycandlesupplies.eu\\\/product\\\/renee-jar-matte-black\\\/\",\"name\":\"Renee Jar - Matte Black - Antwerp Luxury Candle Supplies\",\"isPartOf\":{\"@id\":\"https:\\\/\\\/luxurycandlesupplies.eu\\\/#website\"},\"primaryImageOfPage\":{\"@id\":\"https:\\\/\\\/luxurycandlesupplies.eu\\\/product\\\/renee-jar-matte-black\\\/#primaryimage\"},\"image\":{\"@id\":\"https:\\\/\\\/luxurycandlesupplies.eu\\\/product\\\/renee-jar-matte-black\\\/#primaryimage\"},\"thumbnailUrl\":\"https:\\\/\\\/luxurycandlesupplies.eu\\\/app\\\/uploads\\\/2022\\\/05\\\/lcs_renee_matte-black.jpg\",\"datePublished\":\"2022-05-10T18:16:58+00:00\",\"dateModified\":\"2026-05-06T08:47:27+00:00\",\"breadcrumb\":{\"@id\":\"https:\\\/\\\/luxurycandlesupplies.eu\\\/product\\\/renee-jar-matte-black\\\/#breadcrumb\"},\"inLanguage\":\"fr-FR\",\"potentialAction\":[{\"@type\":\"ReadAction\",\"target\":[\"https:\\\/\\\/luxurycandlesupplies.eu\\\/product\\\/renee-jar-matte-black\\\/\"]}]},{\"@type\":\"ImageObject\",\"inLanguage\":\"fr-FR\",\"@id\":\"https:\\\/\\\/luxurycandlesupplies.eu\\\/product\\\/renee-jar-matte-black\\\/#primaryimage\",\"url\":\"https:\\\/\\\/luxurycandlesupplies.eu\\\/app\\\/uploads\\\/2022\\\/05\\\/lcs_renee_matte-black.jpg\",\"contentUrl\":\"https:\\\/\\\/luxurycandlesupplies.eu\\\/app\\\/uploads\\\/2022\\\/05\\\/lcs_renee_matte-black.jpg\",\"width\":1080,\"height\":1080},{\"@type\":\"BreadcrumbList\",\"@id\":\"https:\\\/\\\/luxurycandlesupplies.eu\\\/product\\\/renee-jar-matte-black\\\/#breadcrumb\",\"itemListElement\":[{\"@type\":\"ListItem\",\"position\":1,\"name\":\"Home\",\"item\":\"https:\\\/\\\/luxurycandlesupplies.eu\\\/\"},{\"@type\":\"ListItem\",\"position\":2,\"name\":\"Shop\",\"item\":\"https:\\\/\\\/luxurycandlesupplies.eu\\\/shop\\\/\"},{\"@type\":\"ListItem\",\"position\":3,\"name\":\"Renee Jar &#8211; Matte Black\"}]},{\"@type\":\"WebSite\",\"@id\":\"https:\\\/\\\/luxurycandlesupplies.eu\\\/#website\",\"url\":\"https:\\\/\\\/luxurycandlesupplies.eu\\\/\",\"name\":\"Antwerp Luxury Candle Supplies\",\"description\":\"Distributor of all seasons soy wax\",\"publisher\":{\"@id\":\"https:\\\/\\\/luxurycandlesupplies.eu\\\/#organization\"},\"potentialAction\":[{\"@type\":\"SearchAction\",\"target\":{\"@type\":\"EntryPoint\",\"urlTemplate\":\"https:\\\/\\\/luxurycandlesupplies.eu\\\/?s={search_term_string}\"},\"query-input\":{\"@type\":\"PropertyValueSpecification\",\"valueRequired\":true,\"valueName\":\"search_term_string\"}}],\"inLanguage\":\"fr-FR\"},{\"@type\":\"Organization\",\"@id\":\"https:\\\/\\\/luxurycandlesupplies.eu\\\/#organization\",\"name\":\"Antwerp Luxury Candle Supplies\",\"url\":\"https:\\\/\\\/luxurycandlesupplies.eu\\\/\",\"logo\":{\"@type\":\"ImageObject\",\"inLanguage\":\"fr-FR\",\"@id\":\"https:\\\/\\\/luxurycandlesupplies.eu\\\/#\\\/schema\\\/logo\\\/image\\\/\",\"url\":\"https:\\\/\\\/luxurycandlesupplies.eu\\\/app\\\/uploads\\\/2022\\\/03\\\/antwerp-luxury-candle-supplies-1x.png\",\"contentUrl\":\"https:\\\/\\\/luxurycandlesupplies.eu\\\/app\\\/uploads\\\/2022\\\/03\\\/antwerp-luxury-candle-supplies-1x.png\",\"width\":330,\"height\":60,\"caption\":\"Antwerp Luxury Candle Supplies\"},\"image\":{\"@id\":\"https:\\\/\\\/luxurycandlesupplies.eu\\\/#\\\/schema\\\/logo\\\/image\\\/\"},\"sameAs\":[\"https:\\\/\\\/www.facebook.com\\\/Antwerpluxurycandlesupplies\\\/\",\"https:\\\/\\\/www.instagram.com\\\/antwerp_luxury_candle_supplies\\\/\",\"https:\\\/\\\/pin.it\\\/7joOXRW\"]}]}<\/script>","yoast_head_json":{"title":"Renee Jar - Matte Black - Antwerp Luxury Candle Supplies","robots":{"index":"index","follow":"follow","max-snippet":"max-snippet:-1","max-image-preview":"max-image-preview:large","max-video-preview":"max-video-preview:-1"},"canonical":"https:\/\/luxurycandlesupplies.eu\/fr\/produit\/pot-renee-noir-mat\/","og_locale":"fr_FR","og_type":"article","og_title":"Renee Jar - Matte Black - Antwerp Luxury Candle Supplies","og_description":"SPECIFICATION    External Dimensions: 75mmW (top diameter) x 120mm (height) \/\/ 50mmW (base diameter) Inner Dimensions: 68mmW (top diameter) x 110mm (height) \/\/ 90mmW (widest diameter) Vessel capacity: 450ml Vessel weight: 200g  Suitable wick size: LCS85 *Please note, we recommend users conduct their own wick tests with different blends of wax and oil that they intend to use.  Carton size: 32 units  &nbsp;  IMPORTANT! Please note, product photo may differ from actual item in terms of colour due to lighting and\/or manufacturing.","og_url":"https:\/\/luxurycandlesupplies.eu\/fr\/produit\/pot-renee-noir-mat\/","og_site_name":"Antwerp Luxury Candle Supplies","article_publisher":"https:\/\/www.facebook.com\/Antwerpluxurycandlesupplies\/","article_modified_time":"2026-05-06T08:47:27+00:00","og_image":[{"width":1080,"height":1080,"url":"https:\/\/luxurycandlesupplies.eu\/app\/uploads\/2022\/05\/lcs_renee_matte-black.jpg","type":"image\/jpeg"}],"twitter_card":"summary_large_image","twitter_misc":{"Dur\u00e9e de lecture estim\u00e9e":"1 minute"},"schema":{"@context":"https:\/\/schema.org","@graph":[{"@type":"WebPage","@id":"https:\/\/luxurycandlesupplies.eu\/product\/renee-jar-matte-black\/","url":"https:\/\/luxurycandlesupplies.eu\/product\/renee-jar-matte-black\/","name":"Renee Jar - Matte Black - Antwerp Luxury Candle Supplies","isPartOf":{"@id":"https:\/\/luxurycandlesupplies.eu\/#website"},"primaryImageOfPage":{"@id":"https:\/\/luxurycandlesupplies.eu\/product\/renee-jar-matte-black\/#primaryimage"},"image":{"@id":"https:\/\/luxurycandlesupplies.eu\/product\/renee-jar-matte-black\/#primaryimage"},"thumbnailUrl":"https:\/\/luxurycandlesupplies.eu\/app\/uploads\/2022\/05\/lcs_renee_matte-black.jpg","datePublished":"2022-05-10T18:16:58+00:00","dateModified":"2026-05-06T08:47:27+00:00","breadcrumb":{"@id":"https:\/\/luxurycandlesupplies.eu\/product\/renee-jar-matte-black\/#breadcrumb"},"inLanguage":"fr-FR","potentialAction":[{"@type":"ReadAction","target":["https:\/\/luxurycandlesupplies.eu\/product\/renee-jar-matte-black\/"]}]},{"@type":"ImageObject","inLanguage":"fr-FR","@id":"https:\/\/luxurycandlesupplies.eu\/product\/renee-jar-matte-black\/#primaryimage","url":"https:\/\/luxurycandlesupplies.eu\/app\/uploads\/2022\/05\/lcs_renee_matte-black.jpg","contentUrl":"https:\/\/luxurycandlesupplies.eu\/app\/uploads\/2022\/05\/lcs_renee_matte-black.jpg","width":1080,"height":1080},{"@type":"BreadcrumbList","@id":"https:\/\/luxurycandlesupplies.eu\/product\/renee-jar-matte-black\/#breadcrumb","itemListElement":[{"@type":"ListItem","position":1,"name":"Home","item":"https:\/\/luxurycandlesupplies.eu\/"},{"@type":"ListItem","position":2,"name":"Shop","item":"https:\/\/luxurycandlesupplies.eu\/shop\/"},{"@type":"ListItem","position":3,"name":"Renee Jar &#8211; Matte Black"}]},{"@type":"WebSite","@id":"https:\/\/luxurycandlesupplies.eu\/#website","url":"https:\/\/luxurycandlesupplies.eu\/","name":"Anvers Fournitures de bougies de luxe","description":"Distributeur de cire de soja toutes saisons","publisher":{"@id":"https:\/\/luxurycandlesupplies.eu\/#organization"},"potentialAction":[{"@type":"SearchAction","target":{"@type":"EntryPoint","urlTemplate":"https:\/\/luxurycandlesupplies.eu\/?s={search_term_string}"},"query-input":{"@type":"PropertyValueSpecification","valueRequired":true,"valueName":"search_term_string"}}],"inLanguage":"fr-FR"},{"@type":"Organization","@id":"https:\/\/luxurycandlesupplies.eu\/#organization","name":"Anvers Fournitures de bougies de luxe","url":"https:\/\/luxurycandlesupplies.eu\/","logo":{"@type":"ImageObject","inLanguage":"fr-FR","@id":"https:\/\/luxurycandlesupplies.eu\/#\/schema\/logo\/image\/","url":"https:\/\/luxurycandlesupplies.eu\/app\/uploads\/2022\/03\/antwerp-luxury-candle-supplies-1x.png","contentUrl":"https:\/\/luxurycandlesupplies.eu\/app\/uploads\/2022\/03\/antwerp-luxury-candle-supplies-1x.png","width":330,"height":60,"caption":"Antwerp Luxury Candle Supplies"},"image":{"@id":"https:\/\/luxurycandlesupplies.eu\/#\/schema\/logo\/image\/"},"sameAs":["https:\/\/www.facebook.com\/Antwerpluxurycandlesupplies\/","https:\/\/www.instagram.com\/antwerp_luxury_candle_supplies\/","https:\/\/pin.it\/7joOXRW"]}]}},"_links":{"self":[{"href":"https:\/\/luxurycandlesupplies.eu\/fr\/wp-json\/wp\/v2\/product\/1907","targetHints":{"allow":["GET"]}}],"collection":[{"href":"https:\/\/luxurycandlesupplies.eu\/fr\/wp-json\/wp\/v2\/product"}],"about":[{"href":"https:\/\/luxurycandlesupplies.eu\/fr\/wp-json\/wp\/v2\/types\/product"}],"wp:featuredmedia":[{"embeddable":true,"href":"https:\/\/luxurycandlesupplies.eu\/fr\/wp-json\/wp\/v2\/media\/15794"}],"wp:attachment":[{"href":"https:\/\/luxurycandlesupplies.eu\/fr\/wp-json\/wp\/v2\/media?parent=1907"}],"wp:term":[{"taxonomy":"product_brand","embeddable":true,"href":"https:\/\/luxurycandlesupplies.eu\/fr\/wp-json\/wp\/v2\/product_brand?post=1907"},{"taxonomy":"product_cat","embeddable":true,"href":"https:\/\/luxurycandlesupplies.eu\/fr\/wp-json\/wp\/v2\/product_cat?post=1907"},{"taxonomy":"product_tag","embeddable":true,"href":"https:\/\/luxurycandlesupplies.eu\/fr\/wp-json\/wp\/v2\/product_tag?post=1907"}],"curies":[{"name":"wp","href":"https:\/\/api.w.org\/{rel}","templated":true}]}}