{"id":1949,"date":"2022-05-10T21:24:27","date_gmt":"2022-05-10T19:24:27","guid":{"rendered":"https:\/\/luxurycandlesupplies.eu\/?post_type=product&#038;p=1949"},"modified":"2026-04-07T15:30:18","modified_gmt":"2026-04-07T13:30:18","slug":"grand-couvercle-en-plastique-noir-mat","status":"publish","type":"product","link":"https:\/\/luxurycandlesupplies.eu\/fr\/product\/large-plastic-lid-matte-black\/","title":{"rendered":"Grand couvercle en plastique - noir mat"},"content":{"rendered":"<div class=\"woocommerce-tabs wc-tabs-wrapper\">\n<div id=\"tab-description\" class=\"woocommerce-Tabs-panel woocommerce-Tabs-panel--description panel entry-content wc-tab\" role=\"tabpanel\" aria-labelledby=\"tab-title-description\">\n<h2>DESCRIPTION<\/h2>\n<hr \/>\n<div><\/div>\n<p>Les couvercles de Luxury Candle Supplies sont les compagnons parfaits des bougies - ils donnent aux pots une finition parfaite et offrent un emplacement id\u00e9al pour votre marque.<\/p>\n<p>Saviez-vous que nos couvercles sont dot\u00e9s d'un \u00e9l\u00e9ment fonctionnel qui vient s'ajouter \u00e0 l'esth\u00e9tique agr\u00e9able ?<br \/>\nL'utilisation d'un couvercle permet de sceller le parfum, ce qui donne \u00e0 votre bougie coul\u00e9e une dur\u00e9e de conservation plus longue et un parfum plus intense.<br \/>\nLe transport vers et depuis les march\u00e9s ou la livraison aux clients ne posent aucun probl\u00e8me.<\/p>\n<p>&nbsp;<\/p>\n<h3>CARACT\u00c9RISTIQUES TECHNIQUES<\/h3>\n<hr \/>\n<div><\/div>\n<p><strong>Dimensions<\/strong>: 92 mm x 92 mm x 15 mm<br \/>\n<strong>Poids<\/strong>: 50g<br \/>\n<strong>R\u00e9cipients appropri\u00e9s<\/strong>: <a href=\"https:\/\/luxurycandlesupplies.eu\/fr\/categorie-de-produits\/photophores\/collection-vogue\/vogue-large\/\">Grand Vogue<\/a>, <a href=\"https:\/\/luxurycandlesupplies.eu\/fr\/categorie-de-produits\/photophores\/collection-urbaine\/pot-urbain-collection-urbaine\/\">Grand Urban<\/a><\/p>\n<p>Disponible en unit\u00e9s individuelles.<\/p>\n<p>Veuillez noter que la photo du produit peut diff\u00e9rer de l'article r\u00e9el en termes de couleur en raison de l'\u00e9clairage et\/ou de la fabrication.<\/p>\n<p>&nbsp;<\/p>\n<\/div>\n<\/div>","protected":false},"excerpt":{"rendered":"<h2>DESCRIPTION<\/h2>\n<hr \/>\n<div><\/div>\n<p>Les couvercles de Luxury Candle Supplies sont les compagnons parfaits des bougies - ils donnent aux pots une finition parfaite et offrent un emplacement id\u00e9al pour votre marque.<\/p>\n<p>Saviez-vous que nos couvercles sont dot\u00e9s d'un \u00e9l\u00e9ment fonctionnel qui vient s'ajouter \u00e0 l'esth\u00e9tique agr\u00e9able ?<br \/>\nL'utilisation d'un couvercle permet de sceller le parfum, ce qui donne \u00e0 votre bougie coul\u00e9e une dur\u00e9e de conservation plus longue et un parfum plus fort !<br \/>\nLe transport vers et depuis les march\u00e9s ou la livraison aux clients ne posent aucun probl\u00e8me !<\/p>\n<p>&nbsp;<\/p>\n<h3>CARACT\u00c9RISTIQUES TECHNIQUES<\/h3>\n<hr \/>\n<div><\/div>\n<p><strong>Dimensions<\/strong>: 92 mm x 92 mm x 15 mm<br \/>\n<strong>Poids<\/strong>: 50g<br \/>\n<strong>R\u00e9cipients appropri\u00e9s<\/strong>: <a href=\"https:\/\/luxurycandlesupplies.eu\/fr\/categorie-de-produits\/photophores\/collection-vogue\/vogue-large\/\">Grand Vogue<\/a>, <a href=\"https:\/\/luxurycandlesupplies.eu\/fr\/categorie-de-produits\/photophores\/collection-urbaine\/pot-urbain-collection-urbaine\/\">Grand Urban<\/a><\/p>\n<p>Disponible en unit\u00e9s individuelles.<\/p>\n<p>Veuillez noter que la photo du produit peut diff\u00e9rer de l'article r\u00e9el en termes de couleur en raison de l'\u00e9clairage et\/ou de la fabrication.<\/p>","protected":false},"featured_media":1950,"template":"","meta":{"_acf_changed":false,"site-sidebar-layout":"default","site-content-layout":"default","ast-site-content-layout":"default","site-content-style":"default","site-sidebar-style":"default","ast-global-header-display":"","ast-banner-title-visibility":"","ast-main-header-display":"","ast-hfb-above-header-display":"","ast-hfb-below-header-display":"","ast-hfb-mobile-header-display":"","site-post-title":"","ast-breadcrumbs-content":"","ast-featured-img":"","footer-sml-layout":"","ast-disable-related-posts":"","theme-transparent-header-meta":"default","adv-header-id-meta":"","stick-header-meta":"","header-above-stick-meta":"","header-main-stick-meta":"","header-below-stick-meta":"","astra-migrate-meta-layouts":"default","ast-page-background-enabled":"default","ast-page-background-meta":{"desktop":{"background-color":"","background-image":"","background-repeat":"repeat","background-position":"center center","background-size":"auto","background-attachment":"scroll","background-type":"","background-media":"","overlay-type":"","overlay-color":"","overlay-opacity":"","overlay-gradient":""},"tablet":{"background-color":"","background-image":"","background-repeat":"repeat","background-position":"center center","background-size":"auto","background-attachment":"scroll","background-type":"","background-media":"","overlay-type":"","overlay-color":"","overlay-opacity":"","overlay-gradient":""},"mobile":{"background-color":"","background-image":"","background-repeat":"repeat","background-position":"center center","background-size":"auto","background-attachment":"scroll","background-type":"","background-media":"","overlay-type":"","overlay-color":"","overlay-opacity":"","overlay-gradient":""}},"ast-content-background-meta":{"desktop":{"background-color":"var(--ast-global-color-5)","background-image":"","background-repeat":"repeat","background-position":"center center","background-size":"auto","background-attachment":"scroll","background-type":"","background-media":"","overlay-type":"","overlay-color":"","overlay-opacity":"","overlay-gradient":""},"tablet":{"background-color":"var(--ast-global-color-5)","background-image":"","background-repeat":"repeat","background-position":"center center","background-size":"auto","background-attachment":"scroll","background-type":"","background-media":"","overlay-type":"","overlay-color":"","overlay-opacity":"","overlay-gradient":""},"mobile":{"background-color":"var(--ast-global-color-5)","background-image":"","background-repeat":"repeat","background-position":"center center","background-size":"auto","background-attachment":"scroll","background-type":"","background-media":"","overlay-type":"","overlay-color":"","overlay-opacity":"","overlay-gradient":""}}},"product_brand":[],"product_cat":[444,1578,368,250,72,74],"product_tag":[],"class_list":{"0":"post-1949","1":"product","2":"type-product","3":"status-publish","4":"has-post-thumbnail","6":"product_cat-candle-lids-2","7":"product_cat-candle-lids-packaging-lids","8":"product_cat-candle-lids-urban-jar-urban-collection","9":"product_cat-candle-lids","10":"product_cat-urban-collection","11":"product_cat-urban-jar-urban-collection","12":"desktop-align-left","13":"tablet-align-left","14":"mobile-align-left","15":"ast-product-gallery-layout-horizontal-slider","16":"ast-product-gallery-with-no-image","17":"ast-product-tabs-layout-horizontal","19":"first","20":"instock","21":"taxable","22":"shipping-taxable","23":"purchasable","24":"product-type-simple"},"acf":[],"yoast_head":"<title>Large Plastic Lid - Matte Black - Antwerp Luxury Candle Supplies<\/title>\n<meta name=\"description\" content=\"Large Plastic Lid Ros\u00e9 Gold, suitable for Large Vogue Vessels &amp; the Large Urban Collection\" \/>\n<meta name=\"robots\" content=\"index, follow, max-snippet:-1, max-image-preview:large, max-video-preview:-1\" \/>\n<link rel=\"canonical\" href=\"https:\/\/luxurycandlesupplies.eu\/fr\/produit\/grand-couvercle-en-plastique-noir-mat\/\" \/>\n<meta property=\"og:locale\" content=\"fr_FR\" \/>\n<meta property=\"og:type\" content=\"article\" \/>\n<meta property=\"og:title\" content=\"Large Plastic Lid - Matte Black - Antwerp Luxury Candle Supplies\" \/>\n<meta property=\"og:description\" content=\"Large Plastic Lid Ros\u00e9 Gold, suitable for Large Vogue Vessels &amp; the Large Urban Collection\" \/>\n<meta property=\"og:url\" content=\"https:\/\/luxurycandlesupplies.eu\/fr\/produit\/grand-couvercle-en-plastique-noir-mat\/\" \/>\n<meta property=\"og:site_name\" content=\"Antwerp Luxury Candle Supplies\" \/>\n<meta property=\"article:publisher\" content=\"https:\/\/www.facebook.com\/Antwerpluxurycandlesupplies\/\" \/>\n<meta property=\"article:modified_time\" content=\"2026-04-07T13:30:18+00:00\" \/>\n<meta property=\"og:image\" content=\"https:\/\/luxurycandlesupplies.eu\/app\/uploads\/2022\/05\/Lid-metal-black-e1439113621570-270x270-1.jpg\" \/>\n\t<meta property=\"og:image:width\" content=\"270\" \/>\n\t<meta property=\"og:image:height\" content=\"270\" \/>\n\t<meta property=\"og:image:type\" content=\"image\/jpeg\" \/>\n<meta name=\"twitter:card\" content=\"summary_large_image\" \/>\n<meta name=\"twitter:label1\" content=\"Dur\u00e9e de lecture estim\u00e9e\" \/>\n\t<meta name=\"twitter:data1\" content=\"1 minute\" \/>\n<script type=\"application\/ld+json\" class=\"yoast-schema-graph\">{\"@context\":\"https:\\\/\\\/schema.org\",\"@graph\":[{\"@type\":\"WebPage\",\"@id\":\"https:\\\/\\\/luxurycandlesupplies.eu\\\/product\\\/large-plastic-lid-matte-black\\\/\",\"url\":\"https:\\\/\\\/luxurycandlesupplies.eu\\\/product\\\/large-plastic-lid-matte-black\\\/\",\"name\":\"Large Plastic Lid - Matte Black - Antwerp Luxury Candle Supplies\",\"isPartOf\":{\"@id\":\"https:\\\/\\\/luxurycandlesupplies.eu\\\/#website\"},\"primaryImageOfPage\":{\"@id\":\"https:\\\/\\\/luxurycandlesupplies.eu\\\/product\\\/large-plastic-lid-matte-black\\\/#primaryimage\"},\"image\":{\"@id\":\"https:\\\/\\\/luxurycandlesupplies.eu\\\/product\\\/large-plastic-lid-matte-black\\\/#primaryimage\"},\"thumbnailUrl\":\"https:\\\/\\\/luxurycandlesupplies.eu\\\/app\\\/uploads\\\/2022\\\/05\\\/Lid-metal-black-e1439113621570-270x270-1.jpg\",\"datePublished\":\"2022-05-10T19:24:27+00:00\",\"dateModified\":\"2026-04-07T13:30:18+00:00\",\"description\":\"Large Plastic Lid Ros\u00e9 Gold, suitable for Large Vogue Vessels & the Large Urban Collection\",\"breadcrumb\":{\"@id\":\"https:\\\/\\\/luxurycandlesupplies.eu\\\/product\\\/large-plastic-lid-matte-black\\\/#breadcrumb\"},\"inLanguage\":\"fr-FR\",\"potentialAction\":[{\"@type\":\"ReadAction\",\"target\":[\"https:\\\/\\\/luxurycandlesupplies.eu\\\/product\\\/large-plastic-lid-matte-black\\\/\"]}]},{\"@type\":\"ImageObject\",\"inLanguage\":\"fr-FR\",\"@id\":\"https:\\\/\\\/luxurycandlesupplies.eu\\\/product\\\/large-plastic-lid-matte-black\\\/#primaryimage\",\"url\":\"https:\\\/\\\/luxurycandlesupplies.eu\\\/app\\\/uploads\\\/2022\\\/05\\\/Lid-metal-black-e1439113621570-270x270-1.jpg\",\"contentUrl\":\"https:\\\/\\\/luxurycandlesupplies.eu\\\/app\\\/uploads\\\/2022\\\/05\\\/Lid-metal-black-e1439113621570-270x270-1.jpg\",\"width\":270,\"height\":270},{\"@type\":\"BreadcrumbList\",\"@id\":\"https:\\\/\\\/luxurycandlesupplies.eu\\\/product\\\/large-plastic-lid-matte-black\\\/#breadcrumb\",\"itemListElement\":[{\"@type\":\"ListItem\",\"position\":1,\"name\":\"Home\",\"item\":\"https:\\\/\\\/luxurycandlesupplies.eu\\\/\"},{\"@type\":\"ListItem\",\"position\":2,\"name\":\"Shop\",\"item\":\"https:\\\/\\\/luxurycandlesupplies.eu\\\/shop\\\/\"},{\"@type\":\"ListItem\",\"position\":3,\"name\":\"Large Plastic Lid &#8211; Matte Black\"}]},{\"@type\":\"WebSite\",\"@id\":\"https:\\\/\\\/luxurycandlesupplies.eu\\\/#website\",\"url\":\"https:\\\/\\\/luxurycandlesupplies.eu\\\/\",\"name\":\"Antwerp Luxury Candle Supplies\",\"description\":\"Distributor of all seasons soy wax\",\"publisher\":{\"@id\":\"https:\\\/\\\/luxurycandlesupplies.eu\\\/#organization\"},\"potentialAction\":[{\"@type\":\"SearchAction\",\"target\":{\"@type\":\"EntryPoint\",\"urlTemplate\":\"https:\\\/\\\/luxurycandlesupplies.eu\\\/?s={search_term_string}\"},\"query-input\":{\"@type\":\"PropertyValueSpecification\",\"valueRequired\":true,\"valueName\":\"search_term_string\"}}],\"inLanguage\":\"fr-FR\"},{\"@type\":\"Organization\",\"@id\":\"https:\\\/\\\/luxurycandlesupplies.eu\\\/#organization\",\"name\":\"Antwerp Luxury Candle Supplies\",\"url\":\"https:\\\/\\\/luxurycandlesupplies.eu\\\/\",\"logo\":{\"@type\":\"ImageObject\",\"inLanguage\":\"fr-FR\",\"@id\":\"https:\\\/\\\/luxurycandlesupplies.eu\\\/#\\\/schema\\\/logo\\\/image\\\/\",\"url\":\"https:\\\/\\\/luxurycandlesupplies.eu\\\/app\\\/uploads\\\/2022\\\/03\\\/antwerp-luxury-candle-supplies-1x.png\",\"contentUrl\":\"https:\\\/\\\/luxurycandlesupplies.eu\\\/app\\\/uploads\\\/2022\\\/03\\\/antwerp-luxury-candle-supplies-1x.png\",\"width\":330,\"height\":60,\"caption\":\"Antwerp Luxury Candle Supplies\"},\"image\":{\"@id\":\"https:\\\/\\\/luxurycandlesupplies.eu\\\/#\\\/schema\\\/logo\\\/image\\\/\"},\"sameAs\":[\"https:\\\/\\\/www.facebook.com\\\/Antwerpluxurycandlesupplies\\\/\",\"https:\\\/\\\/www.instagram.com\\\/antwerp_luxury_candle_supplies\\\/\",\"https:\\\/\\\/pin.it\\\/7joOXRW\"]}]}<\/script>","yoast_head_json":{"title":"Grand couvercle en plastique - Noir mat - Antwerp Luxury Candle Supplies","description":"Grand couvercle en plastique Ros\u00e9 Gold, convient aux grands r\u00e9cipients Vogue et \u00e0 la grande collection Urban","robots":{"index":"index","follow":"follow","max-snippet":"max-snippet:-1","max-image-preview":"max-image-preview:large","max-video-preview":"max-video-preview:-1"},"canonical":"https:\/\/luxurycandlesupplies.eu\/fr\/produit\/grand-couvercle-en-plastique-noir-mat\/","og_locale":"fr_FR","og_type":"article","og_title":"Large Plastic Lid - Matte Black - Antwerp Luxury Candle Supplies","og_description":"Large Plastic Lid Ros\u00e9 Gold, suitable for Large Vogue Vessels & the Large Urban Collection","og_url":"https:\/\/luxurycandlesupplies.eu\/fr\/produit\/grand-couvercle-en-plastique-noir-mat\/","og_site_name":"Antwerp Luxury Candle Supplies","article_publisher":"https:\/\/www.facebook.com\/Antwerpluxurycandlesupplies\/","article_modified_time":"2026-04-07T13:30:18+00:00","og_image":[{"width":270,"height":270,"url":"https:\/\/luxurycandlesupplies.eu\/app\/uploads\/2022\/05\/Lid-metal-black-e1439113621570-270x270-1.jpg","type":"image\/jpeg"}],"twitter_card":"summary_large_image","twitter_misc":{"Dur\u00e9e de lecture estim\u00e9e":"1 minute"},"schema":{"@context":"https:\/\/schema.org","@graph":[{"@type":"WebPage","@id":"https:\/\/luxurycandlesupplies.eu\/product\/large-plastic-lid-matte-black\/","url":"https:\/\/luxurycandlesupplies.eu\/product\/large-plastic-lid-matte-black\/","name":"Grand couvercle en plastique - Noir mat - Antwerp Luxury Candle Supplies","isPartOf":{"@id":"https:\/\/luxurycandlesupplies.eu\/#website"},"primaryImageOfPage":{"@id":"https:\/\/luxurycandlesupplies.eu\/product\/large-plastic-lid-matte-black\/#primaryimage"},"image":{"@id":"https:\/\/luxurycandlesupplies.eu\/product\/large-plastic-lid-matte-black\/#primaryimage"},"thumbnailUrl":"https:\/\/luxurycandlesupplies.eu\/app\/uploads\/2022\/05\/Lid-metal-black-e1439113621570-270x270-1.jpg","datePublished":"2022-05-10T19:24:27+00:00","dateModified":"2026-04-07T13:30:18+00:00","description":"Grand couvercle en plastique Ros\u00e9 Gold, convient aux grands r\u00e9cipients Vogue et \u00e0 la grande collection Urban","breadcrumb":{"@id":"https:\/\/luxurycandlesupplies.eu\/product\/large-plastic-lid-matte-black\/#breadcrumb"},"inLanguage":"fr-FR","potentialAction":[{"@type":"ReadAction","target":["https:\/\/luxurycandlesupplies.eu\/product\/large-plastic-lid-matte-black\/"]}]},{"@type":"ImageObject","inLanguage":"fr-FR","@id":"https:\/\/luxurycandlesupplies.eu\/product\/large-plastic-lid-matte-black\/#primaryimage","url":"https:\/\/luxurycandlesupplies.eu\/app\/uploads\/2022\/05\/Lid-metal-black-e1439113621570-270x270-1.jpg","contentUrl":"https:\/\/luxurycandlesupplies.eu\/app\/uploads\/2022\/05\/Lid-metal-black-e1439113621570-270x270-1.jpg","width":270,"height":270},{"@type":"BreadcrumbList","@id":"https:\/\/luxurycandlesupplies.eu\/product\/large-plastic-lid-matte-black\/#breadcrumb","itemListElement":[{"@type":"ListItem","position":1,"name":"Home","item":"https:\/\/luxurycandlesupplies.eu\/"},{"@type":"ListItem","position":2,"name":"Shop","item":"https:\/\/luxurycandlesupplies.eu\/shop\/"},{"@type":"ListItem","position":3,"name":"Large Plastic Lid &#8211; Matte Black"}]},{"@type":"WebSite","@id":"https:\/\/luxurycandlesupplies.eu\/#website","url":"https:\/\/luxurycandlesupplies.eu\/","name":"Anvers Fournitures de bougies de luxe","description":"Distributeur de cire de soja toutes saisons","publisher":{"@id":"https:\/\/luxurycandlesupplies.eu\/#organization"},"potentialAction":[{"@type":"SearchAction","target":{"@type":"EntryPoint","urlTemplate":"https:\/\/luxurycandlesupplies.eu\/?s={search_term_string}"},"query-input":{"@type":"PropertyValueSpecification","valueRequired":true,"valueName":"search_term_string"}}],"inLanguage":"fr-FR"},{"@type":"Organization","@id":"https:\/\/luxurycandlesupplies.eu\/#organization","name":"Anvers Fournitures de bougies de luxe","url":"https:\/\/luxurycandlesupplies.eu\/","logo":{"@type":"ImageObject","inLanguage":"fr-FR","@id":"https:\/\/luxurycandlesupplies.eu\/#\/schema\/logo\/image\/","url":"https:\/\/luxurycandlesupplies.eu\/app\/uploads\/2022\/03\/antwerp-luxury-candle-supplies-1x.png","contentUrl":"https:\/\/luxurycandlesupplies.eu\/app\/uploads\/2022\/03\/antwerp-luxury-candle-supplies-1x.png","width":330,"height":60,"caption":"Antwerp Luxury Candle Supplies"},"image":{"@id":"https:\/\/luxurycandlesupplies.eu\/#\/schema\/logo\/image\/"},"sameAs":["https:\/\/www.facebook.com\/Antwerpluxurycandlesupplies\/","https:\/\/www.instagram.com\/antwerp_luxury_candle_supplies\/","https:\/\/pin.it\/7joOXRW"]}]}},"_links":{"self":[{"href":"https:\/\/luxurycandlesupplies.eu\/fr\/wp-json\/wp\/v2\/product\/1949","targetHints":{"allow":["GET"]}}],"collection":[{"href":"https:\/\/luxurycandlesupplies.eu\/fr\/wp-json\/wp\/v2\/product"}],"about":[{"href":"https:\/\/luxurycandlesupplies.eu\/fr\/wp-json\/wp\/v2\/types\/product"}],"wp:featuredmedia":[{"embeddable":true,"href":"https:\/\/luxurycandlesupplies.eu\/fr\/wp-json\/wp\/v2\/media\/1950"}],"wp:attachment":[{"href":"https:\/\/luxurycandlesupplies.eu\/fr\/wp-json\/wp\/v2\/media?parent=1949"}],"wp:term":[{"taxonomy":"product_brand","embeddable":true,"href":"https:\/\/luxurycandlesupplies.eu\/fr\/wp-json\/wp\/v2\/product_brand?post=1949"},{"taxonomy":"product_cat","embeddable":true,"href":"https:\/\/luxurycandlesupplies.eu\/fr\/wp-json\/wp\/v2\/product_cat?post=1949"},{"taxonomy":"product_tag","embeddable":true,"href":"https:\/\/luxurycandlesupplies.eu\/fr\/wp-json\/wp\/v2\/product_tag?post=1949"}],"curies":[{"name":"wp","href":"https:\/\/api.w.org\/{rel}","templated":true}]}}