{"id":20226,"date":"2025-03-11T11:24:48","date_gmt":"2025-03-11T10:24:48","guid":{"rendered":"https:\/\/luxurycandlesupplies.eu\/?post_type=product&#038;p=20226"},"modified":"2026-05-05T13:02:48","modified_gmt":"2026-05-05T11:02:48","slug":"omgar-bleu-ciel","status":"publish","type":"product","link":"https:\/\/luxurycandlesupplies.eu\/fr\/product\/omg-jar-sky-blue\/","title":{"rendered":"Jarre OMG - Bleu"},"content":{"rendered":"<h2>Description<\/h2>\n<hr \/>\n<div><\/div>\n<p>Comme pour tous nos pots, la gamme de verre de Luxury Candle Supplies utilise un processus de production par moulage manuel plut\u00f4t que par soufflage ou automatisation. Cela garantit que notre gamme de verre est plus solide, plus s\u00fbre et plus r\u00e9sistante \u00e0 la chaleur que d'autres sur le march\u00e9.<\/p>\n<p>Les verres LCS sont test\u00e9s \u00e0 la bougie lors de la phase de production. Cela signifie qu'ils ont une meilleure adh\u00e9rence \u00e0 la cire que les autres cires disponibles sur le march\u00e9.<\/p>\n<p>Ne passe pas au lave-vaisselle, nous recommandons d'utiliser un chiffon humide pour essuyer l'exc\u00e8s de poussi\u00e8re \u00e0 l'int\u00e9rieur seulement.<\/p>\n<p>&nbsp;<\/p>\n<h3>CARACT\u00c9RISTIQUES TECHNIQUES<\/h3>\n<hr \/>\n<div><\/div>\n<p><strong>Dimensions ext\u00e9rieures<\/strong>: 105mm\u00d8 (haut) x 88mmH \/\/ approx. 120mm\u00d8 (point le plus large)<br \/>\n<strong>Dimensions int\u00e9rieures<\/strong>: 100mm\u00d8 (haut) x 80mmH<br \/>\n<strong>Capacit\u00e9 du navire<\/strong>: 600ml<br \/>\n<strong>Poids du navire<\/strong>: 320g<\/p>\n<p><strong>Taille de m\u00e8che sugg\u00e9r\u00e9e*<\/strong>:\u00a0<a href=\"https:\/\/luxurycandlesupplies.eu\/fr\/produit\/meches-de-lcs-55\/\" target=\"_blank\" rel=\"noopener\">Double m\u00e8che 2 x LCS55<\/a><br \/>\n*Nous recommandons aux utilisateurs d'effectuer leurs propres tests de m\u00e8che avec les diff\u00e9rents m\u00e9langes de cire et d'huile qu'ils ont l'intention d'utiliser.<br \/>\n<strong>Emballage sugg\u00e9r\u00e9<\/strong>: N\/A<\/p>\n<p>Disponible en unit\u00e9s individuelles.<strong><br \/>\nTaille du carton<\/strong>: 18 unit\u00e9s<\/p>\n<p>Veuillez noter que la photo du produit peut diff\u00e9rer de l'article r\u00e9el en termes de couleur en raison de l'\u00e9clairage et\/ou de la fabrication. Chaque pot est dot\u00e9 d'un motif distinctif. Notre nouveau lot de f\u00e9vrier peut pr\u00e9senter des variations de couleur et d'impression par rapport aux pots pr\u00e9c\u00e9dents. Ces variations sont normales et rendent chaque pi\u00e8ce unique.<\/p>","protected":false},"excerpt":{"rendered":"<h2>Description<\/h2>\n<hr \/>\n<div><\/div>\n<p>Comme pour tous nos pots, la gamme de verre de Luxury Candle Supplies utilise un processus de production par moulage manuel plut\u00f4t que par soufflage ou automatisation. Cela garantit que notre gamme de verre est plus solide, plus s\u00fbre et plus r\u00e9sistante \u00e0 la chaleur que d'autres sur le march\u00e9.<\/p>\n<p>Les verres LCS sont test\u00e9s \u00e0 la bougie lors de la phase de production. Cela signifie qu'ils ont une meilleure adh\u00e9rence \u00e0 la cire que les autres cires disponibles sur le march\u00e9.<\/p>\n<p>Ne passe pas au lave-vaisselle, nous recommandons d'utiliser un chiffon humide pour essuyer l'exc\u00e8s de poussi\u00e8re \u00e0 l'int\u00e9rieur seulement.<\/p>\n<p>&nbsp;<\/p>\n<h3>CARACT\u00c9RISTIQUES TECHNIQUES<\/h3>\n<hr \/>\n<div><\/div>\n<p><strong>Dimensions ext\u00e9rieures<\/strong>: 105mm\u00d8 (haut) x 88mmH \/\/ approx. 120mm\u00d8 (point le plus large)<br \/>\n<strong>Dimensions int\u00e9rieures<\/strong>: 100mm\u00d8 (haut) x 80mmH<br \/>\n<strong>Capacit\u00e9 du navire<\/strong>: 600ml<br \/>\n<strong>Poids du navire<\/strong>: 320g<\/p>\n<p><strong>Taille de m\u00e8che sugg\u00e9r\u00e9e*<\/strong>:\u00a0<a href=\"https:\/\/luxurycandlesupplies.eu\/fr\/produit\/meches-de-lcs-55\/\" target=\"_blank\" rel=\"noopener\">Double m\u00e8che 2 x LCS55<\/a><br \/>\n*Nous recommandons aux utilisateurs d'effectuer leurs propres tests de m\u00e8che avec les diff\u00e9rents m\u00e9langes de cire et d'huile qu'ils ont l'intention d'utiliser.<br \/>\n<strong>Emballage sugg\u00e9r\u00e9<\/strong>: N\/A<\/p>\n<p>Disponible en unit\u00e9s individuelles.<strong><br \/>\nTaille du carton<\/strong>: 18 unit\u00e9s<\/p>\n<p>Veuillez noter que la photo du produit peut diff\u00e9rer de l'article r\u00e9el en termes de couleur en raison de l'\u00e9clairage et\/ou de la fabrication. Chaque pot est dot\u00e9 d'un motif distinctif. Notre nouveau lot de f\u00e9vrier peut pr\u00e9senter des variations de couleur et d'impression par rapport aux pots pr\u00e9c\u00e9dents. Ces variations sont normales et rendent chaque pi\u00e8ce unique.<\/p>","protected":false},"featured_media":30278,"template":"","meta":{"_acf_changed":false,"site-sidebar-layout":"default","site-content-layout":"default","ast-site-content-layout":"default","site-content-style":"default","site-sidebar-style":"default","ast-global-header-display":"","ast-banner-title-visibility":"","ast-main-header-display":"","ast-hfb-above-header-display":"","ast-hfb-below-header-display":"","ast-hfb-mobile-header-display":"","site-post-title":"","ast-breadcrumbs-content":"","ast-featured-img":"","footer-sml-layout":"","ast-disable-related-posts":"","theme-transparent-header-meta":"default","adv-header-id-meta":"","stick-header-meta":"","header-above-stick-meta":"","header-main-stick-meta":"","header-below-stick-meta":"","astra-migrate-meta-layouts":"set","ast-page-background-enabled":"default","ast-page-background-meta":{"desktop":{"background-color":"","background-image":"","background-repeat":"repeat","background-position":"center center","background-size":"auto","background-attachment":"scroll","background-type":"","background-media":"","overlay-type":"","overlay-color":"","overlay-opacity":"","overlay-gradient":""},"tablet":{"background-color":"","background-image":"","background-repeat":"repeat","background-position":"center center","background-size":"auto","background-attachment":"scroll","background-type":"","background-media":"","overlay-type":"","overlay-color":"","overlay-opacity":"","overlay-gradient":""},"mobile":{"background-color":"","background-image":"","background-repeat":"repeat","background-position":"center center","background-size":"auto","background-attachment":"scroll","background-type":"","background-media":"","overlay-type":"","overlay-color":"","overlay-opacity":"","overlay-gradient":""}},"ast-content-background-meta":{"desktop":{"background-color":"var(--ast-global-color-5)","background-image":"","background-repeat":"repeat","background-position":"center center","background-size":"auto","background-attachment":"scroll","background-type":"","background-media":"","overlay-type":"","overlay-color":"","overlay-opacity":"","overlay-gradient":""},"tablet":{"background-color":"var(--ast-global-color-5)","background-image":"","background-repeat":"repeat","background-position":"center center","background-size":"auto","background-attachment":"scroll","background-type":"","background-media":"","overlay-type":"","overlay-color":"","overlay-opacity":"","overlay-gradient":""},"mobile":{"background-color":"var(--ast-global-color-5)","background-image":"","background-repeat":"repeat","background-position":"center center","background-size":"auto","background-attachment":"scroll","background-type":"","background-media":"","overlay-type":"","overlay-color":"","overlay-opacity":"","overlay-gradient":""}}},"product_brand":[],"product_cat":[67,1592],"product_tag":[149,1593],"class_list":{"0":"post-20226","1":"product","2":"type-product","3":"status-publish","4":"has-post-thumbnail","6":"product_cat-candlejars","7":"product_cat-omg-collection","8":"product_tag-black","9":"product_tag-omg","10":"desktop-align-left","11":"tablet-align-left","12":"mobile-align-left","13":"ast-product-gallery-layout-horizontal-slider","14":"ast-product-tabs-layout-horizontal","16":"first","17":"instock","18":"taxable","19":"shipping-taxable","20":"purchasable","21":"product-type-simple"},"acf":[],"yoast_head":"<title>OMG Jar - Blue - Antwerp Luxury Candle Supplies<\/title>\n<meta name=\"robots\" content=\"index, follow, max-snippet:-1, max-image-preview:large, max-video-preview:-1\" \/>\n<link rel=\"canonical\" href=\"https:\/\/luxurycandlesupplies.eu\/fr\/produit\/omgar-bleu-ciel\/\" \/>\n<meta property=\"og:locale\" content=\"fr_FR\" \/>\n<meta property=\"og:type\" content=\"article\" \/>\n<meta property=\"og:title\" content=\"OMG Jar - Blue - Antwerp Luxury Candle Supplies\" \/>\n<meta property=\"og:description\" content=\"Description     As with all our jars, Luxury Candle Supplies\u2019 Glass Range utilises a hand mould production process rather than blown or machine automation \u2013 this ensures our Glass Range are stronger, safer and have greater heat resistance than others on the market.  LCS Glassware are \u2018candle-tested\u2019 in the production phase. This means they\u2019ll have enhanced wax adhesion that other waxes on the market.  Not dishwasher safe, we recommend a damp cloth to wipe any excess dust from the inside only.  &nbsp; SPECIFICATIONS     External Dimensions: 105mm\u00d8 (top) x 88mmH \/\/ approx. 120mm\u00d8 (widest point) Inner Dimensions: 100mm\u00d8 (top) x 80mmH Vessel capacity: 600ml Vessel weight: 320g  Suggested wick size*:\u00a0Double-wick 2 x LCS55 *Please note, we recommend users conduct their own wick tests with different blends of wax and oil that they intend to use. Suggested packaging: N\/A  Available in single units. Carton size: 18 units  Please note, product photo may differ from actual item in terms of colour due to lighting and\/or manufacturing. Each vessel will be distinctively patterned. Our new February batch may show variations in colour and print compared to previous jars. These variations are normal and make each piece unique.\" \/>\n<meta property=\"og:url\" content=\"https:\/\/luxurycandlesupplies.eu\/fr\/produit\/omgar-bleu-ciel\/\" \/>\n<meta property=\"og:site_name\" content=\"Antwerp Luxury Candle Supplies\" \/>\n<meta property=\"article:publisher\" content=\"https:\/\/www.facebook.com\/Antwerpluxurycandlesupplies\/\" \/>\n<meta property=\"article:modified_time\" content=\"2026-05-05T11:02:48+00:00\" \/>\n<meta property=\"og:image\" content=\"https:\/\/luxurycandlesupplies.eu\/app\/uploads\/2026\/04\/I6A5566-web-1024x1024.jpg\" \/>\n\t<meta property=\"og:image:width\" content=\"1024\" \/>\n\t<meta property=\"og:image:height\" content=\"1024\" \/>\n\t<meta property=\"og:image:type\" content=\"image\/jpeg\" \/>\n<meta name=\"twitter:card\" content=\"summary_large_image\" \/>\n<meta name=\"twitter:label1\" content=\"Dur\u00e9e de lecture estim\u00e9e\" \/>\n\t<meta name=\"twitter:data1\" content=\"2 minutes\" \/>\n<script type=\"application\/ld+json\" class=\"yoast-schema-graph\">{\"@context\":\"https:\\\/\\\/schema.org\",\"@graph\":[{\"@type\":\"WebPage\",\"@id\":\"https:\\\/\\\/luxurycandlesupplies.eu\\\/product\\\/omg-jar-sky-blue\\\/\",\"url\":\"https:\\\/\\\/luxurycandlesupplies.eu\\\/product\\\/omg-jar-sky-blue\\\/\",\"name\":\"OMG Jar - Blue - Antwerp Luxury Candle Supplies\",\"isPartOf\":{\"@id\":\"https:\\\/\\\/luxurycandlesupplies.eu\\\/#website\"},\"primaryImageOfPage\":{\"@id\":\"https:\\\/\\\/luxurycandlesupplies.eu\\\/product\\\/omg-jar-sky-blue\\\/#primaryimage\"},\"image\":{\"@id\":\"https:\\\/\\\/luxurycandlesupplies.eu\\\/product\\\/omg-jar-sky-blue\\\/#primaryimage\"},\"thumbnailUrl\":\"https:\\\/\\\/luxurycandlesupplies.eu\\\/app\\\/uploads\\\/2026\\\/04\\\/I6A5566-web.jpg\",\"datePublished\":\"2025-03-11T10:24:48+00:00\",\"dateModified\":\"2026-05-05T11:02:48+00:00\",\"breadcrumb\":{\"@id\":\"https:\\\/\\\/luxurycandlesupplies.eu\\\/product\\\/omg-jar-sky-blue\\\/#breadcrumb\"},\"inLanguage\":\"fr-FR\",\"potentialAction\":[{\"@type\":\"ReadAction\",\"target\":[\"https:\\\/\\\/luxurycandlesupplies.eu\\\/product\\\/omg-jar-sky-blue\\\/\"]}]},{\"@type\":\"ImageObject\",\"inLanguage\":\"fr-FR\",\"@id\":\"https:\\\/\\\/luxurycandlesupplies.eu\\\/product\\\/omg-jar-sky-blue\\\/#primaryimage\",\"url\":\"https:\\\/\\\/luxurycandlesupplies.eu\\\/app\\\/uploads\\\/2026\\\/04\\\/I6A5566-web.jpg\",\"contentUrl\":\"https:\\\/\\\/luxurycandlesupplies.eu\\\/app\\\/uploads\\\/2026\\\/04\\\/I6A5566-web.jpg\",\"width\":2000,\"height\":2000},{\"@type\":\"BreadcrumbList\",\"@id\":\"https:\\\/\\\/luxurycandlesupplies.eu\\\/product\\\/omg-jar-sky-blue\\\/#breadcrumb\",\"itemListElement\":[{\"@type\":\"ListItem\",\"position\":1,\"name\":\"Home\",\"item\":\"https:\\\/\\\/luxurycandlesupplies.eu\\\/\"},{\"@type\":\"ListItem\",\"position\":2,\"name\":\"Shop\",\"item\":\"https:\\\/\\\/luxurycandlesupplies.eu\\\/shop\\\/\"},{\"@type\":\"ListItem\",\"position\":3,\"name\":\"OMG Jar &#8211; Blue\"}]},{\"@type\":\"WebSite\",\"@id\":\"https:\\\/\\\/luxurycandlesupplies.eu\\\/#website\",\"url\":\"https:\\\/\\\/luxurycandlesupplies.eu\\\/\",\"name\":\"Antwerp Luxury Candle Supplies\",\"description\":\"Distributor of all seasons soy wax\",\"publisher\":{\"@id\":\"https:\\\/\\\/luxurycandlesupplies.eu\\\/#organization\"},\"potentialAction\":[{\"@type\":\"SearchAction\",\"target\":{\"@type\":\"EntryPoint\",\"urlTemplate\":\"https:\\\/\\\/luxurycandlesupplies.eu\\\/?s={search_term_string}\"},\"query-input\":{\"@type\":\"PropertyValueSpecification\",\"valueRequired\":true,\"valueName\":\"search_term_string\"}}],\"inLanguage\":\"fr-FR\"},{\"@type\":\"Organization\",\"@id\":\"https:\\\/\\\/luxurycandlesupplies.eu\\\/#organization\",\"name\":\"Antwerp Luxury Candle Supplies\",\"url\":\"https:\\\/\\\/luxurycandlesupplies.eu\\\/\",\"logo\":{\"@type\":\"ImageObject\",\"inLanguage\":\"fr-FR\",\"@id\":\"https:\\\/\\\/luxurycandlesupplies.eu\\\/#\\\/schema\\\/logo\\\/image\\\/\",\"url\":\"https:\\\/\\\/luxurycandlesupplies.eu\\\/app\\\/uploads\\\/2022\\\/03\\\/antwerp-luxury-candle-supplies-1x.png\",\"contentUrl\":\"https:\\\/\\\/luxurycandlesupplies.eu\\\/app\\\/uploads\\\/2022\\\/03\\\/antwerp-luxury-candle-supplies-1x.png\",\"width\":330,\"height\":60,\"caption\":\"Antwerp Luxury Candle Supplies\"},\"image\":{\"@id\":\"https:\\\/\\\/luxurycandlesupplies.eu\\\/#\\\/schema\\\/logo\\\/image\\\/\"},\"sameAs\":[\"https:\\\/\\\/www.facebook.com\\\/Antwerpluxurycandlesupplies\\\/\",\"https:\\\/\\\/www.instagram.com\\\/antwerp_luxury_candle_supplies\\\/\",\"https:\\\/\\\/pin.it\\\/7joOXRW\"]}]}<\/script>","yoast_head_json":{"title":"Jarre OMG - Bleu - Antwerp Luxury Candle Supplies","robots":{"index":"index","follow":"follow","max-snippet":"max-snippet:-1","max-image-preview":"max-image-preview:large","max-video-preview":"max-video-preview:-1"},"canonical":"https:\/\/luxurycandlesupplies.eu\/fr\/produit\/omgar-bleu-ciel\/","og_locale":"fr_FR","og_type":"article","og_title":"OMG Jar - Blue - Antwerp Luxury Candle Supplies","og_description":"Description     As with all our jars, Luxury Candle Supplies\u2019 Glass Range utilises a hand mould production process rather than blown or machine automation \u2013 this ensures our Glass Range are stronger, safer and have greater heat resistance than others on the market.  LCS Glassware are \u2018candle-tested\u2019 in the production phase. This means they\u2019ll have enhanced wax adhesion that other waxes on the market.  Not dishwasher safe, we recommend a damp cloth to wipe any excess dust from the inside only.  &nbsp; SPECIFICATIONS     External Dimensions: 105mm\u00d8 (top) x 88mmH \/\/ approx. 120mm\u00d8 (widest point) Inner Dimensions: 100mm\u00d8 (top) x 80mmH Vessel capacity: 600ml Vessel weight: 320g  Suggested wick size*:\u00a0Double-wick 2 x LCS55 *Please note, we recommend users conduct their own wick tests with different blends of wax and oil that they intend to use. Suggested packaging: N\/A  Available in single units. Carton size: 18 units  Please note, product photo may differ from actual item in terms of colour due to lighting and\/or manufacturing. Each vessel will be distinctively patterned. Our new February batch may show variations in colour and print compared to previous jars. These variations are normal and make each piece unique.","og_url":"https:\/\/luxurycandlesupplies.eu\/fr\/produit\/omgar-bleu-ciel\/","og_site_name":"Antwerp Luxury Candle Supplies","article_publisher":"https:\/\/www.facebook.com\/Antwerpluxurycandlesupplies\/","article_modified_time":"2026-05-05T11:02:48+00:00","og_image":[{"width":1024,"height":1024,"url":"https:\/\/luxurycandlesupplies.eu\/app\/uploads\/2026\/04\/I6A5566-web-1024x1024.jpg","type":"image\/jpeg"}],"twitter_card":"summary_large_image","twitter_misc":{"Dur\u00e9e de lecture estim\u00e9e":"2 minutes"},"schema":{"@context":"https:\/\/schema.org","@graph":[{"@type":"WebPage","@id":"https:\/\/luxurycandlesupplies.eu\/product\/omg-jar-sky-blue\/","url":"https:\/\/luxurycandlesupplies.eu\/product\/omg-jar-sky-blue\/","name":"Jarre OMG - Bleu - Antwerp Luxury Candle Supplies","isPartOf":{"@id":"https:\/\/luxurycandlesupplies.eu\/#website"},"primaryImageOfPage":{"@id":"https:\/\/luxurycandlesupplies.eu\/product\/omg-jar-sky-blue\/#primaryimage"},"image":{"@id":"https:\/\/luxurycandlesupplies.eu\/product\/omg-jar-sky-blue\/#primaryimage"},"thumbnailUrl":"https:\/\/luxurycandlesupplies.eu\/app\/uploads\/2026\/04\/I6A5566-web.jpg","datePublished":"2025-03-11T10:24:48+00:00","dateModified":"2026-05-05T11:02:48+00:00","breadcrumb":{"@id":"https:\/\/luxurycandlesupplies.eu\/product\/omg-jar-sky-blue\/#breadcrumb"},"inLanguage":"fr-FR","potentialAction":[{"@type":"ReadAction","target":["https:\/\/luxurycandlesupplies.eu\/product\/omg-jar-sky-blue\/"]}]},{"@type":"ImageObject","inLanguage":"fr-FR","@id":"https:\/\/luxurycandlesupplies.eu\/product\/omg-jar-sky-blue\/#primaryimage","url":"https:\/\/luxurycandlesupplies.eu\/app\/uploads\/2026\/04\/I6A5566-web.jpg","contentUrl":"https:\/\/luxurycandlesupplies.eu\/app\/uploads\/2026\/04\/I6A5566-web.jpg","width":2000,"height":2000},{"@type":"BreadcrumbList","@id":"https:\/\/luxurycandlesupplies.eu\/product\/omg-jar-sky-blue\/#breadcrumb","itemListElement":[{"@type":"ListItem","position":1,"name":"Home","item":"https:\/\/luxurycandlesupplies.eu\/"},{"@type":"ListItem","position":2,"name":"Shop","item":"https:\/\/luxurycandlesupplies.eu\/shop\/"},{"@type":"ListItem","position":3,"name":"OMG Jar &#8211; Blue"}]},{"@type":"WebSite","@id":"https:\/\/luxurycandlesupplies.eu\/#website","url":"https:\/\/luxurycandlesupplies.eu\/","name":"Anvers Fournitures de bougies de luxe","description":"Distributeur de cire de soja toutes saisons","publisher":{"@id":"https:\/\/luxurycandlesupplies.eu\/#organization"},"potentialAction":[{"@type":"SearchAction","target":{"@type":"EntryPoint","urlTemplate":"https:\/\/luxurycandlesupplies.eu\/?s={search_term_string}"},"query-input":{"@type":"PropertyValueSpecification","valueRequired":true,"valueName":"search_term_string"}}],"inLanguage":"fr-FR"},{"@type":"Organization","@id":"https:\/\/luxurycandlesupplies.eu\/#organization","name":"Anvers Fournitures de bougies de luxe","url":"https:\/\/luxurycandlesupplies.eu\/","logo":{"@type":"ImageObject","inLanguage":"fr-FR","@id":"https:\/\/luxurycandlesupplies.eu\/#\/schema\/logo\/image\/","url":"https:\/\/luxurycandlesupplies.eu\/app\/uploads\/2022\/03\/antwerp-luxury-candle-supplies-1x.png","contentUrl":"https:\/\/luxurycandlesupplies.eu\/app\/uploads\/2022\/03\/antwerp-luxury-candle-supplies-1x.png","width":330,"height":60,"caption":"Antwerp Luxury Candle Supplies"},"image":{"@id":"https:\/\/luxurycandlesupplies.eu\/#\/schema\/logo\/image\/"},"sameAs":["https:\/\/www.facebook.com\/Antwerpluxurycandlesupplies\/","https:\/\/www.instagram.com\/antwerp_luxury_candle_supplies\/","https:\/\/pin.it\/7joOXRW"]}]}},"_links":{"self":[{"href":"https:\/\/luxurycandlesupplies.eu\/fr\/wp-json\/wp\/v2\/product\/20226","targetHints":{"allow":["GET"]}}],"collection":[{"href":"https:\/\/luxurycandlesupplies.eu\/fr\/wp-json\/wp\/v2\/product"}],"about":[{"href":"https:\/\/luxurycandlesupplies.eu\/fr\/wp-json\/wp\/v2\/types\/product"}],"wp:featuredmedia":[{"embeddable":true,"href":"https:\/\/luxurycandlesupplies.eu\/fr\/wp-json\/wp\/v2\/media\/30278"}],"wp:attachment":[{"href":"https:\/\/luxurycandlesupplies.eu\/fr\/wp-json\/wp\/v2\/media?parent=20226"}],"wp:term":[{"taxonomy":"product_brand","embeddable":true,"href":"https:\/\/luxurycandlesupplies.eu\/fr\/wp-json\/wp\/v2\/product_brand?post=20226"},{"taxonomy":"product_cat","embeddable":true,"href":"https:\/\/luxurycandlesupplies.eu\/fr\/wp-json\/wp\/v2\/product_cat?post=20226"},{"taxonomy":"product_tag","embeddable":true,"href":"https:\/\/luxurycandlesupplies.eu\/fr\/wp-json\/wp\/v2\/product_tag?post=20226"}],"curies":[{"name":"wp","href":"https:\/\/api.w.org\/{rel}","templated":true}]}}