{"id":20951,"date":"2025-05-06T15:27:38","date_gmt":"2025-05-06T13:27:38","guid":{"rendered":"https:\/\/luxurycandlesupplies.eu\/?post_type=product&#038;p=20951"},"modified":"2025-05-08T10:43:48","modified_gmt":"2025-05-08T08:43:48","slug":"meche-exterieure-6mm","status":"publish","type":"product","link":"https:\/\/luxurycandlesupplies.eu\/fr\/product\/outdoor-wick-6mm\/","title":{"rendered":"M\u00e8che pour l'ext\u00e9rieur 6mm"},"content":{"rendered":"<h4 data-start=\"94\" data-end=\"127\"><strong data-start=\"94\" data-end=\"127\">M\u00e8ches d'ext\u00e9rieur - Fabriqu\u00e9es en Belgique<\/strong><\/h4>\n<p>&nbsp;<\/p>\n<p class=\"\" data-start=\"129\" data-end=\"317\">Nos m\u00e8ches d'ext\u00e9rieur sont en coton 100% et sont fi\u00e8rement fabriqu\u00e9es en Belgique. Elles offrent une option plus durable pour la fabrication de bougies et sont sp\u00e9cialement con\u00e7ues pour mieux fonctionner \u00e0 l'ext\u00e9rieur.<\/p>\n<p class=\"\" data-start=\"319\" data-end=\"447\">Gr\u00e2ce \u00e0 leur structure, ces m\u00e8ches sont plus r\u00e9sistantes au vent et aux intemp\u00e9ries, ce qui les rend id\u00e9ales pour les bougies d'ext\u00e9rieur.<\/p>\n<p class=\"\" data-start=\"449\" data-end=\"537\">Pour garantir une combustion optimale, s\u00e9lectionnez le type de m\u00e8che appropri\u00e9 en fonction du diam\u00e8tre de votre bocal.<\/p>\n<p data-start=\"449\" data-end=\"537\">La m\u00e8che Outdoor Wick 4 a une \u00e9paisseur de 4 mm et convient aux photophores d'un diam\u00e8tre de <strong>12 \u00e0 14 cm.<\/strong><\/p>\n<p data-start=\"449\" data-end=\"537\">La fa\u00e7on la plus simple de fixer la m\u00e8che au bocal est d'utiliser du ciment pour po\u00eale.<\/p>\n<h5>*VEUILLEZ NOTER QUE LES DIAM\u00c8TRES DES R\u00c9CIPIENTS INDIQU\u00c9S CI-DESSUS NE SONT QUE DES SUGGESTIONS. NOUS RECOMMANDONS AUX UTILISATEURS D'EFFECTUER LEURS PROPRES TESTS DE M\u00c8CHE AVEC CHAQUE M\u00c9LANGE DE CIRE ET D'HUILE QU'ILS ONT L'INTENTION D'UTILISER.<\/h5>\n<p>&nbsp;<\/p>\n<h3><\/h3>\n<h3><\/h3>\n<h3>CARACT\u00c9RISTIQUES ET AVANTAGES<\/h3>\n<p class=\"\" data-start=\"53\" data-end=\"86\"><strong data-start=\"53\" data-end=\"86\">M\u00e8ches d'ext\u00e9rieur - Fabriqu\u00e9es en Belgique<\/strong><\/p>\n<ul data-start=\"88\" data-end=\"412\">\n<li class=\"\" data-start=\"88\" data-end=\"113\">\n<p class=\"\" data-start=\"90\" data-end=\"113\">Fabriqu\u00e9 en coton 100%<\/p>\n<\/li>\n<li class=\"\" data-start=\"114\" data-end=\"149\">\n<p class=\"\" data-start=\"116\" data-end=\"149\">Fabriqu\u00e9 en Belgique<\/p>\n<\/li>\n<li class=\"\" data-start=\"150\" data-end=\"197\">\n<p class=\"\" data-start=\"152\" data-end=\"197\">Un choix plus durable pour la fabrication de bougies<\/p>\n<\/li>\n<li class=\"\" data-start=\"198\" data-end=\"254\">\n<p class=\"\" data-start=\"200\" data-end=\"254\">Con\u00e7u pour une qualit\u00e9 \u00e9lev\u00e9e et des performances constantes<\/p>\n<\/li>\n<li class=\"\" data-start=\"255\" data-end=\"327\">\n<p class=\"\" data-start=\"257\" data-end=\"327\">Id\u00e9al pour les bougies d'ext\u00e9rieur - r\u00e9sistant au vent et aux intemp\u00e9ries<\/p>\n<\/li>\n<\/ul>\n<p>&nbsp;<\/p>\n<p>Si vous avez des questions, n'h\u00e9sitez pas \u00e0 nous contacter.<\/p>","protected":false},"excerpt":{"rendered":"<h2>DESCRIPTION<\/h2>\n<hr \/>\n<h4 data-start=\"94\" data-end=\"127\"><strong data-start=\"94\" data-end=\"127\">M\u00e8ches d'ext\u00e9rieur - Fabriqu\u00e9es en Belgique<\/strong><\/h4>\n<p class=\"\" data-start=\"129\" data-end=\"317\">Nos m\u00e8ches d'ext\u00e9rieur sont en coton 100% et sont fi\u00e8rement fabriqu\u00e9es en Belgique. Elles offrent une option plus durable pour la fabrication de bougies et sont sp\u00e9cialement con\u00e7ues pour mieux fonctionner \u00e0 l'ext\u00e9rieur.<\/p>\n<p class=\"\" data-start=\"319\" data-end=\"447\">Gr\u00e2ce \u00e0 leur structure, ces m\u00e8ches sont plus r\u00e9sistantes au vent et aux intemp\u00e9ries, ce qui les rend id\u00e9ales pour les bougies d'ext\u00e9rieur.<\/p>\n<p class=\"\" data-start=\"449\" data-end=\"537\">Pour garantir une combustion optimale, s\u00e9lectionnez le type de m\u00e8che appropri\u00e9 en fonction du diam\u00e8tre de votre bocal.<\/p>","protected":false},"featured_media":20940,"template":"","meta":{"_acf_changed":false,"site-sidebar-layout":"default","site-content-layout":"default","ast-site-content-layout":"default","site-content-style":"default","site-sidebar-style":"default","ast-global-header-display":"","ast-banner-title-visibility":"","ast-main-header-display":"","ast-hfb-above-header-display":"","ast-hfb-below-header-display":"","ast-hfb-mobile-header-display":"","site-post-title":"","ast-breadcrumbs-content":"","ast-featured-img":"","footer-sml-layout":"","ast-disable-related-posts":"","theme-transparent-header-meta":"default","adv-header-id-meta":"","stick-header-meta":"","header-above-stick-meta":"","header-main-stick-meta":"","header-below-stick-meta":"","astra-migrate-meta-layouts":"set","ast-page-background-enabled":"default","ast-page-background-meta":{"desktop":{"background-color":"","background-image":"","background-repeat":"repeat","background-position":"center center","background-size":"auto","background-attachment":"scroll","background-type":"","background-media":"","overlay-type":"","overlay-color":"","overlay-opacity":"","overlay-gradient":""},"tablet":{"background-color":"","background-image":"","background-repeat":"repeat","background-position":"center center","background-size":"auto","background-attachment":"scroll","background-type":"","background-media":"","overlay-type":"","overlay-color":"","overlay-opacity":"","overlay-gradient":""},"mobile":{"background-color":"","background-image":"","background-repeat":"repeat","background-position":"center center","background-size":"auto","background-attachment":"scroll","background-type":"","background-media":"","overlay-type":"","overlay-color":"","overlay-opacity":"","overlay-gradient":""}},"ast-content-background-meta":{"desktop":{"background-color":"var(--ast-global-color-5)","background-image":"","background-repeat":"repeat","background-position":"center center","background-size":"auto","background-attachment":"scroll","background-type":"","background-media":"","overlay-type":"","overlay-color":"","overlay-opacity":"","overlay-gradient":""},"tablet":{"background-color":"var(--ast-global-color-5)","background-image":"","background-repeat":"repeat","background-position":"center center","background-size":"auto","background-attachment":"scroll","background-type":"","background-media":"","overlay-type":"","overlay-color":"","overlay-opacity":"","overlay-gradient":""},"mobile":{"background-color":"var(--ast-global-color-5)","background-image":"","background-repeat":"repeat","background-position":"center center","background-size":"auto","background-attachment":"scroll","background-type":"","background-media":"","overlay-type":"","overlay-color":"","overlay-opacity":"","overlay-gradient":""}}},"product_brand":[],"product_cat":[1641,18],"product_tag":[19,33,41,1643,42,35],"class_list":{"0":"post-20951","1":"product","2":"type-product","3":"status-publish","4":"has-post-thumbnail","6":"product_cat-outdoor-wicks","7":"product_cat-wicks","8":"product_tag-all-seasons-wax","9":"product_tag-candle-making-accessories","10":"product_tag-cotton-wicks","11":"product_tag-outdoor-wicks","12":"product_tag-wick-by-lcs","13":"product_tag-wicks","14":"desktop-align-left","15":"tablet-align-left","16":"mobile-align-left","17":"ast-product-gallery-layout-horizontal-slider","18":"ast-product-single-variable","19":"ast-product-tabs-layout-horizontal","21":"first","22":"instock","23":"taxable","24":"shipping-taxable","25":"purchasable","26":"product-type-variable"},"acf":[],"yoast_head":"<title>Outdoor Wick 6mm - Antwerp Luxury Candle Supplies<\/title>\n<meta name=\"robots\" content=\"index, follow, max-snippet:-1, max-image-preview:large, max-video-preview:-1\" \/>\n<link rel=\"canonical\" href=\"https:\/\/luxurycandlesupplies.eu\/fr\/produit\/meche-exterieure-6mm\/\" \/>\n<meta property=\"og:locale\" content=\"fr_FR\" \/>\n<meta property=\"og:type\" content=\"article\" \/>\n<meta property=\"og:title\" content=\"Outdoor Wick 6mm - Antwerp Luxury Candle Supplies\" \/>\n<meta property=\"og:description\" content=\"DESCRIPTION    Outdoor Wicks \u2013 Made in Belgium Our outdoor wicks are made from 100% cotton and proudly manufactured in Belgium. They offer a more sustainable option for candle making and are specially designed to perform better outdoors. Thanks to their structure, these wicks are more resistant to wind and weather conditions, making them ideal for outdoor candles. To ensure optimal burning, select the right wick type based on the diameter of your jar.\" \/>\n<meta property=\"og:url\" content=\"https:\/\/luxurycandlesupplies.eu\/fr\/produit\/meche-exterieure-6mm\/\" \/>\n<meta property=\"og:site_name\" content=\"Antwerp Luxury Candle Supplies\" \/>\n<meta property=\"article:publisher\" content=\"https:\/\/www.facebook.com\/Antwerpluxurycandlesupplies\/\" \/>\n<meta property=\"article:modified_time\" content=\"2025-05-08T08:43:48+00:00\" \/>\n<meta property=\"og:image\" content=\"https:\/\/luxurycandlesupplies.eu\/app\/uploads\/2025\/05\/Outdoor-Wick-7.jpg\" \/>\n\t<meta property=\"og:image:width\" content=\"1000\" \/>\n\t<meta property=\"og:image:height\" content=\"1000\" \/>\n\t<meta property=\"og:image:type\" content=\"image\/jpeg\" \/>\n<meta name=\"twitter:card\" content=\"summary_large_image\" \/>\n<meta name=\"twitter:label1\" content=\"Dur\u00e9e de lecture estim\u00e9e\" \/>\n\t<meta name=\"twitter:data1\" content=\"2 minutes\" \/>\n<script type=\"application\/ld+json\" class=\"yoast-schema-graph\">{\"@context\":\"https:\\\/\\\/schema.org\",\"@graph\":[{\"@type\":\"WebPage\",\"@id\":\"https:\\\/\\\/luxurycandlesupplies.eu\\\/product\\\/outdoor-wick-6mm\\\/\",\"url\":\"https:\\\/\\\/luxurycandlesupplies.eu\\\/product\\\/outdoor-wick-6mm\\\/\",\"name\":\"Outdoor Wick 6mm - Antwerp Luxury Candle Supplies\",\"isPartOf\":{\"@id\":\"https:\\\/\\\/luxurycandlesupplies.eu\\\/#website\"},\"primaryImageOfPage\":{\"@id\":\"https:\\\/\\\/luxurycandlesupplies.eu\\\/product\\\/outdoor-wick-6mm\\\/#primaryimage\"},\"image\":{\"@id\":\"https:\\\/\\\/luxurycandlesupplies.eu\\\/product\\\/outdoor-wick-6mm\\\/#primaryimage\"},\"thumbnailUrl\":\"https:\\\/\\\/luxurycandlesupplies.eu\\\/app\\\/uploads\\\/2025\\\/05\\\/Outdoor-Wick-7.jpg\",\"datePublished\":\"2025-05-06T13:27:38+00:00\",\"dateModified\":\"2025-05-08T08:43:48+00:00\",\"breadcrumb\":{\"@id\":\"https:\\\/\\\/luxurycandlesupplies.eu\\\/product\\\/outdoor-wick-6mm\\\/#breadcrumb\"},\"inLanguage\":\"fr-FR\",\"potentialAction\":[{\"@type\":\"ReadAction\",\"target\":[\"https:\\\/\\\/luxurycandlesupplies.eu\\\/product\\\/outdoor-wick-6mm\\\/\"]}]},{\"@type\":\"ImageObject\",\"inLanguage\":\"fr-FR\",\"@id\":\"https:\\\/\\\/luxurycandlesupplies.eu\\\/product\\\/outdoor-wick-6mm\\\/#primaryimage\",\"url\":\"https:\\\/\\\/luxurycandlesupplies.eu\\\/app\\\/uploads\\\/2025\\\/05\\\/Outdoor-Wick-7.jpg\",\"contentUrl\":\"https:\\\/\\\/luxurycandlesupplies.eu\\\/app\\\/uploads\\\/2025\\\/05\\\/Outdoor-Wick-7.jpg\",\"width\":1000,\"height\":1000},{\"@type\":\"BreadcrumbList\",\"@id\":\"https:\\\/\\\/luxurycandlesupplies.eu\\\/product\\\/outdoor-wick-6mm\\\/#breadcrumb\",\"itemListElement\":[{\"@type\":\"ListItem\",\"position\":1,\"name\":\"Home\",\"item\":\"https:\\\/\\\/luxurycandlesupplies.eu\\\/\"},{\"@type\":\"ListItem\",\"position\":2,\"name\":\"Shop\",\"item\":\"https:\\\/\\\/luxurycandlesupplies.eu\\\/shop\\\/\"},{\"@type\":\"ListItem\",\"position\":3,\"name\":\"Outdoor Wick 6mm\"}]},{\"@type\":\"WebSite\",\"@id\":\"https:\\\/\\\/luxurycandlesupplies.eu\\\/#website\",\"url\":\"https:\\\/\\\/luxurycandlesupplies.eu\\\/\",\"name\":\"Antwerp Luxury Candle Supplies\",\"description\":\"Distributor of all seasons soy wax\",\"publisher\":{\"@id\":\"https:\\\/\\\/luxurycandlesupplies.eu\\\/#organization\"},\"potentialAction\":[{\"@type\":\"SearchAction\",\"target\":{\"@type\":\"EntryPoint\",\"urlTemplate\":\"https:\\\/\\\/luxurycandlesupplies.eu\\\/?s={search_term_string}\"},\"query-input\":{\"@type\":\"PropertyValueSpecification\",\"valueRequired\":true,\"valueName\":\"search_term_string\"}}],\"inLanguage\":\"fr-FR\"},{\"@type\":\"Organization\",\"@id\":\"https:\\\/\\\/luxurycandlesupplies.eu\\\/#organization\",\"name\":\"Antwerp Luxury Candle Supplies\",\"url\":\"https:\\\/\\\/luxurycandlesupplies.eu\\\/\",\"logo\":{\"@type\":\"ImageObject\",\"inLanguage\":\"fr-FR\",\"@id\":\"https:\\\/\\\/luxurycandlesupplies.eu\\\/#\\\/schema\\\/logo\\\/image\\\/\",\"url\":\"https:\\\/\\\/luxurycandlesupplies.eu\\\/app\\\/uploads\\\/2022\\\/03\\\/antwerp-luxury-candle-supplies-1x.png\",\"contentUrl\":\"https:\\\/\\\/luxurycandlesupplies.eu\\\/app\\\/uploads\\\/2022\\\/03\\\/antwerp-luxury-candle-supplies-1x.png\",\"width\":330,\"height\":60,\"caption\":\"Antwerp Luxury Candle Supplies\"},\"image\":{\"@id\":\"https:\\\/\\\/luxurycandlesupplies.eu\\\/#\\\/schema\\\/logo\\\/image\\\/\"},\"sameAs\":[\"https:\\\/\\\/www.facebook.com\\\/Antwerpluxurycandlesupplies\\\/\",\"https:\\\/\\\/www.instagram.com\\\/antwerp_luxury_candle_supplies\\\/\",\"https:\\\/\\\/pin.it\\\/7joOXRW\"]}]}<\/script>","yoast_head_json":{"title":"M\u00e8che ext\u00e9rieure 6mm - Antwerp Luxury Candle Supplies","robots":{"index":"index","follow":"follow","max-snippet":"max-snippet:-1","max-image-preview":"max-image-preview:large","max-video-preview":"max-video-preview:-1"},"canonical":"https:\/\/luxurycandlesupplies.eu\/fr\/produit\/meche-exterieure-6mm\/","og_locale":"fr_FR","og_type":"article","og_title":"Outdoor Wick 6mm - Antwerp Luxury Candle Supplies","og_description":"DESCRIPTION    Outdoor Wicks \u2013 Made in Belgium Our outdoor wicks are made from 100% cotton and proudly manufactured in Belgium. They offer a more sustainable option for candle making and are specially designed to perform better outdoors. Thanks to their structure, these wicks are more resistant to wind and weather conditions, making them ideal for outdoor candles. To ensure optimal burning, select the right wick type based on the diameter of your jar.","og_url":"https:\/\/luxurycandlesupplies.eu\/fr\/produit\/meche-exterieure-6mm\/","og_site_name":"Antwerp Luxury Candle Supplies","article_publisher":"https:\/\/www.facebook.com\/Antwerpluxurycandlesupplies\/","article_modified_time":"2025-05-08T08:43:48+00:00","og_image":[{"width":1000,"height":1000,"url":"https:\/\/luxurycandlesupplies.eu\/app\/uploads\/2025\/05\/Outdoor-Wick-7.jpg","type":"image\/jpeg"}],"twitter_card":"summary_large_image","twitter_misc":{"Dur\u00e9e de lecture estim\u00e9e":"2 minutes"},"schema":{"@context":"https:\/\/schema.org","@graph":[{"@type":"WebPage","@id":"https:\/\/luxurycandlesupplies.eu\/product\/outdoor-wick-6mm\/","url":"https:\/\/luxurycandlesupplies.eu\/product\/outdoor-wick-6mm\/","name":"M\u00e8che ext\u00e9rieure 6mm - Antwerp Luxury Candle Supplies","isPartOf":{"@id":"https:\/\/luxurycandlesupplies.eu\/#website"},"primaryImageOfPage":{"@id":"https:\/\/luxurycandlesupplies.eu\/product\/outdoor-wick-6mm\/#primaryimage"},"image":{"@id":"https:\/\/luxurycandlesupplies.eu\/product\/outdoor-wick-6mm\/#primaryimage"},"thumbnailUrl":"https:\/\/luxurycandlesupplies.eu\/app\/uploads\/2025\/05\/Outdoor-Wick-7.jpg","datePublished":"2025-05-06T13:27:38+00:00","dateModified":"2025-05-08T08:43:48+00:00","breadcrumb":{"@id":"https:\/\/luxurycandlesupplies.eu\/product\/outdoor-wick-6mm\/#breadcrumb"},"inLanguage":"fr-FR","potentialAction":[{"@type":"ReadAction","target":["https:\/\/luxurycandlesupplies.eu\/product\/outdoor-wick-6mm\/"]}]},{"@type":"ImageObject","inLanguage":"fr-FR","@id":"https:\/\/luxurycandlesupplies.eu\/product\/outdoor-wick-6mm\/#primaryimage","url":"https:\/\/luxurycandlesupplies.eu\/app\/uploads\/2025\/05\/Outdoor-Wick-7.jpg","contentUrl":"https:\/\/luxurycandlesupplies.eu\/app\/uploads\/2025\/05\/Outdoor-Wick-7.jpg","width":1000,"height":1000},{"@type":"BreadcrumbList","@id":"https:\/\/luxurycandlesupplies.eu\/product\/outdoor-wick-6mm\/#breadcrumb","itemListElement":[{"@type":"ListItem","position":1,"name":"Home","item":"https:\/\/luxurycandlesupplies.eu\/"},{"@type":"ListItem","position":2,"name":"Shop","item":"https:\/\/luxurycandlesupplies.eu\/shop\/"},{"@type":"ListItem","position":3,"name":"Outdoor Wick 6mm"}]},{"@type":"WebSite","@id":"https:\/\/luxurycandlesupplies.eu\/#website","url":"https:\/\/luxurycandlesupplies.eu\/","name":"Anvers Fournitures de bougies de luxe","description":"Distributeur de cire de soja toutes saisons","publisher":{"@id":"https:\/\/luxurycandlesupplies.eu\/#organization"},"potentialAction":[{"@type":"SearchAction","target":{"@type":"EntryPoint","urlTemplate":"https:\/\/luxurycandlesupplies.eu\/?s={search_term_string}"},"query-input":{"@type":"PropertyValueSpecification","valueRequired":true,"valueName":"search_term_string"}}],"inLanguage":"fr-FR"},{"@type":"Organization","@id":"https:\/\/luxurycandlesupplies.eu\/#organization","name":"Anvers Fournitures de bougies de luxe","url":"https:\/\/luxurycandlesupplies.eu\/","logo":{"@type":"ImageObject","inLanguage":"fr-FR","@id":"https:\/\/luxurycandlesupplies.eu\/#\/schema\/logo\/image\/","url":"https:\/\/luxurycandlesupplies.eu\/app\/uploads\/2022\/03\/antwerp-luxury-candle-supplies-1x.png","contentUrl":"https:\/\/luxurycandlesupplies.eu\/app\/uploads\/2022\/03\/antwerp-luxury-candle-supplies-1x.png","width":330,"height":60,"caption":"Antwerp Luxury Candle Supplies"},"image":{"@id":"https:\/\/luxurycandlesupplies.eu\/#\/schema\/logo\/image\/"},"sameAs":["https:\/\/www.facebook.com\/Antwerpluxurycandlesupplies\/","https:\/\/www.instagram.com\/antwerp_luxury_candle_supplies\/","https:\/\/pin.it\/7joOXRW"]}]}},"_links":{"self":[{"href":"https:\/\/luxurycandlesupplies.eu\/fr\/wp-json\/wp\/v2\/product\/20951","targetHints":{"allow":["GET"]}}],"collection":[{"href":"https:\/\/luxurycandlesupplies.eu\/fr\/wp-json\/wp\/v2\/product"}],"about":[{"href":"https:\/\/luxurycandlesupplies.eu\/fr\/wp-json\/wp\/v2\/types\/product"}],"wp:featuredmedia":[{"embeddable":true,"href":"https:\/\/luxurycandlesupplies.eu\/fr\/wp-json\/wp\/v2\/media\/20940"}],"wp:attachment":[{"href":"https:\/\/luxurycandlesupplies.eu\/fr\/wp-json\/wp\/v2\/media?parent=20951"}],"wp:term":[{"taxonomy":"product_brand","embeddable":true,"href":"https:\/\/luxurycandlesupplies.eu\/fr\/wp-json\/wp\/v2\/product_brand?post=20951"},{"taxonomy":"product_cat","embeddable":true,"href":"https:\/\/luxurycandlesupplies.eu\/fr\/wp-json\/wp\/v2\/product_cat?post=20951"},{"taxonomy":"product_tag","embeddable":true,"href":"https:\/\/luxurycandlesupplies.eu\/fr\/wp-json\/wp\/v2\/product_tag?post=20951"}],"curies":[{"name":"wp","href":"https:\/\/api.w.org\/{rel}","templated":true}]}}