{"id":21151,"date":"2025-05-20T13:26:33","date_gmt":"2025-05-20T11:26:33","guid":{"rendered":"https:\/\/luxurycandlesupplies.eu\/?post_type=product&#038;p=21151"},"modified":"2025-05-22T13:05:05","modified_gmt":"2025-05-22T11:05:05","slug":"spray-dambiance-transparent-500ml-copie","status":"publish","type":"product","link":"https:\/\/luxurycandlesupplies.eu\/fr\/product\/room-spray-clear-500ml-copy\/","title":{"rendered":"Spray d'ambiance transparent 500ml"},"content":{"rendered":"<h4>DESCRIPTION<\/h4>\n<p>&nbsp;<\/p>\n<p><strong style=\"font-size: 16px;\" data-start=\"74\" data-end=\"111\">Clear Room Spray Bottle 500 ml PET<\/strong><\/p>\n<p>&nbsp;<\/p>\n<div class=\"product info detailed after-content\">\n<div class=\"product data items\">\n<div class=\"product-data-items-content\">\n<div id=\"attributedescription\" class=\"data item content\" role=\"tabpanel\" data-role=\"content\" aria-labelledby=\"tab-label-attributedescription\" aria-hidden=\"false\">\n<div class=\"product attribute description\">\n<p class=\"\" data-start=\"113\" data-end=\"358\">Ce flacon pulv\u00e9risateur de 500 ml est parfait pour cr\u00e9er vos propres sprays d'ambiance et parfums d'int\u00e9rieur. Fabriqu\u00e9 en plastique PET de haute qualit\u00e9, il offre une alternative l\u00e9g\u00e8re au verre, ce qui le rend id\u00e9al pour un usage personnel ou professionnel.<\/p>\n<p class=\"\" data-start=\"360\" data-end=\"586\">\u00c9quip\u00e9 d'un capuchon de pulv\u00e9risation pratique \u00e0 verrouillage rotatif, vous pouvez facilement ouvrir ou fermer la buse pour une utilisation s\u00fbre et contr\u00f4l\u00e9e.<\/p>\n<p class=\"\" data-start=\"360\" data-end=\"586\">La t\u00eate de pulv\u00e9risation d\u00e9livre une fine brume et une diffusion douce, assurant une distribution uniforme de votre m\u00e9lange de parfums.<\/p>\n<p class=\"\" data-start=\"956\" data-end=\"1035\">Parfait pour les projets de bricolage, la production des petites entreprises ou les cr\u00e9ations de marques priv\u00e9es.<\/p>\n<p>&nbsp;<\/p>\n<div class=\"value\">\n<p>&nbsp;<\/p>\n<div>\n<h3>CARACT\u00c9RISTIQUES TECHNIQUES<\/h3>\n<hr \/>\n<div><\/div>\n<p><strong data-start=\"726\" data-end=\"745\">D\u00e9tails du produit :<\/strong><br data-start=\"745\" data-end=\"748\" \/>- <strong data-start=\"750\" data-end=\"762\">Mat\u00e9riaux<\/strong> PET (plastique)<br data-start=\"776\" data-end=\"779\" \/>- <strong data-start=\"781\" data-end=\"790\">Couleur<\/strong> Clair\u00a0<br data-start=\"796\" data-end=\"799\" \/>- <strong data-start=\"801\" data-end=\"811\">Volume<\/strong> 500ml<br data-start=\"817\" data-end=\"820\" \/>- <strong data-start=\"822\" data-end=\"836\">Dimensions<\/strong> \u00d8 75mm x H 150mm<br data-start=\"853\" data-end=\"856\" \/>- <strong data-start=\"858\" data-end=\"872\">T\u00eate de pulv\u00e9risation<\/strong> M\u00e9canisme de verrouillage par rotation<\/p>\n<p><strong>Personnalisation<\/strong>: Pour un emballage personnalis\u00e9, veuillez contacter mail@luxurycandlesupplies.com<\/p>\n<\/div>\n<h2 data-start=\"264\" data-end=\"331\"><\/h2>\n<h2 data-start=\"264\" data-end=\"331\"><\/h2>\n<h2 class=\"\" data-start=\"264\" data-end=\"331\"><strong data-start=\"267\" data-end=\"331\">Comment fabriquer un spray d'ambiance<\/strong><\/h2>\n<hr class=\"\" data-start=\"1208\" data-end=\"1211\" \/>\n<h3 class=\"\" data-start=\"1213\" data-end=\"1258\"><strong data-start=\"1220\" data-end=\"1258\">Spray d'ambiance \u00e0 base d'alcool<\/strong><\/h3>\n<p class=\"\" data-start=\"1260\" data-end=\"1395\"><strong data-start=\"1260\" data-end=\"1314\">Id\u00e9al pour un parfum plus fort et une finition claire.<\/strong><br data-start=\"1314\" data-end=\"1317\" \/>Le polysorbate 20 aide \u00e0 solubiliser le parfum et assure une stabilit\u00e9 \u00e0 long terme.<\/p>\n<p class=\"\" data-start=\"1397\" data-end=\"1428\"><strong data-start=\"1397\" data-end=\"1428\">Ingr\u00e9dients (100 ml au total) :<\/strong><\/p>\n<ul data-start=\"1429\" data-end=\"1522\">\n<li class=\"\" data-start=\"1429\" data-end=\"1458\">\n<p class=\"\" data-start=\"1431\" data-end=\"1458\">Huile de parfum 20 ml (20%)<\/p>\n<\/li>\n<li class=\"\" data-start=\"1459\" data-end=\"1489\">\n<p class=\"\" data-start=\"1461\" data-end=\"1489\">20 ml Polysorbate 20 (20%)<\/p>\n<\/li>\n<li class=\"\" data-start=\"1490\" data-end=\"1522\">\n<p class=\"\" data-start=\"1492\" data-end=\"1522\">60 ml d'alcool de parfumeur (60%)<\/p>\n<\/li>\n<\/ul>\n<p class=\"\" data-start=\"1524\" data-end=\"1541\"><strong data-start=\"1524\" data-end=\"1541\">Instructions :<\/strong><\/p>\n<ol data-start=\"1542\" data-end=\"1753\">\n<li class=\"\" data-start=\"1542\" data-end=\"1599\">\n<p class=\"\" data-start=\"1545\" data-end=\"1599\">M\u00e9langer l'huile de parfum avec le polysorbate 20 jusqu'\u00e0 obtention d'un m\u00e9lange uniforme.<\/p>\n<\/li>\n<li class=\"\" data-start=\"1600\" data-end=\"1645\">\n<p class=\"\" data-start=\"1603\" data-end=\"1645\">Ajouter l'alcool de parfumeur et m\u00e9langer soigneusement.<\/p>\n<\/li>\n<li class=\"\" data-start=\"1646\" data-end=\"1699\">\n<p class=\"\" data-start=\"1649\" data-end=\"1699\">Laisser reposer le m\u00e9lange pendant 24 heures pour obtenir les meilleurs r\u00e9sultats.<\/p>\n<\/li>\n<li class=\"\" data-start=\"1700\" data-end=\"1753\">\n<p class=\"\" data-start=\"1703\" data-end=\"1753\">Verser dans un flacon pulv\u00e9risateur.<\/p>\n<\/li>\n<\/ol>\n<hr class=\"\" data-start=\"1755\" data-end=\"1758\" \/>\n<h3 class=\"\" data-start=\"1760\" data-end=\"1776\">Conseil :<\/h3>\n<p>Il faut toujours commencer par des essais \u00e0 petite \u00e9chelle !<\/p>\n<\/div>\n<\/div>\n<p>&nbsp;<\/p>\n<\/div>\n<\/div>\n<\/div>\n<\/div>","protected":false},"excerpt":{"rendered":"<h3>CARACT\u00c9RISTIQUES TECHNIQUES<\/h3>\n<hr \/>\n<p>- <strong data-start=\"750\" data-end=\"762\">Mat\u00e9riaux<\/strong> PET (plastique)<br data-start=\"776\" data-end=\"779\" \/>- <strong data-start=\"781\" data-end=\"790\">Couleur<\/strong> Clair<br data-start=\"796\" data-end=\"799\" \/>- <strong data-start=\"801\" data-end=\"811\">Volume<\/strong> 500ml<br data-start=\"817\" data-end=\"820\" \/>- <strong data-start=\"822\" data-end=\"836\">Dimensions<\/strong> \u00d8 75mm x H 150mm<br data-start=\"853\" data-end=\"856\" \/>- <strong data-start=\"858\" data-end=\"872\">T\u00eate de pulv\u00e9risation<\/strong> M\u00e9canisme de verrouillage par rotation<\/p>\n<p><strong>Personnalisation<\/strong>: Pour un emballage personnalis\u00e9, veuillez contacter mail@luxurycandlesupplies.com<\/p>","protected":false},"featured_media":21150,"template":"","meta":{"_acf_changed":false,"site-sidebar-layout":"default","site-content-layout":"default","ast-site-content-layout":"default","site-content-style":"default","site-sidebar-style":"default","ast-global-header-display":"","ast-banner-title-visibility":"","ast-main-header-display":"","ast-hfb-above-header-display":"","ast-hfb-below-header-display":"","ast-hfb-mobile-header-display":"","site-post-title":"","ast-breadcrumbs-content":"","ast-featured-img":"","footer-sml-layout":"","ast-disable-related-posts":"","theme-transparent-header-meta":"default","adv-header-id-meta":"","stick-header-meta":"","header-above-stick-meta":"","header-main-stick-meta":"","header-below-stick-meta":"","astra-migrate-meta-layouts":"set","ast-page-background-enabled":"default","ast-page-background-meta":{"desktop":{"background-color":"","background-image":"","background-repeat":"repeat","background-position":"center center","background-size":"auto","background-attachment":"scroll","background-type":"","background-media":"","overlay-type":"","overlay-color":"","overlay-opacity":"","overlay-gradient":""},"tablet":{"background-color":"","background-image":"","background-repeat":"repeat","background-position":"center center","background-size":"auto","background-attachment":"scroll","background-type":"","background-media":"","overlay-type":"","overlay-color":"","overlay-opacity":"","overlay-gradient":""},"mobile":{"background-color":"","background-image":"","background-repeat":"repeat","background-position":"center center","background-size":"auto","background-attachment":"scroll","background-type":"","background-media":"","overlay-type":"","overlay-color":"","overlay-opacity":"","overlay-gradient":""}},"ast-content-background-meta":{"desktop":{"background-color":"var(--ast-global-color-5)","background-image":"","background-repeat":"repeat","background-position":"center center","background-size":"auto","background-attachment":"scroll","background-type":"","background-media":"","overlay-type":"","overlay-color":"","overlay-opacity":"","overlay-gradient":""},"tablet":{"background-color":"var(--ast-global-color-5)","background-image":"","background-repeat":"repeat","background-position":"center center","background-size":"auto","background-attachment":"scroll","background-type":"","background-media":"","overlay-type":"","overlay-color":"","overlay-opacity":"","overlay-gradient":""},"mobile":{"background-color":"var(--ast-global-color-5)","background-image":"","background-repeat":"repeat","background-position":"center center","background-size":"auto","background-attachment":"scroll","background-type":"","background-media":"","overlay-type":"","overlay-color":"","overlay-opacity":"","overlay-gradient":""}}},"product_brand":[],"product_cat":[1510,1653],"product_tag":[425,1654],"class_list":{"0":"post-21151","1":"product","2":"type-product","3":"status-publish","4":"has-post-thumbnail","6":"product_cat-packaging","7":"product_cat-room-spray-bottles","8":"product_tag-clear","9":"product_tag-room-spray","10":"desktop-align-left","11":"tablet-align-left","12":"mobile-align-left","13":"ast-product-gallery-layout-horizontal-slider","14":"ast-product-tabs-layout-horizontal","16":"first","17":"instock","18":"taxable","19":"shipping-taxable","20":"purchasable","21":"product-type-simple"},"acf":[],"yoast_head":"<title>Room Spray Clear 500ml - Antwerp Luxury Candle Supplies<\/title>\n<meta name=\"robots\" content=\"index, follow, max-snippet:-1, max-image-preview:large, max-video-preview:-1\" \/>\n<link rel=\"canonical\" href=\"https:\/\/luxurycandlesupplies.eu\/fr\/produit\/spray-dambiance-transparent-500ml-copie\/\" \/>\n<meta property=\"og:locale\" content=\"fr_FR\" \/>\n<meta property=\"og:type\" content=\"article\" \/>\n<meta property=\"og:title\" content=\"Room Spray Clear 500ml - Antwerp Luxury Candle Supplies\" \/>\n<meta property=\"og:description\" content=\"SPECIFICATIONS    \u2022 Material PET (Plastic)\u2022 Colour Clear\u2022 Volume 500ml\u2022 Dimensions \u00d8 75mm x H 150mm\u2022 Spray Head Twist to lock mechanism  Customisation: For customised branded packaging, please contact mail@luxurycandlesupplies.com\" \/>\n<meta property=\"og:url\" content=\"https:\/\/luxurycandlesupplies.eu\/fr\/produit\/spray-dambiance-transparent-500ml-copie\/\" \/>\n<meta property=\"og:site_name\" content=\"Antwerp Luxury Candle Supplies\" \/>\n<meta property=\"article:publisher\" content=\"https:\/\/www.facebook.com\/Antwerpluxurycandlesupplies\/\" \/>\n<meta property=\"article:modified_time\" content=\"2025-05-22T11:05:05+00:00\" \/>\n<meta property=\"og:image\" content=\"https:\/\/luxurycandlesupplies.eu\/app\/uploads\/2025\/05\/Diffuser-Bottles-Reeds-3.png\" \/>\n\t<meta property=\"og:image:width\" content=\"1080\" \/>\n\t<meta property=\"og:image:height\" content=\"1080\" \/>\n\t<meta property=\"og:image:type\" content=\"image\/png\" \/>\n<meta name=\"twitter:card\" content=\"summary_large_image\" \/>\n<meta name=\"twitter:label1\" content=\"Dur\u00e9e de lecture estim\u00e9e\" \/>\n\t<meta name=\"twitter:data1\" content=\"2 minutes\" \/>\n<script type=\"application\/ld+json\" class=\"yoast-schema-graph\">{\"@context\":\"https:\\\/\\\/schema.org\",\"@graph\":[{\"@type\":\"WebPage\",\"@id\":\"https:\\\/\\\/luxurycandlesupplies.eu\\\/product\\\/room-spray-clear-500ml-copy\\\/\",\"url\":\"https:\\\/\\\/luxurycandlesupplies.eu\\\/product\\\/room-spray-clear-500ml-copy\\\/\",\"name\":\"Room Spray Clear 500ml - Antwerp Luxury Candle Supplies\",\"isPartOf\":{\"@id\":\"https:\\\/\\\/luxurycandlesupplies.eu\\\/#website\"},\"primaryImageOfPage\":{\"@id\":\"https:\\\/\\\/luxurycandlesupplies.eu\\\/product\\\/room-spray-clear-500ml-copy\\\/#primaryimage\"},\"image\":{\"@id\":\"https:\\\/\\\/luxurycandlesupplies.eu\\\/product\\\/room-spray-clear-500ml-copy\\\/#primaryimage\"},\"thumbnailUrl\":\"https:\\\/\\\/luxurycandlesupplies.eu\\\/app\\\/uploads\\\/2025\\\/05\\\/Diffuser-Bottles-Reeds-3.png\",\"datePublished\":\"2025-05-20T11:26:33+00:00\",\"dateModified\":\"2025-05-22T11:05:05+00:00\",\"breadcrumb\":{\"@id\":\"https:\\\/\\\/luxurycandlesupplies.eu\\\/product\\\/room-spray-clear-500ml-copy\\\/#breadcrumb\"},\"inLanguage\":\"fr-FR\",\"potentialAction\":[{\"@type\":\"ReadAction\",\"target\":[\"https:\\\/\\\/luxurycandlesupplies.eu\\\/product\\\/room-spray-clear-500ml-copy\\\/\"]}]},{\"@type\":\"ImageObject\",\"inLanguage\":\"fr-FR\",\"@id\":\"https:\\\/\\\/luxurycandlesupplies.eu\\\/product\\\/room-spray-clear-500ml-copy\\\/#primaryimage\",\"url\":\"https:\\\/\\\/luxurycandlesupplies.eu\\\/app\\\/uploads\\\/2025\\\/05\\\/Diffuser-Bottles-Reeds-3.png\",\"contentUrl\":\"https:\\\/\\\/luxurycandlesupplies.eu\\\/app\\\/uploads\\\/2025\\\/05\\\/Diffuser-Bottles-Reeds-3.png\",\"width\":1080,\"height\":1080},{\"@type\":\"BreadcrumbList\",\"@id\":\"https:\\\/\\\/luxurycandlesupplies.eu\\\/product\\\/room-spray-clear-500ml-copy\\\/#breadcrumb\",\"itemListElement\":[{\"@type\":\"ListItem\",\"position\":1,\"name\":\"Home\",\"item\":\"https:\\\/\\\/luxurycandlesupplies.eu\\\/\"},{\"@type\":\"ListItem\",\"position\":2,\"name\":\"Shop\",\"item\":\"https:\\\/\\\/luxurycandlesupplies.eu\\\/shop\\\/\"},{\"@type\":\"ListItem\",\"position\":3,\"name\":\"Room Spray Clear 500ml\"}]},{\"@type\":\"WebSite\",\"@id\":\"https:\\\/\\\/luxurycandlesupplies.eu\\\/#website\",\"url\":\"https:\\\/\\\/luxurycandlesupplies.eu\\\/\",\"name\":\"Antwerp Luxury Candle Supplies\",\"description\":\"Distributor of all seasons soy wax\",\"publisher\":{\"@id\":\"https:\\\/\\\/luxurycandlesupplies.eu\\\/#organization\"},\"potentialAction\":[{\"@type\":\"SearchAction\",\"target\":{\"@type\":\"EntryPoint\",\"urlTemplate\":\"https:\\\/\\\/luxurycandlesupplies.eu\\\/?s={search_term_string}\"},\"query-input\":{\"@type\":\"PropertyValueSpecification\",\"valueRequired\":true,\"valueName\":\"search_term_string\"}}],\"inLanguage\":\"fr-FR\"},{\"@type\":\"Organization\",\"@id\":\"https:\\\/\\\/luxurycandlesupplies.eu\\\/#organization\",\"name\":\"Antwerp Luxury Candle Supplies\",\"url\":\"https:\\\/\\\/luxurycandlesupplies.eu\\\/\",\"logo\":{\"@type\":\"ImageObject\",\"inLanguage\":\"fr-FR\",\"@id\":\"https:\\\/\\\/luxurycandlesupplies.eu\\\/#\\\/schema\\\/logo\\\/image\\\/\",\"url\":\"https:\\\/\\\/luxurycandlesupplies.eu\\\/app\\\/uploads\\\/2022\\\/03\\\/antwerp-luxury-candle-supplies-1x.png\",\"contentUrl\":\"https:\\\/\\\/luxurycandlesupplies.eu\\\/app\\\/uploads\\\/2022\\\/03\\\/antwerp-luxury-candle-supplies-1x.png\",\"width\":330,\"height\":60,\"caption\":\"Antwerp Luxury Candle Supplies\"},\"image\":{\"@id\":\"https:\\\/\\\/luxurycandlesupplies.eu\\\/#\\\/schema\\\/logo\\\/image\\\/\"},\"sameAs\":[\"https:\\\/\\\/www.facebook.com\\\/Antwerpluxurycandlesupplies\\\/\",\"https:\\\/\\\/www.instagram.com\\\/antwerp_luxury_candle_supplies\\\/\",\"https:\\\/\\\/pin.it\\\/7joOXRW\"]}]}<\/script>","yoast_head_json":{"title":"Spray d'ambiance transparent 500ml - Antwerp Luxury Candle Supplies","robots":{"index":"index","follow":"follow","max-snippet":"max-snippet:-1","max-image-preview":"max-image-preview:large","max-video-preview":"max-video-preview:-1"},"canonical":"https:\/\/luxurycandlesupplies.eu\/fr\/produit\/spray-dambiance-transparent-500ml-copie\/","og_locale":"fr_FR","og_type":"article","og_title":"Room Spray Clear 500ml - Antwerp Luxury Candle Supplies","og_description":"SPECIFICATIONS    \u2022 Material PET (Plastic)\u2022 Colour Clear\u2022 Volume 500ml\u2022 Dimensions \u00d8 75mm x H 150mm\u2022 Spray Head Twist to lock mechanism  Customisation: For customised branded packaging, please contact mail@luxurycandlesupplies.com","og_url":"https:\/\/luxurycandlesupplies.eu\/fr\/produit\/spray-dambiance-transparent-500ml-copie\/","og_site_name":"Antwerp Luxury Candle Supplies","article_publisher":"https:\/\/www.facebook.com\/Antwerpluxurycandlesupplies\/","article_modified_time":"2025-05-22T11:05:05+00:00","og_image":[{"width":1080,"height":1080,"url":"https:\/\/luxurycandlesupplies.eu\/app\/uploads\/2025\/05\/Diffuser-Bottles-Reeds-3.png","type":"image\/png"}],"twitter_card":"summary_large_image","twitter_misc":{"Dur\u00e9e de lecture estim\u00e9e":"2 minutes"},"schema":{"@context":"https:\/\/schema.org","@graph":[{"@type":"WebPage","@id":"https:\/\/luxurycandlesupplies.eu\/product\/room-spray-clear-500ml-copy\/","url":"https:\/\/luxurycandlesupplies.eu\/product\/room-spray-clear-500ml-copy\/","name":"Spray d'ambiance transparent 500ml - Antwerp Luxury Candle Supplies","isPartOf":{"@id":"https:\/\/luxurycandlesupplies.eu\/#website"},"primaryImageOfPage":{"@id":"https:\/\/luxurycandlesupplies.eu\/product\/room-spray-clear-500ml-copy\/#primaryimage"},"image":{"@id":"https:\/\/luxurycandlesupplies.eu\/product\/room-spray-clear-500ml-copy\/#primaryimage"},"thumbnailUrl":"https:\/\/luxurycandlesupplies.eu\/app\/uploads\/2025\/05\/Diffuser-Bottles-Reeds-3.png","datePublished":"2025-05-20T11:26:33+00:00","dateModified":"2025-05-22T11:05:05+00:00","breadcrumb":{"@id":"https:\/\/luxurycandlesupplies.eu\/product\/room-spray-clear-500ml-copy\/#breadcrumb"},"inLanguage":"fr-FR","potentialAction":[{"@type":"ReadAction","target":["https:\/\/luxurycandlesupplies.eu\/product\/room-spray-clear-500ml-copy\/"]}]},{"@type":"ImageObject","inLanguage":"fr-FR","@id":"https:\/\/luxurycandlesupplies.eu\/product\/room-spray-clear-500ml-copy\/#primaryimage","url":"https:\/\/luxurycandlesupplies.eu\/app\/uploads\/2025\/05\/Diffuser-Bottles-Reeds-3.png","contentUrl":"https:\/\/luxurycandlesupplies.eu\/app\/uploads\/2025\/05\/Diffuser-Bottles-Reeds-3.png","width":1080,"height":1080},{"@type":"BreadcrumbList","@id":"https:\/\/luxurycandlesupplies.eu\/product\/room-spray-clear-500ml-copy\/#breadcrumb","itemListElement":[{"@type":"ListItem","position":1,"name":"Home","item":"https:\/\/luxurycandlesupplies.eu\/"},{"@type":"ListItem","position":2,"name":"Shop","item":"https:\/\/luxurycandlesupplies.eu\/shop\/"},{"@type":"ListItem","position":3,"name":"Room Spray Clear 500ml"}]},{"@type":"WebSite","@id":"https:\/\/luxurycandlesupplies.eu\/#website","url":"https:\/\/luxurycandlesupplies.eu\/","name":"Anvers Fournitures de bougies de luxe","description":"Distributeur de cire de soja toutes saisons","publisher":{"@id":"https:\/\/luxurycandlesupplies.eu\/#organization"},"potentialAction":[{"@type":"SearchAction","target":{"@type":"EntryPoint","urlTemplate":"https:\/\/luxurycandlesupplies.eu\/?s={search_term_string}"},"query-input":{"@type":"PropertyValueSpecification","valueRequired":true,"valueName":"search_term_string"}}],"inLanguage":"fr-FR"},{"@type":"Organization","@id":"https:\/\/luxurycandlesupplies.eu\/#organization","name":"Anvers Fournitures de bougies de luxe","url":"https:\/\/luxurycandlesupplies.eu\/","logo":{"@type":"ImageObject","inLanguage":"fr-FR","@id":"https:\/\/luxurycandlesupplies.eu\/#\/schema\/logo\/image\/","url":"https:\/\/luxurycandlesupplies.eu\/app\/uploads\/2022\/03\/antwerp-luxury-candle-supplies-1x.png","contentUrl":"https:\/\/luxurycandlesupplies.eu\/app\/uploads\/2022\/03\/antwerp-luxury-candle-supplies-1x.png","width":330,"height":60,"caption":"Antwerp Luxury Candle Supplies"},"image":{"@id":"https:\/\/luxurycandlesupplies.eu\/#\/schema\/logo\/image\/"},"sameAs":["https:\/\/www.facebook.com\/Antwerpluxurycandlesupplies\/","https:\/\/www.instagram.com\/antwerp_luxury_candle_supplies\/","https:\/\/pin.it\/7joOXRW"]}]}},"_links":{"self":[{"href":"https:\/\/luxurycandlesupplies.eu\/fr\/wp-json\/wp\/v2\/product\/21151","targetHints":{"allow":["GET"]}}],"collection":[{"href":"https:\/\/luxurycandlesupplies.eu\/fr\/wp-json\/wp\/v2\/product"}],"about":[{"href":"https:\/\/luxurycandlesupplies.eu\/fr\/wp-json\/wp\/v2\/types\/product"}],"wp:featuredmedia":[{"embeddable":true,"href":"https:\/\/luxurycandlesupplies.eu\/fr\/wp-json\/wp\/v2\/media\/21150"}],"wp:attachment":[{"href":"https:\/\/luxurycandlesupplies.eu\/fr\/wp-json\/wp\/v2\/media?parent=21151"}],"wp:term":[{"taxonomy":"product_brand","embeddable":true,"href":"https:\/\/luxurycandlesupplies.eu\/fr\/wp-json\/wp\/v2\/product_brand?post=21151"},{"taxonomy":"product_cat","embeddable":true,"href":"https:\/\/luxurycandlesupplies.eu\/fr\/wp-json\/wp\/v2\/product_cat?post=21151"},{"taxonomy":"product_tag","embeddable":true,"href":"https:\/\/luxurycandlesupplies.eu\/fr\/wp-json\/wp\/v2\/product_tag?post=21151"}],"curies":[{"name":"wp","href":"https:\/\/api.w.org\/{rel}","templated":true}]}}