{"id":21343,"date":"2025-06-03T15:28:32","date_gmt":"2025-06-03T13:28:32","guid":{"rendered":"https:\/\/luxurycandlesupplies.eu\/?post_type=product&#038;p=21343"},"modified":"2025-12-10T19:39:00","modified_gmt":"2025-12-10T18:39:00","slug":"bordeaux","status":"publish","type":"product","link":"https:\/\/luxurycandlesupplies.eu\/fr\/product\/burgundy\/","title":{"rendered":"Gobelet Classique Petit - Bourgogne"},"content":{"rendered":"<h4>DESCRIPTION<\/h4>\n<div class=\"product info detailed after-content\">\n<div class=\"product data items\">\n<div class=\"product-data-items-content\">\n<div id=\"attributedescription\" class=\"data item content\" role=\"tabpanel\" data-role=\"content\" aria-labelledby=\"tab-label-attributedescription\" aria-hidden=\"false\">\n<div class=\"product attribute description\">\n<div class=\"value\">\n<p>&nbsp;<\/p>\n<p>Rehaussez votre ligne de bougies avec ce gobelet givr\u00e9 chic dans un bordeaux \u00e9l\u00e9gant et moderne.<\/p>\n<p>&nbsp;<\/p>\n<p><strong>Dimensions ext\u00e9rieures de la cuve<\/strong>70mm\u00f8 x 80mmH<br \/>\n<strong>Dimensions int\u00e9rieures de la cuve<\/strong>62mm\u00f8 x 70mmH<br \/>\n<strong>Capacit\u00e9 du navire<\/strong>: 200ml<br \/>\n<strong>Capacit\u00e9 de remplissage (suggestion seulement)<\/strong>: Environ 150g<br \/>\n<strong>Poids du navire<\/strong>: 170g<\/p>\n<p>&nbsp;<\/p>\n<p><strong>Couvercle adapt\u00e9<\/strong>: N\/A<br \/>\n<strong>Emballage adapt\u00e9<\/strong>: \u00a0<a href=\"https:\/\/luxurycandlesupplies.eu\/fr\/produit\/grande-smart-box-blanche\/\">Petite bo\u00eete intelligente<\/a><br \/>\n<strong>Taille de m\u00e8che sugg\u00e9r\u00e9e<\/strong>*:\u00a0<a href=\"https:\/\/luxurycandlesupplies.eu\/fr\/produit\/meches-de-lcs-60\/\">1 x LCS60<\/a>,\u00a0<a href=\"https:\/\/luxurycandlesupplies.eu\/fr\/produit\/meche-en-bois-dubbel-10-x-150-mm\/\">1 x M\u00e8che de bois double couche 10mm<\/a><br \/>\n*Veuillez noter que la taille des m\u00e8ches n'est qu'une suggestion. Pour des r\u00e9sultats optimaux, nous recommandons aux utilisateurs d'effectuer leurs propres tests avec les diff\u00e9rents m\u00e9langes de cire et d'huile qu'ils ont l'intention d'utiliser.<\/p>\n<p>&nbsp;<\/p>\n<p>Disponible uniquement en carton de 36 unit\u00e9s.<br \/>\n<strong>Taille du carton<\/strong>: 36 unit\u00e9s<\/p>\n<p>&nbsp;<\/p>\n<p><strong>IMPORTANT !<\/strong> Veuillez noter que la photo du produit peut diff\u00e9rer de l'article r\u00e9el en termes de couleur en raison de l'\u00e9clairage et\/ou de la fabrication. En raison du processus de fabrication \u00e0 la main, chaque r\u00e9cipient aura un motif unique et de l\u00e9g\u00e8res diff\u00e9rences dans la forme de la verrerie peuvent \u00eatre visibles.<\/p>\n<p>&nbsp;<\/p>\n<\/div>\n<\/div>\n<\/div>\n<\/div>\n<\/div>\n<\/div>","protected":false},"excerpt":{"rendered":"<h3>CARACT\u00c9RISTIQUES TECHNIQUES<\/h3>\n<hr \/>\n<p><strong>Dimensions ext\u00e9rieures de la cuve<\/strong>70mm\u00f8 x 80mmH<br \/>\n<strong>Dimensions int\u00e9rieures de la cuve<\/strong>62mm\u00f8 x 70mmH<br \/>\n<strong>Capacit\u00e9 du navire<\/strong>: 200ml<br \/>\n<strong>Capacit\u00e9 de remplissage (suggestion seulement)<\/strong>: Environ 150g<br \/>\n<strong>Poids du navire<\/strong>: 170g<\/p>\n<p>&nbsp;<\/p>\n<p><strong>Couvercle adapt\u00e9<\/strong>: N\/A<br \/>\n<strong>Emballage adapt\u00e9<\/strong>: \u00a0<a href=\"https:\/\/luxurycandlesupplies.eu\/fr\/produit\/grande-smart-box-blanche\/\">Petite bo\u00eete intelligente<\/a><br \/>\n<strong>Taille de m\u00e8che sugg\u00e9r\u00e9e<\/strong>*:\u00a0<a href=\"https:\/\/luxurycandlesupplies.eu\/fr\/produit\/meches-de-lcs-60\/\">1 x LCS60<\/a>,\u00a0<a href=\"https:\/\/luxurycandlesupplies.eu\/fr\/produit\/meche-en-bois-dubbel-10-x-150-mm\/\">1 x M\u00e8che de bois double couche 10mm<\/a><br \/>\n*Veuillez noter que la taille des m\u00e8ches n'est qu'une suggestion. Pour des r\u00e9sultats optimaux, nous recommandons aux utilisateurs d'effectuer leurs propres tests avec les diff\u00e9rents m\u00e9langes de cire et d'huile qu'ils ont l'intention d'utiliser.<\/p>\n<p>&nbsp;<\/p>\n<p>Disponible uniquement en carton de 36 unit\u00e9s.<br \/>\n<strong>Taille du carton<\/strong>: 36 unit\u00e9s<\/p>","protected":false},"featured_media":21346,"template":"","meta":{"_acf_changed":false,"site-sidebar-layout":"default","site-content-layout":"default","ast-site-content-layout":"default","site-content-style":"default","site-sidebar-style":"default","ast-global-header-display":"","ast-banner-title-visibility":"","ast-main-header-display":"","ast-hfb-above-header-display":"","ast-hfb-below-header-display":"","ast-hfb-mobile-header-display":"","site-post-title":"","ast-breadcrumbs-content":"","ast-featured-img":"","footer-sml-layout":"","ast-disable-related-posts":"","theme-transparent-header-meta":"default","adv-header-id-meta":"","stick-header-meta":"","header-above-stick-meta":"","header-main-stick-meta":"","header-below-stick-meta":"","astra-migrate-meta-layouts":"set","ast-page-background-enabled":"default","ast-page-background-meta":{"desktop":{"background-color":"","background-image":"","background-repeat":"repeat","background-position":"center center","background-size":"auto","background-attachment":"scroll","background-type":"","background-media":"","overlay-type":"","overlay-color":"","overlay-opacity":"","overlay-gradient":""},"tablet":{"background-color":"","background-image":"","background-repeat":"repeat","background-position":"center center","background-size":"auto","background-attachment":"scroll","background-type":"","background-media":"","overlay-type":"","overlay-color":"","overlay-opacity":"","overlay-gradient":""},"mobile":{"background-color":"","background-image":"","background-repeat":"repeat","background-position":"center center","background-size":"auto","background-attachment":"scroll","background-type":"","background-media":"","overlay-type":"","overlay-color":"","overlay-opacity":"","overlay-gradient":""}},"ast-content-background-meta":{"desktop":{"background-color":"var(--ast-global-color-5)","background-image":"","background-repeat":"repeat","background-position":"center center","background-size":"auto","background-attachment":"scroll","background-type":"","background-media":"","overlay-type":"","overlay-color":"","overlay-opacity":"","overlay-gradient":""},"tablet":{"background-color":"var(--ast-global-color-5)","background-image":"","background-repeat":"repeat","background-position":"center center","background-size":"auto","background-attachment":"scroll","background-type":"","background-media":"","overlay-type":"","overlay-color":"","overlay-opacity":"","overlay-gradient":""},"mobile":{"background-color":"var(--ast-global-color-5)","background-image":"","background-repeat":"repeat","background-position":"center center","background-size":"auto","background-attachment":"scroll","background-type":"","background-media":"","overlay-type":"","overlay-color":"","overlay-opacity":"","overlay-gradient":""}}},"product_brand":[],"product_cat":[67],"product_tag":[1659,1570,1571],"class_list":{"0":"post-21343","1":"product","2":"type-product","3":"status-publish","4":"has-post-thumbnail","6":"product_cat-candlejars","7":"product_tag-burgundy","8":"product_tag-classic","9":"product_tag-tumbler","10":"desktop-align-left","11":"tablet-align-left","12":"mobile-align-left","13":"ast-product-gallery-layout-horizontal-slider","14":"ast-product-gallery-with-no-image","15":"ast-product-tabs-layout-horizontal","17":"first","18":"instock","19":"taxable","20":"shipping-taxable","21":"purchasable","22":"product-type-simple"},"acf":[],"yoast_head":"<title>Classic Tumbler Small - Burgundy - Antwerp Luxury Candle Supplies<\/title>\n<meta name=\"robots\" content=\"index, follow, max-snippet:-1, max-image-preview:large, max-video-preview:-1\" \/>\n<link rel=\"canonical\" href=\"https:\/\/luxurycandlesupplies.eu\/fr\/produit\/bordeaux\/\" \/>\n<meta property=\"og:locale\" content=\"fr_FR\" \/>\n<meta property=\"og:type\" content=\"article\" \/>\n<meta property=\"og:title\" content=\"Classic Tumbler Small - Burgundy - Antwerp Luxury Candle Supplies\" \/>\n<meta property=\"og:description\" content=\"SPECIFICATIONS    External Vessel Dimensions: 70mm\u00f8 x 80mmH Internal Vessel Dimensions: 62mm\u00f8 x 70mmH Vessel Capacity: 200ml Fill Capacity (suggestion only): Approx. 150g Vessel Weight: 170g  &nbsp;  Suitable Lid: N\/A Suitable Packaging: \u00a0Small Smart Box Suggested Wick Size*:\u00a01 x LCS60,\u00a01 x Double Layer Wood Wick 10mm *Please note, wick sizes are suggestions only. For optimum results, we recommend users conduct their own wick tests with different blends of wax and oils that they intend to use.  &nbsp;  Only available as a full carton of 36 units. Carton size: 36 units\" \/>\n<meta property=\"og:url\" content=\"https:\/\/luxurycandlesupplies.eu\/fr\/produit\/bordeaux\/\" \/>\n<meta property=\"og:site_name\" content=\"Antwerp Luxury Candle Supplies\" \/>\n<meta property=\"article:publisher\" content=\"https:\/\/www.facebook.com\/Antwerpluxurycandlesupplies\/\" \/>\n<meta property=\"article:modified_time\" content=\"2025-12-10T18:39:00+00:00\" \/>\n<meta property=\"og:image\" content=\"https:\/\/luxurycandlesupplies.eu\/app\/uploads\/2025\/06\/Ontwerp-zonder-titel-13.png\" \/>\n\t<meta property=\"og:image:width\" content=\"1512\" \/>\n\t<meta property=\"og:image:height\" content=\"2016\" \/>\n\t<meta property=\"og:image:type\" content=\"image\/png\" \/>\n<meta name=\"twitter:card\" content=\"summary_large_image\" \/>\n<meta name=\"twitter:label1\" content=\"Dur\u00e9e de lecture estim\u00e9e\" \/>\n\t<meta name=\"twitter:data1\" content=\"1 minute\" \/>\n<script type=\"application\/ld+json\" class=\"yoast-schema-graph\">{\"@context\":\"https:\\\/\\\/schema.org\",\"@graph\":[{\"@type\":\"WebPage\",\"@id\":\"https:\\\/\\\/luxurycandlesupplies.eu\\\/product\\\/burgundy\\\/\",\"url\":\"https:\\\/\\\/luxurycandlesupplies.eu\\\/product\\\/burgundy\\\/\",\"name\":\"Classic Tumbler Small - Burgundy - Antwerp Luxury Candle Supplies\",\"isPartOf\":{\"@id\":\"https:\\\/\\\/luxurycandlesupplies.eu\\\/#website\"},\"primaryImageOfPage\":{\"@id\":\"https:\\\/\\\/luxurycandlesupplies.eu\\\/product\\\/burgundy\\\/#primaryimage\"},\"image\":{\"@id\":\"https:\\\/\\\/luxurycandlesupplies.eu\\\/product\\\/burgundy\\\/#primaryimage\"},\"thumbnailUrl\":\"https:\\\/\\\/luxurycandlesupplies.eu\\\/app\\\/uploads\\\/2025\\\/06\\\/Ontwerp-zonder-titel-13.png\",\"datePublished\":\"2025-06-03T13:28:32+00:00\",\"dateModified\":\"2025-12-10T18:39:00+00:00\",\"breadcrumb\":{\"@id\":\"https:\\\/\\\/luxurycandlesupplies.eu\\\/product\\\/burgundy\\\/#breadcrumb\"},\"inLanguage\":\"fr-FR\",\"potentialAction\":[{\"@type\":\"ReadAction\",\"target\":[\"https:\\\/\\\/luxurycandlesupplies.eu\\\/product\\\/burgundy\\\/\"]}]},{\"@type\":\"ImageObject\",\"inLanguage\":\"fr-FR\",\"@id\":\"https:\\\/\\\/luxurycandlesupplies.eu\\\/product\\\/burgundy\\\/#primaryimage\",\"url\":\"https:\\\/\\\/luxurycandlesupplies.eu\\\/app\\\/uploads\\\/2025\\\/06\\\/Ontwerp-zonder-titel-13.png\",\"contentUrl\":\"https:\\\/\\\/luxurycandlesupplies.eu\\\/app\\\/uploads\\\/2025\\\/06\\\/Ontwerp-zonder-titel-13.png\",\"width\":1512,\"height\":2016},{\"@type\":\"BreadcrumbList\",\"@id\":\"https:\\\/\\\/luxurycandlesupplies.eu\\\/product\\\/burgundy\\\/#breadcrumb\",\"itemListElement\":[{\"@type\":\"ListItem\",\"position\":1,\"name\":\"Home\",\"item\":\"https:\\\/\\\/luxurycandlesupplies.eu\\\/\"},{\"@type\":\"ListItem\",\"position\":2,\"name\":\"Shop\",\"item\":\"https:\\\/\\\/luxurycandlesupplies.eu\\\/shop\\\/\"},{\"@type\":\"ListItem\",\"position\":3,\"name\":\"Classic Tumbler Small &#8211; Burgundy\"}]},{\"@type\":\"WebSite\",\"@id\":\"https:\\\/\\\/luxurycandlesupplies.eu\\\/#website\",\"url\":\"https:\\\/\\\/luxurycandlesupplies.eu\\\/\",\"name\":\"Antwerp Luxury Candle Supplies\",\"description\":\"Distributor of all seasons soy wax\",\"publisher\":{\"@id\":\"https:\\\/\\\/luxurycandlesupplies.eu\\\/#organization\"},\"potentialAction\":[{\"@type\":\"SearchAction\",\"target\":{\"@type\":\"EntryPoint\",\"urlTemplate\":\"https:\\\/\\\/luxurycandlesupplies.eu\\\/?s={search_term_string}\"},\"query-input\":{\"@type\":\"PropertyValueSpecification\",\"valueRequired\":true,\"valueName\":\"search_term_string\"}}],\"inLanguage\":\"fr-FR\"},{\"@type\":\"Organization\",\"@id\":\"https:\\\/\\\/luxurycandlesupplies.eu\\\/#organization\",\"name\":\"Antwerp Luxury Candle Supplies\",\"url\":\"https:\\\/\\\/luxurycandlesupplies.eu\\\/\",\"logo\":{\"@type\":\"ImageObject\",\"inLanguage\":\"fr-FR\",\"@id\":\"https:\\\/\\\/luxurycandlesupplies.eu\\\/#\\\/schema\\\/logo\\\/image\\\/\",\"url\":\"https:\\\/\\\/luxurycandlesupplies.eu\\\/app\\\/uploads\\\/2022\\\/03\\\/antwerp-luxury-candle-supplies-1x.png\",\"contentUrl\":\"https:\\\/\\\/luxurycandlesupplies.eu\\\/app\\\/uploads\\\/2022\\\/03\\\/antwerp-luxury-candle-supplies-1x.png\",\"width\":330,\"height\":60,\"caption\":\"Antwerp Luxury Candle Supplies\"},\"image\":{\"@id\":\"https:\\\/\\\/luxurycandlesupplies.eu\\\/#\\\/schema\\\/logo\\\/image\\\/\"},\"sameAs\":[\"https:\\\/\\\/www.facebook.com\\\/Antwerpluxurycandlesupplies\\\/\",\"https:\\\/\\\/www.instagram.com\\\/antwerp_luxury_candle_supplies\\\/\",\"https:\\\/\\\/pin.it\\\/7joOXRW\"]}]}<\/script>","yoast_head_json":{"title":"Gobelet Classique Petit - Bourgogne - Antwerp Luxury Candle Supplies","robots":{"index":"index","follow":"follow","max-snippet":"max-snippet:-1","max-image-preview":"max-image-preview:large","max-video-preview":"max-video-preview:-1"},"canonical":"https:\/\/luxurycandlesupplies.eu\/fr\/produit\/bordeaux\/","og_locale":"fr_FR","og_type":"article","og_title":"Classic Tumbler Small - Burgundy - Antwerp Luxury Candle Supplies","og_description":"SPECIFICATIONS    External Vessel Dimensions: 70mm\u00f8 x 80mmH Internal Vessel Dimensions: 62mm\u00f8 x 70mmH Vessel Capacity: 200ml Fill Capacity (suggestion only): Approx. 150g Vessel Weight: 170g  &nbsp;  Suitable Lid: N\/A Suitable Packaging: \u00a0Small Smart Box Suggested Wick Size*:\u00a01 x LCS60,\u00a01 x Double Layer Wood Wick 10mm *Please note, wick sizes are suggestions only. For optimum results, we recommend users conduct their own wick tests with different blends of wax and oils that they intend to use.  &nbsp;  Only available as a full carton of 36 units. Carton size: 36 units","og_url":"https:\/\/luxurycandlesupplies.eu\/fr\/produit\/bordeaux\/","og_site_name":"Antwerp Luxury Candle Supplies","article_publisher":"https:\/\/www.facebook.com\/Antwerpluxurycandlesupplies\/","article_modified_time":"2025-12-10T18:39:00+00:00","og_image":[{"width":1512,"height":2016,"url":"https:\/\/luxurycandlesupplies.eu\/app\/uploads\/2025\/06\/Ontwerp-zonder-titel-13.png","type":"image\/png"}],"twitter_card":"summary_large_image","twitter_misc":{"Dur\u00e9e de lecture estim\u00e9e":"1 minute"},"schema":{"@context":"https:\/\/schema.org","@graph":[{"@type":"WebPage","@id":"https:\/\/luxurycandlesupplies.eu\/product\/burgundy\/","url":"https:\/\/luxurycandlesupplies.eu\/product\/burgundy\/","name":"Gobelet Classique Petit - Bourgogne - Antwerp Luxury Candle Supplies","isPartOf":{"@id":"https:\/\/luxurycandlesupplies.eu\/#website"},"primaryImageOfPage":{"@id":"https:\/\/luxurycandlesupplies.eu\/product\/burgundy\/#primaryimage"},"image":{"@id":"https:\/\/luxurycandlesupplies.eu\/product\/burgundy\/#primaryimage"},"thumbnailUrl":"https:\/\/luxurycandlesupplies.eu\/app\/uploads\/2025\/06\/Ontwerp-zonder-titel-13.png","datePublished":"2025-06-03T13:28:32+00:00","dateModified":"2025-12-10T18:39:00+00:00","breadcrumb":{"@id":"https:\/\/luxurycandlesupplies.eu\/product\/burgundy\/#breadcrumb"},"inLanguage":"fr-FR","potentialAction":[{"@type":"ReadAction","target":["https:\/\/luxurycandlesupplies.eu\/product\/burgundy\/"]}]},{"@type":"ImageObject","inLanguage":"fr-FR","@id":"https:\/\/luxurycandlesupplies.eu\/product\/burgundy\/#primaryimage","url":"https:\/\/luxurycandlesupplies.eu\/app\/uploads\/2025\/06\/Ontwerp-zonder-titel-13.png","contentUrl":"https:\/\/luxurycandlesupplies.eu\/app\/uploads\/2025\/06\/Ontwerp-zonder-titel-13.png","width":1512,"height":2016},{"@type":"BreadcrumbList","@id":"https:\/\/luxurycandlesupplies.eu\/product\/burgundy\/#breadcrumb","itemListElement":[{"@type":"ListItem","position":1,"name":"Home","item":"https:\/\/luxurycandlesupplies.eu\/"},{"@type":"ListItem","position":2,"name":"Shop","item":"https:\/\/luxurycandlesupplies.eu\/shop\/"},{"@type":"ListItem","position":3,"name":"Classic Tumbler Small &#8211; Burgundy"}]},{"@type":"WebSite","@id":"https:\/\/luxurycandlesupplies.eu\/#website","url":"https:\/\/luxurycandlesupplies.eu\/","name":"Anvers Fournitures de bougies de luxe","description":"Distributeur de cire de soja toutes saisons","publisher":{"@id":"https:\/\/luxurycandlesupplies.eu\/#organization"},"potentialAction":[{"@type":"SearchAction","target":{"@type":"EntryPoint","urlTemplate":"https:\/\/luxurycandlesupplies.eu\/?s={search_term_string}"},"query-input":{"@type":"PropertyValueSpecification","valueRequired":true,"valueName":"search_term_string"}}],"inLanguage":"fr-FR"},{"@type":"Organization","@id":"https:\/\/luxurycandlesupplies.eu\/#organization","name":"Anvers Fournitures de bougies de luxe","url":"https:\/\/luxurycandlesupplies.eu\/","logo":{"@type":"ImageObject","inLanguage":"fr-FR","@id":"https:\/\/luxurycandlesupplies.eu\/#\/schema\/logo\/image\/","url":"https:\/\/luxurycandlesupplies.eu\/app\/uploads\/2022\/03\/antwerp-luxury-candle-supplies-1x.png","contentUrl":"https:\/\/luxurycandlesupplies.eu\/app\/uploads\/2022\/03\/antwerp-luxury-candle-supplies-1x.png","width":330,"height":60,"caption":"Antwerp Luxury Candle Supplies"},"image":{"@id":"https:\/\/luxurycandlesupplies.eu\/#\/schema\/logo\/image\/"},"sameAs":["https:\/\/www.facebook.com\/Antwerpluxurycandlesupplies\/","https:\/\/www.instagram.com\/antwerp_luxury_candle_supplies\/","https:\/\/pin.it\/7joOXRW"]}]}},"_links":{"self":[{"href":"https:\/\/luxurycandlesupplies.eu\/fr\/wp-json\/wp\/v2\/product\/21343","targetHints":{"allow":["GET"]}}],"collection":[{"href":"https:\/\/luxurycandlesupplies.eu\/fr\/wp-json\/wp\/v2\/product"}],"about":[{"href":"https:\/\/luxurycandlesupplies.eu\/fr\/wp-json\/wp\/v2\/types\/product"}],"wp:featuredmedia":[{"embeddable":true,"href":"https:\/\/luxurycandlesupplies.eu\/fr\/wp-json\/wp\/v2\/media\/21346"}],"wp:attachment":[{"href":"https:\/\/luxurycandlesupplies.eu\/fr\/wp-json\/wp\/v2\/media?parent=21343"}],"wp:term":[{"taxonomy":"product_brand","embeddable":true,"href":"https:\/\/luxurycandlesupplies.eu\/fr\/wp-json\/wp\/v2\/product_brand?post=21343"},{"taxonomy":"product_cat","embeddable":true,"href":"https:\/\/luxurycandlesupplies.eu\/fr\/wp-json\/wp\/v2\/product_cat?post=21343"},{"taxonomy":"product_tag","embeddable":true,"href":"https:\/\/luxurycandlesupplies.eu\/fr\/wp-json\/wp\/v2\/product_tag?post=21343"}],"curies":[{"name":"wp","href":"https:\/\/api.w.org\/{rel}","templated":true}]}}