{"id":21605,"date":"2025-06-24T11:50:52","date_gmt":"2025-06-24T09:50:52","guid":{"rendered":"https:\/\/luxurycandlesupplies.eu\/?post_type=product&#038;p=21605"},"modified":"2026-04-21T15:33:16","modified_gmt":"2026-04-21T13:33:16","slug":"eau-demineralisee","status":"publish","type":"product","link":"https:\/\/luxurycandlesupplies.eu\/fr\/product\/demineralised-water\/","title":{"rendered":"Eau d\u00e9min\u00e9ralis\u00e9e"},"content":{"rendered":"<h3>DESCRIPTION<\/h3>\n<div>\n<p>&nbsp;<\/p>\n<h2>Eau d\u00e9min\u00e9ralis\u00e9e<\/h2>\n<h6><em>La base pure pour vos sprays d'ambiance<\/em><\/h6>\n<p>&nbsp;<\/p>\n<\/div>\n<p data-start=\"178\" data-end=\"386\">Vous souhaitez cr\u00e9er des sprays d'ambiance de haute qualit\u00e9 ? Commencez par la bonne base.<br data-start=\"248\" data-end=\"251\" \/>Notre <strong data-start=\"255\" data-end=\"278\">eau d\u00e9min\u00e9ralis\u00e9e<\/strong> est totalement exempt de min\u00e9raux et d'impuret\u00e9s, ce qui en fait le choix id\u00e9al pour une formule propre et stable.<\/p>\n<p data-start=\"388\" data-end=\"540\">Pourquoi c'est important :<br data-start=\"403\" data-end=\"406\" \/>\u2714\ufe0f Emp\u00eache la formation de nuages et de s\u00e9diments<br data-start=\"441\" data-end=\"444\" \/>\u2714\ufe0f Prot\u00e8ge les buses de pulv\u00e9risation contre le bouchage<br data-start=\"488\" data-end=\"491\" \/>\u2714\ufe0f Maintient l'\u00e9quilibre parfait de vos huiles parfum\u00e9es<\/p>\n<p data-start=\"542\" data-end=\"724\">Contrairement \u00e0 l'eau du robinet ou m\u00eame \u00e0 l'eau distill\u00e9e, l'eau d\u00e9min\u00e9ralis\u00e9e n'alt\u00e8re pas le parfum ni la dur\u00e9e de conservation de vos sprays. C'est la norme professionnelle pour les produits de parfumerie domestique.<\/p>\n<p data-start=\"726\" data-end=\"780\"><strong data-start=\"726\" data-end=\"780\">Un must pour tous les fabricants de bougies et de sprays d'ambiance.<\/strong><\/p>\n<div>\n<p>&nbsp;<\/p>\n<\/div>\n<h2>RESSOURCES SUPPL\u00c9MENTAIRES<\/h2>\n<p>&nbsp;<\/p>\n<p><a href=\"https:\/\/luxurycandlesupplies.eu\/app\/uploads\/2025\/06\/SDS-Demineralized-Water.pdf\">SDS Eau d\u00e9min\u00e9ralis\u00e9e<\/a><\/p>\n<p>&nbsp;<\/p>\n<p>&nbsp;<\/p>\n<h2 class=\"\" data-start=\"264\" data-end=\"331\"><strong data-start=\"267\" data-end=\"331\">Comment fabriquer un spray d'ambiance<\/strong><\/h2>\n<hr class=\"\" data-start=\"1208\" data-end=\"1211\" \/>\n<h3 class=\"\" data-start=\"1213\" data-end=\"1258\"><strong data-start=\"1220\" data-end=\"1258\">Spray d'ambiance \u00e0 base d'alcool<\/strong><\/h3>\n<p class=\"\" data-start=\"1260\" data-end=\"1395\"><strong data-start=\"1260\" data-end=\"1314\">Id\u00e9al pour un parfum plus fort et une finition claire.<\/strong><br data-start=\"1314\" data-end=\"1317\" \/>Le polysorbate 20 aide \u00e0 solubiliser le parfum et assure une stabilit\u00e9 \u00e0 long terme.<\/p>\n<p class=\"\" data-start=\"1397\" data-end=\"1428\"><strong data-start=\"1397\" data-end=\"1428\">Ingr\u00e9dients (100 ml au total) :<\/strong><\/p>\n<p>50 ml d'eau d\u00e9min\u00e9ralis\u00e9e (50%)<br data-start=\"167\" data-end=\"170\" \/>20 ml d'alcool de parfumeur (20%)<br data-start=\"200\" data-end=\"203\" \/>Huile de parfum 20 ml (20%)<br data-start=\"228\" data-end=\"231\" \/>10 ml Polysorbate 20 (10%)<\/p>\n<p data-start=\"83\" data-end=\"100\"><strong data-start=\"83\" data-end=\"100\">Instructions :<\/strong><\/p>\n<ol data-start=\"102\" data-end=\"494\" data-is-last-node=\"\" data-is-only-node=\"\">\n<li data-start=\"102\" data-end=\"205\">\n<p data-start=\"105\" data-end=\"205\">M\u00e9langer les F<strong data-start=\"115\" data-end=\"152\">Huile d'ar\u00f4me avec Polysorbate 20<\/strong> jusqu'\u00e0 ce que le m\u00e9lange soit uniforme et enti\u00e8rement \u00e9mulsionn\u00e9.<\/p>\n<\/li>\n<li data-start=\"206\" data-end=\"261\">\n<p data-start=\"209\" data-end=\"261\">Ajouter le <strong data-start=\"217\" data-end=\"239\">Alcool de parfumerie<\/strong> et m\u00e9langer soigneusement.<\/p>\n<\/li>\n<li data-start=\"262\" data-end=\"339\">\n<p data-start=\"265\" data-end=\"339\">Ajouter lentement le <strong data-start=\"280\" data-end=\"303\">Eau d\u00e9min\u00e9ralis\u00e9e<\/strong> tout en m\u00e9langeant d\u00e9licatement.<\/p>\n<\/li>\n<li data-start=\"340\" data-end=\"424\">\n<p data-start=\"343\" data-end=\"424\">Laisser reposer le m\u00e9lange pendant <strong data-start=\"368\" data-end=\"386\">24 \u00e0 48 heures<\/strong> pour en v\u00e9rifier la clart\u00e9 et la stabilit\u00e9.<\/p>\n<\/li>\n<li data-start=\"425\" data-end=\"494\" data-is-last-node=\"\">\n<p data-start=\"428\" data-end=\"494\" data-is-last-node=\"\">Une fois le produit stabilis\u00e9, le verser dans un flacon pulv\u00e9risateur propre et l'\u00e9tiqueter en cons\u00e9quence.<\/p>\n<\/li>\n<\/ol>\n<hr class=\"\" data-start=\"1755\" data-end=\"1758\" \/>\n<h3 class=\"\" data-start=\"1760\" data-end=\"1776\">Conseil :<\/h3>\n<p>Il faut toujours commencer par des essais \u00e0 petite \u00e9chelle !<\/p>\n<p>&nbsp;<\/p>","protected":false},"excerpt":{"rendered":"<h3>DESCRIPTION<\/h3>\n<p>&nbsp;<\/p>\n<div>\n<h5>Eau d\u00e9min\u00e9ralis\u00e9e<\/h5>\n<h6><em>La base pure pour vos sprays d'ambiance<\/em><\/h6>\n<p>&nbsp;<\/p>\n<\/div>\n<p data-start=\"178\" data-end=\"386\">Vous souhaitez cr\u00e9er des sprays d'ambiance de haute qualit\u00e9 ? Commencez par la bonne base.<br data-start=\"248\" data-end=\"251\" \/>Notre <strong data-start=\"255\" data-end=\"278\">eau d\u00e9min\u00e9ralis\u00e9e<\/strong> est totalement exempt de min\u00e9raux et d'impuret\u00e9s, ce qui en fait le choix id\u00e9al pour une formule propre et stable.<\/p>\n<p data-start=\"388\" data-end=\"540\">Pourquoi c'est important :<br data-start=\"403\" data-end=\"406\" \/>\u2714\ufe0f Emp\u00eache la formation de nuages et de s\u00e9diments<br data-start=\"441\" data-end=\"444\" \/>\u2714\ufe0f Prot\u00e8ge les buses de pulv\u00e9risation contre le bouchage<br data-start=\"488\" data-end=\"491\" \/>\u2714\ufe0f Maintient l'\u00e9quilibre parfait de vos huiles parfum\u00e9es<\/p>\n<p data-start=\"542\" data-end=\"724\">Contrairement \u00e0 l'eau du robinet ou m\u00eame \u00e0 l'eau distill\u00e9e, l'eau d\u00e9min\u00e9ralis\u00e9e n'alt\u00e8re pas le parfum ni la dur\u00e9e de conservation de vos sprays. C'est la norme professionnelle pour les produits de parfumerie domestique.<\/p>\n<p data-start=\"726\" data-end=\"780\"><strong data-start=\"726\" data-end=\"780\">Un must pour tous les fabricants de bougies et de sprays d'ambiance.<\/strong><\/p>\n<div>\n<p>&nbsp;<\/p>\n<\/div>","protected":false},"featured_media":21611,"template":"","meta":{"_acf_changed":false,"site-sidebar-layout":"default","site-content-layout":"default","ast-site-content-layout":"default","site-content-style":"default","site-sidebar-style":"default","ast-global-header-display":"","ast-banner-title-visibility":"","ast-main-header-display":"","ast-hfb-above-header-display":"","ast-hfb-below-header-display":"","ast-hfb-mobile-header-display":"","site-post-title":"","ast-breadcrumbs-content":"","ast-featured-img":"","footer-sml-layout":"","ast-disable-related-posts":"","theme-transparent-header-meta":"default","adv-header-id-meta":"","stick-header-meta":"","header-above-stick-meta":"","header-main-stick-meta":"","header-below-stick-meta":"","astra-migrate-meta-layouts":"set","ast-page-background-enabled":"default","ast-page-background-meta":{"desktop":{"background-color":"","background-image":"","background-repeat":"repeat","background-position":"center center","background-size":"auto","background-attachment":"scroll","background-type":"","background-media":"","overlay-type":"","overlay-color":"","overlay-opacity":"","overlay-gradient":""},"tablet":{"background-color":"","background-image":"","background-repeat":"repeat","background-position":"center center","background-size":"auto","background-attachment":"scroll","background-type":"","background-media":"","overlay-type":"","overlay-color":"","overlay-opacity":"","overlay-gradient":""},"mobile":{"background-color":"","background-image":"","background-repeat":"repeat","background-position":"center center","background-size":"auto","background-attachment":"scroll","background-type":"","background-media":"","overlay-type":"","overlay-color":"","overlay-opacity":"","overlay-gradient":""}},"ast-content-background-meta":{"desktop":{"background-color":"var(--ast-global-color-5)","background-image":"","background-repeat":"repeat","background-position":"center center","background-size":"auto","background-attachment":"scroll","background-type":"","background-media":"","overlay-type":"","overlay-color":"","overlay-opacity":"","overlay-gradient":""},"tablet":{"background-color":"var(--ast-global-color-5)","background-image":"","background-repeat":"repeat","background-position":"center center","background-size":"auto","background-attachment":"scroll","background-type":"","background-media":"","overlay-type":"","overlay-color":"","overlay-opacity":"","overlay-gradient":""},"mobile":{"background-color":"var(--ast-global-color-5)","background-image":"","background-repeat":"repeat","background-position":"center center","background-size":"auto","background-attachment":"scroll","background-type":"","background-media":"","overlay-type":"","overlay-color":"","overlay-opacity":"","overlay-gradient":""}}},"product_brand":[],"product_cat":[1329,1644,1716,1652,1647],"product_tag":[1654],"class_list":{"0":"post-21605","1":"product","2":"type-product","3":"status-publish","4":"has-post-thumbnail","6":"product_cat-diffusers","7":"product_cat-fragrance-bases","8":"product_cat-laundry-scent-booster","9":"product_cat-room-spray-bases","10":"product_cat-room-sprays","11":"product_tag-room-spray","12":"desktop-align-left","13":"tablet-align-left","14":"mobile-align-left","15":"ast-product-gallery-layout-horizontal-slider","16":"ast-product-single-variable","17":"ast-product-tabs-layout-horizontal","19":"first","20":"instock","21":"taxable","22":"shipping-taxable","23":"purchasable","24":"product-type-variable"},"acf":[],"yoast_head":"<title>Demineralised Water - Antwerp Luxury Candle Supplies<\/title>\n<meta name=\"robots\" content=\"index, follow, max-snippet:-1, max-image-preview:large, max-video-preview:-1\" \/>\n<link rel=\"canonical\" href=\"https:\/\/luxurycandlesupplies.eu\/fr\/produit\/eau-demineralisee\/\" \/>\n<meta property=\"og:locale\" content=\"fr_FR\" \/>\n<meta property=\"og:type\" content=\"article\" \/>\n<meta property=\"og:title\" content=\"Demineralised Water - Antwerp Luxury Candle Supplies\" \/>\n<meta property=\"og:description\" content=\"DESCRIPTION &nbsp;  Demineralised Water The Pure Base for Your Room Sprays &nbsp;   Looking to create high-quality room sprays? Start with the right base.Our demineralised water is completely free from minerals and impurities, making it the ideal choice for a clean and stable formula. Why it matters:\u2714\ufe0f Prevents cloudiness and sediment\u2714\ufe0f Protects your spray nozzles from clogging\u2714\ufe0f Keeps your fragrance oils perfectly balanced Unlike tap water or even distilled water, demineralised water won\u2019t interfere with the scent or shelf life of your sprays. It\u2019s the professional standard for home fragrance products. A must-have for every candle and room spray maker.    &nbsp;\" \/>\n<meta property=\"og:url\" content=\"https:\/\/luxurycandlesupplies.eu\/fr\/produit\/eau-demineralisee\/\" \/>\n<meta property=\"og:site_name\" content=\"Antwerp Luxury Candle Supplies\" \/>\n<meta property=\"article:publisher\" content=\"https:\/\/www.facebook.com\/Antwerpluxurycandlesupplies\/\" \/>\n<meta property=\"article:modified_time\" content=\"2026-04-21T13:33:16+00:00\" \/>\n<meta property=\"og:image\" content=\"https:\/\/luxurycandlesupplies.eu\/app\/uploads\/2025\/06\/Ontwerp-zonder-titel-9.jpg\" \/>\n\t<meta property=\"og:image:width\" content=\"1080\" \/>\n\t<meta property=\"og:image:height\" content=\"1350\" \/>\n\t<meta property=\"og:image:type\" content=\"image\/jpeg\" \/>\n<meta name=\"twitter:card\" content=\"summary_large_image\" \/>\n<meta name=\"twitter:label1\" content=\"Dur\u00e9e de lecture estim\u00e9e\" \/>\n\t<meta name=\"twitter:data1\" content=\"2 minutes\" \/>\n<script type=\"application\/ld+json\" class=\"yoast-schema-graph\">{\"@context\":\"https:\\\/\\\/schema.org\",\"@graph\":[{\"@type\":\"WebPage\",\"@id\":\"https:\\\/\\\/luxurycandlesupplies.eu\\\/product\\\/demineralised-water\\\/\",\"url\":\"https:\\\/\\\/luxurycandlesupplies.eu\\\/product\\\/demineralised-water\\\/\",\"name\":\"Demineralised Water - Antwerp Luxury Candle Supplies\",\"isPartOf\":{\"@id\":\"https:\\\/\\\/luxurycandlesupplies.eu\\\/#website\"},\"primaryImageOfPage\":{\"@id\":\"https:\\\/\\\/luxurycandlesupplies.eu\\\/product\\\/demineralised-water\\\/#primaryimage\"},\"image\":{\"@id\":\"https:\\\/\\\/luxurycandlesupplies.eu\\\/product\\\/demineralised-water\\\/#primaryimage\"},\"thumbnailUrl\":\"https:\\\/\\\/luxurycandlesupplies.eu\\\/app\\\/uploads\\\/2025\\\/06\\\/Ontwerp-zonder-titel-9.jpg\",\"datePublished\":\"2025-06-24T09:50:52+00:00\",\"dateModified\":\"2026-04-21T13:33:16+00:00\",\"breadcrumb\":{\"@id\":\"https:\\\/\\\/luxurycandlesupplies.eu\\\/product\\\/demineralised-water\\\/#breadcrumb\"},\"inLanguage\":\"fr-FR\",\"potentialAction\":[{\"@type\":\"ReadAction\",\"target\":[\"https:\\\/\\\/luxurycandlesupplies.eu\\\/product\\\/demineralised-water\\\/\"]}]},{\"@type\":\"ImageObject\",\"inLanguage\":\"fr-FR\",\"@id\":\"https:\\\/\\\/luxurycandlesupplies.eu\\\/product\\\/demineralised-water\\\/#primaryimage\",\"url\":\"https:\\\/\\\/luxurycandlesupplies.eu\\\/app\\\/uploads\\\/2025\\\/06\\\/Ontwerp-zonder-titel-9.jpg\",\"contentUrl\":\"https:\\\/\\\/luxurycandlesupplies.eu\\\/app\\\/uploads\\\/2025\\\/06\\\/Ontwerp-zonder-titel-9.jpg\",\"width\":1080,\"height\":1350},{\"@type\":\"BreadcrumbList\",\"@id\":\"https:\\\/\\\/luxurycandlesupplies.eu\\\/product\\\/demineralised-water\\\/#breadcrumb\",\"itemListElement\":[{\"@type\":\"ListItem\",\"position\":1,\"name\":\"Home\",\"item\":\"https:\\\/\\\/luxurycandlesupplies.eu\\\/\"},{\"@type\":\"ListItem\",\"position\":2,\"name\":\"Shop\",\"item\":\"https:\\\/\\\/luxurycandlesupplies.eu\\\/shop\\\/\"},{\"@type\":\"ListItem\",\"position\":3,\"name\":\"Demineralised Water\"}]},{\"@type\":\"WebSite\",\"@id\":\"https:\\\/\\\/luxurycandlesupplies.eu\\\/#website\",\"url\":\"https:\\\/\\\/luxurycandlesupplies.eu\\\/\",\"name\":\"Antwerp Luxury Candle Supplies\",\"description\":\"Distributor of all seasons soy wax\",\"publisher\":{\"@id\":\"https:\\\/\\\/luxurycandlesupplies.eu\\\/#organization\"},\"potentialAction\":[{\"@type\":\"SearchAction\",\"target\":{\"@type\":\"EntryPoint\",\"urlTemplate\":\"https:\\\/\\\/luxurycandlesupplies.eu\\\/?s={search_term_string}\"},\"query-input\":{\"@type\":\"PropertyValueSpecification\",\"valueRequired\":true,\"valueName\":\"search_term_string\"}}],\"inLanguage\":\"fr-FR\"},{\"@type\":\"Organization\",\"@id\":\"https:\\\/\\\/luxurycandlesupplies.eu\\\/#organization\",\"name\":\"Antwerp Luxury Candle Supplies\",\"url\":\"https:\\\/\\\/luxurycandlesupplies.eu\\\/\",\"logo\":{\"@type\":\"ImageObject\",\"inLanguage\":\"fr-FR\",\"@id\":\"https:\\\/\\\/luxurycandlesupplies.eu\\\/#\\\/schema\\\/logo\\\/image\\\/\",\"url\":\"https:\\\/\\\/luxurycandlesupplies.eu\\\/app\\\/uploads\\\/2022\\\/03\\\/antwerp-luxury-candle-supplies-1x.png\",\"contentUrl\":\"https:\\\/\\\/luxurycandlesupplies.eu\\\/app\\\/uploads\\\/2022\\\/03\\\/antwerp-luxury-candle-supplies-1x.png\",\"width\":330,\"height\":60,\"caption\":\"Antwerp Luxury Candle Supplies\"},\"image\":{\"@id\":\"https:\\\/\\\/luxurycandlesupplies.eu\\\/#\\\/schema\\\/logo\\\/image\\\/\"},\"sameAs\":[\"https:\\\/\\\/www.facebook.com\\\/Antwerpluxurycandlesupplies\\\/\",\"https:\\\/\\\/www.instagram.com\\\/antwerp_luxury_candle_supplies\\\/\",\"https:\\\/\\\/pin.it\\\/7joOXRW\"]}]}<\/script>","yoast_head_json":{"title":"Eau d\u00e9min\u00e9ralis\u00e9e - Antwerp Luxury Candle Supplies","robots":{"index":"index","follow":"follow","max-snippet":"max-snippet:-1","max-image-preview":"max-image-preview:large","max-video-preview":"max-video-preview:-1"},"canonical":"https:\/\/luxurycandlesupplies.eu\/fr\/produit\/eau-demineralisee\/","og_locale":"fr_FR","og_type":"article","og_title":"Demineralised Water - Antwerp Luxury Candle Supplies","og_description":"DESCRIPTION &nbsp;  Demineralised Water The Pure Base for Your Room Sprays &nbsp;   Looking to create high-quality room sprays? Start with the right base.Our demineralised water is completely free from minerals and impurities, making it the ideal choice for a clean and stable formula. Why it matters:\u2714\ufe0f Prevents cloudiness and sediment\u2714\ufe0f Protects your spray nozzles from clogging\u2714\ufe0f Keeps your fragrance oils perfectly balanced Unlike tap water or even distilled water, demineralised water won\u2019t interfere with the scent or shelf life of your sprays. It\u2019s the professional standard for home fragrance products. A must-have for every candle and room spray maker.    &nbsp;","og_url":"https:\/\/luxurycandlesupplies.eu\/fr\/produit\/eau-demineralisee\/","og_site_name":"Antwerp Luxury Candle Supplies","article_publisher":"https:\/\/www.facebook.com\/Antwerpluxurycandlesupplies\/","article_modified_time":"2026-04-21T13:33:16+00:00","og_image":[{"width":1080,"height":1350,"url":"https:\/\/luxurycandlesupplies.eu\/app\/uploads\/2025\/06\/Ontwerp-zonder-titel-9.jpg","type":"image\/jpeg"}],"twitter_card":"summary_large_image","twitter_misc":{"Dur\u00e9e de lecture estim\u00e9e":"2 minutes"},"schema":{"@context":"https:\/\/schema.org","@graph":[{"@type":"WebPage","@id":"https:\/\/luxurycandlesupplies.eu\/product\/demineralised-water\/","url":"https:\/\/luxurycandlesupplies.eu\/product\/demineralised-water\/","name":"Eau d\u00e9min\u00e9ralis\u00e9e - Antwerp Luxury Candle Supplies","isPartOf":{"@id":"https:\/\/luxurycandlesupplies.eu\/#website"},"primaryImageOfPage":{"@id":"https:\/\/luxurycandlesupplies.eu\/product\/demineralised-water\/#primaryimage"},"image":{"@id":"https:\/\/luxurycandlesupplies.eu\/product\/demineralised-water\/#primaryimage"},"thumbnailUrl":"https:\/\/luxurycandlesupplies.eu\/app\/uploads\/2025\/06\/Ontwerp-zonder-titel-9.jpg","datePublished":"2025-06-24T09:50:52+00:00","dateModified":"2026-04-21T13:33:16+00:00","breadcrumb":{"@id":"https:\/\/luxurycandlesupplies.eu\/product\/demineralised-water\/#breadcrumb"},"inLanguage":"fr-FR","potentialAction":[{"@type":"ReadAction","target":["https:\/\/luxurycandlesupplies.eu\/product\/demineralised-water\/"]}]},{"@type":"ImageObject","inLanguage":"fr-FR","@id":"https:\/\/luxurycandlesupplies.eu\/product\/demineralised-water\/#primaryimage","url":"https:\/\/luxurycandlesupplies.eu\/app\/uploads\/2025\/06\/Ontwerp-zonder-titel-9.jpg","contentUrl":"https:\/\/luxurycandlesupplies.eu\/app\/uploads\/2025\/06\/Ontwerp-zonder-titel-9.jpg","width":1080,"height":1350},{"@type":"BreadcrumbList","@id":"https:\/\/luxurycandlesupplies.eu\/product\/demineralised-water\/#breadcrumb","itemListElement":[{"@type":"ListItem","position":1,"name":"Home","item":"https:\/\/luxurycandlesupplies.eu\/"},{"@type":"ListItem","position":2,"name":"Shop","item":"https:\/\/luxurycandlesupplies.eu\/shop\/"},{"@type":"ListItem","position":3,"name":"Demineralised Water"}]},{"@type":"WebSite","@id":"https:\/\/luxurycandlesupplies.eu\/#website","url":"https:\/\/luxurycandlesupplies.eu\/","name":"Anvers Fournitures de bougies de luxe","description":"Distributeur de cire de soja toutes saisons","publisher":{"@id":"https:\/\/luxurycandlesupplies.eu\/#organization"},"potentialAction":[{"@type":"SearchAction","target":{"@type":"EntryPoint","urlTemplate":"https:\/\/luxurycandlesupplies.eu\/?s={search_term_string}"},"query-input":{"@type":"PropertyValueSpecification","valueRequired":true,"valueName":"search_term_string"}}],"inLanguage":"fr-FR"},{"@type":"Organization","@id":"https:\/\/luxurycandlesupplies.eu\/#organization","name":"Anvers Fournitures de bougies de luxe","url":"https:\/\/luxurycandlesupplies.eu\/","logo":{"@type":"ImageObject","inLanguage":"fr-FR","@id":"https:\/\/luxurycandlesupplies.eu\/#\/schema\/logo\/image\/","url":"https:\/\/luxurycandlesupplies.eu\/app\/uploads\/2022\/03\/antwerp-luxury-candle-supplies-1x.png","contentUrl":"https:\/\/luxurycandlesupplies.eu\/app\/uploads\/2022\/03\/antwerp-luxury-candle-supplies-1x.png","width":330,"height":60,"caption":"Antwerp Luxury Candle Supplies"},"image":{"@id":"https:\/\/luxurycandlesupplies.eu\/#\/schema\/logo\/image\/"},"sameAs":["https:\/\/www.facebook.com\/Antwerpluxurycandlesupplies\/","https:\/\/www.instagram.com\/antwerp_luxury_candle_supplies\/","https:\/\/pin.it\/7joOXRW"]}]}},"_links":{"self":[{"href":"https:\/\/luxurycandlesupplies.eu\/fr\/wp-json\/wp\/v2\/product\/21605","targetHints":{"allow":["GET"]}}],"collection":[{"href":"https:\/\/luxurycandlesupplies.eu\/fr\/wp-json\/wp\/v2\/product"}],"about":[{"href":"https:\/\/luxurycandlesupplies.eu\/fr\/wp-json\/wp\/v2\/types\/product"}],"wp:featuredmedia":[{"embeddable":true,"href":"https:\/\/luxurycandlesupplies.eu\/fr\/wp-json\/wp\/v2\/media\/21611"}],"wp:attachment":[{"href":"https:\/\/luxurycandlesupplies.eu\/fr\/wp-json\/wp\/v2\/media?parent=21605"}],"wp:term":[{"taxonomy":"product_brand","embeddable":true,"href":"https:\/\/luxurycandlesupplies.eu\/fr\/wp-json\/wp\/v2\/product_brand?post=21605"},{"taxonomy":"product_cat","embeddable":true,"href":"https:\/\/luxurycandlesupplies.eu\/fr\/wp-json\/wp\/v2\/product_cat?post=21605"},{"taxonomy":"product_tag","embeddable":true,"href":"https:\/\/luxurycandlesupplies.eu\/fr\/wp-json\/wp\/v2\/product_tag?post=21605"}],"curies":[{"name":"wp","href":"https:\/\/api.w.org\/{rel}","templated":true}]}}