{"id":21791,"date":"2025-07-11T15:10:50","date_gmt":"2025-07-11T13:10:50","guid":{"rendered":"https:\/\/luxurycandlesupplies.eu\/?post_type=product&#038;p=21791"},"modified":"2026-04-28T18:43:10","modified_gmt":"2026-04-28T16:43:10","slug":"coffret-cadeau-duo-matte-gloss-black-pour-2x-vogue-urban-s","status":"publish","type":"product","link":"https:\/\/luxurycandlesupplies.eu\/fr\/product\/duo-gift-box-matte-gloss-black-for-2x-vogue-urban-s\/","title":{"rendered":"Duo Gift Box - Noir mat\/brillant pour 2x Vogue\/urban S"},"content":{"rendered":"<h4>DESCRIPTION<\/h4>\n<p>&nbsp;<\/p>\n<div class=\"product info detailed after-content\">\n<div class=\"product data items\">\n<div class=\"product-data-items-content\">\n<div id=\"attributedescription\" class=\"data item content\" role=\"tabpanel\" data-role=\"content\" aria-labelledby=\"tab-label-attributedescription\" aria-hidden=\"false\">\n<div class=\"product attribute description\">\n<div class=\"value\">\n<p>Les options d'emballage de Antwerp Luxury Candle Supplies sont indispensables \u00e0 toute entreprise.<\/p>\n<\/div>\n<p>La premi\u00e8re impression compte, alors faites en sorte que vos clients tombent amoureux de votre parfum de maison d\u00e8s l'instant o\u00f9 ils ouvrent leur achat. Cette bo\u00eete \u00e9l\u00e9gante et robuste prot\u00e8gera votre produit et donnera une impression de luxe au destinataire.<\/p>\n<p>Cette bo\u00eete ne contient pas de mousse. L'encart correspondant est :<\/p>\n<p><a href=\"https:\/\/luxurycandlesupplies.eu\/fr\/produit\/mousse-insert-grand-coffret-cadeau-noir\/\">Insert en mousse pour 2 petits Vogue ou 2 petits Urban<\/a><\/p>\n<p>&nbsp;<\/p>\n<p><strong>Navires appropri\u00e9s :<\/strong><\/p>\n<p><a href=\"https:\/\/luxurycandlesupplies.eu\/fr\/produit\/vogue-santorini\/\">Petit Vogue<\/a><\/p>\n<p><a href=\"https:\/\/luxurycandlesupplies.eu\/fr\/produit\/urban-small-ice-grey\/\">Petit Urban<\/a><\/p>\n<div class=\"value\">\n<p>&nbsp;<\/p>\n<p>&nbsp;<\/p>\n<div>\n<h3>CARACT\u00c9RISTIQUES TECHNIQUES<\/h3>\n<hr \/>\n<div>\n<div><\/div>\n<\/div>\n<p><strong>Dimensions ext\u00e9rieures<\/strong>Dimensions : 210 mm de largeur x 80 mm de profondeur x 95 mm de hauteur.<br \/>\n<strong>Mat\u00e9riaux<\/strong>: Panneau de particules de 1 000 g\/m\u00b2 envelopp\u00e9 dans un papier de 150 g\/m\u00b2.<br \/>\n<strong>Convient pour<\/strong>: <a href=\"https:\/\/luxurycandlesupplies.eu\/fr\/produit\/urban-small-gloss-white\/\">Petit Urban<\/a> ou <a href=\"https:\/\/luxurycandlesupplies.eu\/fr\/produit\/petit-vogue-glamour-rose\/\">Petit Vogue<\/a><\/p>\n<p><strong>Qt\u00e9<\/strong>: Disponible en unit\u00e9s individuelles<br \/>\n<strong>Taille du carton :<\/strong>\u00a020 unit\u00e9s<\/p>\n<p><strong>Personnalisation<\/strong>: Pour un emballage personnalis\u00e9 - veuillez contacter mail@luxurycandlesupplies.eu<\/p>\n<p>&nbsp;<\/p>\n<\/div>\n<\/div>\n<\/div>\n<\/div>\n<\/div>\n<\/div>\n<\/div>","protected":false},"excerpt":{"rendered":"<div>\n<p>&nbsp;<\/p>\n<div>\n<h3>CARACT\u00c9RISTIQUES TECHNIQUES<\/h3>\n<hr \/>\n<div>\n<div><\/div>\n<\/div>\n<p><strong>Dimensions ext\u00e9rieures<\/strong>Dimensions : 210 mm de largeur x 80 mm de profondeur x 95 mm de hauteur.<br \/>\n<strong>Mat\u00e9riaux<\/strong>: Panneau de particules de 1 000 g\/m\u00b2 envelopp\u00e9 dans un papier de 150 g\/m\u00b2.<br \/>\n<strong>Convient pour<\/strong>: <a href=\"https:\/\/luxurycandlesupplies.eu\/fr\/produit\/urban-small-gloss-white\/\">Petit Urban<\/a> ou <a href=\"https:\/\/luxurycandlesupplies.eu\/fr\/produit\/petit-vogue-glamour-rose\/\">Petit Vogue<\/a><\/p>\n<p><strong>Qt\u00e9<\/strong>: Disponible en unit\u00e9s individuelles<br \/>\n<strong>Taille du carton :<\/strong> 10 unit\u00e9s<\/p>\n<p><strong>Personnalisation<\/strong>: Pour un emballage personnalis\u00e9 - veuillez contacter mail@luxurycandlesupplies.eu<\/p>\n<\/div>\n<\/div>\n<p>&nbsp;<\/p>","protected":false},"featured_media":16584,"template":"","meta":{"_acf_changed":false,"site-sidebar-layout":"default","site-content-layout":"default","ast-site-content-layout":"default","site-content-style":"default","site-sidebar-style":"default","ast-global-header-display":"","ast-banner-title-visibility":"","ast-main-header-display":"","ast-hfb-above-header-display":"","ast-hfb-below-header-display":"","ast-hfb-mobile-header-display":"","site-post-title":"","ast-breadcrumbs-content":"","ast-featured-img":"","footer-sml-layout":"","ast-disable-related-posts":"","theme-transparent-header-meta":"default","adv-header-id-meta":"","stick-header-meta":"","header-above-stick-meta":"","header-main-stick-meta":"","header-below-stick-meta":"","astra-migrate-meta-layouts":"set","ast-page-background-enabled":"default","ast-page-background-meta":{"desktop":{"background-color":"","background-image":"","background-repeat":"repeat","background-position":"center center","background-size":"auto","background-attachment":"scroll","background-type":"","background-media":"","overlay-type":"","overlay-color":"","overlay-opacity":"","overlay-gradient":""},"tablet":{"background-color":"","background-image":"","background-repeat":"repeat","background-position":"center center","background-size":"auto","background-attachment":"scroll","background-type":"","background-media":"","overlay-type":"","overlay-color":"","overlay-opacity":"","overlay-gradient":""},"mobile":{"background-color":"","background-image":"","background-repeat":"repeat","background-position":"center center","background-size":"auto","background-attachment":"scroll","background-type":"","background-media":"","overlay-type":"","overlay-color":"","overlay-opacity":"","overlay-gradient":""}},"ast-content-background-meta":{"desktop":{"background-color":"var(--ast-global-color-5)","background-image":"","background-repeat":"repeat","background-position":"center center","background-size":"auto","background-attachment":"scroll","background-type":"","background-media":"","overlay-type":"","overlay-color":"","overlay-opacity":"","overlay-gradient":""},"tablet":{"background-color":"var(--ast-global-color-5)","background-image":"","background-repeat":"repeat","background-position":"center center","background-size":"auto","background-attachment":"scroll","background-type":"","background-media":"","overlay-type":"","overlay-color":"","overlay-opacity":"","overlay-gradient":""},"mobile":{"background-color":"var(--ast-global-color-5)","background-image":"","background-repeat":"repeat","background-position":"center center","background-size":"auto","background-attachment":"scroll","background-type":"","background-media":"","overlay-type":"","overlay-color":"","overlay-opacity":"","overlay-gradient":""}}},"product_brand":[],"product_cat":[1575,1510],"product_tag":[149,1574,427,1511],"class_list":{"0":"post-21791","1":"product","2":"type-product","3":"status-publish","4":"has-post-thumbnail","6":"product_cat-candle-box","7":"product_cat-packaging","8":"product_tag-black","9":"product_tag-flat-box","10":"product_tag-large","11":"product_tag-packaging","12":"desktop-align-left","13":"tablet-align-left","14":"mobile-align-left","15":"ast-product-gallery-layout-horizontal-slider","16":"ast-product-tabs-layout-horizontal","18":"first","19":"instock","20":"taxable","21":"shipping-taxable","22":"purchasable","23":"product-type-simple"},"acf":[],"yoast_head":"<title>Duo Gift Box \u2013 Matte\/gloss black for 2x Vogue\/urban S - Antwerp Luxury Candle Supplies<\/title>\n<meta name=\"robots\" content=\"index, follow, max-snippet:-1, max-image-preview:large, max-video-preview:-1\" \/>\n<link rel=\"canonical\" href=\"https:\/\/luxurycandlesupplies.eu\/fr\/produit\/coffret-cadeau-duo-matte-gloss-black-pour-2x-vogue-urban-s\/\" \/>\n<meta property=\"og:locale\" content=\"fr_FR\" \/>\n<meta property=\"og:type\" content=\"article\" \/>\n<meta property=\"og:title\" content=\"Duo Gift Box \u2013 Matte\/gloss black for 2x Vogue\/urban S - Antwerp Luxury Candle Supplies\" \/>\n<meta property=\"og:description\" content=\"&nbsp;  SPECIFICATIONS       Exterior Dimensions: 210mmW x 80mmD x 95mmH Material: 1,000GSM Chipboard wrapped in 150GSM Paper Suitable for: Small Urban or Small Vogue  Qty: Available as single units Carton size: 10 units  Customisation: For customised branded packaging \u2013 please contact mail@luxurycandlesupplies.eu    &nbsp;\" \/>\n<meta property=\"og:url\" content=\"https:\/\/luxurycandlesupplies.eu\/fr\/produit\/coffret-cadeau-duo-matte-gloss-black-pour-2x-vogue-urban-s\/\" \/>\n<meta property=\"og:site_name\" content=\"Antwerp Luxury Candle Supplies\" \/>\n<meta property=\"article:publisher\" content=\"https:\/\/www.facebook.com\/Antwerpluxurycandlesupplies\/\" \/>\n<meta property=\"article:modified_time\" content=\"2026-04-28T16:43:10+00:00\" \/>\n<meta property=\"og:image\" content=\"https:\/\/luxurycandlesupplies.eu\/app\/uploads\/2024\/06\/Gift-Box-BLK-Lrg.jpg\" \/>\n\t<meta property=\"og:image:width\" content=\"600\" \/>\n\t<meta property=\"og:image:height\" content=\"500\" \/>\n\t<meta property=\"og:image:type\" content=\"image\/jpeg\" \/>\n<meta name=\"twitter:card\" content=\"summary_large_image\" \/>\n<meta name=\"twitter:label1\" content=\"Dur\u00e9e de lecture estim\u00e9e\" \/>\n\t<meta name=\"twitter:data1\" content=\"1 minute\" \/>\n<script type=\"application\/ld+json\" class=\"yoast-schema-graph\">{\"@context\":\"https:\\\/\\\/schema.org\",\"@graph\":[{\"@type\":\"WebPage\",\"@id\":\"https:\\\/\\\/luxurycandlesupplies.eu\\\/product\\\/duo-gift-box-matte-gloss-black-for-2x-vogue-urban-s\\\/\",\"url\":\"https:\\\/\\\/luxurycandlesupplies.eu\\\/product\\\/duo-gift-box-matte-gloss-black-for-2x-vogue-urban-s\\\/\",\"name\":\"Duo Gift Box \u2013 Matte\\\/gloss black for 2x Vogue\\\/urban S - Antwerp Luxury Candle Supplies\",\"isPartOf\":{\"@id\":\"https:\\\/\\\/luxurycandlesupplies.eu\\\/#website\"},\"primaryImageOfPage\":{\"@id\":\"https:\\\/\\\/luxurycandlesupplies.eu\\\/product\\\/duo-gift-box-matte-gloss-black-for-2x-vogue-urban-s\\\/#primaryimage\"},\"image\":{\"@id\":\"https:\\\/\\\/luxurycandlesupplies.eu\\\/product\\\/duo-gift-box-matte-gloss-black-for-2x-vogue-urban-s\\\/#primaryimage\"},\"thumbnailUrl\":\"https:\\\/\\\/luxurycandlesupplies.eu\\\/app\\\/uploads\\\/2024\\\/06\\\/Gift-Box-BLK-Lrg.jpg\",\"datePublished\":\"2025-07-11T13:10:50+00:00\",\"dateModified\":\"2026-04-28T16:43:10+00:00\",\"breadcrumb\":{\"@id\":\"https:\\\/\\\/luxurycandlesupplies.eu\\\/product\\\/duo-gift-box-matte-gloss-black-for-2x-vogue-urban-s\\\/#breadcrumb\"},\"inLanguage\":\"fr-FR\",\"potentialAction\":[{\"@type\":\"ReadAction\",\"target\":[\"https:\\\/\\\/luxurycandlesupplies.eu\\\/product\\\/duo-gift-box-matte-gloss-black-for-2x-vogue-urban-s\\\/\"]}]},{\"@type\":\"ImageObject\",\"inLanguage\":\"fr-FR\",\"@id\":\"https:\\\/\\\/luxurycandlesupplies.eu\\\/product\\\/duo-gift-box-matte-gloss-black-for-2x-vogue-urban-s\\\/#primaryimage\",\"url\":\"https:\\\/\\\/luxurycandlesupplies.eu\\\/app\\\/uploads\\\/2024\\\/06\\\/Gift-Box-BLK-Lrg.jpg\",\"contentUrl\":\"https:\\\/\\\/luxurycandlesupplies.eu\\\/app\\\/uploads\\\/2024\\\/06\\\/Gift-Box-BLK-Lrg.jpg\",\"width\":600,\"height\":500},{\"@type\":\"BreadcrumbList\",\"@id\":\"https:\\\/\\\/luxurycandlesupplies.eu\\\/product\\\/duo-gift-box-matte-gloss-black-for-2x-vogue-urban-s\\\/#breadcrumb\",\"itemListElement\":[{\"@type\":\"ListItem\",\"position\":1,\"name\":\"Home\",\"item\":\"https:\\\/\\\/luxurycandlesupplies.eu\\\/\"},{\"@type\":\"ListItem\",\"position\":2,\"name\":\"Shop\",\"item\":\"https:\\\/\\\/luxurycandlesupplies.eu\\\/shop\\\/\"},{\"@type\":\"ListItem\",\"position\":3,\"name\":\"Duo Gift Box \u2013 Matte\\\/gloss black for 2x Vogue\\\/urban S\"}]},{\"@type\":\"WebSite\",\"@id\":\"https:\\\/\\\/luxurycandlesupplies.eu\\\/#website\",\"url\":\"https:\\\/\\\/luxurycandlesupplies.eu\\\/\",\"name\":\"Antwerp Luxury Candle Supplies\",\"description\":\"Distributor of all seasons soy wax\",\"publisher\":{\"@id\":\"https:\\\/\\\/luxurycandlesupplies.eu\\\/#organization\"},\"potentialAction\":[{\"@type\":\"SearchAction\",\"target\":{\"@type\":\"EntryPoint\",\"urlTemplate\":\"https:\\\/\\\/luxurycandlesupplies.eu\\\/?s={search_term_string}\"},\"query-input\":{\"@type\":\"PropertyValueSpecification\",\"valueRequired\":true,\"valueName\":\"search_term_string\"}}],\"inLanguage\":\"fr-FR\"},{\"@type\":\"Organization\",\"@id\":\"https:\\\/\\\/luxurycandlesupplies.eu\\\/#organization\",\"name\":\"Antwerp Luxury Candle Supplies\",\"url\":\"https:\\\/\\\/luxurycandlesupplies.eu\\\/\",\"logo\":{\"@type\":\"ImageObject\",\"inLanguage\":\"fr-FR\",\"@id\":\"https:\\\/\\\/luxurycandlesupplies.eu\\\/#\\\/schema\\\/logo\\\/image\\\/\",\"url\":\"https:\\\/\\\/luxurycandlesupplies.eu\\\/app\\\/uploads\\\/2022\\\/03\\\/antwerp-luxury-candle-supplies-1x.png\",\"contentUrl\":\"https:\\\/\\\/luxurycandlesupplies.eu\\\/app\\\/uploads\\\/2022\\\/03\\\/antwerp-luxury-candle-supplies-1x.png\",\"width\":330,\"height\":60,\"caption\":\"Antwerp Luxury Candle Supplies\"},\"image\":{\"@id\":\"https:\\\/\\\/luxurycandlesupplies.eu\\\/#\\\/schema\\\/logo\\\/image\\\/\"},\"sameAs\":[\"https:\\\/\\\/www.facebook.com\\\/Antwerpluxurycandlesupplies\\\/\",\"https:\\\/\\\/www.instagram.com\\\/antwerp_luxury_candle_supplies\\\/\",\"https:\\\/\\\/pin.it\\\/7joOXRW\"]}]}<\/script>","yoast_head_json":{"title":"Duo Gift Box - Matte\/gloss black pour 2x Vogue\/urban S - Antwerp Luxury Candle Supplies","robots":{"index":"index","follow":"follow","max-snippet":"max-snippet:-1","max-image-preview":"max-image-preview:large","max-video-preview":"max-video-preview:-1"},"canonical":"https:\/\/luxurycandlesupplies.eu\/fr\/produit\/coffret-cadeau-duo-matte-gloss-black-pour-2x-vogue-urban-s\/","og_locale":"fr_FR","og_type":"article","og_title":"Duo Gift Box \u2013 Matte\/gloss black for 2x Vogue\/urban S - Antwerp Luxury Candle Supplies","og_description":"&nbsp;  SPECIFICATIONS       Exterior Dimensions: 210mmW x 80mmD x 95mmH Material: 1,000GSM Chipboard wrapped in 150GSM Paper Suitable for: Small Urban or Small Vogue  Qty: Available as single units Carton size: 10 units  Customisation: For customised branded packaging \u2013 please contact mail@luxurycandlesupplies.eu    &nbsp;","og_url":"https:\/\/luxurycandlesupplies.eu\/fr\/produit\/coffret-cadeau-duo-matte-gloss-black-pour-2x-vogue-urban-s\/","og_site_name":"Antwerp Luxury Candle Supplies","article_publisher":"https:\/\/www.facebook.com\/Antwerpluxurycandlesupplies\/","article_modified_time":"2026-04-28T16:43:10+00:00","og_image":[{"width":600,"height":500,"url":"https:\/\/luxurycandlesupplies.eu\/app\/uploads\/2024\/06\/Gift-Box-BLK-Lrg.jpg","type":"image\/jpeg"}],"twitter_card":"summary_large_image","twitter_misc":{"Dur\u00e9e de lecture estim\u00e9e":"1 minute"},"schema":{"@context":"https:\/\/schema.org","@graph":[{"@type":"WebPage","@id":"https:\/\/luxurycandlesupplies.eu\/product\/duo-gift-box-matte-gloss-black-for-2x-vogue-urban-s\/","url":"https:\/\/luxurycandlesupplies.eu\/product\/duo-gift-box-matte-gloss-black-for-2x-vogue-urban-s\/","name":"Duo Gift Box - Matte\/gloss black pour 2x Vogue\/urban S - Antwerp Luxury Candle Supplies","isPartOf":{"@id":"https:\/\/luxurycandlesupplies.eu\/#website"},"primaryImageOfPage":{"@id":"https:\/\/luxurycandlesupplies.eu\/product\/duo-gift-box-matte-gloss-black-for-2x-vogue-urban-s\/#primaryimage"},"image":{"@id":"https:\/\/luxurycandlesupplies.eu\/product\/duo-gift-box-matte-gloss-black-for-2x-vogue-urban-s\/#primaryimage"},"thumbnailUrl":"https:\/\/luxurycandlesupplies.eu\/app\/uploads\/2024\/06\/Gift-Box-BLK-Lrg.jpg","datePublished":"2025-07-11T13:10:50+00:00","dateModified":"2026-04-28T16:43:10+00:00","breadcrumb":{"@id":"https:\/\/luxurycandlesupplies.eu\/product\/duo-gift-box-matte-gloss-black-for-2x-vogue-urban-s\/#breadcrumb"},"inLanguage":"fr-FR","potentialAction":[{"@type":"ReadAction","target":["https:\/\/luxurycandlesupplies.eu\/product\/duo-gift-box-matte-gloss-black-for-2x-vogue-urban-s\/"]}]},{"@type":"ImageObject","inLanguage":"fr-FR","@id":"https:\/\/luxurycandlesupplies.eu\/product\/duo-gift-box-matte-gloss-black-for-2x-vogue-urban-s\/#primaryimage","url":"https:\/\/luxurycandlesupplies.eu\/app\/uploads\/2024\/06\/Gift-Box-BLK-Lrg.jpg","contentUrl":"https:\/\/luxurycandlesupplies.eu\/app\/uploads\/2024\/06\/Gift-Box-BLK-Lrg.jpg","width":600,"height":500},{"@type":"BreadcrumbList","@id":"https:\/\/luxurycandlesupplies.eu\/product\/duo-gift-box-matte-gloss-black-for-2x-vogue-urban-s\/#breadcrumb","itemListElement":[{"@type":"ListItem","position":1,"name":"Home","item":"https:\/\/luxurycandlesupplies.eu\/"},{"@type":"ListItem","position":2,"name":"Shop","item":"https:\/\/luxurycandlesupplies.eu\/shop\/"},{"@type":"ListItem","position":3,"name":"Duo Gift Box \u2013 Matte\/gloss black for 2x Vogue\/urban S"}]},{"@type":"WebSite","@id":"https:\/\/luxurycandlesupplies.eu\/#website","url":"https:\/\/luxurycandlesupplies.eu\/","name":"Anvers Fournitures de bougies de luxe","description":"Distributeur de cire de soja toutes saisons","publisher":{"@id":"https:\/\/luxurycandlesupplies.eu\/#organization"},"potentialAction":[{"@type":"SearchAction","target":{"@type":"EntryPoint","urlTemplate":"https:\/\/luxurycandlesupplies.eu\/?s={search_term_string}"},"query-input":{"@type":"PropertyValueSpecification","valueRequired":true,"valueName":"search_term_string"}}],"inLanguage":"fr-FR"},{"@type":"Organization","@id":"https:\/\/luxurycandlesupplies.eu\/#organization","name":"Anvers Fournitures de bougies de luxe","url":"https:\/\/luxurycandlesupplies.eu\/","logo":{"@type":"ImageObject","inLanguage":"fr-FR","@id":"https:\/\/luxurycandlesupplies.eu\/#\/schema\/logo\/image\/","url":"https:\/\/luxurycandlesupplies.eu\/app\/uploads\/2022\/03\/antwerp-luxury-candle-supplies-1x.png","contentUrl":"https:\/\/luxurycandlesupplies.eu\/app\/uploads\/2022\/03\/antwerp-luxury-candle-supplies-1x.png","width":330,"height":60,"caption":"Antwerp Luxury Candle Supplies"},"image":{"@id":"https:\/\/luxurycandlesupplies.eu\/#\/schema\/logo\/image\/"},"sameAs":["https:\/\/www.facebook.com\/Antwerpluxurycandlesupplies\/","https:\/\/www.instagram.com\/antwerp_luxury_candle_supplies\/","https:\/\/pin.it\/7joOXRW"]}]}},"_links":{"self":[{"href":"https:\/\/luxurycandlesupplies.eu\/fr\/wp-json\/wp\/v2\/product\/21791","targetHints":{"allow":["GET"]}}],"collection":[{"href":"https:\/\/luxurycandlesupplies.eu\/fr\/wp-json\/wp\/v2\/product"}],"about":[{"href":"https:\/\/luxurycandlesupplies.eu\/fr\/wp-json\/wp\/v2\/types\/product"}],"wp:featuredmedia":[{"embeddable":true,"href":"https:\/\/luxurycandlesupplies.eu\/fr\/wp-json\/wp\/v2\/media\/16584"}],"wp:attachment":[{"href":"https:\/\/luxurycandlesupplies.eu\/fr\/wp-json\/wp\/v2\/media?parent=21791"}],"wp:term":[{"taxonomy":"product_brand","embeddable":true,"href":"https:\/\/luxurycandlesupplies.eu\/fr\/wp-json\/wp\/v2\/product_brand?post=21791"},{"taxonomy":"product_cat","embeddable":true,"href":"https:\/\/luxurycandlesupplies.eu\/fr\/wp-json\/wp\/v2\/product_cat?post=21791"},{"taxonomy":"product_tag","embeddable":true,"href":"https:\/\/luxurycandlesupplies.eu\/fr\/wp-json\/wp\/v2\/product_tag?post=21791"}],"curies":[{"name":"wp","href":"https:\/\/api.w.org\/{rel}","templated":true}]}}