{"id":21797,"date":"2025-07-11T16:06:57","date_gmt":"2025-07-11T14:06:57","guid":{"rendered":"https:\/\/luxurycandlesupplies.eu\/?post_type=product&#038;p=21797"},"modified":"2026-04-09T10:42:12","modified_gmt":"2026-04-09T08:42:12","slug":"boite-a-boutons-cylindrique-blanche-pour-vogue-urban-s","status":"publish","type":"product","link":"https:\/\/luxurycandlesupplies.eu\/fr\/product\/cylinder-smart-box-white-for-vogue-urban-s\/","title":{"rendered":"Cylinder Smart Box Blanc pour Vogue\/Urban Small"},"content":{"rendered":"<h4>DESCRIPTION<\/h4>\n<p>&nbsp;<\/p>\n<div class=\"product info detailed after-content\">\n<div class=\"product data items\">\n<div class=\"product-data-items-content\">\n<div id=\"attributedescription\" class=\"data item content\" role=\"tabpanel\" data-role=\"content\" aria-labelledby=\"tab-label-attributedescription\" aria-hidden=\"false\">\n<div class=\"product attribute description\">\n<div class=\"value\">\n<p>Les options d'emballage de Antwerp Luxury Candle Supplies sont indispensables \u00e0 toute entreprise.<\/p>\n<p>Fabriqu\u00e9e avec une attention m\u00e9ticuleuse aux d\u00e9tails, la Cylinder Smart Box est disponible en deux finitions sophistiqu\u00e9es - Blanc mat et Noir mat. Ces teintes intemporelles ajoutent une touche d'\u00e9l\u00e9gance \u00e0 n'importe quelle marque, ce qui en fait un choix d'emballage parfait pour les marques de luxe haut de gamme.<\/p>\n<p><strong>Navires appropri\u00e9s :<\/strong><\/p>\n<p><a href=\"https:\/\/luxurycandlesupplies.eu\/fr\/produit\/petit-vogue-argent\/\">Petits pots Vogue<\/a><\/p>\n<p><a href=\"https:\/\/luxurycandlesupplies.eu\/fr\/produit\/urban-small-gloss-white\/\">Petits pots Urban<\/a><\/p>\n<p>&nbsp;<\/p>\n<h3>CARACT\u00c9RISTIQUES TECHNIQUES<\/h3>\n<hr \/>\n<div><\/div>\n<p><strong>Dimensions ext\u00e9rieures<\/strong>Dimensions : 90mmL x 90mmL x 100mmH (Hauteur du couvercle : 80mmH \/\/ Hauteur de la base : 52mm)<br \/>\n<strong>Dimensions int\u00e9rieures<\/strong>Hauteur r\u00e9glable : 83mmL x 83mmL x 90mmH (Hauteur r\u00e9glable max. : 120mmH)<br \/>\n<strong>Mat\u00e9riaux<\/strong>: Panneau de particules de 1 000 g\/m\u00b2 envelopp\u00e9 dans du papier kraft blanc de 150 g\/m\u00b2.<br \/>\n<strong>Qt\u00e9<\/strong>: Disponible en unit\u00e9s individuelles<\/p>\n<p><strong>Personnalisation<\/strong>: Pour un emballage personnalis\u00e9, veuillez contacter mail@luxurycandlesupplies.eu<\/p>\n<\/div>\n<\/div>\n<\/div>\n<\/div>\n<\/div>\n<\/div>","protected":false},"excerpt":{"rendered":"<h4>DESCRIPTION<\/h4>\n<p>&nbsp;<\/p>\n<div class=\"product info detailed after-content\">\n<div class=\"product data items\">\n<div class=\"product-data-items-content\">\n<div id=\"attributedescription\" class=\"data item content\" role=\"tabpanel\" data-role=\"content\" aria-labelledby=\"tab-label-attributedescription\" aria-hidden=\"false\">\n<div class=\"product attribute description\">\n<div class=\"value\">\n<p>Les options d'emballage de Antwerp Luxury Candle Supplies sont indispensables \u00e0 toute entreprise.<\/p>\n<p>Fabriqu\u00e9e avec une attention m\u00e9ticuleuse aux d\u00e9tails, la Cylinder Smart Box est disponible en deux finitions sophistiqu\u00e9es - Blanc mat et Noir mat. Ces teintes intemporelles ajoutent une touche d'\u00e9l\u00e9gance \u00e0 n'importe quelle marque, ce qui en fait un choix d'emballage parfait pour les marques de luxe haut de gamme.<\/p>\n<p><strong>Navires appropri\u00e9s :<\/strong><\/p>\n<p><a href=\"https:\/\/luxurycandlesupplies.eu\/fr\/produit\/petit-vogue-argent\/\">Petits pots Vogue<\/a><\/p>\n<p><a href=\"https:\/\/luxurycandlesupplies.eu\/fr\/produit\/urban-small-gloss-white\/\">Petits pots Urban<\/a><\/p>\n<p>&nbsp;<\/p>\n<h3>CARACT\u00c9RISTIQUES TECHNIQUES<\/h3>\n<hr \/>\n<div><\/div>\n<p><strong>Dimensions ext\u00e9rieures<\/strong>Dimensions : 90mmL x 90mmL x 100mmH (Hauteur du couvercle : 80mmH \/\/ Hauteur de la base : 52mm)<br \/>\n<strong>Dimensions int\u00e9rieures<\/strong>Hauteur r\u00e9glable : 83mmL x 83mmL x 90mmH (Hauteur r\u00e9glable max. : 120mmH)<br \/>\n<strong>Mat\u00e9riaux<\/strong>: Panneau de particules de 1 000 g\/m\u00b2 envelopp\u00e9 dans du papier kraft blanc de 150 g\/m\u00b2.<br \/>\n<strong>Qt\u00e9<\/strong>: Disponible en unit\u00e9s individuelles<\/p>\n<p><strong>Personnalisation<\/strong>: Pour un emballage personnalis\u00e9, veuillez contacter mail@luxurycandlesupplies.eu<\/p>\n<\/div>\n<\/div>\n<\/div>\n<\/div>\n<\/div>\n<\/div>","protected":false},"featured_media":22463,"template":"","meta":{"_acf_changed":false,"site-sidebar-layout":"default","site-content-layout":"default","ast-site-content-layout":"default","site-content-style":"default","site-sidebar-style":"default","ast-global-header-display":"","ast-banner-title-visibility":"","ast-main-header-display":"","ast-hfb-above-header-display":"","ast-hfb-below-header-display":"","ast-hfb-mobile-header-display":"","site-post-title":"","ast-breadcrumbs-content":"","ast-featured-img":"","footer-sml-layout":"","ast-disable-related-posts":"","theme-transparent-header-meta":"default","adv-header-id-meta":"","stick-header-meta":"","header-above-stick-meta":"","header-main-stick-meta":"","header-below-stick-meta":"","astra-migrate-meta-layouts":"set","ast-page-background-enabled":"default","ast-page-background-meta":{"desktop":{"background-color":"","background-image":"","background-repeat":"repeat","background-position":"center center","background-size":"auto","background-attachment":"scroll","background-type":"","background-media":"","overlay-type":"","overlay-color":"","overlay-opacity":"","overlay-gradient":""},"tablet":{"background-color":"","background-image":"","background-repeat":"repeat","background-position":"center center","background-size":"auto","background-attachment":"scroll","background-type":"","background-media":"","overlay-type":"","overlay-color":"","overlay-opacity":"","overlay-gradient":""},"mobile":{"background-color":"","background-image":"","background-repeat":"repeat","background-position":"center center","background-size":"auto","background-attachment":"scroll","background-type":"","background-media":"","overlay-type":"","overlay-color":"","overlay-opacity":"","overlay-gradient":""}},"ast-content-background-meta":{"desktop":{"background-color":"var(--ast-global-color-5)","background-image":"","background-repeat":"repeat","background-position":"center center","background-size":"auto","background-attachment":"scroll","background-type":"","background-media":"","overlay-type":"","overlay-color":"","overlay-opacity":"","overlay-gradient":""},"tablet":{"background-color":"var(--ast-global-color-5)","background-image":"","background-repeat":"repeat","background-position":"center center","background-size":"auto","background-attachment":"scroll","background-type":"","background-media":"","overlay-type":"","overlay-color":"","overlay-opacity":"","overlay-gradient":""},"mobile":{"background-color":"var(--ast-global-color-5)","background-image":"","background-repeat":"repeat","background-position":"center center","background-size":"auto","background-attachment":"scroll","background-type":"","background-media":"","overlay-type":"","overlay-color":"","overlay-opacity":"","overlay-gradient":""}}},"product_brand":[],"product_cat":[1575,1510],"product_tag":[1511],"class_list":{"0":"post-21797","1":"product","2":"type-product","3":"status-publish","4":"has-post-thumbnail","6":"product_cat-candle-box","7":"product_cat-packaging","8":"product_tag-packaging","9":"desktop-align-left","10":"tablet-align-left","11":"mobile-align-left","12":"ast-product-gallery-layout-horizontal-slider","13":"ast-product-tabs-layout-horizontal","15":"first","16":"instock","17":"taxable","18":"shipping-taxable","19":"purchasable","20":"product-type-simple"},"acf":[],"yoast_head":"<title>Cylinder Smart Box White for Vogue\/Urban Small - Antwerp Luxury Candle Supplies<\/title>\n<meta name=\"robots\" content=\"index, follow, max-snippet:-1, max-image-preview:large, max-video-preview:-1\" \/>\n<link rel=\"canonical\" href=\"https:\/\/luxurycandlesupplies.eu\/fr\/produit\/boite-a-boutons-cylindrique-blanche-pour-vogue-urban-s\/\" \/>\n<meta property=\"og:locale\" content=\"fr_FR\" \/>\n<meta property=\"og:type\" content=\"article\" \/>\n<meta property=\"og:title\" content=\"Cylinder Smart Box White for Vogue\/Urban Small - Antwerp Luxury Candle Supplies\" \/>\n<meta property=\"og:description\" content=\"DESCRIPTION &nbsp;        Antwerp Luxury Candle Supplies packaging options are a must-have for any business.  Crafted with meticulous attention to detail, the Cylinder Smart Box is available in two sophisticated finishes - Matte White and Matte Black. These timeless shades add a touch of elegance to any brand, making it a perfect choice of packaging for those luxury high end brands.  Suitable Vessels:  Small Vogue Jars  Small Urban Jars  &nbsp; SPECIFICATIONS     Exterior Dimensions: 90mmW x 90mmL x 100mmH (Lid Height: 80mmH \/\/ Base Height: 52mm) Interior Dimensions: 83mmW x 83mmL x 90mmH (Max. adjustable height: 120mmH) Material: 1,000GSM Chipboard wrapped in 150GSM White Kraft Paper Qty: Available as single units  Customisation: For customised branded packaging, please contact mail@luxurycandlesupplies.eu\" \/>\n<meta property=\"og:url\" content=\"https:\/\/luxurycandlesupplies.eu\/fr\/produit\/boite-a-boutons-cylindrique-blanche-pour-vogue-urban-s\/\" \/>\n<meta property=\"og:site_name\" content=\"Antwerp Luxury Candle Supplies\" \/>\n<meta property=\"article:publisher\" content=\"https:\/\/www.facebook.com\/Antwerpluxurycandlesupplies\/\" \/>\n<meta property=\"article:modified_time\" content=\"2026-04-09T08:42:12+00:00\" \/>\n<meta property=\"og:image\" content=\"https:\/\/luxurycandlesupplies.eu\/app\/uploads\/2025\/07\/Luxury-Candle-supplies-70-web.jpg\" \/>\n\t<meta property=\"og:image:width\" content=\"2000\" \/>\n\t<meta property=\"og:image:height\" content=\"2000\" \/>\n\t<meta property=\"og:image:type\" content=\"image\/jpeg\" \/>\n<meta name=\"twitter:card\" content=\"summary_large_image\" \/>\n<meta name=\"twitter:label1\" content=\"Dur\u00e9e de lecture estim\u00e9e\" \/>\n\t<meta name=\"twitter:data1\" content=\"1 minute\" \/>\n<script type=\"application\/ld+json\" class=\"yoast-schema-graph\">{\"@context\":\"https:\\\/\\\/schema.org\",\"@graph\":[{\"@type\":\"WebPage\",\"@id\":\"https:\\\/\\\/luxurycandlesupplies.eu\\\/product\\\/cylinder-smart-box-white-for-vogue-urban-s\\\/\",\"url\":\"https:\\\/\\\/luxurycandlesupplies.eu\\\/product\\\/cylinder-smart-box-white-for-vogue-urban-s\\\/\",\"name\":\"Cylinder Smart Box White for Vogue\\\/Urban Small - Antwerp Luxury Candle Supplies\",\"isPartOf\":{\"@id\":\"https:\\\/\\\/luxurycandlesupplies.eu\\\/#website\"},\"primaryImageOfPage\":{\"@id\":\"https:\\\/\\\/luxurycandlesupplies.eu\\\/product\\\/cylinder-smart-box-white-for-vogue-urban-s\\\/#primaryimage\"},\"image\":{\"@id\":\"https:\\\/\\\/luxurycandlesupplies.eu\\\/product\\\/cylinder-smart-box-white-for-vogue-urban-s\\\/#primaryimage\"},\"thumbnailUrl\":\"https:\\\/\\\/luxurycandlesupplies.eu\\\/app\\\/uploads\\\/2025\\\/07\\\/Luxury-Candle-supplies-70-web.jpg\",\"datePublished\":\"2025-07-11T14:06:57+00:00\",\"dateModified\":\"2026-04-09T08:42:12+00:00\",\"breadcrumb\":{\"@id\":\"https:\\\/\\\/luxurycandlesupplies.eu\\\/product\\\/cylinder-smart-box-white-for-vogue-urban-s\\\/#breadcrumb\"},\"inLanguage\":\"fr-FR\",\"potentialAction\":[{\"@type\":\"ReadAction\",\"target\":[\"https:\\\/\\\/luxurycandlesupplies.eu\\\/product\\\/cylinder-smart-box-white-for-vogue-urban-s\\\/\"]}]},{\"@type\":\"ImageObject\",\"inLanguage\":\"fr-FR\",\"@id\":\"https:\\\/\\\/luxurycandlesupplies.eu\\\/product\\\/cylinder-smart-box-white-for-vogue-urban-s\\\/#primaryimage\",\"url\":\"https:\\\/\\\/luxurycandlesupplies.eu\\\/app\\\/uploads\\\/2025\\\/07\\\/Luxury-Candle-supplies-70-web.jpg\",\"contentUrl\":\"https:\\\/\\\/luxurycandlesupplies.eu\\\/app\\\/uploads\\\/2025\\\/07\\\/Luxury-Candle-supplies-70-web.jpg\",\"width\":2000,\"height\":2000},{\"@type\":\"BreadcrumbList\",\"@id\":\"https:\\\/\\\/luxurycandlesupplies.eu\\\/product\\\/cylinder-smart-box-white-for-vogue-urban-s\\\/#breadcrumb\",\"itemListElement\":[{\"@type\":\"ListItem\",\"position\":1,\"name\":\"Home\",\"item\":\"https:\\\/\\\/luxurycandlesupplies.eu\\\/\"},{\"@type\":\"ListItem\",\"position\":2,\"name\":\"Shop\",\"item\":\"https:\\\/\\\/luxurycandlesupplies.eu\\\/shop\\\/\"},{\"@type\":\"ListItem\",\"position\":3,\"name\":\"Cylinder Smart Box White for Vogue\\\/Urban Small\"}]},{\"@type\":\"WebSite\",\"@id\":\"https:\\\/\\\/luxurycandlesupplies.eu\\\/#website\",\"url\":\"https:\\\/\\\/luxurycandlesupplies.eu\\\/\",\"name\":\"Antwerp Luxury Candle Supplies\",\"description\":\"Distributor of all seasons soy wax\",\"publisher\":{\"@id\":\"https:\\\/\\\/luxurycandlesupplies.eu\\\/#organization\"},\"potentialAction\":[{\"@type\":\"SearchAction\",\"target\":{\"@type\":\"EntryPoint\",\"urlTemplate\":\"https:\\\/\\\/luxurycandlesupplies.eu\\\/?s={search_term_string}\"},\"query-input\":{\"@type\":\"PropertyValueSpecification\",\"valueRequired\":true,\"valueName\":\"search_term_string\"}}],\"inLanguage\":\"fr-FR\"},{\"@type\":\"Organization\",\"@id\":\"https:\\\/\\\/luxurycandlesupplies.eu\\\/#organization\",\"name\":\"Antwerp Luxury Candle Supplies\",\"url\":\"https:\\\/\\\/luxurycandlesupplies.eu\\\/\",\"logo\":{\"@type\":\"ImageObject\",\"inLanguage\":\"fr-FR\",\"@id\":\"https:\\\/\\\/luxurycandlesupplies.eu\\\/#\\\/schema\\\/logo\\\/image\\\/\",\"url\":\"https:\\\/\\\/luxurycandlesupplies.eu\\\/app\\\/uploads\\\/2022\\\/03\\\/antwerp-luxury-candle-supplies-1x.png\",\"contentUrl\":\"https:\\\/\\\/luxurycandlesupplies.eu\\\/app\\\/uploads\\\/2022\\\/03\\\/antwerp-luxury-candle-supplies-1x.png\",\"width\":330,\"height\":60,\"caption\":\"Antwerp Luxury Candle Supplies\"},\"image\":{\"@id\":\"https:\\\/\\\/luxurycandlesupplies.eu\\\/#\\\/schema\\\/logo\\\/image\\\/\"},\"sameAs\":[\"https:\\\/\\\/www.facebook.com\\\/Antwerpluxurycandlesupplies\\\/\",\"https:\\\/\\\/www.instagram.com\\\/antwerp_luxury_candle_supplies\\\/\",\"https:\\\/\\\/pin.it\\\/7joOXRW\"]}]}<\/script>","yoast_head_json":{"title":"Cylinder Smart Box Blanc pour Vogue\/Urban Small - Antwerp Luxury Candle Supplies","robots":{"index":"index","follow":"follow","max-snippet":"max-snippet:-1","max-image-preview":"max-image-preview:large","max-video-preview":"max-video-preview:-1"},"canonical":"https:\/\/luxurycandlesupplies.eu\/fr\/produit\/boite-a-boutons-cylindrique-blanche-pour-vogue-urban-s\/","og_locale":"fr_FR","og_type":"article","og_title":"Cylinder Smart Box White for Vogue\/Urban Small - Antwerp Luxury Candle Supplies","og_description":"DESCRIPTION &nbsp;        Antwerp Luxury Candle Supplies packaging options are a must-have for any business.  Crafted with meticulous attention to detail, the Cylinder Smart Box is available in two sophisticated finishes - Matte White and Matte Black. These timeless shades add a touch of elegance to any brand, making it a perfect choice of packaging for those luxury high end brands.  Suitable Vessels:  Small Vogue Jars  Small Urban Jars  &nbsp; SPECIFICATIONS     Exterior Dimensions: 90mmW x 90mmL x 100mmH (Lid Height: 80mmH \/\/ Base Height: 52mm) Interior Dimensions: 83mmW x 83mmL x 90mmH (Max. adjustable height: 120mmH) Material: 1,000GSM Chipboard wrapped in 150GSM White Kraft Paper Qty: Available as single units  Customisation: For customised branded packaging, please contact mail@luxurycandlesupplies.eu","og_url":"https:\/\/luxurycandlesupplies.eu\/fr\/produit\/boite-a-boutons-cylindrique-blanche-pour-vogue-urban-s\/","og_site_name":"Antwerp Luxury Candle Supplies","article_publisher":"https:\/\/www.facebook.com\/Antwerpluxurycandlesupplies\/","article_modified_time":"2026-04-09T08:42:12+00:00","og_image":[{"width":2000,"height":2000,"url":"https:\/\/luxurycandlesupplies.eu\/app\/uploads\/2025\/07\/Luxury-Candle-supplies-70-web.jpg","type":"image\/jpeg"}],"twitter_card":"summary_large_image","twitter_misc":{"Dur\u00e9e de lecture estim\u00e9e":"1 minute"},"schema":{"@context":"https:\/\/schema.org","@graph":[{"@type":"WebPage","@id":"https:\/\/luxurycandlesupplies.eu\/product\/cylinder-smart-box-white-for-vogue-urban-s\/","url":"https:\/\/luxurycandlesupplies.eu\/product\/cylinder-smart-box-white-for-vogue-urban-s\/","name":"Cylinder Smart Box Blanc pour Vogue\/Urban Small - Antwerp Luxury Candle Supplies","isPartOf":{"@id":"https:\/\/luxurycandlesupplies.eu\/#website"},"primaryImageOfPage":{"@id":"https:\/\/luxurycandlesupplies.eu\/product\/cylinder-smart-box-white-for-vogue-urban-s\/#primaryimage"},"image":{"@id":"https:\/\/luxurycandlesupplies.eu\/product\/cylinder-smart-box-white-for-vogue-urban-s\/#primaryimage"},"thumbnailUrl":"https:\/\/luxurycandlesupplies.eu\/app\/uploads\/2025\/07\/Luxury-Candle-supplies-70-web.jpg","datePublished":"2025-07-11T14:06:57+00:00","dateModified":"2026-04-09T08:42:12+00:00","breadcrumb":{"@id":"https:\/\/luxurycandlesupplies.eu\/product\/cylinder-smart-box-white-for-vogue-urban-s\/#breadcrumb"},"inLanguage":"fr-FR","potentialAction":[{"@type":"ReadAction","target":["https:\/\/luxurycandlesupplies.eu\/product\/cylinder-smart-box-white-for-vogue-urban-s\/"]}]},{"@type":"ImageObject","inLanguage":"fr-FR","@id":"https:\/\/luxurycandlesupplies.eu\/product\/cylinder-smart-box-white-for-vogue-urban-s\/#primaryimage","url":"https:\/\/luxurycandlesupplies.eu\/app\/uploads\/2025\/07\/Luxury-Candle-supplies-70-web.jpg","contentUrl":"https:\/\/luxurycandlesupplies.eu\/app\/uploads\/2025\/07\/Luxury-Candle-supplies-70-web.jpg","width":2000,"height":2000},{"@type":"BreadcrumbList","@id":"https:\/\/luxurycandlesupplies.eu\/product\/cylinder-smart-box-white-for-vogue-urban-s\/#breadcrumb","itemListElement":[{"@type":"ListItem","position":1,"name":"Home","item":"https:\/\/luxurycandlesupplies.eu\/"},{"@type":"ListItem","position":2,"name":"Shop","item":"https:\/\/luxurycandlesupplies.eu\/shop\/"},{"@type":"ListItem","position":3,"name":"Cylinder Smart Box White for Vogue\/Urban Small"}]},{"@type":"WebSite","@id":"https:\/\/luxurycandlesupplies.eu\/#website","url":"https:\/\/luxurycandlesupplies.eu\/","name":"Anvers Fournitures de bougies de luxe","description":"Distributeur de cire de soja toutes saisons","publisher":{"@id":"https:\/\/luxurycandlesupplies.eu\/#organization"},"potentialAction":[{"@type":"SearchAction","target":{"@type":"EntryPoint","urlTemplate":"https:\/\/luxurycandlesupplies.eu\/?s={search_term_string}"},"query-input":{"@type":"PropertyValueSpecification","valueRequired":true,"valueName":"search_term_string"}}],"inLanguage":"fr-FR"},{"@type":"Organization","@id":"https:\/\/luxurycandlesupplies.eu\/#organization","name":"Anvers Fournitures de bougies de luxe","url":"https:\/\/luxurycandlesupplies.eu\/","logo":{"@type":"ImageObject","inLanguage":"fr-FR","@id":"https:\/\/luxurycandlesupplies.eu\/#\/schema\/logo\/image\/","url":"https:\/\/luxurycandlesupplies.eu\/app\/uploads\/2022\/03\/antwerp-luxury-candle-supplies-1x.png","contentUrl":"https:\/\/luxurycandlesupplies.eu\/app\/uploads\/2022\/03\/antwerp-luxury-candle-supplies-1x.png","width":330,"height":60,"caption":"Antwerp Luxury Candle Supplies"},"image":{"@id":"https:\/\/luxurycandlesupplies.eu\/#\/schema\/logo\/image\/"},"sameAs":["https:\/\/www.facebook.com\/Antwerpluxurycandlesupplies\/","https:\/\/www.instagram.com\/antwerp_luxury_candle_supplies\/","https:\/\/pin.it\/7joOXRW"]}]}},"_links":{"self":[{"href":"https:\/\/luxurycandlesupplies.eu\/fr\/wp-json\/wp\/v2\/product\/21797","targetHints":{"allow":["GET"]}}],"collection":[{"href":"https:\/\/luxurycandlesupplies.eu\/fr\/wp-json\/wp\/v2\/product"}],"about":[{"href":"https:\/\/luxurycandlesupplies.eu\/fr\/wp-json\/wp\/v2\/types\/product"}],"wp:featuredmedia":[{"embeddable":true,"href":"https:\/\/luxurycandlesupplies.eu\/fr\/wp-json\/wp\/v2\/media\/22463"}],"wp:attachment":[{"href":"https:\/\/luxurycandlesupplies.eu\/fr\/wp-json\/wp\/v2\/media?parent=21797"}],"wp:term":[{"taxonomy":"product_brand","embeddable":true,"href":"https:\/\/luxurycandlesupplies.eu\/fr\/wp-json\/wp\/v2\/product_brand?post=21797"},{"taxonomy":"product_cat","embeddable":true,"href":"https:\/\/luxurycandlesupplies.eu\/fr\/wp-json\/wp\/v2\/product_cat?post=21797"},{"taxonomy":"product_tag","embeddable":true,"href":"https:\/\/luxurycandlesupplies.eu\/fr\/wp-json\/wp\/v2\/product_tag?post=21797"}],"curies":[{"name":"wp","href":"https:\/\/api.w.org\/{rel}","templated":true}]}}