{"id":23022,"date":"2025-08-26T12:27:05","date_gmt":"2025-08-26T10:27:05","guid":{"rendered":"https:\/\/luxurycandlesupplies.eu\/?post_type=product&#038;p=23022"},"modified":"2026-05-11T10:28:01","modified_gmt":"2026-05-11T08:28:01","slug":"diffuseur-pour-voiture-8ml","status":"publish","type":"product","link":"https:\/\/luxurycandlesupplies.eu\/fr\/product\/car-diffuser-8ml\/","title":{"rendered":"Diffuseur pour voiture Gris 8ml"},"content":{"rendered":"<h4>DESCRIPTION<\/h4>\n<p>&nbsp;<\/p>\n<div class=\"product info detailed after-content\">\n<div class=\"product data items\">\n<div class=\"product-data-items-content\">\n<div id=\"attributedescription\" class=\"data item content\" role=\"tabpanel\" data-role=\"content\" aria-labelledby=\"tab-label-attributedescription\" aria-hidden=\"false\">\n<div class=\"product attribute description\">\n<div class=\"value\">\n<p data-start=\"110\" data-end=\"296\"><strong data-start=\"110\" data-end=\"167\">Diffuseur pour voiture - Bois naturel mat et verre d\u00e9grad\u00e9 gris<\/strong><br data-start=\"167\" data-end=\"170\" \/>Am\u00e9liorez votre exp\u00e9rience de conduite gr\u00e2ce \u00e0 nos \u00e9l\u00e9gants <strong data-start=\"219\" data-end=\"235\">Diffuseur pour voiture<\/strong>La grille d'a\u00e9ration est con\u00e7ue pour s'accrocher facilement \u00e0 la grille d'a\u00e9ration de votre voiture.<\/p>\n<p data-start=\"298\" data-end=\"558\">Fabriqu\u00e9 en <strong data-start=\"311\" data-end=\"331\">bois naturel mat<\/strong> et <strong data-start=\"336\" data-end=\"376\">verre en finition ombr\u00e9e grise<\/strong>Ce diffuseur ajoute une touche de luxe \u00e0 l'int\u00e9rieur de votre voiture. Il suffit de le remplir avec votre m\u00e9lange de parfums pr\u00e9f\u00e9r\u00e9 et de profiter d'une diffusion continue du parfum lorsque l'air circule dans les bouches d'a\u00e9ration.<\/p>\n<p data-start=\"560\" data-end=\"701\">Pour un flacon de 8 ml, nous recommandons le m\u00e9lange suivant :<br data-start=\"613\" data-end=\"616\" \/>\u2714\ufe0f <strong data-start=\"619\" data-end=\"641\">2 ml d'huile de parfum<\/strong><br data-start=\"670\" data-end=\"673\" \/>\u2714\ufe0f <strong>6 ml <a href=\"https:\/\/luxurycandlesupplies.eu\/fr\/produit\/augeo-base-de-diffusion-naturelle\/\">Base du diffuseur Augeo<\/a><\/strong><\/p>\n<p data-start=\"703\" data-end=\"791\">Cette formule garantit un jet de parfum stable et bien \u00e9quilibr\u00e9, sans obstruction ni s\u00e9paration.<\/p>\n<p data-start=\"926\" data-end=\"1008\">Un accessoire \u00e9l\u00e9gant et fonctionnel qui donne \u00e0 chaque trajet l'impression d'une nouvelle \u00e9vasion !<\/p>\n<\/div>\n<\/div>\n<\/div>\n<\/div>\n<\/div>\n<\/div>","protected":false},"excerpt":{"rendered":"<h4>DESCRIPTION<\/h4>\n<p>&nbsp;<\/p>\n<div class=\"product info detailed after-content\">\n<div class=\"product data items\">\n<div class=\"product-data-items-content\">\n<div id=\"attributedescription\" class=\"data item content\" role=\"tabpanel\" data-role=\"content\" aria-labelledby=\"tab-label-attributedescription\" aria-hidden=\"false\">\n<div class=\"product attribute description\">\n<div class=\"value\">\n<p data-start=\"110\" data-end=\"296\"><strong data-start=\"110\" data-end=\"167\">Diffuseur pour voiture - Bois naturel mat et verre d\u00e9grad\u00e9 gris<\/strong><br data-start=\"167\" data-end=\"170\" \/>Am\u00e9liorez votre exp\u00e9rience de conduite gr\u00e2ce \u00e0 nos \u00e9l\u00e9gants <strong data-start=\"219\" data-end=\"235\">Diffuseur pour voiture<\/strong>La grille d'a\u00e9ration est con\u00e7ue pour s'accrocher facilement \u00e0 la grille d'a\u00e9ration de votre voiture.<\/p>\n<p data-start=\"298\" data-end=\"558\">Fabriqu\u00e9 en <strong data-start=\"311\" data-end=\"331\">bois naturel mat<\/strong> et <strong data-start=\"336\" data-end=\"376\">verre en finition ombr\u00e9e grise<\/strong>Ce diffuseur ajoute une touche de luxe \u00e0 l'int\u00e9rieur de votre voiture. Il suffit de le remplir avec votre m\u00e9lange de parfums pr\u00e9f\u00e9r\u00e9 et de profiter d'une diffusion continue du parfum lorsque l'air circule dans les bouches d'a\u00e9ration.<\/p>\n<p data-start=\"560\" data-end=\"701\">Pour un flacon de 8 ml, nous recommandons le m\u00e9lange suivant :<br data-start=\"613\" data-end=\"616\" \/>\u2714\ufe0f <strong data-start=\"619\" data-end=\"641\">2 ml d'huile de parfum<\/strong><br data-start=\"641\" data-end=\"644\" \/>\u2714\ufe0f<strong> 6 ml <a href=\"https:\/\/luxurycandlesupplies.eu\/fr\/produit\/augeo-base-de-diffusion-naturelle\/\">Base du diffuseur Augeo<\/a><\/strong><\/p>\n<p data-start=\"703\" data-end=\"791\">Cette formule garantit un jet de parfum stable et bien \u00e9quilibr\u00e9, sans obstruction ni s\u00e9paration.<\/p>\n<p data-start=\"926\" data-end=\"1008\">Un accessoire \u00e9l\u00e9gant et fonctionnel qui donne \u00e0 chaque trajet l'impression d'une nouvelle \u00e9vasion !<\/p>\n<\/div>\n<\/div>\n<\/div>\n<\/div>\n<\/div>\n<\/div>","protected":false},"featured_media":28560,"template":"","meta":{"_acf_changed":false,"site-sidebar-layout":"default","site-content-layout":"default","ast-site-content-layout":"default","site-content-style":"default","site-sidebar-style":"default","ast-global-header-display":"","ast-banner-title-visibility":"","ast-main-header-display":"","ast-hfb-above-header-display":"","ast-hfb-below-header-display":"","ast-hfb-mobile-header-display":"","site-post-title":"","ast-breadcrumbs-content":"","ast-featured-img":"","footer-sml-layout":"","ast-disable-related-posts":"","theme-transparent-header-meta":"default","adv-header-id-meta":"","stick-header-meta":"","header-above-stick-meta":"","header-main-stick-meta":"","header-below-stick-meta":"","astra-migrate-meta-layouts":"set","ast-page-background-enabled":"default","ast-page-background-meta":{"desktop":{"background-color":"","background-image":"","background-repeat":"repeat","background-position":"center center","background-size":"auto","background-attachment":"scroll","background-type":"","background-media":"","overlay-type":"","overlay-color":"","overlay-opacity":"","overlay-gradient":""},"tablet":{"background-color":"","background-image":"","background-repeat":"repeat","background-position":"center center","background-size":"auto","background-attachment":"scroll","background-type":"","background-media":"","overlay-type":"","overlay-color":"","overlay-opacity":"","overlay-gradient":""},"mobile":{"background-color":"","background-image":"","background-repeat":"repeat","background-position":"center center","background-size":"auto","background-attachment":"scroll","background-type":"","background-media":"","overlay-type":"","overlay-color":"","overlay-opacity":"","overlay-gradient":""}},"ast-content-background-meta":{"desktop":{"background-color":"var(--ast-global-color-5)","background-image":"","background-repeat":"repeat","background-position":"center center","background-size":"auto","background-attachment":"scroll","background-type":"","background-media":"","overlay-type":"","overlay-color":"","overlay-opacity":"","overlay-gradient":""},"tablet":{"background-color":"var(--ast-global-color-5)","background-image":"","background-repeat":"repeat","background-position":"center center","background-size":"auto","background-attachment":"scroll","background-type":"","background-media":"","overlay-type":"","overlay-color":"","overlay-opacity":"","overlay-gradient":""},"mobile":{"background-color":"var(--ast-global-color-5)","background-image":"","background-repeat":"repeat","background-position":"center center","background-size":"auto","background-attachment":"scroll","background-type":"","background-media":"","overlay-type":"","overlay-color":"","overlay-opacity":"","overlay-gradient":""}}},"product_brand":[],"product_cat":[1685,1329],"product_tag":[1690,1332],"class_list":{"0":"post-23022","1":"product","2":"type-product","3":"status-publish","4":"has-post-thumbnail","6":"product_cat-car-diffusers","7":"product_cat-diffusers","8":"product_tag-car","9":"product_tag-diffuser","10":"desktop-align-left","11":"tablet-align-left","12":"mobile-align-left","13":"ast-product-gallery-layout-horizontal-slider","14":"ast-product-gallery-with-no-image","15":"ast-product-tabs-layout-horizontal","17":"first","18":"instock","19":"taxable","20":"shipping-taxable","21":"purchasable","22":"product-type-simple"},"acf":[],"yoast_head":"<title>Car Diffuser Grey 8ml - Antwerp Luxury Candle Supplies<\/title>\n<meta name=\"robots\" content=\"index, follow, max-snippet:-1, max-image-preview:large, max-video-preview:-1\" \/>\n<link rel=\"canonical\" href=\"https:\/\/luxurycandlesupplies.eu\/fr\/produit\/diffuseur-pour-voiture-8ml\/\" \/>\n<meta property=\"og:locale\" content=\"fr_FR\" \/>\n<meta property=\"og:type\" content=\"article\" \/>\n<meta property=\"og:title\" content=\"Car Diffuser Grey 8ml - Antwerp Luxury Candle Supplies\" \/>\n<meta property=\"og:description\" content=\"DESCRIPTION &nbsp;       Car Diffuser \u2013 Matte Natural Wood &amp; Grey Gradient GlassUpgrade your driving experience with our elegant Car Diffuser, designed to clip easily onto your car&#039;s ventilation grille. Crafted from matte natural wood and glass in a grey ombr\u00e9 finish, this diffuser adds a touch of luxury to your car interior. Just fill it with your favorite fragrance blend and enjoy a continuous scent release as the air flows through your vents. For an 8 ml bottle, we recommend the following blend:\u2714\ufe0f 2 ml fragrance oil\u2714\ufe0f 6 ml Augeo Diffuser Base This formula ensures a stable, well-balanced scent throw without clogging or separating. A stylish and functional accessory that makes every ride feel like a fresh escape!\" \/>\n<meta property=\"og:url\" content=\"https:\/\/luxurycandlesupplies.eu\/fr\/produit\/diffuseur-pour-voiture-8ml\/\" \/>\n<meta property=\"og:site_name\" content=\"Antwerp Luxury Candle Supplies\" \/>\n<meta property=\"article:publisher\" content=\"https:\/\/www.facebook.com\/Antwerpluxurycandlesupplies\/\" \/>\n<meta property=\"article:modified_time\" content=\"2026-05-11T08:28:01+00:00\" \/>\n<meta property=\"og:image\" content=\"https:\/\/luxurycandlesupplies.eu\/app\/uploads\/2025\/09\/2.png\" \/>\n\t<meta property=\"og:image:width\" content=\"1080\" \/>\n\t<meta property=\"og:image:height\" content=\"1350\" \/>\n\t<meta property=\"og:image:type\" content=\"image\/png\" \/>\n<meta name=\"twitter:card\" content=\"summary_large_image\" \/>\n<meta name=\"twitter:label1\" content=\"Dur\u00e9e de lecture estim\u00e9e\" \/>\n\t<meta name=\"twitter:data1\" content=\"1 minute\" \/>\n<script type=\"application\/ld+json\" class=\"yoast-schema-graph\">{\"@context\":\"https:\\\/\\\/schema.org\",\"@graph\":[{\"@type\":\"WebPage\",\"@id\":\"https:\\\/\\\/luxurycandlesupplies.eu\\\/product\\\/car-diffuser-8ml\\\/\",\"url\":\"https:\\\/\\\/luxurycandlesupplies.eu\\\/product\\\/car-diffuser-8ml\\\/\",\"name\":\"Car Diffuser Grey 8ml - Antwerp Luxury Candle Supplies\",\"isPartOf\":{\"@id\":\"https:\\\/\\\/luxurycandlesupplies.eu\\\/#website\"},\"primaryImageOfPage\":{\"@id\":\"https:\\\/\\\/luxurycandlesupplies.eu\\\/product\\\/car-diffuser-8ml\\\/#primaryimage\"},\"image\":{\"@id\":\"https:\\\/\\\/luxurycandlesupplies.eu\\\/product\\\/car-diffuser-8ml\\\/#primaryimage\"},\"thumbnailUrl\":\"https:\\\/\\\/luxurycandlesupplies.eu\\\/app\\\/uploads\\\/2025\\\/09\\\/2.png\",\"datePublished\":\"2025-08-26T10:27:05+00:00\",\"dateModified\":\"2026-05-11T08:28:01+00:00\",\"breadcrumb\":{\"@id\":\"https:\\\/\\\/luxurycandlesupplies.eu\\\/product\\\/car-diffuser-8ml\\\/#breadcrumb\"},\"inLanguage\":\"fr-FR\",\"potentialAction\":[{\"@type\":\"ReadAction\",\"target\":[\"https:\\\/\\\/luxurycandlesupplies.eu\\\/product\\\/car-diffuser-8ml\\\/\"]}]},{\"@type\":\"ImageObject\",\"inLanguage\":\"fr-FR\",\"@id\":\"https:\\\/\\\/luxurycandlesupplies.eu\\\/product\\\/car-diffuser-8ml\\\/#primaryimage\",\"url\":\"https:\\\/\\\/luxurycandlesupplies.eu\\\/app\\\/uploads\\\/2025\\\/09\\\/2.png\",\"contentUrl\":\"https:\\\/\\\/luxurycandlesupplies.eu\\\/app\\\/uploads\\\/2025\\\/09\\\/2.png\",\"width\":1080,\"height\":1350},{\"@type\":\"BreadcrumbList\",\"@id\":\"https:\\\/\\\/luxurycandlesupplies.eu\\\/product\\\/car-diffuser-8ml\\\/#breadcrumb\",\"itemListElement\":[{\"@type\":\"ListItem\",\"position\":1,\"name\":\"Home\",\"item\":\"https:\\\/\\\/luxurycandlesupplies.eu\\\/\"},{\"@type\":\"ListItem\",\"position\":2,\"name\":\"Shop\",\"item\":\"https:\\\/\\\/luxurycandlesupplies.eu\\\/shop\\\/\"},{\"@type\":\"ListItem\",\"position\":3,\"name\":\"Car Diffuser Grey 8ml\"}]},{\"@type\":\"WebSite\",\"@id\":\"https:\\\/\\\/luxurycandlesupplies.eu\\\/#website\",\"url\":\"https:\\\/\\\/luxurycandlesupplies.eu\\\/\",\"name\":\"Antwerp Luxury Candle Supplies\",\"description\":\"Distributor of all seasons soy wax\",\"publisher\":{\"@id\":\"https:\\\/\\\/luxurycandlesupplies.eu\\\/#organization\"},\"potentialAction\":[{\"@type\":\"SearchAction\",\"target\":{\"@type\":\"EntryPoint\",\"urlTemplate\":\"https:\\\/\\\/luxurycandlesupplies.eu\\\/?s={search_term_string}\"},\"query-input\":{\"@type\":\"PropertyValueSpecification\",\"valueRequired\":true,\"valueName\":\"search_term_string\"}}],\"inLanguage\":\"fr-FR\"},{\"@type\":\"Organization\",\"@id\":\"https:\\\/\\\/luxurycandlesupplies.eu\\\/#organization\",\"name\":\"Antwerp Luxury Candle Supplies\",\"url\":\"https:\\\/\\\/luxurycandlesupplies.eu\\\/\",\"logo\":{\"@type\":\"ImageObject\",\"inLanguage\":\"fr-FR\",\"@id\":\"https:\\\/\\\/luxurycandlesupplies.eu\\\/#\\\/schema\\\/logo\\\/image\\\/\",\"url\":\"https:\\\/\\\/luxurycandlesupplies.eu\\\/app\\\/uploads\\\/2022\\\/03\\\/antwerp-luxury-candle-supplies-1x.png\",\"contentUrl\":\"https:\\\/\\\/luxurycandlesupplies.eu\\\/app\\\/uploads\\\/2022\\\/03\\\/antwerp-luxury-candle-supplies-1x.png\",\"width\":330,\"height\":60,\"caption\":\"Antwerp Luxury Candle Supplies\"},\"image\":{\"@id\":\"https:\\\/\\\/luxurycandlesupplies.eu\\\/#\\\/schema\\\/logo\\\/image\\\/\"},\"sameAs\":[\"https:\\\/\\\/www.facebook.com\\\/Antwerpluxurycandlesupplies\\\/\",\"https:\\\/\\\/www.instagram.com\\\/antwerp_luxury_candle_supplies\\\/\",\"https:\\\/\\\/pin.it\\\/7joOXRW\"]}]}<\/script>","yoast_head_json":{"title":"Car Diffuser Grey 8ml - Antwerp Luxury Candle Supplies","robots":{"index":"index","follow":"follow","max-snippet":"max-snippet:-1","max-image-preview":"max-image-preview:large","max-video-preview":"max-video-preview:-1"},"canonical":"https:\/\/luxurycandlesupplies.eu\/fr\/produit\/diffuseur-pour-voiture-8ml\/","og_locale":"fr_FR","og_type":"article","og_title":"Car Diffuser Grey 8ml - Antwerp Luxury Candle Supplies","og_description":"DESCRIPTION &nbsp;       Car Diffuser \u2013 Matte Natural Wood &amp; Grey Gradient GlassUpgrade your driving experience with our elegant Car Diffuser, designed to clip easily onto your car's ventilation grille. Crafted from matte natural wood and glass in a grey ombr\u00e9 finish, this diffuser adds a touch of luxury to your car interior. Just fill it with your favorite fragrance blend and enjoy a continuous scent release as the air flows through your vents. For an 8 ml bottle, we recommend the following blend:\u2714\ufe0f 2 ml fragrance oil\u2714\ufe0f 6 ml Augeo Diffuser Base This formula ensures a stable, well-balanced scent throw without clogging or separating. A stylish and functional accessory that makes every ride feel like a fresh escape!","og_url":"https:\/\/luxurycandlesupplies.eu\/fr\/produit\/diffuseur-pour-voiture-8ml\/","og_site_name":"Antwerp Luxury Candle Supplies","article_publisher":"https:\/\/www.facebook.com\/Antwerpluxurycandlesupplies\/","article_modified_time":"2026-05-11T08:28:01+00:00","og_image":[{"width":1080,"height":1350,"url":"https:\/\/luxurycandlesupplies.eu\/app\/uploads\/2025\/09\/2.png","type":"image\/png"}],"twitter_card":"summary_large_image","twitter_misc":{"Dur\u00e9e de lecture estim\u00e9e":"1 minute"},"schema":{"@context":"https:\/\/schema.org","@graph":[{"@type":"WebPage","@id":"https:\/\/luxurycandlesupplies.eu\/product\/car-diffuser-8ml\/","url":"https:\/\/luxurycandlesupplies.eu\/product\/car-diffuser-8ml\/","name":"Car Diffuser Grey 8ml - Antwerp Luxury Candle Supplies","isPartOf":{"@id":"https:\/\/luxurycandlesupplies.eu\/#website"},"primaryImageOfPage":{"@id":"https:\/\/luxurycandlesupplies.eu\/product\/car-diffuser-8ml\/#primaryimage"},"image":{"@id":"https:\/\/luxurycandlesupplies.eu\/product\/car-diffuser-8ml\/#primaryimage"},"thumbnailUrl":"https:\/\/luxurycandlesupplies.eu\/app\/uploads\/2025\/09\/2.png","datePublished":"2025-08-26T10:27:05+00:00","dateModified":"2026-05-11T08:28:01+00:00","breadcrumb":{"@id":"https:\/\/luxurycandlesupplies.eu\/product\/car-diffuser-8ml\/#breadcrumb"},"inLanguage":"fr-FR","potentialAction":[{"@type":"ReadAction","target":["https:\/\/luxurycandlesupplies.eu\/product\/car-diffuser-8ml\/"]}]},{"@type":"ImageObject","inLanguage":"fr-FR","@id":"https:\/\/luxurycandlesupplies.eu\/product\/car-diffuser-8ml\/#primaryimage","url":"https:\/\/luxurycandlesupplies.eu\/app\/uploads\/2025\/09\/2.png","contentUrl":"https:\/\/luxurycandlesupplies.eu\/app\/uploads\/2025\/09\/2.png","width":1080,"height":1350},{"@type":"BreadcrumbList","@id":"https:\/\/luxurycandlesupplies.eu\/product\/car-diffuser-8ml\/#breadcrumb","itemListElement":[{"@type":"ListItem","position":1,"name":"Home","item":"https:\/\/luxurycandlesupplies.eu\/"},{"@type":"ListItem","position":2,"name":"Shop","item":"https:\/\/luxurycandlesupplies.eu\/shop\/"},{"@type":"ListItem","position":3,"name":"Car Diffuser Grey 8ml"}]},{"@type":"WebSite","@id":"https:\/\/luxurycandlesupplies.eu\/#website","url":"https:\/\/luxurycandlesupplies.eu\/","name":"Anvers Fournitures de bougies de luxe","description":"Distributeur de cire de soja toutes saisons","publisher":{"@id":"https:\/\/luxurycandlesupplies.eu\/#organization"},"potentialAction":[{"@type":"SearchAction","target":{"@type":"EntryPoint","urlTemplate":"https:\/\/luxurycandlesupplies.eu\/?s={search_term_string}"},"query-input":{"@type":"PropertyValueSpecification","valueRequired":true,"valueName":"search_term_string"}}],"inLanguage":"fr-FR"},{"@type":"Organization","@id":"https:\/\/luxurycandlesupplies.eu\/#organization","name":"Anvers Fournitures de bougies de luxe","url":"https:\/\/luxurycandlesupplies.eu\/","logo":{"@type":"ImageObject","inLanguage":"fr-FR","@id":"https:\/\/luxurycandlesupplies.eu\/#\/schema\/logo\/image\/","url":"https:\/\/luxurycandlesupplies.eu\/app\/uploads\/2022\/03\/antwerp-luxury-candle-supplies-1x.png","contentUrl":"https:\/\/luxurycandlesupplies.eu\/app\/uploads\/2022\/03\/antwerp-luxury-candle-supplies-1x.png","width":330,"height":60,"caption":"Antwerp Luxury Candle Supplies"},"image":{"@id":"https:\/\/luxurycandlesupplies.eu\/#\/schema\/logo\/image\/"},"sameAs":["https:\/\/www.facebook.com\/Antwerpluxurycandlesupplies\/","https:\/\/www.instagram.com\/antwerp_luxury_candle_supplies\/","https:\/\/pin.it\/7joOXRW"]}]}},"_links":{"self":[{"href":"https:\/\/luxurycandlesupplies.eu\/fr\/wp-json\/wp\/v2\/product\/23022","targetHints":{"allow":["GET"]}}],"collection":[{"href":"https:\/\/luxurycandlesupplies.eu\/fr\/wp-json\/wp\/v2\/product"}],"about":[{"href":"https:\/\/luxurycandlesupplies.eu\/fr\/wp-json\/wp\/v2\/types\/product"}],"wp:featuredmedia":[{"embeddable":true,"href":"https:\/\/luxurycandlesupplies.eu\/fr\/wp-json\/wp\/v2\/media\/28560"}],"wp:attachment":[{"href":"https:\/\/luxurycandlesupplies.eu\/fr\/wp-json\/wp\/v2\/media?parent=23022"}],"wp:term":[{"taxonomy":"product_brand","embeddable":true,"href":"https:\/\/luxurycandlesupplies.eu\/fr\/wp-json\/wp\/v2\/product_brand?post=23022"},{"taxonomy":"product_cat","embeddable":true,"href":"https:\/\/luxurycandlesupplies.eu\/fr\/wp-json\/wp\/v2\/product_cat?post=23022"},{"taxonomy":"product_tag","embeddable":true,"href":"https:\/\/luxurycandlesupplies.eu\/fr\/wp-json\/wp\/v2\/product_tag?post=23022"}],"curies":[{"name":"wp","href":"https:\/\/api.w.org\/{rel}","templated":true}]}}