{"id":23242,"date":"2025-09-09T17:09:20","date_gmt":"2025-09-09T15:09:20","guid":{"rendered":"https:\/\/luxurycandlesupplies.eu\/?post_type=product&#038;p=23242"},"modified":"2026-05-13T10:48:55","modified_gmt":"2026-05-13T08:48:55","slug":"couvercle-en-or-brosse-grand-sel-urbain-en-silicone","status":"publish","type":"product","link":"https:\/\/luxurycandlesupplies.eu\/fr\/product\/brushed-gold-lid-large-urban-silicone-seel\/","title":{"rendered":"Couvercle or bross\u00e9 grand Urban - Silicone Seel"},"content":{"rendered":"<div class=\"woocommerce-tabs wc-tabs-wrapper\">\n<div id=\"tab-description\" class=\"woocommerce-Tabs-panel woocommerce-Tabs-panel--description panel entry-content wc-tab\" role=\"tabpanel\" aria-labelledby=\"tab-title-description\">\n<h2 style=\"text-align: left;\">DESCRIPTION<\/h2>\n<hr \/>\n<div><\/div>\n<p>Ces couvercles sont le compagnon id\u00e9al des bougies, donnant aux pots une finition compl\u00e8te et offrant un emplacement parfait pour votre marque. Le pot Urban se ferme facilement et en toute s\u00e9curit\u00e9 gr\u00e2ce \u00e0 l'\u00e9lastique situ\u00e9 \u00e0 l'int\u00e9rieur du couvercle.<\/p>\n<p>&nbsp;<\/p>\n<p data-start=\"75\" data-end=\"145\">Saviez-vous que nos couvercles ne sont pas seulement esth\u00e9tiques, mais aussi fonctionnels ?<\/p>\n<ul data-start=\"147\" data-end=\"340\">\n<li data-start=\"147\" data-end=\"243\">\n<p data-start=\"149\" data-end=\"243\">Les couvercles permettent de sceller le parfum, ce qui donne \u00e0 vos bougies une dur\u00e9e de conservation plus longue et un parfum plus intense.<\/p>\n<\/li>\n<li data-start=\"244\" data-end=\"340\">\n<p data-start=\"246\" data-end=\"340\">Les couvercles permettent de transporter les bougies sur les march\u00e9s ou de les livrer aux clients en toute simplicit\u00e9 et en toute s\u00e9curit\u00e9.<\/p>\n<\/li>\n<\/ul>\n<p>&nbsp;<\/p>\n<h3>CARACT\u00c9RISTIQUES TECHNIQUES<\/h3>\n<hr \/>\n<div><\/div>\n<p><strong>Dimensions<\/strong>:<\/p>\n<p><strong>Diam\u00e8tre du couvercle sup\u00e9rieur<\/strong>: 95mmW<br \/>\n<strong>Diam\u00e8tre du couvercle de la base<\/strong>: 95mmW<br \/>\n<strong>Hauteur du couvercle<\/strong>: 10mm<\/p>\n<\/div>\n<\/div>\n<div class=\"woocommerce-tabs wc-tabs-wrapper\">\n<div id=\"tab-description\" class=\"woocommerce-Tabs-panel woocommerce-Tabs-panel--description panel entry-content wc-tab\" role=\"tabpanel\" aria-labelledby=\"tab-title-description\">\n<p><strong>R\u00e9cipients appropri\u00e9s : Grand Urban<\/strong><\/p>\n<p>Disponible en unit\u00e9s individuelles.<\/p>\n<p>Veuillez noter que la photo du produit peut diff\u00e9rer de l'article r\u00e9el en termes de couleur en raison de l'\u00e9clairage et\/ou de la fabrication.<\/p>\n<p>&nbsp;<\/p>\n<\/div>\n<\/div>","protected":false},"excerpt":{"rendered":"<h2>DESCRIPTION<\/h2>\n<hr \/>\n<div>\n<p>Ces couvercles sont le compagnon id\u00e9al des bougies, donnant aux pots une finition compl\u00e8te et offrant un emplacement parfait pour votre marque. Le pot Urban se ferme facilement et en toute s\u00e9curit\u00e9 gr\u00e2ce \u00e0 l'\u00e9lastique situ\u00e9 \u00e0 l'int\u00e9rieur du couvercle.<\/p>\n<p>&nbsp;<\/p>\n<p data-start=\"75\" data-end=\"145\">Saviez-vous que nos couvercles ne sont pas seulement esth\u00e9tiques, mais aussi fonctionnels ?<\/p>\n<ul data-start=\"147\" data-end=\"340\">\n<li data-start=\"147\" data-end=\"243\">\n<p data-start=\"149\" data-end=\"243\">Les couvercles permettent de sceller le parfum, ce qui donne \u00e0 vos bougies une dur\u00e9e de conservation plus longue et un parfum plus intense.<\/p>\n<\/li>\n<li data-start=\"244\" data-end=\"340\">\n<p data-start=\"246\" data-end=\"340\">Les couvercles permettent de transporter les bougies sur les march\u00e9s ou de les livrer aux clients en toute simplicit\u00e9 et en toute s\u00e9curit\u00e9.<\/p>\n<\/li>\n<\/ul>\n<\/div>\n<p>&nbsp;<\/p>\n<p>&nbsp;<\/p>\n<p>&nbsp;<\/p>","protected":false},"featured_media":23244,"template":"","meta":{"_acf_changed":false,"site-sidebar-layout":"default","site-content-layout":"default","ast-site-content-layout":"default","site-content-style":"default","site-sidebar-style":"default","ast-global-header-display":"","ast-banner-title-visibility":"","ast-main-header-display":"","ast-hfb-above-header-display":"","ast-hfb-below-header-display":"","ast-hfb-mobile-header-display":"","site-post-title":"","ast-breadcrumbs-content":"","ast-featured-img":"","footer-sml-layout":"","ast-disable-related-posts":"","theme-transparent-header-meta":"default","adv-header-id-meta":"","stick-header-meta":"","header-above-stick-meta":"","header-main-stick-meta":"","header-below-stick-meta":"","astra-migrate-meta-layouts":"set","ast-page-background-enabled":"default","ast-page-background-meta":{"desktop":{"background-color":"","background-image":"","background-repeat":"repeat","background-position":"center center","background-size":"auto","background-attachment":"scroll","background-type":"","background-media":"","overlay-type":"","overlay-color":"","overlay-opacity":"","overlay-gradient":""},"tablet":{"background-color":"","background-image":"","background-repeat":"repeat","background-position":"center center","background-size":"auto","background-attachment":"scroll","background-type":"","background-media":"","overlay-type":"","overlay-color":"","overlay-opacity":"","overlay-gradient":""},"mobile":{"background-color":"","background-image":"","background-repeat":"repeat","background-position":"center center","background-size":"auto","background-attachment":"scroll","background-type":"","background-media":"","overlay-type":"","overlay-color":"","overlay-opacity":"","overlay-gradient":""}},"ast-content-background-meta":{"desktop":{"background-color":"var(--ast-global-color-5)","background-image":"","background-repeat":"repeat","background-position":"center center","background-size":"auto","background-attachment":"scroll","background-type":"","background-media":"","overlay-type":"","overlay-color":"","overlay-opacity":"","overlay-gradient":""},"tablet":{"background-color":"var(--ast-global-color-5)","background-image":"","background-repeat":"repeat","background-position":"center center","background-size":"auto","background-attachment":"scroll","background-type":"","background-media":"","overlay-type":"","overlay-color":"","overlay-opacity":"","overlay-gradient":""},"mobile":{"background-color":"var(--ast-global-color-5)","background-image":"","background-repeat":"repeat","background-position":"center center","background-size":"auto","background-attachment":"scroll","background-type":"","background-media":"","overlay-type":"","overlay-color":"","overlay-opacity":"","overlay-gradient":""}}},"product_brand":[],"product_cat":[444,1578,74],"product_tag":[366,364,365],"class_list":{"0":"post-23242","1":"product","2":"type-product","3":"status-publish","4":"has-post-thumbnail","6":"product_cat-candle-lids-2","7":"product_cat-candle-lids-packaging-lids","8":"product_cat-urban-jar-urban-collection","9":"product_tag-candle-lids","10":"product_tag-lid","11":"product_tag-lids","12":"desktop-align-left","13":"tablet-align-left","14":"mobile-align-left","15":"ast-product-gallery-layout-horizontal-slider","16":"ast-product-tabs-layout-horizontal","18":"first","19":"instock","20":"taxable","21":"shipping-taxable","22":"purchasable","23":"product-type-simple"},"acf":[],"yoast_head":"<title>Brushed Gold Lid Large Urban - Silicone Seel - Antwerp Luxury Candle Supplies<\/title>\n<meta name=\"description\" content=\"Large Plastic Lid Ros\u00e9 Gold, suitable for Large Vogue Vessels &amp; the Large Urban Collection\" \/>\n<meta name=\"robots\" content=\"index, follow, max-snippet:-1, max-image-preview:large, max-video-preview:-1\" \/>\n<link rel=\"canonical\" href=\"https:\/\/luxurycandlesupplies.eu\/fr\/produit\/couvercle-en-or-brosse-grand-sel-urbain-en-silicone\/\" \/>\n<meta property=\"og:locale\" content=\"fr_FR\" \/>\n<meta property=\"og:type\" content=\"article\" \/>\n<meta property=\"og:title\" content=\"Brushed Gold Lid Large Urban - Silicone Seel - Antwerp Luxury Candle Supplies\" \/>\n<meta property=\"og:description\" content=\"Large Plastic Lid Ros\u00e9 Gold, suitable for Large Vogue Vessels &amp; the Large Urban Collection\" \/>\n<meta property=\"og:url\" content=\"https:\/\/luxurycandlesupplies.eu\/fr\/produit\/couvercle-en-or-brosse-grand-sel-urbain-en-silicone\/\" \/>\n<meta property=\"og:site_name\" content=\"Antwerp Luxury Candle Supplies\" \/>\n<meta property=\"article:publisher\" content=\"https:\/\/www.facebook.com\/Antwerpluxurycandlesupplies\/\" \/>\n<meta property=\"article:modified_time\" content=\"2026-05-13T08:48:55+00:00\" \/>\n<meta property=\"og:image\" content=\"https:\/\/luxurycandlesupplies.eu\/app\/uploads\/2025\/09\/Lid-gold-brushed-Large-2.png\" \/>\n\t<meta property=\"og:image:width\" content=\"2100\" \/>\n\t<meta property=\"og:image:height\" content=\"2100\" \/>\n\t<meta property=\"og:image:type\" content=\"image\/png\" \/>\n<meta name=\"twitter:card\" content=\"summary_large_image\" \/>\n<meta name=\"twitter:label1\" content=\"Dur\u00e9e de lecture estim\u00e9e\" \/>\n\t<meta name=\"twitter:data1\" content=\"1 minute\" \/>\n<script type=\"application\/ld+json\" class=\"yoast-schema-graph\">{\"@context\":\"https:\\\/\\\/schema.org\",\"@graph\":[{\"@type\":\"WebPage\",\"@id\":\"https:\\\/\\\/luxurycandlesupplies.eu\\\/product\\\/brushed-gold-lid-large-urban-silicone-seel\\\/\",\"url\":\"https:\\\/\\\/luxurycandlesupplies.eu\\\/product\\\/brushed-gold-lid-large-urban-silicone-seel\\\/\",\"name\":\"Brushed Gold Lid Large Urban - Silicone Seel - Antwerp Luxury Candle Supplies\",\"isPartOf\":{\"@id\":\"https:\\\/\\\/luxurycandlesupplies.eu\\\/#website\"},\"primaryImageOfPage\":{\"@id\":\"https:\\\/\\\/luxurycandlesupplies.eu\\\/product\\\/brushed-gold-lid-large-urban-silicone-seel\\\/#primaryimage\"},\"image\":{\"@id\":\"https:\\\/\\\/luxurycandlesupplies.eu\\\/product\\\/brushed-gold-lid-large-urban-silicone-seel\\\/#primaryimage\"},\"thumbnailUrl\":\"https:\\\/\\\/luxurycandlesupplies.eu\\\/app\\\/uploads\\\/2025\\\/09\\\/Lid-gold-brushed-Large-2.png\",\"datePublished\":\"2025-09-09T15:09:20+00:00\",\"dateModified\":\"2026-05-13T08:48:55+00:00\",\"description\":\"Large Plastic Lid Ros\u00e9 Gold, suitable for Large Vogue Vessels & the Large Urban Collection\",\"breadcrumb\":{\"@id\":\"https:\\\/\\\/luxurycandlesupplies.eu\\\/product\\\/brushed-gold-lid-large-urban-silicone-seel\\\/#breadcrumb\"},\"inLanguage\":\"fr-FR\",\"potentialAction\":[{\"@type\":\"ReadAction\",\"target\":[\"https:\\\/\\\/luxurycandlesupplies.eu\\\/product\\\/brushed-gold-lid-large-urban-silicone-seel\\\/\"]}]},{\"@type\":\"ImageObject\",\"inLanguage\":\"fr-FR\",\"@id\":\"https:\\\/\\\/luxurycandlesupplies.eu\\\/product\\\/brushed-gold-lid-large-urban-silicone-seel\\\/#primaryimage\",\"url\":\"https:\\\/\\\/luxurycandlesupplies.eu\\\/app\\\/uploads\\\/2025\\\/09\\\/Lid-gold-brushed-Large-2.png\",\"contentUrl\":\"https:\\\/\\\/luxurycandlesupplies.eu\\\/app\\\/uploads\\\/2025\\\/09\\\/Lid-gold-brushed-Large-2.png\",\"width\":2100,\"height\":2100},{\"@type\":\"BreadcrumbList\",\"@id\":\"https:\\\/\\\/luxurycandlesupplies.eu\\\/product\\\/brushed-gold-lid-large-urban-silicone-seel\\\/#breadcrumb\",\"itemListElement\":[{\"@type\":\"ListItem\",\"position\":1,\"name\":\"Home\",\"item\":\"https:\\\/\\\/luxurycandlesupplies.eu\\\/\"},{\"@type\":\"ListItem\",\"position\":2,\"name\":\"Shop\",\"item\":\"https:\\\/\\\/luxurycandlesupplies.eu\\\/shop\\\/\"},{\"@type\":\"ListItem\",\"position\":3,\"name\":\"Brushed Gold Lid Large Urban &#8211; Silicone Seel\"}]},{\"@type\":\"WebSite\",\"@id\":\"https:\\\/\\\/luxurycandlesupplies.eu\\\/#website\",\"url\":\"https:\\\/\\\/luxurycandlesupplies.eu\\\/\",\"name\":\"Antwerp Luxury Candle Supplies\",\"description\":\"Distributor of all seasons soy wax\",\"publisher\":{\"@id\":\"https:\\\/\\\/luxurycandlesupplies.eu\\\/#organization\"},\"potentialAction\":[{\"@type\":\"SearchAction\",\"target\":{\"@type\":\"EntryPoint\",\"urlTemplate\":\"https:\\\/\\\/luxurycandlesupplies.eu\\\/?s={search_term_string}\"},\"query-input\":{\"@type\":\"PropertyValueSpecification\",\"valueRequired\":true,\"valueName\":\"search_term_string\"}}],\"inLanguage\":\"fr-FR\"},{\"@type\":\"Organization\",\"@id\":\"https:\\\/\\\/luxurycandlesupplies.eu\\\/#organization\",\"name\":\"Antwerp Luxury Candle Supplies\",\"url\":\"https:\\\/\\\/luxurycandlesupplies.eu\\\/\",\"logo\":{\"@type\":\"ImageObject\",\"inLanguage\":\"fr-FR\",\"@id\":\"https:\\\/\\\/luxurycandlesupplies.eu\\\/#\\\/schema\\\/logo\\\/image\\\/\",\"url\":\"https:\\\/\\\/luxurycandlesupplies.eu\\\/app\\\/uploads\\\/2022\\\/03\\\/antwerp-luxury-candle-supplies-1x.png\",\"contentUrl\":\"https:\\\/\\\/luxurycandlesupplies.eu\\\/app\\\/uploads\\\/2022\\\/03\\\/antwerp-luxury-candle-supplies-1x.png\",\"width\":330,\"height\":60,\"caption\":\"Antwerp Luxury Candle Supplies\"},\"image\":{\"@id\":\"https:\\\/\\\/luxurycandlesupplies.eu\\\/#\\\/schema\\\/logo\\\/image\\\/\"},\"sameAs\":[\"https:\\\/\\\/www.facebook.com\\\/Antwerpluxurycandlesupplies\\\/\",\"https:\\\/\\\/www.instagram.com\\\/antwerp_luxury_candle_supplies\\\/\",\"https:\\\/\\\/pin.it\\\/7joOXRW\"]}]}<\/script>","yoast_head_json":{"title":"Brushed Gold Lid Large Urban - Silicone Seel - Antwerp Luxury Candle Supplies","description":"Grand couvercle en plastique Ros\u00e9 Gold, convient aux grands r\u00e9cipients Vogue et \u00e0 la grande collection Urban","robots":{"index":"index","follow":"follow","max-snippet":"max-snippet:-1","max-image-preview":"max-image-preview:large","max-video-preview":"max-video-preview:-1"},"canonical":"https:\/\/luxurycandlesupplies.eu\/fr\/produit\/couvercle-en-or-brosse-grand-sel-urbain-en-silicone\/","og_locale":"fr_FR","og_type":"article","og_title":"Brushed Gold Lid Large Urban - Silicone Seel - Antwerp Luxury Candle Supplies","og_description":"Large Plastic Lid Ros\u00e9 Gold, suitable for Large Vogue Vessels & the Large Urban Collection","og_url":"https:\/\/luxurycandlesupplies.eu\/fr\/produit\/couvercle-en-or-brosse-grand-sel-urbain-en-silicone\/","og_site_name":"Antwerp Luxury Candle Supplies","article_publisher":"https:\/\/www.facebook.com\/Antwerpluxurycandlesupplies\/","article_modified_time":"2026-05-13T08:48:55+00:00","og_image":[{"width":2100,"height":2100,"url":"https:\/\/luxurycandlesupplies.eu\/app\/uploads\/2025\/09\/Lid-gold-brushed-Large-2.png","type":"image\/png"}],"twitter_card":"summary_large_image","twitter_misc":{"Dur\u00e9e de lecture estim\u00e9e":"1 minute"},"schema":{"@context":"https:\/\/schema.org","@graph":[{"@type":"WebPage","@id":"https:\/\/luxurycandlesupplies.eu\/product\/brushed-gold-lid-large-urban-silicone-seel\/","url":"https:\/\/luxurycandlesupplies.eu\/product\/brushed-gold-lid-large-urban-silicone-seel\/","name":"Brushed Gold Lid Large Urban - Silicone Seel - Antwerp Luxury Candle Supplies","isPartOf":{"@id":"https:\/\/luxurycandlesupplies.eu\/#website"},"primaryImageOfPage":{"@id":"https:\/\/luxurycandlesupplies.eu\/product\/brushed-gold-lid-large-urban-silicone-seel\/#primaryimage"},"image":{"@id":"https:\/\/luxurycandlesupplies.eu\/product\/brushed-gold-lid-large-urban-silicone-seel\/#primaryimage"},"thumbnailUrl":"https:\/\/luxurycandlesupplies.eu\/app\/uploads\/2025\/09\/Lid-gold-brushed-Large-2.png","datePublished":"2025-09-09T15:09:20+00:00","dateModified":"2026-05-13T08:48:55+00:00","description":"Grand couvercle en plastique Ros\u00e9 Gold, convient aux grands r\u00e9cipients Vogue et \u00e0 la grande collection Urban","breadcrumb":{"@id":"https:\/\/luxurycandlesupplies.eu\/product\/brushed-gold-lid-large-urban-silicone-seel\/#breadcrumb"},"inLanguage":"fr-FR","potentialAction":[{"@type":"ReadAction","target":["https:\/\/luxurycandlesupplies.eu\/product\/brushed-gold-lid-large-urban-silicone-seel\/"]}]},{"@type":"ImageObject","inLanguage":"fr-FR","@id":"https:\/\/luxurycandlesupplies.eu\/product\/brushed-gold-lid-large-urban-silicone-seel\/#primaryimage","url":"https:\/\/luxurycandlesupplies.eu\/app\/uploads\/2025\/09\/Lid-gold-brushed-Large-2.png","contentUrl":"https:\/\/luxurycandlesupplies.eu\/app\/uploads\/2025\/09\/Lid-gold-brushed-Large-2.png","width":2100,"height":2100},{"@type":"BreadcrumbList","@id":"https:\/\/luxurycandlesupplies.eu\/product\/brushed-gold-lid-large-urban-silicone-seel\/#breadcrumb","itemListElement":[{"@type":"ListItem","position":1,"name":"Home","item":"https:\/\/luxurycandlesupplies.eu\/"},{"@type":"ListItem","position":2,"name":"Shop","item":"https:\/\/luxurycandlesupplies.eu\/shop\/"},{"@type":"ListItem","position":3,"name":"Brushed Gold Lid Large Urban &#8211; Silicone Seel"}]},{"@type":"WebSite","@id":"https:\/\/luxurycandlesupplies.eu\/#website","url":"https:\/\/luxurycandlesupplies.eu\/","name":"Anvers Fournitures de bougies de luxe","description":"Distributeur de cire de soja toutes saisons","publisher":{"@id":"https:\/\/luxurycandlesupplies.eu\/#organization"},"potentialAction":[{"@type":"SearchAction","target":{"@type":"EntryPoint","urlTemplate":"https:\/\/luxurycandlesupplies.eu\/?s={search_term_string}"},"query-input":{"@type":"PropertyValueSpecification","valueRequired":true,"valueName":"search_term_string"}}],"inLanguage":"fr-FR"},{"@type":"Organization","@id":"https:\/\/luxurycandlesupplies.eu\/#organization","name":"Anvers Fournitures de bougies de luxe","url":"https:\/\/luxurycandlesupplies.eu\/","logo":{"@type":"ImageObject","inLanguage":"fr-FR","@id":"https:\/\/luxurycandlesupplies.eu\/#\/schema\/logo\/image\/","url":"https:\/\/luxurycandlesupplies.eu\/app\/uploads\/2022\/03\/antwerp-luxury-candle-supplies-1x.png","contentUrl":"https:\/\/luxurycandlesupplies.eu\/app\/uploads\/2022\/03\/antwerp-luxury-candle-supplies-1x.png","width":330,"height":60,"caption":"Antwerp Luxury Candle Supplies"},"image":{"@id":"https:\/\/luxurycandlesupplies.eu\/#\/schema\/logo\/image\/"},"sameAs":["https:\/\/www.facebook.com\/Antwerpluxurycandlesupplies\/","https:\/\/www.instagram.com\/antwerp_luxury_candle_supplies\/","https:\/\/pin.it\/7joOXRW"]}]}},"_links":{"self":[{"href":"https:\/\/luxurycandlesupplies.eu\/fr\/wp-json\/wp\/v2\/product\/23242","targetHints":{"allow":["GET"]}}],"collection":[{"href":"https:\/\/luxurycandlesupplies.eu\/fr\/wp-json\/wp\/v2\/product"}],"about":[{"href":"https:\/\/luxurycandlesupplies.eu\/fr\/wp-json\/wp\/v2\/types\/product"}],"wp:featuredmedia":[{"embeddable":true,"href":"https:\/\/luxurycandlesupplies.eu\/fr\/wp-json\/wp\/v2\/media\/23244"}],"wp:attachment":[{"href":"https:\/\/luxurycandlesupplies.eu\/fr\/wp-json\/wp\/v2\/media?parent=23242"}],"wp:term":[{"taxonomy":"product_brand","embeddable":true,"href":"https:\/\/luxurycandlesupplies.eu\/fr\/wp-json\/wp\/v2\/product_brand?post=23242"},{"taxonomy":"product_cat","embeddable":true,"href":"https:\/\/luxurycandlesupplies.eu\/fr\/wp-json\/wp\/v2\/product_cat?post=23242"},{"taxonomy":"product_tag","embeddable":true,"href":"https:\/\/luxurycandlesupplies.eu\/fr\/wp-json\/wp\/v2\/product_tag?post=23242"}],"curies":[{"name":"wp","href":"https:\/\/api.w.org\/{rel}","templated":true}]}}