{"id":27004,"date":"2026-01-20T11:55:02","date_gmt":"2026-01-20T10:55:02","guid":{"rendered":"https:\/\/luxurycandlesupplies.eu\/?post_type=product&#038;p=27004"},"modified":"2026-04-21T11:32:06","modified_gmt":"2026-04-21T09:32:06","slug":"melange-pour-diffuseur-pret-a-lemploi","status":"publish","type":"product","link":"https:\/\/luxurycandlesupplies.eu\/fr\/product\/ready-to-use-diffuser-blend\/","title":{"rendered":"M\u00e9lange pour diffuseur pr\u00eat \u00e0 l'emploi\u2018"},"content":{"rendered":"<h3>DESCRIPTION<\/h3>\n<div>\n<p>&nbsp;<\/p>\n<h2>M\u00e9lange pour diffuseur pr\u00eat \u00e0 l'emploi\u2018<\/h2>\n<p>&nbsp;<\/p>\n<\/div>\n<p data-start=\"33\" data-end=\"138\">Nous avons mis au point la formule parfaite pour cr\u00e9er facilement et r\u00e9guli\u00e8rement des diffuseurs \u00e0 roseaux de haute qualit\u00e9.<\/p>\n<p data-start=\"140\" data-end=\"356\">Notre m\u00e9lange pour diffuseur pr\u00eat \u00e0 l'emploi est con\u00e7u pour simplifier la fabrication des diffuseurs. Plus besoin de peser, de calculer ou de se battre avec des ratios. Ajoutez simplement votre huile de parfum, m\u00e9langez, versez et votre diffuseur est pr\u00eat !<\/p>\n<p data-start=\"358\" data-end=\"506\">Cette base professionnellement \u00e9quilibr\u00e9e garantit une diffusion, une clart\u00e9 et une stabilit\u00e9 excellentes du parfum, ce qui vous permet d'obtenir un r\u00e9sultat fiable et de qualit\u00e9 sup\u00e9rieure \u00e0 chaque fois.<\/p>\n<p data-start=\"358\" data-end=\"506\">\n<p data-start=\"508\" data-end=\"812\"><strong data-start=\"508\" data-end=\"522\">Comment l'utiliser ?<\/strong><br data-start=\"522\" data-end=\"525\" \/>Ajoutez l'huile parfum\u00e9e de votre choix au m\u00e9lange pour diffuseur et m\u00e9langez d\u00e9licatement pour <strong data-start=\"71\" data-end=\"84\">2 minutes<\/strong> afin de garantir un m\u00e9lange homog\u00e8ne et stable.<\/p>\n<p data-start=\"508\" data-end=\"812\">Le pourcentage exact de parfum d\u00e9pend du parfum sp\u00e9cifique et doit toujours \u00eatre v\u00e9rifi\u00e9 dans le document de l'IFRA. Dans la cat\u00e9gorie 10A, vous trouverez la concentration maximale de parfum autoris\u00e9e, qui peut varier d'un parfum \u00e0 l'autre.<\/p>\n<p data-start=\"508\" data-end=\"812\">\n<p data-start=\"814\" data-end=\"1061\"><strong data-start=\"814\" data-end=\"846\">Pourquoi ce m\u00e9lange vous plaira-t-il ?<\/strong><br data-start=\"846\" data-end=\"849\" \/>- Formule pr\u00eate \u00e0 l'emploi<br data-start=\"871\" data-end=\"874\" \/>- Pas de pes\u00e9e ni de calculs compliqu\u00e9s<br data-start=\"915\" data-end=\"918\" \/>- Des r\u00e9sultats coh\u00e9rents et professionnels<br data-start=\"955\" data-end=\"958\" \/>- Excellente diffusion des senteurs<br data-start=\"985\" data-end=\"988\" \/>- Base claire et stable<br data-start=\"1011\" data-end=\"1014\" \/>- Convient \u00e0 une large gamme d'huiles de parfum<\/p>\n<p data-start=\"814\" data-end=\"1061\">\n<p data-start=\"1063\" data-end=\"1218\">Ce m\u00e9lange pour diffuseur vous permet de travailler plus rapidement, plus proprement et en toute confiance.<\/p>\n<p data-start=\"1220\" data-end=\"1240\" data-is-last-node=\"\" data-is-only-node=\"\">\n<div>\n<p>&nbsp;<\/p>\n<p>&nbsp;<\/p>\n<\/div>\n<h2>DOCUMENTS DE S\u00c9CURIT\u00c9<\/h2>\n<p><a href=\"https:\/\/luxurycandlesupplies.eu\/app\/uploads\/2026\/01\/Ready_To_Use_Diffuser_Blend_SDS.pdf\">Fiche signal\u00e9tique du m\u00e9lange diffuseur pr\u00eat \u00e0 l'emploi<\/a><\/p>\n<p>UFI : EK80-R0K8-X007-YUQE<\/p>\n<p><img decoding=\"async\" class=\"alignnone wp-image-23488\" src=\"https:\/\/luxurycandlesupplies.eu\/app\/uploads\/2025\/07\/Danger-3-300x300.png\" alt=\"\" width=\"96\" height=\"96\" srcset=\"https:\/\/luxurycandlesupplies.eu\/app\/uploads\/2025\/07\/Danger-3-300x300.png 300w, https:\/\/luxurycandlesupplies.eu\/app\/uploads\/2025\/07\/Danger-3-1024x1024.png 1024w, https:\/\/luxurycandlesupplies.eu\/app\/uploads\/2025\/07\/Danger-3-150x150.png 150w, https:\/\/luxurycandlesupplies.eu\/app\/uploads\/2025\/07\/Danger-3-768x768.png 768w, https:\/\/luxurycandlesupplies.eu\/app\/uploads\/2025\/07\/Danger-3-12x12.png 12w, https:\/\/luxurycandlesupplies.eu\/app\/uploads\/2025\/07\/Danger-3-600x600.png 600w, https:\/\/luxurycandlesupplies.eu\/app\/uploads\/2025\/07\/Danger-3-100x100.png 100w, https:\/\/luxurycandlesupplies.eu\/app\/uploads\/2025\/07\/Danger-3.png 1080w\" sizes=\"(max-width: 96px) 100vw, 96px\" \/><\/p>\n<p>NL : Waarschuwing - Veroorzaakt ernstige oogirritatie. En cas de prise de m\u00e9dicaments, de traitement ou d'\u00e9tiquetage, ne pas h\u00e9siter \u00e0 le faire. En cas d'ingestion par des enfants, ne pas h\u00e9siter \u00e0 le faire.<\/p>\n<p>FR : Avertissement - Provoque une s\u00e9v\u00e8re irritation des yeux. En cas de consultation d'un m\u00e9decin, garder \u00e0 disposition le r\u00e9cipient ou l'\u00e9tiquette. Tenir hors de port\u00e9e des enfants.<\/p>\n<p>DE : Warnung - Verursacht schwere Augenreizung. En cas d'erreur d'appr\u00e9ciation, retirer l'emballage ou la notice d'utilisation. Ne doit pas \u00eatre plac\u00e9 dans les mains des enfants.<\/p>\n<p>Substances : \u00e9thanol ; propan-2-ol ; butanone ; 1,3- Dioxolane-4-m\u00e9thanol, 2,2-dim\u00e9thyl- ; denatoniumbenzoaat<\/p>","protected":false},"excerpt":{"rendered":"<div>\n<h2>M\u00e9lange pour diffuseur pr\u00eat \u00e0 l'emploi\u2018<\/h2>\n<p>&nbsp;<\/p>\n<\/div>\n<p data-start=\"33\" data-end=\"138\">Nous avons mis au point la formule parfaite pour cr\u00e9er facilement et r\u00e9guli\u00e8rement des diffuseurs \u00e0 roseaux de haute qualit\u00e9.<\/p>\n<p data-start=\"140\" data-end=\"356\">Notre m\u00e9lange pour diffuseur pr\u00eat \u00e0 l'emploi est con\u00e7u pour simplifier la fabrication des diffuseurs. Plus besoin de peser, de calculer ou de se battre avec des ratios. Ajoutez simplement votre huile de parfum, m\u00e9langez, versez et votre diffuseur est pr\u00eat !<\/p>\n<p data-start=\"358\" data-end=\"506\">Cette base professionnellement \u00e9quilibr\u00e9e garantit une diffusion, une clart\u00e9 et une stabilit\u00e9 excellentes du parfum, ce qui vous permet d'obtenir un r\u00e9sultat fiable et de qualit\u00e9 sup\u00e9rieure \u00e0 chaque fois.<\/p>\n<p data-start=\"508\" data-end=\"812\"><strong data-start=\"508\" data-end=\"522\">Comment l'utiliser ?<\/strong><br data-start=\"522\" data-end=\"525\" \/>Ajoutez l'huile parfum\u00e9e de votre choix au m\u00e9lange pour diffuseur et m\u00e9langez d\u00e9licatement pour <strong data-start=\"71\" data-end=\"84\">2 minutes<\/strong> afin de garantir un m\u00e9lange homog\u00e8ne et stable.<\/p>\n<p data-start=\"508\" data-end=\"812\">Le pourcentage exact de parfum d\u00e9pend du parfum sp\u00e9cifique et doit toujours \u00eatre v\u00e9rifi\u00e9 dans le document de l'IFRA. Dans la cat\u00e9gorie 10A, vous trouverez la concentration maximale de parfum autoris\u00e9e, qui peut varier d'un parfum \u00e0 l'autre.<\/p>\n<p data-start=\"814\" data-end=\"1061\"><strong data-start=\"814\" data-end=\"846\">Pourquoi ce m\u00e9lange vous plaira-t-il ?<\/strong><br data-start=\"846\" data-end=\"849\" \/>- Formule pr\u00eate \u00e0 l'emploi<br data-start=\"871\" data-end=\"874\" \/>- Pas de pes\u00e9e ni de calculs compliqu\u00e9s<br data-start=\"915\" data-end=\"918\" \/>- Des r\u00e9sultats coh\u00e9rents et professionnels<br data-start=\"955\" data-end=\"958\" \/>- Excellente diffusion des senteurs<br data-start=\"985\" data-end=\"988\" \/>- Base claire et stable<br data-start=\"1011\" data-end=\"1014\" \/>- Convient \u00e0 une large gamme d'huiles de parfum<\/p>\n<p data-start=\"1063\" data-end=\"1218\">Ce m\u00e9lange pour diffuseur vous permet de travailler plus rapidement, plus proprement et en toute confiance.<\/p>\n<p data-start=\"1220\" data-end=\"1240\" data-is-last-node=\"\" data-is-only-node=\"\">\n<div>\n<p>&nbsp;<\/p>\n<\/div>","protected":false},"featured_media":27010,"template":"","meta":{"_acf_changed":false,"site-sidebar-layout":"default","site-content-layout":"default","ast-site-content-layout":"default","site-content-style":"default","site-sidebar-style":"default","ast-global-header-display":"","ast-banner-title-visibility":"","ast-main-header-display":"","ast-hfb-above-header-display":"","ast-hfb-below-header-display":"","ast-hfb-mobile-header-display":"","site-post-title":"","ast-breadcrumbs-content":"","ast-featured-img":"","footer-sml-layout":"","ast-disable-related-posts":"","theme-transparent-header-meta":"default","adv-header-id-meta":"","stick-header-meta":"","header-above-stick-meta":"","header-main-stick-meta":"","header-below-stick-meta":"","astra-migrate-meta-layouts":"set","ast-page-background-enabled":"default","ast-page-background-meta":{"desktop":{"background-color":"","background-image":"","background-repeat":"repeat","background-position":"center center","background-size":"auto","background-attachment":"scroll","background-type":"","background-media":"","overlay-type":"","overlay-color":"","overlay-opacity":"","overlay-gradient":""},"tablet":{"background-color":"","background-image":"","background-repeat":"repeat","background-position":"center center","background-size":"auto","background-attachment":"scroll","background-type":"","background-media":"","overlay-type":"","overlay-color":"","overlay-opacity":"","overlay-gradient":""},"mobile":{"background-color":"","background-image":"","background-repeat":"repeat","background-position":"center center","background-size":"auto","background-attachment":"scroll","background-type":"","background-media":"","overlay-type":"","overlay-color":"","overlay-opacity":"","overlay-gradient":""}},"ast-content-background-meta":{"desktop":{"background-color":"var(--ast-global-color-5)","background-image":"","background-repeat":"repeat","background-position":"center center","background-size":"auto","background-attachment":"scroll","background-type":"","background-media":"","overlay-type":"","overlay-color":"","overlay-opacity":"","overlay-gradient":""},"tablet":{"background-color":"var(--ast-global-color-5)","background-image":"","background-repeat":"repeat","background-position":"center center","background-size":"auto","background-attachment":"scroll","background-type":"","background-media":"","overlay-type":"","overlay-color":"","overlay-opacity":"","overlay-gradient":""},"mobile":{"background-color":"var(--ast-global-color-5)","background-image":"","background-repeat":"repeat","background-position":"center center","background-size":"auto","background-attachment":"scroll","background-type":"","background-media":"","overlay-type":"","overlay-color":"","overlay-opacity":"","overlay-gradient":""}}},"product_brand":[],"product_cat":[1648,1646,1329,1644],"product_tag":[1402,1403],"class_list":{"0":"post-27004","1":"product","2":"type-product","3":"status-publish","4":"has-post-thumbnail","6":"product_cat-diffuser-base","7":"product_cat-diffusers-diffusers","8":"product_cat-diffusers","9":"product_cat-fragrance-bases","10":"product_tag-diffuser-base","11":"product_tag-diffusers","12":"desktop-align-left","13":"tablet-align-left","14":"mobile-align-left","15":"ast-product-gallery-layout-horizontal-slider","16":"ast-product-single-variable","17":"ast-product-tabs-layout-horizontal","19":"first","20":"instock","21":"taxable","22":"shipping-taxable","23":"purchasable","24":"product-type-variable"},"acf":[],"yoast_head":"<title>Ready to use &#039;Diffuser Blend&#039; - Antwerp Luxury Candle Supplies<\/title>\n<meta name=\"robots\" content=\"index, follow, max-snippet:-1, max-image-preview:large, max-video-preview:-1\" \/>\n<link rel=\"canonical\" href=\"https:\/\/luxurycandlesupplies.eu\/fr\/produit\/melange-pour-diffuseur-pret-a-lemploi\/\" \/>\n<meta property=\"og:locale\" content=\"fr_FR\" \/>\n<meta property=\"og:type\" content=\"article\" \/>\n<meta property=\"og:title\" content=\"Ready to use &#039;Diffuser Blend&#039; - Antwerp Luxury Candle Supplies\" \/>\n<meta property=\"og:description\" content=\"Ready to use &#039;Diffuser Blend&#039; &nbsp;   We have developed the perfect formula for creating high-quality reed diffusers with ease and consistency. Our ready to use diffuser blend is designed to take the complexity out of diffuser making. No more weighing, calculating or struggling with ratios. Simply add your fragrance oil, mix, pour and your diffuser is ready! This professionally balanced base ensures excellent fragrance diffusion, clarity and stability, giving you a reliable and premium result every time. How to use:Add your chosen fragrance oil to the diffuser blend and mix gently for 2 minutes to ensure an even and stable blend. The exact fragrance percentage depends on the specific perfume and must always be checked in the IFRA document. Under category 10A you will find the maximum allowed fragrance concentration, which can vary per fragrance. Why you will love this blend?\u2022 Ready to use formula\u2022 No weighing or complicated calculations\u2022 Consistent and professional results\u2022 Excellent scent diffusion\u2022 Clear and stable base\u2022 Suitable for a wide range of fragrance oils This diffuser blend allows you to work faster, cleaner and with complete confidence.     &nbsp;\" \/>\n<meta property=\"og:url\" content=\"https:\/\/luxurycandlesupplies.eu\/fr\/produit\/melange-pour-diffuseur-pret-a-lemploi\/\" \/>\n<meta property=\"og:site_name\" content=\"Antwerp Luxury Candle Supplies\" \/>\n<meta property=\"article:publisher\" content=\"https:\/\/www.facebook.com\/Antwerpluxurycandlesupplies\/\" \/>\n<meta property=\"article:modified_time\" content=\"2026-04-21T09:32:06+00:00\" \/>\n<meta property=\"og:image\" content=\"https:\/\/luxurycandlesupplies.eu\/app\/uploads\/2026\/01\/DiffuserBase.webp\" \/>\n\t<meta property=\"og:image:width\" content=\"788\" \/>\n\t<meta property=\"og:image:height\" content=\"836\" \/>\n\t<meta property=\"og:image:type\" content=\"image\/webp\" \/>\n<meta name=\"twitter:card\" content=\"summary_large_image\" \/>\n<meta name=\"twitter:label1\" content=\"Dur\u00e9e de lecture estim\u00e9e\" \/>\n\t<meta name=\"twitter:data1\" content=\"2 minutes\" \/>\n<script type=\"application\/ld+json\" class=\"yoast-schema-graph\">{\"@context\":\"https:\\\/\\\/schema.org\",\"@graph\":[{\"@type\":\"WebPage\",\"@id\":\"https:\\\/\\\/luxurycandlesupplies.eu\\\/product\\\/ready-to-use-diffuser-blend\\\/\",\"url\":\"https:\\\/\\\/luxurycandlesupplies.eu\\\/product\\\/ready-to-use-diffuser-blend\\\/\",\"name\":\"Ready to use 'Diffuser Blend' - Antwerp Luxury Candle Supplies\",\"isPartOf\":{\"@id\":\"https:\\\/\\\/luxurycandlesupplies.eu\\\/#website\"},\"primaryImageOfPage\":{\"@id\":\"https:\\\/\\\/luxurycandlesupplies.eu\\\/product\\\/ready-to-use-diffuser-blend\\\/#primaryimage\"},\"image\":{\"@id\":\"https:\\\/\\\/luxurycandlesupplies.eu\\\/product\\\/ready-to-use-diffuser-blend\\\/#primaryimage\"},\"thumbnailUrl\":\"https:\\\/\\\/luxurycandlesupplies.eu\\\/app\\\/uploads\\\/2026\\\/01\\\/DiffuserBase.webp\",\"datePublished\":\"2026-01-20T10:55:02+00:00\",\"dateModified\":\"2026-04-21T09:32:06+00:00\",\"breadcrumb\":{\"@id\":\"https:\\\/\\\/luxurycandlesupplies.eu\\\/product\\\/ready-to-use-diffuser-blend\\\/#breadcrumb\"},\"inLanguage\":\"fr-FR\",\"potentialAction\":[{\"@type\":\"ReadAction\",\"target\":[\"https:\\\/\\\/luxurycandlesupplies.eu\\\/product\\\/ready-to-use-diffuser-blend\\\/\"]}]},{\"@type\":\"ImageObject\",\"inLanguage\":\"fr-FR\",\"@id\":\"https:\\\/\\\/luxurycandlesupplies.eu\\\/product\\\/ready-to-use-diffuser-blend\\\/#primaryimage\",\"url\":\"https:\\\/\\\/luxurycandlesupplies.eu\\\/app\\\/uploads\\\/2026\\\/01\\\/DiffuserBase.webp\",\"contentUrl\":\"https:\\\/\\\/luxurycandlesupplies.eu\\\/app\\\/uploads\\\/2026\\\/01\\\/DiffuserBase.webp\",\"width\":788,\"height\":836},{\"@type\":\"BreadcrumbList\",\"@id\":\"https:\\\/\\\/luxurycandlesupplies.eu\\\/product\\\/ready-to-use-diffuser-blend\\\/#breadcrumb\",\"itemListElement\":[{\"@type\":\"ListItem\",\"position\":1,\"name\":\"Home\",\"item\":\"https:\\\/\\\/luxurycandlesupplies.eu\\\/\"},{\"@type\":\"ListItem\",\"position\":2,\"name\":\"Shop\",\"item\":\"https:\\\/\\\/luxurycandlesupplies.eu\\\/shop\\\/\"},{\"@type\":\"ListItem\",\"position\":3,\"name\":\"Ready to use &#8216;Diffuser Blend&#8217;\"}]},{\"@type\":\"WebSite\",\"@id\":\"https:\\\/\\\/luxurycandlesupplies.eu\\\/#website\",\"url\":\"https:\\\/\\\/luxurycandlesupplies.eu\\\/\",\"name\":\"Antwerp Luxury Candle Supplies\",\"description\":\"Distributor of all seasons soy wax\",\"publisher\":{\"@id\":\"https:\\\/\\\/luxurycandlesupplies.eu\\\/#organization\"},\"potentialAction\":[{\"@type\":\"SearchAction\",\"target\":{\"@type\":\"EntryPoint\",\"urlTemplate\":\"https:\\\/\\\/luxurycandlesupplies.eu\\\/?s={search_term_string}\"},\"query-input\":{\"@type\":\"PropertyValueSpecification\",\"valueRequired\":true,\"valueName\":\"search_term_string\"}}],\"inLanguage\":\"fr-FR\"},{\"@type\":\"Organization\",\"@id\":\"https:\\\/\\\/luxurycandlesupplies.eu\\\/#organization\",\"name\":\"Antwerp Luxury Candle Supplies\",\"url\":\"https:\\\/\\\/luxurycandlesupplies.eu\\\/\",\"logo\":{\"@type\":\"ImageObject\",\"inLanguage\":\"fr-FR\",\"@id\":\"https:\\\/\\\/luxurycandlesupplies.eu\\\/#\\\/schema\\\/logo\\\/image\\\/\",\"url\":\"https:\\\/\\\/luxurycandlesupplies.eu\\\/app\\\/uploads\\\/2022\\\/03\\\/antwerp-luxury-candle-supplies-1x.png\",\"contentUrl\":\"https:\\\/\\\/luxurycandlesupplies.eu\\\/app\\\/uploads\\\/2022\\\/03\\\/antwerp-luxury-candle-supplies-1x.png\",\"width\":330,\"height\":60,\"caption\":\"Antwerp Luxury Candle Supplies\"},\"image\":{\"@id\":\"https:\\\/\\\/luxurycandlesupplies.eu\\\/#\\\/schema\\\/logo\\\/image\\\/\"},\"sameAs\":[\"https:\\\/\\\/www.facebook.com\\\/Antwerpluxurycandlesupplies\\\/\",\"https:\\\/\\\/www.instagram.com\\\/antwerp_luxury_candle_supplies\\\/\",\"https:\\\/\\\/pin.it\\\/7joOXRW\"]}]}<\/script>","yoast_head_json":{"title":"M\u00e9lange pour diffuseur pr\u00eat \u00e0 l'emploi - Antwerp Luxury Candle Supplies","robots":{"index":"index","follow":"follow","max-snippet":"max-snippet:-1","max-image-preview":"max-image-preview:large","max-video-preview":"max-video-preview:-1"},"canonical":"https:\/\/luxurycandlesupplies.eu\/fr\/produit\/melange-pour-diffuseur-pret-a-lemploi\/","og_locale":"fr_FR","og_type":"article","og_title":"Ready to use 'Diffuser Blend' - Antwerp Luxury Candle Supplies","og_description":"Ready to use 'Diffuser Blend' &nbsp;   We have developed the perfect formula for creating high-quality reed diffusers with ease and consistency. Our ready to use diffuser blend is designed to take the complexity out of diffuser making. No more weighing, calculating or struggling with ratios. Simply add your fragrance oil, mix, pour and your diffuser is ready! This professionally balanced base ensures excellent fragrance diffusion, clarity and stability, giving you a reliable and premium result every time. How to use:Add your chosen fragrance oil to the diffuser blend and mix gently for 2 minutes to ensure an even and stable blend. The exact fragrance percentage depends on the specific perfume and must always be checked in the IFRA document. Under category 10A you will find the maximum allowed fragrance concentration, which can vary per fragrance. Why you will love this blend?\u2022 Ready to use formula\u2022 No weighing or complicated calculations\u2022 Consistent and professional results\u2022 Excellent scent diffusion\u2022 Clear and stable base\u2022 Suitable for a wide range of fragrance oils This diffuser blend allows you to work faster, cleaner and with complete confidence.     &nbsp;","og_url":"https:\/\/luxurycandlesupplies.eu\/fr\/produit\/melange-pour-diffuseur-pret-a-lemploi\/","og_site_name":"Antwerp Luxury Candle Supplies","article_publisher":"https:\/\/www.facebook.com\/Antwerpluxurycandlesupplies\/","article_modified_time":"2026-04-21T09:32:06+00:00","og_image":[{"width":788,"height":836,"url":"https:\/\/luxurycandlesupplies.eu\/app\/uploads\/2026\/01\/DiffuserBase.webp","type":"image\/webp"}],"twitter_card":"summary_large_image","twitter_misc":{"Dur\u00e9e de lecture estim\u00e9e":"2 minutes"},"schema":{"@context":"https:\/\/schema.org","@graph":[{"@type":"WebPage","@id":"https:\/\/luxurycandlesupplies.eu\/product\/ready-to-use-diffuser-blend\/","url":"https:\/\/luxurycandlesupplies.eu\/product\/ready-to-use-diffuser-blend\/","name":"M\u00e9lange pour diffuseur pr\u00eat \u00e0 l'emploi - Antwerp Luxury Candle Supplies","isPartOf":{"@id":"https:\/\/luxurycandlesupplies.eu\/#website"},"primaryImageOfPage":{"@id":"https:\/\/luxurycandlesupplies.eu\/product\/ready-to-use-diffuser-blend\/#primaryimage"},"image":{"@id":"https:\/\/luxurycandlesupplies.eu\/product\/ready-to-use-diffuser-blend\/#primaryimage"},"thumbnailUrl":"https:\/\/luxurycandlesupplies.eu\/app\/uploads\/2026\/01\/DiffuserBase.webp","datePublished":"2026-01-20T10:55:02+00:00","dateModified":"2026-04-21T09:32:06+00:00","breadcrumb":{"@id":"https:\/\/luxurycandlesupplies.eu\/product\/ready-to-use-diffuser-blend\/#breadcrumb"},"inLanguage":"fr-FR","potentialAction":[{"@type":"ReadAction","target":["https:\/\/luxurycandlesupplies.eu\/product\/ready-to-use-diffuser-blend\/"]}]},{"@type":"ImageObject","inLanguage":"fr-FR","@id":"https:\/\/luxurycandlesupplies.eu\/product\/ready-to-use-diffuser-blend\/#primaryimage","url":"https:\/\/luxurycandlesupplies.eu\/app\/uploads\/2026\/01\/DiffuserBase.webp","contentUrl":"https:\/\/luxurycandlesupplies.eu\/app\/uploads\/2026\/01\/DiffuserBase.webp","width":788,"height":836},{"@type":"BreadcrumbList","@id":"https:\/\/luxurycandlesupplies.eu\/product\/ready-to-use-diffuser-blend\/#breadcrumb","itemListElement":[{"@type":"ListItem","position":1,"name":"Home","item":"https:\/\/luxurycandlesupplies.eu\/"},{"@type":"ListItem","position":2,"name":"Shop","item":"https:\/\/luxurycandlesupplies.eu\/shop\/"},{"@type":"ListItem","position":3,"name":"Ready to use &#8216;Diffuser Blend&#8217;"}]},{"@type":"WebSite","@id":"https:\/\/luxurycandlesupplies.eu\/#website","url":"https:\/\/luxurycandlesupplies.eu\/","name":"Anvers Fournitures de bougies de luxe","description":"Distributeur de cire de soja toutes saisons","publisher":{"@id":"https:\/\/luxurycandlesupplies.eu\/#organization"},"potentialAction":[{"@type":"SearchAction","target":{"@type":"EntryPoint","urlTemplate":"https:\/\/luxurycandlesupplies.eu\/?s={search_term_string}"},"query-input":{"@type":"PropertyValueSpecification","valueRequired":true,"valueName":"search_term_string"}}],"inLanguage":"fr-FR"},{"@type":"Organization","@id":"https:\/\/luxurycandlesupplies.eu\/#organization","name":"Anvers Fournitures de bougies de luxe","url":"https:\/\/luxurycandlesupplies.eu\/","logo":{"@type":"ImageObject","inLanguage":"fr-FR","@id":"https:\/\/luxurycandlesupplies.eu\/#\/schema\/logo\/image\/","url":"https:\/\/luxurycandlesupplies.eu\/app\/uploads\/2022\/03\/antwerp-luxury-candle-supplies-1x.png","contentUrl":"https:\/\/luxurycandlesupplies.eu\/app\/uploads\/2022\/03\/antwerp-luxury-candle-supplies-1x.png","width":330,"height":60,"caption":"Antwerp Luxury Candle Supplies"},"image":{"@id":"https:\/\/luxurycandlesupplies.eu\/#\/schema\/logo\/image\/"},"sameAs":["https:\/\/www.facebook.com\/Antwerpluxurycandlesupplies\/","https:\/\/www.instagram.com\/antwerp_luxury_candle_supplies\/","https:\/\/pin.it\/7joOXRW"]}]}},"_links":{"self":[{"href":"https:\/\/luxurycandlesupplies.eu\/fr\/wp-json\/wp\/v2\/product\/27004","targetHints":{"allow":["GET"]}}],"collection":[{"href":"https:\/\/luxurycandlesupplies.eu\/fr\/wp-json\/wp\/v2\/product"}],"about":[{"href":"https:\/\/luxurycandlesupplies.eu\/fr\/wp-json\/wp\/v2\/types\/product"}],"wp:featuredmedia":[{"embeddable":true,"href":"https:\/\/luxurycandlesupplies.eu\/fr\/wp-json\/wp\/v2\/media\/27010"}],"wp:attachment":[{"href":"https:\/\/luxurycandlesupplies.eu\/fr\/wp-json\/wp\/v2\/media?parent=27004"}],"wp:term":[{"taxonomy":"product_brand","embeddable":true,"href":"https:\/\/luxurycandlesupplies.eu\/fr\/wp-json\/wp\/v2\/product_brand?post=27004"},{"taxonomy":"product_cat","embeddable":true,"href":"https:\/\/luxurycandlesupplies.eu\/fr\/wp-json\/wp\/v2\/product_cat?post=27004"},{"taxonomy":"product_tag","embeddable":true,"href":"https:\/\/luxurycandlesupplies.eu\/fr\/wp-json\/wp\/v2\/product_tag?post=27004"}],"curies":[{"name":"wp","href":"https:\/\/api.w.org\/{rel}","templated":true}]}}