{"id":27190,"date":"2026-01-27T13:11:28","date_gmt":"2026-01-27T12:11:28","guid":{"rendered":"https:\/\/luxurycandlesupplies.eu\/?post_type=product&#038;p=27190"},"modified":"2026-05-16T16:08:18","modified_gmt":"2026-05-16T14:08:18","slug":"photophore-leopard","status":"publish","type":"product","link":"https:\/\/luxurycandlesupplies.eu\/fr\/product\/candle-bowl-leopard\/","title":{"rendered":"Grand bol \u00e0 bougie Leopard"},"content":{"rendered":"<h2>Description<\/h2>\n<hr \/>\n<div><\/div>\n<p>Ce bol \u00e0 bougie transparent aux parois \u00e9paisses et \u00e9l\u00e9gantes, dans le populaire imprim\u00e9 l\u00e9opard, est une magnifique pi\u00e8ce ma\u00eetresse pour tout d\u00e9cor. .<\/p>\n<p>&nbsp;<\/p>\n<h3>CARACT\u00c9RISTIQUES TECHNIQUES<\/h3>\n<hr \/>\n<div><\/div>\n<p><strong>Dimensions ext\u00e9rieures de la cuve<\/strong>: 188mm\u00d8 x 95mmH<br \/>\n<strong>Dimensions int\u00e9rieures de la cuve<\/strong>: 179mm\u00d8 x 88mmH<br \/>\n<strong>Capacit\u00e9 du navire<\/strong>: 1700ml<br \/>\n<strong>Poids du verre<\/strong>: 985g<\/p>\n<p><strong>Couvercle adapt\u00e9<\/strong>: N\/A<br \/>\n<strong>Emballage adapt\u00e9<\/strong>: N\/A<br \/>\n<strong>Taille de m\u00e8che sugg\u00e9r\u00e9e<\/strong>*:\u00a0<a href=\"https:\/\/luxurycandlesupplies.eu\/fr\/produit\/meches-de-lcs-55\/\" target=\"_blank\" rel=\"noopener\">M\u00e8che multiple 6 x LCS55<\/a>,\u00a0<a href=\"https:\/\/luxurycandlesupplies.eu\/fr\/produit\/meches-de-lcs-75\/\" target=\"_blank\" rel=\"noopener\">M\u00e8che multiple 4 x LCS75<\/a><br \/>\n*Veuillez noter que la taille des m\u00e8ches n'est qu'une suggestion. Pour des r\u00e9sultats optimaux, nous recommandons aux utilisateurs d'effectuer leurs propres tests avec les diff\u00e9rents m\u00e9langes de cire et d'huile qu'ils ont l'intention d'utiliser.<\/p>\n<p>Disponible en unit\u00e9s individuelles.<br \/>\n<strong>Taille du carton<\/strong>: 6 unit\u00e9s<\/p>\n<p><strong>IMPORTANT !<\/strong>\u00a0Veuillez noter que la photo du produit peut diff\u00e9rer de l'article r\u00e9el en termes de couleur en raison de l'\u00e9clairage et\/ou de la fabrication. En raison de la m\u00e9thode de fabrication souffl\u00e9e \u00e0 la main, de l\u00e9g\u00e8res imperfections et bulles peuvent \u00eatre visibles dans la forme et la finition de la verrerie. Les retours et les \u00e9changes peuvent ne pas \u00eatre accept\u00e9s pour les raisons susmentionn\u00e9es.<\/p>","protected":false},"excerpt":{"rendered":"<h2>Description<\/h2>\n<hr \/>\n<div><\/div>\n<p>Ce bol \u00e0 bougie transparent aux parois \u00e9paisses et \u00e9l\u00e9gantes est une magnifique pi\u00e8ce ma\u00eetresse pour tout d\u00e9cor.<\/p>\n<p>&nbsp;<\/p>\n<h3>CARACT\u00c9RISTIQUES TECHNIQUES<\/h3>\n<hr \/>\n<div><\/div>\n<p><strong>Dimensions ext\u00e9rieures de la cuve<\/strong>: 188mm\u00d8 x 95mmH<br \/>\n<strong>Dimensions int\u00e9rieures de la cuve<\/strong>: 179mm\u00d8 x 88mmH<br \/>\n<strong>Capacit\u00e9 du navire<\/strong>: 1700ml<br \/>\n<strong>Poids du verre<\/strong>: 985g<\/p>\n<p><strong>Couvercle adapt\u00e9<\/strong>: N\/A<br \/>\n<strong>Emballage adapt\u00e9<\/strong>: N\/A<br \/>\n<strong>Taille de m\u00e8che sugg\u00e9r\u00e9e<\/strong>*:\u00a0<a href=\"https:\/\/luxurycandlesupplies.eu\/fr\/produit\/meches-de-lcs-55\/\" target=\"_blank\" rel=\"noopener\">M\u00e8che multiple 6 x LCS55<\/a>,\u00a0<a href=\"https:\/\/luxurycandlesupplies.eu\/fr\/produit\/meches-de-lcs-75\/\" target=\"_blank\" rel=\"noopener\">M\u00e8che multiple 4 x LCS75<\/a><br \/>\n*Veuillez noter que la taille des m\u00e8ches n'est qu'une suggestion. Pour des r\u00e9sultats optimaux, nous recommandons aux utilisateurs d'effectuer leurs propres tests avec les diff\u00e9rents m\u00e9langes de cire et d'huile qu'ils ont l'intention d'utiliser.<\/p>\n<p>Disponible en unit\u00e9s individuelles.<br \/>\n<strong>Taille du carton<\/strong>: 6 unit\u00e9s<\/p>\n<p><strong>IMPORTANT !<\/strong>\u00a0Veuillez noter que la photo du produit peut diff\u00e9rer de l'article r\u00e9el en termes de couleur en raison de l'\u00e9clairage et\/ou de la fabrication. En raison de la m\u00e9thode de fabrication souffl\u00e9e \u00e0 la main, de l\u00e9g\u00e8res imperfections et bulles peuvent \u00eatre visibles dans la forme et la finition de la verrerie. Les retours et les \u00e9changes peuvent ne pas \u00eatre accept\u00e9s pour les raisons susmentionn\u00e9es.<\/p>","protected":false},"featured_media":27923,"template":"","meta":{"_acf_changed":false,"site-sidebar-layout":"default","site-content-layout":"default","ast-site-content-layout":"default","site-content-style":"default","site-sidebar-style":"default","ast-global-header-display":"","ast-banner-title-visibility":"","ast-main-header-display":"","ast-hfb-above-header-display":"","ast-hfb-below-header-display":"","ast-hfb-mobile-header-display":"","site-post-title":"","ast-breadcrumbs-content":"","ast-featured-img":"","footer-sml-layout":"","ast-disable-related-posts":"","theme-transparent-header-meta":"default","adv-header-id-meta":"","stick-header-meta":"","header-above-stick-meta":"","header-main-stick-meta":"","header-below-stick-meta":"","astra-migrate-meta-layouts":"set","ast-page-background-enabled":"default","ast-page-background-meta":{"desktop":{"background-color":"","background-image":"","background-repeat":"repeat","background-position":"center center","background-size":"auto","background-attachment":"scroll","background-type":"","background-media":"","overlay-type":"","overlay-color":"","overlay-opacity":"","overlay-gradient":""},"tablet":{"background-color":"","background-image":"","background-repeat":"repeat","background-position":"center center","background-size":"auto","background-attachment":"scroll","background-type":"","background-media":"","overlay-type":"","overlay-color":"","overlay-opacity":"","overlay-gradient":""},"mobile":{"background-color":"","background-image":"","background-repeat":"repeat","background-position":"center center","background-size":"auto","background-attachment":"scroll","background-type":"","background-media":"","overlay-type":"","overlay-color":"","overlay-opacity":"","overlay-gradient":""}},"ast-content-background-meta":{"desktop":{"background-color":"var(--ast-global-color-5)","background-image":"","background-repeat":"repeat","background-position":"center center","background-size":"auto","background-attachment":"scroll","background-type":"","background-media":"","overlay-type":"","overlay-color":"","overlay-opacity":"","overlay-gradient":""},"tablet":{"background-color":"var(--ast-global-color-5)","background-image":"","background-repeat":"repeat","background-position":"center center","background-size":"auto","background-attachment":"scroll","background-type":"","background-media":"","overlay-type":"","overlay-color":"","overlay-opacity":"","overlay-gradient":""},"mobile":{"background-color":"var(--ast-global-color-5)","background-image":"","background-repeat":"repeat","background-position":"center center","background-size":"auto","background-attachment":"scroll","background-type":"","background-media":"","overlay-type":"","overlay-color":"","overlay-opacity":"","overlay-gradient":""}}},"product_brand":[],"product_cat":[1594,67],"product_tag":[1595,427,112],"class_list":{"0":"post-27190","1":"product","2":"type-product","3":"status-publish","4":"has-post-thumbnail","6":"product_cat-candle-bowl-colllection","7":"product_cat-candlejars","8":"product_tag-bowl","9":"product_tag-large","10":"product_tag-leopard","11":"desktop-align-left","12":"tablet-align-left","13":"mobile-align-left","14":"ast-product-gallery-layout-horizontal-slider","15":"ast-product-tabs-layout-horizontal","17":"first","18":"instock","19":"taxable","20":"shipping-taxable","21":"purchasable","22":"product-type-simple"},"acf":[],"yoast_head":"<title>Large Candle Bowl Leopard - Antwerp Luxury Candle Supplies<\/title>\n<meta name=\"robots\" content=\"index, follow, max-snippet:-1, max-image-preview:large, max-video-preview:-1\" \/>\n<link rel=\"canonical\" href=\"https:\/\/luxurycandlesupplies.eu\/fr\/produit\/photophore-leopard\/\" \/>\n<meta property=\"og:locale\" content=\"fr_FR\" \/>\n<meta property=\"og:type\" content=\"article\" \/>\n<meta property=\"og:title\" content=\"Large Candle Bowl Leopard - Antwerp Luxury Candle Supplies\" \/>\n<meta property=\"og:description\" content=\"Description     This sleek thick walled clear candle bowl is a beautiful centrepiece for any decor .  &nbsp; SPECIFICATIONS     External Vessel Dimensions: 188mm\u00d8 x 95mmH Internal Vessel Dimensions: 179mm\u00d8 x 88mmH Vessel Capacity: 1700ml Glass Weight: 985g  Suitable Lid: N\/A Suitable Packaging: N\/A Suggested Wick Size*:\u00a0Multi wicking 6 x LCS55,\u00a0Multi wicking 4 x LCS75 *Please note, wick sizes are suggestions only. For optimum results, we recommend users conduct their own wick tests with different blends of wax and oils that they intend to use.  Available in single units. Carton size: 6 units  IMPORTANT!\u00a0Please note, product photo may differ from actual item in terms of colour due to lighting and\/or manufacturing. Due to the hand blown method of manufacturing, slight imperfections and bubbles may be visible in the glassware shape and finish. Returns and exchanges may not be accepted for any reasons above.\" \/>\n<meta property=\"og:url\" content=\"https:\/\/luxurycandlesupplies.eu\/fr\/produit\/photophore-leopard\/\" \/>\n<meta property=\"og:site_name\" content=\"Antwerp Luxury Candle Supplies\" \/>\n<meta property=\"article:publisher\" content=\"https:\/\/www.facebook.com\/Antwerpluxurycandlesupplies\/\" \/>\n<meta property=\"article:modified_time\" content=\"2026-05-16T14:08:18+00:00\" \/>\n<meta property=\"og:image\" content=\"https:\/\/luxurycandlesupplies.eu\/app\/uploads\/2026\/01\/Luxurycandlesupplies7551-web.jpg\" \/>\n\t<meta property=\"og:image:width\" content=\"2000\" \/>\n\t<meta property=\"og:image:height\" content=\"2000\" \/>\n\t<meta property=\"og:image:type\" content=\"image\/jpeg\" \/>\n<meta name=\"twitter:card\" content=\"summary_large_image\" \/>\n<meta name=\"twitter:label1\" content=\"Dur\u00e9e de lecture estim\u00e9e\" \/>\n\t<meta name=\"twitter:data1\" content=\"1 minute\" \/>\n<script type=\"application\/ld+json\" class=\"yoast-schema-graph\">{\"@context\":\"https:\\\/\\\/schema.org\",\"@graph\":[{\"@type\":\"WebPage\",\"@id\":\"https:\\\/\\\/luxurycandlesupplies.eu\\\/product\\\/candle-bowl-leopard\\\/\",\"url\":\"https:\\\/\\\/luxurycandlesupplies.eu\\\/product\\\/candle-bowl-leopard\\\/\",\"name\":\"Large Candle Bowl Leopard - Antwerp Luxury Candle Supplies\",\"isPartOf\":{\"@id\":\"https:\\\/\\\/luxurycandlesupplies.eu\\\/#website\"},\"primaryImageOfPage\":{\"@id\":\"https:\\\/\\\/luxurycandlesupplies.eu\\\/product\\\/candle-bowl-leopard\\\/#primaryimage\"},\"image\":{\"@id\":\"https:\\\/\\\/luxurycandlesupplies.eu\\\/product\\\/candle-bowl-leopard\\\/#primaryimage\"},\"thumbnailUrl\":\"https:\\\/\\\/luxurycandlesupplies.eu\\\/app\\\/uploads\\\/2026\\\/01\\\/Luxurycandlesupplies7551-web.jpg\",\"datePublished\":\"2026-01-27T12:11:28+00:00\",\"dateModified\":\"2026-05-16T14:08:18+00:00\",\"breadcrumb\":{\"@id\":\"https:\\\/\\\/luxurycandlesupplies.eu\\\/product\\\/candle-bowl-leopard\\\/#breadcrumb\"},\"inLanguage\":\"fr-FR\",\"potentialAction\":[{\"@type\":\"ReadAction\",\"target\":[\"https:\\\/\\\/luxurycandlesupplies.eu\\\/product\\\/candle-bowl-leopard\\\/\"]}]},{\"@type\":\"ImageObject\",\"inLanguage\":\"fr-FR\",\"@id\":\"https:\\\/\\\/luxurycandlesupplies.eu\\\/product\\\/candle-bowl-leopard\\\/#primaryimage\",\"url\":\"https:\\\/\\\/luxurycandlesupplies.eu\\\/app\\\/uploads\\\/2026\\\/01\\\/Luxurycandlesupplies7551-web.jpg\",\"contentUrl\":\"https:\\\/\\\/luxurycandlesupplies.eu\\\/app\\\/uploads\\\/2026\\\/01\\\/Luxurycandlesupplies7551-web.jpg\",\"width\":2000,\"height\":2000},{\"@type\":\"BreadcrumbList\",\"@id\":\"https:\\\/\\\/luxurycandlesupplies.eu\\\/product\\\/candle-bowl-leopard\\\/#breadcrumb\",\"itemListElement\":[{\"@type\":\"ListItem\",\"position\":1,\"name\":\"Home\",\"item\":\"https:\\\/\\\/luxurycandlesupplies.eu\\\/\"},{\"@type\":\"ListItem\",\"position\":2,\"name\":\"Shop\",\"item\":\"https:\\\/\\\/luxurycandlesupplies.eu\\\/shop\\\/\"},{\"@type\":\"ListItem\",\"position\":3,\"name\":\"Large Candle Bowl Leopard\"}]},{\"@type\":\"WebSite\",\"@id\":\"https:\\\/\\\/luxurycandlesupplies.eu\\\/#website\",\"url\":\"https:\\\/\\\/luxurycandlesupplies.eu\\\/\",\"name\":\"Antwerp Luxury Candle Supplies\",\"description\":\"Distributor of all seasons soy wax\",\"publisher\":{\"@id\":\"https:\\\/\\\/luxurycandlesupplies.eu\\\/#organization\"},\"potentialAction\":[{\"@type\":\"SearchAction\",\"target\":{\"@type\":\"EntryPoint\",\"urlTemplate\":\"https:\\\/\\\/luxurycandlesupplies.eu\\\/?s={search_term_string}\"},\"query-input\":{\"@type\":\"PropertyValueSpecification\",\"valueRequired\":true,\"valueName\":\"search_term_string\"}}],\"inLanguage\":\"fr-FR\"},{\"@type\":\"Organization\",\"@id\":\"https:\\\/\\\/luxurycandlesupplies.eu\\\/#organization\",\"name\":\"Antwerp Luxury Candle Supplies\",\"url\":\"https:\\\/\\\/luxurycandlesupplies.eu\\\/\",\"logo\":{\"@type\":\"ImageObject\",\"inLanguage\":\"fr-FR\",\"@id\":\"https:\\\/\\\/luxurycandlesupplies.eu\\\/#\\\/schema\\\/logo\\\/image\\\/\",\"url\":\"https:\\\/\\\/luxurycandlesupplies.eu\\\/app\\\/uploads\\\/2022\\\/03\\\/antwerp-luxury-candle-supplies-1x.png\",\"contentUrl\":\"https:\\\/\\\/luxurycandlesupplies.eu\\\/app\\\/uploads\\\/2022\\\/03\\\/antwerp-luxury-candle-supplies-1x.png\",\"width\":330,\"height\":60,\"caption\":\"Antwerp Luxury Candle Supplies\"},\"image\":{\"@id\":\"https:\\\/\\\/luxurycandlesupplies.eu\\\/#\\\/schema\\\/logo\\\/image\\\/\"},\"sameAs\":[\"https:\\\/\\\/www.facebook.com\\\/Antwerpluxurycandlesupplies\\\/\",\"https:\\\/\\\/www.instagram.com\\\/antwerp_luxury_candle_supplies\\\/\",\"https:\\\/\\\/pin.it\\\/7joOXRW\"]}]}<\/script>","yoast_head_json":{"title":"Grand bol \u00e0 bougie Leopard - Antwerp Luxury Candle Supplies","robots":{"index":"index","follow":"follow","max-snippet":"max-snippet:-1","max-image-preview":"max-image-preview:large","max-video-preview":"max-video-preview:-1"},"canonical":"https:\/\/luxurycandlesupplies.eu\/fr\/produit\/photophore-leopard\/","og_locale":"fr_FR","og_type":"article","og_title":"Large Candle Bowl Leopard - Antwerp Luxury Candle Supplies","og_description":"Description     This sleek thick walled clear candle bowl is a beautiful centrepiece for any decor .  &nbsp; SPECIFICATIONS     External Vessel Dimensions: 188mm\u00d8 x 95mmH Internal Vessel Dimensions: 179mm\u00d8 x 88mmH Vessel Capacity: 1700ml Glass Weight: 985g  Suitable Lid: N\/A Suitable Packaging: N\/A Suggested Wick Size*:\u00a0Multi wicking 6 x LCS55,\u00a0Multi wicking 4 x LCS75 *Please note, wick sizes are suggestions only. For optimum results, we recommend users conduct their own wick tests with different blends of wax and oils that they intend to use.  Available in single units. Carton size: 6 units  IMPORTANT!\u00a0Please note, product photo may differ from actual item in terms of colour due to lighting and\/or manufacturing. Due to the hand blown method of manufacturing, slight imperfections and bubbles may be visible in the glassware shape and finish. Returns and exchanges may not be accepted for any reasons above.","og_url":"https:\/\/luxurycandlesupplies.eu\/fr\/produit\/photophore-leopard\/","og_site_name":"Antwerp Luxury Candle Supplies","article_publisher":"https:\/\/www.facebook.com\/Antwerpluxurycandlesupplies\/","article_modified_time":"2026-05-16T14:08:18+00:00","og_image":[{"width":2000,"height":2000,"url":"https:\/\/luxurycandlesupplies.eu\/app\/uploads\/2026\/01\/Luxurycandlesupplies7551-web.jpg","type":"image\/jpeg"}],"twitter_card":"summary_large_image","twitter_misc":{"Dur\u00e9e de lecture estim\u00e9e":"1 minute"},"schema":{"@context":"https:\/\/schema.org","@graph":[{"@type":"WebPage","@id":"https:\/\/luxurycandlesupplies.eu\/product\/candle-bowl-leopard\/","url":"https:\/\/luxurycandlesupplies.eu\/product\/candle-bowl-leopard\/","name":"Grand bol \u00e0 bougie Leopard - Antwerp Luxury Candle Supplies","isPartOf":{"@id":"https:\/\/luxurycandlesupplies.eu\/#website"},"primaryImageOfPage":{"@id":"https:\/\/luxurycandlesupplies.eu\/product\/candle-bowl-leopard\/#primaryimage"},"image":{"@id":"https:\/\/luxurycandlesupplies.eu\/product\/candle-bowl-leopard\/#primaryimage"},"thumbnailUrl":"https:\/\/luxurycandlesupplies.eu\/app\/uploads\/2026\/01\/Luxurycandlesupplies7551-web.jpg","datePublished":"2026-01-27T12:11:28+00:00","dateModified":"2026-05-16T14:08:18+00:00","breadcrumb":{"@id":"https:\/\/luxurycandlesupplies.eu\/product\/candle-bowl-leopard\/#breadcrumb"},"inLanguage":"fr-FR","potentialAction":[{"@type":"ReadAction","target":["https:\/\/luxurycandlesupplies.eu\/product\/candle-bowl-leopard\/"]}]},{"@type":"ImageObject","inLanguage":"fr-FR","@id":"https:\/\/luxurycandlesupplies.eu\/product\/candle-bowl-leopard\/#primaryimage","url":"https:\/\/luxurycandlesupplies.eu\/app\/uploads\/2026\/01\/Luxurycandlesupplies7551-web.jpg","contentUrl":"https:\/\/luxurycandlesupplies.eu\/app\/uploads\/2026\/01\/Luxurycandlesupplies7551-web.jpg","width":2000,"height":2000},{"@type":"BreadcrumbList","@id":"https:\/\/luxurycandlesupplies.eu\/product\/candle-bowl-leopard\/#breadcrumb","itemListElement":[{"@type":"ListItem","position":1,"name":"Home","item":"https:\/\/luxurycandlesupplies.eu\/"},{"@type":"ListItem","position":2,"name":"Shop","item":"https:\/\/luxurycandlesupplies.eu\/shop\/"},{"@type":"ListItem","position":3,"name":"Large Candle Bowl Leopard"}]},{"@type":"WebSite","@id":"https:\/\/luxurycandlesupplies.eu\/#website","url":"https:\/\/luxurycandlesupplies.eu\/","name":"Anvers Fournitures de bougies de luxe","description":"Distributeur de cire de soja toutes saisons","publisher":{"@id":"https:\/\/luxurycandlesupplies.eu\/#organization"},"potentialAction":[{"@type":"SearchAction","target":{"@type":"EntryPoint","urlTemplate":"https:\/\/luxurycandlesupplies.eu\/?s={search_term_string}"},"query-input":{"@type":"PropertyValueSpecification","valueRequired":true,"valueName":"search_term_string"}}],"inLanguage":"fr-FR"},{"@type":"Organization","@id":"https:\/\/luxurycandlesupplies.eu\/#organization","name":"Anvers Fournitures de bougies de luxe","url":"https:\/\/luxurycandlesupplies.eu\/","logo":{"@type":"ImageObject","inLanguage":"fr-FR","@id":"https:\/\/luxurycandlesupplies.eu\/#\/schema\/logo\/image\/","url":"https:\/\/luxurycandlesupplies.eu\/app\/uploads\/2022\/03\/antwerp-luxury-candle-supplies-1x.png","contentUrl":"https:\/\/luxurycandlesupplies.eu\/app\/uploads\/2022\/03\/antwerp-luxury-candle-supplies-1x.png","width":330,"height":60,"caption":"Antwerp Luxury Candle Supplies"},"image":{"@id":"https:\/\/luxurycandlesupplies.eu\/#\/schema\/logo\/image\/"},"sameAs":["https:\/\/www.facebook.com\/Antwerpluxurycandlesupplies\/","https:\/\/www.instagram.com\/antwerp_luxury_candle_supplies\/","https:\/\/pin.it\/7joOXRW"]}]}},"_links":{"self":[{"href":"https:\/\/luxurycandlesupplies.eu\/fr\/wp-json\/wp\/v2\/product\/27190","targetHints":{"allow":["GET"]}}],"collection":[{"href":"https:\/\/luxurycandlesupplies.eu\/fr\/wp-json\/wp\/v2\/product"}],"about":[{"href":"https:\/\/luxurycandlesupplies.eu\/fr\/wp-json\/wp\/v2\/types\/product"}],"wp:featuredmedia":[{"embeddable":true,"href":"https:\/\/luxurycandlesupplies.eu\/fr\/wp-json\/wp\/v2\/media\/27923"}],"wp:attachment":[{"href":"https:\/\/luxurycandlesupplies.eu\/fr\/wp-json\/wp\/v2\/media?parent=27190"}],"wp:term":[{"taxonomy":"product_brand","embeddable":true,"href":"https:\/\/luxurycandlesupplies.eu\/fr\/wp-json\/wp\/v2\/product_brand?post=27190"},{"taxonomy":"product_cat","embeddable":true,"href":"https:\/\/luxurycandlesupplies.eu\/fr\/wp-json\/wp\/v2\/product_cat?post=27190"},{"taxonomy":"product_tag","embeddable":true,"href":"https:\/\/luxurycandlesupplies.eu\/fr\/wp-json\/wp\/v2\/product_tag?post=27190"}],"curies":[{"name":"wp","href":"https:\/\/api.w.org\/{rel}","templated":true}]}}