{"id":2888,"date":"2022-10-27T13:28:08","date_gmt":"2022-10-27T11:28:08","guid":{"rendered":"https:\/\/luxurycandlesupplies.eu\/?post_type=product&#038;p=2888"},"modified":"2026-05-12T16:08:47","modified_gmt":"2026-05-12T14:08:47","slug":"grand-vogue-dalmation-390ml","status":"publish","type":"product","link":"https:\/\/luxurycandlesupplies.eu\/fr\/product\/large-vogue-dalmation-390ml\/","title":{"rendered":"Grand Vogue - Dalmatian - 390ml"},"content":{"rendered":"<h4>DESCRIPTION<\/h4>\n<div class=\"product info detailed after-content\">\n<div class=\"product data items\">\n<div class=\"product-data-items-content\">\n<div id=\"attributedescription\" class=\"data item content\" role=\"tabpanel\" data-role=\"content\" aria-labelledby=\"tab-label-attributedescription\" aria-hidden=\"false\">\n<div class=\"product attribute description\">\n<div class=\"value\">\n<p>La ligne Vogue incarne le style avec sa finition \u00e9l\u00e9gante et son fond arrondi. Ce r\u00e9cipient ne serait pas d\u00e9plac\u00e9 dans la vitrine d'une boutique haut de gamme.<\/p>\n<p>Ces navires ont obtenu des r\u00e9sultats extraordinaires lors des tests de march\u00e9 - ils sont vraiment appr\u00e9ci\u00e9s de tous.<\/p>\n<p>Comme pour tous nos pots, la gamme de verre de Luxury Candle Supplies utilise un processus de production par moulage manuel plut\u00f4t que par soufflage ou automatisation. Cela garantit que notre gamme de verre est plus solide, plus s\u00fbre et plus r\u00e9sistante \u00e0 la chaleur que d'autres sur le march\u00e9.<\/p>\n<p>Gr\u00e2ce \u00e0 une clart\u00e9 in\u00e9gal\u00e9e et uniforme dans toute notre gamme de verres, les incoh\u00e9rences font partie du pass\u00e9.<\/p>\n<p><strong>IMPORTANT !<\/strong> Veuillez noter que la photo du produit peut diff\u00e9rer de l'article r\u00e9el en termes de couleur en raison de l'\u00e9clairage et\/ou de la fabrication. En raison du processus de fabrication \u00e0 la main, chaque r\u00e9cipient aura un motif unique et de l\u00e9g\u00e8res diff\u00e9rences dans la forme de la verrerie peuvent \u00eatre visibles.<\/p>\n<p>&nbsp;<\/p>\n<\/div>\n<\/div>\n<\/div>\n<\/div>\n<\/div>\n<\/div>","protected":false},"excerpt":{"rendered":"<h3>SPECIFICATION<\/h3>\n<p><strong>Dimensions ext\u00e9rieures de la cuve<\/strong>: 95 mm de large x 105 mm de haut<br \/>\n<strong>Dimensions int\u00e9rieures de la cuve<\/strong>: 85 mm de large x 94 mm de haut<br \/>\n<strong>Capacit\u00e9 du navire<\/strong>: 390ml<br \/>\n<strong>Poids du verre<\/strong>: 500g<\/p>\n<p><strong>Couvercle adapt\u00e9<\/strong>: <a href=\"https:\/\/luxurycandlesupplies.eu\/fr\/produit\/grand-couvercle-en-bois-silicone\/\">Grands couvercles en bois<\/a>\u00a0 \u00a0-\u00a0 \u00a0 <a href=\"https:\/\/luxurycandlesupplies.eu\/fr\/categorie-de-produits\/photophores\/collection-vogue\/couvercles-de-bougies\/\">Grands couvercles en plastique<\/a><\/p>\n<p>IMPORTANT : En raison du processus de fabrication \u00e0 la main, l'ajustement de chaque couvercle peut varier en fonction de la forme exclusive du bord du r\u00e9cipient.)<\/p>\n<p><strong>Emballage adapt\u00e9<\/strong>: Smart Box Large, Cylinder Box Large, Flatpack Box Large<\/p>\n<p><strong>Taille de m\u00e8che sugg\u00e9r\u00e9e<\/strong>*: <a href=\"https:\/\/luxurycandlesupplies.eu\/fr\/produit\/meches-de-lcs-85\/\">LCS85<\/a>, <a href=\"https:\/\/luxurycandlesupplies.eu\/fr\/produit\/meches-de-lcs-90\/\">LCS90<\/a>, <a href=\"https:\/\/luxurycandlesupplies.eu\/fr\/produit\/meches-de-lcs-100\/\">LCS100<\/a>, <a href=\"https:\/\/luxurycandlesupplies.eu\/fr\/produit\/meche-en-bois-dubbel-16-x-150-mm\/\" target=\"_blank\" rel=\"noopener\">M\u00e8che de bois double couche 16mm x 150mm<\/a>, <a href=\"https:\/\/luxurycandlesupplies.eu\/fr\/produit\/meche-en-bois-s-wave-30-x-120-mm\/\">M\u00e8che en bois S Wave 30mm x 120mm<\/a><br \/>\n*Veuillez noter que la taille des m\u00e8ches n'est qu'une suggestion. Pour des r\u00e9sultats optimaux, nous recommandons aux utilisateurs d'effectuer leurs propres tests avec les diff\u00e9rents m\u00e9langes de cire et d'huile qu'ils ont l'intention d'utiliser.<\/p>\n<p>Disponible en unit\u00e9s individuelles.<br \/>\n<strong>Taille du carton<\/strong>: 24 unit\u00e9s<\/p>\n<p><strong>IMPORTANT !<\/strong> Veuillez noter que la photo du produit peut diff\u00e9rer de l'article r\u00e9el en termes de couleur en raison de l'\u00e9clairage et\/ou de la fabrication. En raison du processus de fabrication \u00e0 la main, chaque r\u00e9cipient aura un motif unique et de l\u00e9g\u00e8res diff\u00e9rences dans la forme de la verrerie peuvent \u00eatre visibles.<\/p>\n<p>&nbsp;<\/p>","protected":false},"featured_media":22673,"template":"","meta":{"_acf_changed":false,"site-sidebar-layout":"default","site-content-layout":"default","ast-site-content-layout":"default","site-content-style":"default","site-sidebar-style":"default","ast-global-header-display":"","ast-banner-title-visibility":"","ast-main-header-display":"","ast-hfb-above-header-display":"","ast-hfb-below-header-display":"","ast-hfb-mobile-header-display":"","site-post-title":"","ast-breadcrumbs-content":"","ast-featured-img":"","footer-sml-layout":"","ast-disable-related-posts":"","theme-transparent-header-meta":"default","adv-header-id-meta":"","stick-header-meta":"","header-above-stick-meta":"","header-main-stick-meta":"","header-below-stick-meta":"","astra-migrate-meta-layouts":"set","ast-page-background-enabled":"default","ast-page-background-meta":{"desktop":{"background-color":"","background-image":"","background-repeat":"repeat","background-position":"center center","background-size":"auto","background-attachment":"scroll","background-type":"","background-media":"","overlay-type":"","overlay-color":"","overlay-opacity":"","overlay-gradient":""},"tablet":{"background-color":"","background-image":"","background-repeat":"repeat","background-position":"center center","background-size":"auto","background-attachment":"scroll","background-type":"","background-media":"","overlay-type":"","overlay-color":"","overlay-opacity":"","overlay-gradient":""},"mobile":{"background-color":"","background-image":"","background-repeat":"repeat","background-position":"center center","background-size":"auto","background-attachment":"scroll","background-type":"","background-media":"","overlay-type":"","overlay-color":"","overlay-opacity":"","overlay-gradient":""}},"ast-content-background-meta":{"desktop":{"background-color":"var(--ast-global-color-5)","background-image":"","background-repeat":"repeat","background-position":"center center","background-size":"auto","background-attachment":"scroll","background-type":"","background-media":"","overlay-type":"","overlay-color":"","overlay-opacity":"","overlay-gradient":""},"tablet":{"background-color":"var(--ast-global-color-5)","background-image":"","background-repeat":"repeat","background-position":"center center","background-size":"auto","background-attachment":"scroll","background-type":"","background-media":"","overlay-type":"","overlay-color":"","overlay-opacity":"","overlay-gradient":""},"mobile":{"background-color":"var(--ast-global-color-5)","background-image":"","background-repeat":"repeat","background-position":"center center","background-size":"auto","background-attachment":"scroll","background-type":"","background-media":"","overlay-type":"","overlay-color":"","overlay-opacity":"","overlay-gradient":""}}},"product_brand":[],"product_cat":[359,70],"product_tag":[348,137,96],"class_list":{"0":"post-2888","1":"product","2":"type-product","3":"status-publish","4":"has-post-thumbnail","6":"product_cat-dalamatian-collection","7":"product_cat-vogue-large","8":"product_tag-dalmatian","9":"product_tag-large-vogue","10":"product_tag-vogue","11":"desktop-align-left","12":"tablet-align-left","13":"mobile-align-left","14":"ast-product-gallery-layout-horizontal-slider","15":"ast-product-tabs-layout-horizontal","17":"first","18":"instock","19":"taxable","20":"shipping-taxable","21":"purchasable","22":"product-type-simple"},"acf":[],"yoast_head":"<title>Large Vogue - Dalmatian - 390ml - Antwerp Luxury Candle Supplies<\/title>\n<meta name=\"robots\" content=\"index, follow, max-snippet:-1, max-image-preview:large, max-video-preview:-1\" \/>\n<link rel=\"canonical\" href=\"https:\/\/luxurycandlesupplies.eu\/fr\/produit\/grand-vogue-dalmation-390ml\/\" \/>\n<meta property=\"og:locale\" content=\"fr_FR\" \/>\n<meta property=\"og:type\" content=\"article\" \/>\n<meta property=\"og:title\" content=\"Large Vogue - Dalmatian - 390ml - Antwerp Luxury Candle Supplies\" \/>\n<meta property=\"og:description\" content=\"SPECIFICATION External Vessel Dimensions: 95mmW x 105mmH Internal Vessel Dimensions: 85mmW x 94mm Vessel Capacity: 390ml Glass Weight: 500g  Suitable Lid: Large Wood Lids\u00a0 \u00a0-\u00a0 \u00a0 Large Plastic Lids  IMPORTANT: Please be aware, due to the hand made manufacturing process, the fitting of each lid may vary pending the exclusive shape of the vessel\u2019s rim)  Suitable Packaging: Smart Box Large, Cylinder Box Large, Flatpack Box Large  Suggested Wick Size*: LCS85, LCS90, LCS100, Double Layered Wood Wick 16mm x 150mm, S Wave Wood Wick 30mm x 120mm *Please note, wick sizes are suggestions only. For optimum results, we recommend users conduct their own wick tests with different blends of wax and oils that they intend to use.  Available in single units. Carton size: 24 units  IMPORTANT! Please note, product photo may differ from actual item in terms of colour due to lighting and\/or manufacturing. Due to the hand made manufacturing process, each vessel will be uniquely patterned and slight differences in glassware shape may be visible.  &nbsp;\" \/>\n<meta property=\"og:url\" content=\"https:\/\/luxurycandlesupplies.eu\/fr\/produit\/grand-vogue-dalmation-390ml\/\" \/>\n<meta property=\"og:site_name\" content=\"Antwerp Luxury Candle Supplies\" \/>\n<meta property=\"article:publisher\" content=\"https:\/\/www.facebook.com\/Antwerpluxurycandlesupplies\/\" \/>\n<meta property=\"article:modified_time\" content=\"2026-05-12T14:08:47+00:00\" \/>\n<meta property=\"og:image\" content=\"https:\/\/luxurycandlesupplies.eu\/app\/uploads\/2024\/06\/1-8.jpg\" \/>\n\t<meta property=\"og:image:width\" content=\"1000\" \/>\n\t<meta property=\"og:image:height\" content=\"1000\" \/>\n\t<meta property=\"og:image:type\" content=\"image\/jpeg\" \/>\n<meta name=\"twitter:card\" content=\"summary_large_image\" \/>\n<meta name=\"twitter:label1\" content=\"Dur\u00e9e de lecture estim\u00e9e\" \/>\n\t<meta name=\"twitter:data1\" content=\"1 minute\" \/>\n<script type=\"application\/ld+json\" class=\"yoast-schema-graph\">{\"@context\":\"https:\\\/\\\/schema.org\",\"@graph\":[{\"@type\":\"WebPage\",\"@id\":\"https:\\\/\\\/luxurycandlesupplies.eu\\\/product\\\/large-vogue-dalmation-390ml\\\/\",\"url\":\"https:\\\/\\\/luxurycandlesupplies.eu\\\/product\\\/large-vogue-dalmation-390ml\\\/\",\"name\":\"Large Vogue - Dalmatian - 390ml - Antwerp Luxury Candle Supplies\",\"isPartOf\":{\"@id\":\"https:\\\/\\\/luxurycandlesupplies.eu\\\/#website\"},\"primaryImageOfPage\":{\"@id\":\"https:\\\/\\\/luxurycandlesupplies.eu\\\/product\\\/large-vogue-dalmation-390ml\\\/#primaryimage\"},\"image\":{\"@id\":\"https:\\\/\\\/luxurycandlesupplies.eu\\\/product\\\/large-vogue-dalmation-390ml\\\/#primaryimage\"},\"thumbnailUrl\":\"https:\\\/\\\/luxurycandlesupplies.eu\\\/app\\\/uploads\\\/2024\\\/06\\\/1-8.jpg\",\"datePublished\":\"2022-10-27T11:28:08+00:00\",\"dateModified\":\"2026-05-12T14:08:47+00:00\",\"breadcrumb\":{\"@id\":\"https:\\\/\\\/luxurycandlesupplies.eu\\\/product\\\/large-vogue-dalmation-390ml\\\/#breadcrumb\"},\"inLanguage\":\"fr-FR\",\"potentialAction\":[{\"@type\":\"ReadAction\",\"target\":[\"https:\\\/\\\/luxurycandlesupplies.eu\\\/product\\\/large-vogue-dalmation-390ml\\\/\"]}]},{\"@type\":\"ImageObject\",\"inLanguage\":\"fr-FR\",\"@id\":\"https:\\\/\\\/luxurycandlesupplies.eu\\\/product\\\/large-vogue-dalmation-390ml\\\/#primaryimage\",\"url\":\"https:\\\/\\\/luxurycandlesupplies.eu\\\/app\\\/uploads\\\/2024\\\/06\\\/1-8.jpg\",\"contentUrl\":\"https:\\\/\\\/luxurycandlesupplies.eu\\\/app\\\/uploads\\\/2024\\\/06\\\/1-8.jpg\",\"width\":1000,\"height\":1000},{\"@type\":\"BreadcrumbList\",\"@id\":\"https:\\\/\\\/luxurycandlesupplies.eu\\\/product\\\/large-vogue-dalmation-390ml\\\/#breadcrumb\",\"itemListElement\":[{\"@type\":\"ListItem\",\"position\":1,\"name\":\"Home\",\"item\":\"https:\\\/\\\/luxurycandlesupplies.eu\\\/\"},{\"@type\":\"ListItem\",\"position\":2,\"name\":\"Shop\",\"item\":\"https:\\\/\\\/luxurycandlesupplies.eu\\\/shop\\\/\"},{\"@type\":\"ListItem\",\"position\":3,\"name\":\"Large Vogue &#8211; Dalmatian &#8211; 390ml\"}]},{\"@type\":\"WebSite\",\"@id\":\"https:\\\/\\\/luxurycandlesupplies.eu\\\/#website\",\"url\":\"https:\\\/\\\/luxurycandlesupplies.eu\\\/\",\"name\":\"Antwerp Luxury Candle Supplies\",\"description\":\"Distributor of all seasons soy wax\",\"publisher\":{\"@id\":\"https:\\\/\\\/luxurycandlesupplies.eu\\\/#organization\"},\"potentialAction\":[{\"@type\":\"SearchAction\",\"target\":{\"@type\":\"EntryPoint\",\"urlTemplate\":\"https:\\\/\\\/luxurycandlesupplies.eu\\\/?s={search_term_string}\"},\"query-input\":{\"@type\":\"PropertyValueSpecification\",\"valueRequired\":true,\"valueName\":\"search_term_string\"}}],\"inLanguage\":\"fr-FR\"},{\"@type\":\"Organization\",\"@id\":\"https:\\\/\\\/luxurycandlesupplies.eu\\\/#organization\",\"name\":\"Antwerp Luxury Candle Supplies\",\"url\":\"https:\\\/\\\/luxurycandlesupplies.eu\\\/\",\"logo\":{\"@type\":\"ImageObject\",\"inLanguage\":\"fr-FR\",\"@id\":\"https:\\\/\\\/luxurycandlesupplies.eu\\\/#\\\/schema\\\/logo\\\/image\\\/\",\"url\":\"https:\\\/\\\/luxurycandlesupplies.eu\\\/app\\\/uploads\\\/2022\\\/03\\\/antwerp-luxury-candle-supplies-1x.png\",\"contentUrl\":\"https:\\\/\\\/luxurycandlesupplies.eu\\\/app\\\/uploads\\\/2022\\\/03\\\/antwerp-luxury-candle-supplies-1x.png\",\"width\":330,\"height\":60,\"caption\":\"Antwerp Luxury Candle Supplies\"},\"image\":{\"@id\":\"https:\\\/\\\/luxurycandlesupplies.eu\\\/#\\\/schema\\\/logo\\\/image\\\/\"},\"sameAs\":[\"https:\\\/\\\/www.facebook.com\\\/Antwerpluxurycandlesupplies\\\/\",\"https:\\\/\\\/www.instagram.com\\\/antwerp_luxury_candle_supplies\\\/\",\"https:\\\/\\\/pin.it\\\/7joOXRW\"]}]}<\/script>","yoast_head_json":{"title":"Large Vogue - Dalmatian - 390ml - Antwerp Luxury Candle Supplies","robots":{"index":"index","follow":"follow","max-snippet":"max-snippet:-1","max-image-preview":"max-image-preview:large","max-video-preview":"max-video-preview:-1"},"canonical":"https:\/\/luxurycandlesupplies.eu\/fr\/produit\/grand-vogue-dalmation-390ml\/","og_locale":"fr_FR","og_type":"article","og_title":"Large Vogue - Dalmatian - 390ml - Antwerp Luxury Candle Supplies","og_description":"SPECIFICATION External Vessel Dimensions: 95mmW x 105mmH Internal Vessel Dimensions: 85mmW x 94mm Vessel Capacity: 390ml Glass Weight: 500g  Suitable Lid: Large Wood Lids\u00a0 \u00a0-\u00a0 \u00a0 Large Plastic Lids  IMPORTANT: Please be aware, due to the hand made manufacturing process, the fitting of each lid may vary pending the exclusive shape of the vessel\u2019s rim)  Suitable Packaging: Smart Box Large, Cylinder Box Large, Flatpack Box Large  Suggested Wick Size*: LCS85, LCS90, LCS100, Double Layered Wood Wick 16mm x 150mm, S Wave Wood Wick 30mm x 120mm *Please note, wick sizes are suggestions only. For optimum results, we recommend users conduct their own wick tests with different blends of wax and oils that they intend to use.  Available in single units. Carton size: 24 units  IMPORTANT! Please note, product photo may differ from actual item in terms of colour due to lighting and\/or manufacturing. Due to the hand made manufacturing process, each vessel will be uniquely patterned and slight differences in glassware shape may be visible.  &nbsp;","og_url":"https:\/\/luxurycandlesupplies.eu\/fr\/produit\/grand-vogue-dalmation-390ml\/","og_site_name":"Antwerp Luxury Candle Supplies","article_publisher":"https:\/\/www.facebook.com\/Antwerpluxurycandlesupplies\/","article_modified_time":"2026-05-12T14:08:47+00:00","og_image":[{"width":1000,"height":1000,"url":"https:\/\/luxurycandlesupplies.eu\/app\/uploads\/2024\/06\/1-8.jpg","type":"image\/jpeg"}],"twitter_card":"summary_large_image","twitter_misc":{"Dur\u00e9e de lecture estim\u00e9e":"1 minute"},"schema":{"@context":"https:\/\/schema.org","@graph":[{"@type":"WebPage","@id":"https:\/\/luxurycandlesupplies.eu\/product\/large-vogue-dalmation-390ml\/","url":"https:\/\/luxurycandlesupplies.eu\/product\/large-vogue-dalmation-390ml\/","name":"Large Vogue - Dalmatian - 390ml - Antwerp Luxury Candle Supplies","isPartOf":{"@id":"https:\/\/luxurycandlesupplies.eu\/#website"},"primaryImageOfPage":{"@id":"https:\/\/luxurycandlesupplies.eu\/product\/large-vogue-dalmation-390ml\/#primaryimage"},"image":{"@id":"https:\/\/luxurycandlesupplies.eu\/product\/large-vogue-dalmation-390ml\/#primaryimage"},"thumbnailUrl":"https:\/\/luxurycandlesupplies.eu\/app\/uploads\/2024\/06\/1-8.jpg","datePublished":"2022-10-27T11:28:08+00:00","dateModified":"2026-05-12T14:08:47+00:00","breadcrumb":{"@id":"https:\/\/luxurycandlesupplies.eu\/product\/large-vogue-dalmation-390ml\/#breadcrumb"},"inLanguage":"fr-FR","potentialAction":[{"@type":"ReadAction","target":["https:\/\/luxurycandlesupplies.eu\/product\/large-vogue-dalmation-390ml\/"]}]},{"@type":"ImageObject","inLanguage":"fr-FR","@id":"https:\/\/luxurycandlesupplies.eu\/product\/large-vogue-dalmation-390ml\/#primaryimage","url":"https:\/\/luxurycandlesupplies.eu\/app\/uploads\/2024\/06\/1-8.jpg","contentUrl":"https:\/\/luxurycandlesupplies.eu\/app\/uploads\/2024\/06\/1-8.jpg","width":1000,"height":1000},{"@type":"BreadcrumbList","@id":"https:\/\/luxurycandlesupplies.eu\/product\/large-vogue-dalmation-390ml\/#breadcrumb","itemListElement":[{"@type":"ListItem","position":1,"name":"Home","item":"https:\/\/luxurycandlesupplies.eu\/"},{"@type":"ListItem","position":2,"name":"Shop","item":"https:\/\/luxurycandlesupplies.eu\/shop\/"},{"@type":"ListItem","position":3,"name":"Large Vogue &#8211; Dalmatian &#8211; 390ml"}]},{"@type":"WebSite","@id":"https:\/\/luxurycandlesupplies.eu\/#website","url":"https:\/\/luxurycandlesupplies.eu\/","name":"Anvers Fournitures de bougies de luxe","description":"Distributeur de cire de soja toutes saisons","publisher":{"@id":"https:\/\/luxurycandlesupplies.eu\/#organization"},"potentialAction":[{"@type":"SearchAction","target":{"@type":"EntryPoint","urlTemplate":"https:\/\/luxurycandlesupplies.eu\/?s={search_term_string}"},"query-input":{"@type":"PropertyValueSpecification","valueRequired":true,"valueName":"search_term_string"}}],"inLanguage":"fr-FR"},{"@type":"Organization","@id":"https:\/\/luxurycandlesupplies.eu\/#organization","name":"Anvers Fournitures de bougies de luxe","url":"https:\/\/luxurycandlesupplies.eu\/","logo":{"@type":"ImageObject","inLanguage":"fr-FR","@id":"https:\/\/luxurycandlesupplies.eu\/#\/schema\/logo\/image\/","url":"https:\/\/luxurycandlesupplies.eu\/app\/uploads\/2022\/03\/antwerp-luxury-candle-supplies-1x.png","contentUrl":"https:\/\/luxurycandlesupplies.eu\/app\/uploads\/2022\/03\/antwerp-luxury-candle-supplies-1x.png","width":330,"height":60,"caption":"Antwerp Luxury Candle Supplies"},"image":{"@id":"https:\/\/luxurycandlesupplies.eu\/#\/schema\/logo\/image\/"},"sameAs":["https:\/\/www.facebook.com\/Antwerpluxurycandlesupplies\/","https:\/\/www.instagram.com\/antwerp_luxury_candle_supplies\/","https:\/\/pin.it\/7joOXRW"]}]}},"_links":{"self":[{"href":"https:\/\/luxurycandlesupplies.eu\/fr\/wp-json\/wp\/v2\/product\/2888","targetHints":{"allow":["GET"]}}],"collection":[{"href":"https:\/\/luxurycandlesupplies.eu\/fr\/wp-json\/wp\/v2\/product"}],"about":[{"href":"https:\/\/luxurycandlesupplies.eu\/fr\/wp-json\/wp\/v2\/types\/product"}],"wp:featuredmedia":[{"embeddable":true,"href":"https:\/\/luxurycandlesupplies.eu\/fr\/wp-json\/wp\/v2\/media\/22673"}],"wp:attachment":[{"href":"https:\/\/luxurycandlesupplies.eu\/fr\/wp-json\/wp\/v2\/media?parent=2888"}],"wp:term":[{"taxonomy":"product_brand","embeddable":true,"href":"https:\/\/luxurycandlesupplies.eu\/fr\/wp-json\/wp\/v2\/product_brand?post=2888"},{"taxonomy":"product_cat","embeddable":true,"href":"https:\/\/luxurycandlesupplies.eu\/fr\/wp-json\/wp\/v2\/product_cat?post=2888"},{"taxonomy":"product_tag","embeddable":true,"href":"https:\/\/luxurycandlesupplies.eu\/fr\/wp-json\/wp\/v2\/product_tag?post=2888"}],"curies":[{"name":"wp","href":"https:\/\/api.w.org\/{rel}","templated":true}]}}