{"id":29643,"date":"2026-04-20T10:36:58","date_gmt":"2026-04-20T08:36:58","guid":{"rendered":"https:\/\/luxurycandlesupplies.eu\/?post_type=product&#038;p=29643"},"modified":"2026-04-21T15:47:56","modified_gmt":"2026-04-21T13:47:56","slug":"meche-en-bois-dubbel-10-x-150-mm-10-pcs","status":"publish","type":"product","link":"https:\/\/luxurycandlesupplies.eu\/fr\/product\/dubbel-wood-wick-10-x-150-mm-10-pcs\/","title":{"rendered":"M\u00e8che en bois Dubbel 10 x 150 mm - 10 pcs"},"content":{"rendered":"<h2>DESCRIPTION<\/h2>\n<hr \/>\n<p>Cr\u00e9ez une ambiance diff\u00e9rente pour vos bougies avec une double m\u00e8che de bois cr\u00e9pitante. Languette en m\u00e9tal incluse !<\/p>\n<h3>UTILISATION<\/h3>\n<hr \/>\n<p><strong>*Veuillez noter que les diam\u00e8tres des r\u00e9cipients indiqu\u00e9s ci-dessous sont des suggestions pour la verrerie uniquement. Nous recommandons vivement aux utilisateurs d'effectuer leurs propres tests de m\u00e8che avec chaque m\u00e9lange de cire et d'huile qu'ils ont l'intention d'utiliser.<\/strong><\/p>\n<p>Si vous avez des questions, n'h\u00e9sitez pas \u00e0 contacter\u00a0<a href=\"https:\/\/luxurycandlesupplies.eu\/fr\/contact\/\">nous contacter<\/a>.<\/p>\n<p><a href=\"https:\/\/luxurycandlesupplies.eu\/app\/uploads\/2023\/01\/Burn-rate-chart-Wood-wicks.pdf\" target=\"_blank\" rel=\"noopener\"><img fetchpriority=\"high\" decoding=\"async\" class=\"alignnone size-full wp-image-41582\" src=\"https:\/\/luxurycandlesupplies.eu\/app\/uploads\/2023\/07\/woodwicks-guide.jpg\" alt=\"\" width=\"1020\" height=\"676\" \/><\/a><\/p>\n<p><a href=\"https:\/\/luxurycandlesupplies.eu\/app\/uploads\/2023\/01\/Burn-rate-chart-Wood-wicks.pdf\" target=\"_blank\" rel=\"noopener\">T\u00e9l\u00e9charger le tableau au format PDF<\/a><\/p>\n<p>&nbsp;<\/p>\n<h3>CARACT\u00c9RISTIQUES TECHNIQUES<\/h3>\n<hr \/>\n<p><strong>\u00c9paisseur<\/strong>: 1mm<br \/>\n<strong>Dimensions<\/strong>:<br \/>\n10mmL x 150mmH<br \/>\n<strong>Dimensions de l'onglet m\u00e9tallique<\/strong>: 13mmL x 16mmL x 10mmH<br \/>\n<strong>Emballage<\/strong>: vendu par quantit\u00e9 de 10<\/p>\n<p>&nbsp;<\/p>","protected":false},"excerpt":{"rendered":"<p>La technologie de la double m\u00e8che de bois cr\u00e9e une flamme plus grande pour l'impact et un son de feu cr\u00e9pitant pendant la combustion.<\/p>\n<p>Cr\u00e9ez une ambiance diff\u00e9rente pour vos bougies avec une double m\u00e8che de bois cr\u00e9pitante. Chaque m\u00e8che a besoin d'une languette en m\u00e9tal.<\/p>\n<p>La double m\u00e8che de bois se taille elle-m\u00eame et ne n\u00e9cessite aucun soin pendant et apr\u00e8s la combustion.<\/p>\n<p><strong>Vendu en QT\u00c9 de 10<\/strong><\/p>\n<p>Languette m\u00e9tallique incluse !<\/p>\n<p>&nbsp;<\/p>","protected":false},"featured_media":129,"template":"","meta":{"_acf_changed":false,"site-sidebar-layout":"default","site-content-layout":"default","ast-site-content-layout":"default","site-content-style":"default","site-sidebar-style":"default","ast-global-header-display":"","ast-banner-title-visibility":"","ast-main-header-display":"","ast-hfb-above-header-display":"","ast-hfb-below-header-display":"","ast-hfb-mobile-header-display":"","site-post-title":"","ast-breadcrumbs-content":"","ast-featured-img":"","footer-sml-layout":"","ast-disable-related-posts":"","theme-transparent-header-meta":"default","adv-header-id-meta":"","stick-header-meta":"","header-above-stick-meta":"","header-main-stick-meta":"","header-below-stick-meta":"","astra-migrate-meta-layouts":"set","ast-page-background-enabled":"default","ast-page-background-meta":{"desktop":{"background-color":"","background-image":"","background-repeat":"repeat","background-position":"center center","background-size":"auto","background-attachment":"scroll","background-type":"","background-media":"","overlay-type":"","overlay-color":"","overlay-opacity":"","overlay-gradient":""},"tablet":{"background-color":"","background-image":"","background-repeat":"repeat","background-position":"center center","background-size":"auto","background-attachment":"scroll","background-type":"","background-media":"","overlay-type":"","overlay-color":"","overlay-opacity":"","overlay-gradient":""},"mobile":{"background-color":"","background-image":"","background-repeat":"repeat","background-position":"center center","background-size":"auto","background-attachment":"scroll","background-type":"","background-media":"","overlay-type":"","overlay-color":"","overlay-opacity":"","overlay-gradient":""}},"ast-content-background-meta":{"desktop":{"background-color":"var(--ast-global-color-5)","background-image":"","background-repeat":"repeat","background-position":"center center","background-size":"auto","background-attachment":"scroll","background-type":"","background-media":"","overlay-type":"","overlay-color":"","overlay-opacity":"","overlay-gradient":""},"tablet":{"background-color":"var(--ast-global-color-5)","background-image":"","background-repeat":"repeat","background-position":"center center","background-size":"auto","background-attachment":"scroll","background-type":"","background-media":"","overlay-type":"","overlay-color":"","overlay-opacity":"","overlay-gradient":""},"mobile":{"background-color":"var(--ast-global-color-5)","background-image":"","background-repeat":"repeat","background-position":"center center","background-size":"auto","background-attachment":"scroll","background-type":"","background-media":"","overlay-type":"","overlay-color":"","overlay-opacity":"","overlay-gradient":""}}},"product_brand":[],"product_cat":[18,53],"product_tag":[19,33,38,39,35,37],"class_list":{"0":"post-29643","1":"product","2":"type-product","3":"status-publish","4":"has-post-thumbnail","6":"product_cat-wicks","7":"product_cat-wood-wicks","8":"product_tag-all-seasons-wax","9":"product_tag-candle-making-accessories","10":"product_tag-metal-tabs","11":"product_tag-sustainer-tabs","12":"product_tag-wicks","13":"product_tag-wood-wicks","14":"desktop-align-left","15":"tablet-align-left","16":"mobile-align-left","17":"ast-product-gallery-layout-horizontal-slider","18":"ast-product-gallery-with-no-image","19":"ast-product-tabs-layout-horizontal","21":"first","22":"instock","23":"taxable","24":"shipping-taxable","25":"purchasable","26":"product-type-simple"},"acf":[],"yoast_head":"<title>Dubbel Wood Wick 10 x 150 mm - 10 pcs - Antwerp Luxury Candle Supplies<\/title>\n<meta name=\"robots\" content=\"index, follow, max-snippet:-1, max-image-preview:large, max-video-preview:-1\" \/>\n<link rel=\"canonical\" href=\"https:\/\/luxurycandlesupplies.eu\/fr\/produit\/meche-en-bois-dubbel-10-x-150-mm-10-pcs\/\" \/>\n<meta property=\"og:locale\" content=\"fr_FR\" \/>\n<meta property=\"og:type\" content=\"article\" \/>\n<meta property=\"og:title\" content=\"Dubbel Wood Wick 10 x 150 mm - 10 pcs - Antwerp Luxury Candle Supplies\" \/>\n<meta property=\"og:description\" content=\"The Double Wood Wick technology creates a larger flame for impact and a crackle fire sound whilst being burned.  Create a different ambience for your candles with a crackling double wood wick. Each wick needs a metal tab.  The Double Wood Wick is self trimming and doesn&#039;t require any care during and after burn.  Sold in QTYs of 10  Metal tab included!  &nbsp;\" \/>\n<meta property=\"og:url\" content=\"https:\/\/luxurycandlesupplies.eu\/fr\/produit\/meche-en-bois-dubbel-10-x-150-mm-10-pcs\/\" \/>\n<meta property=\"og:site_name\" content=\"Antwerp Luxury Candle Supplies\" \/>\n<meta property=\"article:publisher\" content=\"https:\/\/www.facebook.com\/Antwerpluxurycandlesupplies\/\" \/>\n<meta property=\"article:modified_time\" content=\"2026-04-21T13:47:56+00:00\" \/>\n<meta property=\"og:image\" content=\"https:\/\/luxurycandlesupplies.eu\/app\/uploads\/2021\/07\/double.wood_.wick_.jpg\" \/>\n\t<meta property=\"og:image:width\" content=\"600\" \/>\n\t<meta property=\"og:image:height\" content=\"508\" \/>\n\t<meta property=\"og:image:type\" content=\"image\/jpeg\" \/>\n<meta name=\"twitter:card\" content=\"summary_large_image\" \/>\n<meta name=\"twitter:label1\" content=\"Dur\u00e9e de lecture estim\u00e9e\" \/>\n\t<meta name=\"twitter:data1\" content=\"1 minute\" \/>\n<script type=\"application\/ld+json\" class=\"yoast-schema-graph\">{\"@context\":\"https:\\\/\\\/schema.org\",\"@graph\":[{\"@type\":\"WebPage\",\"@id\":\"https:\\\/\\\/luxurycandlesupplies.eu\\\/product\\\/dubbel-wood-wick-10-x-150-mm-10-pcs\\\/\",\"url\":\"https:\\\/\\\/luxurycandlesupplies.eu\\\/product\\\/dubbel-wood-wick-10-x-150-mm-10-pcs\\\/\",\"name\":\"Dubbel Wood Wick 10 x 150 mm - 10 pcs - Antwerp Luxury Candle Supplies\",\"isPartOf\":{\"@id\":\"https:\\\/\\\/luxurycandlesupplies.eu\\\/#website\"},\"primaryImageOfPage\":{\"@id\":\"https:\\\/\\\/luxurycandlesupplies.eu\\\/product\\\/dubbel-wood-wick-10-x-150-mm-10-pcs\\\/#primaryimage\"},\"image\":{\"@id\":\"https:\\\/\\\/luxurycandlesupplies.eu\\\/product\\\/dubbel-wood-wick-10-x-150-mm-10-pcs\\\/#primaryimage\"},\"thumbnailUrl\":\"https:\\\/\\\/luxurycandlesupplies.eu\\\/app\\\/uploads\\\/2021\\\/07\\\/double.wood_.wick_.jpg\",\"datePublished\":\"2026-04-20T08:36:58+00:00\",\"dateModified\":\"2026-04-21T13:47:56+00:00\",\"breadcrumb\":{\"@id\":\"https:\\\/\\\/luxurycandlesupplies.eu\\\/product\\\/dubbel-wood-wick-10-x-150-mm-10-pcs\\\/#breadcrumb\"},\"inLanguage\":\"fr-FR\",\"potentialAction\":[{\"@type\":\"ReadAction\",\"target\":[\"https:\\\/\\\/luxurycandlesupplies.eu\\\/product\\\/dubbel-wood-wick-10-x-150-mm-10-pcs\\\/\"]}]},{\"@type\":\"ImageObject\",\"inLanguage\":\"fr-FR\",\"@id\":\"https:\\\/\\\/luxurycandlesupplies.eu\\\/product\\\/dubbel-wood-wick-10-x-150-mm-10-pcs\\\/#primaryimage\",\"url\":\"https:\\\/\\\/luxurycandlesupplies.eu\\\/app\\\/uploads\\\/2021\\\/07\\\/double.wood_.wick_.jpg\",\"contentUrl\":\"https:\\\/\\\/luxurycandlesupplies.eu\\\/app\\\/uploads\\\/2021\\\/07\\\/double.wood_.wick_.jpg\",\"width\":600,\"height\":508},{\"@type\":\"BreadcrumbList\",\"@id\":\"https:\\\/\\\/luxurycandlesupplies.eu\\\/product\\\/dubbel-wood-wick-10-x-150-mm-10-pcs\\\/#breadcrumb\",\"itemListElement\":[{\"@type\":\"ListItem\",\"position\":1,\"name\":\"Home\",\"item\":\"https:\\\/\\\/luxurycandlesupplies.eu\\\/\"},{\"@type\":\"ListItem\",\"position\":2,\"name\":\"Shop\",\"item\":\"https:\\\/\\\/luxurycandlesupplies.eu\\\/shop\\\/\"},{\"@type\":\"ListItem\",\"position\":3,\"name\":\"Dubbel Wood Wick 10 x 150 mm &#8211; 10 pcs\"}]},{\"@type\":\"WebSite\",\"@id\":\"https:\\\/\\\/luxurycandlesupplies.eu\\\/#website\",\"url\":\"https:\\\/\\\/luxurycandlesupplies.eu\\\/\",\"name\":\"Antwerp Luxury Candle Supplies\",\"description\":\"Distributor of all seasons soy wax\",\"publisher\":{\"@id\":\"https:\\\/\\\/luxurycandlesupplies.eu\\\/#organization\"},\"potentialAction\":[{\"@type\":\"SearchAction\",\"target\":{\"@type\":\"EntryPoint\",\"urlTemplate\":\"https:\\\/\\\/luxurycandlesupplies.eu\\\/?s={search_term_string}\"},\"query-input\":{\"@type\":\"PropertyValueSpecification\",\"valueRequired\":true,\"valueName\":\"search_term_string\"}}],\"inLanguage\":\"fr-FR\"},{\"@type\":\"Organization\",\"@id\":\"https:\\\/\\\/luxurycandlesupplies.eu\\\/#organization\",\"name\":\"Antwerp Luxury Candle Supplies\",\"url\":\"https:\\\/\\\/luxurycandlesupplies.eu\\\/\",\"logo\":{\"@type\":\"ImageObject\",\"inLanguage\":\"fr-FR\",\"@id\":\"https:\\\/\\\/luxurycandlesupplies.eu\\\/#\\\/schema\\\/logo\\\/image\\\/\",\"url\":\"https:\\\/\\\/luxurycandlesupplies.eu\\\/app\\\/uploads\\\/2022\\\/03\\\/antwerp-luxury-candle-supplies-1x.png\",\"contentUrl\":\"https:\\\/\\\/luxurycandlesupplies.eu\\\/app\\\/uploads\\\/2022\\\/03\\\/antwerp-luxury-candle-supplies-1x.png\",\"width\":330,\"height\":60,\"caption\":\"Antwerp Luxury Candle Supplies\"},\"image\":{\"@id\":\"https:\\\/\\\/luxurycandlesupplies.eu\\\/#\\\/schema\\\/logo\\\/image\\\/\"},\"sameAs\":[\"https:\\\/\\\/www.facebook.com\\\/Antwerpluxurycandlesupplies\\\/\",\"https:\\\/\\\/www.instagram.com\\\/antwerp_luxury_candle_supplies\\\/\",\"https:\\\/\\\/pin.it\\\/7joOXRW\"]}]}<\/script>","yoast_head_json":{"title":"M\u00e8che en bois Dubbel 10 x 150 mm - 10 pcs - Antwerp Luxury Candle Supplies","robots":{"index":"index","follow":"follow","max-snippet":"max-snippet:-1","max-image-preview":"max-image-preview:large","max-video-preview":"max-video-preview:-1"},"canonical":"https:\/\/luxurycandlesupplies.eu\/fr\/produit\/meche-en-bois-dubbel-10-x-150-mm-10-pcs\/","og_locale":"fr_FR","og_type":"article","og_title":"Dubbel Wood Wick 10 x 150 mm - 10 pcs - Antwerp Luxury Candle Supplies","og_description":"The Double Wood Wick technology creates a larger flame for impact and a crackle fire sound whilst being burned.  Create a different ambience for your candles with a crackling double wood wick. Each wick needs a metal tab.  The Double Wood Wick is self trimming and doesn't require any care during and after burn.  Sold in QTYs of 10  Metal tab included!  &nbsp;","og_url":"https:\/\/luxurycandlesupplies.eu\/fr\/produit\/meche-en-bois-dubbel-10-x-150-mm-10-pcs\/","og_site_name":"Antwerp Luxury Candle Supplies","article_publisher":"https:\/\/www.facebook.com\/Antwerpluxurycandlesupplies\/","article_modified_time":"2026-04-21T13:47:56+00:00","og_image":[{"width":600,"height":508,"url":"https:\/\/luxurycandlesupplies.eu\/app\/uploads\/2021\/07\/double.wood_.wick_.jpg","type":"image\/jpeg"}],"twitter_card":"summary_large_image","twitter_misc":{"Dur\u00e9e de lecture estim\u00e9e":"1 minute"},"schema":{"@context":"https:\/\/schema.org","@graph":[{"@type":"WebPage","@id":"https:\/\/luxurycandlesupplies.eu\/product\/dubbel-wood-wick-10-x-150-mm-10-pcs\/","url":"https:\/\/luxurycandlesupplies.eu\/product\/dubbel-wood-wick-10-x-150-mm-10-pcs\/","name":"M\u00e8che en bois Dubbel 10 x 150 mm - 10 pcs - Antwerp Luxury Candle Supplies","isPartOf":{"@id":"https:\/\/luxurycandlesupplies.eu\/#website"},"primaryImageOfPage":{"@id":"https:\/\/luxurycandlesupplies.eu\/product\/dubbel-wood-wick-10-x-150-mm-10-pcs\/#primaryimage"},"image":{"@id":"https:\/\/luxurycandlesupplies.eu\/product\/dubbel-wood-wick-10-x-150-mm-10-pcs\/#primaryimage"},"thumbnailUrl":"https:\/\/luxurycandlesupplies.eu\/app\/uploads\/2021\/07\/double.wood_.wick_.jpg","datePublished":"2026-04-20T08:36:58+00:00","dateModified":"2026-04-21T13:47:56+00:00","breadcrumb":{"@id":"https:\/\/luxurycandlesupplies.eu\/product\/dubbel-wood-wick-10-x-150-mm-10-pcs\/#breadcrumb"},"inLanguage":"fr-FR","potentialAction":[{"@type":"ReadAction","target":["https:\/\/luxurycandlesupplies.eu\/product\/dubbel-wood-wick-10-x-150-mm-10-pcs\/"]}]},{"@type":"ImageObject","inLanguage":"fr-FR","@id":"https:\/\/luxurycandlesupplies.eu\/product\/dubbel-wood-wick-10-x-150-mm-10-pcs\/#primaryimage","url":"https:\/\/luxurycandlesupplies.eu\/app\/uploads\/2021\/07\/double.wood_.wick_.jpg","contentUrl":"https:\/\/luxurycandlesupplies.eu\/app\/uploads\/2021\/07\/double.wood_.wick_.jpg","width":600,"height":508},{"@type":"BreadcrumbList","@id":"https:\/\/luxurycandlesupplies.eu\/product\/dubbel-wood-wick-10-x-150-mm-10-pcs\/#breadcrumb","itemListElement":[{"@type":"ListItem","position":1,"name":"Home","item":"https:\/\/luxurycandlesupplies.eu\/"},{"@type":"ListItem","position":2,"name":"Shop","item":"https:\/\/luxurycandlesupplies.eu\/shop\/"},{"@type":"ListItem","position":3,"name":"Dubbel Wood Wick 10 x 150 mm &#8211; 10 pcs"}]},{"@type":"WebSite","@id":"https:\/\/luxurycandlesupplies.eu\/#website","url":"https:\/\/luxurycandlesupplies.eu\/","name":"Anvers Fournitures de bougies de luxe","description":"Distributeur de cire de soja toutes saisons","publisher":{"@id":"https:\/\/luxurycandlesupplies.eu\/#organization"},"potentialAction":[{"@type":"SearchAction","target":{"@type":"EntryPoint","urlTemplate":"https:\/\/luxurycandlesupplies.eu\/?s={search_term_string}"},"query-input":{"@type":"PropertyValueSpecification","valueRequired":true,"valueName":"search_term_string"}}],"inLanguage":"fr-FR"},{"@type":"Organization","@id":"https:\/\/luxurycandlesupplies.eu\/#organization","name":"Anvers Fournitures de bougies de luxe","url":"https:\/\/luxurycandlesupplies.eu\/","logo":{"@type":"ImageObject","inLanguage":"fr-FR","@id":"https:\/\/luxurycandlesupplies.eu\/#\/schema\/logo\/image\/","url":"https:\/\/luxurycandlesupplies.eu\/app\/uploads\/2022\/03\/antwerp-luxury-candle-supplies-1x.png","contentUrl":"https:\/\/luxurycandlesupplies.eu\/app\/uploads\/2022\/03\/antwerp-luxury-candle-supplies-1x.png","width":330,"height":60,"caption":"Antwerp Luxury Candle Supplies"},"image":{"@id":"https:\/\/luxurycandlesupplies.eu\/#\/schema\/logo\/image\/"},"sameAs":["https:\/\/www.facebook.com\/Antwerpluxurycandlesupplies\/","https:\/\/www.instagram.com\/antwerp_luxury_candle_supplies\/","https:\/\/pin.it\/7joOXRW"]}]}},"_links":{"self":[{"href":"https:\/\/luxurycandlesupplies.eu\/fr\/wp-json\/wp\/v2\/product\/29643","targetHints":{"allow":["GET"]}}],"collection":[{"href":"https:\/\/luxurycandlesupplies.eu\/fr\/wp-json\/wp\/v2\/product"}],"about":[{"href":"https:\/\/luxurycandlesupplies.eu\/fr\/wp-json\/wp\/v2\/types\/product"}],"wp:featuredmedia":[{"embeddable":true,"href":"https:\/\/luxurycandlesupplies.eu\/fr\/wp-json\/wp\/v2\/media\/129"}],"wp:attachment":[{"href":"https:\/\/luxurycandlesupplies.eu\/fr\/wp-json\/wp\/v2\/media?parent=29643"}],"wp:term":[{"taxonomy":"product_brand","embeddable":true,"href":"https:\/\/luxurycandlesupplies.eu\/fr\/wp-json\/wp\/v2\/product_brand?post=29643"},{"taxonomy":"product_cat","embeddable":true,"href":"https:\/\/luxurycandlesupplies.eu\/fr\/wp-json\/wp\/v2\/product_cat?post=29643"},{"taxonomy":"product_tag","embeddable":true,"href":"https:\/\/luxurycandlesupplies.eu\/fr\/wp-json\/wp\/v2\/product_tag?post=29643"}],"curies":[{"name":"wp","href":"https:\/\/api.w.org\/{rel}","templated":true}]}}