{"id":29855,"date":"2026-04-24T14:53:00","date_gmt":"2026-04-24T12:53:00","guid":{"rendered":"https:\/\/luxurycandlesupplies.eu\/?post_type=product&#038;p=29855"},"modified":"2026-04-27T10:43:28","modified_gmt":"2026-04-27T08:43:28","slug":"diffuseur-augeo-base-2","status":"publish","type":"product","link":"https:\/\/luxurycandlesupplies.eu\/fr\/product\/augeo-diffuser-base-2\/","title":{"rendered":"Base du diffuseur Augeo"},"content":{"rendered":"<h3>DESCRIPTION<\/h3>\n<div>\n<p>&nbsp;<\/p>\n<h2>AUGEO<\/h2>\n<h2><\/h2>\n<h3>La base de diffusion \"vegan-friendly\" la plus performante du march\u00e9.<\/h3>\n<p>&nbsp;<\/p>\n<p>Augeo est une base de diffusion de pointe, fabriqu\u00e9e \u00e0 partir de ressources renouvelables et con\u00e7ue \u00e0 l'aide d'une technologie innovante. Il s'agit sans doute de la meilleure base \"\u00e9cologique\" pour la fabrication de diffuseurs disponible sur le march\u00e9.<\/p>\n<p>&nbsp;<\/p>\n<p><span style=\"font-size: 16px;\">A utiliser dans tous les types de diffuseurs d'ar\u00f4mes. La base du diffuseur d'ar\u00f4mes Augeo est sp\u00e9cialement con\u00e7ue pour servir de support et\/ou de diluant aux parfums. Elle renforce le parfum ajout\u00e9. Il s'agit d'une base de performance sup\u00e9rieure pour renforcer les parfums dans une large gamme de produits de parfumerie d'int\u00e9rieur. Elle est non toxique, a une faible empreinte carbone et peu d'odeur.<\/span><\/p>\n<\/div>\n<p>A utiliser avec nos huiles essentielles pour un diffuseur naturel.<\/p>\n<p>&nbsp;<\/p>\n<h3>Caract\u00e9ristiques de la base du diffuseur d'ar\u00f4mes Augeo :<\/h3>\n<ul>\n<li>Am\u00e9liore les odeurs<\/li>\n<li>\u00c9vaporation optimale<\/li>\n<li>Tr\u00e8s soluble<\/li>\n<li>Faible empreinte carbone<\/li>\n<li>Non toxique<\/li>\n<li>Profil HSE<\/li>\n<li>Conforme \u00e0 la l\u00e9gislation sur les COV<\/li>\n<\/ul>\n<h3>Comment fabriquer votre propre huile de diffusion Reed :<\/h3>\n<p>Nous recommandons d'utiliser une huile de parfum entre 10% et 25%, en fonction de l'IFRA.<\/p>\n<ul>\n<li>10% -25% Huile de parfum<\/li>\n<li>75% - 90% Augeo<\/li>\n<\/ul>\n<p>Pour pr\u00e9parer l'huile de diffusion, m\u00e9langer l'huile parfum\u00e9e avec l'Augeo jusqu'\u00e0 ce qu'elle soit claire. Fermer le r\u00e9cipient et laisser reposer pendant 2 \u00e0 3 jours avant de l'utiliser.<\/p>\n<div>\n<p>&nbsp;<\/p>\n<p>&nbsp;<\/p>\n<\/div>\n<h2>DOCUMENTS DE S\u00c9CURIT\u00c9<\/h2>\n<p>&nbsp;<\/p>\n<p><a href=\"https:\/\/luxurycandlesupplies.eu\/app\/uploads\/2024\/05\/SDS-Augeo.pdf\">SDS Augeo<\/a><\/p>\n<p><a href=\"https:\/\/luxurycandlesupplies.eu\/app\/uploads\/2024\/05\/SDS-Augeo-ENG-_-ALCS-28.07.25.pdf\">SDS Augeo ENG _ ALCS 28.07.25<\/a><\/p>","protected":false},"excerpt":{"rendered":"<h3>DESCRIPTION<\/h3>\n<div>\n<p>&nbsp;<\/p>\n<h2>AUGEO<\/h2>\n<h2><\/h2>\n<h3>La base de diffusion \"vegan-friendly\" la plus performante du march\u00e9.<\/h3>\n<p>&nbsp;<\/p>\n<p>Augeo est une base de diffusion de pointe, fabriqu\u00e9e \u00e0 partir de ressources renouvelables et con\u00e7ue \u00e0 l'aide d'une technologie innovante. Il s'agit sans doute de la meilleure base \"\u00e9cologique\" pour la fabrication de diffuseurs disponible sur le march\u00e9.<\/p>\n<\/div>","protected":false},"featured_media":15957,"template":"","meta":{"_acf_changed":false,"site-sidebar-layout":"default","site-content-layout":"default","ast-site-content-layout":"default","site-content-style":"default","site-sidebar-style":"default","ast-global-header-display":"","ast-banner-title-visibility":"","ast-main-header-display":"","ast-hfb-above-header-display":"","ast-hfb-below-header-display":"","ast-hfb-mobile-header-display":"","site-post-title":"","ast-breadcrumbs-content":"","ast-featured-img":"","footer-sml-layout":"","ast-disable-related-posts":"","theme-transparent-header-meta":"default","adv-header-id-meta":"","stick-header-meta":"","header-above-stick-meta":"","header-main-stick-meta":"","header-below-stick-meta":"","astra-migrate-meta-layouts":"set","ast-page-background-enabled":"default","ast-page-background-meta":{"desktop":{"background-color":"","background-image":"","background-repeat":"repeat","background-position":"center center","background-size":"auto","background-attachment":"scroll","background-type":"","background-media":"","overlay-type":"","overlay-color":"","overlay-opacity":"","overlay-gradient":""},"tablet":{"background-color":"","background-image":"","background-repeat":"repeat","background-position":"center center","background-size":"auto","background-attachment":"scroll","background-type":"","background-media":"","overlay-type":"","overlay-color":"","overlay-opacity":"","overlay-gradient":""},"mobile":{"background-color":"","background-image":"","background-repeat":"repeat","background-position":"center center","background-size":"auto","background-attachment":"scroll","background-type":"","background-media":"","overlay-type":"","overlay-color":"","overlay-opacity":"","overlay-gradient":""}},"ast-content-background-meta":{"desktop":{"background-color":"var(--ast-global-color-5)","background-image":"","background-repeat":"repeat","background-position":"center center","background-size":"auto","background-attachment":"scroll","background-type":"","background-media":"","overlay-type":"","overlay-color":"","overlay-opacity":"","overlay-gradient":""},"tablet":{"background-color":"var(--ast-global-color-5)","background-image":"","background-repeat":"repeat","background-position":"center center","background-size":"auto","background-attachment":"scroll","background-type":"","background-media":"","overlay-type":"","overlay-color":"","overlay-opacity":"","overlay-gradient":""},"mobile":{"background-color":"var(--ast-global-color-5)","background-image":"","background-repeat":"repeat","background-position":"center center","background-size":"auto","background-attachment":"scroll","background-type":"","background-media":"","overlay-type":"","overlay-color":"","overlay-opacity":"","overlay-gradient":""}}},"product_brand":[],"product_cat":[1648,1646,1329,1644],"product_tag":[33,1402,1403],"class_list":{"0":"post-29855","1":"product","2":"type-product","3":"status-publish","4":"has-post-thumbnail","6":"product_cat-diffuser-base","7":"product_cat-diffusers-diffusers","8":"product_cat-diffusers","9":"product_cat-fragrance-bases","10":"product_tag-candle-making-accessories","11":"product_tag-diffuser-base","12":"product_tag-diffusers","13":"desktop-align-left","14":"tablet-align-left","15":"mobile-align-left","16":"ast-product-gallery-layout-horizontal-slider","17":"ast-product-single-variable","18":"ast-product-tabs-layout-horizontal","20":"first","21":"instock","22":"taxable","23":"shipping-taxable","24":"purchasable","25":"product-type-variable"},"acf":[],"yoast_head":"<title>Augeo Diffuser Base - Antwerp Luxury Candle Supplies<\/title>\n<meta name=\"robots\" content=\"index, follow, max-snippet:-1, max-image-preview:large, max-video-preview:-1\" \/>\n<link rel=\"canonical\" href=\"https:\/\/luxurycandlesupplies.eu\/fr\/produit\/diffuseur-augeo-base-2\/\" \/>\n<meta property=\"og:locale\" content=\"fr_FR\" \/>\n<meta property=\"og:type\" content=\"article\" \/>\n<meta property=\"og:title\" content=\"Augeo Diffuser Base - Antwerp Luxury Candle Supplies\" \/>\n<meta property=\"og:description\" content=\"DESCRIPTION   &nbsp; AUGEO  The best performing &#039;vegan-friendly&#039; diffuser base on the market. &nbsp;  Augeo is a state of the art diffuser base, made from renewable resources, and pioneered using innovative technology - arguably the best &#039;eco-friendly&#039; base for\u00a0diffuser making\u00a0available on the market.\" \/>\n<meta property=\"og:url\" content=\"https:\/\/luxurycandlesupplies.eu\/fr\/produit\/diffuseur-augeo-base-2\/\" \/>\n<meta property=\"og:site_name\" content=\"Antwerp Luxury Candle Supplies\" \/>\n<meta property=\"article:publisher\" content=\"https:\/\/www.facebook.com\/Antwerpluxurycandlesupplies\/\" \/>\n<meta property=\"article:modified_time\" content=\"2026-04-27T08:43:28+00:00\" \/>\n<meta property=\"og:image\" content=\"https:\/\/luxurycandlesupplies.eu\/app\/uploads\/2024\/05\/Augeo.png\" \/>\n\t<meta property=\"og:image:width\" content=\"1080\" \/>\n\t<meta property=\"og:image:height\" content=\"1080\" \/>\n\t<meta property=\"og:image:type\" content=\"image\/png\" \/>\n<meta name=\"twitter:card\" content=\"summary_large_image\" \/>\n<meta name=\"twitter:label1\" content=\"Dur\u00e9e de lecture estim\u00e9e\" \/>\n\t<meta name=\"twitter:data1\" content=\"2 minutes\" \/>\n<script type=\"application\/ld+json\" class=\"yoast-schema-graph\">{\"@context\":\"https:\\\/\\\/schema.org\",\"@graph\":[{\"@type\":\"WebPage\",\"@id\":\"https:\\\/\\\/luxurycandlesupplies.eu\\\/product\\\/augeo-diffuser-base-2\\\/\",\"url\":\"https:\\\/\\\/luxurycandlesupplies.eu\\\/product\\\/augeo-diffuser-base-2\\\/\",\"name\":\"Augeo Diffuser Base - Antwerp Luxury Candle Supplies\",\"isPartOf\":{\"@id\":\"https:\\\/\\\/luxurycandlesupplies.eu\\\/#website\"},\"primaryImageOfPage\":{\"@id\":\"https:\\\/\\\/luxurycandlesupplies.eu\\\/product\\\/augeo-diffuser-base-2\\\/#primaryimage\"},\"image\":{\"@id\":\"https:\\\/\\\/luxurycandlesupplies.eu\\\/product\\\/augeo-diffuser-base-2\\\/#primaryimage\"},\"thumbnailUrl\":\"https:\\\/\\\/luxurycandlesupplies.eu\\\/app\\\/uploads\\\/2024\\\/05\\\/Augeo.png\",\"datePublished\":\"2026-04-24T12:53:00+00:00\",\"dateModified\":\"2026-04-27T08:43:28+00:00\",\"breadcrumb\":{\"@id\":\"https:\\\/\\\/luxurycandlesupplies.eu\\\/product\\\/augeo-diffuser-base-2\\\/#breadcrumb\"},\"inLanguage\":\"fr-FR\",\"potentialAction\":[{\"@type\":\"ReadAction\",\"target\":[\"https:\\\/\\\/luxurycandlesupplies.eu\\\/product\\\/augeo-diffuser-base-2\\\/\"]}]},{\"@type\":\"ImageObject\",\"inLanguage\":\"fr-FR\",\"@id\":\"https:\\\/\\\/luxurycandlesupplies.eu\\\/product\\\/augeo-diffuser-base-2\\\/#primaryimage\",\"url\":\"https:\\\/\\\/luxurycandlesupplies.eu\\\/app\\\/uploads\\\/2024\\\/05\\\/Augeo.png\",\"contentUrl\":\"https:\\\/\\\/luxurycandlesupplies.eu\\\/app\\\/uploads\\\/2024\\\/05\\\/Augeo.png\",\"width\":1080,\"height\":1080},{\"@type\":\"BreadcrumbList\",\"@id\":\"https:\\\/\\\/luxurycandlesupplies.eu\\\/product\\\/augeo-diffuser-base-2\\\/#breadcrumb\",\"itemListElement\":[{\"@type\":\"ListItem\",\"position\":1,\"name\":\"Home\",\"item\":\"https:\\\/\\\/luxurycandlesupplies.eu\\\/\"},{\"@type\":\"ListItem\",\"position\":2,\"name\":\"Shop\",\"item\":\"https:\\\/\\\/luxurycandlesupplies.eu\\\/shop\\\/\"},{\"@type\":\"ListItem\",\"position\":3,\"name\":\"Augeo Diffuser Base\"}]},{\"@type\":\"WebSite\",\"@id\":\"https:\\\/\\\/luxurycandlesupplies.eu\\\/#website\",\"url\":\"https:\\\/\\\/luxurycandlesupplies.eu\\\/\",\"name\":\"Antwerp Luxury Candle Supplies\",\"description\":\"Distributor of all seasons soy wax\",\"publisher\":{\"@id\":\"https:\\\/\\\/luxurycandlesupplies.eu\\\/#organization\"},\"potentialAction\":[{\"@type\":\"SearchAction\",\"target\":{\"@type\":\"EntryPoint\",\"urlTemplate\":\"https:\\\/\\\/luxurycandlesupplies.eu\\\/?s={search_term_string}\"},\"query-input\":{\"@type\":\"PropertyValueSpecification\",\"valueRequired\":true,\"valueName\":\"search_term_string\"}}],\"inLanguage\":\"fr-FR\"},{\"@type\":\"Organization\",\"@id\":\"https:\\\/\\\/luxurycandlesupplies.eu\\\/#organization\",\"name\":\"Antwerp Luxury Candle Supplies\",\"url\":\"https:\\\/\\\/luxurycandlesupplies.eu\\\/\",\"logo\":{\"@type\":\"ImageObject\",\"inLanguage\":\"fr-FR\",\"@id\":\"https:\\\/\\\/luxurycandlesupplies.eu\\\/#\\\/schema\\\/logo\\\/image\\\/\",\"url\":\"https:\\\/\\\/luxurycandlesupplies.eu\\\/app\\\/uploads\\\/2022\\\/03\\\/antwerp-luxury-candle-supplies-1x.png\",\"contentUrl\":\"https:\\\/\\\/luxurycandlesupplies.eu\\\/app\\\/uploads\\\/2022\\\/03\\\/antwerp-luxury-candle-supplies-1x.png\",\"width\":330,\"height\":60,\"caption\":\"Antwerp Luxury Candle Supplies\"},\"image\":{\"@id\":\"https:\\\/\\\/luxurycandlesupplies.eu\\\/#\\\/schema\\\/logo\\\/image\\\/\"},\"sameAs\":[\"https:\\\/\\\/www.facebook.com\\\/Antwerpluxurycandlesupplies\\\/\",\"https:\\\/\\\/www.instagram.com\\\/antwerp_luxury_candle_supplies\\\/\",\"https:\\\/\\\/pin.it\\\/7joOXRW\"]}]}<\/script>","yoast_head_json":{"title":"Base pour diffuseur Augeo - Antwerp Luxury Candle Supplies","robots":{"index":"index","follow":"follow","max-snippet":"max-snippet:-1","max-image-preview":"max-image-preview:large","max-video-preview":"max-video-preview:-1"},"canonical":"https:\/\/luxurycandlesupplies.eu\/fr\/produit\/diffuseur-augeo-base-2\/","og_locale":"fr_FR","og_type":"article","og_title":"Augeo Diffuser Base - Antwerp Luxury Candle Supplies","og_description":"DESCRIPTION   &nbsp; AUGEO  The best performing 'vegan-friendly' diffuser base on the market. &nbsp;  Augeo is a state of the art diffuser base, made from renewable resources, and pioneered using innovative technology - arguably the best 'eco-friendly' base for\u00a0diffuser making\u00a0available on the market.","og_url":"https:\/\/luxurycandlesupplies.eu\/fr\/produit\/diffuseur-augeo-base-2\/","og_site_name":"Antwerp Luxury Candle Supplies","article_publisher":"https:\/\/www.facebook.com\/Antwerpluxurycandlesupplies\/","article_modified_time":"2026-04-27T08:43:28+00:00","og_image":[{"width":1080,"height":1080,"url":"https:\/\/luxurycandlesupplies.eu\/app\/uploads\/2024\/05\/Augeo.png","type":"image\/png"}],"twitter_card":"summary_large_image","twitter_misc":{"Dur\u00e9e de lecture estim\u00e9e":"2 minutes"},"schema":{"@context":"https:\/\/schema.org","@graph":[{"@type":"WebPage","@id":"https:\/\/luxurycandlesupplies.eu\/product\/augeo-diffuser-base-2\/","url":"https:\/\/luxurycandlesupplies.eu\/product\/augeo-diffuser-base-2\/","name":"Base pour diffuseur Augeo - Antwerp Luxury Candle Supplies","isPartOf":{"@id":"https:\/\/luxurycandlesupplies.eu\/#website"},"primaryImageOfPage":{"@id":"https:\/\/luxurycandlesupplies.eu\/product\/augeo-diffuser-base-2\/#primaryimage"},"image":{"@id":"https:\/\/luxurycandlesupplies.eu\/product\/augeo-diffuser-base-2\/#primaryimage"},"thumbnailUrl":"https:\/\/luxurycandlesupplies.eu\/app\/uploads\/2024\/05\/Augeo.png","datePublished":"2026-04-24T12:53:00+00:00","dateModified":"2026-04-27T08:43:28+00:00","breadcrumb":{"@id":"https:\/\/luxurycandlesupplies.eu\/product\/augeo-diffuser-base-2\/#breadcrumb"},"inLanguage":"fr-FR","potentialAction":[{"@type":"ReadAction","target":["https:\/\/luxurycandlesupplies.eu\/product\/augeo-diffuser-base-2\/"]}]},{"@type":"ImageObject","inLanguage":"fr-FR","@id":"https:\/\/luxurycandlesupplies.eu\/product\/augeo-diffuser-base-2\/#primaryimage","url":"https:\/\/luxurycandlesupplies.eu\/app\/uploads\/2024\/05\/Augeo.png","contentUrl":"https:\/\/luxurycandlesupplies.eu\/app\/uploads\/2024\/05\/Augeo.png","width":1080,"height":1080},{"@type":"BreadcrumbList","@id":"https:\/\/luxurycandlesupplies.eu\/product\/augeo-diffuser-base-2\/#breadcrumb","itemListElement":[{"@type":"ListItem","position":1,"name":"Home","item":"https:\/\/luxurycandlesupplies.eu\/"},{"@type":"ListItem","position":2,"name":"Shop","item":"https:\/\/luxurycandlesupplies.eu\/shop\/"},{"@type":"ListItem","position":3,"name":"Augeo Diffuser Base"}]},{"@type":"WebSite","@id":"https:\/\/luxurycandlesupplies.eu\/#website","url":"https:\/\/luxurycandlesupplies.eu\/","name":"Anvers Fournitures de bougies de luxe","description":"Distributeur de cire de soja toutes saisons","publisher":{"@id":"https:\/\/luxurycandlesupplies.eu\/#organization"},"potentialAction":[{"@type":"SearchAction","target":{"@type":"EntryPoint","urlTemplate":"https:\/\/luxurycandlesupplies.eu\/?s={search_term_string}"},"query-input":{"@type":"PropertyValueSpecification","valueRequired":true,"valueName":"search_term_string"}}],"inLanguage":"fr-FR"},{"@type":"Organization","@id":"https:\/\/luxurycandlesupplies.eu\/#organization","name":"Anvers Fournitures de bougies de luxe","url":"https:\/\/luxurycandlesupplies.eu\/","logo":{"@type":"ImageObject","inLanguage":"fr-FR","@id":"https:\/\/luxurycandlesupplies.eu\/#\/schema\/logo\/image\/","url":"https:\/\/luxurycandlesupplies.eu\/app\/uploads\/2022\/03\/antwerp-luxury-candle-supplies-1x.png","contentUrl":"https:\/\/luxurycandlesupplies.eu\/app\/uploads\/2022\/03\/antwerp-luxury-candle-supplies-1x.png","width":330,"height":60,"caption":"Antwerp Luxury Candle Supplies"},"image":{"@id":"https:\/\/luxurycandlesupplies.eu\/#\/schema\/logo\/image\/"},"sameAs":["https:\/\/www.facebook.com\/Antwerpluxurycandlesupplies\/","https:\/\/www.instagram.com\/antwerp_luxury_candle_supplies\/","https:\/\/pin.it\/7joOXRW"]}]}},"_links":{"self":[{"href":"https:\/\/luxurycandlesupplies.eu\/fr\/wp-json\/wp\/v2\/product\/29855","targetHints":{"allow":["GET"]}}],"collection":[{"href":"https:\/\/luxurycandlesupplies.eu\/fr\/wp-json\/wp\/v2\/product"}],"about":[{"href":"https:\/\/luxurycandlesupplies.eu\/fr\/wp-json\/wp\/v2\/types\/product"}],"wp:featuredmedia":[{"embeddable":true,"href":"https:\/\/luxurycandlesupplies.eu\/fr\/wp-json\/wp\/v2\/media\/15957"}],"wp:attachment":[{"href":"https:\/\/luxurycandlesupplies.eu\/fr\/wp-json\/wp\/v2\/media?parent=29855"}],"wp:term":[{"taxonomy":"product_brand","embeddable":true,"href":"https:\/\/luxurycandlesupplies.eu\/fr\/wp-json\/wp\/v2\/product_brand?post=29855"},{"taxonomy":"product_cat","embeddable":true,"href":"https:\/\/luxurycandlesupplies.eu\/fr\/wp-json\/wp\/v2\/product_cat?post=29855"},{"taxonomy":"product_tag","embeddable":true,"href":"https:\/\/luxurycandlesupplies.eu\/fr\/wp-json\/wp\/v2\/product_tag?post=29855"}],"curies":[{"name":"wp","href":"https:\/\/api.w.org\/{rel}","templated":true}]}}