{"id":29878,"date":"2026-04-24T15:20:09","date_gmt":"2026-04-24T13:20:09","guid":{"rendered":"https:\/\/luxurycandlesupplies.eu\/?post_type=product&#038;p=29878"},"modified":"2026-04-24T15:49:03","modified_gmt":"2026-04-24T13:49:03","slug":"bergamote-patchouli-ufi-exempt-10","status":"publish","type":"product","link":"https:\/\/luxurycandlesupplies.eu\/fr\/product\/bergamot-patchouli-ufi-exempt-10\/","title":{"rendered":"Bergamote &amp; Patchouli - Exempt d'UFI 10%"},"content":{"rendered":"<h3>DESCRIPTION<\/h3>\n<p>&nbsp;<\/p>\n<h3>Bergamote et patchouli<\/h3>\n<div class=\"page\" title=\"Page 5\">\n<div class=\"layoutArea\">\n<div class=\"column\">\n<p>&nbsp;<\/p>\n<p>Un parfum \u00e0 la fois rafra\u00eechissant et bien ancr\u00e9 qui capture l'essence de l'air oc\u00e9anique rencontrant la terre. La bergamote lumineuse ouvre le parfum avec une note d'agrume croustillante, se transformant en un c\u0153ur de brise marine fra\u00eeche qui \u00e9voque les vagues et la libert\u00e9. Le fond de patchouli profond apporte chaleur et sophistication, laissant une impression sereine et durable.<\/p>\n<p>&nbsp;<\/p>\n<p>Sommet : Bergamote<br \/>\nC\u0153ur : Marine<br \/>\nBase : Patchouli<\/p>\n<\/div>\n<\/div>\n<\/div>\n<p>&nbsp;<\/p>\n<p>&nbsp;<\/p>\n<h3>NOTRE RECOMMANDATION<\/h3>\n<hr \/>\n<div>\n<p>L'utilisation des huiles de parfum d\u00e9pend du produit que vous cr\u00e9ez. Veuillez vous r\u00e9f\u00e9rer au guide ci-dessous pour obtenir des suggestions de ratios adapt\u00e9s \u00e0 votre produit.<\/p>\n<p>Veuillez noter que les valeurs ci-dessous ne sont que des suggestions. Nous recommandons aux utilisateurs de proc\u00e9der \u00e0 leurs propres essais avec les m\u00e9langes de cire et d'huile pr\u00e9vus pour obtenir des r\u00e9sultats optimaux.<\/p>\n<p>Bougies : 6-10%, max. 10% exempt\u00e9e de l'UFI<br \/>\nWaxmelts : 10-12%<\/p>\n<\/div>\n<h2><\/h2>\n<h3>INFORMATIONS SUR LES CLP ET LES SDS<\/h3>\n<hr \/>\n<div>\n<p><a href=\"https:\/\/luxurycandlesupplies.eu\/app\/uploads\/2025\/07\/SDS-ALCS-BEGAMOT-PATCHOULI-ENG.pdf\">SDS ALCS BEGAMOT &amp; PATCHOULI ENG<\/a><\/p>\n<\/div>\n<p><a href=\"https:\/\/luxurycandlesupplies.eu\/app\/uploads\/2025\/07\/IFRA-BERGAMOT-PATCHOULI.pdf\">BERGAMOTE ET PATCHOULI IFRA<\/a><\/p>\n<p><a href=\"https:\/\/luxurycandlesupplies.eu\/app\/uploads\/2025\/07\/CLP-label-_Bergamot-Patchouli-_-candle-10_Free-of-UFI.pdf\">Etiquette CLP _Bergamote &amp; Patchouli _ bougie 10%_Free of UFI<\/a><\/p>\n<p>&nbsp;<\/p>\n<p>UFI : P4D0-G0VR-S00E-3XGP<\/p>\n<p><img decoding=\"async\" class=\"alignnone wp-image-23489\" src=\"https:\/\/luxurycandlesupplies.eu\/app\/uploads\/2025\/07\/Danger-4-300x300.png\" alt=\"\" width=\"122\" height=\"122\" srcset=\"https:\/\/luxurycandlesupplies.eu\/app\/uploads\/2025\/07\/Danger-4-300x300.png 300w, https:\/\/luxurycandlesupplies.eu\/app\/uploads\/2025\/07\/Danger-4-1024x1024.png 1024w, https:\/\/luxurycandlesupplies.eu\/app\/uploads\/2025\/07\/Danger-4-150x150.png 150w, https:\/\/luxurycandlesupplies.eu\/app\/uploads\/2025\/07\/Danger-4-768x768.png 768w, https:\/\/luxurycandlesupplies.eu\/app\/uploads\/2025\/07\/Danger-4-12x12.png 12w, https:\/\/luxurycandlesupplies.eu\/app\/uploads\/2025\/07\/Danger-4-600x600.png 600w, https:\/\/luxurycandlesupplies.eu\/app\/uploads\/2025\/07\/Danger-4-100x100.png 100w, https:\/\/luxurycandlesupplies.eu\/app\/uploads\/2025\/07\/Danger-4.png 1080w\" sizes=\"(max-width: 122px) 100vw, 122px\" \/> <img decoding=\"async\" class=\"alignnone wp-image-23488\" src=\"https:\/\/luxurycandlesupplies.eu\/app\/uploads\/2025\/07\/Danger-3-300x300.png\" alt=\"\" width=\"122\" height=\"122\" srcset=\"https:\/\/luxurycandlesupplies.eu\/app\/uploads\/2025\/07\/Danger-3-300x300.png 300w, https:\/\/luxurycandlesupplies.eu\/app\/uploads\/2025\/07\/Danger-3-1024x1024.png 1024w, https:\/\/luxurycandlesupplies.eu\/app\/uploads\/2025\/07\/Danger-3-150x150.png 150w, https:\/\/luxurycandlesupplies.eu\/app\/uploads\/2025\/07\/Danger-3-768x768.png 768w, https:\/\/luxurycandlesupplies.eu\/app\/uploads\/2025\/07\/Danger-3-12x12.png 12w, https:\/\/luxurycandlesupplies.eu\/app\/uploads\/2025\/07\/Danger-3-600x600.png 600w, https:\/\/luxurycandlesupplies.eu\/app\/uploads\/2025\/07\/Danger-3-100x100.png 100w, https:\/\/luxurycandlesupplies.eu\/app\/uploads\/2025\/07\/Danger-3.png 1080w\" sizes=\"(max-width: 122px) 100vw, 122px\" \/><\/p>\n<p><strong>Bergamote et Patchouli NL<\/strong><\/p>\n<p>H315 Veroorzaakt huidirritatie. H319 Risque d'oogirritatie persistante. H317 Peut provoquer une r\u00e9action allergique.<br \/>\nveroorzaken. H411 Giftig voor in het water levende organismen, met langdurige gevolgen. P264 Na het<br \/>\nwerken met dit product aangetaste gebieden grondig wassen. P280 Beschermende<br \/>\nhandschoenen\/beschermende kleding\/oogbescherming\/gelaatsbescherming dragen. P321 Sp\u00e9cification<br \/>\nbehandeling vereist (zie op dit etiket). P362 Verontreinigde kleding uittrekken. P302+P352 BIJ CONTACT MET<br \/>\nDE HUID : met veel water en zeep wassen. P332+P313 Bij huidirritatie : een arts raadplegen. P305+P351+P338<br \/>\nBIJ CONTACT MET DE OGEN : contacts fr\u00e9quents avec l'eau pendant un certain temps, avec des lentilles de contact.<br \/>\nverwijderen, indien mogelijk ; blijven spoelen. P337+P313 Bij aanhoudende oogirritatie : een arts raadplegen.<br \/>\nP261 Inademing van stof\/rook\/gas\/nevel\/damp\/spuitnevel vermijden. P272 Verontreinigde werkkleding mag<br \/>\nde werkruimte niet verlaten. P363 Verontreinigde kleding wassen alvorens deze opnieuw te gebruiken. P501<br \/>\nL'importation et l'exportation sont soumises \u00e0 une proc\u00e9dure d'approbation conforme \u00e0 la r\u00e9glementation VLAREMA et OVAM.<br \/>\nP333+P313 Bij huidirritatie of uitslag : een arts raadplegen. P273 Le travail en milieu ouvert. P391<br \/>\nLe syst\u00e8me d'alimentation en eau potable Gelekte\/gemorste stof opruimen.<\/p>\n<p>&nbsp;<\/p>\n<p><strong>Bergamote et Patchouli FR<\/strong><\/p>\n<p>H315 Provoque une irritation cutan\u00e9e. H319 Provoque une s\u00e9v\u00e8re irritation des yeux. H317 Peut provoquer<br \/>\nune r\u00e9action allergique cutan\u00e9e. H411 Toxique pour les organismes aquatiques, entra\u00eene des effets n\u00e9fastes<br \/>\n\u00e0 long terme. P264 Lavez soigneusement les zones touch\u00e9es apr\u00e8s manipulation. P280 Porter des gants de<br \/>\nprotection\/des v\u00eatements de protection\/une protection des yeux\/du visage. P321 Traitement sp\u00e9cifique<br \/>\nrequis (voir sur l'\u00e9tiquette). P362 Retirer les v\u00eatements contamin\u00e9s. P302+P352 EN CAS DE CONTACT AVEC<br \/>\nLA PEAU : laver abondamment \u00e0 l'eau et au savon. P332+P313 En cas d'irritation cutan\u00e9e : consulter un<br \/>\nm\u00e9decin. P305+P351+P338 EN CAS DE CONTACT AVEC LES YEUX : rincer avec pr\u00e9caution \u00e0 l'eau pendant<br \/>\nplusieurs minutes ; retirer les lentilles si possible ; continuer \u00e0 rincer. P337+P313 En cas d'irritation oculaire<br \/>\npersistante : consulter un m\u00e9decin. P261 \u00c9viter de respirer les<br \/>\npoussi\u00e8res\/fum\u00e9es\/gaz\/brouillards\/vapeurs\/a\u00e9rosols. P272 Les v\u00eatements de travail contamin\u00e9s ne doivent<br \/>\npas sortir du lieu de travail. P363 Laver les v\u00eatements contamin\u00e9s avant de les r\u00e9utiliser. P501 \u00c9liminer le<br \/>\ncontenu\/le r\u00e9cipient via un collecteur de d\u00e9chets agr\u00e9\u00e9 conform\u00e9ment \u00e0 la r\u00e9glementation VLAREMA et<br \/>\nOVAM. P333+P313 En cas d'irritation ou d'\u00e9ruption cutan\u00e9e : consulter un m\u00e9decin. P273 \u00c9viter le rejet dans<br \/>\nl'environnement. P391 \u00c9liminer la substance r\u00e9pandue.<\/p>\n<p>&nbsp;<\/p>\n<p><strong>Bergamote et Patchouli ENG<\/strong><\/p>\n<p>H315 Provoque une irritation de la peau. H319 Provoque une grave irritation des yeux. H317 Peut provoquer une r\u00e9action allergique cutan\u00e9e.<br \/>\nH411 Toxique pour la vie aquatique avec des effets \u00e0 long terme. P264 Se laver soigneusement apr\u00e8s manipulation. P280 Porter<br \/>\ngants de protection\/v\u00eatements de protection\/protection des yeux\/protection du visage. P321 Traitement sp\u00e9cifique requis (voir<br \/>\nsur l'\u00e9tiquette). P362 Enlever les v\u00eatements contamin\u00e9s. P302+P352 EN CAS DE CONTACT AVEC LA PEAU : Laver abondamment \u00e0 l'eau et au savon.<br \/>\nP332+P313 En cas d'irritation de la peau : Consulter un m\u00e9decin. P305+P351+P338 EN CAS DE CONTACT AVEC LES YEUX : Rincer prudemment avec de l'eau.<br \/>\nde l'eau pendant plusieurs minutes. Retirer les lentilles de contact si elles sont pr\u00e9sentes et si cela est facile \u00e0 faire. Poursuivre le rin\u00e7age. P337+P313 Si<br \/>\nl'irritation des yeux persiste : Consulter un m\u00e9decin. P261 \u00c9viter de respirer les poussi\u00e8res\/fum\u00e9es\/gaz\/brouillards\/vapeurs\/a\u00e9rosols. P272<br \/>\nLes v\u00eatements de travail contamin\u00e9s ne doivent pas sortir du lieu de travail. P363 Laver les v\u00eatements contamin\u00e9s<br \/>\navant r\u00e9utilisation. P501 \u00c9liminer le contenu\/r\u00e9cipient par l'interm\u00e9diaire d'un collecteur de d\u00e9chets agr\u00e9\u00e9, conform\u00e9ment \u00e0 la r\u00e9glementation en vigueur.<br \/>\nR\u00e9glementation VLAREMA et OVAM. P333+P313 En cas d'irritation de la peau ou d'\u00e9ruption cutan\u00e9e : Consulter un m\u00e9decin. P273 \u00c9viter<br \/>\nrejeter dans l'environnement. P391 Recueillir le produit r\u00e9pandu.<\/p>","protected":false},"excerpt":{"rendered":"<p>DESCRIPTION &nbsp; Bergamot &amp; Patchouli &nbsp; A refreshing yet grounded fragrance that captures the essence of ocean air meeting earth. Bright bergamot opens the scent with a crisp citrus note, flowing into a heart of cool marine breeze that evokes waves and freedom. The base of deep patchouli adds warmth and sophistication, leaving a serene [&hellip;]<\/p>\n","protected":false},"featured_media":22365,"template":"","meta":{"_acf_changed":false,"site-sidebar-layout":"default","site-content-layout":"default","ast-site-content-layout":"default","site-content-style":"default","site-sidebar-style":"default","ast-global-header-display":"","ast-banner-title-visibility":"","ast-main-header-display":"","ast-hfb-above-header-display":"","ast-hfb-below-header-display":"","ast-hfb-mobile-header-display":"","site-post-title":"","ast-breadcrumbs-content":"","ast-featured-img":"","footer-sml-layout":"","ast-disable-related-posts":"","theme-transparent-header-meta":"default","adv-header-id-meta":"","stick-header-meta":"","header-above-stick-meta":"","header-main-stick-meta":"","header-below-stick-meta":"","astra-migrate-meta-layouts":"set","ast-page-background-enabled":"default","ast-page-background-meta":{"desktop":{"background-color":"","background-image":"","background-repeat":"repeat","background-position":"center center","background-size":"auto","background-attachment":"scroll","background-type":"","background-media":"","overlay-type":"","overlay-color":"","overlay-opacity":"","overlay-gradient":""},"tablet":{"background-color":"","background-image":"","background-repeat":"repeat","background-position":"center center","background-size":"auto","background-attachment":"scroll","background-type":"","background-media":"","overlay-type":"","overlay-color":"","overlay-opacity":"","overlay-gradient":""},"mobile":{"background-color":"","background-image":"","background-repeat":"repeat","background-position":"center center","background-size":"auto","background-attachment":"scroll","background-type":"","background-media":"","overlay-type":"","overlay-color":"","overlay-opacity":"","overlay-gradient":""}},"ast-content-background-meta":{"desktop":{"background-color":"var(--ast-global-color-5)","background-image":"","background-repeat":"repeat","background-position":"center center","background-size":"auto","background-attachment":"scroll","background-type":"","background-media":"","overlay-type":"","overlay-color":"","overlay-opacity":"","overlay-gradient":""},"tablet":{"background-color":"var(--ast-global-color-5)","background-image":"","background-repeat":"repeat","background-position":"center center","background-size":"auto","background-attachment":"scroll","background-type":"","background-media":"","overlay-type":"","overlay-color":"","overlay-opacity":"","overlay-gradient":""},"mobile":{"background-color":"var(--ast-global-color-5)","background-image":"","background-repeat":"repeat","background-position":"center center","background-size":"auto","background-attachment":"scroll","background-type":"","background-media":"","overlay-type":"","overlay-color":"","overlay-opacity":"","overlay-gradient":""}}},"product_brand":[],"product_cat":[25,1681],"product_tag":[441,31,23,30,20,434,27,22],"class_list":{"0":"post-29878","1":"product","2":"type-product","3":"status-publish","4":"has-post-thumbnail","6":"product_cat-fragrances","7":"product_cat-fragrances-ufi-exempt","8":"product_tag-bergamot","9":"product_tag-m12-wax","10":"product_tag-s100-wax","11":"product_tag-s16-wax","12":"product_tag-soy-wax","13":"product_tag-vanilla","14":"product_tag-vegan-wax","15":"product_tag-wax","16":"desktop-align-left","17":"tablet-align-left","18":"mobile-align-left","19":"ast-product-gallery-layout-horizontal-slider","20":"ast-product-single-variable","21":"ast-product-tabs-layout-horizontal","23":"first","24":"instock","25":"taxable","26":"shipping-taxable","27":"purchasable","28":"product-type-variable"},"acf":[],"yoast_head":"<title>Bergamot &amp; Patchouli - UFI Exempt 10% - Antwerp Luxury Candle Supplies<\/title>\n<meta name=\"description\" content=\"A refreshing yet grounded fragrance that captures the essence of ocean air meeting earth. Bright bergamot opens the scent with a crisp citrus note, flowing into a heart of cool marine breeze that evokes waves and freedom. The base of deep patchouli adds warmth and sophistication, leaving a serene and lasting impression.\" \/>\n<meta name=\"robots\" content=\"index, follow, max-snippet:-1, max-image-preview:large, max-video-preview:-1\" \/>\n<link rel=\"canonical\" href=\"https:\/\/luxurycandlesupplies.eu\/fr\/produit\/bergamote-patchouli-ufi-exempt-10\/\" \/>\n<meta property=\"og:locale\" content=\"fr_FR\" \/>\n<meta property=\"og:type\" content=\"article\" \/>\n<meta property=\"og:title\" content=\"Bergamot &amp; Patchouli - UFI Exempt 10% - Antwerp Luxury Candle Supplies\" \/>\n<meta property=\"og:description\" content=\"A refreshing yet grounded fragrance that captures the essence of ocean air meeting earth. Bright bergamot opens the scent with a crisp citrus note, flowing into a heart of cool marine breeze that evokes waves and freedom. The base of deep patchouli adds warmth and sophistication, leaving a serene and lasting impression.\" \/>\n<meta property=\"og:url\" content=\"https:\/\/luxurycandlesupplies.eu\/fr\/produit\/bergamote-patchouli-ufi-exempt-10\/\" \/>\n<meta property=\"og:site_name\" content=\"Antwerp Luxury Candle Supplies\" \/>\n<meta property=\"article:publisher\" content=\"https:\/\/www.facebook.com\/Antwerpluxurycandlesupplies\/\" \/>\n<meta property=\"article:modified_time\" content=\"2026-04-24T13:49:03+00:00\" \/>\n<meta property=\"og:image\" content=\"https:\/\/luxurycandlesupplies.eu\/app\/uploads\/2025\/07\/Bergamot-1-1024x1024.png\" \/>\n\t<meta property=\"og:image:width\" content=\"1024\" \/>\n\t<meta property=\"og:image:height\" content=\"1024\" \/>\n\t<meta property=\"og:image:type\" content=\"image\/png\" \/>\n<meta name=\"twitter:card\" content=\"summary_large_image\" \/>\n<meta name=\"twitter:label1\" content=\"Dur\u00e9e de lecture estim\u00e9e\" \/>\n\t<meta name=\"twitter:data1\" content=\"4 minutes\" \/>\n<script type=\"application\/ld+json\" class=\"yoast-schema-graph\">{\"@context\":\"https:\\\/\\\/schema.org\",\"@graph\":[{\"@type\":\"WebPage\",\"@id\":\"https:\\\/\\\/luxurycandlesupplies.eu\\\/product\\\/bergamot-patchouli-ufi-exempt-10\\\/\",\"url\":\"https:\\\/\\\/luxurycandlesupplies.eu\\\/product\\\/bergamot-patchouli-ufi-exempt-10\\\/\",\"name\":\"Bergamot & Patchouli - UFI Exempt 10% - Antwerp Luxury Candle Supplies\",\"isPartOf\":{\"@id\":\"https:\\\/\\\/luxurycandlesupplies.eu\\\/#website\"},\"primaryImageOfPage\":{\"@id\":\"https:\\\/\\\/luxurycandlesupplies.eu\\\/product\\\/bergamot-patchouli-ufi-exempt-10\\\/#primaryimage\"},\"image\":{\"@id\":\"https:\\\/\\\/luxurycandlesupplies.eu\\\/product\\\/bergamot-patchouli-ufi-exempt-10\\\/#primaryimage\"},\"thumbnailUrl\":\"https:\\\/\\\/luxurycandlesupplies.eu\\\/app\\\/uploads\\\/2025\\\/07\\\/Bergamot-1.png\",\"datePublished\":\"2026-04-24T13:20:09+00:00\",\"dateModified\":\"2026-04-24T13:49:03+00:00\",\"description\":\"A refreshing yet grounded fragrance that captures the essence of ocean air meeting earth. Bright bergamot opens the scent with a crisp citrus note, flowing into a heart of cool marine breeze that evokes waves and freedom. The base of deep patchouli adds warmth and sophistication, leaving a serene and lasting impression.\",\"breadcrumb\":{\"@id\":\"https:\\\/\\\/luxurycandlesupplies.eu\\\/product\\\/bergamot-patchouli-ufi-exempt-10\\\/#breadcrumb\"},\"inLanguage\":\"fr-FR\",\"potentialAction\":[{\"@type\":\"ReadAction\",\"target\":[\"https:\\\/\\\/luxurycandlesupplies.eu\\\/product\\\/bergamot-patchouli-ufi-exempt-10\\\/\"]}]},{\"@type\":\"ImageObject\",\"inLanguage\":\"fr-FR\",\"@id\":\"https:\\\/\\\/luxurycandlesupplies.eu\\\/product\\\/bergamot-patchouli-ufi-exempt-10\\\/#primaryimage\",\"url\":\"https:\\\/\\\/luxurycandlesupplies.eu\\\/app\\\/uploads\\\/2025\\\/07\\\/Bergamot-1.png\",\"contentUrl\":\"https:\\\/\\\/luxurycandlesupplies.eu\\\/app\\\/uploads\\\/2025\\\/07\\\/Bergamot-1.png\",\"width\":1080,\"height\":1080},{\"@type\":\"BreadcrumbList\",\"@id\":\"https:\\\/\\\/luxurycandlesupplies.eu\\\/product\\\/bergamot-patchouli-ufi-exempt-10\\\/#breadcrumb\",\"itemListElement\":[{\"@type\":\"ListItem\",\"position\":1,\"name\":\"Home\",\"item\":\"https:\\\/\\\/luxurycandlesupplies.eu\\\/\"},{\"@type\":\"ListItem\",\"position\":2,\"name\":\"Shop\",\"item\":\"https:\\\/\\\/luxurycandlesupplies.eu\\\/shop\\\/\"},{\"@type\":\"ListItem\",\"position\":3,\"name\":\"Bergamot &#038; Patchouli &#8211; UFI Exempt 10%\"}]},{\"@type\":\"WebSite\",\"@id\":\"https:\\\/\\\/luxurycandlesupplies.eu\\\/#website\",\"url\":\"https:\\\/\\\/luxurycandlesupplies.eu\\\/\",\"name\":\"Antwerp Luxury Candle Supplies\",\"description\":\"Distributor of all seasons soy wax\",\"publisher\":{\"@id\":\"https:\\\/\\\/luxurycandlesupplies.eu\\\/#organization\"},\"potentialAction\":[{\"@type\":\"SearchAction\",\"target\":{\"@type\":\"EntryPoint\",\"urlTemplate\":\"https:\\\/\\\/luxurycandlesupplies.eu\\\/?s={search_term_string}\"},\"query-input\":{\"@type\":\"PropertyValueSpecification\",\"valueRequired\":true,\"valueName\":\"search_term_string\"}}],\"inLanguage\":\"fr-FR\"},{\"@type\":\"Organization\",\"@id\":\"https:\\\/\\\/luxurycandlesupplies.eu\\\/#organization\",\"name\":\"Antwerp Luxury Candle Supplies\",\"url\":\"https:\\\/\\\/luxurycandlesupplies.eu\\\/\",\"logo\":{\"@type\":\"ImageObject\",\"inLanguage\":\"fr-FR\",\"@id\":\"https:\\\/\\\/luxurycandlesupplies.eu\\\/#\\\/schema\\\/logo\\\/image\\\/\",\"url\":\"https:\\\/\\\/luxurycandlesupplies.eu\\\/app\\\/uploads\\\/2022\\\/03\\\/antwerp-luxury-candle-supplies-1x.png\",\"contentUrl\":\"https:\\\/\\\/luxurycandlesupplies.eu\\\/app\\\/uploads\\\/2022\\\/03\\\/antwerp-luxury-candle-supplies-1x.png\",\"width\":330,\"height\":60,\"caption\":\"Antwerp Luxury Candle Supplies\"},\"image\":{\"@id\":\"https:\\\/\\\/luxurycandlesupplies.eu\\\/#\\\/schema\\\/logo\\\/image\\\/\"},\"sameAs\":[\"https:\\\/\\\/www.facebook.com\\\/Antwerpluxurycandlesupplies\\\/\",\"https:\\\/\\\/www.instagram.com\\\/antwerp_luxury_candle_supplies\\\/\",\"https:\\\/\\\/pin.it\\\/7joOXRW\"]}]}<\/script>","yoast_head_json":{"title":"Bergamote &amp; Patchouli - Exempt d'UFI 10% - Antwerp Luxury Candle Supplies","description":"Un parfum \u00e0 la fois rafra\u00eechissant et bien ancr\u00e9 qui capture l'essence de l'air oc\u00e9anique rencontrant la terre. La bergamote lumineuse ouvre le parfum avec une note d'agrume croustillante, se transformant en un c\u0153ur de brise marine fra\u00eeche qui \u00e9voque les vagues et la libert\u00e9. Le fond de patchouli profond apporte chaleur et sophistication, laissant une impression sereine et durable.","robots":{"index":"index","follow":"follow","max-snippet":"max-snippet:-1","max-image-preview":"max-image-preview:large","max-video-preview":"max-video-preview:-1"},"canonical":"https:\/\/luxurycandlesupplies.eu\/fr\/produit\/bergamote-patchouli-ufi-exempt-10\/","og_locale":"fr_FR","og_type":"article","og_title":"Bergamot & Patchouli - UFI Exempt 10% - Antwerp Luxury Candle Supplies","og_description":"A refreshing yet grounded fragrance that captures the essence of ocean air meeting earth. Bright bergamot opens the scent with a crisp citrus note, flowing into a heart of cool marine breeze that evokes waves and freedom. The base of deep patchouli adds warmth and sophistication, leaving a serene and lasting impression.","og_url":"https:\/\/luxurycandlesupplies.eu\/fr\/produit\/bergamote-patchouli-ufi-exempt-10\/","og_site_name":"Antwerp Luxury Candle Supplies","article_publisher":"https:\/\/www.facebook.com\/Antwerpluxurycandlesupplies\/","article_modified_time":"2026-04-24T13:49:03+00:00","og_image":[{"width":1024,"height":1024,"url":"https:\/\/luxurycandlesupplies.eu\/app\/uploads\/2025\/07\/Bergamot-1-1024x1024.png","type":"image\/png"}],"twitter_card":"summary_large_image","twitter_misc":{"Dur\u00e9e de lecture estim\u00e9e":"4 minutes"},"schema":{"@context":"https:\/\/schema.org","@graph":[{"@type":"WebPage","@id":"https:\/\/luxurycandlesupplies.eu\/product\/bergamot-patchouli-ufi-exempt-10\/","url":"https:\/\/luxurycandlesupplies.eu\/product\/bergamot-patchouli-ufi-exempt-10\/","name":"Bergamote &amp; Patchouli - Exempt d'UFI 10% - Antwerp Luxury Candle Supplies","isPartOf":{"@id":"https:\/\/luxurycandlesupplies.eu\/#website"},"primaryImageOfPage":{"@id":"https:\/\/luxurycandlesupplies.eu\/product\/bergamot-patchouli-ufi-exempt-10\/#primaryimage"},"image":{"@id":"https:\/\/luxurycandlesupplies.eu\/product\/bergamot-patchouli-ufi-exempt-10\/#primaryimage"},"thumbnailUrl":"https:\/\/luxurycandlesupplies.eu\/app\/uploads\/2025\/07\/Bergamot-1.png","datePublished":"2026-04-24T13:20:09+00:00","dateModified":"2026-04-24T13:49:03+00:00","description":"Un parfum \u00e0 la fois rafra\u00eechissant et bien ancr\u00e9 qui capture l'essence de l'air oc\u00e9anique rencontrant la terre. La bergamote lumineuse ouvre le parfum avec une note d'agrume croustillante, se transformant en un c\u0153ur de brise marine fra\u00eeche qui \u00e9voque les vagues et la libert\u00e9. Le fond de patchouli profond apporte chaleur et sophistication, laissant une impression sereine et durable.","breadcrumb":{"@id":"https:\/\/luxurycandlesupplies.eu\/product\/bergamot-patchouli-ufi-exempt-10\/#breadcrumb"},"inLanguage":"fr-FR","potentialAction":[{"@type":"ReadAction","target":["https:\/\/luxurycandlesupplies.eu\/product\/bergamot-patchouli-ufi-exempt-10\/"]}]},{"@type":"ImageObject","inLanguage":"fr-FR","@id":"https:\/\/luxurycandlesupplies.eu\/product\/bergamot-patchouli-ufi-exempt-10\/#primaryimage","url":"https:\/\/luxurycandlesupplies.eu\/app\/uploads\/2025\/07\/Bergamot-1.png","contentUrl":"https:\/\/luxurycandlesupplies.eu\/app\/uploads\/2025\/07\/Bergamot-1.png","width":1080,"height":1080},{"@type":"BreadcrumbList","@id":"https:\/\/luxurycandlesupplies.eu\/product\/bergamot-patchouli-ufi-exempt-10\/#breadcrumb","itemListElement":[{"@type":"ListItem","position":1,"name":"Home","item":"https:\/\/luxurycandlesupplies.eu\/"},{"@type":"ListItem","position":2,"name":"Shop","item":"https:\/\/luxurycandlesupplies.eu\/shop\/"},{"@type":"ListItem","position":3,"name":"Bergamot &#038; Patchouli &#8211; UFI Exempt 10%"}]},{"@type":"WebSite","@id":"https:\/\/luxurycandlesupplies.eu\/#website","url":"https:\/\/luxurycandlesupplies.eu\/","name":"Anvers Fournitures de bougies de luxe","description":"Distributeur de cire de soja toutes saisons","publisher":{"@id":"https:\/\/luxurycandlesupplies.eu\/#organization"},"potentialAction":[{"@type":"SearchAction","target":{"@type":"EntryPoint","urlTemplate":"https:\/\/luxurycandlesupplies.eu\/?s={search_term_string}"},"query-input":{"@type":"PropertyValueSpecification","valueRequired":true,"valueName":"search_term_string"}}],"inLanguage":"fr-FR"},{"@type":"Organization","@id":"https:\/\/luxurycandlesupplies.eu\/#organization","name":"Anvers Fournitures de bougies de luxe","url":"https:\/\/luxurycandlesupplies.eu\/","logo":{"@type":"ImageObject","inLanguage":"fr-FR","@id":"https:\/\/luxurycandlesupplies.eu\/#\/schema\/logo\/image\/","url":"https:\/\/luxurycandlesupplies.eu\/app\/uploads\/2022\/03\/antwerp-luxury-candle-supplies-1x.png","contentUrl":"https:\/\/luxurycandlesupplies.eu\/app\/uploads\/2022\/03\/antwerp-luxury-candle-supplies-1x.png","width":330,"height":60,"caption":"Antwerp Luxury Candle Supplies"},"image":{"@id":"https:\/\/luxurycandlesupplies.eu\/#\/schema\/logo\/image\/"},"sameAs":["https:\/\/www.facebook.com\/Antwerpluxurycandlesupplies\/","https:\/\/www.instagram.com\/antwerp_luxury_candle_supplies\/","https:\/\/pin.it\/7joOXRW"]}]}},"_links":{"self":[{"href":"https:\/\/luxurycandlesupplies.eu\/fr\/wp-json\/wp\/v2\/product\/29878","targetHints":{"allow":["GET"]}}],"collection":[{"href":"https:\/\/luxurycandlesupplies.eu\/fr\/wp-json\/wp\/v2\/product"}],"about":[{"href":"https:\/\/luxurycandlesupplies.eu\/fr\/wp-json\/wp\/v2\/types\/product"}],"wp:featuredmedia":[{"embeddable":true,"href":"https:\/\/luxurycandlesupplies.eu\/fr\/wp-json\/wp\/v2\/media\/22365"}],"wp:attachment":[{"href":"https:\/\/luxurycandlesupplies.eu\/fr\/wp-json\/wp\/v2\/media?parent=29878"}],"wp:term":[{"taxonomy":"product_brand","embeddable":true,"href":"https:\/\/luxurycandlesupplies.eu\/fr\/wp-json\/wp\/v2\/product_brand?post=29878"},{"taxonomy":"product_cat","embeddable":true,"href":"https:\/\/luxurycandlesupplies.eu\/fr\/wp-json\/wp\/v2\/product_cat?post=29878"},{"taxonomy":"product_tag","embeddable":true,"href":"https:\/\/luxurycandlesupplies.eu\/fr\/wp-json\/wp\/v2\/product_tag?post=29878"}],"curies":[{"name":"wp","href":"https:\/\/api.w.org\/{rel}","templated":true}]}}