{"id":29897,"date":"2026-04-24T15:54:11","date_gmt":"2026-04-24T13:54:11","guid":{"rendered":"https:\/\/luxurycandlesupplies.eu\/?post_type=product&#038;p=29897"},"modified":"2026-04-24T15:55:09","modified_gmt":"2026-04-24T13:55:09","slug":"pomme-cuite-vanille-ufi-exempt","status":"publish","type":"product","link":"https:\/\/luxurycandlesupplies.eu\/fr\/product\/baked-apple-vanilla-ufi-exempt\/","title":{"rendered":"Pommes cuites \u00e0 la vanille - Exemption de l'UFI <8%"},"content":{"rendered":"<h3>DESCRIPTION<\/h3>\n<p>&nbsp;<\/p>\n<h3>Pomme cuite \u00e0 la vanille<\/h3>\n<div class=\"page\" title=\"Page 5\">\n<div class=\"layoutArea\">\n<div class=\"column\">\n<p>&nbsp;<\/p>\n<p>Les pommes juteuses cuites au four se fondent dans la vanille cr\u00e9meuse, cr\u00e9ant un parfum sucr\u00e9 et nostalgique qui ressemble \u00e0 un dessert chaud tout droit sorti du four !<\/p>\n<p>&nbsp;<\/p>\n<p>Haut : Rhubard, Cranberry<br \/>\nCoeur : Pomme, fruits rouges<br \/>\nBase : Vanille, girofle<\/p>\n<\/div>\n<\/div>\n<\/div>\n<p>&nbsp;<\/p>\n<p>&nbsp;<\/p>\n<h3>NOTRE RECOMMANDATION<\/h3>\n<hr \/>\n<div>\n<p>L'utilisation des huiles de parfum d\u00e9pend du produit que vous cr\u00e9ez. Veuillez vous r\u00e9f\u00e9rer au guide ci-dessous pour obtenir des suggestions de ratios adapt\u00e9s \u00e0 votre produit.<\/p>\n<p>Veuillez noter que les valeurs ci-dessous ne sont que des suggestions. Nous recommandons aux utilisateurs de proc\u00e9der \u00e0 leurs propres essais avec les m\u00e9langes de cire et d'huile pr\u00e9vus pour obtenir des r\u00e9sultats optimaux.<\/p>\n<p>Bougies : 6-10%, max. 8% exempt\u00e9e de l'UFI<br \/>\nWaxmelts : 10-12%<\/p>\n<\/div>\n<h2><\/h2>\n<h3>INFORMATIONS SUR LES CLP ET LES SDS<\/h3>\n<hr \/>\n<div>\n<p><a href=\"https:\/\/luxurycandlesupplies.eu\/app\/uploads\/2025\/07\/SDS-Baked-Apple-Vanilla-1.pdf\">SDS Pomme au four Vanille<\/a><\/p>\n<\/div>\n<p><a href=\"https:\/\/luxurycandlesupplies.eu\/app\/uploads\/2025\/07\/IFRA-BAKED-APPLE-VANILLA.pdf\">POMME AU FOUR IFRA VANILLE<\/a><\/p>\n<p><a href=\"https:\/\/luxurycandlesupplies.eu\/app\/uploads\/2025\/07\/CLP-label-_-Baked-Apple-Vanilla-_-candle-8_Free-of-UFI.pdf\">Etiquette CLP _ Pomme cuite Vanille _ bougie 8%_Free of UFI<\/a><\/p>\n<p>&nbsp;<\/p>\n<p>UFI : X1D0-006C-F00X-FKWM<\/p>\n<p><img decoding=\"async\" class=\"alignnone wp-image-23488\" src=\"https:\/\/luxurycandlesupplies.eu\/app\/uploads\/2025\/07\/Danger-3-300x300.png\" alt=\"\" width=\"122\" height=\"122\" srcset=\"https:\/\/luxurycandlesupplies.eu\/app\/uploads\/2025\/07\/Danger-3-300x300.png 300w, https:\/\/luxurycandlesupplies.eu\/app\/uploads\/2025\/07\/Danger-3-1024x1024.png 1024w, https:\/\/luxurycandlesupplies.eu\/app\/uploads\/2025\/07\/Danger-3-150x150.png 150w, https:\/\/luxurycandlesupplies.eu\/app\/uploads\/2025\/07\/Danger-3-768x768.png 768w, https:\/\/luxurycandlesupplies.eu\/app\/uploads\/2025\/07\/Danger-3-12x12.png 12w, https:\/\/luxurycandlesupplies.eu\/app\/uploads\/2025\/07\/Danger-3-600x600.png 600w, https:\/\/luxurycandlesupplies.eu\/app\/uploads\/2025\/07\/Danger-3-100x100.png 100w, https:\/\/luxurycandlesupplies.eu\/app\/uploads\/2025\/07\/Danger-3.png 1080w\" sizes=\"(max-width: 122px) 100vw, 122px\" \/><\/p>\n<p><strong>Pommes cuites \u00e0 la vanille NL<\/strong><\/p>\n<p>H317 Peut provoquer une r\u00e9action allergique. H412 Schadelijk voor in het water levende<br \/>\norganismes, met langdurige gevolgen. P261 Inademing van stof\/rook\/gas\/nevel\/damp\/spuitnevel<br \/>\nvermijden. P272 Verontreinigde werkkleding mag de werkruimte niet verlaten. P280 Beschermende<br \/>\nhandschoenen\/beschermende kleding\/oogbescherming\/gelaatsbescherming dragen. P321 Sp\u00e9cification<br \/>\nbehandeling vereist (zie op dit etiket). P363 Verontreinigde kleding wassen alvorens deze opnieuw te<br \/>\ngebruiken. P501 Inhoud\/verpakking afvoeren naar een erkende afvalinzamelaar conform VLAREMA<br \/>\nen OVAM-regelgeving. P302+P352 BIJ CONTACT MET DE HUID : met veel water en zeep wassen.<br \/>\nP333+P313 Bij huidirritatie of uitslag : een arts raadplegen. P273 Le travail en milieu ouvert.<\/p>\n<p>&nbsp;<\/p>\n<p><strong>Pommes cuites \u00e0 la vanille FR<\/strong><\/p>\n<p>H317 Peut provoquer une r\u00e9action allergique cutan\u00e9e. H412 Nocif pour les organismes aquatiques,<br \/>\nentra\u00eene des effets n\u00e9fastes \u00e0 long terme. P261 \u00c9viter de respirer les<br \/>\npoussi\u00e8res\/fum\u00e9es\/gaz\/brouillards\/vapeurs\/a\u00e9rosols. P272 Les v\u00eatements de travail contamin\u00e9s ne<br \/>\ndoivent pas sortir du lieu de travail. P280 Porter des gants de protection\/des v\u00eatements de<br \/>\nprotection\/une protection des yeux\/du visage. P321 Traitement sp\u00e9cifique requis (voir sur<br \/>\nl'\u00e9tiquette). P363 Laver les v\u00eatements contamin\u00e9s avant de les r\u00e9utiliser. P501 \u00c9liminer le contenu\/le<br \/>\nr\u00e9cipient via un collecteur de d\u00e9chets agr\u00e9\u00e9 conform\u00e9ment \u00e0 la r\u00e9glementation VLAREMA et OVAM.<br \/>\nP302+P352 EN CAS DE CONTACT AVEC LA PEAU : laver abondamment \u00e0 l'eau et au savon. P333+P313<br \/>\nEn cas d'irritation ou d'\u00e9ruption cutan\u00e9e : consulter un m\u00e9decin. P273 \u00c9viter le rejet dans<br \/>\nl'environnement.<\/p>\n<p>&nbsp;<\/p>\n<p><strong>Pommes cuites \u00e0 la vanille ENG<\/strong><\/p>\n<p>H317 Peut provoquer une r\u00e9action allergique cutan\u00e9e. H412 Nocif \u00e0 long terme pour la vie aquatique. P261<br \/>\n\u00c9viter de respirer les poussi\u00e8res\/fum\u00e9es\/gaz\/brouillards\/vapeurs\/a\u00e9rosols. P272 Les v\u00eatements de travail contamin\u00e9s ne doivent pas \u00eatre port\u00e9s.<br \/>\nautoris\u00e9s \u00e0 quitter le lieu de travail. P280 Porter des gants de protection\/des v\u00eatements de protection\/un \u00e9quipement de protection des yeux\/du visage.<br \/>\nprotection. P321 Traitement sp\u00e9cifique n\u00e9cessaire (voir sur l'\u00e9tiquette). P363 Laver les v\u00eatements contamin\u00e9s avant<br \/>\nr\u00e9utiliser. P501 \u00c9liminer le contenu\/r\u00e9cipient par l'interm\u00e9diaire d'un collecteur de d\u00e9chets agr\u00e9\u00e9, conform\u00e9ment \u00e0 la l\u00e9gislation en vigueur.<br \/>\nR\u00e9glementation VLAREMA et OVAM. P302+P352 EN CAS DE CONTACT AVEC LA PEAU : Laver abondamment \u00e0 l'eau et au savon.<br \/>\nP333+P313 En cas d'irritation de la peau ou d'\u00e9ruption cutan\u00e9e : Consulter un m\u00e9decin. P273 \u00c9viter le rejet dans l'environnement<br \/>\nl'environnement.<\/p>","protected":false},"excerpt":{"rendered":"<p>DESCRIPTION &nbsp; Baked Apple Vanilla &nbsp; Juicy baked apples melt into creamy vanilla, creating a sweet and nostalgic scent that feels like a warm dessert straight from the oven! &nbsp; Top: Rhubard, Cranberry Heart: Apple, Red Fruits Base: Vanilla, Clove &nbsp; &nbsp; OUR RECOMMENDATION The use of fragrance oils will be dependant on the product [&hellip;]<\/p>\n","protected":false},"featured_media":22319,"template":"","meta":{"_acf_changed":false,"site-sidebar-layout":"default","site-content-layout":"default","ast-site-content-layout":"default","site-content-style":"default","site-sidebar-style":"default","ast-global-header-display":"","ast-banner-title-visibility":"","ast-main-header-display":"","ast-hfb-above-header-display":"","ast-hfb-below-header-display":"","ast-hfb-mobile-header-display":"","site-post-title":"","ast-breadcrumbs-content":"","ast-featured-img":"","footer-sml-layout":"","ast-disable-related-posts":"","theme-transparent-header-meta":"default","adv-header-id-meta":"","stick-header-meta":"","header-above-stick-meta":"","header-main-stick-meta":"","header-below-stick-meta":"","astra-migrate-meta-layouts":"set","ast-page-background-enabled":"default","ast-page-background-meta":{"desktop":{"background-color":"","background-image":"","background-repeat":"repeat","background-position":"center center","background-size":"auto","background-attachment":"scroll","background-type":"","background-media":"","overlay-type":"","overlay-color":"","overlay-opacity":"","overlay-gradient":""},"tablet":{"background-color":"","background-image":"","background-repeat":"repeat","background-position":"center center","background-size":"auto","background-attachment":"scroll","background-type":"","background-media":"","overlay-type":"","overlay-color":"","overlay-opacity":"","overlay-gradient":""},"mobile":{"background-color":"","background-image":"","background-repeat":"repeat","background-position":"center center","background-size":"auto","background-attachment":"scroll","background-type":"","background-media":"","overlay-type":"","overlay-color":"","overlay-opacity":"","overlay-gradient":""}},"ast-content-background-meta":{"desktop":{"background-color":"var(--ast-global-color-5)","background-image":"","background-repeat":"repeat","background-position":"center center","background-size":"auto","background-attachment":"scroll","background-type":"","background-media":"","overlay-type":"","overlay-color":"","overlay-opacity":"","overlay-gradient":""},"tablet":{"background-color":"var(--ast-global-color-5)","background-image":"","background-repeat":"repeat","background-position":"center center","background-size":"auto","background-attachment":"scroll","background-type":"","background-media":"","overlay-type":"","overlay-color":"","overlay-opacity":"","overlay-gradient":""},"mobile":{"background-color":"var(--ast-global-color-5)","background-image":"","background-repeat":"repeat","background-position":"center center","background-size":"auto","background-attachment":"scroll","background-type":"","background-media":"","overlay-type":"","overlay-color":"","overlay-opacity":"","overlay-gradient":""}}},"product_brand":[],"product_cat":[25,1681],"product_tag":[1684,59,31,23,30,20,434,27,22],"class_list":{"0":"post-29897","1":"product","2":"type-product","3":"status-publish","4":"has-post-thumbnail","6":"product_cat-fragrances","7":"product_cat-fragrances-ufi-exempt","8":"product_tag-apple","9":"product_tag-christmas","10":"product_tag-m12-wax","11":"product_tag-s100-wax","12":"product_tag-s16-wax","13":"product_tag-soy-wax","14":"product_tag-vanilla","15":"product_tag-vegan-wax","16":"product_tag-wax","17":"desktop-align-left","18":"tablet-align-left","19":"mobile-align-left","20":"ast-product-gallery-layout-horizontal-slider","21":"ast-product-single-variable","22":"ast-product-tabs-layout-horizontal","24":"first","25":"instock","26":"taxable","27":"shipping-taxable","28":"purchasable","29":"product-type-variable"},"acf":[],"yoast_head":"<title>Baked Apple Vanilla - UFI Exempt<\/title>\n<meta name=\"description\" content=\"Juicy baked apples melt into creamy vanilla, creating a sweet and nostalgic scent that feels like a warm dessert straight from the oven!\" \/>\n<meta name=\"robots\" content=\"index, follow, max-snippet:-1, max-image-preview:large, max-video-preview:-1\" \/>\n<link rel=\"canonical\" href=\"https:\/\/luxurycandlesupplies.eu\/fr\/produit\/pomme-cuite-vanille-ufi-exempt\/\" \/>\n<meta property=\"og:locale\" content=\"fr_FR\" \/>\n<meta property=\"og:type\" content=\"article\" \/>\n<meta property=\"og:title\" content=\"Baked Apple Vanilla - UFI Exempt\" \/>\n<meta property=\"og:description\" content=\"Juicy baked apples melt into creamy vanilla, creating a sweet and nostalgic scent that feels like a warm dessert straight from the oven!\" \/>\n<meta property=\"og:url\" content=\"https:\/\/luxurycandlesupplies.eu\/fr\/produit\/pomme-cuite-vanille-ufi-exempt\/\" \/>\n<meta property=\"og:site_name\" content=\"Antwerp Luxury Candle Supplies\" \/>\n<meta property=\"article:publisher\" content=\"https:\/\/www.facebook.com\/Antwerpluxurycandlesupplies\/\" \/>\n<meta property=\"article:modified_time\" content=\"2026-04-24T13:55:09+00:00\" \/>\n<meta property=\"og:image\" content=\"https:\/\/luxurycandlesupplies.eu\/app\/uploads\/2025\/07\/Baked-apple-vanilla.png\" \/>\n\t<meta property=\"og:image:width\" content=\"1080\" \/>\n\t<meta property=\"og:image:height\" content=\"1080\" \/>\n\t<meta property=\"og:image:type\" content=\"image\/png\" \/>\n<meta name=\"twitter:card\" content=\"summary_large_image\" \/>\n<meta name=\"twitter:label1\" content=\"Dur\u00e9e de lecture estim\u00e9e\" \/>\n\t<meta name=\"twitter:data1\" content=\"3 minutes\" \/>\n<script type=\"application\/ld+json\" class=\"yoast-schema-graph\">{\"@context\":\"https:\\\/\\\/schema.org\",\"@graph\":[{\"@type\":\"WebPage\",\"@id\":\"https:\\\/\\\/luxurycandlesupplies.eu\\\/product\\\/baked-apple-vanilla-ufi-exempt\\\/\",\"url\":\"https:\\\/\\\/luxurycandlesupplies.eu\\\/product\\\/baked-apple-vanilla-ufi-exempt\\\/\",\"name\":\"Baked Apple Vanilla - UFI Exempt\",\"isPartOf\":{\"@id\":\"https:\\\/\\\/luxurycandlesupplies.eu\\\/#website\"},\"primaryImageOfPage\":{\"@id\":\"https:\\\/\\\/luxurycandlesupplies.eu\\\/product\\\/baked-apple-vanilla-ufi-exempt\\\/#primaryimage\"},\"image\":{\"@id\":\"https:\\\/\\\/luxurycandlesupplies.eu\\\/product\\\/baked-apple-vanilla-ufi-exempt\\\/#primaryimage\"},\"thumbnailUrl\":\"https:\\\/\\\/luxurycandlesupplies.eu\\\/app\\\/uploads\\\/2025\\\/07\\\/Baked-apple-vanilla.png\",\"datePublished\":\"2026-04-24T13:54:11+00:00\",\"dateModified\":\"2026-04-24T13:55:09+00:00\",\"description\":\"Juicy baked apples melt into creamy vanilla, creating a sweet and nostalgic scent that feels like a warm dessert straight from the oven!\",\"breadcrumb\":{\"@id\":\"https:\\\/\\\/luxurycandlesupplies.eu\\\/product\\\/baked-apple-vanilla-ufi-exempt\\\/#breadcrumb\"},\"inLanguage\":\"fr-FR\",\"potentialAction\":[{\"@type\":\"ReadAction\",\"target\":[\"https:\\\/\\\/luxurycandlesupplies.eu\\\/product\\\/baked-apple-vanilla-ufi-exempt\\\/\"]}]},{\"@type\":\"ImageObject\",\"inLanguage\":\"fr-FR\",\"@id\":\"https:\\\/\\\/luxurycandlesupplies.eu\\\/product\\\/baked-apple-vanilla-ufi-exempt\\\/#primaryimage\",\"url\":\"https:\\\/\\\/luxurycandlesupplies.eu\\\/app\\\/uploads\\\/2025\\\/07\\\/Baked-apple-vanilla.png\",\"contentUrl\":\"https:\\\/\\\/luxurycandlesupplies.eu\\\/app\\\/uploads\\\/2025\\\/07\\\/Baked-apple-vanilla.png\",\"width\":1080,\"height\":1080},{\"@type\":\"BreadcrumbList\",\"@id\":\"https:\\\/\\\/luxurycandlesupplies.eu\\\/product\\\/baked-apple-vanilla-ufi-exempt\\\/#breadcrumb\",\"itemListElement\":[{\"@type\":\"ListItem\",\"position\":1,\"name\":\"Home\",\"item\":\"https:\\\/\\\/luxurycandlesupplies.eu\\\/\"},{\"@type\":\"ListItem\",\"position\":2,\"name\":\"Shop\",\"item\":\"https:\\\/\\\/luxurycandlesupplies.eu\\\/shop\\\/\"},{\"@type\":\"ListItem\",\"position\":3,\"name\":\"Baked Apple Vanilla &#8211; UFI Exempt\"}]},{\"@type\":\"WebSite\",\"@id\":\"https:\\\/\\\/luxurycandlesupplies.eu\\\/#website\",\"url\":\"https:\\\/\\\/luxurycandlesupplies.eu\\\/\",\"name\":\"Antwerp Luxury Candle Supplies\",\"description\":\"Distributor of all seasons soy wax\",\"publisher\":{\"@id\":\"https:\\\/\\\/luxurycandlesupplies.eu\\\/#organization\"},\"potentialAction\":[{\"@type\":\"SearchAction\",\"target\":{\"@type\":\"EntryPoint\",\"urlTemplate\":\"https:\\\/\\\/luxurycandlesupplies.eu\\\/?s={search_term_string}\"},\"query-input\":{\"@type\":\"PropertyValueSpecification\",\"valueRequired\":true,\"valueName\":\"search_term_string\"}}],\"inLanguage\":\"fr-FR\"},{\"@type\":\"Organization\",\"@id\":\"https:\\\/\\\/luxurycandlesupplies.eu\\\/#organization\",\"name\":\"Antwerp Luxury Candle Supplies\",\"url\":\"https:\\\/\\\/luxurycandlesupplies.eu\\\/\",\"logo\":{\"@type\":\"ImageObject\",\"inLanguage\":\"fr-FR\",\"@id\":\"https:\\\/\\\/luxurycandlesupplies.eu\\\/#\\\/schema\\\/logo\\\/image\\\/\",\"url\":\"https:\\\/\\\/luxurycandlesupplies.eu\\\/app\\\/uploads\\\/2022\\\/03\\\/antwerp-luxury-candle-supplies-1x.png\",\"contentUrl\":\"https:\\\/\\\/luxurycandlesupplies.eu\\\/app\\\/uploads\\\/2022\\\/03\\\/antwerp-luxury-candle-supplies-1x.png\",\"width\":330,\"height\":60,\"caption\":\"Antwerp Luxury Candle Supplies\"},\"image\":{\"@id\":\"https:\\\/\\\/luxurycandlesupplies.eu\\\/#\\\/schema\\\/logo\\\/image\\\/\"},\"sameAs\":[\"https:\\\/\\\/www.facebook.com\\\/Antwerpluxurycandlesupplies\\\/\",\"https:\\\/\\\/www.instagram.com\\\/antwerp_luxury_candle_supplies\\\/\",\"https:\\\/\\\/pin.it\\\/7joOXRW\"]}]}<\/script>","yoast_head_json":{"title":"Pommes cuites \u00e0 la vanille - Exemption de l'UFI","description":"Les pommes juteuses cuites au four se fondent dans la vanille cr\u00e9meuse, cr\u00e9ant un parfum sucr\u00e9 et nostalgique qui ressemble \u00e0 un dessert chaud tout droit sorti du four !","robots":{"index":"index","follow":"follow","max-snippet":"max-snippet:-1","max-image-preview":"max-image-preview:large","max-video-preview":"max-video-preview:-1"},"canonical":"https:\/\/luxurycandlesupplies.eu\/fr\/produit\/pomme-cuite-vanille-ufi-exempt\/","og_locale":"fr_FR","og_type":"article","og_title":"Baked Apple Vanilla - UFI Exempt","og_description":"Juicy baked apples melt into creamy vanilla, creating a sweet and nostalgic scent that feels like a warm dessert straight from the oven!","og_url":"https:\/\/luxurycandlesupplies.eu\/fr\/produit\/pomme-cuite-vanille-ufi-exempt\/","og_site_name":"Antwerp Luxury Candle Supplies","article_publisher":"https:\/\/www.facebook.com\/Antwerpluxurycandlesupplies\/","article_modified_time":"2026-04-24T13:55:09+00:00","og_image":[{"width":1080,"height":1080,"url":"https:\/\/luxurycandlesupplies.eu\/app\/uploads\/2025\/07\/Baked-apple-vanilla.png","type":"image\/png"}],"twitter_card":"summary_large_image","twitter_misc":{"Dur\u00e9e de lecture estim\u00e9e":"3 minutes"},"schema":{"@context":"https:\/\/schema.org","@graph":[{"@type":"WebPage","@id":"https:\/\/luxurycandlesupplies.eu\/product\/baked-apple-vanilla-ufi-exempt\/","url":"https:\/\/luxurycandlesupplies.eu\/product\/baked-apple-vanilla-ufi-exempt\/","name":"Pommes cuites \u00e0 la vanille - Exemption de l'UFI","isPartOf":{"@id":"https:\/\/luxurycandlesupplies.eu\/#website"},"primaryImageOfPage":{"@id":"https:\/\/luxurycandlesupplies.eu\/product\/baked-apple-vanilla-ufi-exempt\/#primaryimage"},"image":{"@id":"https:\/\/luxurycandlesupplies.eu\/product\/baked-apple-vanilla-ufi-exempt\/#primaryimage"},"thumbnailUrl":"https:\/\/luxurycandlesupplies.eu\/app\/uploads\/2025\/07\/Baked-apple-vanilla.png","datePublished":"2026-04-24T13:54:11+00:00","dateModified":"2026-04-24T13:55:09+00:00","description":"Les pommes juteuses cuites au four se fondent dans la vanille cr\u00e9meuse, cr\u00e9ant un parfum sucr\u00e9 et nostalgique qui ressemble \u00e0 un dessert chaud tout droit sorti du four !","breadcrumb":{"@id":"https:\/\/luxurycandlesupplies.eu\/product\/baked-apple-vanilla-ufi-exempt\/#breadcrumb"},"inLanguage":"fr-FR","potentialAction":[{"@type":"ReadAction","target":["https:\/\/luxurycandlesupplies.eu\/product\/baked-apple-vanilla-ufi-exempt\/"]}]},{"@type":"ImageObject","inLanguage":"fr-FR","@id":"https:\/\/luxurycandlesupplies.eu\/product\/baked-apple-vanilla-ufi-exempt\/#primaryimage","url":"https:\/\/luxurycandlesupplies.eu\/app\/uploads\/2025\/07\/Baked-apple-vanilla.png","contentUrl":"https:\/\/luxurycandlesupplies.eu\/app\/uploads\/2025\/07\/Baked-apple-vanilla.png","width":1080,"height":1080},{"@type":"BreadcrumbList","@id":"https:\/\/luxurycandlesupplies.eu\/product\/baked-apple-vanilla-ufi-exempt\/#breadcrumb","itemListElement":[{"@type":"ListItem","position":1,"name":"Home","item":"https:\/\/luxurycandlesupplies.eu\/"},{"@type":"ListItem","position":2,"name":"Shop","item":"https:\/\/luxurycandlesupplies.eu\/shop\/"},{"@type":"ListItem","position":3,"name":"Baked Apple Vanilla &#8211; UFI Exempt"}]},{"@type":"WebSite","@id":"https:\/\/luxurycandlesupplies.eu\/#website","url":"https:\/\/luxurycandlesupplies.eu\/","name":"Anvers Fournitures de bougies de luxe","description":"Distributeur de cire de soja toutes saisons","publisher":{"@id":"https:\/\/luxurycandlesupplies.eu\/#organization"},"potentialAction":[{"@type":"SearchAction","target":{"@type":"EntryPoint","urlTemplate":"https:\/\/luxurycandlesupplies.eu\/?s={search_term_string}"},"query-input":{"@type":"PropertyValueSpecification","valueRequired":true,"valueName":"search_term_string"}}],"inLanguage":"fr-FR"},{"@type":"Organization","@id":"https:\/\/luxurycandlesupplies.eu\/#organization","name":"Anvers Fournitures de bougies de luxe","url":"https:\/\/luxurycandlesupplies.eu\/","logo":{"@type":"ImageObject","inLanguage":"fr-FR","@id":"https:\/\/luxurycandlesupplies.eu\/#\/schema\/logo\/image\/","url":"https:\/\/luxurycandlesupplies.eu\/app\/uploads\/2022\/03\/antwerp-luxury-candle-supplies-1x.png","contentUrl":"https:\/\/luxurycandlesupplies.eu\/app\/uploads\/2022\/03\/antwerp-luxury-candle-supplies-1x.png","width":330,"height":60,"caption":"Antwerp Luxury Candle Supplies"},"image":{"@id":"https:\/\/luxurycandlesupplies.eu\/#\/schema\/logo\/image\/"},"sameAs":["https:\/\/www.facebook.com\/Antwerpluxurycandlesupplies\/","https:\/\/www.instagram.com\/antwerp_luxury_candle_supplies\/","https:\/\/pin.it\/7joOXRW"]}]}},"_links":{"self":[{"href":"https:\/\/luxurycandlesupplies.eu\/fr\/wp-json\/wp\/v2\/product\/29897","targetHints":{"allow":["GET"]}}],"collection":[{"href":"https:\/\/luxurycandlesupplies.eu\/fr\/wp-json\/wp\/v2\/product"}],"about":[{"href":"https:\/\/luxurycandlesupplies.eu\/fr\/wp-json\/wp\/v2\/types\/product"}],"wp:featuredmedia":[{"embeddable":true,"href":"https:\/\/luxurycandlesupplies.eu\/fr\/wp-json\/wp\/v2\/media\/22319"}],"wp:attachment":[{"href":"https:\/\/luxurycandlesupplies.eu\/fr\/wp-json\/wp\/v2\/media?parent=29897"}],"wp:term":[{"taxonomy":"product_brand","embeddable":true,"href":"https:\/\/luxurycandlesupplies.eu\/fr\/wp-json\/wp\/v2\/product_brand?post=29897"},{"taxonomy":"product_cat","embeddable":true,"href":"https:\/\/luxurycandlesupplies.eu\/fr\/wp-json\/wp\/v2\/product_cat?post=29897"},{"taxonomy":"product_tag","embeddable":true,"href":"https:\/\/luxurycandlesupplies.eu\/fr\/wp-json\/wp\/v2\/product_tag?post=29897"}],"curies":[{"name":"wp","href":"https:\/\/api.w.org\/{rel}","templated":true}]}}