{"id":29990,"date":"2026-04-28T11:12:24","date_gmt":"2026-04-28T09:12:24","guid":{"rendered":"https:\/\/luxurycandlesupplies.eu\/?post_type=product&#038;p=29990"},"modified":"2026-05-16T16:08:17","modified_gmt":"2026-05-16T14:08:17","slug":"petit-photophore-jaune-vogue","status":"publish","type":"product","link":"https:\/\/luxurycandlesupplies.eu\/fr\/product\/yellow-candle-jar-small-vogue\/","title":{"rendered":"Petit Vogue - Jaune OMG"},"content":{"rendered":"<h4>DESCRIPTION<\/h4>\n<div class=\"product info detailed after-content\">\n<div class=\"product data items\">\n<div class=\"product-data-items-content\">\n<div id=\"attributedescription\" class=\"data item content\" role=\"tabpanel\" data-role=\"content\" aria-labelledby=\"tab-label-attributedescription\" aria-hidden=\"false\">\n<div class=\"product attribute description\">\n<div class=\"value\">\n<p>&nbsp;<\/p>\n<p data-start=\"74\" data-end=\"113\"><strong data-start=\"74\" data-end=\"113\">Petit Vogue - Photophore jaune OMG<\/strong><\/p>\n<p data-start=\"115\" data-end=\"356\">Apportez de l'\u00e9nergie et de la chaleur \u00e0 votre collection de bougies avec la <strong data-start=\"176\" data-end=\"204\">Petit Vogue - Jaune OMG<\/strong>. Ce pot en verre vibrant attire instantan\u00e9ment l'attention par son ton ensoleill\u00e9, ce qui en fait le choix id\u00e9al pour les marques qui cherchent \u00e0 se d\u00e9marquer dans les rayons.<\/p>\n<p data-start=\"358\" data-end=\"589\">Fabriqu\u00e9 en verre de haute qualit\u00e9, ce pot allie durabilit\u00e9 et finition haut de gamme. Les <strong data-start=\"447\" data-end=\"468\">OMG Couleur jaune<\/strong> ajoute une touche ludique et luxueuse, id\u00e9ale pour les collections de printemps et d'\u00e9t\u00e9, les pi\u00e8ces d'apparat ou les pi\u00e8ces en \u00e9dition limit\u00e9e.<\/p>\n<p data-start=\"591\" data-end=\"791\">Le couvercle n'est pas inclus.<\/p>\n<p>&nbsp;<\/p>\n<p><strong>IMPORTANT !<\/strong> Veuillez noter que la photo du produit peut diff\u00e9rer de l'article r\u00e9el en termes de couleur en raison de l'\u00e9clairage et\/ou de la fabrication. En raison du processus de fabrication \u00e0 la main, chaque r\u00e9cipient aura un motif unique et de l\u00e9g\u00e8res diff\u00e9rences dans la forme de la verrerie peuvent \u00eatre visibles.<\/p>\n<p>&nbsp;<\/p>\n<\/div>\n<\/div>\n<\/div>\n<\/div>\n<\/div>\n<\/div>","protected":false},"excerpt":{"rendered":"<h4>Quantit\u00e9 minimale de commande : 4 pi\u00e8ces.<\/h4>\n<div class=\"product info detailed after-content\">\n<div class=\"product data items\">\n<div class=\"product-data-items-content\">\n<div id=\"attributedescription\" class=\"data item content\" role=\"tabpanel\" data-role=\"content\" aria-labelledby=\"tab-label-attributedescription\" aria-hidden=\"false\">\n<div class=\"product attribute description\">\n<div class=\"value\">\n<p>&nbsp;<\/p>\n<p><strong>Volume de cire :<br \/>\n<\/strong>200ml<\/p>\n<p><strong>Dimensions internes de la cuve :<br \/>\n<\/strong>72mmL x 74mmH<\/p>\n<p><strong>Dimensions externes de la cuve :<br \/>\n<\/strong>78mmL x 88mmH<\/p>\n<p><strong>Taille de m\u00e8che sugg\u00e9r\u00e9e :<\/strong><br \/>\n<strong><a href=\"https:\/\/luxurycandlesupplies.eu\/fr\/produit\/meches-de-lcs-70\/\">LCS 70<\/a>,\u00a0<a href=\"https:\/\/luxurycandlesupplies.eu\/fr\/produit\/meches-de-lcs-75\/\">LCS75<\/a>,\u00a0<a href=\"https:\/\/luxurycandlesupplies.eu\/fr\/produit\/meche-en-bois-dubbel-10-x-150-mm\/\">M\u00e8che double en bois 10mm x 150mm<\/a><\/strong><\/p>\n<p><strong>Emballage adapt\u00e9 : <\/strong><a href=\"https:\/\/luxurycandlesupplies.eu\/fr\/produit\/petite-boite-classique-blanche\/\"><strong>Petite bo\u00eete classique<\/strong><\/a><\/p>\n<p>&nbsp;<\/p>\n<p><strong>Couvercles adapt\u00e9s :\u00a0<\/strong><\/p>\n<p><strong><a href=\"https:\/\/luxurycandlesupplies.eu\/fr\/produit\/petit-couvercle-en-bois-silicone-2\/\">Couvercle en bois Naturel Small Urban\u00a0<\/a><\/strong><\/p>\n<p><strong><a href=\"https:\/\/luxurycandlesupplies.eu\/fr\/produit\/couvercle-or-brosse-petit-sceau-urbain-en-silicone\/\">Couvercle or bross\u00e9 petit Urban\u00a0<\/a><\/strong><\/p>\n<p><strong><a href=\"https:\/\/luxurycandlesupplies.eu\/fr\/produit\/couvercle-en-bois-noir-petit-silicone-urbain-copie\/\">Couvercle en bois noir petit Urban<\/a><\/strong><\/p>\n<p>&nbsp;<\/p>\n<p>&nbsp;<\/p>\n<p>&nbsp;<\/p>\n<p>&nbsp;<\/p>\n<p>&nbsp;<\/p>\n<p>Disponible en unit\u00e9s individuelles.<\/p>\n<p><strong><br \/>\nTaille du carton : <\/strong>32<\/p>\n<p><strong>IMPORTANT !<\/strong>\u00a0Veuillez noter que la photo du produit peut diff\u00e9rer de l'article r\u00e9el en termes de couleur en raison de l'\u00e9clairage et\/ou de la fabrication. L'impression de motifs sans couture peut varier d'un navire \u00e0 l'autre.<\/p>\n<\/div>\n<\/div>\n<\/div>\n<\/div>\n<\/div>\n<\/div>\n<div class=\"block related-product-main has-sub navigation-top related\" data-limit=\"0\" data-shuffle=\"0\"><\/div>\n<p>&nbsp;<\/p>","protected":false},"featured_media":30249,"template":"","meta":{"_acf_changed":false,"site-sidebar-layout":"default","site-content-layout":"default","ast-site-content-layout":"default","site-content-style":"default","site-sidebar-style":"default","ast-global-header-display":"","ast-banner-title-visibility":"","ast-main-header-display":"","ast-hfb-above-header-display":"","ast-hfb-below-header-display":"","ast-hfb-mobile-header-display":"","site-post-title":"","ast-breadcrumbs-content":"","ast-featured-img":"","footer-sml-layout":"","ast-disable-related-posts":"","theme-transparent-header-meta":"default","adv-header-id-meta":"","stick-header-meta":"","header-above-stick-meta":"","header-main-stick-meta":"","header-below-stick-meta":"","astra-migrate-meta-layouts":"set","ast-page-background-enabled":"default","ast-page-background-meta":{"desktop":{"background-color":"","background-image":"","background-repeat":"repeat","background-position":"center center","background-size":"auto","background-attachment":"scroll","background-type":"","background-media":"","overlay-type":"","overlay-color":"","overlay-opacity":"","overlay-gradient":""},"tablet":{"background-color":"","background-image":"","background-repeat":"repeat","background-position":"center center","background-size":"auto","background-attachment":"scroll","background-type":"","background-media":"","overlay-type":"","overlay-color":"","overlay-opacity":"","overlay-gradient":""},"mobile":{"background-color":"","background-image":"","background-repeat":"repeat","background-position":"center center","background-size":"auto","background-attachment":"scroll","background-type":"","background-media":"","overlay-type":"","overlay-color":"","overlay-opacity":"","overlay-gradient":""}},"ast-content-background-meta":{"desktop":{"background-color":"var(--ast-global-color-5)","background-image":"","background-repeat":"repeat","background-position":"center center","background-size":"auto","background-attachment":"scroll","background-type":"","background-media":"","overlay-type":"","overlay-color":"","overlay-opacity":"","overlay-gradient":""},"tablet":{"background-color":"var(--ast-global-color-5)","background-image":"","background-repeat":"repeat","background-position":"center center","background-size":"auto","background-attachment":"scroll","background-type":"","background-media":"","overlay-type":"","overlay-color":"","overlay-opacity":"","overlay-gradient":""},"mobile":{"background-color":"var(--ast-global-color-5)","background-image":"","background-repeat":"repeat","background-position":"center center","background-size":"auto","background-attachment":"scroll","background-type":"","background-media":"","overlay-type":"","overlay-color":"","overlay-opacity":"","overlay-gradient":""}}},"product_brand":[],"product_cat":[67,1592,69],"product_tag":[1593,96,180],"class_list":{"0":"post-29990","1":"product","2":"type-product","3":"status-publish","4":"has-post-thumbnail","6":"product_cat-candlejars","7":"product_cat-omg-collection","8":"product_cat-vogue-small","9":"product_tag-omg","10":"product_tag-vogue","11":"product_tag-yellow","12":"desktop-align-left","13":"tablet-align-left","14":"mobile-align-left","15":"ast-product-gallery-layout-horizontal-slider","16":"ast-product-tabs-layout-horizontal","18":"first","19":"instock","20":"taxable","21":"shipping-taxable","22":"purchasable","23":"product-type-simple"},"acf":[],"yoast_head":"<title>Small Vogue - OMG Yellow - Antwerp Luxury Candle Supplies<\/title>\n<meta name=\"description\" content=\"Luxury yellow candle jar in premium glass. The Small Vogue OMG Yellow is perfect for scented candles, private label and standout collections. Shop now.\" \/>\n<meta name=\"robots\" content=\"index, follow, max-snippet:-1, max-image-preview:large, max-video-preview:-1\" \/>\n<link rel=\"canonical\" href=\"https:\/\/luxurycandlesupplies.eu\/fr\/produit\/petit-photophore-jaune-vogue\/\" \/>\n<meta property=\"og:locale\" content=\"fr_FR\" \/>\n<meta property=\"og:type\" content=\"article\" \/>\n<meta property=\"og:title\" content=\"Small Vogue - OMG Yellow - Antwerp Luxury Candle Supplies\" \/>\n<meta property=\"og:description\" content=\"Luxury yellow candle jar in premium glass. The Small Vogue OMG Yellow is perfect for scented candles, private label and standout collections. Shop now.\" \/>\n<meta property=\"og:url\" content=\"https:\/\/luxurycandlesupplies.eu\/fr\/produit\/petit-photophore-jaune-vogue\/\" \/>\n<meta property=\"og:site_name\" content=\"Antwerp Luxury Candle Supplies\" \/>\n<meta property=\"article:publisher\" content=\"https:\/\/www.facebook.com\/Antwerpluxurycandlesupplies\/\" \/>\n<meta property=\"article:modified_time\" content=\"2026-05-16T14:08:17+00:00\" \/>\n<meta property=\"og:image\" content=\"https:\/\/luxurycandlesupplies.eu\/app\/uploads\/2026\/04\/I6A5532-web.jpg\" \/>\n\t<meta property=\"og:image:width\" content=\"2000\" \/>\n\t<meta property=\"og:image:height\" content=\"2000\" \/>\n\t<meta property=\"og:image:type\" content=\"image\/jpeg\" \/>\n<meta name=\"twitter:card\" content=\"summary_large_image\" \/>\n<meta name=\"twitter:label1\" content=\"Dur\u00e9e de lecture estim\u00e9e\" \/>\n\t<meta name=\"twitter:data1\" content=\"1 minute\" \/>\n<script type=\"application\/ld+json\" class=\"yoast-schema-graph\">{\"@context\":\"https:\\\/\\\/schema.org\",\"@graph\":[{\"@type\":\"WebPage\",\"@id\":\"https:\\\/\\\/luxurycandlesupplies.eu\\\/product\\\/yellow-candle-jar-small-vogue\\\/\",\"url\":\"https:\\\/\\\/luxurycandlesupplies.eu\\\/product\\\/yellow-candle-jar-small-vogue\\\/\",\"name\":\"Small Vogue - OMG Yellow - Antwerp Luxury Candle Supplies\",\"isPartOf\":{\"@id\":\"https:\\\/\\\/luxurycandlesupplies.eu\\\/#website\"},\"primaryImageOfPage\":{\"@id\":\"https:\\\/\\\/luxurycandlesupplies.eu\\\/product\\\/yellow-candle-jar-small-vogue\\\/#primaryimage\"},\"image\":{\"@id\":\"https:\\\/\\\/luxurycandlesupplies.eu\\\/product\\\/yellow-candle-jar-small-vogue\\\/#primaryimage\"},\"thumbnailUrl\":\"https:\\\/\\\/luxurycandlesupplies.eu\\\/app\\\/uploads\\\/2026\\\/04\\\/I6A5532-web.jpg\",\"datePublished\":\"2026-04-28T09:12:24+00:00\",\"dateModified\":\"2026-05-16T14:08:17+00:00\",\"description\":\"Luxury yellow candle jar in premium glass. The Small Vogue OMG Yellow is perfect for scented candles, private label and standout collections. Shop now.\",\"breadcrumb\":{\"@id\":\"https:\\\/\\\/luxurycandlesupplies.eu\\\/product\\\/yellow-candle-jar-small-vogue\\\/#breadcrumb\"},\"inLanguage\":\"fr-FR\",\"potentialAction\":[{\"@type\":\"ReadAction\",\"target\":[\"https:\\\/\\\/luxurycandlesupplies.eu\\\/product\\\/yellow-candle-jar-small-vogue\\\/\"]}]},{\"@type\":\"ImageObject\",\"inLanguage\":\"fr-FR\",\"@id\":\"https:\\\/\\\/luxurycandlesupplies.eu\\\/product\\\/yellow-candle-jar-small-vogue\\\/#primaryimage\",\"url\":\"https:\\\/\\\/luxurycandlesupplies.eu\\\/app\\\/uploads\\\/2026\\\/04\\\/I6A5532-web.jpg\",\"contentUrl\":\"https:\\\/\\\/luxurycandlesupplies.eu\\\/app\\\/uploads\\\/2026\\\/04\\\/I6A5532-web.jpg\",\"width\":2000,\"height\":2000},{\"@type\":\"BreadcrumbList\",\"@id\":\"https:\\\/\\\/luxurycandlesupplies.eu\\\/product\\\/yellow-candle-jar-small-vogue\\\/#breadcrumb\",\"itemListElement\":[{\"@type\":\"ListItem\",\"position\":1,\"name\":\"Home\",\"item\":\"https:\\\/\\\/luxurycandlesupplies.eu\\\/\"},{\"@type\":\"ListItem\",\"position\":2,\"name\":\"Shop\",\"item\":\"https:\\\/\\\/luxurycandlesupplies.eu\\\/shop\\\/\"},{\"@type\":\"ListItem\",\"position\":3,\"name\":\"Small Vogue &#8211; OMG Yellow\"}]},{\"@type\":\"WebSite\",\"@id\":\"https:\\\/\\\/luxurycandlesupplies.eu\\\/#website\",\"url\":\"https:\\\/\\\/luxurycandlesupplies.eu\\\/\",\"name\":\"Antwerp Luxury Candle Supplies\",\"description\":\"Distributor of all seasons soy wax\",\"publisher\":{\"@id\":\"https:\\\/\\\/luxurycandlesupplies.eu\\\/#organization\"},\"potentialAction\":[{\"@type\":\"SearchAction\",\"target\":{\"@type\":\"EntryPoint\",\"urlTemplate\":\"https:\\\/\\\/luxurycandlesupplies.eu\\\/?s={search_term_string}\"},\"query-input\":{\"@type\":\"PropertyValueSpecification\",\"valueRequired\":true,\"valueName\":\"search_term_string\"}}],\"inLanguage\":\"fr-FR\"},{\"@type\":\"Organization\",\"@id\":\"https:\\\/\\\/luxurycandlesupplies.eu\\\/#organization\",\"name\":\"Antwerp Luxury Candle Supplies\",\"url\":\"https:\\\/\\\/luxurycandlesupplies.eu\\\/\",\"logo\":{\"@type\":\"ImageObject\",\"inLanguage\":\"fr-FR\",\"@id\":\"https:\\\/\\\/luxurycandlesupplies.eu\\\/#\\\/schema\\\/logo\\\/image\\\/\",\"url\":\"https:\\\/\\\/luxurycandlesupplies.eu\\\/app\\\/uploads\\\/2022\\\/03\\\/antwerp-luxury-candle-supplies-1x.png\",\"contentUrl\":\"https:\\\/\\\/luxurycandlesupplies.eu\\\/app\\\/uploads\\\/2022\\\/03\\\/antwerp-luxury-candle-supplies-1x.png\",\"width\":330,\"height\":60,\"caption\":\"Antwerp Luxury Candle Supplies\"},\"image\":{\"@id\":\"https:\\\/\\\/luxurycandlesupplies.eu\\\/#\\\/schema\\\/logo\\\/image\\\/\"},\"sameAs\":[\"https:\\\/\\\/www.facebook.com\\\/Antwerpluxurycandlesupplies\\\/\",\"https:\\\/\\\/www.instagram.com\\\/antwerp_luxury_candle_supplies\\\/\",\"https:\\\/\\\/pin.it\\\/7joOXRW\"]}]}<\/script>","yoast_head_json":{"title":"Petit Vogue - OMG Yellow - Antwerp Luxury Candle Supplies","description":"Photophore jaune de luxe en verre de premi\u00e8re qualit\u00e9. Le petit Vogue OMG Yellow est parfait pour les bougies parfum\u00e9es, les marques de distributeur et les collections originales. Acheter maintenant.","robots":{"index":"index","follow":"follow","max-snippet":"max-snippet:-1","max-image-preview":"max-image-preview:large","max-video-preview":"max-video-preview:-1"},"canonical":"https:\/\/luxurycandlesupplies.eu\/fr\/produit\/petit-photophore-jaune-vogue\/","og_locale":"fr_FR","og_type":"article","og_title":"Small Vogue - OMG Yellow - Antwerp Luxury Candle Supplies","og_description":"Luxury yellow candle jar in premium glass. The Small Vogue OMG Yellow is perfect for scented candles, private label and standout collections. Shop now.","og_url":"https:\/\/luxurycandlesupplies.eu\/fr\/produit\/petit-photophore-jaune-vogue\/","og_site_name":"Antwerp Luxury Candle Supplies","article_publisher":"https:\/\/www.facebook.com\/Antwerpluxurycandlesupplies\/","article_modified_time":"2026-05-16T14:08:17+00:00","og_image":[{"width":2000,"height":2000,"url":"https:\/\/luxurycandlesupplies.eu\/app\/uploads\/2026\/04\/I6A5532-web.jpg","type":"image\/jpeg"}],"twitter_card":"summary_large_image","twitter_misc":{"Dur\u00e9e de lecture estim\u00e9e":"1 minute"},"schema":{"@context":"https:\/\/schema.org","@graph":[{"@type":"WebPage","@id":"https:\/\/luxurycandlesupplies.eu\/product\/yellow-candle-jar-small-vogue\/","url":"https:\/\/luxurycandlesupplies.eu\/product\/yellow-candle-jar-small-vogue\/","name":"Petit Vogue - OMG Yellow - Antwerp Luxury Candle Supplies","isPartOf":{"@id":"https:\/\/luxurycandlesupplies.eu\/#website"},"primaryImageOfPage":{"@id":"https:\/\/luxurycandlesupplies.eu\/product\/yellow-candle-jar-small-vogue\/#primaryimage"},"image":{"@id":"https:\/\/luxurycandlesupplies.eu\/product\/yellow-candle-jar-small-vogue\/#primaryimage"},"thumbnailUrl":"https:\/\/luxurycandlesupplies.eu\/app\/uploads\/2026\/04\/I6A5532-web.jpg","datePublished":"2026-04-28T09:12:24+00:00","dateModified":"2026-05-16T14:08:17+00:00","description":"Photophore jaune de luxe en verre de premi\u00e8re qualit\u00e9. Le petit Vogue OMG Yellow est parfait pour les bougies parfum\u00e9es, les marques de distributeur et les collections originales. Acheter maintenant.","breadcrumb":{"@id":"https:\/\/luxurycandlesupplies.eu\/product\/yellow-candle-jar-small-vogue\/#breadcrumb"},"inLanguage":"fr-FR","potentialAction":[{"@type":"ReadAction","target":["https:\/\/luxurycandlesupplies.eu\/product\/yellow-candle-jar-small-vogue\/"]}]},{"@type":"ImageObject","inLanguage":"fr-FR","@id":"https:\/\/luxurycandlesupplies.eu\/product\/yellow-candle-jar-small-vogue\/#primaryimage","url":"https:\/\/luxurycandlesupplies.eu\/app\/uploads\/2026\/04\/I6A5532-web.jpg","contentUrl":"https:\/\/luxurycandlesupplies.eu\/app\/uploads\/2026\/04\/I6A5532-web.jpg","width":2000,"height":2000},{"@type":"BreadcrumbList","@id":"https:\/\/luxurycandlesupplies.eu\/product\/yellow-candle-jar-small-vogue\/#breadcrumb","itemListElement":[{"@type":"ListItem","position":1,"name":"Home","item":"https:\/\/luxurycandlesupplies.eu\/"},{"@type":"ListItem","position":2,"name":"Shop","item":"https:\/\/luxurycandlesupplies.eu\/shop\/"},{"@type":"ListItem","position":3,"name":"Small Vogue &#8211; OMG Yellow"}]},{"@type":"WebSite","@id":"https:\/\/luxurycandlesupplies.eu\/#website","url":"https:\/\/luxurycandlesupplies.eu\/","name":"Anvers Fournitures de bougies de luxe","description":"Distributeur de cire de soja toutes saisons","publisher":{"@id":"https:\/\/luxurycandlesupplies.eu\/#organization"},"potentialAction":[{"@type":"SearchAction","target":{"@type":"EntryPoint","urlTemplate":"https:\/\/luxurycandlesupplies.eu\/?s={search_term_string}"},"query-input":{"@type":"PropertyValueSpecification","valueRequired":true,"valueName":"search_term_string"}}],"inLanguage":"fr-FR"},{"@type":"Organization","@id":"https:\/\/luxurycandlesupplies.eu\/#organization","name":"Anvers Fournitures de bougies de luxe","url":"https:\/\/luxurycandlesupplies.eu\/","logo":{"@type":"ImageObject","inLanguage":"fr-FR","@id":"https:\/\/luxurycandlesupplies.eu\/#\/schema\/logo\/image\/","url":"https:\/\/luxurycandlesupplies.eu\/app\/uploads\/2022\/03\/antwerp-luxury-candle-supplies-1x.png","contentUrl":"https:\/\/luxurycandlesupplies.eu\/app\/uploads\/2022\/03\/antwerp-luxury-candle-supplies-1x.png","width":330,"height":60,"caption":"Antwerp Luxury Candle Supplies"},"image":{"@id":"https:\/\/luxurycandlesupplies.eu\/#\/schema\/logo\/image\/"},"sameAs":["https:\/\/www.facebook.com\/Antwerpluxurycandlesupplies\/","https:\/\/www.instagram.com\/antwerp_luxury_candle_supplies\/","https:\/\/pin.it\/7joOXRW"]}]}},"_links":{"self":[{"href":"https:\/\/luxurycandlesupplies.eu\/fr\/wp-json\/wp\/v2\/product\/29990","targetHints":{"allow":["GET"]}}],"collection":[{"href":"https:\/\/luxurycandlesupplies.eu\/fr\/wp-json\/wp\/v2\/product"}],"about":[{"href":"https:\/\/luxurycandlesupplies.eu\/fr\/wp-json\/wp\/v2\/types\/product"}],"wp:featuredmedia":[{"embeddable":true,"href":"https:\/\/luxurycandlesupplies.eu\/fr\/wp-json\/wp\/v2\/media\/30249"}],"wp:attachment":[{"href":"https:\/\/luxurycandlesupplies.eu\/fr\/wp-json\/wp\/v2\/media?parent=29990"}],"wp:term":[{"taxonomy":"product_brand","embeddable":true,"href":"https:\/\/luxurycandlesupplies.eu\/fr\/wp-json\/wp\/v2\/product_brand?post=29990"},{"taxonomy":"product_cat","embeddable":true,"href":"https:\/\/luxurycandlesupplies.eu\/fr\/wp-json\/wp\/v2\/product_cat?post=29990"},{"taxonomy":"product_tag","embeddable":true,"href":"https:\/\/luxurycandlesupplies.eu\/fr\/wp-json\/wp\/v2\/product_tag?post=29990"}],"curies":[{"name":"wp","href":"https:\/\/api.w.org\/{rel}","templated":true}]}}