{"id":30003,"date":"2026-04-28T12:20:10","date_gmt":"2026-04-28T10:20:10","guid":{"rendered":"https:\/\/luxurycandlesupplies.eu\/?post_type=product&#038;p=30003"},"modified":"2026-05-16T16:08:16","modified_gmt":"2026-05-16T14:08:16","slug":"grand-vogue-santorini-2","status":"publish","type":"product","link":"https:\/\/luxurycandlesupplies.eu\/fr\/product\/large-vogue-santorini-2\/","title":{"rendered":"Grand Vogue - Santorini"},"content":{"rendered":"<h4>DESCRIPTION<\/h4>\n<div class=\"product info detailed after-content\">\n<div class=\"product data items\">\n<div class=\"product-data-items-content\">\n<div id=\"attributedescription\" class=\"data item content\" role=\"tabpanel\" data-role=\"content\" aria-labelledby=\"tab-label-attributedescription\" aria-hidden=\"false\">\n<div class=\"product attribute description\">\n<div class=\"value\">\n<p data-start=\"0\" data-end=\"65\"><strong data-start=\"0\" data-end=\"65\">Grand photophore Vogue Santorini\u00a0<\/strong><\/p>\n<p data-start=\"67\" data-end=\"337\">Capturez l'esprit de l'\u00e9t\u00e9 avec le grand photophore Vogue Santorini, inspir\u00e9 par la beaut\u00e9 embl\u00e9matique de la mer M\u00e9diterran\u00e9e. <span class=\"hover:entity-accent entity-underline inline cursor-pointer align-baseline\"><span class=\"whitespace-normal\">Santorin<\/span><\/span>. Ce photophore en verre de qualit\u00e9 sup\u00e9rieure pr\u00e9sente de superbes d\u00e9tails bleus mouchet\u00e9s qui \u00e9voquent la mer, le soleil et des vibrations de vacances d\u00e9tendues.<\/p>\n<p data-start=\"339\" data-end=\"623\">Con\u00e7ue pour la fabrication de bougies haut de gamme, la grande bougie Vogue Santorini offre une capacit\u00e9 g\u00e9n\u00e9reuse, ce qui la rend parfaite pour les bougies de longue dur\u00e9e et les \u0153uvres d'art. Le motif bleu unique cr\u00e9e une lueur douce et chaude lorsqu'il est allum\u00e9, rehaussant tout int\u00e9rieur d'une touche m\u00e9diterran\u00e9enne fra\u00eeche et \u00e9l\u00e9gante.<\/p>\n<p data-start=\"625\" data-end=\"878\">Fabriqu\u00e9 en verre de haute qualit\u00e9, ce photophore de luxe est id\u00e9al pour les marques qui cherchent \u00e0 cr\u00e9er des collections d'\u00e9t\u00e9, des coffrets cadeaux et des produits de parfumerie d'int\u00e9rieur haut de gamme. Associez-le \u00e0 un diffuseur assorti pour cr\u00e9er une gamme de produits coh\u00e9rente et \u00e9l\u00e9gante.<\/p>\n<p data-start=\"880\" data-end=\"1023\">La surface lisse se pr\u00eate \u00e0 l'impression de logos et \u00e0 la personnalisation d'\u00e9tiquettes priv\u00e9es, ce qui vous permet de personnaliser enti\u00e8rement vos bougies et leur emballage.<\/p>\n<p data-start=\"1025\" data-end=\"1042\"><strong data-start=\"1025\" data-end=\"1042\">Caract\u00e9ristiques principales :<\/strong><\/p>\n<ul data-start=\"1043\" data-end=\"1340\">\n<li data-section-id=\"1pw3yoj\" data-start=\"1043\" data-end=\"1093\">Photophore bleu mouchet\u00e9 inspir\u00e9 de Santorin<\/li>\n<li data-section-id=\"18pcwle\" data-start=\"1094\" data-end=\"1138\">Verre de premi\u00e8re qualit\u00e9 pour bougies de luxe<\/li>\n<li data-section-id=\"1piqtwj\" data-start=\"1139\" data-end=\"1180\">Grande capacit\u00e9 pour une dur\u00e9e de combustion prolong\u00e9e<\/li>\n<li data-section-id=\"a1dldj\" data-start=\"1181\" data-end=\"1241\">Id\u00e9al pour les collections d'\u00e9t\u00e9 et les produits sur le th\u00e8me des vacances<\/li>\n<li data-section-id=\"b4dbs\" data-start=\"1242\" data-end=\"1290\">Convient \u00e0 l'impression de logos et \u00e0 l'\u00e9tiquetage priv\u00e9<\/li>\n<li data-section-id=\"1gi48nx\" data-start=\"1291\" data-end=\"1340\">Diffuseur assorti disponible pour les ensembles complets<\/li>\n<\/ul>\n<p data-start=\"1342\" data-end=\"1469\" data-is-last-node=\"\" data-is-only-node=\"\">Am\u00e9liorez votre collection de bougies avec le grand photophore Vogue Santorini et donnez \u00e0 votre marque un aspect frais, inspir\u00e9 de l'\u00e9t\u00e9.<\/p>\n<p><strong>IMPORTANT !<\/strong> Veuillez noter que la photo du produit peut diff\u00e9rer de l'article r\u00e9el en termes de couleur en raison de l'\u00e9clairage et\/ou de la fabrication. En raison du processus de fabrication \u00e0 la main, chaque r\u00e9cipient aura un motif unique et de l\u00e9g\u00e8res diff\u00e9rences dans la forme de la verrerie peuvent \u00eatre visibles.<\/p>\n<p>&nbsp;<\/p>\n<\/div>\n<\/div>\n<\/div>\n<\/div>\n<\/div>\n<\/div>","protected":false},"excerpt":{"rendered":"<h3>SPECIFICATION<\/h3>\n<p><strong>Dimensions ext\u00e9rieures de la cuve<\/strong>: 95 mm de large x 105 mm de haut<br \/>\n<strong>Dimensions int\u00e9rieures de la cuve<\/strong>: 85 mm de large x 94 mm de haut<br \/>\n<strong>Capacit\u00e9 du navire<\/strong>: 390ml<br \/>\n<strong>Poids du verre<\/strong>: 500g<\/p>\n<p><strong>Couvercle adapt\u00e9<\/strong>: <a href=\"https:\/\/luxurycandlesupplies.eu\/fr\/produit\/grand-couvercle-en-bois-silicone\/\">Grands couvercles en bois<\/a>\u00a0 \u00a0-\u00a0 \u00a0 <a href=\"https:\/\/luxurycandlesupplies.eu\/fr\/categorie-de-produits\/photophores\/collection-vogue\/couvercles-de-bougies\/\">Grands couvercles en plastique<\/a><\/p>\n<p>IMPORTANT : En raison du processus de fabrication \u00e0 la main, l'ajustement de chaque couvercle peut varier en fonction de la forme exclusive du bord du r\u00e9cipient.)<\/p>\n<p><strong>Emballage adapt\u00e9<\/strong>: Smart Box Large, Cylinder Box Large, Flatpack Box Large<\/p>\n<p><strong>Taille de m\u00e8che sugg\u00e9r\u00e9e<\/strong>*: <a href=\"https:\/\/luxurycandlesupplies.eu\/fr\/produit\/meches-de-lcs-85\/\">LCS85<\/a>, <a href=\"https:\/\/luxurycandlesupplies.eu\/fr\/produit\/meches-de-lcs-90\/\">LCS90<\/a>, <a href=\"https:\/\/luxurycandlesupplies.eu\/fr\/produit\/meches-de-lcs-100\/\">LCS100<\/a>, <a href=\"https:\/\/luxurycandlesupplies.eu\/fr\/produit\/meche-en-bois-dubbel-16-x-150-mm\/\" target=\"_blank\" rel=\"noopener\">M\u00e8che de bois double couche 16mm x 150mm<\/a>, <a href=\"https:\/\/luxurycandlesupplies.eu\/fr\/produit\/meche-en-bois-s-wave-30-x-120-mm\/\">M\u00e8che en bois S Wave 30mm x 120mm<\/a><br \/>\n*Veuillez noter que la taille des m\u00e8ches n'est qu'une suggestion. Pour des r\u00e9sultats optimaux, nous recommandons aux utilisateurs d'effectuer leurs propres tests avec les diff\u00e9rents m\u00e9langes de cire et d'huile qu'ils ont l'intention d'utiliser.<\/p>\n<p>Disponible en unit\u00e9s individuelles.<br \/>\n<strong>Taille du carton<\/strong>: 24 unit\u00e9s<\/p>\n<p><strong>IMPORTANT !<\/strong> Veuillez noter que la photo du produit peut diff\u00e9rer de l'article r\u00e9el en termes de couleur en raison de l'\u00e9clairage et\/ou de la fabrication. En raison du processus de fabrication \u00e0 la main, chaque r\u00e9cipient aura un motif unique et de l\u00e9g\u00e8res diff\u00e9rences dans la forme de la verrerie peuvent \u00eatre visibles.<\/p>\n<p>&nbsp;<\/p>","protected":false},"featured_media":30262,"template":"","meta":{"_acf_changed":false,"site-sidebar-layout":"default","site-content-layout":"default","ast-site-content-layout":"default","site-content-style":"default","site-sidebar-style":"default","ast-global-header-display":"","ast-banner-title-visibility":"","ast-main-header-display":"","ast-hfb-above-header-display":"","ast-hfb-below-header-display":"","ast-hfb-mobile-header-display":"","site-post-title":"","ast-breadcrumbs-content":"","ast-featured-img":"","footer-sml-layout":"","ast-disable-related-posts":"","theme-transparent-header-meta":"default","adv-header-id-meta":"","stick-header-meta":"","header-above-stick-meta":"","header-main-stick-meta":"","header-below-stick-meta":"","astra-migrate-meta-layouts":"set","ast-page-background-enabled":"default","ast-page-background-meta":{"desktop":{"background-color":"","background-image":"","background-repeat":"repeat","background-position":"center center","background-size":"auto","background-attachment":"scroll","background-type":"","background-media":"","overlay-type":"","overlay-color":"","overlay-opacity":"","overlay-gradient":""},"tablet":{"background-color":"","background-image":"","background-repeat":"repeat","background-position":"center center","background-size":"auto","background-attachment":"scroll","background-type":"","background-media":"","overlay-type":"","overlay-color":"","overlay-opacity":"","overlay-gradient":""},"mobile":{"background-color":"","background-image":"","background-repeat":"repeat","background-position":"center center","background-size":"auto","background-attachment":"scroll","background-type":"","background-media":"","overlay-type":"","overlay-color":"","overlay-opacity":"","overlay-gradient":""}},"ast-content-background-meta":{"desktop":{"background-color":"var(--ast-global-color-5)","background-image":"","background-repeat":"repeat","background-position":"center center","background-size":"auto","background-attachment":"scroll","background-type":"","background-media":"","overlay-type":"","overlay-color":"","overlay-opacity":"","overlay-gradient":""},"tablet":{"background-color":"var(--ast-global-color-5)","background-image":"","background-repeat":"repeat","background-position":"center center","background-size":"auto","background-attachment":"scroll","background-type":"","background-media":"","overlay-type":"","overlay-color":"","overlay-opacity":"","overlay-gradient":""},"mobile":{"background-color":"var(--ast-global-color-5)","background-image":"","background-repeat":"repeat","background-position":"center center","background-size":"auto","background-attachment":"scroll","background-type":"","background-media":"","overlay-type":"","overlay-color":"","overlay-opacity":"","overlay-gradient":""}}},"product_brand":[],"product_cat":[1558,70],"product_tag":[427,1560,96],"class_list":{"0":"post-30003","1":"product","2":"type-product","3":"status-publish","4":"has-post-thumbnail","6":"product_cat-vogue-santorini-vogue-citrus","7":"product_cat-vogue-large","8":"product_tag-large","9":"product_tag-santorini","10":"product_tag-vogue","11":"desktop-align-left","12":"tablet-align-left","13":"mobile-align-left","14":"ast-product-gallery-layout-horizontal-slider","15":"ast-product-tabs-layout-horizontal","17":"first","18":"instock","19":"taxable","20":"shipping-taxable","21":"purchasable","22":"product-type-simple"},"acf":[],"yoast_head":"<title>Large Vogue - Santorini - Antwerp Luxury Candle Supplies<\/title>\n<meta name=\"description\" content=\"Large Vogue - Santorini\" \/>\n<meta name=\"robots\" content=\"index, follow, max-snippet:-1, max-image-preview:large, max-video-preview:-1\" \/>\n<link rel=\"canonical\" href=\"https:\/\/luxurycandlesupplies.eu\/fr\/produit\/grand-vogue-santorini-2\/\" \/>\n<meta property=\"og:locale\" content=\"fr_FR\" \/>\n<meta property=\"og:type\" content=\"article\" \/>\n<meta property=\"og:title\" content=\"Large Vogue - Santorini - Antwerp Luxury Candle Supplies\" \/>\n<meta property=\"og:description\" content=\"Large Vogue - Santorini\" \/>\n<meta property=\"og:url\" content=\"https:\/\/luxurycandlesupplies.eu\/fr\/produit\/grand-vogue-santorini-2\/\" \/>\n<meta property=\"og:site_name\" content=\"Antwerp Luxury Candle Supplies\" \/>\n<meta property=\"article:publisher\" content=\"https:\/\/www.facebook.com\/Antwerpluxurycandlesupplies\/\" \/>\n<meta property=\"article:modified_time\" content=\"2026-05-16T14:08:16+00:00\" \/>\n<meta property=\"og:image\" content=\"https:\/\/luxurycandlesupplies.eu\/app\/uploads\/2026\/04\/I6A5546-web.jpg\" \/>\n\t<meta property=\"og:image:width\" content=\"2000\" \/>\n\t<meta property=\"og:image:height\" content=\"2000\" \/>\n\t<meta property=\"og:image:type\" content=\"image\/jpeg\" \/>\n<meta name=\"twitter:card\" content=\"summary_large_image\" \/>\n<meta name=\"twitter:label1\" content=\"Dur\u00e9e de lecture estim\u00e9e\" \/>\n\t<meta name=\"twitter:data1\" content=\"2 minutes\" \/>\n<script type=\"application\/ld+json\" class=\"yoast-schema-graph\">{\"@context\":\"https:\\\/\\\/schema.org\",\"@graph\":[{\"@type\":\"WebPage\",\"@id\":\"https:\\\/\\\/luxurycandlesupplies.eu\\\/product\\\/large-vogue-santorini-2\\\/\",\"url\":\"https:\\\/\\\/luxurycandlesupplies.eu\\\/product\\\/large-vogue-santorini-2\\\/\",\"name\":\"Large Vogue - Santorini - Antwerp Luxury Candle Supplies\",\"isPartOf\":{\"@id\":\"https:\\\/\\\/luxurycandlesupplies.eu\\\/#website\"},\"primaryImageOfPage\":{\"@id\":\"https:\\\/\\\/luxurycandlesupplies.eu\\\/product\\\/large-vogue-santorini-2\\\/#primaryimage\"},\"image\":{\"@id\":\"https:\\\/\\\/luxurycandlesupplies.eu\\\/product\\\/large-vogue-santorini-2\\\/#primaryimage\"},\"thumbnailUrl\":\"https:\\\/\\\/luxurycandlesupplies.eu\\\/app\\\/uploads\\\/2026\\\/04\\\/I6A5546-web.jpg\",\"datePublished\":\"2026-04-28T10:20:10+00:00\",\"dateModified\":\"2026-05-16T14:08:16+00:00\",\"description\":\"Large Vogue - Santorini\",\"breadcrumb\":{\"@id\":\"https:\\\/\\\/luxurycandlesupplies.eu\\\/product\\\/large-vogue-santorini-2\\\/#breadcrumb\"},\"inLanguage\":\"fr-FR\",\"potentialAction\":[{\"@type\":\"ReadAction\",\"target\":[\"https:\\\/\\\/luxurycandlesupplies.eu\\\/product\\\/large-vogue-santorini-2\\\/\"]}]},{\"@type\":\"ImageObject\",\"inLanguage\":\"fr-FR\",\"@id\":\"https:\\\/\\\/luxurycandlesupplies.eu\\\/product\\\/large-vogue-santorini-2\\\/#primaryimage\",\"url\":\"https:\\\/\\\/luxurycandlesupplies.eu\\\/app\\\/uploads\\\/2026\\\/04\\\/I6A5546-web.jpg\",\"contentUrl\":\"https:\\\/\\\/luxurycandlesupplies.eu\\\/app\\\/uploads\\\/2026\\\/04\\\/I6A5546-web.jpg\",\"width\":2000,\"height\":2000},{\"@type\":\"BreadcrumbList\",\"@id\":\"https:\\\/\\\/luxurycandlesupplies.eu\\\/product\\\/large-vogue-santorini-2\\\/#breadcrumb\",\"itemListElement\":[{\"@type\":\"ListItem\",\"position\":1,\"name\":\"Home\",\"item\":\"https:\\\/\\\/luxurycandlesupplies.eu\\\/\"},{\"@type\":\"ListItem\",\"position\":2,\"name\":\"Shop\",\"item\":\"https:\\\/\\\/luxurycandlesupplies.eu\\\/shop\\\/\"},{\"@type\":\"ListItem\",\"position\":3,\"name\":\"Large Vogue &#8211; Santorini\"}]},{\"@type\":\"WebSite\",\"@id\":\"https:\\\/\\\/luxurycandlesupplies.eu\\\/#website\",\"url\":\"https:\\\/\\\/luxurycandlesupplies.eu\\\/\",\"name\":\"Antwerp Luxury Candle Supplies\",\"description\":\"Distributor of all seasons soy wax\",\"publisher\":{\"@id\":\"https:\\\/\\\/luxurycandlesupplies.eu\\\/#organization\"},\"potentialAction\":[{\"@type\":\"SearchAction\",\"target\":{\"@type\":\"EntryPoint\",\"urlTemplate\":\"https:\\\/\\\/luxurycandlesupplies.eu\\\/?s={search_term_string}\"},\"query-input\":{\"@type\":\"PropertyValueSpecification\",\"valueRequired\":true,\"valueName\":\"search_term_string\"}}],\"inLanguage\":\"fr-FR\"},{\"@type\":\"Organization\",\"@id\":\"https:\\\/\\\/luxurycandlesupplies.eu\\\/#organization\",\"name\":\"Antwerp Luxury Candle Supplies\",\"url\":\"https:\\\/\\\/luxurycandlesupplies.eu\\\/\",\"logo\":{\"@type\":\"ImageObject\",\"inLanguage\":\"fr-FR\",\"@id\":\"https:\\\/\\\/luxurycandlesupplies.eu\\\/#\\\/schema\\\/logo\\\/image\\\/\",\"url\":\"https:\\\/\\\/luxurycandlesupplies.eu\\\/app\\\/uploads\\\/2022\\\/03\\\/antwerp-luxury-candle-supplies-1x.png\",\"contentUrl\":\"https:\\\/\\\/luxurycandlesupplies.eu\\\/app\\\/uploads\\\/2022\\\/03\\\/antwerp-luxury-candle-supplies-1x.png\",\"width\":330,\"height\":60,\"caption\":\"Antwerp Luxury Candle Supplies\"},\"image\":{\"@id\":\"https:\\\/\\\/luxurycandlesupplies.eu\\\/#\\\/schema\\\/logo\\\/image\\\/\"},\"sameAs\":[\"https:\\\/\\\/www.facebook.com\\\/Antwerpluxurycandlesupplies\\\/\",\"https:\\\/\\\/www.instagram.com\\\/antwerp_luxury_candle_supplies\\\/\",\"https:\\\/\\\/pin.it\\\/7joOXRW\"]}]}<\/script>","yoast_head_json":{"title":"Grand Vogue - Santorini - Antwerp Luxury Candle Supplies","description":"Grand Vogue - Santorini","robots":{"index":"index","follow":"follow","max-snippet":"max-snippet:-1","max-image-preview":"max-image-preview:large","max-video-preview":"max-video-preview:-1"},"canonical":"https:\/\/luxurycandlesupplies.eu\/fr\/produit\/grand-vogue-santorini-2\/","og_locale":"fr_FR","og_type":"article","og_title":"Large Vogue - Santorini - Antwerp Luxury Candle Supplies","og_description":"Large Vogue - Santorini","og_url":"https:\/\/luxurycandlesupplies.eu\/fr\/produit\/grand-vogue-santorini-2\/","og_site_name":"Antwerp Luxury Candle Supplies","article_publisher":"https:\/\/www.facebook.com\/Antwerpluxurycandlesupplies\/","article_modified_time":"2026-05-16T14:08:16+00:00","og_image":[{"width":2000,"height":2000,"url":"https:\/\/luxurycandlesupplies.eu\/app\/uploads\/2026\/04\/I6A5546-web.jpg","type":"image\/jpeg"}],"twitter_card":"summary_large_image","twitter_misc":{"Dur\u00e9e de lecture estim\u00e9e":"2 minutes"},"schema":{"@context":"https:\/\/schema.org","@graph":[{"@type":"WebPage","@id":"https:\/\/luxurycandlesupplies.eu\/product\/large-vogue-santorini-2\/","url":"https:\/\/luxurycandlesupplies.eu\/product\/large-vogue-santorini-2\/","name":"Grand Vogue - Santorini - Antwerp Luxury Candle Supplies","isPartOf":{"@id":"https:\/\/luxurycandlesupplies.eu\/#website"},"primaryImageOfPage":{"@id":"https:\/\/luxurycandlesupplies.eu\/product\/large-vogue-santorini-2\/#primaryimage"},"image":{"@id":"https:\/\/luxurycandlesupplies.eu\/product\/large-vogue-santorini-2\/#primaryimage"},"thumbnailUrl":"https:\/\/luxurycandlesupplies.eu\/app\/uploads\/2026\/04\/I6A5546-web.jpg","datePublished":"2026-04-28T10:20:10+00:00","dateModified":"2026-05-16T14:08:16+00:00","description":"Grand Vogue - Santorini","breadcrumb":{"@id":"https:\/\/luxurycandlesupplies.eu\/product\/large-vogue-santorini-2\/#breadcrumb"},"inLanguage":"fr-FR","potentialAction":[{"@type":"ReadAction","target":["https:\/\/luxurycandlesupplies.eu\/product\/large-vogue-santorini-2\/"]}]},{"@type":"ImageObject","inLanguage":"fr-FR","@id":"https:\/\/luxurycandlesupplies.eu\/product\/large-vogue-santorini-2\/#primaryimage","url":"https:\/\/luxurycandlesupplies.eu\/app\/uploads\/2026\/04\/I6A5546-web.jpg","contentUrl":"https:\/\/luxurycandlesupplies.eu\/app\/uploads\/2026\/04\/I6A5546-web.jpg","width":2000,"height":2000},{"@type":"BreadcrumbList","@id":"https:\/\/luxurycandlesupplies.eu\/product\/large-vogue-santorini-2\/#breadcrumb","itemListElement":[{"@type":"ListItem","position":1,"name":"Home","item":"https:\/\/luxurycandlesupplies.eu\/"},{"@type":"ListItem","position":2,"name":"Shop","item":"https:\/\/luxurycandlesupplies.eu\/shop\/"},{"@type":"ListItem","position":3,"name":"Large Vogue &#8211; Santorini"}]},{"@type":"WebSite","@id":"https:\/\/luxurycandlesupplies.eu\/#website","url":"https:\/\/luxurycandlesupplies.eu\/","name":"Anvers Fournitures de bougies de luxe","description":"Distributeur de cire de soja toutes saisons","publisher":{"@id":"https:\/\/luxurycandlesupplies.eu\/#organization"},"potentialAction":[{"@type":"SearchAction","target":{"@type":"EntryPoint","urlTemplate":"https:\/\/luxurycandlesupplies.eu\/?s={search_term_string}"},"query-input":{"@type":"PropertyValueSpecification","valueRequired":true,"valueName":"search_term_string"}}],"inLanguage":"fr-FR"},{"@type":"Organization","@id":"https:\/\/luxurycandlesupplies.eu\/#organization","name":"Anvers Fournitures de bougies de luxe","url":"https:\/\/luxurycandlesupplies.eu\/","logo":{"@type":"ImageObject","inLanguage":"fr-FR","@id":"https:\/\/luxurycandlesupplies.eu\/#\/schema\/logo\/image\/","url":"https:\/\/luxurycandlesupplies.eu\/app\/uploads\/2022\/03\/antwerp-luxury-candle-supplies-1x.png","contentUrl":"https:\/\/luxurycandlesupplies.eu\/app\/uploads\/2022\/03\/antwerp-luxury-candle-supplies-1x.png","width":330,"height":60,"caption":"Antwerp Luxury Candle Supplies"},"image":{"@id":"https:\/\/luxurycandlesupplies.eu\/#\/schema\/logo\/image\/"},"sameAs":["https:\/\/www.facebook.com\/Antwerpluxurycandlesupplies\/","https:\/\/www.instagram.com\/antwerp_luxury_candle_supplies\/","https:\/\/pin.it\/7joOXRW"]}]}},"_links":{"self":[{"href":"https:\/\/luxurycandlesupplies.eu\/fr\/wp-json\/wp\/v2\/product\/30003","targetHints":{"allow":["GET"]}}],"collection":[{"href":"https:\/\/luxurycandlesupplies.eu\/fr\/wp-json\/wp\/v2\/product"}],"about":[{"href":"https:\/\/luxurycandlesupplies.eu\/fr\/wp-json\/wp\/v2\/types\/product"}],"wp:featuredmedia":[{"embeddable":true,"href":"https:\/\/luxurycandlesupplies.eu\/fr\/wp-json\/wp\/v2\/media\/30262"}],"wp:attachment":[{"href":"https:\/\/luxurycandlesupplies.eu\/fr\/wp-json\/wp\/v2\/media?parent=30003"}],"wp:term":[{"taxonomy":"product_brand","embeddable":true,"href":"https:\/\/luxurycandlesupplies.eu\/fr\/wp-json\/wp\/v2\/product_brand?post=30003"},{"taxonomy":"product_cat","embeddable":true,"href":"https:\/\/luxurycandlesupplies.eu\/fr\/wp-json\/wp\/v2\/product_cat?post=30003"},{"taxonomy":"product_tag","embeddable":true,"href":"https:\/\/luxurycandlesupplies.eu\/fr\/wp-json\/wp\/v2\/product_tag?post=30003"}],"curies":[{"name":"wp","href":"https:\/\/api.w.org\/{rel}","templated":true}]}}