{"id":30046,"date":"2026-04-28T16:31:33","date_gmt":"2026-04-28T14:31:33","guid":{"rendered":"https:\/\/luxurycandlesupplies.eu\/?post_type=product&#038;p=30046"},"modified":"2026-04-28T16:32:48","modified_gmt":"2026-04-28T14:32:48","slug":"senteurs-de-la-grece-exemption-ufi","status":"publish","type":"product","link":"https:\/\/luxurycandlesupplies.eu\/fr\/product\/scents-of-greece-ufi-exempt\/","title":{"rendered":"Senteurs de Gr\u00e8ce - Exemption UFI <8%"},"content":{"rendered":"<h3>DESCRIPTION<\/h3>\n<p>&nbsp;<\/p>\n<div><\/div>\n<h3><em><strong>Senteurs de Gr\u00e8ce<\/strong><\/em><\/h3>\n<p>&nbsp;<\/p>\n<p><strong>Notes de t\u00eate :<\/strong> Bergamote Accord vert<br \/>\n<strong>Notes de c\u0153ur :<\/strong> Fleurs blanches<br \/>\n<strong>Notes de fond :<\/strong> Musk Marine Accord Sandalwood<\/p>\n<p>&nbsp;<\/p>\n<h3>NOTRE RECOMMANDATION<\/h3>\n<hr \/>\n<div>\n<p>L'utilisation des huiles de parfum d\u00e9pend du produit que vous cr\u00e9ez. Veuillez vous r\u00e9f\u00e9rer au guide ci-dessous pour obtenir des suggestions de ratios adapt\u00e9s \u00e0 votre produit.<\/p>\n<p>Veuillez noter que les valeurs ci-dessous ne sont que des suggestions. Nous recommandons aux utilisateurs de proc\u00e9der \u00e0 leurs propres essais avec les m\u00e9langes de cire et d'huile pr\u00e9vus pour obtenir des r\u00e9sultats optimaux.<\/p>\n<p>Bougies : 6-10%, sans UFI max 8%<br \/>\nWaxmelts : 10-12%<\/p>\n<\/div>\n<h2><\/h2>\n<h3>INFORMATIONS SUR LES CLP ET LES SDS<\/h3>\n<hr \/>\n<div>\n<p><a style=\"font-size: 16px; background-color: #ffffff;\" href=\"https:\/\/luxurycandlesupplies.eu\/app\/uploads\/2023\/02\/CLP-label-_-Scents-of-Greece-_-candle-8.pdf\">Etiquette CLP _ Senteurs de Gr\u00e8ce _ bougie 8%<\/a><\/p>\n<\/div>\n<p><a href=\"https:\/\/luxurycandlesupplies.eu\/app\/uploads\/2023\/02\/CLP-label-_-Scents-of-Greece-_-candle-10.pdf\">Etiquette CLP _ Senteurs de Gr\u00e8ce _ bougie 10%<\/a><\/p>\n<p><a href=\"https:\/\/luxurycandlesupplies.eu\/app\/uploads\/2023\/02\/CLP-label-_-Scents-of-Greece-_-Augeo-16.pdf\">\u00e9tiquette CLP _ Senteurs de Gr\u00e8ce _ Augeo 16%<\/a><\/p>\n<p><a href=\"https:\/\/luxurycandlesupplies.eu\/app\/uploads\/2023\/02\/Scents-of-Greece-SDS-1.pdf\">Senteurs de Gr\u00e8ce - SDS<\/a><\/p>\n<p><a href=\"https:\/\/luxurycandlesupplies.eu\/app\/uploads\/2023\/01\/Scents-of-Greece-TDS.pdf\">Senteurs de Gr\u00e8ce - TDS<\/a><\/p>\n<p><a href=\"https:\/\/luxurycandlesupplies.eu\/app\/uploads\/2023\/10\/SCENTS-OF-GREECE-IFRA.pdf\">Senteurs de Gr\u00e8ce - IFRA<\/a><\/p>\n<p>&nbsp;<\/p>\n<p>UFI : HGE0-K0X3-P00C-PDTQ<\/p>\n<p><img decoding=\"async\" class=\"alignnone wp-image-23488\" src=\"https:\/\/luxurycandlesupplies.eu\/app\/uploads\/2025\/07\/Danger-3-300x300.png\" alt=\"\" width=\"122\" height=\"122\" srcset=\"https:\/\/luxurycandlesupplies.eu\/app\/uploads\/2025\/07\/Danger-3-300x300.png 300w, https:\/\/luxurycandlesupplies.eu\/app\/uploads\/2025\/07\/Danger-3-1024x1024.png 1024w, https:\/\/luxurycandlesupplies.eu\/app\/uploads\/2025\/07\/Danger-3-150x150.png 150w, https:\/\/luxurycandlesupplies.eu\/app\/uploads\/2025\/07\/Danger-3-768x768.png 768w, https:\/\/luxurycandlesupplies.eu\/app\/uploads\/2025\/07\/Danger-3-12x12.png 12w, https:\/\/luxurycandlesupplies.eu\/app\/uploads\/2025\/07\/Danger-3-600x600.png 600w, https:\/\/luxurycandlesupplies.eu\/app\/uploads\/2025\/07\/Danger-3-100x100.png 100w, https:\/\/luxurycandlesupplies.eu\/app\/uploads\/2025\/07\/Danger-3.png 1080w\" sizes=\"(max-width: 122px) 100vw, 122px\" \/><\/p>\n<p><strong>Senteurs de Gr\u00e8ce NL<\/strong><\/p>\n<p>H315 Risque d'irritation cutan\u00e9e. H317 Peut entra\u00eener une r\u00e9action allergique. H319 Se manifeste<br \/>\nernstige oogirritatie. H410 Tr\u00e8s utile pour les organismes vivants dans l'eau, qui ont des besoins particuliers en mati\u00e8re de sant\u00e9.<br \/>\ngevolgen. P261 Inademing van stof\/rook\/gas\/nevel\/damp\/spuitnevel vermijden. P272 Verontreinigde<br \/>\nwerkkleding mag de werkruimte niet verlaten. P280 Beschermende handschoenen\/beschermende<br \/>\nkleding\/oogbescherming\/gelaatsbescherming dragen. P302+P352 BIJ CONTACT MET DE HUID : met<br \/>\nveel water en zeep wassen. P305+P351+P338 BIJ CONTACT MET DE OGEN : pour une meilleure prise en compte des besoins de la population.<br \/>\nwater gedurende een aantal minuten ; contactlenzen verwijderen, indien mogelijk ; blijven spoelen.<br \/>\nP333+P313 Bij huidirritatie of uitslag : een arts raadplegen. P337+P313 L'oogirritatie aigu\u00eb :<br \/>\neen arts raadplegen. P362+P364 Les droits d'auteur et les droits de propri\u00e9t\u00e9 intellectuelle ne sont pas garantis.<br \/>\nte gebruiken. P501 Inhoud\/verpakking afvoeren naar een erkende afvalinzamelaar conform<br \/>\nR\u00e9glementation VLAREMA et OVAM.<\/p>\n<p>&nbsp;<\/p>\n<p><strong>Senteurs de Gr\u00e8ce FR<\/strong><\/p>\n<p>H315 Provoque une irritation cutan\u00e9e. H317 Peut provoquer une r\u00e9action allergique cutan\u00e9e. H319<br \/>\nProvoque une s\u00e9v\u00e8re irritation des yeux. H410 Tr\u00e8s toxique pour les organismes aquatiques,<br \/>\nentra\u00eene des effets n\u00e9fastes \u00e0 long terme. P261 \u00c9viter de respirer les<br \/>\npoussi\u00e8res\/fum\u00e9es\/gaz\/brouillards\/vapeurs\/a\u00e9rosols. P272 Les v\u00eatements de travail contamin\u00e9s ne<br \/>\ndoivent pas sortir du lieu de travail. P280 Porter des gants de protection\/des v\u00eatements de<br \/>\nprotection\/une protection des yeux\/du visage. P302+P352 EN CAS DE CONTACT AVEC LA PEAU : laver<br \/>\nabondamment \u00e0 l'eau et au savon. P305+P351+P338 EN CAS DE CONTACT AVEC LES YEUX : rincer<br \/>\navec pr\u00e9caution \u00e0 l'eau pendant plusieurs minutes ; retirer les lentilles si possible ; continuer \u00e0 rincer.<br \/>\nP333+P313 En cas d'irritation ou d'\u00e9ruption cutan\u00e9e : consulter un m\u00e9decin. P337+P313 En cas<br \/>\nd'irritation oculaire persistante : consulter un m\u00e9decin. P362+P364 Retirer les v\u00eatements contamin\u00e9s<br \/>\net les laver avant r\u00e9utilisation. P501 \u00c9liminer le contenu\/le r\u00e9cipient via un collecteur de d\u00e9chets<br \/>\nagr\u00e9\u00e9 conform\u00e9ment \u00e0 la r\u00e9glementation VLAREMA et OVAM.<\/p>\n<p>&nbsp;<\/p>\n<p><strong>Senteurs de Gr\u00e8ce FR<\/strong><\/p>\n<p>H315 Provoque une irritation de la peau. H317 Peut provoquer une r\u00e9action allergique cutan\u00e9e. H319 Provoque de graves l\u00e9sions oculaires.<br \/>\nirritation. H410 Tr\u00e8s toxique pour la vie aquatique avec des effets \u00e0 long terme. P261 \u00c9viter de respirer<br \/>\npoussi\u00e8res\/fum\u00e9es\/gaz\/brouillards\/vapeurs\/a\u00e9rosols. P272 Les v\u00eatements de travail contamin\u00e9s ne doivent pas \u00eatre laiss\u00e9s \u00e0 l'ext\u00e9rieur du b\u00e2timent.<br \/>\nle lieu de travail. P280 Porter des gants de protection\/des v\u00eatements de protection\/un \u00e9quipement de protection des yeux\/un \u00e9quipement de protection du visage.<br \/>\nP302+P352 EN CAS DE CONTACT AVEC LA PEAU : laver abondamment \u00e0 l'eau et au savon. P305+P351+P338 EN CAS DE CONTACT AVEC LES YEUX : Rincer.<br \/>\navec pr\u00e9caution avec de l'eau pendant plusieurs minutes. Retirer les lentilles de contact si elles sont pr\u00e9sentes et si cela est facile \u00e0 faire. Poursuivre<br \/>\nrin\u00e7age. P333+P313 En cas d'irritation de la peau ou d'\u00e9ruption cutan\u00e9e : Consulter un m\u00e9decin. P337+P313 En cas d'irritation des yeux<br \/>\npersiste : Consulter un m\u00e9decin. P362+P364 Enlever les v\u00eatements contamin\u00e9s et les laver avant r\u00e9utilisation. P501<br \/>\n\u00c9liminer le contenu\/r\u00e9cipient par l'interm\u00e9diaire d'un collecteur de d\u00e9chets agr\u00e9\u00e9, conform\u00e9ment aux dispositions de la VLAREMA et de la loi sur la protection de l'environnement.<br \/>\nR\u00e8glement de l'OVAM.<\/p>","protected":false},"excerpt":{"rendered":"<p>DESCRIPTION &nbsp; Scents of Greece &nbsp; Top notes: Bergamot Green Accord Middle notes: White Flowers Base notes: Musk Marine Accord Sandalwood &nbsp; OUR RECOMMENDATION The use of fragrance oils will be dependant on the product you are creating. Please refer to the guide below for suggested ratios suitable for your product. Please note, the below [&hellip;]<\/p>\n","protected":false},"featured_media":3968,"template":"","meta":{"_acf_changed":false,"site-sidebar-layout":"default","site-content-layout":"default","ast-site-content-layout":"default","site-content-style":"default","site-sidebar-style":"default","ast-global-header-display":"","ast-banner-title-visibility":"","ast-main-header-display":"","ast-hfb-above-header-display":"","ast-hfb-below-header-display":"","ast-hfb-mobile-header-display":"","site-post-title":"","ast-breadcrumbs-content":"","ast-featured-img":"","footer-sml-layout":"","ast-disable-related-posts":"","theme-transparent-header-meta":"default","adv-header-id-meta":"","stick-header-meta":"","header-above-stick-meta":"","header-main-stick-meta":"","header-below-stick-meta":"","astra-migrate-meta-layouts":"set","ast-page-background-enabled":"default","ast-page-background-meta":{"desktop":{"background-color":"","background-image":"","background-repeat":"repeat","background-position":"center center","background-size":"auto","background-attachment":"scroll","background-type":"","background-media":"","overlay-type":"","overlay-color":"","overlay-opacity":"","overlay-gradient":""},"tablet":{"background-color":"","background-image":"","background-repeat":"repeat","background-position":"center center","background-size":"auto","background-attachment":"scroll","background-type":"","background-media":"","overlay-type":"","overlay-color":"","overlay-opacity":"","overlay-gradient":""},"mobile":{"background-color":"","background-image":"","background-repeat":"repeat","background-position":"center center","background-size":"auto","background-attachment":"scroll","background-type":"","background-media":"","overlay-type":"","overlay-color":"","overlay-opacity":"","overlay-gradient":""}},"ast-content-background-meta":{"desktop":{"background-color":"var(--ast-global-color-5)","background-image":"","background-repeat":"repeat","background-position":"center center","background-size":"auto","background-attachment":"scroll","background-type":"","background-media":"","overlay-type":"","overlay-color":"","overlay-opacity":"","overlay-gradient":""},"tablet":{"background-color":"var(--ast-global-color-5)","background-image":"","background-repeat":"repeat","background-position":"center center","background-size":"auto","background-attachment":"scroll","background-type":"","background-media":"","overlay-type":"","overlay-color":"","overlay-opacity":"","overlay-gradient":""},"mobile":{"background-color":"var(--ast-global-color-5)","background-image":"","background-repeat":"repeat","background-position":"center center","background-size":"auto","background-attachment":"scroll","background-type":"","background-media":"","overlay-type":"","overlay-color":"","overlay-opacity":"","overlay-gradient":""}}},"product_brand":[],"product_cat":[25,1681],"product_tag":[29,26,19,441,28,442,57,440,31,58,175,23,30,435,20,27,22],"class_list":{"0":"post-30046","1":"product","2":"type-product","3":"status-publish","4":"has-post-thumbnail","6":"product_cat-fragrances","7":"product_cat-fragrances-ufi-exempt","8":"product_tag-a05-wax","9":"product_tag-a27-wax","10":"product_tag-all-seasons-wax","11":"product_tag-bergamot","12":"product_tag-cocosoy","13":"product_tag-flowers","14":"product_tag-fragrances","15":"product_tag-greece","16":"product_tag-m12-wax","17":"product_tag-mulled-wine","18":"product_tag-musk","19":"product_tag-s100-wax","20":"product_tag-s16-wax","21":"product_tag-sandalwood","22":"product_tag-soy-wax","23":"product_tag-vegan-wax","24":"product_tag-wax","25":"desktop-align-left","26":"tablet-align-left","27":"mobile-align-left","28":"ast-product-gallery-layout-horizontal-slider","29":"ast-product-gallery-with-no-image","30":"ast-product-single-variable","31":"ast-product-tabs-layout-horizontal","33":"first","34":"instock","35":"taxable","36":"shipping-taxable","37":"purchasable","38":"product-type-variable"},"acf":[],"yoast_head":"<title>Scents of Greece - UFI exempt<\/title>\n<meta name=\"robots\" content=\"index, follow, max-snippet:-1, max-image-preview:large, max-video-preview:-1\" \/>\n<link rel=\"canonical\" href=\"https:\/\/luxurycandlesupplies.eu\/fr\/produit\/senteurs-de-la-grece-exemption-ufi\/\" \/>\n<meta property=\"og:locale\" content=\"fr_FR\" \/>\n<meta property=\"og:type\" content=\"article\" \/>\n<meta property=\"og:title\" content=\"Scents of Greece - UFI exempt\" \/>\n<meta property=\"og:description\" content=\"DESCRIPTION &nbsp; Scents of Greece &nbsp; Top notes: Bergamot Green Accord Middle notes: White Flowers Base notes: Musk Marine Accord Sandalwood &nbsp; OUR RECOMMENDATION The use of fragrance oils will be dependant on the product you are creating. Please refer to the guide below for suggested ratios suitable for your product. Please note, the below [&hellip;]\" \/>\n<meta property=\"og:url\" content=\"https:\/\/luxurycandlesupplies.eu\/fr\/produit\/senteurs-de-la-grece-exemption-ufi\/\" \/>\n<meta property=\"og:site_name\" content=\"Antwerp Luxury Candle Supplies\" \/>\n<meta property=\"article:publisher\" content=\"https:\/\/www.facebook.com\/Antwerpluxurycandlesupplies\/\" \/>\n<meta property=\"article:modified_time\" content=\"2026-04-28T14:32:48+00:00\" \/>\n<meta property=\"og:image\" content=\"https:\/\/luxurycandlesupplies.eu\/app\/uploads\/2023\/01\/Kopie-van-Roze-Verf-Sociale-Media-Afbeelding-6.png\" \/>\n\t<meta property=\"og:image:width\" content=\"1080\" \/>\n\t<meta property=\"og:image:height\" content=\"1080\" \/>\n\t<meta property=\"og:image:type\" content=\"image\/png\" \/>\n<meta name=\"twitter:card\" content=\"summary_large_image\" \/>\n<meta name=\"twitter:label1\" content=\"Dur\u00e9e de lecture estim\u00e9e\" \/>\n\t<meta name=\"twitter:data1\" content=\"3 minutes\" \/>\n<script type=\"application\/ld+json\" class=\"yoast-schema-graph\">{\"@context\":\"https:\\\/\\\/schema.org\",\"@graph\":[{\"@type\":\"WebPage\",\"@id\":\"https:\\\/\\\/luxurycandlesupplies.eu\\\/product\\\/scents-of-greece-ufi-exempt\\\/\",\"url\":\"https:\\\/\\\/luxurycandlesupplies.eu\\\/product\\\/scents-of-greece-ufi-exempt\\\/\",\"name\":\"Scents of Greece - UFI exempt\",\"isPartOf\":{\"@id\":\"https:\\\/\\\/luxurycandlesupplies.eu\\\/#website\"},\"primaryImageOfPage\":{\"@id\":\"https:\\\/\\\/luxurycandlesupplies.eu\\\/product\\\/scents-of-greece-ufi-exempt\\\/#primaryimage\"},\"image\":{\"@id\":\"https:\\\/\\\/luxurycandlesupplies.eu\\\/product\\\/scents-of-greece-ufi-exempt\\\/#primaryimage\"},\"thumbnailUrl\":\"https:\\\/\\\/luxurycandlesupplies.eu\\\/app\\\/uploads\\\/2023\\\/01\\\/Kopie-van-Roze-Verf-Sociale-Media-Afbeelding-6.png\",\"datePublished\":\"2026-04-28T14:31:33+00:00\",\"dateModified\":\"2026-04-28T14:32:48+00:00\",\"breadcrumb\":{\"@id\":\"https:\\\/\\\/luxurycandlesupplies.eu\\\/product\\\/scents-of-greece-ufi-exempt\\\/#breadcrumb\"},\"inLanguage\":\"fr-FR\",\"potentialAction\":[{\"@type\":\"ReadAction\",\"target\":[\"https:\\\/\\\/luxurycandlesupplies.eu\\\/product\\\/scents-of-greece-ufi-exempt\\\/\"]}]},{\"@type\":\"ImageObject\",\"inLanguage\":\"fr-FR\",\"@id\":\"https:\\\/\\\/luxurycandlesupplies.eu\\\/product\\\/scents-of-greece-ufi-exempt\\\/#primaryimage\",\"url\":\"https:\\\/\\\/luxurycandlesupplies.eu\\\/app\\\/uploads\\\/2023\\\/01\\\/Kopie-van-Roze-Verf-Sociale-Media-Afbeelding-6.png\",\"contentUrl\":\"https:\\\/\\\/luxurycandlesupplies.eu\\\/app\\\/uploads\\\/2023\\\/01\\\/Kopie-van-Roze-Verf-Sociale-Media-Afbeelding-6.png\",\"width\":1080,\"height\":1080},{\"@type\":\"BreadcrumbList\",\"@id\":\"https:\\\/\\\/luxurycandlesupplies.eu\\\/product\\\/scents-of-greece-ufi-exempt\\\/#breadcrumb\",\"itemListElement\":[{\"@type\":\"ListItem\",\"position\":1,\"name\":\"Home\",\"item\":\"https:\\\/\\\/luxurycandlesupplies.eu\\\/\"},{\"@type\":\"ListItem\",\"position\":2,\"name\":\"Shop\",\"item\":\"https:\\\/\\\/luxurycandlesupplies.eu\\\/shop\\\/\"},{\"@type\":\"ListItem\",\"position\":3,\"name\":\"Scents of Greece &#8211; UFI exempt\"}]},{\"@type\":\"WebSite\",\"@id\":\"https:\\\/\\\/luxurycandlesupplies.eu\\\/#website\",\"url\":\"https:\\\/\\\/luxurycandlesupplies.eu\\\/\",\"name\":\"Antwerp Luxury Candle Supplies\",\"description\":\"Distributor of all seasons soy wax\",\"publisher\":{\"@id\":\"https:\\\/\\\/luxurycandlesupplies.eu\\\/#organization\"},\"potentialAction\":[{\"@type\":\"SearchAction\",\"target\":{\"@type\":\"EntryPoint\",\"urlTemplate\":\"https:\\\/\\\/luxurycandlesupplies.eu\\\/?s={search_term_string}\"},\"query-input\":{\"@type\":\"PropertyValueSpecification\",\"valueRequired\":true,\"valueName\":\"search_term_string\"}}],\"inLanguage\":\"fr-FR\"},{\"@type\":\"Organization\",\"@id\":\"https:\\\/\\\/luxurycandlesupplies.eu\\\/#organization\",\"name\":\"Antwerp Luxury Candle Supplies\",\"url\":\"https:\\\/\\\/luxurycandlesupplies.eu\\\/\",\"logo\":{\"@type\":\"ImageObject\",\"inLanguage\":\"fr-FR\",\"@id\":\"https:\\\/\\\/luxurycandlesupplies.eu\\\/#\\\/schema\\\/logo\\\/image\\\/\",\"url\":\"https:\\\/\\\/luxurycandlesupplies.eu\\\/app\\\/uploads\\\/2022\\\/03\\\/antwerp-luxury-candle-supplies-1x.png\",\"contentUrl\":\"https:\\\/\\\/luxurycandlesupplies.eu\\\/app\\\/uploads\\\/2022\\\/03\\\/antwerp-luxury-candle-supplies-1x.png\",\"width\":330,\"height\":60,\"caption\":\"Antwerp Luxury Candle Supplies\"},\"image\":{\"@id\":\"https:\\\/\\\/luxurycandlesupplies.eu\\\/#\\\/schema\\\/logo\\\/image\\\/\"},\"sameAs\":[\"https:\\\/\\\/www.facebook.com\\\/Antwerpluxurycandlesupplies\\\/\",\"https:\\\/\\\/www.instagram.com\\\/antwerp_luxury_candle_supplies\\\/\",\"https:\\\/\\\/pin.it\\\/7joOXRW\"]}]}<\/script>","yoast_head_json":{"title":"Senteurs de Gr\u00e8ce - Exemption UFI","robots":{"index":"index","follow":"follow","max-snippet":"max-snippet:-1","max-image-preview":"max-image-preview:large","max-video-preview":"max-video-preview:-1"},"canonical":"https:\/\/luxurycandlesupplies.eu\/fr\/produit\/senteurs-de-la-grece-exemption-ufi\/","og_locale":"fr_FR","og_type":"article","og_title":"Scents of Greece - UFI exempt","og_description":"DESCRIPTION &nbsp; Scents of Greece &nbsp; Top notes: Bergamot Green Accord Middle notes: White Flowers Base notes: Musk Marine Accord Sandalwood &nbsp; OUR RECOMMENDATION The use of fragrance oils will be dependant on the product you are creating. Please refer to the guide below for suggested ratios suitable for your product. Please note, the below [&hellip;]","og_url":"https:\/\/luxurycandlesupplies.eu\/fr\/produit\/senteurs-de-la-grece-exemption-ufi\/","og_site_name":"Antwerp Luxury Candle Supplies","article_publisher":"https:\/\/www.facebook.com\/Antwerpluxurycandlesupplies\/","article_modified_time":"2026-04-28T14:32:48+00:00","og_image":[{"width":1080,"height":1080,"url":"https:\/\/luxurycandlesupplies.eu\/app\/uploads\/2023\/01\/Kopie-van-Roze-Verf-Sociale-Media-Afbeelding-6.png","type":"image\/png"}],"twitter_card":"summary_large_image","twitter_misc":{"Dur\u00e9e de lecture estim\u00e9e":"3 minutes"},"schema":{"@context":"https:\/\/schema.org","@graph":[{"@type":"WebPage","@id":"https:\/\/luxurycandlesupplies.eu\/product\/scents-of-greece-ufi-exempt\/","url":"https:\/\/luxurycandlesupplies.eu\/product\/scents-of-greece-ufi-exempt\/","name":"Senteurs de Gr\u00e8ce - Exemption UFI","isPartOf":{"@id":"https:\/\/luxurycandlesupplies.eu\/#website"},"primaryImageOfPage":{"@id":"https:\/\/luxurycandlesupplies.eu\/product\/scents-of-greece-ufi-exempt\/#primaryimage"},"image":{"@id":"https:\/\/luxurycandlesupplies.eu\/product\/scents-of-greece-ufi-exempt\/#primaryimage"},"thumbnailUrl":"https:\/\/luxurycandlesupplies.eu\/app\/uploads\/2023\/01\/Kopie-van-Roze-Verf-Sociale-Media-Afbeelding-6.png","datePublished":"2026-04-28T14:31:33+00:00","dateModified":"2026-04-28T14:32:48+00:00","breadcrumb":{"@id":"https:\/\/luxurycandlesupplies.eu\/product\/scents-of-greece-ufi-exempt\/#breadcrumb"},"inLanguage":"fr-FR","potentialAction":[{"@type":"ReadAction","target":["https:\/\/luxurycandlesupplies.eu\/product\/scents-of-greece-ufi-exempt\/"]}]},{"@type":"ImageObject","inLanguage":"fr-FR","@id":"https:\/\/luxurycandlesupplies.eu\/product\/scents-of-greece-ufi-exempt\/#primaryimage","url":"https:\/\/luxurycandlesupplies.eu\/app\/uploads\/2023\/01\/Kopie-van-Roze-Verf-Sociale-Media-Afbeelding-6.png","contentUrl":"https:\/\/luxurycandlesupplies.eu\/app\/uploads\/2023\/01\/Kopie-van-Roze-Verf-Sociale-Media-Afbeelding-6.png","width":1080,"height":1080},{"@type":"BreadcrumbList","@id":"https:\/\/luxurycandlesupplies.eu\/product\/scents-of-greece-ufi-exempt\/#breadcrumb","itemListElement":[{"@type":"ListItem","position":1,"name":"Home","item":"https:\/\/luxurycandlesupplies.eu\/"},{"@type":"ListItem","position":2,"name":"Shop","item":"https:\/\/luxurycandlesupplies.eu\/shop\/"},{"@type":"ListItem","position":3,"name":"Scents of Greece &#8211; UFI exempt"}]},{"@type":"WebSite","@id":"https:\/\/luxurycandlesupplies.eu\/#website","url":"https:\/\/luxurycandlesupplies.eu\/","name":"Anvers Fournitures de bougies de luxe","description":"Distributeur de cire de soja toutes saisons","publisher":{"@id":"https:\/\/luxurycandlesupplies.eu\/#organization"},"potentialAction":[{"@type":"SearchAction","target":{"@type":"EntryPoint","urlTemplate":"https:\/\/luxurycandlesupplies.eu\/?s={search_term_string}"},"query-input":{"@type":"PropertyValueSpecification","valueRequired":true,"valueName":"search_term_string"}}],"inLanguage":"fr-FR"},{"@type":"Organization","@id":"https:\/\/luxurycandlesupplies.eu\/#organization","name":"Anvers Fournitures de bougies de luxe","url":"https:\/\/luxurycandlesupplies.eu\/","logo":{"@type":"ImageObject","inLanguage":"fr-FR","@id":"https:\/\/luxurycandlesupplies.eu\/#\/schema\/logo\/image\/","url":"https:\/\/luxurycandlesupplies.eu\/app\/uploads\/2022\/03\/antwerp-luxury-candle-supplies-1x.png","contentUrl":"https:\/\/luxurycandlesupplies.eu\/app\/uploads\/2022\/03\/antwerp-luxury-candle-supplies-1x.png","width":330,"height":60,"caption":"Antwerp Luxury Candle Supplies"},"image":{"@id":"https:\/\/luxurycandlesupplies.eu\/#\/schema\/logo\/image\/"},"sameAs":["https:\/\/www.facebook.com\/Antwerpluxurycandlesupplies\/","https:\/\/www.instagram.com\/antwerp_luxury_candle_supplies\/","https:\/\/pin.it\/7joOXRW"]}]}},"_links":{"self":[{"href":"https:\/\/luxurycandlesupplies.eu\/fr\/wp-json\/wp\/v2\/product\/30046","targetHints":{"allow":["GET"]}}],"collection":[{"href":"https:\/\/luxurycandlesupplies.eu\/fr\/wp-json\/wp\/v2\/product"}],"about":[{"href":"https:\/\/luxurycandlesupplies.eu\/fr\/wp-json\/wp\/v2\/types\/product"}],"wp:featuredmedia":[{"embeddable":true,"href":"https:\/\/luxurycandlesupplies.eu\/fr\/wp-json\/wp\/v2\/media\/3968"}],"wp:attachment":[{"href":"https:\/\/luxurycandlesupplies.eu\/fr\/wp-json\/wp\/v2\/media?parent=30046"}],"wp:term":[{"taxonomy":"product_brand","embeddable":true,"href":"https:\/\/luxurycandlesupplies.eu\/fr\/wp-json\/wp\/v2\/product_brand?post=30046"},{"taxonomy":"product_cat","embeddable":true,"href":"https:\/\/luxurycandlesupplies.eu\/fr\/wp-json\/wp\/v2\/product_cat?post=30046"},{"taxonomy":"product_tag","embeddable":true,"href":"https:\/\/luxurycandlesupplies.eu\/fr\/wp-json\/wp\/v2\/product_tag?post=30046"}],"curies":[{"name":"wp","href":"https:\/\/api.w.org\/{rel}","templated":true}]}}