{"id":30159,"date":"2026-04-30T16:50:38","date_gmt":"2026-04-30T14:50:38","guid":{"rendered":"https:\/\/luxurycandlesupplies.eu\/?post_type=product&#038;p=30159"},"modified":"2026-04-30T16:52:22","modified_gmt":"2026-04-30T14:52:22","slug":"alcool-de-parfumerie-2","status":"publish","type":"product","link":"https:\/\/luxurycandlesupplies.eu\/fr\/product\/perfumers-alcohol-2\/","title":{"rendered":"Alcool de parfumerie"},"content":{"rendered":"<h3>DESCRIPTION<\/h3>\n<div>\n<p>&nbsp;<\/p>\n<h2>Alcool de parfum pr\u00eat \u00e0 l'emploi<\/h2>\n<p>&nbsp;<\/p>\n<\/div>\n<p data-start=\"171\" data-end=\"454\">Cr\u00e9ez des produits parfum\u00e9s de haute qualit\u00e9 et de longue dur\u00e9e avec ce produit de qualit\u00e9 sup\u00e9rieure. <strong data-start=\"241\" data-end=\"263\">Alcool de parfumerie<\/strong>.<\/p>\n<p data-start=\"171\" data-end=\"454\">Sp\u00e9cialement formul\u00e9 pour l'industrie de la parfumerie, cet alcool de haute puret\u00e9 est la base id\u00e9ale pour une large gamme d'applications parfum\u00e9es.<\/p>\n<p data-start=\"456\" data-end=\"615\">Que vous d\u00e9veloppiez <strong data-start=\"483\" data-end=\"543\">les sprays d'ambiance, les brumes corporelles, les diffuseurs \u00e0 roseaux ou les parfums de voiture<\/strong>, Cet alcool polyvalent permet d'obtenir un r\u00e9sultat propre et homog\u00e8ne \u00e0 chaque fois.<\/p>\n<h3 data-section-id=\"1hwjp2c\" data-start=\"617\" data-end=\"655\">Pourquoi choisir notre alcool de parfumerie ?<\/h3>\n<ul data-start=\"787\" data-end=\"1057\">\n<li data-section-id=\"1dmxjyh\" data-start=\"787\" data-end=\"834\">Haute puret\u00e9 pour une base olfactive propre et neutre<\/li>\n<li data-section-id=\"1j2ruq1\" data-start=\"835\" data-end=\"893\">Excellente solubilit\u00e9 des parfums pour une diffusion maximale de l'odeur<\/li>\n<li data-section-id=\"dq6m38\" data-start=\"894\" data-end=\"946\">Evaporation rapide pour un fini lisse et non gras<\/li>\n<li data-section-id=\"1o0uz2e\" data-start=\"947\" data-end=\"1008\">Support parfait pour les huiles de parfum l\u00e9g\u00e8res et intenses<\/li>\n<li data-section-id=\"bxpas1\" data-start=\"1009\" data-end=\"1057\">Id\u00e9al pour des formulations coh\u00e9rentes et stables<\/li>\n<\/ul>\n<p data-start=\"1059\" data-end=\"1179\">Con\u00e7u pour am\u00e9liorer les performances de vos huiles de parfum, il permet de faire ressortir le v\u00e9ritable caract\u00e8re de chaque senteur.<\/p>\n<hr data-start=\"1181\" data-end=\"1184\" \/>\n<h2 data-section-id=\"1h48m2z\" data-start=\"1186\" data-end=\"1223\"><\/h2>\n<h2 data-section-id=\"1h48m2z\" data-start=\"1186\" data-end=\"1223\">Applications de l'alcool de parfumerie<\/h2>\n<p data-start=\"1225\" data-end=\"1314\">Ce produit est extr\u00eamement polyvalent et largement utilis\u00e9 dans de nombreuses cat\u00e9gories de parfums :<\/p>\n<h3 data-section-id=\"1e5i59f\" data-start=\"1316\" data-end=\"1331\">Sprays d'ambiance<\/h3>\n<p data-start=\"1332\" data-end=\"1500\">Cr\u00e9ez des produits \u00e9l\u00e9gants et durables <strong data-start=\"1364\" data-end=\"1389\">vaporisateurs de parfum d'ambiance<\/strong> avec une r\u00e9partition fine de la brume. L'alcool de parfumeur assure un s\u00e9chage rapide et une diffusion uniforme du parfum dans tous les espaces.<\/p>\n<h3 data-section-id=\"m57p7z\" data-start=\"1502\" data-end=\"1527\">Brumes corporelles et parfums<\/h3>\n<p data-start=\"1528\" data-end=\"1700\">Parfait pour l'artisanat <strong data-start=\"1549\" data-end=\"1576\">les brumes corporelles et les parfums<\/strong>, Le parfum de l'eau de toilette, qui offre une sensation de l\u00e9g\u00e8ret\u00e9 et de fra\u00eecheur sur la peau, ne laisse aucun r\u00e9sidu. Contribue \u00e0 offrir une exp\u00e9rience olfactive \u00e9quilibr\u00e9e et facile \u00e0 porter.<\/p>\n<h3 data-section-id=\"c48ork\" data-start=\"1702\" data-end=\"1734\">Diffuseurs et parfums de voiture<\/h3>\n<p data-start=\"1735\" data-end=\"1850\">Utiliser comme base pour <strong data-start=\"1753\" data-end=\"1771\">parfums de voiture<\/strong> pour obtenir une \u00e9vaporation propre et une diffusion coh\u00e9rente des senteurs dans les petits espaces.<\/p>\n<h3 data-section-id=\"1l11jd4\" data-start=\"1852\" data-end=\"1886\">Diffuseurs de roseaux (\u00e0 base d'alcool)<\/h3>\n<p data-start=\"1887\" data-end=\"2026\">Convient pour <strong data-start=\"1900\" data-end=\"1932\">diffuseurs \u00e0 base d'alcool<\/strong>, La diffusion de l'huile de parfum \u00e0 travers les roseaux est ainsi am\u00e9lior\u00e9e.<\/p>\n<h3 data-section-id=\"bispdz\" data-start=\"2028\" data-end=\"2053\">Sprays pour linge et tissus<\/h3>\n<p data-start=\"2054\" data-end=\"2144\">Id\u00e9al pour <strong data-start=\"2064\" data-end=\"2080\">sprays de lin<\/strong>, Il laisse les tissus l\u00e9g\u00e8rement parfum\u00e9s sans les tacher ni les alourdir.<\/p>\n<hr data-start=\"2146\" data-end=\"2149\" \/>\n<h2 data-section-id=\"7deyeb\" data-start=\"2151\" data-end=\"2183\"><\/h2>\n<h2 data-section-id=\"7deyeb\" data-start=\"2151\" data-end=\"2183\">Comment utiliser l'alcool de parfumeur<\/h2>\n<p data-start=\"2185\" data-end=\"2272\">L'alcool de parfumerie est facile \u00e0 m\u00e9langer et tr\u00e8s adaptable en fonction de votre formulation.<\/p>\n<p data-start=\"2274\" data-end=\"2299\">Lignes directrices pour l'utilisation typique :<\/p>\n<ul data-start=\"2300\" data-end=\"2491\">\n<li data-section-id=\"1j66x4r\" data-start=\"2300\" data-end=\"2356\">M\u00e9langer avec de l'huile de parfum selon la puissance souhait\u00e9e<\/li>\n<li data-section-id=\"qnjsx8\" data-start=\"2357\" data-end=\"2434\">Les rapports courants se situent entre 70% - 90% d'alcool et 10% - 30% d'huile de parfum.<\/li>\n<li data-section-id=\"1nvvdil\" data-start=\"2435\" data-end=\"2491\">Testez toujours votre formulation pour obtenir des performances optimales !<\/li>\n<\/ul>\n<p><strong>Le pourcentage d'huile de parfum utilis\u00e9 d\u00e9pend des directives de l'IFRA applicables \u00e0 chaque parfum et \u00e0 chaque application sp\u00e9cifique !<\/strong><\/p>\n<p>&nbsp;<\/p>\n<hr data-start=\"2493\" data-end=\"2496\" \/>\n<h2 data-section-id=\"gfhv0x\" data-start=\"2498\" data-end=\"2539\">Parfait pour les professionnels et les cr\u00e9ateurs<\/h2>\n<p data-start=\"2541\" data-end=\"2709\">Que vous soyez un <strong data-start=\"2559\" data-end=\"2618\">marque de parfums d'ambiance, fabricant de bougies ou cr\u00e9ateur de cosm\u00e9tiques<\/strong>, L'alcool de parfumeur est un ingr\u00e9dient indispensable \u00e0 l'\u00e9laboration de produits parfum\u00e9s de qualit\u00e9 sup\u00e9rieure !<\/p>\n<p data-start=\"2711\" data-end=\"2766\">Il offre la flexibilit\u00e9 et la qualit\u00e9 n\u00e9cessaires \u00e0 la cr\u00e9ation :<\/p>\n<ul data-start=\"2767\" data-end=\"2868\">\n<li data-section-id=\"1jvuweq\" data-start=\"2767\" data-end=\"2789\">Vaporisateurs d'ambiance de luxe<\/li>\n<li data-section-id=\"l0rqvp\" data-start=\"2790\" data-end=\"2814\">Brouillards parfum\u00e9s<\/li>\n<li data-section-id=\"1pur7sn\" data-start=\"2815\" data-end=\"2831\">Parfums de voiture<\/li>\n<li data-section-id=\"1cgcey9\" data-start=\"2832\" data-end=\"2850\">Diffuseurs de roseaux<\/li>\n<li data-section-id=\"gzuqlr\" data-start=\"2851\" data-end=\"2868\">Vaporisateurs pour tissus<\/li>\n<\/ul>\n<hr data-start=\"2870\" data-end=\"2873\" \/>\n<h2 data-section-id=\"10ffsbb\" data-start=\"2875\" data-end=\"2910\">Am\u00e9liorez vos cr\u00e9ations de parfums<\/h2>\n<p data-start=\"2912\" data-end=\"3093\">Avec la bonne base, chaque parfum est plus performant. Notre alcool de parfumeur vous offre le contr\u00f4le, la qualit\u00e9 et la coh\u00e9rence n\u00e9cessaires pour \u00e9lever vos produits \u00e0 un niveau professionnel.<\/p>\n<div>\n<p>&nbsp;<\/p>\n<h2 data-section-id=\"1c5g5t0\" data-start=\"77\" data-end=\"107\">Qu'est-ce que l'alcool de parfumerie ?<\/h2>\n<p>&nbsp;<\/p>\n<p data-start=\"109\" data-end=\"412\">L'alcool de parfumerie est principalement bas\u00e9 sur <strong data-start=\"150\" data-end=\"191\"><span class=\"hover:entity-accent entity-underline inline cursor-pointer align-baseline\"><span class=\"whitespace-normal\">\u00e9thanol<\/span><\/span><\/strong>, L'alcool de parfumeur est un alcool de haute puret\u00e9 largement utilis\u00e9 dans l'industrie des parfums. Toutefois, contrairement \u00e0 l'\u00e9thanol pur, l'alcool de parfumeur est <strong data-start=\"306\" data-end=\"319\">d\u00e9natur\u00e9<\/strong>, Cela signifie qu'il a \u00e9t\u00e9 modifi\u00e9 \u00e0 l'aide d'additifs sp\u00e9cifiques afin de le rendre impropre \u00e0 la consommation.<\/p>\n<p data-start=\"414\" data-end=\"536\">Il est donc id\u00e9al pour les applications de parfumerie professionnelle, tout en restant rentable et conforme \u00e0 la r\u00e9glementation.<\/p>\n<p data-start=\"414\" data-end=\"536\">\n<\/div>\n<h2>DOCUMENTS DE S\u00c9CURIT\u00c9<\/h2>\n<p>&nbsp;<\/p>\n<p><a href=\"https:\/\/luxurycandlesupplies.eu\/app\/uploads\/2025\/05\/SDS-Perfumers-Alcohol.pdf\">SDS Alcool de parfum<\/a><\/p>\n<p>&nbsp;<\/p>","protected":false},"excerpt":{"rendered":"<div>\n<h2>Alcool de parfum pr\u00eat \u00e0 l'emploi<\/h2>\n<p>&nbsp;<\/p>\n<\/div>\n<p data-start=\"171\" data-end=\"454\">Cr\u00e9ez des produits parfum\u00e9s de haute qualit\u00e9 et de longue dur\u00e9e avec ce produit de qualit\u00e9 sup\u00e9rieure. <strong data-start=\"241\" data-end=\"263\">Alcool de parfumerie<\/strong>.<\/p>\n<p data-start=\"171\" data-end=\"454\">Sp\u00e9cialement formul\u00e9 pour l'industrie de la parfumerie, cet alcool de haute puret\u00e9 est la base id\u00e9ale pour une large gamme d'applications parfum\u00e9es.<\/p>\n<p data-start=\"456\" data-end=\"615\">Que vous d\u00e9veloppiez <strong data-start=\"483\" data-end=\"543\">les sprays d'ambiance, les brumes corporelles, les diffuseurs \u00e0 roseaux ou les parfums de voiture<\/strong>, Cet alcool polyvalent permet d'obtenir un r\u00e9sultat propre et homog\u00e8ne \u00e0 chaque fois !<\/p>","protected":false},"featured_media":21041,"template":"","meta":{"_acf_changed":false,"site-sidebar-layout":"default","site-content-layout":"default","ast-site-content-layout":"default","site-content-style":"default","site-sidebar-style":"default","ast-global-header-display":"","ast-banner-title-visibility":"","ast-main-header-display":"","ast-hfb-above-header-display":"","ast-hfb-below-header-display":"","ast-hfb-mobile-header-display":"","site-post-title":"","ast-breadcrumbs-content":"","ast-featured-img":"","footer-sml-layout":"","ast-disable-related-posts":"","theme-transparent-header-meta":"default","adv-header-id-meta":"","stick-header-meta":"","header-above-stick-meta":"","header-main-stick-meta":"","header-below-stick-meta":"","astra-migrate-meta-layouts":"set","ast-page-background-enabled":"default","ast-page-background-meta":{"desktop":{"background-color":"","background-image":"","background-repeat":"repeat","background-position":"center center","background-size":"auto","background-attachment":"scroll","background-type":"","background-media":"","overlay-type":"","overlay-color":"","overlay-opacity":"","overlay-gradient":""},"tablet":{"background-color":"","background-image":"","background-repeat":"repeat","background-position":"center center","background-size":"auto","background-attachment":"scroll","background-type":"","background-media":"","overlay-type":"","overlay-color":"","overlay-opacity":"","overlay-gradient":""},"mobile":{"background-color":"","background-image":"","background-repeat":"repeat","background-position":"center center","background-size":"auto","background-attachment":"scroll","background-type":"","background-media":"","overlay-type":"","overlay-color":"","overlay-opacity":"","overlay-gradient":""}},"ast-content-background-meta":{"desktop":{"background-color":"var(--ast-global-color-5)","background-image":"","background-repeat":"repeat","background-position":"center center","background-size":"auto","background-attachment":"scroll","background-type":"","background-media":"","overlay-type":"","overlay-color":"","overlay-opacity":"","overlay-gradient":""},"tablet":{"background-color":"var(--ast-global-color-5)","background-image":"","background-repeat":"repeat","background-position":"center center","background-size":"auto","background-attachment":"scroll","background-type":"","background-media":"","overlay-type":"","overlay-color":"","overlay-opacity":"","overlay-gradient":""},"mobile":{"background-color":"var(--ast-global-color-5)","background-image":"","background-repeat":"repeat","background-position":"center center","background-size":"auto","background-attachment":"scroll","background-type":"","background-media":"","overlay-type":"","overlay-color":"","overlay-opacity":"","overlay-gradient":""}}},"product_brand":[],"product_cat":[1648,1646,1329,1644,1716,1652],"product_tag":[1714,1402,1403,1715,1654],"class_list":{"0":"post-30159","1":"product","2":"type-product","3":"status-publish","4":"has-post-thumbnail","6":"product_cat-diffuser-base","7":"product_cat-diffusers-diffusers","8":"product_cat-diffusers","9":"product_cat-fragrance-bases","10":"product_cat-laundry-scent-booster","11":"product_cat-room-spray-bases","12":"product_tag-alcohol","13":"product_tag-diffuser-base","14":"product_tag-diffusers","15":"product_tag-perfumers-alcohol","16":"product_tag-room-spray","17":"desktop-align-left","18":"tablet-align-left","19":"mobile-align-left","20":"ast-product-gallery-layout-horizontal-slider","21":"ast-product-single-variable","22":"ast-product-tabs-layout-horizontal","24":"first","25":"instock","26":"taxable","27":"shipping-taxable","28":"purchasable","29":"product-type-variable"},"acf":[],"yoast_head":"<title>Perfumer&#039;s Alcohol - Antwerp Luxury Candle Supplies<\/title>\n<meta name=\"robots\" content=\"index, follow, max-snippet:-1, max-image-preview:large, max-video-preview:-1\" \/>\n<link rel=\"canonical\" href=\"https:\/\/luxurycandlesupplies.eu\/fr\/produit\/alcool-de-parfumerie-2\/\" \/>\n<meta property=\"og:locale\" content=\"fr_FR\" \/>\n<meta property=\"og:type\" content=\"article\" \/>\n<meta property=\"og:title\" content=\"Perfumer&#039;s Alcohol - Antwerp Luxury Candle Supplies\" \/>\n<meta property=\"og:description\" content=\"Ready to use Perfumer&#039;s Alcohol &nbsp;   Create high-quality, long-lasting fragrance products with this premium Perfumer\u2019s Alcohol. Specially formulated for the fragrance industry, this high-purity alcohol is the ideal base for a wide range of scented applications. Whether you are developing room sprays, body mists, reed diffusers or car perfumes, this versatile alcohol delivers a clean, consistent result every time!\" \/>\n<meta property=\"og:url\" content=\"https:\/\/luxurycandlesupplies.eu\/fr\/produit\/alcool-de-parfumerie-2\/\" \/>\n<meta property=\"og:site_name\" content=\"Antwerp Luxury Candle Supplies\" \/>\n<meta property=\"article:publisher\" content=\"https:\/\/www.facebook.com\/Antwerpluxurycandlesupplies\/\" \/>\n<meta property=\"article:modified_time\" content=\"2026-04-30T14:52:22+00:00\" \/>\n<meta property=\"og:image\" content=\"https:\/\/luxurycandlesupplies.eu\/app\/uploads\/2025\/05\/Perfume-Alcohol-3.png\" \/>\n\t<meta property=\"og:image:width\" content=\"1000\" \/>\n\t<meta property=\"og:image:height\" content=\"1000\" \/>\n\t<meta property=\"og:image:type\" content=\"image\/png\" \/>\n<meta name=\"twitter:card\" content=\"summary_large_image\" \/>\n<meta name=\"twitter:label1\" content=\"Dur\u00e9e de lecture estim\u00e9e\" \/>\n\t<meta name=\"twitter:data1\" content=\"3 minutes\" \/>\n<script type=\"application\/ld+json\" class=\"yoast-schema-graph\">{\"@context\":\"https:\\\/\\\/schema.org\",\"@graph\":[{\"@type\":\"WebPage\",\"@id\":\"https:\\\/\\\/luxurycandlesupplies.eu\\\/product\\\/perfumers-alcohol-2\\\/\",\"url\":\"https:\\\/\\\/luxurycandlesupplies.eu\\\/product\\\/perfumers-alcohol-2\\\/\",\"name\":\"Perfumer's Alcohol - Antwerp Luxury Candle Supplies\",\"isPartOf\":{\"@id\":\"https:\\\/\\\/luxurycandlesupplies.eu\\\/#website\"},\"primaryImageOfPage\":{\"@id\":\"https:\\\/\\\/luxurycandlesupplies.eu\\\/product\\\/perfumers-alcohol-2\\\/#primaryimage\"},\"image\":{\"@id\":\"https:\\\/\\\/luxurycandlesupplies.eu\\\/product\\\/perfumers-alcohol-2\\\/#primaryimage\"},\"thumbnailUrl\":\"https:\\\/\\\/luxurycandlesupplies.eu\\\/app\\\/uploads\\\/2025\\\/05\\\/Perfume-Alcohol-3.png\",\"datePublished\":\"2026-04-30T14:50:38+00:00\",\"dateModified\":\"2026-04-30T14:52:22+00:00\",\"breadcrumb\":{\"@id\":\"https:\\\/\\\/luxurycandlesupplies.eu\\\/product\\\/perfumers-alcohol-2\\\/#breadcrumb\"},\"inLanguage\":\"fr-FR\",\"potentialAction\":[{\"@type\":\"ReadAction\",\"target\":[\"https:\\\/\\\/luxurycandlesupplies.eu\\\/product\\\/perfumers-alcohol-2\\\/\"]}]},{\"@type\":\"ImageObject\",\"inLanguage\":\"fr-FR\",\"@id\":\"https:\\\/\\\/luxurycandlesupplies.eu\\\/product\\\/perfumers-alcohol-2\\\/#primaryimage\",\"url\":\"https:\\\/\\\/luxurycandlesupplies.eu\\\/app\\\/uploads\\\/2025\\\/05\\\/Perfume-Alcohol-3.png\",\"contentUrl\":\"https:\\\/\\\/luxurycandlesupplies.eu\\\/app\\\/uploads\\\/2025\\\/05\\\/Perfume-Alcohol-3.png\",\"width\":1000,\"height\":1000},{\"@type\":\"BreadcrumbList\",\"@id\":\"https:\\\/\\\/luxurycandlesupplies.eu\\\/product\\\/perfumers-alcohol-2\\\/#breadcrumb\",\"itemListElement\":[{\"@type\":\"ListItem\",\"position\":1,\"name\":\"Home\",\"item\":\"https:\\\/\\\/luxurycandlesupplies.eu\\\/\"},{\"@type\":\"ListItem\",\"position\":2,\"name\":\"Shop\",\"item\":\"https:\\\/\\\/luxurycandlesupplies.eu\\\/shop\\\/\"},{\"@type\":\"ListItem\",\"position\":3,\"name\":\"Perfumer&#8217;s Alcohol\"}]},{\"@type\":\"WebSite\",\"@id\":\"https:\\\/\\\/luxurycandlesupplies.eu\\\/#website\",\"url\":\"https:\\\/\\\/luxurycandlesupplies.eu\\\/\",\"name\":\"Antwerp Luxury Candle Supplies\",\"description\":\"Distributor of all seasons soy wax\",\"publisher\":{\"@id\":\"https:\\\/\\\/luxurycandlesupplies.eu\\\/#organization\"},\"potentialAction\":[{\"@type\":\"SearchAction\",\"target\":{\"@type\":\"EntryPoint\",\"urlTemplate\":\"https:\\\/\\\/luxurycandlesupplies.eu\\\/?s={search_term_string}\"},\"query-input\":{\"@type\":\"PropertyValueSpecification\",\"valueRequired\":true,\"valueName\":\"search_term_string\"}}],\"inLanguage\":\"fr-FR\"},{\"@type\":\"Organization\",\"@id\":\"https:\\\/\\\/luxurycandlesupplies.eu\\\/#organization\",\"name\":\"Antwerp Luxury Candle Supplies\",\"url\":\"https:\\\/\\\/luxurycandlesupplies.eu\\\/\",\"logo\":{\"@type\":\"ImageObject\",\"inLanguage\":\"fr-FR\",\"@id\":\"https:\\\/\\\/luxurycandlesupplies.eu\\\/#\\\/schema\\\/logo\\\/image\\\/\",\"url\":\"https:\\\/\\\/luxurycandlesupplies.eu\\\/app\\\/uploads\\\/2022\\\/03\\\/antwerp-luxury-candle-supplies-1x.png\",\"contentUrl\":\"https:\\\/\\\/luxurycandlesupplies.eu\\\/app\\\/uploads\\\/2022\\\/03\\\/antwerp-luxury-candle-supplies-1x.png\",\"width\":330,\"height\":60,\"caption\":\"Antwerp Luxury Candle Supplies\"},\"image\":{\"@id\":\"https:\\\/\\\/luxurycandlesupplies.eu\\\/#\\\/schema\\\/logo\\\/image\\\/\"},\"sameAs\":[\"https:\\\/\\\/www.facebook.com\\\/Antwerpluxurycandlesupplies\\\/\",\"https:\\\/\\\/www.instagram.com\\\/antwerp_luxury_candle_supplies\\\/\",\"https:\\\/\\\/pin.it\\\/7joOXRW\"]}]}<\/script>","yoast_head_json":{"title":"Alcool de parfum - Antwerp Luxury Candle Supplies","robots":{"index":"index","follow":"follow","max-snippet":"max-snippet:-1","max-image-preview":"max-image-preview:large","max-video-preview":"max-video-preview:-1"},"canonical":"https:\/\/luxurycandlesupplies.eu\/fr\/produit\/alcool-de-parfumerie-2\/","og_locale":"fr_FR","og_type":"article","og_title":"Perfumer's Alcohol - Antwerp Luxury Candle Supplies","og_description":"Ready to use Perfumer's Alcohol &nbsp;   Create high-quality, long-lasting fragrance products with this premium Perfumer\u2019s Alcohol. Specially formulated for the fragrance industry, this high-purity alcohol is the ideal base for a wide range of scented applications. Whether you are developing room sprays, body mists, reed diffusers or car perfumes, this versatile alcohol delivers a clean, consistent result every time!","og_url":"https:\/\/luxurycandlesupplies.eu\/fr\/produit\/alcool-de-parfumerie-2\/","og_site_name":"Antwerp Luxury Candle Supplies","article_publisher":"https:\/\/www.facebook.com\/Antwerpluxurycandlesupplies\/","article_modified_time":"2026-04-30T14:52:22+00:00","og_image":[{"width":1000,"height":1000,"url":"https:\/\/luxurycandlesupplies.eu\/app\/uploads\/2025\/05\/Perfume-Alcohol-3.png","type":"image\/png"}],"twitter_card":"summary_large_image","twitter_misc":{"Dur\u00e9e de lecture estim\u00e9e":"3 minutes"},"schema":{"@context":"https:\/\/schema.org","@graph":[{"@type":"WebPage","@id":"https:\/\/luxurycandlesupplies.eu\/product\/perfumers-alcohol-2\/","url":"https:\/\/luxurycandlesupplies.eu\/product\/perfumers-alcohol-2\/","name":"Alcool de parfum - Antwerp Luxury Candle Supplies","isPartOf":{"@id":"https:\/\/luxurycandlesupplies.eu\/#website"},"primaryImageOfPage":{"@id":"https:\/\/luxurycandlesupplies.eu\/product\/perfumers-alcohol-2\/#primaryimage"},"image":{"@id":"https:\/\/luxurycandlesupplies.eu\/product\/perfumers-alcohol-2\/#primaryimage"},"thumbnailUrl":"https:\/\/luxurycandlesupplies.eu\/app\/uploads\/2025\/05\/Perfume-Alcohol-3.png","datePublished":"2026-04-30T14:50:38+00:00","dateModified":"2026-04-30T14:52:22+00:00","breadcrumb":{"@id":"https:\/\/luxurycandlesupplies.eu\/product\/perfumers-alcohol-2\/#breadcrumb"},"inLanguage":"fr-FR","potentialAction":[{"@type":"ReadAction","target":["https:\/\/luxurycandlesupplies.eu\/product\/perfumers-alcohol-2\/"]}]},{"@type":"ImageObject","inLanguage":"fr-FR","@id":"https:\/\/luxurycandlesupplies.eu\/product\/perfumers-alcohol-2\/#primaryimage","url":"https:\/\/luxurycandlesupplies.eu\/app\/uploads\/2025\/05\/Perfume-Alcohol-3.png","contentUrl":"https:\/\/luxurycandlesupplies.eu\/app\/uploads\/2025\/05\/Perfume-Alcohol-3.png","width":1000,"height":1000},{"@type":"BreadcrumbList","@id":"https:\/\/luxurycandlesupplies.eu\/product\/perfumers-alcohol-2\/#breadcrumb","itemListElement":[{"@type":"ListItem","position":1,"name":"Home","item":"https:\/\/luxurycandlesupplies.eu\/"},{"@type":"ListItem","position":2,"name":"Shop","item":"https:\/\/luxurycandlesupplies.eu\/shop\/"},{"@type":"ListItem","position":3,"name":"Perfumer&#8217;s Alcohol"}]},{"@type":"WebSite","@id":"https:\/\/luxurycandlesupplies.eu\/#website","url":"https:\/\/luxurycandlesupplies.eu\/","name":"Anvers Fournitures de bougies de luxe","description":"Distributeur de cire de soja toutes saisons","publisher":{"@id":"https:\/\/luxurycandlesupplies.eu\/#organization"},"potentialAction":[{"@type":"SearchAction","target":{"@type":"EntryPoint","urlTemplate":"https:\/\/luxurycandlesupplies.eu\/?s={search_term_string}"},"query-input":{"@type":"PropertyValueSpecification","valueRequired":true,"valueName":"search_term_string"}}],"inLanguage":"fr-FR"},{"@type":"Organization","@id":"https:\/\/luxurycandlesupplies.eu\/#organization","name":"Anvers Fournitures de bougies de luxe","url":"https:\/\/luxurycandlesupplies.eu\/","logo":{"@type":"ImageObject","inLanguage":"fr-FR","@id":"https:\/\/luxurycandlesupplies.eu\/#\/schema\/logo\/image\/","url":"https:\/\/luxurycandlesupplies.eu\/app\/uploads\/2022\/03\/antwerp-luxury-candle-supplies-1x.png","contentUrl":"https:\/\/luxurycandlesupplies.eu\/app\/uploads\/2022\/03\/antwerp-luxury-candle-supplies-1x.png","width":330,"height":60,"caption":"Antwerp Luxury Candle Supplies"},"image":{"@id":"https:\/\/luxurycandlesupplies.eu\/#\/schema\/logo\/image\/"},"sameAs":["https:\/\/www.facebook.com\/Antwerpluxurycandlesupplies\/","https:\/\/www.instagram.com\/antwerp_luxury_candle_supplies\/","https:\/\/pin.it\/7joOXRW"]}]}},"_links":{"self":[{"href":"https:\/\/luxurycandlesupplies.eu\/fr\/wp-json\/wp\/v2\/product\/30159","targetHints":{"allow":["GET"]}}],"collection":[{"href":"https:\/\/luxurycandlesupplies.eu\/fr\/wp-json\/wp\/v2\/product"}],"about":[{"href":"https:\/\/luxurycandlesupplies.eu\/fr\/wp-json\/wp\/v2\/types\/product"}],"wp:featuredmedia":[{"embeddable":true,"href":"https:\/\/luxurycandlesupplies.eu\/fr\/wp-json\/wp\/v2\/media\/21041"}],"wp:attachment":[{"href":"https:\/\/luxurycandlesupplies.eu\/fr\/wp-json\/wp\/v2\/media?parent=30159"}],"wp:term":[{"taxonomy":"product_brand","embeddable":true,"href":"https:\/\/luxurycandlesupplies.eu\/fr\/wp-json\/wp\/v2\/product_brand?post=30159"},{"taxonomy":"product_cat","embeddable":true,"href":"https:\/\/luxurycandlesupplies.eu\/fr\/wp-json\/wp\/v2\/product_cat?post=30159"},{"taxonomy":"product_tag","embeddable":true,"href":"https:\/\/luxurycandlesupplies.eu\/fr\/wp-json\/wp\/v2\/product_tag?post=30159"}],"curies":[{"name":"wp","href":"https:\/\/api.w.org\/{rel}","templated":true}]}}