{"id":3520,"date":"2022-12-20T22:37:19","date_gmt":"2022-12-20T21:37:19","guid":{"rendered":"https:\/\/luxurycandlesupplies.eu\/?post_type=product&#038;p=3520"},"modified":"2026-04-07T15:28:11","modified_gmt":"2026-04-07T13:28:11","slug":"bol-a-bougie-hampton-jaune","status":"publish","type":"product","link":"https:\/\/luxurycandlesupplies.eu\/fr\/product\/hampton-candle-bowl-yellow\/","title":{"rendered":"Hampton Bol \u00e0 bougie - Jaune"},"content":{"rendered":"<h4>DESCRIPTION<\/h4>\n<p>&nbsp;<\/p>\n<div class=\"product info detailed after-content\">\n<div class=\"product data items\">\n<div class=\"product-data-items-content\">\n<div id=\"attributedescription\" class=\"data item content\" role=\"tabpanel\" data-role=\"content\" aria-labelledby=\"tab-label-attributedescription\" aria-hidden=\"false\">\n<div class=\"product attribute description\">\n<div class=\"value\">\n<p>Vase classique de 650 ml avec une base \u00e0 bords carr\u00e9s et un couvercle bross\u00e9 or doux.<\/p>\n<\/div>\n<\/div>\n<\/div>\n<\/div>\n<\/div>\n<\/div>","protected":false},"excerpt":{"rendered":"<h3>CARACT\u00c9RISTIQUES TECHNIQUES<\/h3>\n<hr \/>\n<div><\/div>\n<p><strong>Dimensions ext\u00e9rieures de la cuve (avec couvercle)<\/strong>: 126mm\u00d8 x 90mmH<br \/>\n<strong>Dimensions int\u00e9rieures de la cuve<\/strong>: 110mm\u00d8 x 78mmH<br \/>\n<strong>Capacit\u00e9 du navire<\/strong>: 650ml<br \/>\n<strong>Vaisseau Remplissage sugg\u00e9r\u00e9 <\/strong>: Environ 500g<br \/>\n<strong>Poids du navire<\/strong>: 515g<\/p>\n<p><strong>Couvercle adapt\u00e9<\/strong>: Couvercle en m\u00e9tal bross\u00e9 doux en compl\u00e9ment<br \/>\n<strong>Emballage adapt\u00e9<\/strong>: TBA<br \/>\n<strong>Taille de m\u00e8che sugg\u00e9r\u00e9e<\/strong>*: <a href=\"https:\/\/luxurycandlesupplies.eu\/fr\/produit\/meches-de-lcs-45\/\" target=\"_blank\" rel=\"noopener\">3 x LCS45<\/a>, <a href=\"https:\/\/luxurycandlesupplies.eu\/fr\/produit\/meche-en-bois-dubbel-20-x-150-mm\/\" target=\"_blank\" rel=\"noopener\">M\u00e8che en bois double couche 20mm<\/a>, <a href=\"https:\/\/luxurycandlesupplies.eu\/fr\/produit\/meche-en-bois-s-wave-40-x-120-mm\/\" target=\"_blank\" rel=\"noopener\">M\u00e8che en bois S Wave 40mm<\/a><br \/>\n*Veuillez noter que la taille des m\u00e8ches n'est qu'une suggestion. Pour des r\u00e9sultats optimaux, nous recommandons aux utilisateurs d'effectuer leurs propres tests avec les diff\u00e9rents m\u00e9langes de cire et d'huile qu'ils ont l'intention d'utiliser.<\/p>\n<p><strong>Taille du carton<\/strong>: 12<\/p>\n<p>Veuillez noter que la photo du produit peut diff\u00e9rer de l'article r\u00e9el en termes de couleur en raison de l'\u00e9clairage et\/ou de la fabrication.<\/p>\n<p>&nbsp;<\/p>","protected":false},"featured_media":3517,"template":"","meta":{"_acf_changed":false,"site-sidebar-layout":"default","site-content-layout":"default","ast-site-content-layout":"default","site-content-style":"default","site-sidebar-style":"default","ast-global-header-display":"","ast-banner-title-visibility":"","ast-main-header-display":"","ast-hfb-above-header-display":"","ast-hfb-below-header-display":"","ast-hfb-mobile-header-display":"","site-post-title":"","ast-breadcrumbs-content":"","ast-featured-img":"","footer-sml-layout":"","ast-disable-related-posts":"","theme-transparent-header-meta":"default","adv-header-id-meta":"","stick-header-meta":"","header-above-stick-meta":"","header-main-stick-meta":"","header-below-stick-meta":"","astra-migrate-meta-layouts":"set","ast-page-background-enabled":"default","ast-page-background-meta":{"desktop":{"background-color":"","background-image":"","background-repeat":"repeat","background-position":"center center","background-size":"auto","background-attachment":"scroll","background-type":"","background-media":"","overlay-type":"","overlay-color":"","overlay-opacity":"","overlay-gradient":""},"tablet":{"background-color":"","background-image":"","background-repeat":"repeat","background-position":"center center","background-size":"auto","background-attachment":"scroll","background-type":"","background-media":"","overlay-type":"","overlay-color":"","overlay-opacity":"","overlay-gradient":""},"mobile":{"background-color":"","background-image":"","background-repeat":"repeat","background-position":"center center","background-size":"auto","background-attachment":"scroll","background-type":"","background-media":"","overlay-type":"","overlay-color":"","overlay-opacity":"","overlay-gradient":""}},"ast-content-background-meta":{"desktop":{"background-color":"var(--ast-global-color-5)","background-image":"","background-repeat":"repeat","background-position":"center center","background-size":"auto","background-attachment":"scroll","background-type":"","background-media":"","overlay-type":"","overlay-color":"","overlay-opacity":"","overlay-gradient":""},"tablet":{"background-color":"var(--ast-global-color-5)","background-image":"","background-repeat":"repeat","background-position":"center center","background-size":"auto","background-attachment":"scroll","background-type":"","background-media":"","overlay-type":"","overlay-color":"","overlay-opacity":"","overlay-gradient":""},"mobile":{"background-color":"var(--ast-global-color-5)","background-image":"","background-repeat":"repeat","background-position":"center center","background-size":"auto","background-attachment":"scroll","background-type":"","background-media":"","overlay-type":"","overlay-color":"","overlay-opacity":"","overlay-gradient":""}}},"product_brand":[],"product_cat":[382],"product_tag":[385,386,384,383,388,180],"class_list":{"0":"post-3520","1":"product","2":"type-product","3":"status-publish","4":"has-post-thumbnail","6":"product_cat-hampton","7":"product_tag-gold-brushed","8":"product_tag-gold-lid","9":"product_tag-hampton","10":"product_tag-hampton-jar","11":"product_tag-hampton-yellow","12":"product_tag-yellow","13":"desktop-align-left","14":"tablet-align-left","15":"mobile-align-left","16":"ast-product-gallery-layout-horizontal-slider","17":"ast-product-tabs-layout-horizontal","19":"first","20":"instock","21":"taxable","22":"shipping-taxable","23":"purchasable","24":"product-type-simple"},"acf":[],"yoast_head":"<title>Hampton Candle Bowl \u2013 Yellow - Antwerp Luxury Candle Supplies<\/title>\n<meta name=\"robots\" content=\"index, follow, max-snippet:-1, max-image-preview:large, max-video-preview:-1\" \/>\n<link rel=\"canonical\" href=\"https:\/\/luxurycandlesupplies.eu\/fr\/produit\/bol-a-bougie-hampton-jaune\/\" \/>\n<meta property=\"og:locale\" content=\"fr_FR\" \/>\n<meta property=\"og:type\" content=\"article\" \/>\n<meta property=\"og:title\" content=\"Hampton Candle Bowl \u2013 Yellow - Antwerp Luxury Candle Supplies\" \/>\n<meta property=\"og:description\" content=\"SPECIFICATIONS     External Vessel Dimensions (with lid): 126mm\u00d8 x 90mmH Internal Vessel Dimensions: 110mm\u00d8 x 78mmH Vessel Capacity: 650ml Vessel Suggested Fill : Approx 500g Vessel Weight: 515g  Suitable Lid: Complimentary Soft Brushed Gold Metal lid Suitable Packaging: TBA Suggested Wick Size*: 3 x LCS45, Double Layer Wood Wick 20mm, S Wave Wood Wick 40mm *Please note, wick sizes are suggestions only. For optimum results, we recommend users conduct their own wick tests with different blends of wax and oils that they intend to use.  Carton size: 12  Please note, product photo may differ from actual item in terms of colour due to lighting and\/or manufacturing.  &nbsp;\" \/>\n<meta property=\"og:url\" content=\"https:\/\/luxurycandlesupplies.eu\/fr\/produit\/bol-a-bougie-hampton-jaune\/\" \/>\n<meta property=\"og:site_name\" content=\"Antwerp Luxury Candle Supplies\" \/>\n<meta property=\"article:publisher\" content=\"https:\/\/www.facebook.com\/Antwerpluxurycandlesupplies\/\" \/>\n<meta property=\"article:modified_time\" content=\"2026-04-07T13:28:11+00:00\" \/>\n<meta property=\"og:image\" content=\"https:\/\/luxurycandlesupplies.eu\/app\/uploads\/2022\/12\/pixelcut_30.png\" \/>\n\t<meta property=\"og:image:width\" content=\"1080\" \/>\n\t<meta property=\"og:image:height\" content=\"1080\" \/>\n\t<meta property=\"og:image:type\" content=\"image\/png\" \/>\n<meta name=\"twitter:card\" content=\"summary_large_image\" \/>\n<meta name=\"twitter:label1\" content=\"Dur\u00e9e de lecture estim\u00e9e\" \/>\n\t<meta name=\"twitter:data1\" content=\"1 minute\" \/>\n<script type=\"application\/ld+json\" class=\"yoast-schema-graph\">{\"@context\":\"https:\\\/\\\/schema.org\",\"@graph\":[{\"@type\":\"WebPage\",\"@id\":\"https:\\\/\\\/luxurycandlesupplies.eu\\\/product\\\/hampton-candle-bowl-yellow\\\/\",\"url\":\"https:\\\/\\\/luxurycandlesupplies.eu\\\/product\\\/hampton-candle-bowl-yellow\\\/\",\"name\":\"Hampton Candle Bowl \u2013 Yellow - Antwerp Luxury Candle Supplies\",\"isPartOf\":{\"@id\":\"https:\\\/\\\/luxurycandlesupplies.eu\\\/#website\"},\"primaryImageOfPage\":{\"@id\":\"https:\\\/\\\/luxurycandlesupplies.eu\\\/product\\\/hampton-candle-bowl-yellow\\\/#primaryimage\"},\"image\":{\"@id\":\"https:\\\/\\\/luxurycandlesupplies.eu\\\/product\\\/hampton-candle-bowl-yellow\\\/#primaryimage\"},\"thumbnailUrl\":\"https:\\\/\\\/luxurycandlesupplies.eu\\\/app\\\/uploads\\\/2022\\\/12\\\/pixelcut_30.png\",\"datePublished\":\"2022-12-20T21:37:19+00:00\",\"dateModified\":\"2026-04-07T13:28:11+00:00\",\"breadcrumb\":{\"@id\":\"https:\\\/\\\/luxurycandlesupplies.eu\\\/product\\\/hampton-candle-bowl-yellow\\\/#breadcrumb\"},\"inLanguage\":\"fr-FR\",\"potentialAction\":[{\"@type\":\"ReadAction\",\"target\":[\"https:\\\/\\\/luxurycandlesupplies.eu\\\/product\\\/hampton-candle-bowl-yellow\\\/\"]}]},{\"@type\":\"ImageObject\",\"inLanguage\":\"fr-FR\",\"@id\":\"https:\\\/\\\/luxurycandlesupplies.eu\\\/product\\\/hampton-candle-bowl-yellow\\\/#primaryimage\",\"url\":\"https:\\\/\\\/luxurycandlesupplies.eu\\\/app\\\/uploads\\\/2022\\\/12\\\/pixelcut_30.png\",\"contentUrl\":\"https:\\\/\\\/luxurycandlesupplies.eu\\\/app\\\/uploads\\\/2022\\\/12\\\/pixelcut_30.png\",\"width\":1080,\"height\":1080},{\"@type\":\"BreadcrumbList\",\"@id\":\"https:\\\/\\\/luxurycandlesupplies.eu\\\/product\\\/hampton-candle-bowl-yellow\\\/#breadcrumb\",\"itemListElement\":[{\"@type\":\"ListItem\",\"position\":1,\"name\":\"Home\",\"item\":\"https:\\\/\\\/luxurycandlesupplies.eu\\\/\"},{\"@type\":\"ListItem\",\"position\":2,\"name\":\"Shop\",\"item\":\"https:\\\/\\\/luxurycandlesupplies.eu\\\/shop\\\/\"},{\"@type\":\"ListItem\",\"position\":3,\"name\":\"Hampton Candle Bowl \u2013 Yellow\"}]},{\"@type\":\"WebSite\",\"@id\":\"https:\\\/\\\/luxurycandlesupplies.eu\\\/#website\",\"url\":\"https:\\\/\\\/luxurycandlesupplies.eu\\\/\",\"name\":\"Antwerp Luxury Candle Supplies\",\"description\":\"Distributor of all seasons soy wax\",\"publisher\":{\"@id\":\"https:\\\/\\\/luxurycandlesupplies.eu\\\/#organization\"},\"potentialAction\":[{\"@type\":\"SearchAction\",\"target\":{\"@type\":\"EntryPoint\",\"urlTemplate\":\"https:\\\/\\\/luxurycandlesupplies.eu\\\/?s={search_term_string}\"},\"query-input\":{\"@type\":\"PropertyValueSpecification\",\"valueRequired\":true,\"valueName\":\"search_term_string\"}}],\"inLanguage\":\"fr-FR\"},{\"@type\":\"Organization\",\"@id\":\"https:\\\/\\\/luxurycandlesupplies.eu\\\/#organization\",\"name\":\"Antwerp Luxury Candle Supplies\",\"url\":\"https:\\\/\\\/luxurycandlesupplies.eu\\\/\",\"logo\":{\"@type\":\"ImageObject\",\"inLanguage\":\"fr-FR\",\"@id\":\"https:\\\/\\\/luxurycandlesupplies.eu\\\/#\\\/schema\\\/logo\\\/image\\\/\",\"url\":\"https:\\\/\\\/luxurycandlesupplies.eu\\\/app\\\/uploads\\\/2022\\\/03\\\/antwerp-luxury-candle-supplies-1x.png\",\"contentUrl\":\"https:\\\/\\\/luxurycandlesupplies.eu\\\/app\\\/uploads\\\/2022\\\/03\\\/antwerp-luxury-candle-supplies-1x.png\",\"width\":330,\"height\":60,\"caption\":\"Antwerp Luxury Candle Supplies\"},\"image\":{\"@id\":\"https:\\\/\\\/luxurycandlesupplies.eu\\\/#\\\/schema\\\/logo\\\/image\\\/\"},\"sameAs\":[\"https:\\\/\\\/www.facebook.com\\\/Antwerpluxurycandlesupplies\\\/\",\"https:\\\/\\\/www.instagram.com\\\/antwerp_luxury_candle_supplies\\\/\",\"https:\\\/\\\/pin.it\\\/7joOXRW\"]}]}<\/script>","yoast_head_json":{"title":"Hampton Bol \u00e0 bougie - Jaune - Antwerp Luxury Candle Supplies","robots":{"index":"index","follow":"follow","max-snippet":"max-snippet:-1","max-image-preview":"max-image-preview:large","max-video-preview":"max-video-preview:-1"},"canonical":"https:\/\/luxurycandlesupplies.eu\/fr\/produit\/bol-a-bougie-hampton-jaune\/","og_locale":"fr_FR","og_type":"article","og_title":"Hampton Candle Bowl \u2013 Yellow - Antwerp Luxury Candle Supplies","og_description":"SPECIFICATIONS     External Vessel Dimensions (with lid): 126mm\u00d8 x 90mmH Internal Vessel Dimensions: 110mm\u00d8 x 78mmH Vessel Capacity: 650ml Vessel Suggested Fill : Approx 500g Vessel Weight: 515g  Suitable Lid: Complimentary Soft Brushed Gold Metal lid Suitable Packaging: TBA Suggested Wick Size*: 3 x LCS45, Double Layer Wood Wick 20mm, S Wave Wood Wick 40mm *Please note, wick sizes are suggestions only. For optimum results, we recommend users conduct their own wick tests with different blends of wax and oils that they intend to use.  Carton size: 12  Please note, product photo may differ from actual item in terms of colour due to lighting and\/or manufacturing.  &nbsp;","og_url":"https:\/\/luxurycandlesupplies.eu\/fr\/produit\/bol-a-bougie-hampton-jaune\/","og_site_name":"Antwerp Luxury Candle Supplies","article_publisher":"https:\/\/www.facebook.com\/Antwerpluxurycandlesupplies\/","article_modified_time":"2026-04-07T13:28:11+00:00","og_image":[{"width":1080,"height":1080,"url":"https:\/\/luxurycandlesupplies.eu\/app\/uploads\/2022\/12\/pixelcut_30.png","type":"image\/png"}],"twitter_card":"summary_large_image","twitter_misc":{"Dur\u00e9e de lecture estim\u00e9e":"1 minute"},"schema":{"@context":"https:\/\/schema.org","@graph":[{"@type":"WebPage","@id":"https:\/\/luxurycandlesupplies.eu\/product\/hampton-candle-bowl-yellow\/","url":"https:\/\/luxurycandlesupplies.eu\/product\/hampton-candle-bowl-yellow\/","name":"Hampton Bol \u00e0 bougie - Jaune - Antwerp Luxury Candle Supplies","isPartOf":{"@id":"https:\/\/luxurycandlesupplies.eu\/#website"},"primaryImageOfPage":{"@id":"https:\/\/luxurycandlesupplies.eu\/product\/hampton-candle-bowl-yellow\/#primaryimage"},"image":{"@id":"https:\/\/luxurycandlesupplies.eu\/product\/hampton-candle-bowl-yellow\/#primaryimage"},"thumbnailUrl":"https:\/\/luxurycandlesupplies.eu\/app\/uploads\/2022\/12\/pixelcut_30.png","datePublished":"2022-12-20T21:37:19+00:00","dateModified":"2026-04-07T13:28:11+00:00","breadcrumb":{"@id":"https:\/\/luxurycandlesupplies.eu\/product\/hampton-candle-bowl-yellow\/#breadcrumb"},"inLanguage":"fr-FR","potentialAction":[{"@type":"ReadAction","target":["https:\/\/luxurycandlesupplies.eu\/product\/hampton-candle-bowl-yellow\/"]}]},{"@type":"ImageObject","inLanguage":"fr-FR","@id":"https:\/\/luxurycandlesupplies.eu\/product\/hampton-candle-bowl-yellow\/#primaryimage","url":"https:\/\/luxurycandlesupplies.eu\/app\/uploads\/2022\/12\/pixelcut_30.png","contentUrl":"https:\/\/luxurycandlesupplies.eu\/app\/uploads\/2022\/12\/pixelcut_30.png","width":1080,"height":1080},{"@type":"BreadcrumbList","@id":"https:\/\/luxurycandlesupplies.eu\/product\/hampton-candle-bowl-yellow\/#breadcrumb","itemListElement":[{"@type":"ListItem","position":1,"name":"Home","item":"https:\/\/luxurycandlesupplies.eu\/"},{"@type":"ListItem","position":2,"name":"Shop","item":"https:\/\/luxurycandlesupplies.eu\/shop\/"},{"@type":"ListItem","position":3,"name":"Hampton Candle Bowl \u2013 Yellow"}]},{"@type":"WebSite","@id":"https:\/\/luxurycandlesupplies.eu\/#website","url":"https:\/\/luxurycandlesupplies.eu\/","name":"Anvers Fournitures de bougies de luxe","description":"Distributeur de cire de soja toutes saisons","publisher":{"@id":"https:\/\/luxurycandlesupplies.eu\/#organization"},"potentialAction":[{"@type":"SearchAction","target":{"@type":"EntryPoint","urlTemplate":"https:\/\/luxurycandlesupplies.eu\/?s={search_term_string}"},"query-input":{"@type":"PropertyValueSpecification","valueRequired":true,"valueName":"search_term_string"}}],"inLanguage":"fr-FR"},{"@type":"Organization","@id":"https:\/\/luxurycandlesupplies.eu\/#organization","name":"Anvers Fournitures de bougies de luxe","url":"https:\/\/luxurycandlesupplies.eu\/","logo":{"@type":"ImageObject","inLanguage":"fr-FR","@id":"https:\/\/luxurycandlesupplies.eu\/#\/schema\/logo\/image\/","url":"https:\/\/luxurycandlesupplies.eu\/app\/uploads\/2022\/03\/antwerp-luxury-candle-supplies-1x.png","contentUrl":"https:\/\/luxurycandlesupplies.eu\/app\/uploads\/2022\/03\/antwerp-luxury-candle-supplies-1x.png","width":330,"height":60,"caption":"Antwerp Luxury Candle Supplies"},"image":{"@id":"https:\/\/luxurycandlesupplies.eu\/#\/schema\/logo\/image\/"},"sameAs":["https:\/\/www.facebook.com\/Antwerpluxurycandlesupplies\/","https:\/\/www.instagram.com\/antwerp_luxury_candle_supplies\/","https:\/\/pin.it\/7joOXRW"]}]}},"_links":{"self":[{"href":"https:\/\/luxurycandlesupplies.eu\/fr\/wp-json\/wp\/v2\/product\/3520","targetHints":{"allow":["GET"]}}],"collection":[{"href":"https:\/\/luxurycandlesupplies.eu\/fr\/wp-json\/wp\/v2\/product"}],"about":[{"href":"https:\/\/luxurycandlesupplies.eu\/fr\/wp-json\/wp\/v2\/types\/product"}],"wp:featuredmedia":[{"embeddable":true,"href":"https:\/\/luxurycandlesupplies.eu\/fr\/wp-json\/wp\/v2\/media\/3517"}],"wp:attachment":[{"href":"https:\/\/luxurycandlesupplies.eu\/fr\/wp-json\/wp\/v2\/media?parent=3520"}],"wp:term":[{"taxonomy":"product_brand","embeddable":true,"href":"https:\/\/luxurycandlesupplies.eu\/fr\/wp-json\/wp\/v2\/product_brand?post=3520"},{"taxonomy":"product_cat","embeddable":true,"href":"https:\/\/luxurycandlesupplies.eu\/fr\/wp-json\/wp\/v2\/product_cat?post=3520"},{"taxonomy":"product_tag","embeddable":true,"href":"https:\/\/luxurycandlesupplies.eu\/fr\/wp-json\/wp\/v2\/product_tag?post=3520"}],"curies":[{"name":"wp","href":"https:\/\/api.w.org\/{rel}","templated":true}]}}