{"id":3599,"date":"2022-12-23T14:04:45","date_gmt":"2022-12-23T13:04:45","guid":{"rendered":"https:\/\/luxurycandlesupplies.eu\/?post_type=product&#038;p=3599"},"modified":"2026-05-13T14:33:26","modified_gmt":"2026-05-13T12:33:26","slug":"jumbo-renee-cosmetic","status":"publish","type":"product","link":"https:\/\/luxurycandlesupplies.eu\/fr\/product\/jumbo-renee-cosmetic\/","title":{"rendered":"Renee Jumbo XL - Cosmetic"},"content":{"rendered":"<h4>DESCRIPTION<\/h4>\n<div class=\"product info detailed after-content\">\n<div class=\"product data items\">\n<div class=\"product-data-items-content\">\n<p>Renee Jumbo XL - 1300 ml<\/p>\n<p>Grand, audacieux et tout simplement magnifique. Notre photophore Jumbo Renee imprim\u00e9 en rose\/blanc peut contenir 1,3 kg de cire (environ 140 heures de combustion).<\/p>\n<p>Ce pot repr\u00e9sente le luxe et constitue une pi\u00e8ce ma\u00eetresse.<\/p>\n<\/div>\n<div class=\"product-data-items-content\">\n<div id=\"attributedescription\" class=\"data item content\" role=\"tabpanel\" data-role=\"content\" aria-labelledby=\"tab-label-attributedescription\" aria-hidden=\"false\">\n<div class=\"product attribute description\">\n<div class=\"value\">\n<p>Nos navires ont obtenu des r\u00e9sultats extraordinaires lors des tests de march\u00e9 - ils sont vraiment appr\u00e9ci\u00e9s de tous.<\/p>\n<p>Comme pour tous nos pots, la gamme de verres Antwerp Luxury Candle Supplies utilise un processus de production par moulage manuel plut\u00f4t que par soufflage ou automatisation. Cela garantit que notre gamme de verres est plus solide, plus s\u00fbre et plus r\u00e9sistante \u00e0 la chaleur que d'autres sur le march\u00e9.<\/p>\n<p>Gr\u00e2ce \u00e0 une clart\u00e9 in\u00e9gal\u00e9e et uniforme dans toute notre gamme de verres, les incoh\u00e9rences font partie du pass\u00e9.<\/p>\n<p><strong>IMPORTANT !<\/strong> Veuillez noter que la photo du produit peut diff\u00e9rer de l'article r\u00e9el en termes de couleur en raison de l'\u00e9clairage et\/ou de la fabrication. En raison du processus de fabrication \u00e0 la main, chaque r\u00e9cipient aura un motif unique et de l\u00e9g\u00e8res diff\u00e9rences dans la forme de la verrerie peuvent \u00eatre visibles.<\/p>\n<p>&nbsp;<\/p>\n<\/div>\n<\/div>\n<\/div>\n<\/div>\n<\/div>\n<\/div>","protected":false},"excerpt":{"rendered":"<p>&nbsp;<\/p>\n<h3>CARACT\u00c9RISTIQUES TECHNIQUES<\/h3>\n<hr \/>\n<div><\/div>\n<p><strong>Dimensions ext\u00e9rieures<\/strong>: 105mm\u00d8 (haut) x 155mmH \/\/ approx. 145mm\u00d8 (point le plus large)<br \/>\n<strong>Dimensions int\u00e9rieures<\/strong>: 100mm\u00d8 (haut) x 140mmH<br \/>\n<strong>Capacit\u00e9 du navire<\/strong>: 1300ml<br \/>\n<strong>Poids du navire<\/strong>: 775g<\/p>\n<p><strong>Taille de m\u00e8che sugg\u00e9r\u00e9e*<\/strong>: <a href=\"https:\/\/luxurycandlesupplies.eu\/fr\/categorie-de-produits\/meches\/meches-en-coton-de-lcs\/\" target=\"_blank\" rel=\"noopener\">Multi-m\u00e8ches 3 x LCS65<\/a><br \/>\n*Nous recommandons aux utilisateurs d'effectuer leurs propres tests de m\u00e8che avec les diff\u00e9rents m\u00e9langes de cire et d'huile qu'ils ont l'intention d'utiliser.<\/p>\n<p>Disponible en unit\u00e9s individuelles.<strong><br \/>\nTaille du carton<\/strong>: 12 unit\u00e9s<\/p>\n<p>Veuillez noter que la photo du produit peut diff\u00e9rer de l'article r\u00e9el en termes de couleur en raison de l'\u00e9clairage et\/ou de la fabrication. Chaque r\u00e9cipient est dot\u00e9 d'un motif distinct.<\/p>","protected":false},"featured_media":16552,"template":"","meta":{"_acf_changed":false,"site-sidebar-layout":"default","site-content-layout":"default","ast-site-content-layout":"default","site-content-style":"default","site-sidebar-style":"default","ast-global-header-display":"","ast-banner-title-visibility":"","ast-main-header-display":"","ast-hfb-above-header-display":"","ast-hfb-below-header-display":"","ast-hfb-mobile-header-display":"","site-post-title":"","ast-breadcrumbs-content":"","ast-featured-img":"","footer-sml-layout":"","ast-disable-related-posts":"","theme-transparent-header-meta":"default","adv-header-id-meta":"","stick-header-meta":"","header-above-stick-meta":"","header-main-stick-meta":"","header-below-stick-meta":"","astra-migrate-meta-layouts":"set","ast-page-background-enabled":"default","ast-page-background-meta":{"desktop":{"background-color":"","background-image":"","background-repeat":"repeat","background-position":"center center","background-size":"auto","background-attachment":"scroll","background-type":"","background-media":"","overlay-type":"","overlay-color":"","overlay-opacity":"","overlay-gradient":""},"tablet":{"background-color":"","background-image":"","background-repeat":"repeat","background-position":"center center","background-size":"auto","background-attachment":"scroll","background-type":"","background-media":"","overlay-type":"","overlay-color":"","overlay-opacity":"","overlay-gradient":""},"mobile":{"background-color":"","background-image":"","background-repeat":"repeat","background-position":"center center","background-size":"auto","background-attachment":"scroll","background-type":"","background-media":"","overlay-type":"","overlay-color":"","overlay-opacity":"","overlay-gradient":""}},"ast-content-background-meta":{"desktop":{"background-color":"var(--ast-global-color-5)","background-image":"","background-repeat":"repeat","background-position":"center center","background-size":"auto","background-attachment":"scroll","background-type":"","background-media":"","overlay-type":"","overlay-color":"","overlay-opacity":"","overlay-gradient":""},"tablet":{"background-color":"var(--ast-global-color-5)","background-image":"","background-repeat":"repeat","background-position":"center center","background-size":"auto","background-attachment":"scroll","background-type":"","background-media":"","overlay-type":"","overlay-color":"","overlay-opacity":"","overlay-gradient":""},"mobile":{"background-color":"var(--ast-global-color-5)","background-image":"","background-repeat":"repeat","background-position":"center center","background-size":"auto","background-attachment":"scroll","background-type":"","background-media":"","overlay-type":"","overlay-color":"","overlay-opacity":"","overlay-gradient":""}}},"product_brand":[],"product_cat":[113,329],"product_tag":[429,195,428,131,150,96],"class_list":{"0":"post-3599","1":"product","2":"type-product","3":"status-publish","4":"has-post-thumbnail","6":"product_cat-cosmetic-collection","7":"product_cat-jumbo-renee-xl","8":"product_tag-950ml","9":"product_tag-cosmetic","10":"product_tag-extra-large","11":"product_tag-jumbo","12":"product_tag-renee","13":"product_tag-vogue","14":"product_shipping_class-glassware","15":"desktop-align-left","16":"tablet-align-left","17":"mobile-align-left","18":"ast-product-gallery-layout-horizontal-slider","19":"ast-product-gallery-with-no-image","20":"ast-product-tabs-layout-horizontal","22":"first","23":"instock","24":"taxable","25":"shipping-taxable","26":"purchasable","27":"product-type-simple"},"acf":[],"yoast_head":"<title>Renee Jumbo XL \u2013 Cosmetic - Antwerp Luxury Candle Supplies<\/title>\n<meta name=\"robots\" content=\"index, follow, max-snippet:-1, max-image-preview:large, max-video-preview:-1\" \/>\n<link rel=\"canonical\" href=\"https:\/\/luxurycandlesupplies.eu\/fr\/produit\/jumbo-renee-cosmetic\/\" \/>\n<meta property=\"og:locale\" content=\"fr_FR\" \/>\n<meta property=\"og:type\" content=\"article\" \/>\n<meta property=\"og:title\" content=\"Renee Jumbo XL \u2013 Cosmetic - Antwerp Luxury Candle Supplies\" \/>\n<meta property=\"og:description\" content=\"&nbsp; SPECIFICATIONS     External Dimensions: 105mm\u00d8 (top) x 155mmH \/\/ approx. 145mm\u00d8 (widest point) Inner Dimensions: 100mm\u00d8 (top) x 140mmH Vessel capacity: 1300ml Vessel weight: 775g  Suggested wick size*: Multi-wick 3 x LCS65 *Please note, we recommend users conduct their own wick tests with different blends of wax and oil that they intend to use.  Available in single units. Carton size: 12 units  Please note, product photo may differ from actual item in terms of colour due to lighting and\/or manufacturing. Each vessel will be distinctively patterned.\" \/>\n<meta property=\"og:url\" content=\"https:\/\/luxurycandlesupplies.eu\/fr\/produit\/jumbo-renee-cosmetic\/\" \/>\n<meta property=\"og:site_name\" content=\"Antwerp Luxury Candle Supplies\" \/>\n<meta property=\"article:publisher\" content=\"https:\/\/www.facebook.com\/Antwerpluxurycandlesupplies\/\" \/>\n<meta property=\"article:modified_time\" content=\"2026-05-13T12:33:26+00:00\" \/>\n<meta property=\"og:image\" content=\"https:\/\/luxurycandlesupplies.eu\/app\/uploads\/2024\/06\/4-1.jpg\" \/>\n\t<meta property=\"og:image:width\" content=\"2100\" \/>\n\t<meta property=\"og:image:height\" content=\"2100\" \/>\n\t<meta property=\"og:image:type\" content=\"image\/jpeg\" \/>\n<meta name=\"twitter:card\" content=\"summary_large_image\" \/>\n<meta name=\"twitter:label1\" content=\"Dur\u00e9e de lecture estim\u00e9e\" \/>\n\t<meta name=\"twitter:data1\" content=\"1 minute\" \/>\n<script type=\"application\/ld+json\" class=\"yoast-schema-graph\">{\"@context\":\"https:\\\/\\\/schema.org\",\"@graph\":[{\"@type\":\"WebPage\",\"@id\":\"https:\\\/\\\/luxurycandlesupplies.eu\\\/product\\\/jumbo-renee-cosmetic\\\/\",\"url\":\"https:\\\/\\\/luxurycandlesupplies.eu\\\/product\\\/jumbo-renee-cosmetic\\\/\",\"name\":\"Renee Jumbo XL \u2013 Cosmetic - Antwerp Luxury Candle Supplies\",\"isPartOf\":{\"@id\":\"https:\\\/\\\/luxurycandlesupplies.eu\\\/#website\"},\"primaryImageOfPage\":{\"@id\":\"https:\\\/\\\/luxurycandlesupplies.eu\\\/product\\\/jumbo-renee-cosmetic\\\/#primaryimage\"},\"image\":{\"@id\":\"https:\\\/\\\/luxurycandlesupplies.eu\\\/product\\\/jumbo-renee-cosmetic\\\/#primaryimage\"},\"thumbnailUrl\":\"https:\\\/\\\/luxurycandlesupplies.eu\\\/app\\\/uploads\\\/2024\\\/06\\\/4-1.jpg\",\"datePublished\":\"2022-12-23T13:04:45+00:00\",\"dateModified\":\"2026-05-13T12:33:26+00:00\",\"breadcrumb\":{\"@id\":\"https:\\\/\\\/luxurycandlesupplies.eu\\\/product\\\/jumbo-renee-cosmetic\\\/#breadcrumb\"},\"inLanguage\":\"fr-FR\",\"potentialAction\":[{\"@type\":\"ReadAction\",\"target\":[\"https:\\\/\\\/luxurycandlesupplies.eu\\\/product\\\/jumbo-renee-cosmetic\\\/\"]}]},{\"@type\":\"ImageObject\",\"inLanguage\":\"fr-FR\",\"@id\":\"https:\\\/\\\/luxurycandlesupplies.eu\\\/product\\\/jumbo-renee-cosmetic\\\/#primaryimage\",\"url\":\"https:\\\/\\\/luxurycandlesupplies.eu\\\/app\\\/uploads\\\/2024\\\/06\\\/4-1.jpg\",\"contentUrl\":\"https:\\\/\\\/luxurycandlesupplies.eu\\\/app\\\/uploads\\\/2024\\\/06\\\/4-1.jpg\",\"width\":2100,\"height\":2100},{\"@type\":\"BreadcrumbList\",\"@id\":\"https:\\\/\\\/luxurycandlesupplies.eu\\\/product\\\/jumbo-renee-cosmetic\\\/#breadcrumb\",\"itemListElement\":[{\"@type\":\"ListItem\",\"position\":1,\"name\":\"Home\",\"item\":\"https:\\\/\\\/luxurycandlesupplies.eu\\\/\"},{\"@type\":\"ListItem\",\"position\":2,\"name\":\"Shop\",\"item\":\"https:\\\/\\\/luxurycandlesupplies.eu\\\/shop\\\/\"},{\"@type\":\"ListItem\",\"position\":3,\"name\":\"Renee Jumbo XL \u2013 Cosmetic\"}]},{\"@type\":\"WebSite\",\"@id\":\"https:\\\/\\\/luxurycandlesupplies.eu\\\/#website\",\"url\":\"https:\\\/\\\/luxurycandlesupplies.eu\\\/\",\"name\":\"Antwerp Luxury Candle Supplies\",\"description\":\"Distributor of all seasons soy wax\",\"publisher\":{\"@id\":\"https:\\\/\\\/luxurycandlesupplies.eu\\\/#organization\"},\"potentialAction\":[{\"@type\":\"SearchAction\",\"target\":{\"@type\":\"EntryPoint\",\"urlTemplate\":\"https:\\\/\\\/luxurycandlesupplies.eu\\\/?s={search_term_string}\"},\"query-input\":{\"@type\":\"PropertyValueSpecification\",\"valueRequired\":true,\"valueName\":\"search_term_string\"}}],\"inLanguage\":\"fr-FR\"},{\"@type\":\"Organization\",\"@id\":\"https:\\\/\\\/luxurycandlesupplies.eu\\\/#organization\",\"name\":\"Antwerp Luxury Candle Supplies\",\"url\":\"https:\\\/\\\/luxurycandlesupplies.eu\\\/\",\"logo\":{\"@type\":\"ImageObject\",\"inLanguage\":\"fr-FR\",\"@id\":\"https:\\\/\\\/luxurycandlesupplies.eu\\\/#\\\/schema\\\/logo\\\/image\\\/\",\"url\":\"https:\\\/\\\/luxurycandlesupplies.eu\\\/app\\\/uploads\\\/2022\\\/03\\\/antwerp-luxury-candle-supplies-1x.png\",\"contentUrl\":\"https:\\\/\\\/luxurycandlesupplies.eu\\\/app\\\/uploads\\\/2022\\\/03\\\/antwerp-luxury-candle-supplies-1x.png\",\"width\":330,\"height\":60,\"caption\":\"Antwerp Luxury Candle Supplies\"},\"image\":{\"@id\":\"https:\\\/\\\/luxurycandlesupplies.eu\\\/#\\\/schema\\\/logo\\\/image\\\/\"},\"sameAs\":[\"https:\\\/\\\/www.facebook.com\\\/Antwerpluxurycandlesupplies\\\/\",\"https:\\\/\\\/www.instagram.com\\\/antwerp_luxury_candle_supplies\\\/\",\"https:\\\/\\\/pin.it\\\/7joOXRW\"]}]}<\/script>","yoast_head_json":{"title":"Renee Jumbo XL - Cosmetic - Antwerp Luxury Candle Supplies","robots":{"index":"index","follow":"follow","max-snippet":"max-snippet:-1","max-image-preview":"max-image-preview:large","max-video-preview":"max-video-preview:-1"},"canonical":"https:\/\/luxurycandlesupplies.eu\/fr\/produit\/jumbo-renee-cosmetic\/","og_locale":"fr_FR","og_type":"article","og_title":"Renee Jumbo XL \u2013 Cosmetic - Antwerp Luxury Candle Supplies","og_description":"&nbsp; SPECIFICATIONS     External Dimensions: 105mm\u00d8 (top) x 155mmH \/\/ approx. 145mm\u00d8 (widest point) Inner Dimensions: 100mm\u00d8 (top) x 140mmH Vessel capacity: 1300ml Vessel weight: 775g  Suggested wick size*: Multi-wick 3 x LCS65 *Please note, we recommend users conduct their own wick tests with different blends of wax and oil that they intend to use.  Available in single units. Carton size: 12 units  Please note, product photo may differ from actual item in terms of colour due to lighting and\/or manufacturing. Each vessel will be distinctively patterned.","og_url":"https:\/\/luxurycandlesupplies.eu\/fr\/produit\/jumbo-renee-cosmetic\/","og_site_name":"Antwerp Luxury Candle Supplies","article_publisher":"https:\/\/www.facebook.com\/Antwerpluxurycandlesupplies\/","article_modified_time":"2026-05-13T12:33:26+00:00","og_image":[{"width":2100,"height":2100,"url":"https:\/\/luxurycandlesupplies.eu\/app\/uploads\/2024\/06\/4-1.jpg","type":"image\/jpeg"}],"twitter_card":"summary_large_image","twitter_misc":{"Dur\u00e9e de lecture estim\u00e9e":"1 minute"},"schema":{"@context":"https:\/\/schema.org","@graph":[{"@type":"WebPage","@id":"https:\/\/luxurycandlesupplies.eu\/product\/jumbo-renee-cosmetic\/","url":"https:\/\/luxurycandlesupplies.eu\/product\/jumbo-renee-cosmetic\/","name":"Renee Jumbo XL - Cosmetic - Antwerp Luxury Candle Supplies","isPartOf":{"@id":"https:\/\/luxurycandlesupplies.eu\/#website"},"primaryImageOfPage":{"@id":"https:\/\/luxurycandlesupplies.eu\/product\/jumbo-renee-cosmetic\/#primaryimage"},"image":{"@id":"https:\/\/luxurycandlesupplies.eu\/product\/jumbo-renee-cosmetic\/#primaryimage"},"thumbnailUrl":"https:\/\/luxurycandlesupplies.eu\/app\/uploads\/2024\/06\/4-1.jpg","datePublished":"2022-12-23T13:04:45+00:00","dateModified":"2026-05-13T12:33:26+00:00","breadcrumb":{"@id":"https:\/\/luxurycandlesupplies.eu\/product\/jumbo-renee-cosmetic\/#breadcrumb"},"inLanguage":"fr-FR","potentialAction":[{"@type":"ReadAction","target":["https:\/\/luxurycandlesupplies.eu\/product\/jumbo-renee-cosmetic\/"]}]},{"@type":"ImageObject","inLanguage":"fr-FR","@id":"https:\/\/luxurycandlesupplies.eu\/product\/jumbo-renee-cosmetic\/#primaryimage","url":"https:\/\/luxurycandlesupplies.eu\/app\/uploads\/2024\/06\/4-1.jpg","contentUrl":"https:\/\/luxurycandlesupplies.eu\/app\/uploads\/2024\/06\/4-1.jpg","width":2100,"height":2100},{"@type":"BreadcrumbList","@id":"https:\/\/luxurycandlesupplies.eu\/product\/jumbo-renee-cosmetic\/#breadcrumb","itemListElement":[{"@type":"ListItem","position":1,"name":"Home","item":"https:\/\/luxurycandlesupplies.eu\/"},{"@type":"ListItem","position":2,"name":"Shop","item":"https:\/\/luxurycandlesupplies.eu\/shop\/"},{"@type":"ListItem","position":3,"name":"Renee Jumbo XL \u2013 Cosmetic"}]},{"@type":"WebSite","@id":"https:\/\/luxurycandlesupplies.eu\/#website","url":"https:\/\/luxurycandlesupplies.eu\/","name":"Anvers Fournitures de bougies de luxe","description":"Distributeur de cire de soja toutes saisons","publisher":{"@id":"https:\/\/luxurycandlesupplies.eu\/#organization"},"potentialAction":[{"@type":"SearchAction","target":{"@type":"EntryPoint","urlTemplate":"https:\/\/luxurycandlesupplies.eu\/?s={search_term_string}"},"query-input":{"@type":"PropertyValueSpecification","valueRequired":true,"valueName":"search_term_string"}}],"inLanguage":"fr-FR"},{"@type":"Organization","@id":"https:\/\/luxurycandlesupplies.eu\/#organization","name":"Anvers Fournitures de bougies de luxe","url":"https:\/\/luxurycandlesupplies.eu\/","logo":{"@type":"ImageObject","inLanguage":"fr-FR","@id":"https:\/\/luxurycandlesupplies.eu\/#\/schema\/logo\/image\/","url":"https:\/\/luxurycandlesupplies.eu\/app\/uploads\/2022\/03\/antwerp-luxury-candle-supplies-1x.png","contentUrl":"https:\/\/luxurycandlesupplies.eu\/app\/uploads\/2022\/03\/antwerp-luxury-candle-supplies-1x.png","width":330,"height":60,"caption":"Antwerp Luxury Candle Supplies"},"image":{"@id":"https:\/\/luxurycandlesupplies.eu\/#\/schema\/logo\/image\/"},"sameAs":["https:\/\/www.facebook.com\/Antwerpluxurycandlesupplies\/","https:\/\/www.instagram.com\/antwerp_luxury_candle_supplies\/","https:\/\/pin.it\/7joOXRW"]}]}},"_links":{"self":[{"href":"https:\/\/luxurycandlesupplies.eu\/fr\/wp-json\/wp\/v2\/product\/3599","targetHints":{"allow":["GET"]}}],"collection":[{"href":"https:\/\/luxurycandlesupplies.eu\/fr\/wp-json\/wp\/v2\/product"}],"about":[{"href":"https:\/\/luxurycandlesupplies.eu\/fr\/wp-json\/wp\/v2\/types\/product"}],"wp:featuredmedia":[{"embeddable":true,"href":"https:\/\/luxurycandlesupplies.eu\/fr\/wp-json\/wp\/v2\/media\/16552"}],"wp:attachment":[{"href":"https:\/\/luxurycandlesupplies.eu\/fr\/wp-json\/wp\/v2\/media?parent=3599"}],"wp:term":[{"taxonomy":"product_brand","embeddable":true,"href":"https:\/\/luxurycandlesupplies.eu\/fr\/wp-json\/wp\/v2\/product_brand?post=3599"},{"taxonomy":"product_cat","embeddable":true,"href":"https:\/\/luxurycandlesupplies.eu\/fr\/wp-json\/wp\/v2\/product_cat?post=3599"},{"taxonomy":"product_tag","embeddable":true,"href":"https:\/\/luxurycandlesupplies.eu\/fr\/wp-json\/wp\/v2\/product_tag?post=3599"}],"curies":[{"name":"wp","href":"https:\/\/api.w.org\/{rel}","templated":true}]}}