{"id":54,"date":"2021-06-28T20:15:07","date_gmt":"2021-06-28T18:15:07","guid":{"rendered":"https:\/\/luxurycandlesupplies.eu\/?post_type=product&#038;p=54"},"modified":"2026-04-01T19:50:33","modified_gmt":"2026-04-01T17:50:33","slug":"s100-pur-soja-2","status":"publish","type":"product","link":"https:\/\/luxurycandlesupplies.eu\/fr\/product\/s100-pure-soy\/","title":{"rendered":"S100 Pure Soy - 1kg"},"content":{"rendered":"<h2>DESCRIPTION<\/h2>\n<hr \/>\n<h3>PURE SOY BLEND S100<\/h3>\n<p>Notre cire Pure Soy S100 est l\u00e9g\u00e8rement diff\u00e9rente des autres m\u00e9langes de cire de soja que nous proposons.<br \/>\nCette cire n'est pas m\u00e9lang\u00e9e \u00e0 d'autres \u00e9l\u00e9ments que le soja, elle ne contient pas d'autres durcisseurs de cire et aucun pourcentage d'autres cires.<br \/>\nCette vari\u00e9t\u00e9 est comme son nom l'indique: de la cire de soja pure, de premi\u00e8re qualit\u00e9 et naturelle. La fa\u00e7on dont nous avons obtenu une cire flexible avec comme seul composant du soja c'est en hydrog\u00e9nant l'huile de soja pour cr\u00e9er de la cire.<br \/>\nLa finition cr\u00e9meuse de cette cire de soja est tout simplement stup\u00e9fiante, avec une combustion uniforme et un excellent jet de parfum chaud et froid.  Pour ceux qui recherchent un produit \u00e0 base de cire de soja pure la Pure Soy S100 d'All Seasons Wax Company pourrait \u00eatre la solution id\u00e9ale.<\/p>\n<p>L'hydrog\u00e9nation d'un sous-produit du processus de r\u00e9colte du soja nous permet d'utiliser ce composant plus \u00e9pais et plus r\u00e9sistant pour durcir et stabiliser la cire de soja naturelle. Cela permet d'obtenir un produit naturel \u00e0 100% dont les performances sont constantes, comme toute cire de qualit\u00e9 devrait le faire.<br \/>\nCe processus tr\u00e8s scientifique et soigneusement mesur\u00e9 nous permet d'obtenir ce que nous pensons \u00eatre la meilleure cire de soja pure disponible sur le march\u00e9.<\/p>\n<p>Pure soja S100 :<\/p>\n<ul>\n<li>Fabriqu\u00e9 enti\u00e8rement \u00e0 partir de soja<\/li>\n<li>Une grande tol\u00e9rance au parfum pour une cire de soja pure (6-8%)<\/li>\n<li>Magnifique finition cr\u00e9meuse au soja<\/li>\n<li>Grande adh\u00e9rence a l'emballage<\/li>\n<li>Propri\u00e9t\u00e9s anti-r\u00e9tr\u00e9cissement et anti-gel<\/li>\n<li>Une absorption fantastique qui permet une forte diffusion du parfum, aussi bien \u00e0 chaud qu'\u00e0 froid<\/li>\n<li>Nous pensons qu'il s'agit de la cire de soja pure la plus stable et la plus coh\u00e9rente du march\u00e9.<\/li>\n<\/ul>\n<p>&nbsp;<\/p>\n<p>TESTER<\/p>\n<hr \/>\n<p>La magie de la fabrication de bougies r\u00e9side dans vos propres essais.<br \/>\nPour trouver les m\u00e9langes, les m\u00e8ches, les pots, les temp\u00e9ratures, les pourcentages et les parfums qui vous conviennent le mieux, nous vous encourageons \u00e0 effectuer de nombreux tests et essais diff\u00e9rents afin de trouver la bougie parfaite pr\u00eate \u00e0 l'emploi.<\/p>\n<p>INFORMATIONS TECHNIQUES<\/p>\n<hr \/>\n<p><strong>Point de fusion<\/strong>: Temp\u00e9rature de fusion maximale 52\u00b0C<br \/>\n<strong>Point de coagulation<\/strong>: Temp\u00e9rature de cong\u00e9lation 34,3\u00b0C<br \/>\n<strong>Plage de chauffage recommand\u00e9e<\/strong>: Plage de chauffage 62\u00b0C - 72\u00b0C<br \/>\n<strong>Plage de versement recommand\u00e9e<\/strong>: Plage de versement 45\u00b0C - 55\u00b0C<br \/>\n<strong>Charge de parfum maximale recommand\u00e9e<\/strong>6-8% - cela d\u00e9pend de la puissance du parfum, des tests sont donc n\u00e9cessaires.<br \/>\n<strong>Composition<\/strong>: 100% Huile de soja hydrog\u00e9n\u00e9e<\/p>\n<p><a id=\"yui_3_17_2_1_1744291656574_317\" href=\"https:\/\/luxurycandlesupplies.com.au\/wp-content\/uploads\/2021\/01\/Safety-Data-Sheet-S100.pdf\" target=\"_blank\" rel=\"noopener\">T\u00e9l\u00e9charger la fiche de donn\u00e9es de s\u00e9curit\u00e9 (FDS)<\/a><br \/>\n<a href=\"https:\/\/luxurycandlesupplies.com.au\/wp-content\/uploads\/2021\/01\/COA_ASWC_A05-S16-S100-A27_v2.pdf\" target=\"_blank\" rel=\"noopener\">T\u00e9l\u00e9charger le certificat d'analyse (COA)<\/a><\/p>\n<p>&nbsp;<\/p>\n<p>NOTRE RECOMMANDATION<\/p>\n<hr \/>\n<p>Enti\u00e8rement fabriqu\u00e9 \u00e0 partir de soja, ce produit naturel 100% peut \u00eatre plus capricieux que nos autres cires m\u00e9lang\u00e9es. Nous vous recommandons d'essayer cette cire pour vous assurer que vous \u00eates en mesure d'exploiter le magnifique potentiel du soja pur et naturel.<br \/>\nImportant : tester les bougies artisanales permet de garantir la s\u00e9curit\u00e9, la qualit\u00e9 et la satisfaction des clients. Cela vous donne aussi l'occasion de r\u00e9soudre les probl\u00e8mes \u00e9ventuels avant que les bougies ne soient commercialis\u00e9es.<\/p>\n<p>Nous recommandons le Pure Soy S100 aux fabricants de bougies exp\u00e9riment\u00e9s et patients. Il est difficile \u00e0 ma\u00eetriser car il est produit sans aucun autre additif.<\/p>\n<p>&nbsp;<\/p>","protected":false},"excerpt":{"rendered":"<p>La cire de soja pure S100 est l\u00e9g\u00e8rement diff\u00e9rente des autres m\u00e9langes de cire de soja propos\u00e9s. Cette cire n'est pas m\u00e9lang\u00e9e \u00e0 d'autres \u00e9l\u00e9ments que le soja, elle ne contient pas d'autres durcisseurs de cire et aucun pourcentage d'autres cires.<\/p>\n<p>La S100 est pure et naturelle. Cette cire est destin\u00e9e aux professionnels et aux fabricants de bougies plus exp\u00e9riment\u00e9s.<\/p>\n<blockquote><p>Cette cire est v\u00e9g\u00e9talienne, ne contient pas de produits d'origine animale, est issue de sources durables et n'est pas test\u00e9es sur les animaux.<\/p>\n<p><img decoding=\"async\" class=\"alignnone wp-image-71\" src=\"https:\/\/luxurycandlesupplies.eu\/app\/uploads\/2021\/06\/Knipsel.jpg\" alt=\"\" width=\"80\" height=\"44\" \/><\/p><\/blockquote>","protected":false},"featured_media":60,"template":"","meta":{"_acf_changed":false,"site-sidebar-layout":"default","site-content-layout":"default","ast-site-content-layout":"default","site-content-style":"default","site-sidebar-style":"default","ast-global-header-display":"","ast-banner-title-visibility":"","ast-main-header-display":"","ast-hfb-above-header-display":"","ast-hfb-below-header-display":"","ast-hfb-mobile-header-display":"","site-post-title":"","ast-breadcrumbs-content":"","ast-featured-img":"","footer-sml-layout":"","ast-disable-related-posts":"","theme-transparent-header-meta":"default","adv-header-id-meta":"","stick-header-meta":"","header-above-stick-meta":"","header-main-stick-meta":"","header-below-stick-meta":"","astra-migrate-meta-layouts":"set","ast-page-background-enabled":"default","ast-page-background-meta":{"desktop":{"background-color":"","background-image":"","background-repeat":"repeat","background-position":"center center","background-size":"auto","background-attachment":"scroll","background-type":"","background-media":"","overlay-type":"","overlay-color":"","overlay-opacity":"","overlay-gradient":""},"tablet":{"background-color":"","background-image":"","background-repeat":"repeat","background-position":"center center","background-size":"auto","background-attachment":"scroll","background-type":"","background-media":"","overlay-type":"","overlay-color":"","overlay-opacity":"","overlay-gradient":""},"mobile":{"background-color":"","background-image":"","background-repeat":"repeat","background-position":"center center","background-size":"auto","background-attachment":"scroll","background-type":"","background-media":"","overlay-type":"","overlay-color":"","overlay-opacity":"","overlay-gradient":""}},"ast-content-background-meta":{"desktop":{"background-color":"var(--ast-global-color-5)","background-image":"","background-repeat":"repeat","background-position":"center center","background-size":"auto","background-attachment":"scroll","background-type":"","background-media":"","overlay-type":"","overlay-color":"","overlay-opacity":"","overlay-gradient":""},"tablet":{"background-color":"var(--ast-global-color-5)","background-image":"","background-repeat":"repeat","background-position":"center center","background-size":"auto","background-attachment":"scroll","background-type":"","background-media":"","overlay-type":"","overlay-color":"","overlay-opacity":"","overlay-gradient":""},"mobile":{"background-color":"var(--ast-global-color-5)","background-image":"","background-repeat":"repeat","background-position":"center center","background-size":"auto","background-attachment":"scroll","background-type":"","background-media":"","overlay-type":"","overlay-color":"","overlay-opacity":"","overlay-gradient":""}}},"product_brand":[],"product_cat":[17,46],"product_tag":[19,23,20,27,22],"class_list":{"0":"post-54","1":"product","2":"type-product","3":"status-publish","4":"has-post-thumbnail","6":"product_cat-wax","7":"product_cat-s100-pure-soy","8":"product_tag-all-seasons-wax","9":"product_tag-s100-wax","10":"product_tag-soy-wax","11":"product_tag-vegan-wax","12":"product_tag-wax","13":"desktop-align-left","14":"tablet-align-left","15":"mobile-align-left","16":"ast-product-gallery-layout-horizontal-slider","17":"ast-product-gallery-with-no-image","18":"ast-product-tabs-layout-horizontal","20":"first","21":"outofstock","22":"taxable","23":"shipping-taxable","24":"purchasable","25":"product-type-simple"},"acf":[],"yoast_head":"<title>S100 Pure Soy - 1kg - Antwerp Luxury Candle Supplies<\/title>\n<meta name=\"robots\" content=\"index, follow, max-snippet:-1, max-image-preview:large, max-video-preview:-1\" \/>\n<link rel=\"canonical\" href=\"https:\/\/luxurycandlesupplies.eu\/fr\/produit\/s100-pur-soja-2\/\" \/>\n<meta property=\"og:locale\" content=\"fr_FR\" \/>\n<meta property=\"og:type\" content=\"article\" \/>\n<meta property=\"og:title\" content=\"S100 Pure Soy - 1kg - Antwerp Luxury Candle Supplies\" \/>\n<meta property=\"og:description\" content=\"The S100 Pure Soy Wax is slightly different to the other soy wax blends that are on offer. This wax is not blended with any other elements besides soy, containing no other wax hardeners and no percentage of other waxes.  S100 is pure, premium and natural. This soy wax is for the professional and patient candle maker. This wax is vegan, does not contain any animal bi-products, is sustainbly sourced and cruelty free.\" \/>\n<meta property=\"og:url\" content=\"https:\/\/luxurycandlesupplies.eu\/fr\/produit\/s100-pur-soja-2\/\" \/>\n<meta property=\"og:site_name\" content=\"Antwerp Luxury Candle Supplies\" \/>\n<meta property=\"article:publisher\" content=\"https:\/\/www.facebook.com\/Antwerpluxurycandlesupplies\/\" \/>\n<meta property=\"article:modified_time\" content=\"2026-04-01T17:50:33+00:00\" \/>\n<meta property=\"og:image\" content=\"https:\/\/luxurycandlesupplies.eu\/app\/uploads\/2021\/06\/s100-1kg-bag.jpg\" \/>\n\t<meta property=\"og:image:width\" content=\"315\" \/>\n\t<meta property=\"og:image:height\" content=\"248\" \/>\n\t<meta property=\"og:image:type\" content=\"image\/jpeg\" \/>\n<meta name=\"twitter:card\" content=\"summary_large_image\" \/>\n<meta name=\"twitter:label1\" content=\"Dur\u00e9e de lecture estim\u00e9e\" \/>\n\t<meta name=\"twitter:data1\" content=\"3 minutes\" \/>\n<script type=\"application\/ld+json\" class=\"yoast-schema-graph\">{\"@context\":\"https:\\\/\\\/schema.org\",\"@graph\":[{\"@type\":\"WebPage\",\"@id\":\"https:\\\/\\\/luxurycandlesupplies.eu\\\/product\\\/s100-pure-soy\\\/\",\"url\":\"https:\\\/\\\/luxurycandlesupplies.eu\\\/product\\\/s100-pure-soy\\\/\",\"name\":\"S100 Pure Soy - 1kg - Antwerp Luxury Candle Supplies\",\"isPartOf\":{\"@id\":\"https:\\\/\\\/luxurycandlesupplies.eu\\\/#website\"},\"primaryImageOfPage\":{\"@id\":\"https:\\\/\\\/luxurycandlesupplies.eu\\\/product\\\/s100-pure-soy\\\/#primaryimage\"},\"image\":{\"@id\":\"https:\\\/\\\/luxurycandlesupplies.eu\\\/product\\\/s100-pure-soy\\\/#primaryimage\"},\"thumbnailUrl\":\"https:\\\/\\\/luxurycandlesupplies.eu\\\/app\\\/uploads\\\/2021\\\/06\\\/s100-1kg-bag.jpg\",\"datePublished\":\"2021-06-28T18:15:07+00:00\",\"dateModified\":\"2026-04-01T17:50:33+00:00\",\"breadcrumb\":{\"@id\":\"https:\\\/\\\/luxurycandlesupplies.eu\\\/product\\\/s100-pure-soy\\\/#breadcrumb\"},\"inLanguage\":\"fr-FR\",\"potentialAction\":[{\"@type\":\"ReadAction\",\"target\":[\"https:\\\/\\\/luxurycandlesupplies.eu\\\/product\\\/s100-pure-soy\\\/\"]}]},{\"@type\":\"ImageObject\",\"inLanguage\":\"fr-FR\",\"@id\":\"https:\\\/\\\/luxurycandlesupplies.eu\\\/product\\\/s100-pure-soy\\\/#primaryimage\",\"url\":\"https:\\\/\\\/luxurycandlesupplies.eu\\\/app\\\/uploads\\\/2021\\\/06\\\/s100-1kg-bag.jpg\",\"contentUrl\":\"https:\\\/\\\/luxurycandlesupplies.eu\\\/app\\\/uploads\\\/2021\\\/06\\\/s100-1kg-bag.jpg\",\"width\":315,\"height\":248},{\"@type\":\"BreadcrumbList\",\"@id\":\"https:\\\/\\\/luxurycandlesupplies.eu\\\/product\\\/s100-pure-soy\\\/#breadcrumb\",\"itemListElement\":[{\"@type\":\"ListItem\",\"position\":1,\"name\":\"Home\",\"item\":\"https:\\\/\\\/luxurycandlesupplies.eu\\\/\"},{\"@type\":\"ListItem\",\"position\":2,\"name\":\"Shop\",\"item\":\"https:\\\/\\\/luxurycandlesupplies.eu\\\/shop\\\/\"},{\"@type\":\"ListItem\",\"position\":3,\"name\":\"S100 Pure Soy &#8211; 1kg\"}]},{\"@type\":\"WebSite\",\"@id\":\"https:\\\/\\\/luxurycandlesupplies.eu\\\/#website\",\"url\":\"https:\\\/\\\/luxurycandlesupplies.eu\\\/\",\"name\":\"Antwerp Luxury Candle Supplies\",\"description\":\"Distributor of all seasons soy wax\",\"publisher\":{\"@id\":\"https:\\\/\\\/luxurycandlesupplies.eu\\\/#organization\"},\"potentialAction\":[{\"@type\":\"SearchAction\",\"target\":{\"@type\":\"EntryPoint\",\"urlTemplate\":\"https:\\\/\\\/luxurycandlesupplies.eu\\\/?s={search_term_string}\"},\"query-input\":{\"@type\":\"PropertyValueSpecification\",\"valueRequired\":true,\"valueName\":\"search_term_string\"}}],\"inLanguage\":\"fr-FR\"},{\"@type\":\"Organization\",\"@id\":\"https:\\\/\\\/luxurycandlesupplies.eu\\\/#organization\",\"name\":\"Antwerp Luxury Candle Supplies\",\"url\":\"https:\\\/\\\/luxurycandlesupplies.eu\\\/\",\"logo\":{\"@type\":\"ImageObject\",\"inLanguage\":\"fr-FR\",\"@id\":\"https:\\\/\\\/luxurycandlesupplies.eu\\\/#\\\/schema\\\/logo\\\/image\\\/\",\"url\":\"https:\\\/\\\/luxurycandlesupplies.eu\\\/app\\\/uploads\\\/2022\\\/03\\\/antwerp-luxury-candle-supplies-1x.png\",\"contentUrl\":\"https:\\\/\\\/luxurycandlesupplies.eu\\\/app\\\/uploads\\\/2022\\\/03\\\/antwerp-luxury-candle-supplies-1x.png\",\"width\":330,\"height\":60,\"caption\":\"Antwerp Luxury Candle Supplies\"},\"image\":{\"@id\":\"https:\\\/\\\/luxurycandlesupplies.eu\\\/#\\\/schema\\\/logo\\\/image\\\/\"},\"sameAs\":[\"https:\\\/\\\/www.facebook.com\\\/Antwerpluxurycandlesupplies\\\/\",\"https:\\\/\\\/www.instagram.com\\\/antwerp_luxury_candle_supplies\\\/\",\"https:\\\/\\\/pin.it\\\/7joOXRW\"]}]}<\/script>","yoast_head_json":{"title":"S100 Pure Soy - 1kg - Antwerp Luxury Candle Supplies","robots":{"index":"index","follow":"follow","max-snippet":"max-snippet:-1","max-image-preview":"max-image-preview:large","max-video-preview":"max-video-preview:-1"},"canonical":"https:\/\/luxurycandlesupplies.eu\/fr\/produit\/s100-pur-soja-2\/","og_locale":"fr_FR","og_type":"article","og_title":"S100 Pure Soy - 1kg - Antwerp Luxury Candle Supplies","og_description":"The S100 Pure Soy Wax is slightly different to the other soy wax blends that are on offer. This wax is not blended with any other elements besides soy, containing no other wax hardeners and no percentage of other waxes.  S100 is pure, premium and natural. This soy wax is for the professional and patient candle maker. This wax is vegan, does not contain any animal bi-products, is sustainbly sourced and cruelty free.","og_url":"https:\/\/luxurycandlesupplies.eu\/fr\/produit\/s100-pur-soja-2\/","og_site_name":"Antwerp Luxury Candle Supplies","article_publisher":"https:\/\/www.facebook.com\/Antwerpluxurycandlesupplies\/","article_modified_time":"2026-04-01T17:50:33+00:00","og_image":[{"width":315,"height":248,"url":"https:\/\/luxurycandlesupplies.eu\/app\/uploads\/2021\/06\/s100-1kg-bag.jpg","type":"image\/jpeg"}],"twitter_card":"summary_large_image","twitter_misc":{"Dur\u00e9e de lecture estim\u00e9e":"3 minutes"},"schema":{"@context":"https:\/\/schema.org","@graph":[{"@type":"WebPage","@id":"https:\/\/luxurycandlesupplies.eu\/product\/s100-pure-soy\/","url":"https:\/\/luxurycandlesupplies.eu\/product\/s100-pure-soy\/","name":"S100 Pure Soy - 1kg - Antwerp Luxury Candle Supplies","isPartOf":{"@id":"https:\/\/luxurycandlesupplies.eu\/#website"},"primaryImageOfPage":{"@id":"https:\/\/luxurycandlesupplies.eu\/product\/s100-pure-soy\/#primaryimage"},"image":{"@id":"https:\/\/luxurycandlesupplies.eu\/product\/s100-pure-soy\/#primaryimage"},"thumbnailUrl":"https:\/\/luxurycandlesupplies.eu\/app\/uploads\/2021\/06\/s100-1kg-bag.jpg","datePublished":"2021-06-28T18:15:07+00:00","dateModified":"2026-04-01T17:50:33+00:00","breadcrumb":{"@id":"https:\/\/luxurycandlesupplies.eu\/product\/s100-pure-soy\/#breadcrumb"},"inLanguage":"fr-FR","potentialAction":[{"@type":"ReadAction","target":["https:\/\/luxurycandlesupplies.eu\/product\/s100-pure-soy\/"]}]},{"@type":"ImageObject","inLanguage":"fr-FR","@id":"https:\/\/luxurycandlesupplies.eu\/product\/s100-pure-soy\/#primaryimage","url":"https:\/\/luxurycandlesupplies.eu\/app\/uploads\/2021\/06\/s100-1kg-bag.jpg","contentUrl":"https:\/\/luxurycandlesupplies.eu\/app\/uploads\/2021\/06\/s100-1kg-bag.jpg","width":315,"height":248},{"@type":"BreadcrumbList","@id":"https:\/\/luxurycandlesupplies.eu\/product\/s100-pure-soy\/#breadcrumb","itemListElement":[{"@type":"ListItem","position":1,"name":"Home","item":"https:\/\/luxurycandlesupplies.eu\/"},{"@type":"ListItem","position":2,"name":"Shop","item":"https:\/\/luxurycandlesupplies.eu\/shop\/"},{"@type":"ListItem","position":3,"name":"S100 Pure Soy &#8211; 1kg"}]},{"@type":"WebSite","@id":"https:\/\/luxurycandlesupplies.eu\/#website","url":"https:\/\/luxurycandlesupplies.eu\/","name":"Anvers Fournitures de bougies de luxe","description":"Distributeur de cire de soja toutes saisons","publisher":{"@id":"https:\/\/luxurycandlesupplies.eu\/#organization"},"potentialAction":[{"@type":"SearchAction","target":{"@type":"EntryPoint","urlTemplate":"https:\/\/luxurycandlesupplies.eu\/?s={search_term_string}"},"query-input":{"@type":"PropertyValueSpecification","valueRequired":true,"valueName":"search_term_string"}}],"inLanguage":"fr-FR"},{"@type":"Organization","@id":"https:\/\/luxurycandlesupplies.eu\/#organization","name":"Anvers Fournitures de bougies de luxe","url":"https:\/\/luxurycandlesupplies.eu\/","logo":{"@type":"ImageObject","inLanguage":"fr-FR","@id":"https:\/\/luxurycandlesupplies.eu\/#\/schema\/logo\/image\/","url":"https:\/\/luxurycandlesupplies.eu\/app\/uploads\/2022\/03\/antwerp-luxury-candle-supplies-1x.png","contentUrl":"https:\/\/luxurycandlesupplies.eu\/app\/uploads\/2022\/03\/antwerp-luxury-candle-supplies-1x.png","width":330,"height":60,"caption":"Antwerp Luxury Candle Supplies"},"image":{"@id":"https:\/\/luxurycandlesupplies.eu\/#\/schema\/logo\/image\/"},"sameAs":["https:\/\/www.facebook.com\/Antwerpluxurycandlesupplies\/","https:\/\/www.instagram.com\/antwerp_luxury_candle_supplies\/","https:\/\/pin.it\/7joOXRW"]}]}},"_links":{"self":[{"href":"https:\/\/luxurycandlesupplies.eu\/fr\/wp-json\/wp\/v2\/product\/54","targetHints":{"allow":["GET"]}}],"collection":[{"href":"https:\/\/luxurycandlesupplies.eu\/fr\/wp-json\/wp\/v2\/product"}],"about":[{"href":"https:\/\/luxurycandlesupplies.eu\/fr\/wp-json\/wp\/v2\/types\/product"}],"wp:featuredmedia":[{"embeddable":true,"href":"https:\/\/luxurycandlesupplies.eu\/fr\/wp-json\/wp\/v2\/media\/60"}],"wp:attachment":[{"href":"https:\/\/luxurycandlesupplies.eu\/fr\/wp-json\/wp\/v2\/media?parent=54"}],"wp:term":[{"taxonomy":"product_brand","embeddable":true,"href":"https:\/\/luxurycandlesupplies.eu\/fr\/wp-json\/wp\/v2\/product_brand?post=54"},{"taxonomy":"product_cat","embeddable":true,"href":"https:\/\/luxurycandlesupplies.eu\/fr\/wp-json\/wp\/v2\/product_cat?post=54"},{"taxonomy":"product_tag","embeddable":true,"href":"https:\/\/luxurycandlesupplies.eu\/fr\/wp-json\/wp\/v2\/product_tag?post=54"}],"curies":[{"name":"wp","href":"https:\/\/api.w.org\/{rel}","templated":true}]}}