{"id":77,"date":"2021-07-01T11:11:15","date_gmt":"2021-07-01T09:11:15","guid":{"rendered":"https:\/\/luxurycandlesupplies.eu\/?post_type=product&#038;p=77"},"modified":"2026-04-17T16:01:12","modified_gmt":"2026-04-17T14:01:12","slug":"a05-cocosoy-1kg","status":"publish","type":"product","link":"https:\/\/luxurycandlesupplies.eu\/fr\/product\/a05-cocosoy-1kg\/","title":{"rendered":"A05 CocoSoy - 1kg"},"content":{"rendered":"<h2>DESCRIPTION<\/h2>\n<hr \/>\n<div><\/div>\n<p>&nbsp;<\/p>\n<h3>COCOSOY SUP\u00c9RIEUR A05<\/h3>\n<p>&nbsp;<\/p>\n<p>Nous avons con\u00e7u cette cire particuli\u00e8re pour obtenir des r\u00e9sultats fiables m\u00eame dans les climats plus froids - avec une adh\u00e9rence sup\u00e9rieure au contenant, r\u00e9sistant au r\u00e9tr\u00e9cissement et le gel.<br \/>\nNotre Superior CocoSoy A05 a une belle finition de soja naturel cr\u00e9meux et est formul\u00e9e pour conserver une surface lisse et uniforme. Le composant de cire de noix de coco lui donne un aspect de salle d'exposition.<\/p>\n<p>Superior CocoSoy A05 est le r\u00e9sultat d'une part d'une p\u00e9riode d'essai en laboratoire de 12 mois au cours de laquelle nous avons explor\u00e9 diff\u00e9rentes cires et des centaines de rapports de m\u00e9lange diff\u00e9rents pour obtenir une cire pour contenant qui pr\u00e9sente une remarquable capacit\u00e9 de diffusion de l'odeur \u00e0 chaud et \u00e0 froid et qui fonctionne de mani\u00e8re coh\u00e9rente dans des conditions d\u00e9favorables; et d'autre part d'une periode d'essai interactive de 3 mois au cours de laquelle nous avons distribu\u00e9 de la cire dans le monde entier pour recevoir un retour d'information r\u00e9el.<\/p>\n<p>La Superior CocoSoy A05 a\/est :<\/p>\n<ul>\n<li>La premi\u00e8re cire de CocoSoy en flocons sur le march\u00e9<\/li>\n<li>Une excellente adh\u00e9rence au contenant, r\u00e9sistante au givrage<\/li>\n<li>Des propri\u00e9t\u00e9s anti-r\u00e9tractation<\/li>\n<li>Un bassin de combustion uniforme d'un mur \u00e0 l'autre<\/li>\n<li>Une tol\u00e9rance \u00e9lev\u00e9e au parfum de 8-10%<\/li>\n<li>Une absorption fantastique qui permet une forte diffusion du parfum, aussi bien \u00e0 chaud qu'\u00e0 froid<\/li>\n<li>Une belle finition de soja cr\u00e9meuse qui reste ferme.<\/li>\n<\/ul>\n<p>&nbsp;<\/p>\n<h3>TESTER<\/h3>\n<hr \/>\n<div><\/div>\n<p>La magie de la fabrication de bougies r\u00e9side dans vos propres essais.<br \/>\nPour trouver les m\u00e9langes, les m\u00e8ches, les pots, les temp\u00e9ratures, les pourcentages et les parfums qui vous conviennent le mieux, nous vous encourageons \u00e0 effectuer de nombreux tests et essais diff\u00e9rents afin de trouver la bougie parfaite pr\u00eate \u00e0 l'emploi !<\/p>\n<p><a href=\"https:\/\/luxurycandlesupplies.eu\/fr\/candle-testing-sheet\/\" target=\"_blank\" rel=\"noopener\">Cliquez ici pour t\u00e9l\u00e9charger l'aper\u00e7u pratique pour tester vos bougies.<\/a><\/p>\n<h3>INFORMATIONS TECHNIQUES<\/h3>\n<hr \/>\n<div><\/div>\n<p><strong>Point de fusion<\/strong>: Temp\u00e9rature de fusion maximale 47,5\u00b0C<br \/>\n<strong>Point de coagulation<\/strong>: Temp\u00e9rature de coagulation 43\u00b0C<br \/>\n<strong>Plage de chauffage recommand\u00e9e<\/strong>: Plage de chauffage 65 - 75\u00b0C<br \/>\n<strong>Plage de versement recommand\u00e9e<\/strong>: Plage de versement 45\u00b0C - 65\u00b0C<br \/>\n<strong>Charge de parfum maximale recommand\u00e9e<\/strong>8-10% (en fonction de la puissance du parfum, des tests sont donc n\u00e9cessaires.)<br \/>\n<strong>Composition<\/strong>: Compos\u00e9e principalement de cire de soja naturelle et de cire de noix de coco mixte, la cire A05 contient \u00e9galement un additif \u00e0 base de plantes qui facilite la prise de la bougie.<br \/>\nVeuillez noter que ces chiffres sont des recommandations et non des instructions. Si vous avez des difficult\u00e9s \u00e0 obtenir les r\u00e9sultats souhait\u00e9s, nous vous recommandons de faire des essais avec diff\u00e9rentes huiles de parfum \u00e0 diff\u00e9rentes temp\u00e9ratures.<\/p>\n<p>&nbsp;<\/p>\n<p><a id=\"yui_3_17_2_1_1744290937537_383\" href=\"https:\/\/luxurycandlesupplies.com.au\/wp-content\/uploads\/2021\/01\/Safety-Data-Sheet-A05.pdf\" target=\"_blank\" rel=\"noopener\">T\u00e9l\u00e9charger la fiche de donn\u00e9es de s\u00e9curit\u00e9 (FDS)<\/a><br \/>\n<a href=\"https:\/\/luxurycandlesupplies.com.au\/wp-content\/uploads\/2021\/01\/COA_ASWC_A05-S16-S100-A27_v2.pdf\" target=\"_blank\" rel=\"noopener\">T\u00e9l\u00e9charger le certificat d'analyse (COA)<\/a><\/p>\n<p>&nbsp;<\/p>\n<h3>NOTRE RECOMMANDATION<\/h3>\n<hr \/>\n<div><\/div>\n<p>La Superior CocoSoy A05 est parfaite pour les fabricants de bougies de tous niveaux d'exp\u00e9rience - elle a une finition de soja cr\u00e8meuse incroyable et une superbe adh\u00e9rence aux parois, ce qui donne une bougie \u00e9tonnante. La Superior CocoSoy A05 est relativement facile \u00e0 travailler - et pr\u00eate \u00e0 \u00eatre mise en rayon dans n'importe quel magasin haut de gamme.<\/p>\n<p>&nbsp;<\/p>\n<blockquote><p>Cette cire est v\u00e9g\u00e9talienne, ne contient pas de produits d'origine animale, est issue de sources durables et n'est pas test\u00e9es sur les animaux.<\/p>\n<p><img decoding=\"async\" class=\"alignnone wp-image-71\" src=\"https:\/\/luxurycandlesupplies.eu\/app\/uploads\/2021\/06\/Knipsel.jpg\" alt=\"\" width=\"80\" height=\"44\" \/><\/p><\/blockquote>","protected":false},"excerpt":{"rendered":"<p>Une cire particuli\u00e8re qui permet d'obtenir des r\u00e9sultats fiables m\u00eame dans les climats plus froids - avec une adh\u00e9rence sup\u00e9rieure aux r\u00e9cipients, r\u00e9sistante au retrait et gel.<br \/>\nNotre Superior CocoSoy A05 a une belle finition de soja naturel cr\u00e9meux et est formul\u00e9e pour conserver une surface lisse et uniforme. Le composant de cire de noix de coco lui donne un aspect de salle d'exposition.<\/p>\n<p>Superior CocoSoy A05 est le r\u00e9sultat d'une part d'une p\u00e9riode d'essai en laboratoire de 12 mois au cours de laquelle nous avons explor\u00e9 diff\u00e9rentes cires et des centaines de rapports de m\u00e9lange diff\u00e9rents pour obtenir une cire pour contenant qui pr\u00e9sente une remarquable capacit\u00e9 de diffusion de l'odeur \u00e0 chaud et \u00e0 froid et qui fonctionne de mani\u00e8re coh\u00e9rente dans des conditions d\u00e9favorables; et d'autre part d'une periode d'essai interactive de 3 mois au cours de laquelle nous avons distribu\u00e9 de la cire dans le monde entier pour recevoir un retour d'information r\u00e9el.<\/p>\n<p>&nbsp;<\/p>\n<blockquote><p>Cette cire est v\u00e9g\u00e9talienne, ne contient pas de produits d'origine animale, est issue de sources durables et n'est pas test\u00e9es sur les animaux.<\/p>\n<p><img decoding=\"async\" class=\"alignnone wp-image-71\" src=\"https:\/\/luxurycandlesupplies.eu\/app\/uploads\/2021\/06\/Knipsel.jpg\" alt=\"\" width=\"80\" height=\"44\" \/><\/p><\/blockquote>","protected":false},"featured_media":330,"template":"","meta":{"_acf_changed":false,"site-sidebar-layout":"default","site-content-layout":"","ast-site-content-layout":"default","site-content-style":"default","site-sidebar-style":"default","ast-global-header-display":"","ast-banner-title-visibility":"","ast-main-header-display":"","ast-hfb-above-header-display":"","ast-hfb-below-header-display":"","ast-hfb-mobile-header-display":"","site-post-title":"","ast-breadcrumbs-content":"","ast-featured-img":"","footer-sml-layout":"","ast-disable-related-posts":"","theme-transparent-header-meta":"default","adv-header-id-meta":"","stick-header-meta":"","header-above-stick-meta":"","header-main-stick-meta":"","header-below-stick-meta":"","astra-migrate-meta-layouts":"set","ast-page-background-enabled":"default","ast-page-background-meta":{"desktop":{"background-color":"","background-image":"","background-repeat":"repeat","background-position":"center center","background-size":"auto","background-attachment":"scroll","background-type":"","background-media":"","overlay-type":"","overlay-color":"","overlay-opacity":"","overlay-gradient":""},"tablet":{"background-color":"","background-image":"","background-repeat":"repeat","background-position":"center center","background-size":"auto","background-attachment":"scroll","background-type":"","background-media":"","overlay-type":"","overlay-color":"","overlay-opacity":"","overlay-gradient":""},"mobile":{"background-color":"","background-image":"","background-repeat":"repeat","background-position":"center center","background-size":"auto","background-attachment":"scroll","background-type":"","background-media":"","overlay-type":"","overlay-color":"","overlay-opacity":"","overlay-gradient":""}},"ast-content-background-meta":{"desktop":{"background-color":"var(--ast-global-color-5)","background-image":"","background-repeat":"repeat","background-position":"center center","background-size":"auto","background-attachment":"scroll","background-type":"","background-media":"","overlay-type":"","overlay-color":"","overlay-opacity":"","overlay-gradient":""},"tablet":{"background-color":"var(--ast-global-color-5)","background-image":"","background-repeat":"repeat","background-position":"center center","background-size":"auto","background-attachment":"scroll","background-type":"","background-media":"","overlay-type":"","overlay-color":"","overlay-opacity":"","overlay-gradient":""},"mobile":{"background-color":"var(--ast-global-color-5)","background-image":"","background-repeat":"repeat","background-position":"center center","background-size":"auto","background-attachment":"scroll","background-type":"","background-media":"","overlay-type":"","overlay-color":"","overlay-opacity":"","overlay-gradient":""}}},"product_brand":[],"product_cat":[43,17],"product_tag":[29,19,28,20,27,22],"class_list":{"0":"post-77","1":"product","2":"type-product","3":"status-publish","4":"has-post-thumbnail","6":"product_cat-a05-superior-cocosoy","7":"product_cat-wax","8":"product_tag-a05-wax","9":"product_tag-all-seasons-wax","10":"product_tag-cocosoy","11":"product_tag-soy-wax","12":"product_tag-vegan-wax","13":"product_tag-wax","14":"desktop-align-left","15":"tablet-align-left","16":"mobile-align-left","17":"ast-product-gallery-layout-horizontal-slider","18":"ast-product-gallery-with-no-image","19":"ast-product-tabs-layout-horizontal","21":"first","22":"instock","23":"taxable","24":"shipping-taxable","25":"purchasable","26":"product-type-simple"},"acf":[],"yoast_head":"<title>A05 CocoSoy - 1kg - Antwerp Luxury Candle Supplies<\/title>\n<meta name=\"robots\" content=\"index, follow, max-snippet:-1, max-image-preview:large, max-video-preview:-1\" \/>\n<link rel=\"canonical\" href=\"https:\/\/luxurycandlesupplies.eu\/fr\/produit\/a05-cocosoy-1kg\/\" \/>\n<meta property=\"og:locale\" content=\"fr_FR\" \/>\n<meta property=\"og:type\" content=\"article\" \/>\n<meta property=\"og:title\" content=\"A05 CocoSoy - 1kg - Antwerp Luxury Candle Supplies\" \/>\n<meta property=\"og:description\" content=\"A particular wax to achieve reliable results even in cooler climates \u2013 with superior container adhesion, resisting shrinkage and frosting. Our Superior CocoSoy A05 has a beautiful and natural creamy soy finish and is formulated to retain a smooth and even surface, the coconut wax component gives it a showroom look.  Superior CocoSoy A05 is the result of a 12 month laboratory trialling period where we explored different waxes and hundreds of different blend ratios to achieve a container wax which has outstanding hot and cold scent throw and performs consistently in adverse conditions \u2013 as well as the 3 month, interactive testing period where we distributed wax around the world to receive real life feedback.  &nbsp; This wax is vegan, does not contain any animal bi-products, is sustainbly sourced and cruelty free.\" \/>\n<meta property=\"og:url\" content=\"https:\/\/luxurycandlesupplies.eu\/fr\/produit\/a05-cocosoy-1kg\/\" \/>\n<meta property=\"og:site_name\" content=\"Antwerp Luxury Candle Supplies\" \/>\n<meta property=\"article:publisher\" content=\"https:\/\/www.facebook.com\/Antwerpluxurycandlesupplies\/\" \/>\n<meta property=\"article:modified_time\" content=\"2026-04-17T14:01:12+00:00\" \/>\n<meta property=\"og:image\" content=\"https:\/\/luxurycandlesupplies.eu\/app\/uploads\/2021\/07\/1kg-coco-soy.jpg\" \/>\n\t<meta property=\"og:image:width\" content=\"273\" \/>\n\t<meta property=\"og:image:height\" content=\"272\" \/>\n\t<meta property=\"og:image:type\" content=\"image\/jpeg\" \/>\n<meta name=\"twitter:card\" content=\"summary_large_image\" \/>\n<meta name=\"twitter:label1\" content=\"Dur\u00e9e de lecture estim\u00e9e\" \/>\n\t<meta name=\"twitter:data1\" content=\"3 minutes\" \/>\n<script type=\"application\/ld+json\" class=\"yoast-schema-graph\">{\"@context\":\"https:\\\/\\\/schema.org\",\"@graph\":[{\"@type\":\"WebPage\",\"@id\":\"https:\\\/\\\/luxurycandlesupplies.eu\\\/product\\\/a05-cocosoy-1kg\\\/\",\"url\":\"https:\\\/\\\/luxurycandlesupplies.eu\\\/product\\\/a05-cocosoy-1kg\\\/\",\"name\":\"A05 CocoSoy - 1kg - Antwerp Luxury Candle Supplies\",\"isPartOf\":{\"@id\":\"https:\\\/\\\/luxurycandlesupplies.eu\\\/#website\"},\"primaryImageOfPage\":{\"@id\":\"https:\\\/\\\/luxurycandlesupplies.eu\\\/product\\\/a05-cocosoy-1kg\\\/#primaryimage\"},\"image\":{\"@id\":\"https:\\\/\\\/luxurycandlesupplies.eu\\\/product\\\/a05-cocosoy-1kg\\\/#primaryimage\"},\"thumbnailUrl\":\"https:\\\/\\\/luxurycandlesupplies.eu\\\/app\\\/uploads\\\/2021\\\/07\\\/1kg-coco-soy.jpg\",\"datePublished\":\"2021-07-01T09:11:15+00:00\",\"dateModified\":\"2026-04-17T14:01:12+00:00\",\"breadcrumb\":{\"@id\":\"https:\\\/\\\/luxurycandlesupplies.eu\\\/product\\\/a05-cocosoy-1kg\\\/#breadcrumb\"},\"inLanguage\":\"fr-FR\",\"potentialAction\":[{\"@type\":\"ReadAction\",\"target\":[\"https:\\\/\\\/luxurycandlesupplies.eu\\\/product\\\/a05-cocosoy-1kg\\\/\"]}]},{\"@type\":\"ImageObject\",\"inLanguage\":\"fr-FR\",\"@id\":\"https:\\\/\\\/luxurycandlesupplies.eu\\\/product\\\/a05-cocosoy-1kg\\\/#primaryimage\",\"url\":\"https:\\\/\\\/luxurycandlesupplies.eu\\\/app\\\/uploads\\\/2021\\\/07\\\/1kg-coco-soy.jpg\",\"contentUrl\":\"https:\\\/\\\/luxurycandlesupplies.eu\\\/app\\\/uploads\\\/2021\\\/07\\\/1kg-coco-soy.jpg\",\"width\":273,\"height\":272},{\"@type\":\"BreadcrumbList\",\"@id\":\"https:\\\/\\\/luxurycandlesupplies.eu\\\/product\\\/a05-cocosoy-1kg\\\/#breadcrumb\",\"itemListElement\":[{\"@type\":\"ListItem\",\"position\":1,\"name\":\"Home\",\"item\":\"https:\\\/\\\/luxurycandlesupplies.eu\\\/\"},{\"@type\":\"ListItem\",\"position\":2,\"name\":\"Shop\",\"item\":\"https:\\\/\\\/luxurycandlesupplies.eu\\\/shop\\\/\"},{\"@type\":\"ListItem\",\"position\":3,\"name\":\"A05 CocoSoy &#8211; 1kg\"}]},{\"@type\":\"WebSite\",\"@id\":\"https:\\\/\\\/luxurycandlesupplies.eu\\\/#website\",\"url\":\"https:\\\/\\\/luxurycandlesupplies.eu\\\/\",\"name\":\"Antwerp Luxury Candle Supplies\",\"description\":\"Distributor of all seasons soy wax\",\"publisher\":{\"@id\":\"https:\\\/\\\/luxurycandlesupplies.eu\\\/#organization\"},\"potentialAction\":[{\"@type\":\"SearchAction\",\"target\":{\"@type\":\"EntryPoint\",\"urlTemplate\":\"https:\\\/\\\/luxurycandlesupplies.eu\\\/?s={search_term_string}\"},\"query-input\":{\"@type\":\"PropertyValueSpecification\",\"valueRequired\":true,\"valueName\":\"search_term_string\"}}],\"inLanguage\":\"fr-FR\"},{\"@type\":\"Organization\",\"@id\":\"https:\\\/\\\/luxurycandlesupplies.eu\\\/#organization\",\"name\":\"Antwerp Luxury Candle Supplies\",\"url\":\"https:\\\/\\\/luxurycandlesupplies.eu\\\/\",\"logo\":{\"@type\":\"ImageObject\",\"inLanguage\":\"fr-FR\",\"@id\":\"https:\\\/\\\/luxurycandlesupplies.eu\\\/#\\\/schema\\\/logo\\\/image\\\/\",\"url\":\"https:\\\/\\\/luxurycandlesupplies.eu\\\/app\\\/uploads\\\/2022\\\/03\\\/antwerp-luxury-candle-supplies-1x.png\",\"contentUrl\":\"https:\\\/\\\/luxurycandlesupplies.eu\\\/app\\\/uploads\\\/2022\\\/03\\\/antwerp-luxury-candle-supplies-1x.png\",\"width\":330,\"height\":60,\"caption\":\"Antwerp Luxury Candle Supplies\"},\"image\":{\"@id\":\"https:\\\/\\\/luxurycandlesupplies.eu\\\/#\\\/schema\\\/logo\\\/image\\\/\"},\"sameAs\":[\"https:\\\/\\\/www.facebook.com\\\/Antwerpluxurycandlesupplies\\\/\",\"https:\\\/\\\/www.instagram.com\\\/antwerp_luxury_candle_supplies\\\/\",\"https:\\\/\\\/pin.it\\\/7joOXRW\"]}]}<\/script>","yoast_head_json":{"title":"A05 CocoSoy - 1kg - Antwerp Luxury Candle Supplies","robots":{"index":"index","follow":"follow","max-snippet":"max-snippet:-1","max-image-preview":"max-image-preview:large","max-video-preview":"max-video-preview:-1"},"canonical":"https:\/\/luxurycandlesupplies.eu\/fr\/produit\/a05-cocosoy-1kg\/","og_locale":"fr_FR","og_type":"article","og_title":"A05 CocoSoy - 1kg - Antwerp Luxury Candle Supplies","og_description":"A particular wax to achieve reliable results even in cooler climates \u2013 with superior container adhesion, resisting shrinkage and frosting. Our Superior CocoSoy A05 has a beautiful and natural creamy soy finish and is formulated to retain a smooth and even surface, the coconut wax component gives it a showroom look.  Superior CocoSoy A05 is the result of a 12 month laboratory trialling period where we explored different waxes and hundreds of different blend ratios to achieve a container wax which has outstanding hot and cold scent throw and performs consistently in adverse conditions \u2013 as well as the 3 month, interactive testing period where we distributed wax around the world to receive real life feedback.  &nbsp; This wax is vegan, does not contain any animal bi-products, is sustainbly sourced and cruelty free.","og_url":"https:\/\/luxurycandlesupplies.eu\/fr\/produit\/a05-cocosoy-1kg\/","og_site_name":"Antwerp Luxury Candle Supplies","article_publisher":"https:\/\/www.facebook.com\/Antwerpluxurycandlesupplies\/","article_modified_time":"2026-04-17T14:01:12+00:00","og_image":[{"width":273,"height":272,"url":"https:\/\/luxurycandlesupplies.eu\/app\/uploads\/2021\/07\/1kg-coco-soy.jpg","type":"image\/jpeg"}],"twitter_card":"summary_large_image","twitter_misc":{"Dur\u00e9e de lecture estim\u00e9e":"3 minutes"},"schema":{"@context":"https:\/\/schema.org","@graph":[{"@type":"WebPage","@id":"https:\/\/luxurycandlesupplies.eu\/product\/a05-cocosoy-1kg\/","url":"https:\/\/luxurycandlesupplies.eu\/product\/a05-cocosoy-1kg\/","name":"A05 CocoSoy - 1kg - Antwerp Luxury Candle Supplies","isPartOf":{"@id":"https:\/\/luxurycandlesupplies.eu\/#website"},"primaryImageOfPage":{"@id":"https:\/\/luxurycandlesupplies.eu\/product\/a05-cocosoy-1kg\/#primaryimage"},"image":{"@id":"https:\/\/luxurycandlesupplies.eu\/product\/a05-cocosoy-1kg\/#primaryimage"},"thumbnailUrl":"https:\/\/luxurycandlesupplies.eu\/app\/uploads\/2021\/07\/1kg-coco-soy.jpg","datePublished":"2021-07-01T09:11:15+00:00","dateModified":"2026-04-17T14:01:12+00:00","breadcrumb":{"@id":"https:\/\/luxurycandlesupplies.eu\/product\/a05-cocosoy-1kg\/#breadcrumb"},"inLanguage":"fr-FR","potentialAction":[{"@type":"ReadAction","target":["https:\/\/luxurycandlesupplies.eu\/product\/a05-cocosoy-1kg\/"]}]},{"@type":"ImageObject","inLanguage":"fr-FR","@id":"https:\/\/luxurycandlesupplies.eu\/product\/a05-cocosoy-1kg\/#primaryimage","url":"https:\/\/luxurycandlesupplies.eu\/app\/uploads\/2021\/07\/1kg-coco-soy.jpg","contentUrl":"https:\/\/luxurycandlesupplies.eu\/app\/uploads\/2021\/07\/1kg-coco-soy.jpg","width":273,"height":272},{"@type":"BreadcrumbList","@id":"https:\/\/luxurycandlesupplies.eu\/product\/a05-cocosoy-1kg\/#breadcrumb","itemListElement":[{"@type":"ListItem","position":1,"name":"Home","item":"https:\/\/luxurycandlesupplies.eu\/"},{"@type":"ListItem","position":2,"name":"Shop","item":"https:\/\/luxurycandlesupplies.eu\/shop\/"},{"@type":"ListItem","position":3,"name":"A05 CocoSoy &#8211; 1kg"}]},{"@type":"WebSite","@id":"https:\/\/luxurycandlesupplies.eu\/#website","url":"https:\/\/luxurycandlesupplies.eu\/","name":"Anvers Fournitures de bougies de luxe","description":"Distributeur de cire de soja toutes saisons","publisher":{"@id":"https:\/\/luxurycandlesupplies.eu\/#organization"},"potentialAction":[{"@type":"SearchAction","target":{"@type":"EntryPoint","urlTemplate":"https:\/\/luxurycandlesupplies.eu\/?s={search_term_string}"},"query-input":{"@type":"PropertyValueSpecification","valueRequired":true,"valueName":"search_term_string"}}],"inLanguage":"fr-FR"},{"@type":"Organization","@id":"https:\/\/luxurycandlesupplies.eu\/#organization","name":"Anvers Fournitures de bougies de luxe","url":"https:\/\/luxurycandlesupplies.eu\/","logo":{"@type":"ImageObject","inLanguage":"fr-FR","@id":"https:\/\/luxurycandlesupplies.eu\/#\/schema\/logo\/image\/","url":"https:\/\/luxurycandlesupplies.eu\/app\/uploads\/2022\/03\/antwerp-luxury-candle-supplies-1x.png","contentUrl":"https:\/\/luxurycandlesupplies.eu\/app\/uploads\/2022\/03\/antwerp-luxury-candle-supplies-1x.png","width":330,"height":60,"caption":"Antwerp Luxury Candle Supplies"},"image":{"@id":"https:\/\/luxurycandlesupplies.eu\/#\/schema\/logo\/image\/"},"sameAs":["https:\/\/www.facebook.com\/Antwerpluxurycandlesupplies\/","https:\/\/www.instagram.com\/antwerp_luxury_candle_supplies\/","https:\/\/pin.it\/7joOXRW"]}]}},"_links":{"self":[{"href":"https:\/\/luxurycandlesupplies.eu\/fr\/wp-json\/wp\/v2\/product\/77","targetHints":{"allow":["GET"]}}],"collection":[{"href":"https:\/\/luxurycandlesupplies.eu\/fr\/wp-json\/wp\/v2\/product"}],"about":[{"href":"https:\/\/luxurycandlesupplies.eu\/fr\/wp-json\/wp\/v2\/types\/product"}],"wp:featuredmedia":[{"embeddable":true,"href":"https:\/\/luxurycandlesupplies.eu\/fr\/wp-json\/wp\/v2\/media\/330"}],"wp:attachment":[{"href":"https:\/\/luxurycandlesupplies.eu\/fr\/wp-json\/wp\/v2\/media?parent=77"}],"wp:term":[{"taxonomy":"product_brand","embeddable":true,"href":"https:\/\/luxurycandlesupplies.eu\/fr\/wp-json\/wp\/v2\/product_brand?post=77"},{"taxonomy":"product_cat","embeddable":true,"href":"https:\/\/luxurycandlesupplies.eu\/fr\/wp-json\/wp\/v2\/product_cat?post=77"},{"taxonomy":"product_tag","embeddable":true,"href":"https:\/\/luxurycandlesupplies.eu\/fr\/wp-json\/wp\/v2\/product_tag?post=77"}],"curies":[{"name":"wp","href":"https:\/\/api.w.org\/{rel}","templated":true}]}}