{"id":12300,"date":"2023-09-01T12:36:17","date_gmt":"2023-09-01T10:36:17","guid":{"rendered":"https:\/\/luxurycandlesupplies.eu\/?post_type=product&#038;p=12300"},"modified":"2025-09-23T09:55:02","modified_gmt":"2025-09-23T07:55:02","slug":"saffraan-leer","status":"publish","type":"product","link":"https:\/\/luxurycandlesupplies.eu\/nl\/product\/saffron-leather\/","title":{"rendered":"Saffraan leer"},"content":{"rendered":"<h3>BESCHRIJVING<\/h3>\n<div><\/div>\n<h3><em><strong>Saffraan leer<\/strong><\/em><\/h3>\n<p>&nbsp;<\/p>\n<p>Deze geur combineert oerleder met bloeiende jasmijn en su\u00e8de voor een opvallende twist. Saffron Leather is rauw maar geraffineerd, sensueel maar verfijnd.<\/p>\n<p>Het is een gedurfde sensualiteit, ingekapseld in geur.<\/p>\n<p>&nbsp;<\/p>\n<p><strong>Topnoten:<\/strong> Su\u00e8de - Elemi - Saffraan<br \/>\n<strong>Middennoten:<\/strong> Rokerig hout - Jasmijn - Ylang<br \/>\n<strong>Basisnoten:<\/strong>\u00a0 Amber - Vanille - Leder - Cederhout<\/p>\n<p>&nbsp;<\/p>\n<p>&nbsp;<\/p>\n<h3>ONZE AANBEVELING<\/h3>\n<hr \/>\n<div>\n<p>Het gebruik van geurolie is afhankelijk van het product dat je gaat maken.<\/p>\n<p>Let op: De onderstaande waarden zijn slechts suggesties. We raden kaarsenmakers aan om steeds uitgebreid te testen voor optimale resultaten.<\/p>\n<p>Kaarsen: 6-10%<br \/>\nWaxmelts: 10-12%<\/p>\n<p>&nbsp;<\/p>\n<\/div>\n<h2>INFORMATIE OVER CLP EN SDS<\/h2>\n<hr \/>\n<p><a href=\"https:\/\/luxurycandlesupplies.eu\/app\/uploads\/2023\/06\/SANDALWOOD-SDS-1-1.pdf\">Saffraan leer - SDS<\/a><\/p>\n<p><a href=\"https:\/\/luxurycandlesupplies.eu\/app\/uploads\/2023\/06\/SANDALWOOD-TDS.pdf\">Saffraan leer - TDS<\/a><\/p>\n<p><a href=\"https:\/\/luxurycandlesupplies.eu\/app\/uploads\/2023\/10\/LEATHER-IFRA.pdf\">Saffraanleer - IFRA<\/a><\/p>\n<p>&nbsp;<\/p>\n<p>UFI: YKE0-30MG-Y00U-CRDS<\/p>\n<p><img decoding=\"async\" class=\"alignnone  wp-image-23489\" src=\"https:\/\/luxurycandlesupplies.eu\/app\/uploads\/2025\/07\/Danger-4-300x300.png\" alt=\"\" width=\"122\" height=\"122\" srcset=\"https:\/\/luxurycandlesupplies.eu\/app\/uploads\/2025\/07\/Danger-4-300x300.png 300w, https:\/\/luxurycandlesupplies.eu\/app\/uploads\/2025\/07\/Danger-4-1024x1024.png 1024w, https:\/\/luxurycandlesupplies.eu\/app\/uploads\/2025\/07\/Danger-4-150x150.png 150w, https:\/\/luxurycandlesupplies.eu\/app\/uploads\/2025\/07\/Danger-4-768x768.png 768w, https:\/\/luxurycandlesupplies.eu\/app\/uploads\/2025\/07\/Danger-4-12x12.png 12w, https:\/\/luxurycandlesupplies.eu\/app\/uploads\/2025\/07\/Danger-4-600x600.png 600w, https:\/\/luxurycandlesupplies.eu\/app\/uploads\/2025\/07\/Danger-4-100x100.png 100w, https:\/\/luxurycandlesupplies.eu\/app\/uploads\/2025\/07\/Danger-4.png 1080w\" sizes=\"(max-width: 122px) 100vw, 122px\" \/> <img decoding=\"async\" class=\"alignnone  wp-image-23488\" src=\"https:\/\/luxurycandlesupplies.eu\/app\/uploads\/2025\/07\/Danger-3-300x300.png\" alt=\"\" width=\"122\" height=\"122\" srcset=\"https:\/\/luxurycandlesupplies.eu\/app\/uploads\/2025\/07\/Danger-3-300x300.png 300w, https:\/\/luxurycandlesupplies.eu\/app\/uploads\/2025\/07\/Danger-3-1024x1024.png 1024w, https:\/\/luxurycandlesupplies.eu\/app\/uploads\/2025\/07\/Danger-3-150x150.png 150w, https:\/\/luxurycandlesupplies.eu\/app\/uploads\/2025\/07\/Danger-3-768x768.png 768w, https:\/\/luxurycandlesupplies.eu\/app\/uploads\/2025\/07\/Danger-3-12x12.png 12w, https:\/\/luxurycandlesupplies.eu\/app\/uploads\/2025\/07\/Danger-3-600x600.png 600w, https:\/\/luxurycandlesupplies.eu\/app\/uploads\/2025\/07\/Danger-3-100x100.png 100w, https:\/\/luxurycandlesupplies.eu\/app\/uploads\/2025\/07\/Danger-3.png 1080w\" sizes=\"(max-width: 122px) 100vw, 122px\" \/><\/p>\n<p><strong>Saffraan Leer NL<\/strong><\/p>\n<p>H317 Kan een allergische huidreactie veroorzaken. H319 Veroorzaakt ernstige oogirritatie. H411<br \/>\nGiftig voor in het water levende organismen, met langdurige gevolgen. P272 Verontreinigde<br \/>\nwerkkleding mag de werkruimte niet verlaten. P280 Beschermende handschoenen\/beschermende<br \/>\nkleding\/oogbescherming\/gelaatsbescherming dragen. P302+P352 BIJ CONTACT MET DE HUID: met<br \/>\nveel water en zeep wassen. P305+P351+P338 BIJ CONTACT MET DE OGEN: voorzichtig afspoelen met<br \/>\nwater gedurende een aantal minuten; contactlenzen verwijderen, indien mogelijk; blijven spoelen.<br \/>\nP333+P313 Bij huidirritatie of uitslag: een arts raadplegen. P337+P313 Bij aanhoudende oogirritatie:<br \/>\neen kunst raadplegen. P501 Inhoud\/verpakking afvoeren naar een erkende afvalinzamelaar conform<br \/>\nVLAREMA en OVAM-regelgeving.<\/p>\n<p>&nbsp;<\/p>\n<p><strong>Saffraan Leer FR<\/strong><\/p>\n<p>H317 Kan een allergische huidreactie veroorzaken. H319 Provoque une s\u00e9v\u00e8re irritation des yeux.<br \/>\nH411 Giftig voor in het water levende organismen, veroorzaakt langdurige nare effecten. P272 Les<br \/>\nV\u00eatements de travail contamin\u00e9s ne doivent pas sortir du lieu de travail. P280 Porter<br \/>\nprotection\/des v\u00eatements de protection\/une protection des yeux\/du visage. P302+P352 EN CAS DE<br \/>\nCONTACT AVEC LA PEAU : laver abondamment \u00e0 l'eau et au savon. P305+P351+P338 IN GEVAL VAN<br \/>\nCONTACT AVEC LES YEUX : spoel voorzichtig met water gedurende enkele minuten ; retirer les<br \/>\nlentilles indien mogelijk ; blijf spoelen. P333+P313 En cas d'irritation ou d'\u00e9ruption cutan\u00e9e :<br \/>\nraadpleeg een arts. P337+P313 En cas d'irritation oculaire persistante : consulter un m\u00e9decin.<br \/>\nP501 \u00c9liminer le contenu\/le r\u00e9cipient via un collecteur de d\u00e9chets agr\u00e9\u00e9ment \u00e0 la<br \/>\nregelgeving VLAREMA en OVAM.<\/p>\n<p>&nbsp;<\/p>\n<p><strong>Saffraan Leer ENG<\/strong><\/p>\n<p>H315 Veroorzaakt huidirritatie. H317 Kan een allergische huidreactie veroorzaken. H319 Veroorzaakt ernstige oog<br \/>\nirritatie. H410 Zeer giftig voor in het water levende organismen, met langdurige gevolgen. P261 Inademing vermijden<br \/>\nstof\/rook\/gas\/nevel\/dampen\/spuitnevel. P272 Verontreinigde werkkleding mag niet uit<br \/>\nde werkplek. P280 Draag beschermende handschoenen\/beschermende kleding\/oogbescherming\/gelaatsbescherming.<br \/>\nP302+P352 BIJ CONTACT MET DE HUID: met veel water en zeep wassen. P305+P351+P338 BIJ CONTACT MET DE OGEN: Spoelen.<br \/>\nvoorzichtig met water gedurende enkele minuten. Verwijder contactlenzen indien aanwezig en gemakkelijk te doen. Ga verder met<br \/>\nspoelen. P333+P313 Als huidirritatie of huiduitslag optreedt: Een arts raadplegen. P337+P313 Bij oogirritatie<br \/>\naanhoudt: Medisch advies inwinnen. P362+P364 Verontreinigde kleding uittrekken en wassen alvorens deze opnieuw te gebruiken. P501<br \/>\nInhoud\/container afvoeren via een erkende afvalinzamelaar in overeenstemming met VLAREMA en<br \/>\nOVAM-voorschriften.<\/p>","protected":false},"excerpt":{"rendered":"<p>DESCRIPTION Saffron Leather &nbsp; This fragrance combines primal leather with blooming jasmine and\u00a0 suede for a distinctive twist. Saffron Leather is raw\u00a0 yet sophisticated, sensual yet refined. It&#8217;s a daring sensuality, encapsulated in scent. &nbsp; Top notes: Suede &#8211; Elemi &#8211; Saffron Middle notes: Smoky Woods &#8211; Jasmine &#8211; Ylang Base notes:\u00a0 Amber &#8211; Vanilla [&hellip;]<\/p>\n","protected":false},"featured_media":12482,"template":"","meta":{"_acf_changed":false,"site-sidebar-layout":"default","site-content-layout":"default","ast-site-content-layout":"default","site-content-style":"default","site-sidebar-style":"default","ast-global-header-display":"","ast-banner-title-visibility":"","ast-main-header-display":"","ast-hfb-above-header-display":"","ast-hfb-below-header-display":"","ast-hfb-mobile-header-display":"","site-post-title":"","ast-breadcrumbs-content":"","ast-featured-img":"","footer-sml-layout":"","ast-disable-related-posts":"","theme-transparent-header-meta":"default","adv-header-id-meta":"","stick-header-meta":"","header-above-stick-meta":"","header-main-stick-meta":"","header-below-stick-meta":"","astra-migrate-meta-layouts":"set","ast-page-background-enabled":"default","ast-page-background-meta":{"desktop":{"background-color":"","background-image":"","background-repeat":"repeat","background-position":"center center","background-size":"auto","background-attachment":"scroll","background-type":"","background-media":"","overlay-type":"","overlay-color":"","overlay-opacity":"","overlay-gradient":""},"tablet":{"background-color":"","background-image":"","background-repeat":"repeat","background-position":"center center","background-size":"auto","background-attachment":"scroll","background-type":"","background-media":"","overlay-type":"","overlay-color":"","overlay-opacity":"","overlay-gradient":""},"mobile":{"background-color":"","background-image":"","background-repeat":"repeat","background-position":"center center","background-size":"auto","background-attachment":"scroll","background-type":"","background-media":"","overlay-type":"","overlay-color":"","overlay-opacity":"","overlay-gradient":""}},"ast-content-background-meta":{"desktop":{"background-color":"var(--ast-global-color-5)","background-image":"","background-repeat":"repeat","background-position":"center center","background-size":"auto","background-attachment":"scroll","background-type":"","background-media":"","overlay-type":"","overlay-color":"","overlay-opacity":"","overlay-gradient":""},"tablet":{"background-color":"var(--ast-global-color-5)","background-image":"","background-repeat":"repeat","background-position":"center center","background-size":"auto","background-attachment":"scroll","background-type":"","background-media":"","overlay-type":"","overlay-color":"","overlay-opacity":"","overlay-gradient":""},"mobile":{"background-color":"var(--ast-global-color-5)","background-image":"","background-repeat":"repeat","background-position":"center center","background-size":"auto","background-attachment":"scroll","background-type":"","background-media":"","overlay-type":"","overlay-color":"","overlay-opacity":"","overlay-gradient":""}}},"product_brand":[],"product_cat":[25],"product_tag":[29,26,19,28,442,57,31,23,30,435,20,27,22],"class_list":{"0":"post-12300","1":"product","2":"type-product","3":"status-publish","4":"has-post-thumbnail","6":"product_cat-fragrances","7":"product_tag-a05-wax","8":"product_tag-a27-wax","9":"product_tag-all-seasons-wax","10":"product_tag-cocosoy","11":"product_tag-flowers","12":"product_tag-fragrances","13":"product_tag-m12-wax","14":"product_tag-s100-wax","15":"product_tag-s16-wax","16":"product_tag-sandalwood","17":"product_tag-soy-wax","18":"product_tag-vegan-wax","19":"product_tag-wax","20":"desktop-align-left","21":"tablet-align-left","22":"mobile-align-left","23":"ast-product-gallery-layout-horizontal-slider","24":"ast-product-gallery-with-no-image","25":"ast-product-single-variable","26":"ast-product-tabs-layout-horizontal","28":"first","29":"outofstock","30":"taxable","31":"shipping-taxable","32":"purchasable","33":"product-type-variable"},"acf":[],"yoast_head":"<title>Saffron Leather - Antwerp Luxury Candle Supplies<\/title>\n<meta name=\"robots\" content=\"index, follow, max-snippet:-1, max-image-preview:large, max-video-preview:-1\" \/>\n<link rel=\"canonical\" href=\"https:\/\/luxurycandlesupplies.eu\/nl\/product\/saffraan-leer\/\" \/>\n<meta property=\"og:locale\" content=\"nl_NL\" \/>\n<meta property=\"og:type\" content=\"article\" \/>\n<meta property=\"og:title\" content=\"Saffron Leather - Antwerp Luxury Candle Supplies\" \/>\n<meta property=\"og:description\" content=\"DESCRIPTION Saffron Leather &nbsp; This fragrance combines primal leather with blooming jasmine and\u00a0 suede for a distinctive twist. Saffron Leather is raw\u00a0 yet sophisticated, sensual yet refined. It&#8217;s a daring sensuality, encapsulated in scent. &nbsp; Top notes: Suede &#8211; Elemi &#8211; Saffron Middle notes: Smoky Woods &#8211; Jasmine &#8211; Ylang Base notes:\u00a0 Amber &#8211; Vanilla [&hellip;]\" \/>\n<meta property=\"og:url\" content=\"https:\/\/luxurycandlesupplies.eu\/nl\/product\/saffraan-leer\/\" \/>\n<meta property=\"og:site_name\" content=\"Antwerp Luxury Candle Supplies\" \/>\n<meta property=\"article:publisher\" content=\"https:\/\/www.facebook.com\/Antwerpluxurycandlesupplies\/\" \/>\n<meta property=\"article:modified_time\" content=\"2025-09-23T07:55:02+00:00\" \/>\n<meta property=\"og:image\" content=\"https:\/\/luxurycandlesupplies.eu\/app\/uploads\/2023\/09\/Safraan-Leather.png\" \/>\n\t<meta property=\"og:image:width\" content=\"1080\" \/>\n\t<meta property=\"og:image:height\" content=\"1080\" \/>\n\t<meta property=\"og:image:type\" content=\"image\/png\" \/>\n<meta name=\"twitter:card\" content=\"summary_large_image\" \/>\n<meta name=\"twitter:label1\" content=\"Geschatte leestijd\" \/>\n\t<meta name=\"twitter:data1\" content=\"3 minuten\" \/>\n<script type=\"application\/ld+json\" class=\"yoast-schema-graph\">{\"@context\":\"https:\\\/\\\/schema.org\",\"@graph\":[{\"@type\":\"WebPage\",\"@id\":\"https:\\\/\\\/luxurycandlesupplies.eu\\\/product\\\/saffron-leather\\\/\",\"url\":\"https:\\\/\\\/luxurycandlesupplies.eu\\\/product\\\/saffron-leather\\\/\",\"name\":\"Saffron Leather - Antwerp Luxury Candle Supplies\",\"isPartOf\":{\"@id\":\"https:\\\/\\\/luxurycandlesupplies.eu\\\/#website\"},\"primaryImageOfPage\":{\"@id\":\"https:\\\/\\\/luxurycandlesupplies.eu\\\/product\\\/saffron-leather\\\/#primaryimage\"},\"image\":{\"@id\":\"https:\\\/\\\/luxurycandlesupplies.eu\\\/product\\\/saffron-leather\\\/#primaryimage\"},\"thumbnailUrl\":\"https:\\\/\\\/luxurycandlesupplies.eu\\\/app\\\/uploads\\\/2023\\\/09\\\/Safraan-Leather.png\",\"datePublished\":\"2023-09-01T10:36:17+00:00\",\"dateModified\":\"2025-09-23T07:55:02+00:00\",\"breadcrumb\":{\"@id\":\"https:\\\/\\\/luxurycandlesupplies.eu\\\/product\\\/saffron-leather\\\/#breadcrumb\"},\"inLanguage\":\"nl-NL\",\"potentialAction\":[{\"@type\":\"ReadAction\",\"target\":[\"https:\\\/\\\/luxurycandlesupplies.eu\\\/product\\\/saffron-leather\\\/\"]}]},{\"@type\":\"ImageObject\",\"inLanguage\":\"nl-NL\",\"@id\":\"https:\\\/\\\/luxurycandlesupplies.eu\\\/product\\\/saffron-leather\\\/#primaryimage\",\"url\":\"https:\\\/\\\/luxurycandlesupplies.eu\\\/app\\\/uploads\\\/2023\\\/09\\\/Safraan-Leather.png\",\"contentUrl\":\"https:\\\/\\\/luxurycandlesupplies.eu\\\/app\\\/uploads\\\/2023\\\/09\\\/Safraan-Leather.png\",\"width\":1080,\"height\":1080},{\"@type\":\"BreadcrumbList\",\"@id\":\"https:\\\/\\\/luxurycandlesupplies.eu\\\/product\\\/saffron-leather\\\/#breadcrumb\",\"itemListElement\":[{\"@type\":\"ListItem\",\"position\":1,\"name\":\"Home\",\"item\":\"https:\\\/\\\/luxurycandlesupplies.eu\\\/\"},{\"@type\":\"ListItem\",\"position\":2,\"name\":\"Shop\",\"item\":\"https:\\\/\\\/luxurycandlesupplies.eu\\\/shop\\\/\"},{\"@type\":\"ListItem\",\"position\":3,\"name\":\"Saffron Leather\"}]},{\"@type\":\"WebSite\",\"@id\":\"https:\\\/\\\/luxurycandlesupplies.eu\\\/#website\",\"url\":\"https:\\\/\\\/luxurycandlesupplies.eu\\\/\",\"name\":\"Antwerp Luxury Candle Supplies\",\"description\":\"Distributor of all seasons soy wax\",\"publisher\":{\"@id\":\"https:\\\/\\\/luxurycandlesupplies.eu\\\/#organization\"},\"potentialAction\":[{\"@type\":\"SearchAction\",\"target\":{\"@type\":\"EntryPoint\",\"urlTemplate\":\"https:\\\/\\\/luxurycandlesupplies.eu\\\/?s={search_term_string}\"},\"query-input\":{\"@type\":\"PropertyValueSpecification\",\"valueRequired\":true,\"valueName\":\"search_term_string\"}}],\"inLanguage\":\"nl-NL\"},{\"@type\":\"Organization\",\"@id\":\"https:\\\/\\\/luxurycandlesupplies.eu\\\/#organization\",\"name\":\"Antwerp Luxury Candle Supplies\",\"url\":\"https:\\\/\\\/luxurycandlesupplies.eu\\\/\",\"logo\":{\"@type\":\"ImageObject\",\"inLanguage\":\"nl-NL\",\"@id\":\"https:\\\/\\\/luxurycandlesupplies.eu\\\/#\\\/schema\\\/logo\\\/image\\\/\",\"url\":\"https:\\\/\\\/luxurycandlesupplies.eu\\\/app\\\/uploads\\\/2022\\\/03\\\/antwerp-luxury-candle-supplies-1x.png\",\"contentUrl\":\"https:\\\/\\\/luxurycandlesupplies.eu\\\/app\\\/uploads\\\/2022\\\/03\\\/antwerp-luxury-candle-supplies-1x.png\",\"width\":330,\"height\":60,\"caption\":\"Antwerp Luxury Candle Supplies\"},\"image\":{\"@id\":\"https:\\\/\\\/luxurycandlesupplies.eu\\\/#\\\/schema\\\/logo\\\/image\\\/\"},\"sameAs\":[\"https:\\\/\\\/www.facebook.com\\\/Antwerpluxurycandlesupplies\\\/\",\"https:\\\/\\\/www.instagram.com\\\/antwerp_luxury_candle_supplies\\\/\",\"https:\\\/\\\/pin.it\\\/7joOXRW\"]}]}<\/script>","yoast_head_json":{"title":"Saffraanleer - Antwerpen Luxe Kaarsenbenodigdheden","robots":{"index":"index","follow":"follow","max-snippet":"max-snippet:-1","max-image-preview":"max-image-preview:large","max-video-preview":"max-video-preview:-1"},"canonical":"https:\/\/luxurycandlesupplies.eu\/nl\/product\/saffraan-leer\/","og_locale":"nl_NL","og_type":"article","og_title":"Saffron Leather - Antwerp Luxury Candle Supplies","og_description":"DESCRIPTION Saffron Leather &nbsp; This fragrance combines primal leather with blooming jasmine and\u00a0 suede for a distinctive twist. Saffron Leather is raw\u00a0 yet sophisticated, sensual yet refined. It&#8217;s a daring sensuality, encapsulated in scent. &nbsp; Top notes: Suede &#8211; Elemi &#8211; Saffron Middle notes: Smoky Woods &#8211; Jasmine &#8211; Ylang Base notes:\u00a0 Amber &#8211; Vanilla [&hellip;]","og_url":"https:\/\/luxurycandlesupplies.eu\/nl\/product\/saffraan-leer\/","og_site_name":"Antwerp Luxury Candle Supplies","article_publisher":"https:\/\/www.facebook.com\/Antwerpluxurycandlesupplies\/","article_modified_time":"2025-09-23T07:55:02+00:00","og_image":[{"width":1080,"height":1080,"url":"https:\/\/luxurycandlesupplies.eu\/app\/uploads\/2023\/09\/Safraan-Leather.png","type":"image\/png"}],"twitter_card":"summary_large_image","twitter_misc":{"Geschatte leestijd":"3 minuten"},"schema":{"@context":"https:\/\/schema.org","@graph":[{"@type":"WebPage","@id":"https:\/\/luxurycandlesupplies.eu\/product\/saffron-leather\/","url":"https:\/\/luxurycandlesupplies.eu\/product\/saffron-leather\/","name":"Saffraanleer - Antwerpen Luxe Kaarsenbenodigdheden","isPartOf":{"@id":"https:\/\/luxurycandlesupplies.eu\/#website"},"primaryImageOfPage":{"@id":"https:\/\/luxurycandlesupplies.eu\/product\/saffron-leather\/#primaryimage"},"image":{"@id":"https:\/\/luxurycandlesupplies.eu\/product\/saffron-leather\/#primaryimage"},"thumbnailUrl":"https:\/\/luxurycandlesupplies.eu\/app\/uploads\/2023\/09\/Safraan-Leather.png","datePublished":"2023-09-01T10:36:17+00:00","dateModified":"2025-09-23T07:55:02+00:00","breadcrumb":{"@id":"https:\/\/luxurycandlesupplies.eu\/product\/saffron-leather\/#breadcrumb"},"inLanguage":"nl-NL","potentialAction":[{"@type":"ReadAction","target":["https:\/\/luxurycandlesupplies.eu\/product\/saffron-leather\/"]}]},{"@type":"ImageObject","inLanguage":"nl-NL","@id":"https:\/\/luxurycandlesupplies.eu\/product\/saffron-leather\/#primaryimage","url":"https:\/\/luxurycandlesupplies.eu\/app\/uploads\/2023\/09\/Safraan-Leather.png","contentUrl":"https:\/\/luxurycandlesupplies.eu\/app\/uploads\/2023\/09\/Safraan-Leather.png","width":1080,"height":1080},{"@type":"BreadcrumbList","@id":"https:\/\/luxurycandlesupplies.eu\/product\/saffron-leather\/#breadcrumb","itemListElement":[{"@type":"ListItem","position":1,"name":"Home","item":"https:\/\/luxurycandlesupplies.eu\/"},{"@type":"ListItem","position":2,"name":"Shop","item":"https:\/\/luxurycandlesupplies.eu\/shop\/"},{"@type":"ListItem","position":3,"name":"Saffron Leather"}]},{"@type":"WebSite","@id":"https:\/\/luxurycandlesupplies.eu\/#website","url":"https:\/\/luxurycandlesupplies.eu\/","name":"Antwerpen Luxe Kaars Benodigdheden","description":"Verdeler van sojawas voor alle seizoenen","publisher":{"@id":"https:\/\/luxurycandlesupplies.eu\/#organization"},"potentialAction":[{"@type":"SearchAction","target":{"@type":"EntryPoint","urlTemplate":"https:\/\/luxurycandlesupplies.eu\/?s={search_term_string}"},"query-input":{"@type":"PropertyValueSpecification","valueRequired":true,"valueName":"search_term_string"}}],"inLanguage":"nl-NL"},{"@type":"Organization","@id":"https:\/\/luxurycandlesupplies.eu\/#organization","name":"Antwerpen Luxe Kaars Benodigdheden","url":"https:\/\/luxurycandlesupplies.eu\/","logo":{"@type":"ImageObject","inLanguage":"nl-NL","@id":"https:\/\/luxurycandlesupplies.eu\/#\/schema\/logo\/image\/","url":"https:\/\/luxurycandlesupplies.eu\/app\/uploads\/2022\/03\/antwerp-luxury-candle-supplies-1x.png","contentUrl":"https:\/\/luxurycandlesupplies.eu\/app\/uploads\/2022\/03\/antwerp-luxury-candle-supplies-1x.png","width":330,"height":60,"caption":"Antwerp Luxury Candle Supplies"},"image":{"@id":"https:\/\/luxurycandlesupplies.eu\/#\/schema\/logo\/image\/"},"sameAs":["https:\/\/www.facebook.com\/Antwerpluxurycandlesupplies\/","https:\/\/www.instagram.com\/antwerp_luxury_candle_supplies\/","https:\/\/pin.it\/7joOXRW"]}]}},"_links":{"self":[{"href":"https:\/\/luxurycandlesupplies.eu\/nl\/wp-json\/wp\/v2\/product\/12300","targetHints":{"allow":["GET"]}}],"collection":[{"href":"https:\/\/luxurycandlesupplies.eu\/nl\/wp-json\/wp\/v2\/product"}],"about":[{"href":"https:\/\/luxurycandlesupplies.eu\/nl\/wp-json\/wp\/v2\/types\/product"}],"wp:featuredmedia":[{"embeddable":true,"href":"https:\/\/luxurycandlesupplies.eu\/nl\/wp-json\/wp\/v2\/media\/12482"}],"wp:attachment":[{"href":"https:\/\/luxurycandlesupplies.eu\/nl\/wp-json\/wp\/v2\/media?parent=12300"}],"wp:term":[{"taxonomy":"product_brand","embeddable":true,"href":"https:\/\/luxurycandlesupplies.eu\/nl\/wp-json\/wp\/v2\/product_brand?post=12300"},{"taxonomy":"product_cat","embeddable":true,"href":"https:\/\/luxurycandlesupplies.eu\/nl\/wp-json\/wp\/v2\/product_cat?post=12300"},{"taxonomy":"product_tag","embeddable":true,"href":"https:\/\/luxurycandlesupplies.eu\/nl\/wp-json\/wp\/v2\/product_tag?post=12300"}],"curies":[{"name":"wp","href":"https:\/\/api.w.org\/{rel}","templated":true}]}}