{"id":13668,"date":"2023-11-09T12:32:25","date_gmt":"2023-11-09T11:32:25","guid":{"rendered":"https:\/\/luxurycandlesupplies.eu\/?post_type=product&#038;p=13668"},"modified":"2026-05-05T09:13:11","modified_gmt":"2026-05-05T07:13:11","slug":"hotel-costes-de-paris","status":"publish","type":"product","link":"https:\/\/luxurycandlesupplies.eu\/nl\/product\/hotel-costes-de-paris\/","title":{"rendered":"Hotel Costes de Paris"},"content":{"rendered":"<h3>BESCHRIJVING<\/h3>\n<div><\/div>\n<h3><em><strong>Hotel Costes de Paris<\/strong><\/em><\/h3>\n<p>&nbsp;<\/p>\n<p>Hotel Costes de Paris is een houtachtig en kruidige geur.<\/p>\n<p>Deze parfum is donker, zwoel, warm en mysterieus. Deze geur is een perfecte balans tussen hout en kruiden om een unieke, luxueuze en sexy geur te cre\u00ebren voor je kaarsen of diffusers.<\/p>\n<p>&nbsp;<\/p>\n<p><strong>Top:<\/strong> Kruiden<br \/>\n<strong>Basisnoten:<\/strong> Meiklokjes, Viooltje<br \/>\n<strong>Basis:<\/strong> Agarhout, sandelhout, guajakhout<\/p>\n<p>&nbsp;<\/p>\n<p>&nbsp;<\/p>\n<h3>ONZE AANBEVELING<\/h3>\n<hr \/>\n<div>\n<p>Het gebruik van geurolie is afhankelijk van het product dat je gaat maken.<\/p>\n<p>Let op: De onderstaande waarden zijn slechts suggesties. We raden kaarsenmakers aan om steeds uitgebreid te testen voor optimale resultaten.<\/p>\n<p>Kaarsen: 6-10%<br \/>\nWaxmelts: 10-12%<\/p>\n<\/div>\n<h2><\/h2>\n<h3>INFORMATIE OVER CLP EN SDS<\/h3>\n<hr \/>\n<div>\n<p><a style=\"font-size: 16px; background-color: #ffffff;\" href=\"https:\/\/luxurycandlesupplies.eu\/app\/uploads\/2023\/11\/CLP-label-_-Hotel-Costes-de-Paris-_-candle-4.pdf\">CLP label _ Hotel Costes de Paris _ kaars 4%<\/a><\/p>\n<\/div>\n<p><a href=\"https:\/\/luxurycandlesupplies.eu\/app\/uploads\/2023\/11\/CLP-label-_-Hotel-Costes-de-Paris-_-candle-6.pdf\">CLP label _ Hotel Costes de Paris _ kaars 6%<\/a><\/p>\n<p><a href=\"https:\/\/luxurycandlesupplies.eu\/app\/uploads\/2023\/11\/CLP-label-_-Hotel-Costes-de-Paris-_-candle-8.pdf\">CLP label _ Hotel Costes de Paris _ kaars 8%<\/a><\/p>\n<p><a href=\"https:\/\/luxurycandlesupplies.eu\/app\/uploads\/2023\/11\/CLP-label-_-Hotel-Costes-de-Paris-_-candle-10.pdf\">CLP label _ Hotel Costes de Paris _ kaars 10%<\/a><\/p>\n<p><a href=\"https:\/\/luxurycandlesupplies.eu\/app\/uploads\/2024\/08\/Hotel-Costes-de-Paris-SDS.pdf\">Hotel Costes de Paris - SDS 100%<\/a><\/p>\n<p><a href=\"https:\/\/luxurycandlesupplies.eu\/app\/uploads\/2024\/03\/Hotel-Costes-de-Paris-IFRA.pdf\">Hotel Costes de Paris - IFRA<\/a><\/p>\n<p>&nbsp;<\/p>\n<p>UFI: 02E0-20G4-400V-DPWD<\/p>\n<p><img decoding=\"async\" class=\"alignnone wp-image-23489\" src=\"https:\/\/luxurycandlesupplies.eu\/app\/uploads\/2025\/07\/Danger-4-300x300.png\" alt=\"\" width=\"122\" height=\"122\" srcset=\"https:\/\/luxurycandlesupplies.eu\/app\/uploads\/2025\/07\/Danger-4-300x300.png 300w, https:\/\/luxurycandlesupplies.eu\/app\/uploads\/2025\/07\/Danger-4-1024x1024.png 1024w, https:\/\/luxurycandlesupplies.eu\/app\/uploads\/2025\/07\/Danger-4-150x150.png 150w, https:\/\/luxurycandlesupplies.eu\/app\/uploads\/2025\/07\/Danger-4-768x768.png 768w, https:\/\/luxurycandlesupplies.eu\/app\/uploads\/2025\/07\/Danger-4-12x12.png 12w, https:\/\/luxurycandlesupplies.eu\/app\/uploads\/2025\/07\/Danger-4-600x600.png 600w, https:\/\/luxurycandlesupplies.eu\/app\/uploads\/2025\/07\/Danger-4-100x100.png 100w, https:\/\/luxurycandlesupplies.eu\/app\/uploads\/2025\/07\/Danger-4.png 1080w\" sizes=\"(max-width: 122px) 100vw, 122px\" \/> <img decoding=\"async\" class=\"alignnone wp-image-23488\" src=\"https:\/\/luxurycandlesupplies.eu\/app\/uploads\/2025\/07\/Danger-3-300x300.png\" alt=\"\" width=\"122\" height=\"122\" srcset=\"https:\/\/luxurycandlesupplies.eu\/app\/uploads\/2025\/07\/Danger-3-300x300.png 300w, https:\/\/luxurycandlesupplies.eu\/app\/uploads\/2025\/07\/Danger-3-1024x1024.png 1024w, https:\/\/luxurycandlesupplies.eu\/app\/uploads\/2025\/07\/Danger-3-150x150.png 150w, https:\/\/luxurycandlesupplies.eu\/app\/uploads\/2025\/07\/Danger-3-768x768.png 768w, https:\/\/luxurycandlesupplies.eu\/app\/uploads\/2025\/07\/Danger-3-12x12.png 12w, https:\/\/luxurycandlesupplies.eu\/app\/uploads\/2025\/07\/Danger-3-600x600.png 600w, https:\/\/luxurycandlesupplies.eu\/app\/uploads\/2025\/07\/Danger-3-100x100.png 100w, https:\/\/luxurycandlesupplies.eu\/app\/uploads\/2025\/07\/Danger-3.png 1080w\" sizes=\"(max-width: 122px) 100vw, 122px\" \/><\/p>\n<p><strong>Hotel Costes De Paris NL<\/strong><\/p>\n<p>H319 Veroorzaakt ernstige oogirritatie. H317 Kan een allergische huidreactie veroorzaken. H411<br \/>\nGiftig voor in het water levende organismen, met langdurige gevolgen. P264 Na het werken met dit<br \/>\nproduct aangetaste gebieden grondig wassen. P280 Beschermende handschoenen\/beschermende<br \/>\nkleding\/oogbescherming\/gelaatsbescherming dragen. P305+P351+P338 BIJ CONTACT MET DE OGEN:<br \/>\nvoorzichtig afspoelen met water gedurende een aantal minuten; contactlenzen verwijderen, indien<br \/>\nmogelijk; blijven spoelen. P337+P313 Bij aanhoudende oogirritatie: een arts raadplegen. P261<br \/>\nInademing van stof\/rook\/gas\/nevel\/damp\/spuitnevel vermijden. P272 Verontreinigde werkkleding<br \/>\nmag de werkruimte niet verlaten. P321 Specifieke behandeling vereist (zie op dit etiket). P363<br \/>\nVerontreinigde kleding wassen alvorens deze opnieuw te gebruiken. P501 Inhoud\/verpakking<br \/>\nafvoeren naar een erkende afvalinzamelaar conform VLAREMA en OVAM-regelgeving. P302+P352 BIJ<br \/>\nCONTACT MET DE HUID: met veel water en zeep wassen. P333+P313 Bij huidirritatie of uitslag: een<br \/>\nkunst raadplegen. P273 Voorkom lozing in het milieu. P391 Gelekte\/gemorste stof opruimen.<\/p>\n<p>&nbsp;<\/p>\n<p><strong>Hotel Portinari<\/strong><\/p>\n<p>H319 Veroorzaakt ernstige irritatie van de ogen. H317 Kan een allergische huidreactie veroorzaken.<br \/>\nH411 Giftig voor in het water levende organismen, veroorzaakt langdurige nare effecten. P264 Lavez<br \/>\nzorg ervoor dat de aangeraakte zones na de manipulatie schoon zijn. P280 Porter des gants de protection\/des<br \/>\nbeschermingskleding\/bescherming van de ogen\/van het gezicht. P305+P351+P338 BIJ CONTACT<br \/>\nAVEC LES YEUX : spoel met voorzichtigheid in het water gedurende enkele minuten ; trek de lentilles uit indien<br \/>\nmogelijk ; blijf spoelen. P337+P313 En cas d'irritation oculaire persistante : consulter un<br \/>\narts. P261 \u00c9viter de respirer les poussi\u00e8res\/fum\u00e9es\/gaz\/brouillards\/vapeurs\/a\u00e9rosols. P272 Les<br \/>\nv\u00eatements de travail contamin\u00e9s ne doivent pas sortir du lieu de travail. P321 Specifieke behandeling<br \/>\nvereist (zie op de verpakking). P363 Laver les v\u00eatements contamin\u00e9s avant de les r\u00e9utiliser. P501<br \/>\nVerwijder de inhoud\/het afval via een afvalverzamelaar die voldoet aan de volgende voorwaarden<br \/>\nreglementering VLAREMA en OVAM. P302+P352 EN CAS DE CONTACT AVEC LA PEAU : laver<br \/>\nabondamment \u00e0 l'eau et au savon. P333+P313 En cas d'irritation ou d'\u00e9ruption cutan\u00e9e : consulter un<br \/>\narts. P273 Reject in het milieu vermijden. P391 De achtergebleven stof verwijderen.<\/p>\n<p>&nbsp;<\/p>\n<p><strong>Hotel Costes De Paris ENG<\/strong><\/p>\n<p>H319 Veroorzaakt ernstige oogirritatie. H317 Kan een allergische huidreactie veroorzaken. H411 Giftig voor in het water levende organismen<br \/>\nleven met langdurige effecten. P264 Na gebruik grondig wassen. P280 Beschermende kleding dragen.<br \/>\nhandschoenen\/beschermende kleding\/oogbescherming\/gelaatsbescherming. P305+P351+P338 BIJ CONTACT MET DE OGEN: Spoelen.<br \/>\nvoorzichtig met water gedurende enkele minuten. Verwijder contactlenzen indien aanwezig en gemakkelijk te doen. Ga verder met<br \/>\nspoelen. P337+P313 Bij aanhoudende oogirritatie: Medisch advies inwinnen. P261 Inademing vermijden<br \/>\nstof\/rook\/gas\/nevel\/dampen\/spuitnevel. P272 Verontreinigde werkkleding mag niet uit<br \/>\nde werkplek. P321 Specifieke behandeling vereist (zie op etiket). P363 Verontreinigde kleding wassen<br \/>\nvoor hergebruik. P501 Inhoud\/verpakking afvoeren via een erkende afvalinzamelaar in overeenstemming met<br \/>\nmet de voorschriften van VLAREMA en OVAM. P302+P352 BIJ CONTACT MET DE HUID: met veel water en zeep wassen.<br \/>\nP333+P313 Als huidirritatie of huiduitslag optreedt: Medisch advies inwinnen. P273 Voorkom lozing in de<br \/>\nmilieu. P391 Gemorst product opvangen.<\/p>","protected":false},"excerpt":{"rendered":"<p>DESCRIPTION Hotel Costes de Paris &nbsp; Dimmed light, a beguiling scent and a mysterious ambience. The fragrance that permeate the hotel have become legend. Fragrance Hotel Costes de Paris is dark, sultry, warm and mysterious. This french-kissed fragrance perfectly balances woods and spices to create a devastatingly sexy scent for your candles or diffusers. &nbsp; [&hellip;]<\/p>\n","protected":false},"featured_media":13717,"template":"","meta":{"_acf_changed":false,"site-sidebar-layout":"default","site-content-layout":"default","ast-site-content-layout":"default","site-content-style":"default","site-sidebar-style":"default","ast-global-header-display":"","ast-banner-title-visibility":"","ast-main-header-display":"","ast-hfb-above-header-display":"","ast-hfb-below-header-display":"","ast-hfb-mobile-header-display":"","site-post-title":"","ast-breadcrumbs-content":"","ast-featured-img":"","footer-sml-layout":"","ast-disable-related-posts":"","theme-transparent-header-meta":"default","adv-header-id-meta":"","stick-header-meta":"","header-above-stick-meta":"","header-main-stick-meta":"","header-below-stick-meta":"","astra-migrate-meta-layouts":"set","ast-page-background-enabled":"default","ast-page-background-meta":{"desktop":{"background-color":"","background-image":"","background-repeat":"repeat","background-position":"center center","background-size":"auto","background-attachment":"scroll","background-type":"","background-media":"","overlay-type":"","overlay-color":"","overlay-opacity":"","overlay-gradient":""},"tablet":{"background-color":"","background-image":"","background-repeat":"repeat","background-position":"center center","background-size":"auto","background-attachment":"scroll","background-type":"","background-media":"","overlay-type":"","overlay-color":"","overlay-opacity":"","overlay-gradient":""},"mobile":{"background-color":"","background-image":"","background-repeat":"repeat","background-position":"center center","background-size":"auto","background-attachment":"scroll","background-type":"","background-media":"","overlay-type":"","overlay-color":"","overlay-opacity":"","overlay-gradient":""}},"ast-content-background-meta":{"desktop":{"background-color":"var(--ast-global-color-5)","background-image":"","background-repeat":"repeat","background-position":"center center","background-size":"auto","background-attachment":"scroll","background-type":"","background-media":"","overlay-type":"","overlay-color":"","overlay-opacity":"","overlay-gradient":""},"tablet":{"background-color":"var(--ast-global-color-5)","background-image":"","background-repeat":"repeat","background-position":"center center","background-size":"auto","background-attachment":"scroll","background-type":"","background-media":"","overlay-type":"","overlay-color":"","overlay-opacity":"","overlay-gradient":""},"mobile":{"background-color":"var(--ast-global-color-5)","background-image":"","background-repeat":"repeat","background-position":"center center","background-size":"auto","background-attachment":"scroll","background-type":"","background-media":"","overlay-type":"","overlay-color":"","overlay-opacity":"","overlay-gradient":""}}},"product_brand":[],"product_cat":[25],"product_tag":[29,26,19,28,442,281,57,1415,31,1414,23,30,435,20,27,22],"class_list":{"0":"post-13668","1":"product","2":"type-product","3":"status-publish","4":"has-post-thumbnail","6":"product_cat-fragrances","7":"product_tag-a05-wax","8":"product_tag-a27-wax","9":"product_tag-all-seasons-wax","10":"product_tag-cocosoy","11":"product_tag-flowers","12":"product_tag-fragrance","13":"product_tag-fragrances","14":"product_tag-hotel-costes-de-paris","15":"product_tag-m12-wax","16":"product_tag-paris","17":"product_tag-s100-wax","18":"product_tag-s16-wax","19":"product_tag-sandalwood","20":"product_tag-soy-wax","21":"product_tag-vegan-wax","22":"product_tag-wax","23":"desktop-align-left","24":"tablet-align-left","25":"mobile-align-left","26":"ast-product-gallery-layout-horizontal-slider","27":"ast-product-gallery-with-no-image","28":"ast-product-single-variable","29":"ast-product-tabs-layout-horizontal","31":"first","32":"instock","33":"taxable","34":"shipping-taxable","35":"purchasable","36":"product-type-variable"},"acf":[],"yoast_head":"<title>Hotel Costes de Paris - Antwerp Luxury Candle Supplies<\/title>\n<meta name=\"robots\" content=\"index, follow, max-snippet:-1, max-image-preview:large, max-video-preview:-1\" \/>\n<link rel=\"canonical\" href=\"https:\/\/luxurycandlesupplies.eu\/nl\/product\/hotel-costes-de-paris\/\" \/>\n<meta property=\"og:locale\" content=\"nl_NL\" \/>\n<meta property=\"og:type\" content=\"article\" \/>\n<meta property=\"og:title\" content=\"Hotel Costes de Paris - Antwerp Luxury Candle Supplies\" \/>\n<meta property=\"og:description\" content=\"DESCRIPTION Hotel Costes de Paris &nbsp; Dimmed light, a beguiling scent and a mysterious ambience. The fragrance that permeate the hotel have become legend. Fragrance Hotel Costes de Paris is dark, sultry, warm and mysterious. This french-kissed fragrance perfectly balances woods and spices to create a devastatingly sexy scent for your candles or diffusers. &nbsp; [&hellip;]\" \/>\n<meta property=\"og:url\" content=\"https:\/\/luxurycandlesupplies.eu\/nl\/product\/hotel-costes-de-paris\/\" \/>\n<meta property=\"og:site_name\" content=\"Antwerp Luxury Candle Supplies\" \/>\n<meta property=\"article:publisher\" content=\"https:\/\/www.facebook.com\/Antwerpluxurycandlesupplies\/\" \/>\n<meta property=\"article:modified_time\" content=\"2026-05-05T07:13:11+00:00\" \/>\n<meta property=\"og:image\" content=\"https:\/\/luxurycandlesupplies.eu\/app\/uploads\/2023\/11\/Light-Grey-Vanilla-Purple-Modern-Travel-To-Paris-Instagram-Post.jpg\" \/>\n\t<meta property=\"og:image:width\" content=\"1080\" \/>\n\t<meta property=\"og:image:height\" content=\"1080\" \/>\n\t<meta property=\"og:image:type\" content=\"image\/jpeg\" \/>\n<meta name=\"twitter:card\" content=\"summary_large_image\" \/>\n<meta name=\"twitter:label1\" content=\"Geschatte leestijd\" \/>\n\t<meta name=\"twitter:data1\" content=\"4 minuten\" \/>\n<script type=\"application\/ld+json\" class=\"yoast-schema-graph\">{\"@context\":\"https:\\\/\\\/schema.org\",\"@graph\":[{\"@type\":\"WebPage\",\"@id\":\"https:\\\/\\\/luxurycandlesupplies.eu\\\/product\\\/hotel-costes-de-paris\\\/\",\"url\":\"https:\\\/\\\/luxurycandlesupplies.eu\\\/product\\\/hotel-costes-de-paris\\\/\",\"name\":\"Hotel Costes de Paris - Antwerp Luxury Candle Supplies\",\"isPartOf\":{\"@id\":\"https:\\\/\\\/luxurycandlesupplies.eu\\\/#website\"},\"primaryImageOfPage\":{\"@id\":\"https:\\\/\\\/luxurycandlesupplies.eu\\\/product\\\/hotel-costes-de-paris\\\/#primaryimage\"},\"image\":{\"@id\":\"https:\\\/\\\/luxurycandlesupplies.eu\\\/product\\\/hotel-costes-de-paris\\\/#primaryimage\"},\"thumbnailUrl\":\"https:\\\/\\\/luxurycandlesupplies.eu\\\/app\\\/uploads\\\/2023\\\/11\\\/Light-Grey-Vanilla-Purple-Modern-Travel-To-Paris-Instagram-Post.jpg\",\"datePublished\":\"2023-11-09T11:32:25+00:00\",\"dateModified\":\"2026-05-05T07:13:11+00:00\",\"breadcrumb\":{\"@id\":\"https:\\\/\\\/luxurycandlesupplies.eu\\\/product\\\/hotel-costes-de-paris\\\/#breadcrumb\"},\"inLanguage\":\"nl-NL\",\"potentialAction\":[{\"@type\":\"ReadAction\",\"target\":[\"https:\\\/\\\/luxurycandlesupplies.eu\\\/product\\\/hotel-costes-de-paris\\\/\"]}]},{\"@type\":\"ImageObject\",\"inLanguage\":\"nl-NL\",\"@id\":\"https:\\\/\\\/luxurycandlesupplies.eu\\\/product\\\/hotel-costes-de-paris\\\/#primaryimage\",\"url\":\"https:\\\/\\\/luxurycandlesupplies.eu\\\/app\\\/uploads\\\/2023\\\/11\\\/Light-Grey-Vanilla-Purple-Modern-Travel-To-Paris-Instagram-Post.jpg\",\"contentUrl\":\"https:\\\/\\\/luxurycandlesupplies.eu\\\/app\\\/uploads\\\/2023\\\/11\\\/Light-Grey-Vanilla-Purple-Modern-Travel-To-Paris-Instagram-Post.jpg\",\"width\":1080,\"height\":1080},{\"@type\":\"BreadcrumbList\",\"@id\":\"https:\\\/\\\/luxurycandlesupplies.eu\\\/product\\\/hotel-costes-de-paris\\\/#breadcrumb\",\"itemListElement\":[{\"@type\":\"ListItem\",\"position\":1,\"name\":\"Home\",\"item\":\"https:\\\/\\\/luxurycandlesupplies.eu\\\/\"},{\"@type\":\"ListItem\",\"position\":2,\"name\":\"Shop\",\"item\":\"https:\\\/\\\/luxurycandlesupplies.eu\\\/shop\\\/\"},{\"@type\":\"ListItem\",\"position\":3,\"name\":\"Hotel Costes de Paris\"}]},{\"@type\":\"WebSite\",\"@id\":\"https:\\\/\\\/luxurycandlesupplies.eu\\\/#website\",\"url\":\"https:\\\/\\\/luxurycandlesupplies.eu\\\/\",\"name\":\"Antwerp Luxury Candle Supplies\",\"description\":\"Distributor of all seasons soy wax\",\"publisher\":{\"@id\":\"https:\\\/\\\/luxurycandlesupplies.eu\\\/#organization\"},\"potentialAction\":[{\"@type\":\"SearchAction\",\"target\":{\"@type\":\"EntryPoint\",\"urlTemplate\":\"https:\\\/\\\/luxurycandlesupplies.eu\\\/?s={search_term_string}\"},\"query-input\":{\"@type\":\"PropertyValueSpecification\",\"valueRequired\":true,\"valueName\":\"search_term_string\"}}],\"inLanguage\":\"nl-NL\"},{\"@type\":\"Organization\",\"@id\":\"https:\\\/\\\/luxurycandlesupplies.eu\\\/#organization\",\"name\":\"Antwerp Luxury Candle Supplies\",\"url\":\"https:\\\/\\\/luxurycandlesupplies.eu\\\/\",\"logo\":{\"@type\":\"ImageObject\",\"inLanguage\":\"nl-NL\",\"@id\":\"https:\\\/\\\/luxurycandlesupplies.eu\\\/#\\\/schema\\\/logo\\\/image\\\/\",\"url\":\"https:\\\/\\\/luxurycandlesupplies.eu\\\/app\\\/uploads\\\/2022\\\/03\\\/antwerp-luxury-candle-supplies-1x.png\",\"contentUrl\":\"https:\\\/\\\/luxurycandlesupplies.eu\\\/app\\\/uploads\\\/2022\\\/03\\\/antwerp-luxury-candle-supplies-1x.png\",\"width\":330,\"height\":60,\"caption\":\"Antwerp Luxury Candle Supplies\"},\"image\":{\"@id\":\"https:\\\/\\\/luxurycandlesupplies.eu\\\/#\\\/schema\\\/logo\\\/image\\\/\"},\"sameAs\":[\"https:\\\/\\\/www.facebook.com\\\/Antwerpluxurycandlesupplies\\\/\",\"https:\\\/\\\/www.instagram.com\\\/antwerp_luxury_candle_supplies\\\/\",\"https:\\\/\\\/pin.it\\\/7joOXRW\"]}]}<\/script>","yoast_head_json":{"title":"Hotel Costes de Paris - Antwerpen Luxe Kaarsen Benodigdheden","robots":{"index":"index","follow":"follow","max-snippet":"max-snippet:-1","max-image-preview":"max-image-preview:large","max-video-preview":"max-video-preview:-1"},"canonical":"https:\/\/luxurycandlesupplies.eu\/nl\/product\/hotel-costes-de-paris\/","og_locale":"nl_NL","og_type":"article","og_title":"Hotel Costes de Paris - Antwerp Luxury Candle Supplies","og_description":"DESCRIPTION Hotel Costes de Paris &nbsp; Dimmed light, a beguiling scent and a mysterious ambience. The fragrance that permeate the hotel have become legend. Fragrance Hotel Costes de Paris is dark, sultry, warm and mysterious. This french-kissed fragrance perfectly balances woods and spices to create a devastatingly sexy scent for your candles or diffusers. &nbsp; [&hellip;]","og_url":"https:\/\/luxurycandlesupplies.eu\/nl\/product\/hotel-costes-de-paris\/","og_site_name":"Antwerp Luxury Candle Supplies","article_publisher":"https:\/\/www.facebook.com\/Antwerpluxurycandlesupplies\/","article_modified_time":"2026-05-05T07:13:11+00:00","og_image":[{"width":1080,"height":1080,"url":"https:\/\/luxurycandlesupplies.eu\/app\/uploads\/2023\/11\/Light-Grey-Vanilla-Purple-Modern-Travel-To-Paris-Instagram-Post.jpg","type":"image\/jpeg"}],"twitter_card":"summary_large_image","twitter_misc":{"Geschatte leestijd":"4 minuten"},"schema":{"@context":"https:\/\/schema.org","@graph":[{"@type":"WebPage","@id":"https:\/\/luxurycandlesupplies.eu\/product\/hotel-costes-de-paris\/","url":"https:\/\/luxurycandlesupplies.eu\/product\/hotel-costes-de-paris\/","name":"Hotel Costes de Paris - Antwerpen Luxe Kaarsen Benodigdheden","isPartOf":{"@id":"https:\/\/luxurycandlesupplies.eu\/#website"},"primaryImageOfPage":{"@id":"https:\/\/luxurycandlesupplies.eu\/product\/hotel-costes-de-paris\/#primaryimage"},"image":{"@id":"https:\/\/luxurycandlesupplies.eu\/product\/hotel-costes-de-paris\/#primaryimage"},"thumbnailUrl":"https:\/\/luxurycandlesupplies.eu\/app\/uploads\/2023\/11\/Light-Grey-Vanilla-Purple-Modern-Travel-To-Paris-Instagram-Post.jpg","datePublished":"2023-11-09T11:32:25+00:00","dateModified":"2026-05-05T07:13:11+00:00","breadcrumb":{"@id":"https:\/\/luxurycandlesupplies.eu\/product\/hotel-costes-de-paris\/#breadcrumb"},"inLanguage":"nl-NL","potentialAction":[{"@type":"ReadAction","target":["https:\/\/luxurycandlesupplies.eu\/product\/hotel-costes-de-paris\/"]}]},{"@type":"ImageObject","inLanguage":"nl-NL","@id":"https:\/\/luxurycandlesupplies.eu\/product\/hotel-costes-de-paris\/#primaryimage","url":"https:\/\/luxurycandlesupplies.eu\/app\/uploads\/2023\/11\/Light-Grey-Vanilla-Purple-Modern-Travel-To-Paris-Instagram-Post.jpg","contentUrl":"https:\/\/luxurycandlesupplies.eu\/app\/uploads\/2023\/11\/Light-Grey-Vanilla-Purple-Modern-Travel-To-Paris-Instagram-Post.jpg","width":1080,"height":1080},{"@type":"BreadcrumbList","@id":"https:\/\/luxurycandlesupplies.eu\/product\/hotel-costes-de-paris\/#breadcrumb","itemListElement":[{"@type":"ListItem","position":1,"name":"Home","item":"https:\/\/luxurycandlesupplies.eu\/"},{"@type":"ListItem","position":2,"name":"Shop","item":"https:\/\/luxurycandlesupplies.eu\/shop\/"},{"@type":"ListItem","position":3,"name":"Hotel Costes de Paris"}]},{"@type":"WebSite","@id":"https:\/\/luxurycandlesupplies.eu\/#website","url":"https:\/\/luxurycandlesupplies.eu\/","name":"Antwerpen Luxe Kaars Benodigdheden","description":"Verdeler van sojawas voor alle seizoenen","publisher":{"@id":"https:\/\/luxurycandlesupplies.eu\/#organization"},"potentialAction":[{"@type":"SearchAction","target":{"@type":"EntryPoint","urlTemplate":"https:\/\/luxurycandlesupplies.eu\/?s={search_term_string}"},"query-input":{"@type":"PropertyValueSpecification","valueRequired":true,"valueName":"search_term_string"}}],"inLanguage":"nl-NL"},{"@type":"Organization","@id":"https:\/\/luxurycandlesupplies.eu\/#organization","name":"Antwerpen Luxe Kaars Benodigdheden","url":"https:\/\/luxurycandlesupplies.eu\/","logo":{"@type":"ImageObject","inLanguage":"nl-NL","@id":"https:\/\/luxurycandlesupplies.eu\/#\/schema\/logo\/image\/","url":"https:\/\/luxurycandlesupplies.eu\/app\/uploads\/2022\/03\/antwerp-luxury-candle-supplies-1x.png","contentUrl":"https:\/\/luxurycandlesupplies.eu\/app\/uploads\/2022\/03\/antwerp-luxury-candle-supplies-1x.png","width":330,"height":60,"caption":"Antwerp Luxury Candle Supplies"},"image":{"@id":"https:\/\/luxurycandlesupplies.eu\/#\/schema\/logo\/image\/"},"sameAs":["https:\/\/www.facebook.com\/Antwerpluxurycandlesupplies\/","https:\/\/www.instagram.com\/antwerp_luxury_candle_supplies\/","https:\/\/pin.it\/7joOXRW"]}]}},"_links":{"self":[{"href":"https:\/\/luxurycandlesupplies.eu\/nl\/wp-json\/wp\/v2\/product\/13668","targetHints":{"allow":["GET"]}}],"collection":[{"href":"https:\/\/luxurycandlesupplies.eu\/nl\/wp-json\/wp\/v2\/product"}],"about":[{"href":"https:\/\/luxurycandlesupplies.eu\/nl\/wp-json\/wp\/v2\/types\/product"}],"wp:featuredmedia":[{"embeddable":true,"href":"https:\/\/luxurycandlesupplies.eu\/nl\/wp-json\/wp\/v2\/media\/13717"}],"wp:attachment":[{"href":"https:\/\/luxurycandlesupplies.eu\/nl\/wp-json\/wp\/v2\/media?parent=13668"}],"wp:term":[{"taxonomy":"product_brand","embeddable":true,"href":"https:\/\/luxurycandlesupplies.eu\/nl\/wp-json\/wp\/v2\/product_brand?post=13668"},{"taxonomy":"product_cat","embeddable":true,"href":"https:\/\/luxurycandlesupplies.eu\/nl\/wp-json\/wp\/v2\/product_cat?post=13668"},{"taxonomy":"product_tag","embeddable":true,"href":"https:\/\/luxurycandlesupplies.eu\/nl\/wp-json\/wp\/v2\/product_tag?post=13668"}],"curies":[{"name":"wp","href":"https:\/\/api.w.org\/{rel}","templated":true}]}}