{"id":16519,"date":"2024-06-27T15:21:14","date_gmt":"2024-06-27T13:21:14","guid":{"rendered":"https:\/\/luxurycandlesupplies.eu\/?post_type=product&#038;p=16519"},"modified":"2026-01-09T11:36:13","modified_gmt":"2026-01-09T10:36:13","slug":"cloche-helder-klein","status":"publish","type":"product","link":"https:\/\/luxurycandlesupplies.eu\/nl\/product\/cloche-clear-small\/","title":{"rendered":"Cloche Helder Klein"},"content":{"rendered":"<h4>BESCHRIJVING<\/h4>\n<div class=\"product info detailed after-content\">\n<div class=\"product data items\">\n<div class=\"product-data-items-content\">\n<div id=\"attributedescription\" class=\"data item content\" role=\"tabpanel\" data-role=\"content\" aria-labelledby=\"tab-label-attributedescription\" aria-hidden=\"false\">\n<div class=\"product attribute description\">\n<p>&nbsp;<\/p>\n<p>Vakkundig gemaakt van de beste kwaliteit glas voor schoonheid en functionaliteit. Beschermt de kaars tegen stof, zodat de geur onaangetast blijft en de kwaliteit superieur is.<\/p>\n<h3><\/h3>\n<div class=\"value\">\n<p><strong>Afmetingen buitenkant vat en cloche (met cloche)<\/strong>: 78mm\u00d8 x 130mmH<\/p>\n<p><strong>Externe afmetingen (zonder deksel)<\/strong>: 64mm\u00d8 (bovenkant) x 78mm\u00d8 (onderkant) x 78mmH<\/p>\n<p><strong>Afmetingen binnenkant<\/strong>: 64mm\u00d8 x 68mmH<\/p>\n<p><strong>Volume<\/strong>: 120ml<\/p>\n<p><strong>Gewicht vat (inclusief deksel)<\/strong>: 360g<\/p>\n<p>&nbsp;<\/p>\n<p><strong>Deksel<\/strong>: Inclusief cloche.<br \/>\n<strong>Geschikte verpakking<\/strong>:<u>\u00a0N.V.T.<\/u><br \/>\n<strong>Aanbevolen lontmaat<\/strong>*:\u00a0<a href=\"https:\/\/luxurycandlesupplies.eu\/nl\/product\/lonten-van-lcs-60\/\" target=\"_blank\" rel=\"noopener\">LCS60<\/a>,\u00a0<a href=\"https:\/\/luxurycandlesupplies.eu\/nl\/product\/lonten-van-lcs-65\/\" target=\"_blank\" rel=\"noopener\">LCS65<\/a><br \/>\n*Let op: de lontmaten zijn slechts suggesties. Voor optimale resultaten raden we gebruikers aan hun eigen lonttests uit te voeren met verschillende types van was en parfumoli\u00ebn.<\/p>\n<p>Individueel verkrijgbaar.<br \/>\n<strong>Hele doos:<\/strong>24 potten<\/p>\n<\/div>\n<\/div>\n<\/div>\n<\/div>\n<\/div>\n<\/div>","protected":false},"excerpt":{"rendered":"<div id=\"description\" class=\"data item content\" role=\"tabpanel\" aria-labelledby=\"tab-label-description\" data-role=\"content\" aria-hidden=\"false\">\n<div class=\"product attribute description open\">\n<div class=\"value\">\n<div data-content-type=\"row\" data-appearance=\"contained\" data-element=\"main\">\n<div data-enable-parallax=\"0\" data-parallax-speed=\"0.5\" data-background-images=\"{}\" data-background-type=\"image\" data-video-loop=\"true\" data-video-play-only-visible=\"true\" data-video-lazy-load=\"true\" data-video-fallback-src=\"\" data-element=\"inner\" data-pb-style=\"KSADGV6\">\n<div data-content-type=\"text\" data-appearance=\"default\" data-element=\"main\">\n<p>&nbsp;<\/p>\n<h3>SPECIFICATIES<\/h3>\n<hr \/>\n<div><\/div>\n<p><strong>Afmetingen buitenkant vat en cloche (met cloche)<\/strong>: 78mm\u00d8 x 130mmH<br \/>\n<strong>Externe afmetingen (zonder deksel)<\/strong>: 64mm\u00d8 (bovenkant) x 78mm\u00d8 (onderkant) x 78mmH<br \/>\n<strong>Afmetingen binnenkant<\/strong>: 64mm\u00d8 x 68mmH<br \/>\n<strong>Volume<\/strong>: 120ml<br \/>\n<strong>Gewicht vat (inclusief deksel)<\/strong>: 360g<\/p>\n<p><strong>Deksel<\/strong>: Inclusief cloche.<br \/>\n<strong>Geschikte verpakking<\/strong>:<u>\u00a0N.V.T.<\/u><br \/>\n<strong>Aanbevolen lontmaat<\/strong>*:\u00a0<a href=\"https:\/\/luxurycandlesupplies.eu\/nl\/product\/lonten-van-lcs-60\/\">LCS60<\/a>,\u00a0<a href=\"https:\/\/luxurycandlesupplies.eu\/nl\/product\/lonten-van-lcs-65\/\">LCS65<\/a><br \/>\n*Let op: de lontmaten zijn slechts suggesties. Voor optimale resultaten raden we gebruikers aan hun eigen lonttests uit te voeren met verschillende types van was en parfumoli\u00ebn.<\/p>\n<p>Individueel verkrijgbaar.<br \/>\n<strong>Hele doos:<\/strong>24 potten<\/p>\n<\/div>\n<\/div>\n<\/div>\n<\/div>\n<\/div>\n<\/div>","protected":false},"featured_media":18276,"template":"","meta":{"_acf_changed":false,"site-sidebar-layout":"default","site-content-layout":"default","ast-site-content-layout":"default","site-content-style":"default","site-sidebar-style":"default","ast-global-header-display":"","ast-banner-title-visibility":"","ast-main-header-display":"","ast-hfb-above-header-display":"","ast-hfb-below-header-display":"","ast-hfb-mobile-header-display":"","site-post-title":"","ast-breadcrumbs-content":"","ast-featured-img":"","footer-sml-layout":"","ast-disable-related-posts":"","theme-transparent-header-meta":"default","adv-header-id-meta":"","stick-header-meta":"","header-above-stick-meta":"","header-main-stick-meta":"","header-below-stick-meta":"","astra-migrate-meta-layouts":"set","ast-page-background-enabled":"default","ast-page-background-meta":{"desktop":{"background-color":"","background-image":"","background-repeat":"repeat","background-position":"center center","background-size":"auto","background-attachment":"scroll","background-type":"","background-media":"","overlay-type":"","overlay-color":"","overlay-opacity":"","overlay-gradient":""},"tablet":{"background-color":"","background-image":"","background-repeat":"repeat","background-position":"center center","background-size":"auto","background-attachment":"scroll","background-type":"","background-media":"","overlay-type":"","overlay-color":"","overlay-opacity":"","overlay-gradient":""},"mobile":{"background-color":"","background-image":"","background-repeat":"repeat","background-position":"center center","background-size":"auto","background-attachment":"scroll","background-type":"","background-media":"","overlay-type":"","overlay-color":"","overlay-opacity":"","overlay-gradient":""}},"ast-content-background-meta":{"desktop":{"background-color":"var(--ast-global-color-5)","background-image":"","background-repeat":"repeat","background-position":"center center","background-size":"auto","background-attachment":"scroll","background-type":"","background-media":"","overlay-type":"","overlay-color":"","overlay-opacity":"","overlay-gradient":""},"tablet":{"background-color":"var(--ast-global-color-5)","background-image":"","background-repeat":"repeat","background-position":"center center","background-size":"auto","background-attachment":"scroll","background-type":"","background-media":"","overlay-type":"","overlay-color":"","overlay-opacity":"","overlay-gradient":""},"mobile":{"background-color":"var(--ast-global-color-5)","background-image":"","background-repeat":"repeat","background-position":"center center","background-size":"auto","background-attachment":"scroll","background-type":"","background-media":"","overlay-type":"","overlay-color":"","overlay-opacity":"","overlay-gradient":""}}},"product_brand":[],"product_cat":[67,1564],"product_tag":[1565,154],"class_list":{"0":"post-16519","1":"product","2":"type-product","3":"status-publish","4":"has-post-thumbnail","6":"product_cat-candlejars","7":"product_cat-cloche-collection","8":"product_tag-cloche","9":"product_tag-pink","10":"desktop-align-left","11":"tablet-align-left","12":"mobile-align-left","13":"ast-product-gallery-layout-horizontal-slider","14":"ast-product-gallery-with-no-image","15":"ast-product-tabs-layout-horizontal","17":"first","18":"outofstock","19":"taxable","20":"shipping-taxable","21":"purchasable","22":"product-type-simple"},"acf":[],"yoast_head":"<title>Cloche Clear Small - Antwerp Luxury Candle Supplies<\/title>\n<meta name=\"robots\" content=\"index, follow, max-snippet:-1, max-image-preview:large, max-video-preview:-1\" \/>\n<link rel=\"canonical\" href=\"https:\/\/luxurycandlesupplies.eu\/nl\/product\/cloche-helder-klein\/\" \/>\n<meta property=\"og:locale\" content=\"nl_NL\" \/>\n<meta property=\"og:type\" content=\"article\" \/>\n<meta property=\"og:title\" content=\"Cloche Clear Small - Antwerp Luxury Candle Supplies\" \/>\n<meta property=\"og:description\" content=\"&nbsp; SPECIFICATIONS     External Vessel &amp; Cloche Dimensions (with cloche): 78mm\u00d8 x 130mmH External Vessel Dimensions (vessel only): 64mm\u00d8 (top) x 78mm\u00d8 (base) x 78mmH Internal Vessel Dimensions: 64mm\u00d8 x 68mmH Vessel Capacity: 120ml Vessel Weight (including lid): 360g  Suitable Lid: Cloche Dome included. Suitable Packaging:\u00a0N\/A Suggested Wick Size*:\u00a0LCS60,\u00a0LCS65 *Please note, wick sizes are suggestions only. For optimum results, we recommend users conduct their own wick tests with different blends of wax and oils that they intend to use.  Available in single units. Carton size: 24 units\" \/>\n<meta property=\"og:url\" content=\"https:\/\/luxurycandlesupplies.eu\/nl\/product\/cloche-helder-klein\/\" \/>\n<meta property=\"og:site_name\" content=\"Antwerp Luxury Candle Supplies\" \/>\n<meta property=\"article:publisher\" content=\"https:\/\/www.facebook.com\/Antwerpluxurycandlesupplies\/\" \/>\n<meta property=\"article:modified_time\" content=\"2026-01-09T10:36:13+00:00\" \/>\n<meta property=\"og:image\" content=\"https:\/\/luxurycandlesupplies.eu\/app\/uploads\/2024\/06\/Photoroom_20241016_082011.png\" \/>\n\t<meta property=\"og:image:width\" content=\"1512\" \/>\n\t<meta property=\"og:image:height\" content=\"2016\" \/>\n\t<meta property=\"og:image:type\" content=\"image\/png\" \/>\n<meta name=\"twitter:card\" content=\"summary_large_image\" \/>\n<meta name=\"twitter:label1\" content=\"Geschatte leestijd\" \/>\n\t<meta name=\"twitter:data1\" content=\"1 minuut\" \/>\n<script type=\"application\/ld+json\" class=\"yoast-schema-graph\">{\"@context\":\"https:\\\/\\\/schema.org\",\"@graph\":[{\"@type\":\"WebPage\",\"@id\":\"https:\\\/\\\/luxurycandlesupplies.eu\\\/product\\\/cloche-clear-small\\\/\",\"url\":\"https:\\\/\\\/luxurycandlesupplies.eu\\\/product\\\/cloche-clear-small\\\/\",\"name\":\"Cloche Clear Small - Antwerp Luxury Candle Supplies\",\"isPartOf\":{\"@id\":\"https:\\\/\\\/luxurycandlesupplies.eu\\\/#website\"},\"primaryImageOfPage\":{\"@id\":\"https:\\\/\\\/luxurycandlesupplies.eu\\\/product\\\/cloche-clear-small\\\/#primaryimage\"},\"image\":{\"@id\":\"https:\\\/\\\/luxurycandlesupplies.eu\\\/product\\\/cloche-clear-small\\\/#primaryimage\"},\"thumbnailUrl\":\"https:\\\/\\\/luxurycandlesupplies.eu\\\/app\\\/uploads\\\/2024\\\/06\\\/Photoroom_20241016_082011.png\",\"datePublished\":\"2024-06-27T13:21:14+00:00\",\"dateModified\":\"2026-01-09T10:36:13+00:00\",\"breadcrumb\":{\"@id\":\"https:\\\/\\\/luxurycandlesupplies.eu\\\/product\\\/cloche-clear-small\\\/#breadcrumb\"},\"inLanguage\":\"nl-NL\",\"potentialAction\":[{\"@type\":\"ReadAction\",\"target\":[\"https:\\\/\\\/luxurycandlesupplies.eu\\\/product\\\/cloche-clear-small\\\/\"]}]},{\"@type\":\"ImageObject\",\"inLanguage\":\"nl-NL\",\"@id\":\"https:\\\/\\\/luxurycandlesupplies.eu\\\/product\\\/cloche-clear-small\\\/#primaryimage\",\"url\":\"https:\\\/\\\/luxurycandlesupplies.eu\\\/app\\\/uploads\\\/2024\\\/06\\\/Photoroom_20241016_082011.png\",\"contentUrl\":\"https:\\\/\\\/luxurycandlesupplies.eu\\\/app\\\/uploads\\\/2024\\\/06\\\/Photoroom_20241016_082011.png\",\"width\":1512,\"height\":2016},{\"@type\":\"BreadcrumbList\",\"@id\":\"https:\\\/\\\/luxurycandlesupplies.eu\\\/product\\\/cloche-clear-small\\\/#breadcrumb\",\"itemListElement\":[{\"@type\":\"ListItem\",\"position\":1,\"name\":\"Home\",\"item\":\"https:\\\/\\\/luxurycandlesupplies.eu\\\/\"},{\"@type\":\"ListItem\",\"position\":2,\"name\":\"Shop\",\"item\":\"https:\\\/\\\/luxurycandlesupplies.eu\\\/shop\\\/\"},{\"@type\":\"ListItem\",\"position\":3,\"name\":\"Cloche Clear Small\"}]},{\"@type\":\"WebSite\",\"@id\":\"https:\\\/\\\/luxurycandlesupplies.eu\\\/#website\",\"url\":\"https:\\\/\\\/luxurycandlesupplies.eu\\\/\",\"name\":\"Antwerp Luxury Candle Supplies\",\"description\":\"Distributor of all seasons soy wax\",\"publisher\":{\"@id\":\"https:\\\/\\\/luxurycandlesupplies.eu\\\/#organization\"},\"potentialAction\":[{\"@type\":\"SearchAction\",\"target\":{\"@type\":\"EntryPoint\",\"urlTemplate\":\"https:\\\/\\\/luxurycandlesupplies.eu\\\/?s={search_term_string}\"},\"query-input\":{\"@type\":\"PropertyValueSpecification\",\"valueRequired\":true,\"valueName\":\"search_term_string\"}}],\"inLanguage\":\"nl-NL\"},{\"@type\":\"Organization\",\"@id\":\"https:\\\/\\\/luxurycandlesupplies.eu\\\/#organization\",\"name\":\"Antwerp Luxury Candle Supplies\",\"url\":\"https:\\\/\\\/luxurycandlesupplies.eu\\\/\",\"logo\":{\"@type\":\"ImageObject\",\"inLanguage\":\"nl-NL\",\"@id\":\"https:\\\/\\\/luxurycandlesupplies.eu\\\/#\\\/schema\\\/logo\\\/image\\\/\",\"url\":\"https:\\\/\\\/luxurycandlesupplies.eu\\\/app\\\/uploads\\\/2022\\\/03\\\/antwerp-luxury-candle-supplies-1x.png\",\"contentUrl\":\"https:\\\/\\\/luxurycandlesupplies.eu\\\/app\\\/uploads\\\/2022\\\/03\\\/antwerp-luxury-candle-supplies-1x.png\",\"width\":330,\"height\":60,\"caption\":\"Antwerp Luxury Candle Supplies\"},\"image\":{\"@id\":\"https:\\\/\\\/luxurycandlesupplies.eu\\\/#\\\/schema\\\/logo\\\/image\\\/\"},\"sameAs\":[\"https:\\\/\\\/www.facebook.com\\\/Antwerpluxurycandlesupplies\\\/\",\"https:\\\/\\\/www.instagram.com\\\/antwerp_luxury_candle_supplies\\\/\",\"https:\\\/\\\/pin.it\\\/7joOXRW\"]}]}<\/script>","yoast_head_json":{"title":"Cloche Helder Klein - Antwerpen Luxe Kaarsbenodigdheden","robots":{"index":"index","follow":"follow","max-snippet":"max-snippet:-1","max-image-preview":"max-image-preview:large","max-video-preview":"max-video-preview:-1"},"canonical":"https:\/\/luxurycandlesupplies.eu\/nl\/product\/cloche-helder-klein\/","og_locale":"nl_NL","og_type":"article","og_title":"Cloche Clear Small - Antwerp Luxury Candle Supplies","og_description":"&nbsp; SPECIFICATIONS     External Vessel &amp; Cloche Dimensions (with cloche): 78mm\u00d8 x 130mmH External Vessel Dimensions (vessel only): 64mm\u00d8 (top) x 78mm\u00d8 (base) x 78mmH Internal Vessel Dimensions: 64mm\u00d8 x 68mmH Vessel Capacity: 120ml Vessel Weight (including lid): 360g  Suitable Lid: Cloche Dome included. Suitable Packaging:\u00a0N\/A Suggested Wick Size*:\u00a0LCS60,\u00a0LCS65 *Please note, wick sizes are suggestions only. For optimum results, we recommend users conduct their own wick tests with different blends of wax and oils that they intend to use.  Available in single units. Carton size: 24 units","og_url":"https:\/\/luxurycandlesupplies.eu\/nl\/product\/cloche-helder-klein\/","og_site_name":"Antwerp Luxury Candle Supplies","article_publisher":"https:\/\/www.facebook.com\/Antwerpluxurycandlesupplies\/","article_modified_time":"2026-01-09T10:36:13+00:00","og_image":[{"width":1512,"height":2016,"url":"https:\/\/luxurycandlesupplies.eu\/app\/uploads\/2024\/06\/Photoroom_20241016_082011.png","type":"image\/png"}],"twitter_card":"summary_large_image","twitter_misc":{"Geschatte leestijd":"1 minuut"},"schema":{"@context":"https:\/\/schema.org","@graph":[{"@type":"WebPage","@id":"https:\/\/luxurycandlesupplies.eu\/product\/cloche-clear-small\/","url":"https:\/\/luxurycandlesupplies.eu\/product\/cloche-clear-small\/","name":"Cloche Helder Klein - Antwerpen Luxe Kaarsbenodigdheden","isPartOf":{"@id":"https:\/\/luxurycandlesupplies.eu\/#website"},"primaryImageOfPage":{"@id":"https:\/\/luxurycandlesupplies.eu\/product\/cloche-clear-small\/#primaryimage"},"image":{"@id":"https:\/\/luxurycandlesupplies.eu\/product\/cloche-clear-small\/#primaryimage"},"thumbnailUrl":"https:\/\/luxurycandlesupplies.eu\/app\/uploads\/2024\/06\/Photoroom_20241016_082011.png","datePublished":"2024-06-27T13:21:14+00:00","dateModified":"2026-01-09T10:36:13+00:00","breadcrumb":{"@id":"https:\/\/luxurycandlesupplies.eu\/product\/cloche-clear-small\/#breadcrumb"},"inLanguage":"nl-NL","potentialAction":[{"@type":"ReadAction","target":["https:\/\/luxurycandlesupplies.eu\/product\/cloche-clear-small\/"]}]},{"@type":"ImageObject","inLanguage":"nl-NL","@id":"https:\/\/luxurycandlesupplies.eu\/product\/cloche-clear-small\/#primaryimage","url":"https:\/\/luxurycandlesupplies.eu\/app\/uploads\/2024\/06\/Photoroom_20241016_082011.png","contentUrl":"https:\/\/luxurycandlesupplies.eu\/app\/uploads\/2024\/06\/Photoroom_20241016_082011.png","width":1512,"height":2016},{"@type":"BreadcrumbList","@id":"https:\/\/luxurycandlesupplies.eu\/product\/cloche-clear-small\/#breadcrumb","itemListElement":[{"@type":"ListItem","position":1,"name":"Home","item":"https:\/\/luxurycandlesupplies.eu\/"},{"@type":"ListItem","position":2,"name":"Shop","item":"https:\/\/luxurycandlesupplies.eu\/shop\/"},{"@type":"ListItem","position":3,"name":"Cloche Clear Small"}]},{"@type":"WebSite","@id":"https:\/\/luxurycandlesupplies.eu\/#website","url":"https:\/\/luxurycandlesupplies.eu\/","name":"Antwerpen Luxe Kaars Benodigdheden","description":"Verdeler van sojawas voor alle seizoenen","publisher":{"@id":"https:\/\/luxurycandlesupplies.eu\/#organization"},"potentialAction":[{"@type":"SearchAction","target":{"@type":"EntryPoint","urlTemplate":"https:\/\/luxurycandlesupplies.eu\/?s={search_term_string}"},"query-input":{"@type":"PropertyValueSpecification","valueRequired":true,"valueName":"search_term_string"}}],"inLanguage":"nl-NL"},{"@type":"Organization","@id":"https:\/\/luxurycandlesupplies.eu\/#organization","name":"Antwerpen Luxe Kaars Benodigdheden","url":"https:\/\/luxurycandlesupplies.eu\/","logo":{"@type":"ImageObject","inLanguage":"nl-NL","@id":"https:\/\/luxurycandlesupplies.eu\/#\/schema\/logo\/image\/","url":"https:\/\/luxurycandlesupplies.eu\/app\/uploads\/2022\/03\/antwerp-luxury-candle-supplies-1x.png","contentUrl":"https:\/\/luxurycandlesupplies.eu\/app\/uploads\/2022\/03\/antwerp-luxury-candle-supplies-1x.png","width":330,"height":60,"caption":"Antwerp Luxury Candle Supplies"},"image":{"@id":"https:\/\/luxurycandlesupplies.eu\/#\/schema\/logo\/image\/"},"sameAs":["https:\/\/www.facebook.com\/Antwerpluxurycandlesupplies\/","https:\/\/www.instagram.com\/antwerp_luxury_candle_supplies\/","https:\/\/pin.it\/7joOXRW"]}]}},"_links":{"self":[{"href":"https:\/\/luxurycandlesupplies.eu\/nl\/wp-json\/wp\/v2\/product\/16519","targetHints":{"allow":["GET"]}}],"collection":[{"href":"https:\/\/luxurycandlesupplies.eu\/nl\/wp-json\/wp\/v2\/product"}],"about":[{"href":"https:\/\/luxurycandlesupplies.eu\/nl\/wp-json\/wp\/v2\/types\/product"}],"wp:featuredmedia":[{"embeddable":true,"href":"https:\/\/luxurycandlesupplies.eu\/nl\/wp-json\/wp\/v2\/media\/18276"}],"wp:attachment":[{"href":"https:\/\/luxurycandlesupplies.eu\/nl\/wp-json\/wp\/v2\/media?parent=16519"}],"wp:term":[{"taxonomy":"product_brand","embeddable":true,"href":"https:\/\/luxurycandlesupplies.eu\/nl\/wp-json\/wp\/v2\/product_brand?post=16519"},{"taxonomy":"product_cat","embeddable":true,"href":"https:\/\/luxurycandlesupplies.eu\/nl\/wp-json\/wp\/v2\/product_cat?post=16519"},{"taxonomy":"product_tag","embeddable":true,"href":"https:\/\/luxurycandlesupplies.eu\/nl\/wp-json\/wp\/v2\/product_tag?post=16519"}],"curies":[{"name":"wp","href":"https:\/\/api.w.org\/{rel}","templated":true}]}}